{"id":35073,"date":"2023-12-07T16:03:42","date_gmt":"2023-12-07T14:03:42","guid":{"rendered":"https:\/\/kaizendren.com\/?page_id=35073"},"modified":"2026-02-11T19:29:02","modified_gmt":"2026-02-11T17:29:02","slug":"informacie-o-doruceni","status":"publish","type":"page","link":"https:\/\/kaizendren.com\/sk\/information\/delivery-information\/","title":{"rendered":"Inform\u00e1cie o doru\u010den\u00ed"},"content":{"rendered":"<h4 class=\"wp-block-heading\">Inform\u00e1cie:<\/h4>\n\n\n\n<p>V spolo\u010dnosti Kaizendren pon\u00fakame na\u0161im z\u00e1kazn\u00edkom mo\u017enos\u0165 doru\u010denia domov kuri\u00e9rskou slu\u017ebou DPD\/DHL pri pokladni. Dodacie lehoty pre jednotliv\u00e9 krajiny\/regi\u00f3ny n\u00e1jdete ni\u017e\u0161ie.<\/p>\n\n\n\n<p>Dodanie z\u00e1sielky m\u00f4\u017ee trva\u0165 2 a\u017e 5 pracovn\u00fdch dn\u00ed od d\u0148a odoslania alebo dlh\u0161ie v pr\u00edpade medzin\u00e1rodnej expresnej prepravy v z\u00e1vislosti od ak\u00fdchko\u013evek probl\u00e9mov alebo oneskoren\u00ed vo va\u0161ej krajine. Niekedy m\u00f4\u017eu ma\u0165 vplyv na trvanie prepravy aj probl\u00e9my s glob\u00e1lnym dod\u00e1vate\u013esk\u00fdm re\u0165azcom.<\/p>\n\n\n\n<h4 class=\"wp-block-heading\">Dodacia lehota:<\/h4>\n\n\n\n<p>Upozor\u0148ujeme, \u017ee dodacie lehoty sa m\u00f4\u017eu l\u00ed\u0161i\u0165. Aktu\u00e1lne mo\u017enosti dopravy a odhadovan\u00e9 dodacie lehoty s\u00fa nasledovn\u00e9:<\/p>\n\n\n\n<p>Krajiny Eur\u00f3pskej \u00fanie: <strong>2 \u2013 5 pracovn\u00fdch dn\u00ed<\/strong>.<br>Spojen\u00e9 kr\u00e1\u013eovstvo: <strong>2-3 pracovn\u00e9 dni<\/strong>.<br>Mimo Eur\u00f3pskej \u00fanie: <strong>5 \u2013 14 pracovn\u00fdch dn\u00ed<\/strong>.<br>Litva: <strong>1-2 pracovn\u00e9 dni<\/strong>.<br>Loty\u0161sko: <strong>2-3 pracovn\u00e9 dni<\/strong>.<br>Est\u00f3nsko: <strong>2-3 pracovn\u00e9 dni<\/strong>.<br>Po\u013esko: <strong>2-3 pracovn\u00e9 dni<\/strong>.<br>F\u00ednsko: <strong>2 \u2013 5 pracovn\u00fdch dn\u00ed<\/strong>.<br>Rak\u00fasko: <strong>2 \u2013 4 pracovn\u00e9 dni<\/strong>.<br>Belgicko: <strong>2 \u2013 4 pracovn\u00e9 dni<\/strong>.<br>\u010cesk\u00e1 republika: <strong>2 \u2013 4 pracovn\u00e9 dni<\/strong>.<br>D\u00e1nsko: <strong>2 \u2013 4 pracovn\u00e9 dni<\/strong>.<br>Luxembursko: <strong>2 \u2013 4 pracovn\u00e9 dni<\/strong>.<br>Holandsko: <strong>2 \u2013 4 pracovn\u00e9 dni<\/strong>.<br>Franc\u00fazsko: <strong>2 \u2013 4 pracovn\u00e9 dni<\/strong>.<br>Slovensko: <strong>2 \u2013 5 pracovn\u00fdch dn\u00ed<\/strong>.<br>Nemecko: <strong>2 \u2013 4 pracovn\u00e9 dni<\/strong>.<br>Taliansko: <strong>3 \u2013 6 pracovn\u00fdch dn\u00ed<\/strong>.<br>Chorv\u00e1tsko: <strong>2 \u2013 6 pracovn\u00fdch dn\u00ed<\/strong>.<br>Slovinsko: <strong>2 \u2013 5 pracovn\u00fdch dn\u00ed<\/strong>.<br>\u0160v\u00e9dsko: <strong>2 \u2013 5 pracovn\u00fdch dn\u00ed<\/strong>.<br>Ma\u010farsko: <strong>2 \u2013 4 pracovn\u00e9 dni<\/strong>.<br>\u00cdrsko: <strong>3 \u2013 6 pracovn\u00fdch dn\u00ed<\/strong>.<br>Bulharsko: <strong>3 \u2013 6 pracovn\u00fdch dn\u00ed<\/strong>.<br>Gr\u00e9cko: <strong>3 \u2013 6 pracovn\u00fdch dn\u00ed<\/strong>.<br>\u0160panielsko: <strong>3-5 pracovn\u00fdch dn\u00ed<\/strong>.<br>Portugalsko: <strong>3 \u2013 6 pracovn\u00fdch dn\u00ed<\/strong>.<br>Rumunsko: <strong>2 \u2013 5 pracovn\u00fdch dn\u00ed<\/strong>.<br>\u0160vaj\u010diarsko: <strong>5 \u2013 12 pracovn\u00fdch dn\u00ed<\/strong>.<br>N\u00f3rsko: <strong>5 \u2013 12 pracovn\u00fdch dn\u00ed<\/strong>.<br>Srbsko: <strong>5 \u2013 12 pracovn\u00fdch dn\u00ed<\/strong>.<br>Bosna a Hercegovina: <strong>5 \u2013 12 pracovn\u00fdch dn\u00ed<\/strong>.<br>\u010cierna Hora: <strong>5 \u2013 12 pracovn\u00fdch dn\u00ed<\/strong>.<br>Alb\u00e1nsko: <strong>5 \u2013 12 pracovn\u00fdch dn\u00ed<\/strong>.<br><br><\/p>\n\n\n\n<h4 class=\"wp-block-heading\">Destin\u00e1cie doru\u010denia:<\/h4>\n\n\n\n<p>Pon\u00fakame don\u00e1\u0161kov\u00fa slu\u017ebu do t\u00fdchto kraj\u00edn: Ve\u013ek\u00e1 Brit\u00e1nia (Spojen\u00e9 kr\u00e1\u013eovstvo), Litva, Loty\u0161sko, Est\u00f3nsko, Po\u013esko, F\u00ednsko, Rak\u00fasko, Belgicko, \u010cesk\u00e1 republika, D\u00e1nsko, Luxembursko, Holandsko, Franc\u00fazsko, Slovensko, Nemecko, Taliansko, Chorv\u00e1tsko, Slovinsko, \u0160v\u00e9dsko, Ma\u010farsko, \u00cdrsko, Bulharsko, Gr\u00e9cko, \u0160panielsko, Portugalsko, Rumunsko, \u0160vaj\u010diarsko, N\u00f3rsko, Srbsko, Bosna a Hercegovina, \u010cierna Hora, Alb\u00e1nsko.<\/p>\n\n\n\n<h4 class=\"wp-block-heading\">Ne\u00faspe\u0161n\u00e9 alebo ch\u00fdbaj\u00face doru\u010denie:<\/h4>\n\n\n\n<p>Bal\u00edk bude vr\u00e1ten\u00fd odosielate\u013eovi (Kaizendren) na n\u00e1klady z\u00e1kazn\u00edka, ak doru\u010denie bal\u00edka na uveden\u00fa dodaciu adresu zabr\u00e1ni nespolupr\u00e1ca z\u00e1kazn\u00edka (nespr\u00e1vna alebo chybn\u00e1 dodacia adresa, nepr\u00edtomnos\u0165 pr\u00edjemcu at\u010f.).<\/p>\n\n\n\n<h4 class=\"wp-block-heading\">Polo\u017eky neboli prijat\u00e9, ale sledovanie ukazuje doru\u010denie:<\/h4>\n\n\n\n<p>Nevymie\u0148ame ani nevraciame peniaze za polo\u017eky, ktor\u00e9 doru\u010dovacia slu\u017eba ozna\u010dila ako doru\u010den\u00e9. Z tohto d\u00f4vodu v\u017edy odpor\u00fa\u010dame, aby ste si pre doru\u010denie svojich bal\u00edkov vybrali bezpe\u010dn\u00e9 miesto. Ke\u010f z\u00e1sielka doraz\u00ed na adresu, ktor\u00fa ste uviedli, doru\u010dovacia slu\u017eba ju ozna\u010d\u00ed ako doru\u010den\u00fa. Ak ste svoju objedn\u00e1vku nedostali, ale bola ozna\u010den\u00e1 ako doru\u010den\u00e1, odpor\u00fa\u010dame v\u00e1m skontrolova\u0165 si po\u0161tov\u00fa schr\u00e1nku, zavola\u0165 doru\u010dovacej slu\u017ebe alebo kontaktova\u0165 miestnu po\u0161tu.<\/p>\n\n\n\n<h4 class=\"wp-block-heading\">Zamietnut\u00e9 bal\u00edky colnicou:<\/h4>\n\n\n\n<p>Nevraciame cl\u00e1 ani dovozn\u00e9 poplatky. Ka\u017ed\u00fd z\u00e1kazn\u00edk mus\u00ed zaplati\u0165 dovozn\u00e9 poplatky a dane svojej krajiny. Ak clo nezaplat\u00edte a va\u0161a objedn\u00e1vka n\u00e1m bude odoslan\u00e1 sp\u00e4\u0165, vr\u00e1time v\u00e1m k\u00fapnu cenu zn\u00ed\u017een\u00fa o v\u0161etky po\u0161tovn\u00e9\/coln\u00e9 poplatky. Polo\u017eka mus\u00ed by\u0165 nepo\u0161koden\u00e1 a predajn\u00e1, aby sa vr\u00e1tenie pe\u0148az\u00ed uplatnilo. Presn\u00e1 suma v\u00e1m bude zaslan\u00e1 e-mailom po prijat\u00ed vr\u00e1tenej sumy.<\/p>\n\n\n\n<p>Upozornenie: Pri vr\u00e1ten\u00ed bal\u00edka hrad\u00edme po\u0161tovn\u00e9 dvakr\u00e1t. Raz pri prvom odoslan\u00ed a raz pri vr\u00e1ten\u00ed. Obe tieto n\u00e1klady na po\u0161tovn\u00e9 bud\u00fa odpo\u010d\u00edtan\u00e9 z vr\u00e1tenej sumy.<\/p>","protected":false},"excerpt":{"rendered":"<p>Inform\u00e1cie: V Kaizendren pon\u00fakame na\u0161im z\u00e1kazn\u00edkom mo\u017enos\u0165 doru\u010denia domov kuri\u00e9rskou slu\u017ebou DPD\/DHL pri pokladni. Doru\u010denie si m\u00f4\u017eete pozrie\u0165 pri platbe.<\/p>","protected":false},"author":1,"featured_media":0,"parent":291031,"menu_order":0,"comment_status":"closed","ping_status":"closed","template":"","meta":{"footnotes":""},"class_list":["post-35073","page","type-page","status-publish","hentry"],"yoast_head":"<!-- This site is optimized with the Yoast SEO plugin v27.4 - https:\/\/yoast.com\/product\/yoast-seo-wordpress\/ -->\n<title>Delivery information - Kaizendren<\/title>\n<meta name=\"robots\" content=\"index, follow, max-snippet:-1, max-image-preview:large, max-video-preview:-1\" \/>\n<link rel=\"canonical\" href=\"https:\/\/kaizendren.com\/sk\/informacie\/informacie-o-doruceni\/\" \/>\n<meta property=\"og:locale\" content=\"sk_SK\" \/>\n<meta property=\"og:type\" content=\"article\" \/>\n<meta property=\"og:title\" content=\"Delivery information - Kaizendren\" \/>\n<meta property=\"og:description\" content=\"Information: At Kaizendren, we offer our customers home delivery options with DPD\/DHL courrier at checkout. You can see the delivery\" \/>\n<meta property=\"og:url\" content=\"https:\/\/kaizendren.com\/sk\/informacie\/informacie-o-doruceni\/\" \/>\n<meta property=\"og:site_name\" content=\"Kaizendren\" \/>\n<meta property=\"article:publisher\" content=\"https:\/\/www.facebook.com\/kaizendren\" \/>\n<meta property=\"article:modified_time\" content=\"2026-02-11T17:29:02+00:00\" \/>\n<meta property=\"og:image\" content=\"https:\/\/kaizendren.com\/wp-content\/uploads\/2023\/11\/insta-1.jpg\" \/>\n\t<meta property=\"og:image:width\" content=\"700\" \/>\n\t<meta property=\"og:image:height\" content=\"700\" \/>\n\t<meta property=\"og:image:type\" content=\"image\/jpeg\" \/>\n<meta name=\"twitter:card\" content=\"summary_large_image\" \/>\n<meta name=\"twitter:label1\" content=\"Predpokladan\u00fd \u010das \u010d\u00edtania\" \/>\n\t<meta name=\"twitter:data1\" content=\"3 min\u00faty\" \/>\n<script type=\"application\/ld+json\" class=\"yoast-schema-graph\">{\"@context\":\"https:\\\/\\\/schema.org\",\"@graph\":[{\"@type\":\"WebPage\",\"@id\":\"https:\\\/\\\/kaizendren.com\\\/information\\\/delivery-information\\\/\",\"url\":\"https:\\\/\\\/kaizendren.com\\\/information\\\/delivery-information\\\/\",\"name\":\"Delivery information - Kaizendren\",\"isPartOf\":{\"@id\":\"https:\\\/\\\/kaizendren.com\\\/#website\"},\"datePublished\":\"2023-12-07T14:03:42+00:00\",\"dateModified\":\"2026-02-11T17:29:02+00:00\",\"breadcrumb\":{\"@id\":\"https:\\\/\\\/kaizendren.com\\\/information\\\/delivery-information\\\/#breadcrumb\"},\"inLanguage\":\"sk-SK\",\"potentialAction\":[{\"@type\":\"ReadAction\",\"target\":[\"https:\\\/\\\/kaizendren.com\\\/information\\\/delivery-information\\\/\"]}]},{\"@type\":\"BreadcrumbList\",\"@id\":\"https:\\\/\\\/kaizendren.com\\\/information\\\/delivery-information\\\/#breadcrumb\",\"itemListElement\":[{\"@type\":\"ListItem\",\"position\":1,\"name\":\"Home\",\"item\":\"https:\\\/\\\/kaizendren.com\\\/\"},{\"@type\":\"ListItem\",\"position\":2,\"name\":\"Information\",\"item\":\"https:\\\/\\\/kaizendren.com\\\/information\\\/\"},{\"@type\":\"ListItem\",\"position\":3,\"name\":\"Delivery information\"}]},{\"@type\":\"WebSite\",\"@id\":\"https:\\\/\\\/kaizendren.com\\\/#website\",\"url\":\"https:\\\/\\\/kaizendren.com\\\/\",\"name\":\"Kaizendren\",\"description\":\"Our Focus Is Your Health, Relaxation And Recovery\",\"publisher\":{\"@id\":\"https:\\\/\\\/kaizendren.com\\\/#organization\"},\"potentialAction\":[{\"@type\":\"SearchAction\",\"target\":{\"@type\":\"EntryPoint\",\"urlTemplate\":\"https:\\\/\\\/kaizendren.com\\\/?s={search_term_string}\"},\"query-input\":{\"@type\":\"PropertyValueSpecification\",\"valueRequired\":true,\"valueName\":\"search_term_string\"}}],\"inLanguage\":\"sk-SK\"},{\"@type\":\"Organization\",\"@id\":\"https:\\\/\\\/kaizendren.com\\\/#organization\",\"name\":\"Kaizendren\",\"url\":\"https:\\\/\\\/kaizendren.com\\\/\",\"logo\":{\"@type\":\"ImageObject\",\"inLanguage\":\"sk-SK\",\"@id\":\"https:\\\/\\\/kaizendren.com\\\/#\\\/schema\\\/logo\\\/image\\\/\",\"url\":\"https:\\\/\\\/kaizendren.com\\\/wp-content\\\/uploads\\\/2023\\\/11\\\/kaizendren-logo-head.png\",\"contentUrl\":\"https:\\\/\\\/kaizendren.com\\\/wp-content\\\/uploads\\\/2023\\\/11\\\/kaizendren-logo-head.png\",\"width\":336,\"height\":70,\"caption\":\"Kaizendren\"},\"image\":{\"@id\":\"https:\\\/\\\/kaizendren.com\\\/#\\\/schema\\\/logo\\\/image\\\/\"},\"sameAs\":[\"https:\\\/\\\/www.facebook.com\\\/kaizendren\",\"https:\\\/\\\/www.instagram.com\\\/kaizendren\",\"https:\\\/\\\/www.tiktok.com\\\/@kaizendren\"]}]}<\/script>\n<!-- \/ Yoast SEO plugin. -->","yoast_head_json":{"title":"Inform\u00e1cie o doru\u010den\u00ed - Kaizendren","robots":{"index":"index","follow":"follow","max-snippet":"max-snippet:-1","max-image-preview":"max-image-preview:large","max-video-preview":"max-video-preview:-1"},"canonical":"https:\/\/kaizendren.com\/sk\/informacie\/informacie-o-doruceni\/","og_locale":"sk_SK","og_type":"article","og_title":"Delivery information - Kaizendren","og_description":"Information: At Kaizendren, we offer our customers home delivery options with DPD\/DHL courrier at checkout. You can see the delivery","og_url":"https:\/\/kaizendren.com\/sk\/informacie\/informacie-o-doruceni\/","og_site_name":"Kaizendren","article_publisher":"https:\/\/www.facebook.com\/kaizendren","article_modified_time":"2026-02-11T17:29:02+00:00","og_image":[{"width":700,"height":700,"url":"https:\/\/kaizendren.com\/wp-content\/uploads\/2023\/11\/insta-1.jpg","type":"image\/jpeg"}],"twitter_card":"summary_large_image","twitter_misc":{"Predpokladan\u00fd \u010das \u010d\u00edtania":"3 min\u00faty"},"schema":{"@context":"https:\/\/schema.org","@graph":[{"@type":"WebPage","@id":"https:\/\/kaizendren.com\/information\/delivery-information\/","url":"https:\/\/kaizendren.com\/information\/delivery-information\/","name":"Inform\u00e1cie o doru\u010den\u00ed - Kaizendren","isPartOf":{"@id":"https:\/\/kaizendren.com\/#website"},"datePublished":"2023-12-07T14:03:42+00:00","dateModified":"2026-02-11T17:29:02+00:00","breadcrumb":{"@id":"https:\/\/kaizendren.com\/information\/delivery-information\/#breadcrumb"},"inLanguage":"sk-SK","potentialAction":[{"@type":"ReadAction","target":["https:\/\/kaizendren.com\/information\/delivery-information\/"]}]},{"@type":"BreadcrumbList","@id":"https:\/\/kaizendren.com\/information\/delivery-information\/#breadcrumb","itemListElement":[{"@type":"ListItem","position":1,"name":"Home","item":"https:\/\/kaizendren.com\/"},{"@type":"ListItem","position":2,"name":"Information","item":"https:\/\/kaizendren.com\/information\/"},{"@type":"ListItem","position":3,"name":"Delivery information"}]},{"@type":"WebSite","@id":"https:\/\/kaizendren.com\/#website","url":"https:\/\/kaizendren.com\/","name":"Kaizendren","description":"Zameriavame sa na va\u0161e zdravie, relax\u00e1ciu a zotavenie","publisher":{"@id":"https:\/\/kaizendren.com\/#organization"},"potentialAction":[{"@type":"SearchAction","target":{"@type":"EntryPoint","urlTemplate":"https:\/\/kaizendren.com\/?s={search_term_string}"},"query-input":{"@type":"PropertyValueSpecification","valueRequired":true,"valueName":"search_term_string"}}],"inLanguage":"sk-SK"},{"@type":"Organization","@id":"https:\/\/kaizendren.com\/#organization","name":"Kaizendren","url":"https:\/\/kaizendren.com\/","logo":{"@type":"ImageObject","inLanguage":"sk-SK","@id":"https:\/\/kaizendren.com\/#\/schema\/logo\/image\/","url":"https:\/\/kaizendren.com\/wp-content\/uploads\/2023\/11\/kaizendren-logo-head.png","contentUrl":"https:\/\/kaizendren.com\/wp-content\/uploads\/2023\/11\/kaizendren-logo-head.png","width":336,"height":70,"caption":"Kaizendren"},"image":{"@id":"https:\/\/kaizendren.com\/#\/schema\/logo\/image\/"},"sameAs":["https:\/\/www.facebook.com\/kaizendren","https:\/\/www.instagram.com\/kaizendren","https:\/\/www.tiktok.com\/@kaizendren"]}]}},"_links":{"self":[{"href":"https:\/\/kaizendren.com\/sk\/wp-json\/wp\/v2\/pages\/35073","targetHints":{"allow":["GET"]}}],"collection":[{"href":"https:\/\/kaizendren.com\/sk\/wp-json\/wp\/v2\/pages"}],"about":[{"href":"https:\/\/kaizendren.com\/sk\/wp-json\/wp\/v2\/types\/page"}],"author":[{"embeddable":true,"href":"https:\/\/kaizendren.com\/sk\/wp-json\/wp\/v2\/users\/1"}],"replies":[{"embeddable":true,"href":"https:\/\/kaizendren.com\/sk\/wp-json\/wp\/v2\/comments?post=35073"}],"version-history":[{"count":2,"href":"https:\/\/kaizendren.com\/sk\/wp-json\/wp\/v2\/pages\/35073\/revisions"}],"predecessor-version":[{"id":334564,"href":"https:\/\/kaizendren.com\/sk\/wp-json\/wp\/v2\/pages\/35073\/revisions\/334564"}],"up":[{"embeddable":true,"href":"https:\/\/kaizendren.com\/sk\/wp-json\/wp\/v2\/pages\/291031"}],"wp:attachment":[{"href":"https:\/\/kaizendren.com\/sk\/wp-json\/wp\/v2\/media?parent=35073"}],"curies":[{"name":"wp","href":"https:\/\/api.w.org\/{rel}","templated":true}]}}