{"id":3,"date":"2023-10-25T11:27:08","date_gmt":"2023-10-25T11:27:08","guid":{"rendered":"https:\/\/kaizendren.com\/?page_id=3"},"modified":"2026-02-11T19:52:32","modified_gmt":"2026-02-11T17:52:32","slug":"zasady-ochrany-osobnych-udajov","status":"publish","type":"page","link":"https:\/\/kaizendren.com\/sk\/information\/privacy-policy\/","title":{"rendered":"Z\u00e1sady ochrany osobn\u00fdch \u00fadajov"},"content":{"rendered":"<h4 class=\"wp-block-heading\">Pr\u00edstupnos\u0165 inform\u00e1ci\u00ed (zhrnutie pr\u00e1vnych predpisov)<\/h4>\n\n\n\n<p>Poskytovate\u013e sa zav\u00e4zuje, \u017ee z\u00e1kazn\u00edkovi v\u017edy poskytne nasleduj\u00face inform\u00e1cie:<br>a) identifik\u00e1cia spolo\u010dnosti (n\u00e1zov a s\u00eddlo spolo\u010dnosti, I\u010cO),<br>b) kontaktn\u00e9 inform\u00e1cie, ktor\u00e9 umo\u017e\u0148uj\u00fa pou\u017e\u00edvate\u013eovi r\u00fdchlu a efekt\u00edvnu komunik\u00e1ciu (e-mail, telef\u00f3n),<br>c) z\u00e1kladn\u00e9 vlastnosti tovarov alebo slu\u017eieb (vr\u00e1tane popredajn\u00fdch slu\u017eieb a z\u00e1ruk),<br>d) dostupnos\u0165 produktu (ka\u017ed\u00fd produkt alebo slu\u017eba pon\u00fakan\u00e1 na webovej str\u00e1nke by mala by\u0165 dostupn\u00e1 v primeranom \u010dase),<br>e) podmienky dodania produktu alebo poskytnutia slu\u017eby (sp\u00f4sob, miesto a lehota dodania),<br>f) v\u0161etky ceny musia by\u0165 jasne a jednozna\u010dne uveden\u00e9 a mus\u00ed by\u0165 jasne uveden\u00e9, \u010di u\u017e zah\u0155\u0148aj\u00fa dane a n\u00e1klady na dopravu,<br>g) sp\u00f4sob platby a doru\u010denia,<br>h) \u010dasov\u00e1 platnos\u0165 ponuky,<br>i) lehota, v ktorej je e\u0161te mo\u017en\u00e9 odst\u00fapi\u0165 od zmluvy, a podmienky odst\u00fapenia; okrem toho aj inform\u00e1cie o tom, \u010di a ko\u013eko z\u00e1kazn\u00edka stoj\u00ed vr\u00e1tenie tovaru,<br>j) vysvetlenie reklama\u010dn\u00e9ho postupu vr\u00e1tane v\u0161etk\u00fdch inform\u00e1ci\u00ed o kontaktnej osobe alebo oddelen\u00ed slu\u017eieb z\u00e1kazn\u00edkom.<br>Potvrden\u00edm objedn\u00e1vky ka\u017ed\u00fd kupuj\u00faci s\u00fahlas\u00ed s obchodn\u00fdmi a pou\u017e\u00edvate\u013esk\u00fdmi podmienkami.<\/p>\n\n\n\n<h4 class=\"wp-block-heading\">Kontakt<\/h4>\n\n\n\n<p>Ak potrebujete ak\u00e9ko\u013evek inform\u00e1cie alebo pomoc s online ponukami, objedn\u00e1vkami, online doru\u010den\u00edm, pou\u017e\u00edvan\u00edm webovej str\u00e1nky alebo vr\u00e1ten\u00edm tovaru, m\u00f4\u017eete n\u00e1s kontaktova\u0165 prostredn\u00edctvom e-mailovej adresy: info@kaizendren.com alebo na \u010d\u00edsle +370 000 0000<\/p>\n\n\n\n<h4 class=\"wp-block-heading\">Zmluva \u2013 objedn\u00e1vka<\/h4>\n\n\n\n<p>K\u00fapna zmluva medzi poskytovate\u013eom a kupuj\u00facim je uzavret\u00e1 okamihom potvrdenia objedn\u00e1vky poskytovate\u013eom a prijatia e-mailu kupuj\u00facim. Od tohto okamihu s\u00fa v\u0161etky ceny a \u010fal\u0161ie podmienky fixn\u00e9 a platia pre poskytovate\u013ea aj kupuj\u00faceho. Potvrden\u00edm n\u00e1kupu kupuj\u00faci akceptuje v\u0161eobecn\u00e9 podmienky. Zmluva uzavret\u00e1 medzi poskytovate\u013eom a pou\u017e\u00edvate\u013eom je trvalo ulo\u017een\u00e1 v s\u00eddle spolo\u010dnosti Kaizendren MB alebo na riadne zabezpe\u010denom vzdialenom serveri poskytovate\u013ea. Pou\u017e\u00edvate\u013e m\u00f4\u017ee z\u00edska\u0165 k\u00f3piu na po\u017eiadanie zaslan\u00edm e-mailu na adresu: info@kaizendren.com. Kupuj\u00faci dostane k\u00f3piu zmluvy (objedn\u00e1vky) na svoju e-mailov\u00fa adresu po odoslan\u00ed objedn\u00e1vky.<\/p>\n\n\n\n<h4 class=\"wp-block-heading\">Ceny produktov<\/h4>\n\n\n\n<p>Ceny produktov s\u00fa uveden\u00e9 v eur\u00e1ch a s\u00fa platn\u00e9 v de\u0148 objedn\u00e1vky. Ceny s\u00fa uveden\u00e9 s DPH, nako\u013eko poskytovate\u013e je zodpovedn\u00fd za DPH. Vyhradzujeme si pr\u00e1vo zmeni\u0165 ceny bez predch\u00e1dzaj\u00faceho upozornenia. Po potvrden\u00ed objedn\u00e1vky z\u00e1kazn\u00edkom v internetovom obchode platia ceny zverejnen\u00e9 v \u010dase objedn\u00e1vky. Ceny s\u00fa v internetovom obchode vhodne ozna\u010den\u00e9 a platia pre v\u0161etk\u00fdch z\u00e1kazn\u00edkov. N\u00e1klady na dopravu nie s\u00fa zahrnut\u00e9 v cene produktu.<\/p>\n\n\n\n<h4 class=\"wp-block-heading\">Promo k\u00f3dy<\/h4>\n\n\n\n<p>Podmienky spolupr\u00e1ce:<\/p>\n\n\n\n<ol class=\"wp-block-list\">\n<li>Promo k\u00f3d neplat\u00ed na produkt mesiaca.<\/li>\n\n\n\n<li>Produkt mesiaca ur\u010duje webov\u00e1 str\u00e1nka a m\u00f4\u017ee sa ka\u017ed\u00fd mesiac meni\u0165.<\/li>\n\n\n\n<li>Promo k\u00f3d je mo\u017en\u00e9 pou\u017ei\u0165 na n\u00e1kup v\u0161etk\u00fdch ostatn\u00fdch produktov na webovej str\u00e1nke.<\/li>\n\n\n\n<li>Promo k\u00f3d plat\u00ed na jedno pou\u017eitie na jeden n\u00e1kup.<\/li>\n\n\n\n<li>Promo k\u00f3d nie je mo\u017en\u00e9 kombinova\u0165 s in\u00fdmi z\u013eavami alebo akciami.<\/li>\n\n\n\n<li>Webov\u00e1 str\u00e1nka si vyhradzuje pr\u00e1vo zmeni\u0165 alebo zru\u0161i\u0165 promo k\u00f3d bez predch\u00e1dzaj\u00faceho upozornenia.<\/li>\n\n\n\n<li>Promo k\u00f3d nem\u00e1 pe\u0148a\u017en\u00fa hodnotu a nie je mo\u017en\u00e9 ho vymeni\u0165 za hotovos\u0165.<\/li>\n<\/ol>\n\n\n\n<h4 class=\"wp-block-heading\">Platba<\/h4>\n\n\n\n<p>Internetov\u00fd obchod umo\u017e\u0148uje platbu za produkty na dobierku a bankov\u00fdm prevodom na \u00fa\u010det TRR. Spolu s produktmi v z\u00e1sielke dostane kupuj\u00faci fakt\u00faru s rozp\u00edsan\u00fdmi n\u00e1kladmi. Platba je mo\u017en\u00e1 iba jednorazovou sumou.<br><br>\u2013 Pri platbe na dobierku kupuj\u00faci plat\u00ed v hotovosti pri doru\u010den\u00ed z\u00e1sielky po\u0161tou. Platba na dobierku je mo\u017en\u00e1 iba v pr\u00edpade, \u017ee faktura\u010dn\u00e1 adresa je zhodn\u00e1 s adresou doru\u010denia.<br>\u2013 V pr\u00edpade platby prostredn\u00edctvom proforma fakt\u00fary dostane kupuj\u00faci proforma fakt\u00faru na svoju e-mailov\u00fa adresu do troch dn\u00ed od uzavretia objedn\u00e1vky. Po prijat\u00ed prevodu za\u0161le poskytovate\u013e z\u00e1kazn\u00edkovi objednan\u00e9 produkty po\u0161tou.<\/p>\n\n\n\n<p>Platba za objednan\u00e9 produkty z kraj\u00edn mimo Slovinska je mo\u017en\u00e1 v\u00fdlu\u010dne na z\u00e1klade priamej bankovej transakcie (z\u00e1lohovej fakt\u00fary).<\/p>\n\n\n\n<h4 class=\"wp-block-heading\">\u00da\u010det<\/h4>\n\n\n\n<p>Fakt\u00fara bude vystaven\u00e1 pri dodan\u00ed a bude pripojen\u00e1 k produktu.<\/p>\n\n\n\n<h4 class=\"wp-block-heading\">Dod\u00e1vka<\/h4>\n\n\n\n<p>Poskytovate\u013e odo\u0161le objednan\u00fd tovar do dvoch pracovn\u00fdch dn\u00ed od prijatia objedn\u00e1vky (v pr\u00edpade platby na dobierku) alebo do dvoch pracovn\u00fdch dn\u00ed od prijatia platby (v pr\u00edpade prevodu na TRR). Dodacia lehota z\u00e1vis\u00ed od doru\u010dovacej slu\u017eby a m\u00f4\u017ee by\u0165 od jedn\u00e9ho do piatich pracovn\u00fdch dn\u00ed odo d\u0148a doru\u010denia. Zmluvn\u00fdm partnerom pre doru\u010dovanie bal\u00edkov je DPD\/DHL. Pri n\u00e1kupe tovaru n\u00e1klady na dopravu hrad\u00ed kupuj\u00faci a s\u00fa vo v\u00fd\u0161ke 9,99 \u20ac.<\/p>\n\n\n\n<h4 class=\"wp-block-heading\">Pr\u00e1vo odst\u00fapi\u0165 od k\u00fapy, vr\u00e1ti\u0165 tovar, vr\u00e1ti\u0165 platbu<\/h4>\n\n\n\n<p>Pred odoslan\u00edm objedn\u00e1vky z\u00e1kazn\u00edkom sa mu otvor\u00ed n\u00e1h\u013ead objedn\u00e1vky, na z\u00e1klade ktor\u00e9ho si m\u00f4\u017ee skontrolova\u0165 inform\u00e1cie, ktor\u00e9 vyplnil pre \u00fa\u010dely odoslania objedn\u00e1vky. V pr\u00edpade nespr\u00e1vneho zadania m\u00f4\u017ee kupuj\u00faci chyby v ko\u0161\u00edku opravi\u0165. Ak str\u00e1nka nechce objedn\u00e1vku odosla\u0165, m\u00f4\u017ee odoslanie objedn\u00e1vky ukon\u010di\u0165 alebo ponecha\u0165 a t\u00fdm preru\u0161i\u0165 odoslanie a potvrdenie objedn\u00e1vky.<\/p>\n\n\n\n<p>Pr\u00e1vo odst\u00fapi\u0165 od k\u00fapy, vr\u00e1ti\u0165 tovar, vr\u00e1ti\u0165 platbu<\/p>\n\n\n\n<p>Kupuj\u00faci m\u00e1 pr\u00e1vo odst\u00fapi\u0165 od zmluvy alebo objedn\u00e1vky do 14 dn\u00ed od prevzatia tovaru poskytovate\u013eovi na e-mailovej adrese: info@kaizendren.com, bez toho, aby musel uvies\u0165 d\u00f4vod svojho rozhodnutia.<\/p>\n\n\n\n<p>Ak kupuj\u00faci u\u017e tovar prevzal a odst\u00fapi od zmluvy, mus\u00ed tovar zasla\u0165 nepo\u0161koden\u00fd a v rovnakom mno\u017estve poskytovate\u013eovi\/spolo\u010dnosti do 14 dn\u00ed od odoslania spr\u00e1vy, \u017ee odstupuje od zmluvy. Jedin\u00fdm n\u00e1kladom \u00fa\u010dtovan\u00fdm kupuj\u00facemu v s\u00favislosti s odst\u00fapen\u00edm od zmluvy s\u00fa n\u00e1klady na vr\u00e1tenie produktov.<\/p>\n\n\n\n<p>Formul\u00e1r na odst\u00fapenie od zmluvy o k\u00fape tovaru je pou\u017e\u00edvate\u013eovi k dispoz\u00edcii tu.<\/p>\n\n\n\n<p>Kupuj\u00faci je povinn\u00fd vr\u00e1ti\u0165 prijat\u00fd tovar nepo\u0161koden\u00fd a nezmenen\u00fd, pokia\u013e tovar nie je po\u0161koden\u00fd zavinen\u00edm kupuj\u00faceho.<\/p>\n\n\n\n<p>Platby vr\u00e1time kupuj\u00facemu \u010do najsk\u00f4r, najnesk\u00f4r v\u0161ak do 14 dn\u00ed od doru\u010denia ozn\u00e1menia o odst\u00fapen\u00ed od zmluvy. Spolo\u010dnos\u0165 vr\u00e1ti prijat\u00e9 platby kupuj\u00facemu rovnak\u00fdm sp\u00f4sobom platby, ak\u00fd kupuj\u00faci pou\u017eil (naj\u010dastej\u0161ie platbou na transak\u010dn\u00fd \u00fa\u010det), pokia\u013e spotrebite\u013e v\u00fdslovne nepo\u017eiadal o pou\u017eitie in\u00e9ho sp\u00f4sobu platby a kupuj\u00facemu z toho nevznikn\u00fa \u017eiadne n\u00e1klady.<\/p>\n\n\n\n<p>V s\u00falade s odsekom 5 \u010dl\u00e1nku 43 Z\u00e1kona o ochrane spotrebite\u013ea nem\u00e1 kupuj\u00faci pr\u00e1vo odst\u00fapi\u0165 od zmluvy (k\u00fapy), ak ide o v\u00fdrobok vyroben\u00fd pod\u013ea presn\u00fdch pokynov kupuj\u00faceho a prisp\u00f4soben\u00fd jeho osobn\u00fdm potreb\u00e1m.<\/p>\n\n\n\n<h4 class=\"wp-block-heading\">S\u0165a\u017enosti<\/h4>\n\n\n\n<p>Poskytovate\u013e vynaklad\u00e1 maxim\u00e1lne \u00fasilie na zabezpe\u010denie \u010do najlep\u0161ej kvality produktu. Ak sa napriek tomu stane, \u017ee produkt prijat\u00fd kupuj\u00facim m\u00e1 vadu, informuje o tom poskytovate\u013ea prostredn\u00edctvom e-mailu, ktor\u00fd informuje kupuj\u00faceho o postupe rie\u0161enia reklam\u00e1cie. Poskytovate\u013e si vyhradzuje pr\u00e1vo zamietnu\u0165 reklam\u00e1ciu v pr\u00edpade, \u017ee nepou\u017eite\u013enos\u0165 produktu alebo po\u0161kodenie bolo sp\u00f4soben\u00e9 nespr\u00e1vnym konan\u00edm kupuj\u00faceho.<\/p>\n\n\n\n<h4 class=\"wp-block-heading\">Faktick\u00e1 chyba<\/h4>\n\n\n\n<p>Spotrebite\u013e m\u00f4\u017ee uplatni\u0165 svoje pr\u00e1va z podstatnej vady, ak o vade informuje pred\u00e1vaj\u00faceho do dvoch mesiacov odo d\u0148a, ke\u010f bola vada zisten\u00e1. Spotrebite\u013e mus\u00ed v ozn\u00e1men\u00ed o chybe presne op\u00edsa\u0165 vadu a umo\u017eni\u0165 pred\u00e1vaj\u00facemu prezrie\u0165 si vec.<\/p>\n\n\n\n<p>Pred\u00e1vaj\u00faci nezodpoved\u00e1 za vecn\u00e9 vady tovaru, ktor\u00e9 sa prejavia po uplynut\u00ed dvoch rokov od dodania veci. Vada tovaru sa pova\u017euje za existuj\u00facu u\u017e v \u010dase dodania, ak sa prejav\u00ed do \u0161iestich mesiacov od dodania.<\/p>\n\n\n\n<p>Spotrebite\u013e, ktor\u00fd pred\u00e1vaj\u00faceho riadne informoval o chybe, m\u00e1 pr\u00e1vo po\u017eadova\u0165 od pred\u00e1vaj\u00faceho, aby:<\/p>\n\n\n\n<p>odstr\u00e1ni\u0165 vadu tovaru alebo vr\u00e1ti\u0165 \u010das\u0165 zaplatenej sumy \u00famerne k vade alebo<\/p>\n\n\n\n<p>vymen\u00ed chybn\u00fd tovar za nov\u00fd bezchybn\u00fd alebo<\/p>\n\n\n\n<p>vr\u00e1ti zaplaten\u00fa sumu.<\/p>\n\n\n\n<h4 class=\"wp-block-heading\">Komunik\u00e1cia<\/h4>\n\n\n\n<p>Poskytovate\u013e bude kontaktova\u0165 pou\u017e\u00edvate\u013ea prostredn\u00edctvom prostriedkov dia\u013ekovej komunik\u00e1cie, ak s t\u00fdm pou\u017e\u00edvate\u013e v\u00fdslovne nenamieta. Reklamn\u00e9 e-maily bud\u00fa obsahova\u0165 nasleduj\u00face s\u00fa\u010dasti:<br>\u2013 Odosielate\u013e bude jasne vidite\u013en\u00fd.<br>\u2013 Bud\u00fa jasne a jednozna\u010dne ozna\u010den\u00e9 ako reklamn\u00e9 spr\u00e1vy.<br>\u2013 R\u00f4zne kampane, propaga\u010dn\u00e9 akcie a in\u00e9 marketingov\u00e9 techniky bud\u00fa ako tak\u00e9 ozna\u010den\u00e9. Taktie\u017e bud\u00fa jasne definovan\u00e9 podmienky \u00fa\u010dasti na nich.<br>\u2013 Bude jasne prezentovan\u00fd sp\u00f4sob odhl\u00e1senia sa z odberu reklamn\u00fdch spr\u00e1v.<br>\u2013 Poskytovate\u013e bude v\u00fdslovne re\u0161pektova\u0165 \u017eelanie pou\u017e\u00edvate\u013ea nedost\u00e1va\u0165 reklamn\u00e9 spr\u00e1vy.<br>\u2013 Pre predaj cez telef\u00f3n platia rovnak\u00e9 podmienky ako v na\u0161om e-shope. Zaru\u010den\u00fd je aj r\u00fdchly a bezpe\u010dn\u00fd n\u00e1kup.<\/p>\n\n\n\n<h4 class=\"wp-block-heading\">Ochrana osobn\u00fdch \u00fadajov<\/h4>\n\n\n\n<p>Inform\u00e1cie poskytnut\u00e9 kupuj\u00facim s\u00fa pr\u00edsne d\u00f4vern\u00e9 a je s nimi zaobch\u00e1dzan\u00e9 v s\u00falade so z\u00e1konom o ochrane osobn\u00fdch \u00fadajov (\u00daradn\u00fd vestn\u00edk RS \u010d. 59\/1999, 57\/2001, 59\/2001-revidovan\u00e9 znenie) a z\u00e1konom o ochrane spotrebite\u013ea \u2013 ZVPot-UPB1 (\u00faradn\u00e9 konsolidovan\u00e9 znenie \u2013 \u00daradn\u00fd vestn\u00edk RS, \u010d. 14\/03). Poskytovate\u013e sa zav\u00e4zuje trvalo chr\u00e1ni\u0165 v\u0161etky osobn\u00e9 \u00fadaje pou\u017e\u00edvate\u013ea. Poskytovate\u013e bude osobn\u00e9 \u00fadaje pou\u017e\u00edva\u0165 v\u00fdlu\u010dne na \u00fa\u010dely vybavenia objedn\u00e1vky (zasielanie informa\u010dn\u00fdch materi\u00e1lov, pon\u00fak, fakt\u00far) a inej komunik\u00e1cie. \u00dadaje pou\u017e\u00edvate\u013ea nebud\u00fa za \u017eiadnych okolnost\u00ed poskytnut\u00e9 neopr\u00e1vnen\u00fdm osob\u00e1m. Pou\u017e\u00edvate\u013e je tie\u017e zodpovedn\u00fd za ochranu osobn\u00fdch \u00fadajov zabezpe\u010den\u00edm bezpe\u010dnosti a ochrany svojho pou\u017e\u00edvate\u013esk\u00e9ho mena a hesla.<\/p>\n\n\n\n<h4 class=\"wp-block-heading\">S\u0165a\u017enosti a spory<\/h4>\n\n\n\n<p>Mimos\u00fadne rie\u0161enie spotrebite\u013esk\u00fdch sporov<\/p>\n\n\n\n<p>V s\u00falade s pr\u00e1vnymi normami spolo\u010dnos\u0165 Kaizendren MB. neuzn\u00e1va \u017eiadneho poskytovate\u013ea mimos\u00fadneho rie\u0161enia spotrebite\u013esk\u00fdch sporov za pr\u00edslu\u0161n\u00e9ho na rie\u0161enie spotrebite\u013esk\u00e9ho sporu, ktor\u00fd by spotrebite\u013e mohol za\u010da\u0165 v s\u00falade so z\u00e1konom o mimos\u00fadnom rie\u0161en\u00ed spotrebite\u013esk\u00fdch sporov.<\/p>\n\n\n\n<p>Spolo\u010dnos\u0165 Kaizendren MB, ktor\u00e1 ako poskytovate\u013e tovarov a slu\u017eieb u\u013eah\u010duje online obchod na \u00fazem\u00ed Slovinskej republiky, zverej\u0148uje na svojej webovej str\u00e1nke elektronick\u00fd odkaz na platformu pre online rie\u0161enie spotrebite\u013esk\u00fdch sporov (SRPS). Platforma je pre spotrebite\u013eov dostupn\u00e1 tu.<\/p>\n\n\n\n<figure class=\"wp-block-embed\"><div class=\"wp-block-embed__wrapper\">\nhttps:\/\/ec.europa.eu\/consumers\/odr\/main\/index.cfm?event=main.home.chooseLanguage\n<\/div><\/figure>\n\n\n\n<p>Uveden\u00e1 \u00faprava vych\u00e1dza zo z\u00e1kona o mimos\u00fadnom rie\u0161en\u00ed spotrebite\u013esk\u00fdch sporov, nariadenia Eur\u00f3pskeho parlamentu a Rady (E\u00da) \u010d. 524\/2013 o online rie\u0161en\u00ed spotrebite\u013esk\u00fdch sporov a o zmene nariadenia (ES) \u010d. 2016\/2004 a smernice 2009\/22\/ES.<\/p>\n\n\n\n<p>V pr\u00edpade s\u0165a\u017enost\u00ed alebo reklam\u00e1ci\u00ed n\u00e1s kontaktujte e-mailom na adrese info@kaizendren.com alebo n\u00e1m zavolajte na \u010d\u00edslo +370 000 0000<\/p>\n\n\n\n<h4 class=\"wp-block-heading\">K\u00f3dex spr\u00e1vania<\/h4>\n\n\n\n<p>Poskytovate\u013e si stanovil vysok\u00e9 intern\u00e9 \u0161tandardy pre vybavovanie objedn\u00e1vok, vr\u00e1tenia tovaru a s\u0165a\u017enost\u00ed z\u00e1kazn\u00edkov a sna\u017e\u00ed sa v \u010do najv\u00e4\u010d\u0161ej mo\u017enej miere dodr\u017eiava\u0165 aktu\u00e1lne po\u017eiadavky spotrebite\u013eov a pr\u00e1vne predpisy. V s\u00falade so 6. zar\u00e1\u017ekou \u010dl\u00e1nku 7 z\u00e1kona o elektronickom obchode na trhu (ZEPT) vyhlasuje, \u017ee nie je signat\u00e1rom k\u00f3dexu spr\u00e1vania pre online obchodn\u00edkov.<\/p>\n\n\n\n<h4 class=\"wp-block-heading\">Ochrana autorsk\u00fdch pr\u00e1v<\/h4>\n\n\n\n<p>V\u0161etok obsah na webovej str\u00e1nke kaizendren.com, ako aj na jej podstr\u00e1nkach, vr\u00e1tane obrazov\u00e9ho a video materi\u00e1lu, je chr\u00e1nen\u00fd autorsk\u00fdm z\u00e1konom a je majetkom poskytovate\u013ea. Poskytovate\u013e povo\u013euje pou\u017eitie obrazov\u00e9ho a video materi\u00e1lu na osobn\u00e9 pou\u017eitie na soci\u00e1lnych sie\u0165ach, blogoch a fotogal\u00e9ri\u00e1ch s uveden\u00edm zdroja.<\/p>\n\n\n\n<h4 class=\"wp-block-heading\">Vysvetlenie<\/h4>\n\n\n\n<p>V\u0161etky inform\u00e1cie sa m\u00f4\u017eu zmeni\u0165 bez predch\u00e1dzaj\u00faceho upozornenia a poskytovate\u013e si vyhradzuje pr\u00e1vo tieto podmienky zmeni\u0165 bez predch\u00e1dzaj\u00faceho upozornenia. Ak potrebujete \u010fal\u0161ie vysvetlenia t\u00fdkaj\u00face sa v\u0161eobecn\u00fdch podmienok spolupr\u00e1ce, m\u00f4\u017eete n\u00e1s kontaktova\u0165.<\/p>\n\n\n\n<h4 class=\"wp-block-heading\">Inform\u00e1cie o firme:<\/h4>\n\n\n\n<p>MB KAIZENDREN<br>Telef\u00f3n: +370 683 16126<br>E-mail:\u00a0<a href=\"mailto:info@kaizendren.com\">info@kaizendren.com<\/a><br>Registra\u010dn\u00e9 \u010d\u00edslo: 306556918<\/p>","protected":false},"excerpt":{"rendered":"<p>Pr\u00edstupnos\u0165 inform\u00e1ci\u00ed (zhrnutie pr\u00e1vnych predpisov) Poskytovate\u013e sa zav\u00e4zuje v\u017edy poskytn\u00fa\u0165 z\u00e1kazn\u00edkovi nasleduj\u00face inform\u00e1cie: a) identita spolo\u010dnosti<\/p>","protected":false},"author":1,"featured_media":0,"parent":291031,"menu_order":0,"comment_status":"closed","ping_status":"open","template":"","meta":{"footnotes":""},"class_list":["post-3","page","type-page","status-publish","hentry"],"yoast_head":"<!-- This site is optimized with the Yoast SEO plugin v27.4 - https:\/\/yoast.com\/product\/yoast-seo-wordpress\/ -->\n<title>Privacy policy - Kaizendren<\/title>\n<meta name=\"robots\" content=\"index, follow, max-snippet:-1, max-image-preview:large, max-video-preview:-1\" \/>\n<link rel=\"canonical\" href=\"https:\/\/kaizendren.com\/sk\/informacie\/zasady-ochrany-osobnych-udajov\/\" \/>\n<meta property=\"og:locale\" content=\"sk_SK\" \/>\n<meta property=\"og:type\" content=\"article\" \/>\n<meta property=\"og:title\" content=\"Privacy policy - Kaizendren\" \/>\n<meta property=\"og:description\" content=\"Accessibility of information (summary of legislation) The provider undertakes to always provide the customer with the following information:a) company identity\" \/>\n<meta property=\"og:url\" content=\"https:\/\/kaizendren.com\/sk\/informacie\/zasady-ochrany-osobnych-udajov\/\" \/>\n<meta property=\"og:site_name\" content=\"Kaizendren\" \/>\n<meta property=\"article:publisher\" content=\"https:\/\/www.facebook.com\/kaizendren\" \/>\n<meta property=\"article:modified_time\" content=\"2026-02-11T17:52:32+00:00\" \/>\n<meta property=\"og:image\" content=\"https:\/\/kaizendren.com\/wp-content\/uploads\/2023\/11\/insta-1.jpg\" \/>\n\t<meta property=\"og:image:width\" content=\"700\" \/>\n\t<meta property=\"og:image:height\" content=\"700\" \/>\n\t<meta property=\"og:image:type\" content=\"image\/jpeg\" \/>\n<meta name=\"twitter:card\" content=\"summary_large_image\" \/>\n<meta name=\"twitter:label1\" content=\"Predpokladan\u00fd \u010das \u010d\u00edtania\" \/>\n\t<meta name=\"twitter:data1\" content=\"9 min\u00fat\" \/>\n<script type=\"application\/ld+json\" class=\"yoast-schema-graph\">{\"@context\":\"https:\\\/\\\/schema.org\",\"@graph\":[{\"@type\":\"WebPage\",\"@id\":\"https:\\\/\\\/kaizendren.com\\\/information\\\/privacy-policy\\\/\",\"url\":\"https:\\\/\\\/kaizendren.com\\\/information\\\/privacy-policy\\\/\",\"name\":\"Privacy policy - Kaizendren\",\"isPartOf\":{\"@id\":\"https:\\\/\\\/kaizendren.com\\\/#website\"},\"datePublished\":\"2023-10-25T11:27:08+00:00\",\"dateModified\":\"2026-02-11T17:52:32+00:00\",\"breadcrumb\":{\"@id\":\"https:\\\/\\\/kaizendren.com\\\/information\\\/privacy-policy\\\/#breadcrumb\"},\"inLanguage\":\"sk-SK\",\"potentialAction\":[{\"@type\":\"ReadAction\",\"target\":[\"https:\\\/\\\/kaizendren.com\\\/information\\\/privacy-policy\\\/\"]}]},{\"@type\":\"BreadcrumbList\",\"@id\":\"https:\\\/\\\/kaizendren.com\\\/information\\\/privacy-policy\\\/#breadcrumb\",\"itemListElement\":[{\"@type\":\"ListItem\",\"position\":1,\"name\":\"Home\",\"item\":\"https:\\\/\\\/kaizendren.com\\\/\"},{\"@type\":\"ListItem\",\"position\":2,\"name\":\"Information\",\"item\":\"https:\\\/\\\/kaizendren.com\\\/information\\\/\"},{\"@type\":\"ListItem\",\"position\":3,\"name\":\"Privacy policy\"}]},{\"@type\":\"WebSite\",\"@id\":\"https:\\\/\\\/kaizendren.com\\\/#website\",\"url\":\"https:\\\/\\\/kaizendren.com\\\/\",\"name\":\"Kaizendren\",\"description\":\"Our Focus Is Your Health, Relaxation And Recovery\",\"publisher\":{\"@id\":\"https:\\\/\\\/kaizendren.com\\\/#organization\"},\"potentialAction\":[{\"@type\":\"SearchAction\",\"target\":{\"@type\":\"EntryPoint\",\"urlTemplate\":\"https:\\\/\\\/kaizendren.com\\\/?s={search_term_string}\"},\"query-input\":{\"@type\":\"PropertyValueSpecification\",\"valueRequired\":true,\"valueName\":\"search_term_string\"}}],\"inLanguage\":\"sk-SK\"},{\"@type\":\"Organization\",\"@id\":\"https:\\\/\\\/kaizendren.com\\\/#organization\",\"name\":\"Kaizendren\",\"url\":\"https:\\\/\\\/kaizendren.com\\\/\",\"logo\":{\"@type\":\"ImageObject\",\"inLanguage\":\"sk-SK\",\"@id\":\"https:\\\/\\\/kaizendren.com\\\/#\\\/schema\\\/logo\\\/image\\\/\",\"url\":\"https:\\\/\\\/kaizendren.com\\\/wp-content\\\/uploads\\\/2023\\\/11\\\/kaizendren-logo-head.png\",\"contentUrl\":\"https:\\\/\\\/kaizendren.com\\\/wp-content\\\/uploads\\\/2023\\\/11\\\/kaizendren-logo-head.png\",\"width\":336,\"height\":70,\"caption\":\"Kaizendren\"},\"image\":{\"@id\":\"https:\\\/\\\/kaizendren.com\\\/#\\\/schema\\\/logo\\\/image\\\/\"},\"sameAs\":[\"https:\\\/\\\/www.facebook.com\\\/kaizendren\",\"https:\\\/\\\/www.instagram.com\\\/kaizendren\",\"https:\\\/\\\/www.tiktok.com\\\/@kaizendren\"]}]}<\/script>\n<!-- \/ Yoast SEO plugin. -->","yoast_head_json":{"title":"Z\u00e1sady ochrany osobn\u00fdch \u00fadajov \u2013 Kaizendren","robots":{"index":"index","follow":"follow","max-snippet":"max-snippet:-1","max-image-preview":"max-image-preview:large","max-video-preview":"max-video-preview:-1"},"canonical":"https:\/\/kaizendren.com\/sk\/informacie\/zasady-ochrany-osobnych-udajov\/","og_locale":"sk_SK","og_type":"article","og_title":"Privacy policy - Kaizendren","og_description":"Accessibility of information (summary of legislation) The provider undertakes to always provide the customer with the following information:a) company identity","og_url":"https:\/\/kaizendren.com\/sk\/informacie\/zasady-ochrany-osobnych-udajov\/","og_site_name":"Kaizendren","article_publisher":"https:\/\/www.facebook.com\/kaizendren","article_modified_time":"2026-02-11T17:52:32+00:00","og_image":[{"width":700,"height":700,"url":"https:\/\/kaizendren.com\/wp-content\/uploads\/2023\/11\/insta-1.jpg","type":"image\/jpeg"}],"twitter_card":"summary_large_image","twitter_misc":{"Predpokladan\u00fd \u010das \u010d\u00edtania":"9 min\u00fat"},"schema":{"@context":"https:\/\/schema.org","@graph":[{"@type":"WebPage","@id":"https:\/\/kaizendren.com\/information\/privacy-policy\/","url":"https:\/\/kaizendren.com\/information\/privacy-policy\/","name":"Z\u00e1sady ochrany osobn\u00fdch \u00fadajov \u2013 Kaizendren","isPartOf":{"@id":"https:\/\/kaizendren.com\/#website"},"datePublished":"2023-10-25T11:27:08+00:00","dateModified":"2026-02-11T17:52:32+00:00","breadcrumb":{"@id":"https:\/\/kaizendren.com\/information\/privacy-policy\/#breadcrumb"},"inLanguage":"sk-SK","potentialAction":[{"@type":"ReadAction","target":["https:\/\/kaizendren.com\/information\/privacy-policy\/"]}]},{"@type":"BreadcrumbList","@id":"https:\/\/kaizendren.com\/information\/privacy-policy\/#breadcrumb","itemListElement":[{"@type":"ListItem","position":1,"name":"Home","item":"https:\/\/kaizendren.com\/"},{"@type":"ListItem","position":2,"name":"Information","item":"https:\/\/kaizendren.com\/information\/"},{"@type":"ListItem","position":3,"name":"Privacy policy"}]},{"@type":"WebSite","@id":"https:\/\/kaizendren.com\/#website","url":"https:\/\/kaizendren.com\/","name":"Kaizendren","description":"Zameriavame sa na va\u0161e zdravie, relax\u00e1ciu a zotavenie","publisher":{"@id":"https:\/\/kaizendren.com\/#organization"},"potentialAction":[{"@type":"SearchAction","target":{"@type":"EntryPoint","urlTemplate":"https:\/\/kaizendren.com\/?s={search_term_string}"},"query-input":{"@type":"PropertyValueSpecification","valueRequired":true,"valueName":"search_term_string"}}],"inLanguage":"sk-SK"},{"@type":"Organization","@id":"https:\/\/kaizendren.com\/#organization","name":"Kaizendren","url":"https:\/\/kaizendren.com\/","logo":{"@type":"ImageObject","inLanguage":"sk-SK","@id":"https:\/\/kaizendren.com\/#\/schema\/logo\/image\/","url":"https:\/\/kaizendren.com\/wp-content\/uploads\/2023\/11\/kaizendren-logo-head.png","contentUrl":"https:\/\/kaizendren.com\/wp-content\/uploads\/2023\/11\/kaizendren-logo-head.png","width":336,"height":70,"caption":"Kaizendren"},"image":{"@id":"https:\/\/kaizendren.com\/#\/schema\/logo\/image\/"},"sameAs":["https:\/\/www.facebook.com\/kaizendren","https:\/\/www.instagram.com\/kaizendren","https:\/\/www.tiktok.com\/@kaizendren"]}]}},"_links":{"self":[{"href":"https:\/\/kaizendren.com\/sk\/wp-json\/wp\/v2\/pages\/3","targetHints":{"allow":["GET"]}}],"collection":[{"href":"https:\/\/kaizendren.com\/sk\/wp-json\/wp\/v2\/pages"}],"about":[{"href":"https:\/\/kaizendren.com\/sk\/wp-json\/wp\/v2\/types\/page"}],"author":[{"embeddable":true,"href":"https:\/\/kaizendren.com\/sk\/wp-json\/wp\/v2\/users\/1"}],"replies":[{"embeddable":true,"href":"https:\/\/kaizendren.com\/sk\/wp-json\/wp\/v2\/comments?post=3"}],"version-history":[{"count":4,"href":"https:\/\/kaizendren.com\/sk\/wp-json\/wp\/v2\/pages\/3\/revisions"}],"predecessor-version":[{"id":334605,"href":"https:\/\/kaizendren.com\/sk\/wp-json\/wp\/v2\/pages\/3\/revisions\/334605"}],"up":[{"embeddable":true,"href":"https:\/\/kaizendren.com\/sk\/wp-json\/wp\/v2\/pages\/291031"}],"wp:attachment":[{"href":"https:\/\/kaizendren.com\/sk\/wp-json\/wp\/v2\/media?parent=3"}],"curies":[{"name":"wp","href":"https:\/\/api.w.org\/{rel}","templated":true}]}}