{"id":35073,"date":"2023-12-07T16:03:42","date_gmt":"2023-12-07T14:03:42","guid":{"rendered":"https:\/\/kaizendren.com\/?page_id=35073"},"modified":"2026-02-11T19:29:02","modified_gmt":"2026-02-11T17:29:02","slug":"informacije-o-dostavi","status":"publish","type":"page","link":"https:\/\/kaizendren.com\/si\/information\/delivery-information\/","title":{"rendered":"Informacije o dostavi"},"content":{"rendered":"<h4 class=\"wp-block-heading\">Informacije:<\/h4>\n\n\n\n<p>Pri Kaizendren svojim strankam ponujamo mo\u017enost dostave na dom s kurirjem DPD\/DHL ob zaklju\u010dku nakupa. Spodaj si lahko ogledate roke dostave za posamezne dr\u017eave\/regije.<\/p>\n\n\n\n<p>Od dneva odpreme lahko traja od 2 do 5 delovnih dni ali dlje za mednarodno ekspresno po\u0161iljanje, odvisno od morebitnih te\u017eav ali zamud v va\u0161i dr\u017eavi. V\u010dasih lahko na \u010das po\u0161iljanja vplivajo tudi izzivi v globalni dobavni verigi.<\/p>\n\n\n\n<h4 class=\"wp-block-heading\">\u010cas dostave:<\/h4>\n\n\n\n<p>Upo\u0161tevajte, da se lahko \u010dasi dostave razlikujejo. Trenutne mo\u017enosti dostave in predvideni \u010dasi dostave so naslednji:<\/p>\n\n\n\n<p>Dr\u017eave Evropske unije: <strong>2\u20135 delovnih dni<\/strong>.<br>Zdru\u017eeno kraljestvo: <strong>2\u20133 delovnih dni<\/strong>.<br>Izven Evropske unije: <strong>5\u201314 delovnih dni<\/strong>.<br>Litva: <strong>1\u20132 delovna dneva<\/strong>.<br>Latvija: <strong>2\u20133 delovnih dni<\/strong>.<br>Estonija: <strong>2\u20133 delovnih dni<\/strong>.<br>Poljska: <strong>2\u20133 delovnih dni<\/strong>.<br>Finska: <strong>2\u20135 delovnih dni<\/strong>.<br>Avstrija: <strong>2\u20134 delovnih dni<\/strong>.<br>Belgija: <strong>2\u20134 delovnih dni<\/strong>.<br>\u010ce\u0161ka republika: <strong>2\u20134 delovnih dni<\/strong>.<br>Danska: <strong>2\u20134 delovnih dni<\/strong>.<br>Luksemburg: <strong>2\u20134 delovnih dni<\/strong>.<br>Nizozemska: <strong>2\u20134 delovnih dni<\/strong>.<br>Francija: <strong>2\u20134 delovnih dni<\/strong>.<br>Slova\u0161ka: <strong>2\u20135 delovnih dni<\/strong>.<br>Nem\u010dija: <strong>2\u20134 delovnih dni<\/strong>.<br>Italija: <strong>3\u20136 delovnih dni<\/strong>.<br>Hrva\u0161ka: <strong>2\u20136 delovnih dni<\/strong>.<br>Slovenija: <strong>2\u20135 delovnih dni<\/strong>.<br>\u0160vedska: <strong>2\u20135 delovnih dni<\/strong>.<br>Mad\u017earska: <strong>2\u20134 delovnih dni<\/strong>.<br>Irska: <strong>3\u20136 delovnih dni<\/strong>.<br>Bolgarija: <strong>3\u20136 delovnih dni<\/strong>.<br>Gr\u010dija: <strong>3\u20136 delovnih dni<\/strong>.<br>\u0160panija: <strong>3\u20135 delovnih dni<\/strong>.<br>Portugalska: <strong>3\u20136 delovnih dni<\/strong>.<br>Romunija: <strong>2\u20135 delovnih dni<\/strong>.<br>\u0160vica: <strong>5\u201312 delovnih dni<\/strong>.<br>Norve\u0161ka: <strong>5\u201312 delovnih dni<\/strong>.<br>Srbija: <strong>5\u201312 delovnih dni<\/strong>.<br>Bosna in Hercegovina: <strong>5\u201312 delovnih dni<\/strong>.<br>\u010crna gora: <strong>5\u201312 delovnih dni<\/strong>.<br>Albanija: <strong>5\u201312 delovnih dni<\/strong>.<br><br><\/p>\n\n\n\n<h4 class=\"wp-block-heading\">Destinacije dostave:<\/h4>\n\n\n\n<p>Nudimo dostavo na dom v naslednje dr\u017eave: Velika Britanija (Zdru\u017eeno kraljestvo), Litva, Latvija, Estonija, Poljska, Finska, Avstrija, Belgija, \u010ce\u0161ka, Danska, Luksemburg, Nizozemska, Francija, Slova\u0161ka, Nem\u010dija, Italija, Hrva\u0161ka, Slovenija, \u0160vedska, Mad\u017earska, Irska, Bolgarija, Gr\u010dija, \u0160panija, Portugalska, Romunija, \u0160vica, Norve\u0161ka, Srbija, Bosna in Hercegovina, \u010crna gora, Albanija.<\/p>\n\n\n\n<h4 class=\"wp-block-heading\">Neuspe\u0161na ali manjkajo\u010da dostava:<\/h4>\n\n\n\n<p>Paket bo vrnjen po\u0161iljatelju (Kaizendren) na stro\u0161ke stranke, \u010de dostava paketa na navedeni naslov za dostavo ni mogo\u010da zaradi stranke, ki bi jo ta ne sodelovala (napa\u010den ali zmoten naslov za dostavo, odsoten prejemnik itd.).<\/p>\n\n\n\n<h4 class=\"wp-block-heading\">Izdelki niso bili prejeti, vendar sledenje prikazuje dostavo:<\/h4>\n\n\n\n<p>Izdelkov, ki jih je dostavna slu\u017eba ozna\u010dila kot dostavljene, ne zamenjamo ali vra\u010damo denarja. Zato vedno priporo\u010damo, da izberete varno lokacijo za dostavo paketov. Ko po\u0161iljka prispe na naslov, ki ste ga navedli, jo bo dostavna slu\u017eba ozna\u010dila kot dostavljeno. Predlagamo, da preverite svoj po\u0161tni nabiralnik, pokli\u010dete dostavno slu\u017ebo ali se obrnete na lokalno po\u0161to, \u010de naro\u010dila niste prejeli, vendar je bilo ozna\u010deno kot dostavljeno.<\/p>\n\n\n\n<h4 class=\"wp-block-heading\">Carina zavrnila pakete:<\/h4>\n\n\n\n<p>Dajatev ali uvoznih stro\u0161kov ne vra\u010damo. Vsaka stranka mora pla\u010dati uvozne dajatve in davke svoje dr\u017eave. \u010ce dajatev ne pla\u010date in nam naro\u010dilo vrnemo, vam bomo povrnili kupnino, zmanj\u0161ano za vse stro\u0161ke po\u0161iljanja\/carine. Izdelek mora biti nepo\u0161kodovan in primeren za nadaljnjo prodajo, da se vra\u010dilo uveljavi. To\u010den znesek vam bomo poslali po e-po\u0161ti, ko prejmemo va\u0161 vrnjeni znesek.<\/p>\n\n\n\n<p>Prosimo, upo\u0161tevajte: po\u0161tnino pla\u010damo dvakrat, ko nam paket po\u0161ljete nazaj. Enkrat, ko vam ga prvi\u010d po\u0161ljemo, in enkrat, ko ga po\u0161ljemo nazaj. Oba stro\u0161kov po\u0161iljanja bosta od\u0161teta od zneska vra\u010dila.<\/p>","protected":false},"excerpt":{"rendered":"<p>Informacije: V podjetju Kaizendren svojim strankam ponujamo mo\u017enost dostave na dom s kurirjem DPD\/DHL ob zaklju\u010dku nakupa. Dostavo si lahko ogledate ob zaklju\u010dku nakupa.<\/p>","protected":false},"author":1,"featured_media":0,"parent":291031,"menu_order":0,"comment_status":"closed","ping_status":"closed","template":"","meta":{"footnotes":""},"class_list":["post-35073","page","type-page","status-publish","hentry"],"yoast_head":"<!-- This site is optimized with the Yoast SEO plugin v27.4 - https:\/\/yoast.com\/product\/yoast-seo-wordpress\/ -->\n<title>Delivery information - Kaizendren<\/title>\n<meta name=\"robots\" content=\"index, follow, max-snippet:-1, max-image-preview:large, max-video-preview:-1\" \/>\n<link rel=\"canonical\" href=\"https:\/\/kaizendren.com\/si\/informacije\/informacije-o-dostavi\/\" \/>\n<meta property=\"og:locale\" content=\"sl_SI\" \/>\n<meta property=\"og:type\" content=\"article\" \/>\n<meta property=\"og:title\" content=\"Delivery information - Kaizendren\" \/>\n<meta property=\"og:description\" content=\"Information: At Kaizendren, we offer our customers home delivery options with DPD\/DHL courrier at checkout. You can see the delivery\" \/>\n<meta property=\"og:url\" content=\"https:\/\/kaizendren.com\/si\/informacije\/informacije-o-dostavi\/\" \/>\n<meta property=\"og:site_name\" content=\"Kaizendren\" \/>\n<meta property=\"article:publisher\" content=\"https:\/\/www.facebook.com\/kaizendren\" \/>\n<meta property=\"article:modified_time\" content=\"2026-02-11T17:29:02+00:00\" \/>\n<meta property=\"og:image\" content=\"https:\/\/kaizendren.com\/wp-content\/uploads\/2023\/11\/insta-1.jpg\" \/>\n\t<meta property=\"og:image:width\" content=\"700\" \/>\n\t<meta property=\"og:image:height\" content=\"700\" \/>\n\t<meta property=\"og:image:type\" content=\"image\/jpeg\" \/>\n<meta name=\"twitter:card\" content=\"summary_large_image\" \/>\n<meta name=\"twitter:label1\" content=\"Est. reading time\" \/>\n\t<meta name=\"twitter:data1\" content=\"3 minute\" \/>\n<script type=\"application\/ld+json\" class=\"yoast-schema-graph\">{\"@context\":\"https:\\\/\\\/schema.org\",\"@graph\":[{\"@type\":\"WebPage\",\"@id\":\"https:\\\/\\\/kaizendren.com\\\/information\\\/delivery-information\\\/\",\"url\":\"https:\\\/\\\/kaizendren.com\\\/information\\\/delivery-information\\\/\",\"name\":\"Delivery information - Kaizendren\",\"isPartOf\":{\"@id\":\"https:\\\/\\\/kaizendren.com\\\/#website\"},\"datePublished\":\"2023-12-07T14:03:42+00:00\",\"dateModified\":\"2026-02-11T17:29:02+00:00\",\"breadcrumb\":{\"@id\":\"https:\\\/\\\/kaizendren.com\\\/information\\\/delivery-information\\\/#breadcrumb\"},\"inLanguage\":\"sl-SI\",\"potentialAction\":[{\"@type\":\"ReadAction\",\"target\":[\"https:\\\/\\\/kaizendren.com\\\/information\\\/delivery-information\\\/\"]}]},{\"@type\":\"BreadcrumbList\",\"@id\":\"https:\\\/\\\/kaizendren.com\\\/information\\\/delivery-information\\\/#breadcrumb\",\"itemListElement\":[{\"@type\":\"ListItem\",\"position\":1,\"name\":\"Home\",\"item\":\"https:\\\/\\\/kaizendren.com\\\/\"},{\"@type\":\"ListItem\",\"position\":2,\"name\":\"Information\",\"item\":\"https:\\\/\\\/kaizendren.com\\\/information\\\/\"},{\"@type\":\"ListItem\",\"position\":3,\"name\":\"Delivery information\"}]},{\"@type\":\"WebSite\",\"@id\":\"https:\\\/\\\/kaizendren.com\\\/#website\",\"url\":\"https:\\\/\\\/kaizendren.com\\\/\",\"name\":\"Kaizendren\",\"description\":\"Our Focus Is Your Health, Relaxation And Recovery\",\"publisher\":{\"@id\":\"https:\\\/\\\/kaizendren.com\\\/#organization\"},\"potentialAction\":[{\"@type\":\"SearchAction\",\"target\":{\"@type\":\"EntryPoint\",\"urlTemplate\":\"https:\\\/\\\/kaizendren.com\\\/?s={search_term_string}\"},\"query-input\":{\"@type\":\"PropertyValueSpecification\",\"valueRequired\":true,\"valueName\":\"search_term_string\"}}],\"inLanguage\":\"sl-SI\"},{\"@type\":\"Organization\",\"@id\":\"https:\\\/\\\/kaizendren.com\\\/#organization\",\"name\":\"Kaizendren\",\"url\":\"https:\\\/\\\/kaizendren.com\\\/\",\"logo\":{\"@type\":\"ImageObject\",\"inLanguage\":\"sl-SI\",\"@id\":\"https:\\\/\\\/kaizendren.com\\\/#\\\/schema\\\/logo\\\/image\\\/\",\"url\":\"https:\\\/\\\/kaizendren.com\\\/wp-content\\\/uploads\\\/2023\\\/11\\\/kaizendren-logo-head.png\",\"contentUrl\":\"https:\\\/\\\/kaizendren.com\\\/wp-content\\\/uploads\\\/2023\\\/11\\\/kaizendren-logo-head.png\",\"width\":336,\"height\":70,\"caption\":\"Kaizendren\"},\"image\":{\"@id\":\"https:\\\/\\\/kaizendren.com\\\/#\\\/schema\\\/logo\\\/image\\\/\"},\"sameAs\":[\"https:\\\/\\\/www.facebook.com\\\/kaizendren\",\"https:\\\/\\\/www.instagram.com\\\/kaizendren\",\"https:\\\/\\\/www.tiktok.com\\\/@kaizendren\"]}]}<\/script>\n<!-- \/ Yoast SEO plugin. -->","yoast_head_json":{"title":"Informacije o dostavi - Kaizendren","robots":{"index":"index","follow":"follow","max-snippet":"max-snippet:-1","max-image-preview":"max-image-preview:large","max-video-preview":"max-video-preview:-1"},"canonical":"https:\/\/kaizendren.com\/si\/informacije\/informacije-o-dostavi\/","og_locale":"sl_SI","og_type":"article","og_title":"Delivery information - Kaizendren","og_description":"Information: At Kaizendren, we offer our customers home delivery options with DPD\/DHL courrier at checkout. You can see the delivery","og_url":"https:\/\/kaizendren.com\/si\/informacije\/informacije-o-dostavi\/","og_site_name":"Kaizendren","article_publisher":"https:\/\/www.facebook.com\/kaizendren","article_modified_time":"2026-02-11T17:29:02+00:00","og_image":[{"width":700,"height":700,"url":"https:\/\/kaizendren.com\/wp-content\/uploads\/2023\/11\/insta-1.jpg","type":"image\/jpeg"}],"twitter_card":"summary_large_image","twitter_misc":{"Est. reading time":"3 minute"},"schema":{"@context":"https:\/\/schema.org","@graph":[{"@type":"WebPage","@id":"https:\/\/kaizendren.com\/information\/delivery-information\/","url":"https:\/\/kaizendren.com\/information\/delivery-information\/","name":"Informacije o dostavi - Kaizendren","isPartOf":{"@id":"https:\/\/kaizendren.com\/#website"},"datePublished":"2023-12-07T14:03:42+00:00","dateModified":"2026-02-11T17:29:02+00:00","breadcrumb":{"@id":"https:\/\/kaizendren.com\/information\/delivery-information\/#breadcrumb"},"inLanguage":"sl-SI","potentialAction":[{"@type":"ReadAction","target":["https:\/\/kaizendren.com\/information\/delivery-information\/"]}]},{"@type":"BreadcrumbList","@id":"https:\/\/kaizendren.com\/information\/delivery-information\/#breadcrumb","itemListElement":[{"@type":"ListItem","position":1,"name":"Home","item":"https:\/\/kaizendren.com\/"},{"@type":"ListItem","position":2,"name":"Information","item":"https:\/\/kaizendren.com\/information\/"},{"@type":"ListItem","position":3,"name":"Delivery information"}]},{"@type":"WebSite","@id":"https:\/\/kaizendren.com\/#website","url":"https:\/\/kaizendren.com\/","name":"Kaizendren","description":"Osredoto\u010damo se na va\u0161e zdravje, sprostitev in okrevanje","publisher":{"@id":"https:\/\/kaizendren.com\/#organization"},"potentialAction":[{"@type":"SearchAction","target":{"@type":"EntryPoint","urlTemplate":"https:\/\/kaizendren.com\/?s={search_term_string}"},"query-input":{"@type":"PropertyValueSpecification","valueRequired":true,"valueName":"search_term_string"}}],"inLanguage":"sl-SI"},{"@type":"Organization","@id":"https:\/\/kaizendren.com\/#organization","name":"Kaizendren","url":"https:\/\/kaizendren.com\/","logo":{"@type":"ImageObject","inLanguage":"sl-SI","@id":"https:\/\/kaizendren.com\/#\/schema\/logo\/image\/","url":"https:\/\/kaizendren.com\/wp-content\/uploads\/2023\/11\/kaizendren-logo-head.png","contentUrl":"https:\/\/kaizendren.com\/wp-content\/uploads\/2023\/11\/kaizendren-logo-head.png","width":336,"height":70,"caption":"Kaizendren"},"image":{"@id":"https:\/\/kaizendren.com\/#\/schema\/logo\/image\/"},"sameAs":["https:\/\/www.facebook.com\/kaizendren","https:\/\/www.instagram.com\/kaizendren","https:\/\/www.tiktok.com\/@kaizendren"]}]}},"_links":{"self":[{"href":"https:\/\/kaizendren.com\/si\/wp-json\/wp\/v2\/pages\/35073","targetHints":{"allow":["GET"]}}],"collection":[{"href":"https:\/\/kaizendren.com\/si\/wp-json\/wp\/v2\/pages"}],"about":[{"href":"https:\/\/kaizendren.com\/si\/wp-json\/wp\/v2\/types\/page"}],"author":[{"embeddable":true,"href":"https:\/\/kaizendren.com\/si\/wp-json\/wp\/v2\/users\/1"}],"replies":[{"embeddable":true,"href":"https:\/\/kaizendren.com\/si\/wp-json\/wp\/v2\/comments?post=35073"}],"version-history":[{"count":2,"href":"https:\/\/kaizendren.com\/si\/wp-json\/wp\/v2\/pages\/35073\/revisions"}],"predecessor-version":[{"id":334564,"href":"https:\/\/kaizendren.com\/si\/wp-json\/wp\/v2\/pages\/35073\/revisions\/334564"}],"up":[{"embeddable":true,"href":"https:\/\/kaizendren.com\/si\/wp-json\/wp\/v2\/pages\/291031"}],"wp:attachment":[{"href":"https:\/\/kaizendren.com\/si\/wp-json\/wp\/v2\/media?parent=35073"}],"curies":[{"name":"wp","href":"https:\/\/api.w.org\/{rel}","templated":true}]}}