{"id":19,"date":"2023-11-22T16:18:07","date_gmt":"2023-11-22T14:18:07","guid":{"rendered":"https:\/\/kaizendren.com\/?page_id=19"},"modified":"2026-02-11T19:45:52","modified_gmt":"2026-02-11T17:45:52","slug":"politika-vracila","status":"publish","type":"page","link":"https:\/\/kaizendren.com\/si\/information\/return-policy\/","title":{"rendered":"Politika vra\u010danja"},"content":{"rendered":"<h4 class=\"wp-block-heading\">30-dnevni rok za vra\u010dilo blaga z napako:<\/h4>\n\n\n\n<p>Prepri\u010dani smo v kakovost na\u0161ih izdelkov in \u010de prejmete pokvarjen izdelek, vam ponujamo nemoten postopek vra\u010dila. Za vra\u010dilo katerega koli izdelka, ki se \u0161teje za pokvarjenega ali okvarjenega zaradi proizvodnih napak, imate 30 dni od datuma prejema.<\/p>\n\n\n\n<p><p>Izdelki, ki so bili izpostavljeni zlorabi, nenamerni po\u0161kodbi, nepravilnemu ravnanju ali neupo\u0161tevanju navodil za nego izdelka, ne bodo upravi\u010deni do vra\u010dila v skladu s to politiko. Vra\u010dila so sprejeta samo za nakupe, opravljene prek spleta na kaizendren.com ali enakovrednih poddomenah, in niso sprejeta za artikle, kupljene od tretjih distributerjev.<\/p>\n<p>Za upravi\u010denost do vra\u010dila kupnine za artikel brez napak mora biti artikel nerabljen in v enakem stanju, kot ste ga prejeli. Izdelek mora biti tudi v originalni embala\u017ei z vsemi prilo\u017eenimi etiketami in nalepkami.<\/p><\/p>\n\n\n\n<h4 class=\"wp-block-heading\">Postopek vra\u010dila:<\/h4>\n\n\n\n<p>Za za\u010detek vra\u010dila se obrnite na na\u0161o ekipo za podporo strankam na naslovu info@kaizendren.com. Posredovati boste morali podatke o svojem naro\u010dilu, kot sta \u0161tevilka naro\u010dila in jasna razlaga te\u017eave. Pomagali vam bomo pri postopku vra\u010dila in vam povedali, kaj storiti naprej.<\/p>\n\n\n\n<h4 class=\"wp-block-heading\">Stro\u0161ki povratne po\u0161iljke:<\/h4>\n\n\n\n<p>Po dostavi izdelka vam ne moremo povrniti stro\u0161kov po\u0161iljanja. Za blago z napako, vrnjeno v prvih 30 dneh, bomo stro\u0161ke povratne po\u0161iljke znotraj Evropske unije krili mi. \u010ce pa \u017eelite vrniti izdelek, ki ga niste uporabljali, ker ste si premislili, boste morali stro\u0161ke povratne po\u0161iljke pla\u010dati sami.<\/p>\n\n\n\n<h4 class=\"wp-block-heading\">Neuspe\u0161na ali manjkajo\u010da dostava:<\/h4>\n\n\n\n<p>Paket bo vrnjen po\u0161iljatelju (Kaizendren) na stro\u0161ke stranke, \u010de dostava paketa na navedeni naslov za dostavo ni mogo\u010da zaradi stranke, ki bi jo ta ne sodelovala (napa\u010den ali zmoten naslov za dostavo, odsoten prejemnik itd.).<\/p>\n\n\n\n<h4 class=\"wp-block-heading\">Pregled in vra\u010dilo\/zamenjava:<\/h4>\n\n\n\n<p>Ko izdelek prejmemo nazaj, ga bo na\u0161a strokovna ekipa pregledala, da ugotovi, ali ima te\u017eavo, ki ste jo prijavili. \u010ce ugotovimo, da je izdelek okvarjen, bomo storili, kar ste zahtevali: vrnili vam bomo denar ali vam poslali nadomestni izdelek. Ta postopek lahko traja do 7 dni.<\/p>\n\n\n\n<h4 class=\"wp-block-heading\">\u0160koda in te\u017eave:<\/h4>\n\n\n\n<p>Ko odprete izdelke Kaizendren, preverite vse dele. \u010ce ugotovite, da je kaj zlomljeno, manjka ali po\u0161kodovano, nas \u010dim prej obvestite in to bomo popravili.<\/p>\n\n\n\n<p>Od prejema naro\u010dila imate 10 dni \u010dasa, da po\u0161ljete zahteve za zamenjavo na info@kaizendren.com. Sprejemamo le zahteve za zamenjavo zaradi proizvodnih napak, polomljenih in manjkajo\u010dih delov. Predvidevamo, da je vsaka manj\u0161a po\u0161kodba po prvih 10 dneh normalna obraba zaradi narave izdelka.<\/p>\n\n\n\n<p>Po\u0161kodba mora vplivati na delovanje izdelka. \u010ce je izdelek po\u0161kodovan namerno, po nesre\u010di ali zaradi napa\u010dne uporabe, imamo pravico zavrniti zamenjavo.<\/p>","protected":false},"excerpt":{"rendered":"<p>30-dnevni rok za vra\u010dilo blaga z napako: Prepri\u010dani smo v kakovost na\u0161ih izdelkov in \u010de prejmete<\/p>","protected":false},"author":1,"featured_media":0,"parent":291031,"menu_order":0,"comment_status":"closed","ping_status":"closed","template":"","meta":{"footnotes":""},"class_list":["post-19","page","type-page","status-publish","hentry"],"yoast_head":"<!-- This site is optimized with the Yoast SEO plugin v27.4 - https:\/\/yoast.com\/product\/yoast-seo-wordpress\/ -->\n<title>Return policy - Kaizendren<\/title>\n<meta name=\"robots\" content=\"index, follow, max-snippet:-1, max-image-preview:large, max-video-preview:-1\" \/>\n<link rel=\"canonical\" href=\"https:\/\/kaizendren.com\/si\/informacije\/politika-vracila\/\" \/>\n<meta property=\"og:locale\" content=\"sl_SI\" \/>\n<meta property=\"og:type\" content=\"article\" \/>\n<meta property=\"og:title\" content=\"Return policy - Kaizendren\" \/>\n<meta property=\"og:description\" content=\"30-day return period for faulty goods: We are confident in the quality of our products, and if you receive a\" \/>\n<meta property=\"og:url\" content=\"https:\/\/kaizendren.com\/si\/informacije\/politika-vracila\/\" \/>\n<meta property=\"og:site_name\" content=\"Kaizendren\" \/>\n<meta property=\"article:publisher\" content=\"https:\/\/www.facebook.com\/kaizendren\" \/>\n<meta property=\"article:modified_time\" content=\"2026-02-11T17:45:52+00:00\" \/>\n<meta property=\"og:image\" content=\"https:\/\/kaizendren.com\/wp-content\/uploads\/2023\/11\/insta-1.jpg\" \/>\n\t<meta property=\"og:image:width\" content=\"700\" \/>\n\t<meta property=\"og:image:height\" content=\"700\" \/>\n\t<meta property=\"og:image:type\" content=\"image\/jpeg\" \/>\n<meta name=\"twitter:card\" content=\"summary_large_image\" \/>\n<meta name=\"twitter:label1\" content=\"Est. reading time\" \/>\n\t<meta name=\"twitter:data1\" content=\"3 minute\" \/>\n<script type=\"application\/ld+json\" class=\"yoast-schema-graph\">{\"@context\":\"https:\\\/\\\/schema.org\",\"@graph\":[{\"@type\":\"WebPage\",\"@id\":\"https:\\\/\\\/kaizendren.com\\\/information\\\/return-policy\\\/\",\"url\":\"https:\\\/\\\/kaizendren.com\\\/information\\\/return-policy\\\/\",\"name\":\"Return policy - Kaizendren\",\"isPartOf\":{\"@id\":\"https:\\\/\\\/kaizendren.com\\\/#website\"},\"datePublished\":\"2023-11-22T14:18:07+00:00\",\"dateModified\":\"2026-02-11T17:45:52+00:00\",\"breadcrumb\":{\"@id\":\"https:\\\/\\\/kaizendren.com\\\/information\\\/return-policy\\\/#breadcrumb\"},\"inLanguage\":\"sl-SI\",\"potentialAction\":[{\"@type\":\"ReadAction\",\"target\":[\"https:\\\/\\\/kaizendren.com\\\/information\\\/return-policy\\\/\"]}]},{\"@type\":\"BreadcrumbList\",\"@id\":\"https:\\\/\\\/kaizendren.com\\\/information\\\/return-policy\\\/#breadcrumb\",\"itemListElement\":[{\"@type\":\"ListItem\",\"position\":1,\"name\":\"Home\",\"item\":\"https:\\\/\\\/kaizendren.com\\\/\"},{\"@type\":\"ListItem\",\"position\":2,\"name\":\"Information\",\"item\":\"https:\\\/\\\/kaizendren.com\\\/information\\\/\"},{\"@type\":\"ListItem\",\"position\":3,\"name\":\"Return policy\"}]},{\"@type\":\"WebSite\",\"@id\":\"https:\\\/\\\/kaizendren.com\\\/#website\",\"url\":\"https:\\\/\\\/kaizendren.com\\\/\",\"name\":\"Kaizendren\",\"description\":\"Our Focus Is Your Health, Relaxation And Recovery\",\"publisher\":{\"@id\":\"https:\\\/\\\/kaizendren.com\\\/#organization\"},\"potentialAction\":[{\"@type\":\"SearchAction\",\"target\":{\"@type\":\"EntryPoint\",\"urlTemplate\":\"https:\\\/\\\/kaizendren.com\\\/?s={search_term_string}\"},\"query-input\":{\"@type\":\"PropertyValueSpecification\",\"valueRequired\":true,\"valueName\":\"search_term_string\"}}],\"inLanguage\":\"sl-SI\"},{\"@type\":\"Organization\",\"@id\":\"https:\\\/\\\/kaizendren.com\\\/#organization\",\"name\":\"Kaizendren\",\"url\":\"https:\\\/\\\/kaizendren.com\\\/\",\"logo\":{\"@type\":\"ImageObject\",\"inLanguage\":\"sl-SI\",\"@id\":\"https:\\\/\\\/kaizendren.com\\\/#\\\/schema\\\/logo\\\/image\\\/\",\"url\":\"https:\\\/\\\/kaizendren.com\\\/wp-content\\\/uploads\\\/2023\\\/11\\\/kaizendren-logo-head.png\",\"contentUrl\":\"https:\\\/\\\/kaizendren.com\\\/wp-content\\\/uploads\\\/2023\\\/11\\\/kaizendren-logo-head.png\",\"width\":336,\"height\":70,\"caption\":\"Kaizendren\"},\"image\":{\"@id\":\"https:\\\/\\\/kaizendren.com\\\/#\\\/schema\\\/logo\\\/image\\\/\"},\"sameAs\":[\"https:\\\/\\\/www.facebook.com\\\/kaizendren\",\"https:\\\/\\\/www.instagram.com\\\/kaizendren\",\"https:\\\/\\\/www.tiktok.com\\\/@kaizendren\"]}]}<\/script>\n<!-- \/ Yoast SEO plugin. -->","yoast_head_json":{"title":"Politika vra\u010dil - Kaizendren","robots":{"index":"index","follow":"follow","max-snippet":"max-snippet:-1","max-image-preview":"max-image-preview:large","max-video-preview":"max-video-preview:-1"},"canonical":"https:\/\/kaizendren.com\/si\/informacije\/politika-vracila\/","og_locale":"sl_SI","og_type":"article","og_title":"Return policy - Kaizendren","og_description":"30-day return period for faulty goods: We are confident in the quality of our products, and if you receive a","og_url":"https:\/\/kaizendren.com\/si\/informacije\/politika-vracila\/","og_site_name":"Kaizendren","article_publisher":"https:\/\/www.facebook.com\/kaizendren","article_modified_time":"2026-02-11T17:45:52+00:00","og_image":[{"width":700,"height":700,"url":"https:\/\/kaizendren.com\/wp-content\/uploads\/2023\/11\/insta-1.jpg","type":"image\/jpeg"}],"twitter_card":"summary_large_image","twitter_misc":{"Est. reading time":"3 minute"},"schema":{"@context":"https:\/\/schema.org","@graph":[{"@type":"WebPage","@id":"https:\/\/kaizendren.com\/information\/return-policy\/","url":"https:\/\/kaizendren.com\/information\/return-policy\/","name":"Politika vra\u010dil - Kaizendren","isPartOf":{"@id":"https:\/\/kaizendren.com\/#website"},"datePublished":"2023-11-22T14:18:07+00:00","dateModified":"2026-02-11T17:45:52+00:00","breadcrumb":{"@id":"https:\/\/kaizendren.com\/information\/return-policy\/#breadcrumb"},"inLanguage":"sl-SI","potentialAction":[{"@type":"ReadAction","target":["https:\/\/kaizendren.com\/information\/return-policy\/"]}]},{"@type":"BreadcrumbList","@id":"https:\/\/kaizendren.com\/information\/return-policy\/#breadcrumb","itemListElement":[{"@type":"ListItem","position":1,"name":"Home","item":"https:\/\/kaizendren.com\/"},{"@type":"ListItem","position":2,"name":"Information","item":"https:\/\/kaizendren.com\/information\/"},{"@type":"ListItem","position":3,"name":"Return policy"}]},{"@type":"WebSite","@id":"https:\/\/kaizendren.com\/#website","url":"https:\/\/kaizendren.com\/","name":"Kaizendren","description":"Osredoto\u010damo se na va\u0161e zdravje, sprostitev in okrevanje","publisher":{"@id":"https:\/\/kaizendren.com\/#organization"},"potentialAction":[{"@type":"SearchAction","target":{"@type":"EntryPoint","urlTemplate":"https:\/\/kaizendren.com\/?s={search_term_string}"},"query-input":{"@type":"PropertyValueSpecification","valueRequired":true,"valueName":"search_term_string"}}],"inLanguage":"sl-SI"},{"@type":"Organization","@id":"https:\/\/kaizendren.com\/#organization","name":"Kaizendren","url":"https:\/\/kaizendren.com\/","logo":{"@type":"ImageObject","inLanguage":"sl-SI","@id":"https:\/\/kaizendren.com\/#\/schema\/logo\/image\/","url":"https:\/\/kaizendren.com\/wp-content\/uploads\/2023\/11\/kaizendren-logo-head.png","contentUrl":"https:\/\/kaizendren.com\/wp-content\/uploads\/2023\/11\/kaizendren-logo-head.png","width":336,"height":70,"caption":"Kaizendren"},"image":{"@id":"https:\/\/kaizendren.com\/#\/schema\/logo\/image\/"},"sameAs":["https:\/\/www.facebook.com\/kaizendren","https:\/\/www.instagram.com\/kaizendren","https:\/\/www.tiktok.com\/@kaizendren"]}]}},"_links":{"self":[{"href":"https:\/\/kaizendren.com\/si\/wp-json\/wp\/v2\/pages\/19","targetHints":{"allow":["GET"]}}],"collection":[{"href":"https:\/\/kaizendren.com\/si\/wp-json\/wp\/v2\/pages"}],"about":[{"href":"https:\/\/kaizendren.com\/si\/wp-json\/wp\/v2\/types\/page"}],"author":[{"embeddable":true,"href":"https:\/\/kaizendren.com\/si\/wp-json\/wp\/v2\/users\/1"}],"replies":[{"embeddable":true,"href":"https:\/\/kaizendren.com\/si\/wp-json\/wp\/v2\/comments?post=19"}],"version-history":[{"count":3,"href":"https:\/\/kaizendren.com\/si\/wp-json\/wp\/v2\/pages\/19\/revisions"}],"predecessor-version":[{"id":334580,"href":"https:\/\/kaizendren.com\/si\/wp-json\/wp\/v2\/pages\/19\/revisions\/334580"}],"up":[{"embeddable":true,"href":"https:\/\/kaizendren.com\/si\/wp-json\/wp\/v2\/pages\/291031"}],"wp:attachment":[{"href":"https:\/\/kaizendren.com\/si\/wp-json\/wp\/v2\/media?parent=19"}],"curies":[{"name":"wp","href":"https:\/\/api.w.org\/{rel}","templated":true}]}}