{"id":35073,"date":"2023-12-07T16:03:42","date_gmt":"2023-12-07T14:03:42","guid":{"rendered":"https:\/\/kaizendren.com\/?page_id=35073"},"modified":"2026-02-11T19:29:02","modified_gmt":"2026-02-11T17:29:02","slug":"leveransinformation","status":"publish","type":"page","link":"https:\/\/kaizendren.com\/se\/information\/delivery-information\/","title":{"rendered":"Information om leverans"},"content":{"rendered":"<h4 class=\"wp-block-heading\">Information:<\/h4>\n\n\n\n<p>P\u00e5 Kaizendren erbjuder vi v\u00e5ra kunder hemleveransalternativ med DPD\/DHL courrier i kassan. Du kan se leveranstiderna f\u00f6r varje land\/region nedan.<\/p>\n\n\n\n<p>Det kan ta upp till 2-5 arbetsdagar fr\u00e5n avs\u00e4ndningsdagen eller l\u00e4ngre f\u00f6r internationell expressfrakt, beroende p\u00e5 eventuella problem eller f\u00f6rseningar i ditt land. Ibland kan utmaningar i den globala leveranskedjan ocks\u00e5 p\u00e5verka hur l\u00e5ng tid det tar att skicka.<\/p>\n\n\n\n<h4 class=\"wp-block-heading\">Leveranstid:<\/h4>\n\n\n\n<p>Observera att leveranstiderna kan variera. Aktuella leveransalternativ och ber\u00e4knade leveranstider \u00e4r f\u00f6ljande:<\/p>\n\n\n\n<p>L\u00e4nder i Europeiska unionen: <strong>2-5 arbetsdagar<\/strong>.<br>F\u00f6renade kungariket: <strong>2-3 arbetsdagar<\/strong>.<br>Ut ur Europeiska unionen: <strong>5-14 arbetsdagar<\/strong>.<br>Litauen: <strong>1-2 arbetsdagar<\/strong>.<br>Lettland: <strong>2-3 arbetsdagar<\/strong>.<br>Estland: <strong>2-3 arbetsdagar<\/strong>.<br>Polen: <strong>2-3 arbetsdagar<\/strong>.<br>Finland: <strong>2-5 arbetsdagar<\/strong>.<br>\u00d6sterrike: <strong>2-4 arbetsdagar<\/strong>.<br>Belgien: <strong>2-4 arbetsdagar<\/strong>.<br>Tjeckien: <strong>2-4 arbetsdagar<\/strong>.<br>Danmark: <strong>2-4 arbetsdagar<\/strong>.<br>Luxemburg: <strong>2-4 arbetsdagar<\/strong>.<br>Nederl\u00e4nderna: <strong>2-4 arbetsdagar<\/strong>.<br>Frankrike: <strong>2-4 arbetsdagar<\/strong>.<br>Slovakien: <strong>2-5 arbetsdagar<\/strong>.<br>Tyskland: <strong>2-4 arbetsdagar<\/strong>.<br>Italien: <strong>3-6 arbetsdagar<\/strong>.<br>Kroatien: <strong>2-6 arbetsdagar<\/strong>.<br>Slovenien: <strong>2-5 arbetsdagar<\/strong>.<br>Sverige: <strong>2-5 arbetsdagar<\/strong>.<br>Ungern: <strong>2-4 arbetsdagar<\/strong>.<br>Irland: <strong>3-6 arbetsdagar<\/strong>.<br>Bulgarien: <strong>3-6 arbetsdagar<\/strong>.<br>Grekland: <strong>3-6 arbetsdagar<\/strong>.<br>Spanien: <strong>3-5 arbetsdagar<\/strong>.<br>Portugal: <strong>3-6 arbetsdagar<\/strong>.<br>Rum\u00e4nien: <strong>2-5 arbetsdagar<\/strong>.<br>Schweiz: <strong>5-12 arbetsdagar<\/strong>.<br>Norge: <strong>5-12 arbetsdagar<\/strong>.<br>Serbien: <strong>5-12 arbetsdagar<\/strong>.<br>Bosnien och Hercegovina: <strong>5-12 arbetsdagar<\/strong>.<br>Montenegro: <strong>5-12 arbetsdagar<\/strong>.<br>Albanien: <strong>5-12 arbetsdagar<\/strong>.<br><br><\/p>\n\n\n\n<h4 class=\"wp-block-heading\">Destinationer f\u00f6r leverans:<\/h4>\n\n\n\n<p>Vi erbjuder hemleveransservice till dessa l\u00e4nder: Storbritannien (F\u00f6renade kungariket), Litauen, Lettland, Estland, Polen, Finland, \u00d6sterrike, Belgien, Tjeckien, Danmark, Luxemburg, Nederl\u00e4nderna, Frankrike, Slovakien, Tyskland, Italien, Kroatien, Slovenien, Sverige, Ungern, Irland, Bulgarien, Grekland, Spanien, Portugal, Rum\u00e4nien, Schweiz, Norge, Serbien, Bosnien och Hercegovina, Montenegro, Albanien.<\/p>\n\n\n\n<h4 class=\"wp-block-heading\">Misslyckad eller utebliven leverans:<\/h4>\n\n\n\n<p>Paketet kommer att returneras till avs\u00e4ndaren (Kaizendren) p\u00e5 kundens bekostnad om leveransen av paketet till den angivna leveransadressen f\u00f6rhindras av kundens bristande samarbete (felaktig eller felaktig leveransadress, fr\u00e5nvarande mottagare etc.).<\/p>\n\n\n\n<h4 class=\"wp-block-heading\">Varorna har inte mottagits men sp\u00e5rningen visar att de har levererats:<\/h4>\n\n\n\n<p>Vi byter inte ut eller \u00e5terbetalar f\u00f6rs\u00e4ndelser som budfirman har markerat som levererade. D\u00e4rf\u00f6r rekommenderar vi alltid att du v\u00e4ljer en s\u00e4ker plats f\u00f6r dina paket att levereras till. N\u00e4r f\u00f6rs\u00e4ndelsen n\u00e5r den adress som du har angett kommer leveransservicen att markera den som levererad. Vi f\u00f6resl\u00e5r att du kontrollerar din brevl\u00e5da, ringer leveransservicen eller kontaktar ditt lokala postkontor om du inte har f\u00e5tt din best\u00e4llning men den markerades som levererad.<\/p>\n\n\n\n<h4 class=\"wp-block-heading\">Nekade paket fr\u00e5n tullen:<\/h4>\n\n\n\n<p>Vi \u00e5terbetalar inte tullar eller importavgifter. Varje kund m\u00e5ste betala sina l\u00e4nders importavgifter och skatter. Om du inte betalar dina tullar och din best\u00e4llning skickas tillbaka till oss, kommer vi att \u00e5terbetala dig ink\u00f6psprisbeloppet minus alla frakt- \/ tullavgifter. Varan m\u00e5ste vara oskadad och kunna s\u00e4ljas p\u00e5 nytt f\u00f6r att \u00e5terbetalningen ska g\u00e4lla. Det exakta beloppet kommer att skickas till dig via e-post n\u00e4r vi f\u00e5r ditt returnerade belopp.<\/p>\n\n\n\n<p>Observera: Vi betalar frakten tv\u00e5 g\u00e5nger n\u00e4r ett paket skickas tillbaka till oss. En g\u00e5ng n\u00e4r vi f\u00f6rst skickar det till dig och en g\u00e5ng n\u00e4r vi skickar tillbaka det. B\u00e5da dessa fraktkostnader kommer att dras av fr\u00e5n ditt \u00e5terbetalningsbelopp.<\/p>","protected":false},"excerpt":{"rendered":"<p>Information: P\u00e5 Kaizendren erbjuder vi v\u00e5ra kunder hemleveransalternativ med DPD\/DHL-bud i kassan. Du kan se leveransinformationen.<\/p>","protected":false},"author":1,"featured_media":0,"parent":291031,"menu_order":0,"comment_status":"closed","ping_status":"closed","template":"","meta":{"footnotes":""},"class_list":["post-35073","page","type-page","status-publish","hentry"],"yoast_head":"<!-- This site is optimized with the Yoast SEO plugin v27.3 - https:\/\/yoast.com\/product\/yoast-seo-wordpress\/ -->\n<title>Delivery information - Kaizendren<\/title>\n<meta name=\"robots\" content=\"index, follow, max-snippet:-1, max-image-preview:large, max-video-preview:-1\" \/>\n<link rel=\"canonical\" href=\"https:\/\/kaizendren.com\/se\/information\/leveransinformation\/\" \/>\n<meta property=\"og:locale\" content=\"sv_SE\" \/>\n<meta property=\"og:type\" content=\"article\" \/>\n<meta property=\"og:title\" content=\"Delivery information - Kaizendren\" \/>\n<meta property=\"og:description\" content=\"Information: At Kaizendren, we offer our customers home delivery options with DPD\/DHL courrier at checkout. You can see the delivery\" \/>\n<meta property=\"og:url\" content=\"https:\/\/kaizendren.com\/se\/information\/leveransinformation\/\" \/>\n<meta property=\"og:site_name\" content=\"Kaizendren\" \/>\n<meta property=\"article:publisher\" content=\"https:\/\/www.facebook.com\/kaizendren\" \/>\n<meta property=\"article:modified_time\" content=\"2026-02-11T17:29:02+00:00\" \/>\n<meta property=\"og:image\" content=\"https:\/\/kaizendren.com\/wp-content\/uploads\/2023\/11\/insta-1.jpg\" \/>\n\t<meta property=\"og:image:width\" content=\"700\" \/>\n\t<meta property=\"og:image:height\" content=\"700\" \/>\n\t<meta property=\"og:image:type\" content=\"image\/jpeg\" \/>\n<meta name=\"twitter:card\" content=\"summary_large_image\" \/>\n<meta name=\"twitter:label1\" content=\"Ber\u00e4knad l\u00e4stid\" \/>\n\t<meta name=\"twitter:data1\" content=\"3 minuter\" \/>\n<script type=\"application\/ld+json\" class=\"yoast-schema-graph\">{\"@context\":\"https:\\\/\\\/schema.org\",\"@graph\":[{\"@type\":\"WebPage\",\"@id\":\"https:\\\/\\\/kaizendren.com\\\/information\\\/delivery-information\\\/\",\"url\":\"https:\\\/\\\/kaizendren.com\\\/information\\\/delivery-information\\\/\",\"name\":\"Delivery information - Kaizendren\",\"isPartOf\":{\"@id\":\"https:\\\/\\\/kaizendren.com\\\/#website\"},\"datePublished\":\"2023-12-07T14:03:42+00:00\",\"dateModified\":\"2026-02-11T17:29:02+00:00\",\"breadcrumb\":{\"@id\":\"https:\\\/\\\/kaizendren.com\\\/information\\\/delivery-information\\\/#breadcrumb\"},\"inLanguage\":\"sv-SE\",\"potentialAction\":[{\"@type\":\"ReadAction\",\"target\":[\"https:\\\/\\\/kaizendren.com\\\/information\\\/delivery-information\\\/\"]}]},{\"@type\":\"BreadcrumbList\",\"@id\":\"https:\\\/\\\/kaizendren.com\\\/information\\\/delivery-information\\\/#breadcrumb\",\"itemListElement\":[{\"@type\":\"ListItem\",\"position\":1,\"name\":\"Home\",\"item\":\"https:\\\/\\\/kaizendren.com\\\/\"},{\"@type\":\"ListItem\",\"position\":2,\"name\":\"Information\",\"item\":\"https:\\\/\\\/kaizendren.com\\\/information\\\/\"},{\"@type\":\"ListItem\",\"position\":3,\"name\":\"Delivery information\"}]},{\"@type\":\"WebSite\",\"@id\":\"https:\\\/\\\/kaizendren.com\\\/#website\",\"url\":\"https:\\\/\\\/kaizendren.com\\\/\",\"name\":\"Kaizendren\",\"description\":\"Our Focus Is Your Health, Relaxation And Recovery\",\"publisher\":{\"@id\":\"https:\\\/\\\/kaizendren.com\\\/#organization\"},\"potentialAction\":[{\"@type\":\"SearchAction\",\"target\":{\"@type\":\"EntryPoint\",\"urlTemplate\":\"https:\\\/\\\/kaizendren.com\\\/?s={search_term_string}\"},\"query-input\":{\"@type\":\"PropertyValueSpecification\",\"valueRequired\":true,\"valueName\":\"search_term_string\"}}],\"inLanguage\":\"sv-SE\"},{\"@type\":\"Organization\",\"@id\":\"https:\\\/\\\/kaizendren.com\\\/#organization\",\"name\":\"Kaizendren\",\"url\":\"https:\\\/\\\/kaizendren.com\\\/\",\"logo\":{\"@type\":\"ImageObject\",\"inLanguage\":\"sv-SE\",\"@id\":\"https:\\\/\\\/kaizendren.com\\\/#\\\/schema\\\/logo\\\/image\\\/\",\"url\":\"https:\\\/\\\/kaizendren.com\\\/wp-content\\\/uploads\\\/2023\\\/11\\\/kaizendren-logo-head.png\",\"contentUrl\":\"https:\\\/\\\/kaizendren.com\\\/wp-content\\\/uploads\\\/2023\\\/11\\\/kaizendren-logo-head.png\",\"width\":336,\"height\":70,\"caption\":\"Kaizendren\"},\"image\":{\"@id\":\"https:\\\/\\\/kaizendren.com\\\/#\\\/schema\\\/logo\\\/image\\\/\"},\"sameAs\":[\"https:\\\/\\\/www.facebook.com\\\/kaizendren\",\"https:\\\/\\\/www.instagram.com\\\/kaizendren\",\"https:\\\/\\\/www.tiktok.com\\\/@kaizendren\"]}]}<\/script>\n<!-- \/ Yoast SEO plugin. -->","yoast_head_json":{"title":"Leveransinformation - Kaizendren","robots":{"index":"index","follow":"follow","max-snippet":"max-snippet:-1","max-image-preview":"max-image-preview:large","max-video-preview":"max-video-preview:-1"},"canonical":"https:\/\/kaizendren.com\/se\/information\/leveransinformation\/","og_locale":"sv_SE","og_type":"article","og_title":"Delivery information - Kaizendren","og_description":"Information: At Kaizendren, we offer our customers home delivery options with DPD\/DHL courrier at checkout. You can see the delivery","og_url":"https:\/\/kaizendren.com\/se\/information\/leveransinformation\/","og_site_name":"Kaizendren","article_publisher":"https:\/\/www.facebook.com\/kaizendren","article_modified_time":"2026-02-11T17:29:02+00:00","og_image":[{"width":700,"height":700,"url":"https:\/\/kaizendren.com\/wp-content\/uploads\/2023\/11\/insta-1.jpg","type":"image\/jpeg"}],"twitter_card":"summary_large_image","twitter_misc":{"Ber\u00e4knad l\u00e4stid":"3 minuter"},"schema":{"@context":"https:\/\/schema.org","@graph":[{"@type":"WebPage","@id":"https:\/\/kaizendren.com\/information\/delivery-information\/","url":"https:\/\/kaizendren.com\/information\/delivery-information\/","name":"Leveransinformation - Kaizendren","isPartOf":{"@id":"https:\/\/kaizendren.com\/#website"},"datePublished":"2023-12-07T14:03:42+00:00","dateModified":"2026-02-11T17:29:02+00:00","breadcrumb":{"@id":"https:\/\/kaizendren.com\/information\/delivery-information\/#breadcrumb"},"inLanguage":"sv-SE","potentialAction":[{"@type":"ReadAction","target":["https:\/\/kaizendren.com\/information\/delivery-information\/"]}]},{"@type":"BreadcrumbList","@id":"https:\/\/kaizendren.com\/information\/delivery-information\/#breadcrumb","itemListElement":[{"@type":"ListItem","position":1,"name":"Home","item":"https:\/\/kaizendren.com\/"},{"@type":"ListItem","position":2,"name":"Information","item":"https:\/\/kaizendren.com\/information\/"},{"@type":"ListItem","position":3,"name":"Delivery information"}]},{"@type":"WebSite","@id":"https:\/\/kaizendren.com\/#website","url":"https:\/\/kaizendren.com\/","name":"Kaizendren","description":"V\u00e5rt fokus \u00e4r din h\u00e4lsa, avkoppling och \u00e5terh\u00e4mtning","publisher":{"@id":"https:\/\/kaizendren.com\/#organization"},"potentialAction":[{"@type":"SearchAction","target":{"@type":"EntryPoint","urlTemplate":"https:\/\/kaizendren.com\/?s={search_term_string}"},"query-input":{"@type":"PropertyValueSpecification","valueRequired":true,"valueName":"search_term_string"}}],"inLanguage":"sv-SE"},{"@type":"Organization","@id":"https:\/\/kaizendren.com\/#organization","name":"Kaizendren","url":"https:\/\/kaizendren.com\/","logo":{"@type":"ImageObject","inLanguage":"sv-SE","@id":"https:\/\/kaizendren.com\/#\/schema\/logo\/image\/","url":"https:\/\/kaizendren.com\/wp-content\/uploads\/2023\/11\/kaizendren-logo-head.png","contentUrl":"https:\/\/kaizendren.com\/wp-content\/uploads\/2023\/11\/kaizendren-logo-head.png","width":336,"height":70,"caption":"Kaizendren"},"image":{"@id":"https:\/\/kaizendren.com\/#\/schema\/logo\/image\/"},"sameAs":["https:\/\/www.facebook.com\/kaizendren","https:\/\/www.instagram.com\/kaizendren","https:\/\/www.tiktok.com\/@kaizendren"]}]}},"_links":{"self":[{"href":"https:\/\/kaizendren.com\/se\/wp-json\/wp\/v2\/pages\/35073","targetHints":{"allow":["GET"]}}],"collection":[{"href":"https:\/\/kaizendren.com\/se\/wp-json\/wp\/v2\/pages"}],"about":[{"href":"https:\/\/kaizendren.com\/se\/wp-json\/wp\/v2\/types\/page"}],"author":[{"embeddable":true,"href":"https:\/\/kaizendren.com\/se\/wp-json\/wp\/v2\/users\/1"}],"replies":[{"embeddable":true,"href":"https:\/\/kaizendren.com\/se\/wp-json\/wp\/v2\/comments?post=35073"}],"version-history":[{"count":2,"href":"https:\/\/kaizendren.com\/se\/wp-json\/wp\/v2\/pages\/35073\/revisions"}],"predecessor-version":[{"id":334564,"href":"https:\/\/kaizendren.com\/se\/wp-json\/wp\/v2\/pages\/35073\/revisions\/334564"}],"up":[{"embeddable":true,"href":"https:\/\/kaizendren.com\/se\/wp-json\/wp\/v2\/pages\/291031"}],"wp:attachment":[{"href":"https:\/\/kaizendren.com\/se\/wp-json\/wp\/v2\/media?parent=35073"}],"curies":[{"name":"wp","href":"https:\/\/api.w.org\/{rel}","templated":true}]}}