{"id":3,"date":"2023-10-25T11:27:08","date_gmt":"2023-10-25T11:27:08","guid":{"rendered":"https:\/\/kaizendren.com\/?page_id=3"},"modified":"2026-02-11T19:52:32","modified_gmt":"2026-02-11T17:52:32","slug":"integritetspolicy-2","status":"publish","type":"page","link":"https:\/\/kaizendren.com\/se\/information\/privacy-policy\/","title":{"rendered":"Integritetspolicy"},"content":{"rendered":"<h4 class=\"wp-block-heading\">Tillg\u00e4nglighet till information (sammanfattning av lagstiftning)<\/h4>\n\n\n\n<p>Leverant\u00f6ren f\u00f6rbinder sig att alltid f\u00f6rse kunden med f\u00f6ljande information:<br>a) F\u00f6retagsidentitet (f\u00f6retagsnamn och s\u00e4te, registernummer),<br>b) kontaktinformation som g\u00f6r det m\u00f6jligt f\u00f6r anv\u00e4ndaren att kommunicera snabbt och effektivt (e-post, telefon),<br>c) V\u00e4sentliga egenskaper hos varor eller tj\u00e4nster (inklusive kundservice och garantier),<br>d) produkttillg\u00e4nglighet (varje produkt eller tj\u00e4nst som erbjuds p\u00e5 webbplatsen ska vara tillg\u00e4nglig inom rimlig tid),<br>e) villkor f\u00f6r leverans av produkten eller utf\u00f6rande av tj\u00e4nsten (metod, plats och tidsfrist f\u00f6r leverans),<br>f) Alla priser m\u00e5ste anges klart och entydigt och det m\u00e5ste tydligt framg\u00e5 om de redan inkluderar skatter och transportkostnader,<br>g) betalnings- och leveransmetod,<br>h) Erbjudandets giltighetstid,<br>i) den period inom vilken det fortfarande \u00e4r m\u00f6jligt att fr\u00e5ntr\u00e4da avtalet och villkoren f\u00f6r fr\u00e5ntr\u00e4de; dessutom ocks\u00e5 om och hur mycket det kostar kunden att returnera produkten,<br>j) F\u00f6rklaring av klagom\u00e5lsf\u00f6rfarandet, inklusive all information om kontaktpersonen eller kundtj\u00e4nstavdelningen.<br>Genom att bekr\u00e4fta best\u00e4llningen godk\u00e4nner varje k\u00f6pare aff\u00e4rs- och anv\u00e4ndarvillkoren.<\/p>\n\n\n\n<h4 class=\"wp-block-heading\">Kontakt<\/h4>\n\n\n\n<p>Om du beh\u00f6ver information eller hj\u00e4lp med online-erbjudanden, best\u00e4llningar, leverans online, anv\u00e4ndning av webbplatsen eller returnering av varor kan du kontakta oss via e-postadressen info@kaizendren.com eller p\u00e5 +370 000 0000<\/p>\n\n\n\n<h4 class=\"wp-block-heading\">Avtal - best\u00e4llning<\/h4>\n\n\n\n<p>F\u00f6rs\u00e4ljningsavtalet mellan leverant\u00f6ren och k\u00f6paren ing\u00e5s i det \u00f6gonblick d\u00e5 leverant\u00f6ren bekr\u00e4ftar best\u00e4llningen och k\u00f6paren f\u00e5r ett e-postmeddelande. Fr\u00e5n och med detta \u00f6gonblick \u00e4r alla priser och andra villkor fasta och g\u00e4ller f\u00f6r b\u00e5de leverant\u00f6ren och k\u00f6paren. Genom att bekr\u00e4fta k\u00f6pet accepterar k\u00f6paren de allm\u00e4nna villkoren. Det avtal som ing\u00e5s mellan leverant\u00f6ren och anv\u00e4ndaren lagras permanent p\u00e5 Kaizendren MB:s huvudkontor eller p\u00e5 en korrekt s\u00e4krad fj\u00e4rrserver hos leverant\u00f6ren. Anv\u00e4ndaren kan f\u00e5 en kopia genom att beg\u00e4ra ett e-postmeddelande till: info@kaizendren.com. K\u00f6paren f\u00e5r en kopia av kontraktet (ordern) till sin e-postadress efter att ha gjort best\u00e4llningen.<\/p>\n\n\n\n<h4 class=\"wp-block-heading\">Priser p\u00e5 produkter<\/h4>\n\n\n\n<p>Produktpriserna anges i euro och g\u00e4ller den dag best\u00e4llningen g\u00f6rs. Priserna inkluderar moms, eftersom leverant\u00f6ren \u00e4r skyldig att betala moms. Vi f\u00f6rbeh\u00e5ller oss r\u00e4tten att \u00e4ndra priser utan f\u00f6reg\u00e5ende meddelande. N\u00e4r kunden bekr\u00e4ftar best\u00e4llningen i webbutiken g\u00e4ller de priser som publicerats vid tidpunkten f\u00f6r best\u00e4llningen. Priserna \u00e4r markerade p\u00e5 l\u00e4mpligt s\u00e4tt i webbutiken och g\u00e4ller f\u00f6r alla kunder. Leveranskostnader ing\u00e5r inte i produktpriset.<\/p>\n\n\n\n<h4 class=\"wp-block-heading\">Kampanjkoder<\/h4>\n\n\n\n<p>Villkor f\u00f6r samarbete:<\/p>\n\n\n\n<ol class=\"wp-block-list\">\n<li>Kampanjkoden \u00e4r inte giltig p\u00e5 m\u00e5nadens produkt.<\/li>\n\n\n\n<li>M\u00e5nadens produkt best\u00e4ms av webbplatsen och kan \u00e4ndras varje m\u00e5nad.<\/li>\n\n\n\n<li>Kampanjkoden kan anv\u00e4ndas f\u00f6r att k\u00f6pa alla andra produkter p\u00e5 webbplatsen.<\/li>\n\n\n\n<li>Kampanjkoden \u00e4r giltig f\u00f6r en anv\u00e4ndning per enskilt k\u00f6p.<\/li>\n\n\n\n<li>Kampanjkoden kan inte kombineras med andra rabatter eller kampanjer.<\/li>\n\n\n\n<li>Webbplatsen f\u00f6rbeh\u00e5ller sig r\u00e4tten att \u00e4ndra eller avbryta kampanjkoden utan f\u00f6reg\u00e5ende meddelande.<\/li>\n\n\n\n<li>Kampanjkoden har inget kontantv\u00e4rde och kan inte bytas ut mot kontanter<\/li>\n<\/ol>\n\n\n\n<h4 class=\"wp-block-heading\">Betalning<\/h4>\n\n\n\n<p>Onlinebutiken l\u00e5ter dig betala f\u00f6r produkter per postf\u00f6rskott och bank\u00f6verf\u00f6ring till TRR. Tillsammans med produkterna i f\u00f6rs\u00e4ndelsen f\u00e5r k\u00f6paren en faktura med specificerade kostnader. Betalning \u00e4r endast m\u00f6jlig i ett enda belopp.<br><br>- Med postf\u00f6rskottsmetoden betalar k\u00f6paren kontant n\u00e4r posten levererar f\u00f6rs\u00e4ndelsen. Postf\u00f6rskott \u00e4r endast m\u00f6jligt n\u00e4r faktureringsadressen \u00e4r densamma som leveransadressen.<br>- Vid betalning med proformafaktura kommer k\u00f6paren att f\u00e5 proformafakturan till sin e-postadress inom tre dagar baserat p\u00e5 den avslutade best\u00e4llningen. Efter att ha mottagit \u00f6verf\u00f6ringen skickar leverant\u00f6ren de best\u00e4llda produkterna till kunden per post.<\/p>\n\n\n\n<p>Betalning f\u00f6r best\u00e4llda produkter fr\u00e5n l\u00e4nder utanf\u00f6r Slovenien \u00e4r uteslutande m\u00f6jlig endast p\u00e5 grundval av en direkt banktransaktion (f\u00f6rskottsfaktura).<\/p>\n\n\n\n<h4 class=\"wp-block-heading\">Bill<\/h4>\n\n\n\n<p>Fakturan utf\u00e4rdas vid leverans och kommer att bifogas produkten.<\/p>\n\n\n\n<h4 class=\"wp-block-heading\">Leverans<\/h4>\n\n\n\n<p>Leverant\u00f6ren skickar de best\u00e4llda varorna inom tv\u00e5 arbetsdagar efter mottagandet av best\u00e4llningen (vid betalning mot postf\u00f6rskott) eller inom tv\u00e5 arbetsdagar efter mottagandet av betalningen (vid \u00f6verf\u00f6ring till TRR). Leveranstiden beror p\u00e5 vilken leveransservice som anv\u00e4nds och kan vara mellan en och fem arbetsdagar fr\u00e5n leveransdagen. Avtalspartner f\u00f6r leverans av paket \u00e4r DPD\/DHL. Vid k\u00f6p av varor betalas fraktkostnaden av k\u00f6paren och uppg\u00e5r till 9,99 euro.<\/p>\n\n\n\n<h4 class=\"wp-block-heading\">R\u00e4tt att fr\u00e5ntr\u00e4da k\u00f6pet, returnera varorna och \u00e5terbetala betalningen<\/h4>\n\n\n\n<p>Innan kunden skickar in best\u00e4llningen \u00f6ppnas en f\u00f6rhandsgranskning av best\u00e4llningen f\u00f6r honom, p\u00e5 grundval av vilken han kan kontrollera den information han har fyllt i i syfte att skicka in best\u00e4llningen. Vid felaktig inmatning kan k\u00f6paren korrigera felen i korgen. Om webbplatsen inte vill skicka ordern kan den st\u00e4nga eller l\u00e4mna inl\u00e4mningen av ordern och d\u00e4rmed avbryta inl\u00e4mningen och bekr\u00e4ftelsen av ordern.<\/p>\n\n\n\n<p>R\u00e4tt att fr\u00e5ntr\u00e4da k\u00f6pet, returnera varorna och \u00e5terbetala betalningen<\/p>\n\n\n\n<p>K\u00f6paren har r\u00e4tt att fr\u00e5ntr\u00e4da avtalet eller best\u00e4llningen inom 14 dagar efter mottagandet av varorna till leverant\u00f6ren p\u00e5 e-postadressen: info@kaizendren.com, utan att beh\u00f6va ange sk\u00e4l f\u00f6r sitt beslut.<\/p>\n\n\n\n<p>Om k\u00f6paren redan har mottagit varan och fr\u00e5ntr\u00e4der avtalet ska k\u00f6paren skicka tillbaka varan i oskadat skick och i samma kvantitet till leverant\u00f6ren\/f\u00f6retaget inom 14 dagar fr\u00e5n det att k\u00f6paren skickat meddelandet om att han fr\u00e5ntr\u00e4der avtalet. Den enda kostnad som debiteras k\u00f6paren i samband med fr\u00e5ntr\u00e4de av avtalet \u00e4r kostnaden f\u00f6r att returnera produkterna.<\/p>\n\n\n\n<p>Formul\u00e4ret f\u00f6r att fr\u00e5ntr\u00e4da artikelavtalet finns tillg\u00e4ngligt f\u00f6r anv\u00e4ndaren h\u00e4r.<\/p>\n\n\n\n<p>K\u00f6paren m\u00e5ste returnera de mottagna varorna oskadade och of\u00f6r\u00e4ndrade, s\u00e5vida inte varorna har skadats utan k\u00f6parens f\u00f6rskyllan.<\/p>\n\n\n\n<p>Vi \u00e5terbetalar de betalningar som gjorts till k\u00f6paren s\u00e5 snart som m\u00f6jligt, dock senast 14 dagar efter att ha mottagit meddelandet om att avtalet fr\u00e5ntr\u00e4ds. F\u00f6retaget \u00e5terbetalar de mottagna betalningarna till k\u00f6paren med samma betalningsmedel som k\u00f6paren anv\u00e4nde (vilket \u00e4r vanligast genom betalning till ett transaktionskonto), s\u00e5vida inte konsumenten uttryckligen har beg\u00e4rt att ett annat betalningsmedel ska anv\u00e4ndas och k\u00f6paren inte b\u00e4r n\u00e5gra kostnader till f\u00f6ljd av detta.<\/p>\n\n\n\n<p>Enligt 43 \u00a7 punkt 5 i konsumentskyddslagen har k\u00f6paren inte r\u00e4tt att fr\u00e5ntr\u00e4da avtalet (k\u00f6pet) om det \u00e4r fr\u00e5ga om en vara som tillverkats enligt k\u00f6parens exakta anvisningar och anpassats till hans personliga behov.<\/p>\n\n\n\n<h4 class=\"wp-block-heading\">Klagom\u00e5l<\/h4>\n\n\n\n<p>Leverant\u00f6ren g\u00f6r allt f\u00f6r att s\u00e4kerst\u00e4lla b\u00e4sta m\u00f6jliga produktkvalitet. Om det \u00e4nd\u00e5 h\u00e4nder att den produkt som mottagits av k\u00f6paren har en defekt, informerar han leverant\u00f6ren om detta via e-post, som informerar k\u00f6paren om processen f\u00f6r att l\u00f6sa klagom\u00e5let. Leverant\u00f6ren f\u00f6rbeh\u00e5ller sig r\u00e4tten att avvisa klagom\u00e5let i h\u00e4ndelse av att produktens oanv\u00e4ndbarhet eller skada orsakad av k\u00f6parens felaktiga beteende<\/p>\n\n\n\n<h4 class=\"wp-block-heading\">Ett sakfel<\/h4>\n\n\n\n<p>Konsumenten kan g\u00f6ra g\u00e4llande sina r\u00e4ttigheter vid ett v\u00e4sentligt fel om han eller hon underr\u00e4ttar s\u00e4ljaren om felet inom tv\u00e5 m\u00e5nader fr\u00e5n den dag d\u00e5 felet uppt\u00e4cktes. Konsumenten m\u00e5ste noggrant beskriva felet i felanm\u00e4lan och ge s\u00e4ljaren m\u00f6jlighet att inspektera varan.<\/p>\n\n\n\n<p>S\u00e4ljaren ansvarar inte f\u00f6r sakfel i varan som visar sig efter det att tv\u00e5 \u00e5r f\u00f6rflutit fr\u00e5n det att varan levererades. Ett fel i varan anses ha funnits redan vid leveransen om det visar sig inom sex m\u00e5nader fr\u00e5n leveransen.<\/p>\n\n\n\n<p>Konsumenten, som p\u00e5 ett korrekt s\u00e4tt har informerat s\u00e4ljaren om felet, har r\u00e4tt att kr\u00e4va av s\u00e4ljaren att:<\/p>\n\n\n\n<p>avhj\u00e4lpa felet i varan eller \u00e5terbetala en del av det betalda beloppet i proportion till felet eller<\/p>\n\n\n\n<p>ers\u00e4tter den defekta varan med en ny felfri eller<\/p>\n\n\n\n<p>returnerar det belopp som betalats.<\/p>\n\n\n\n<h4 class=\"wp-block-heading\">Kommunikation<\/h4>\n\n\n\n<p>Leverant\u00f6ren kommer att kontakta anv\u00e4ndaren med hj\u00e4lp av fj\u00e4rrkommunikation, om anv\u00e4ndaren inte uttryckligen mots\u00e4tter sig detta. E-postmeddelanden med reklam kommer att inneh\u00e5lla f\u00f6ljande komponenter:<br>\u2013 Avs\u00e4ndaren kommer att vara tydligt synlig.<br>\u2013 De kommer att tydligt och otvetydigt markeras som reklambudskap.<br>\u2013 Olika kampanjer, marknadsf\u00f6ringskampanjer och andra marknadsf\u00f6ringstekniker kommer att markeras som s\u00e5dana. \u00c4ven villkoren f\u00f6r deltagande i dem kommer att vara tydligt definierade.<br>\u2013 S\u00e4ttet att avsluta prenumerationen fr\u00e5n att ta emot reklammeddelanden kommer att presenteras tydligt.<br>\u2013 Leverant\u00f6ren kommer uttryckligen att respektera anv\u00e4ndarens \u00f6nskan att inte ta emot reklammeddelanden.<br>\u2013 Samma villkor som i v\u00e5r e-butik g\u00e4ller f\u00f6r f\u00f6rs\u00e4ljning via telefon. Ett snabbt och s\u00e4kert k\u00f6p garanteras ocks\u00e5.<\/p>\n\n\n\n<h4 class=\"wp-block-heading\">Skydd av personuppgifter<\/h4>\n\n\n\n<p>Den information som k\u00f6paren l\u00e4mnar \u00e4r strikt konfidentiell och behandlas i enlighet med lagen om skydd av personuppgifter (RS:s officiella tidning nr 59\/1999, 57\/2001, 59\/2001-reviderad) och konsumentskyddslagen - ZVPot-UPB1 (officiell konsoliderad text - RS:s officiella tidning nr 14\/03). Leverant\u00f6ren \u00e5tar sig att permanent skydda alla anv\u00e4ndarens personuppgifter. Leverant\u00f6ren kommer att anv\u00e4nda personuppgifter uteslutande i syfte att fullg\u00f6ra best\u00e4llningen (skicka informationsmaterial, erbjudanden, fakturor) och annan kommunikation. Under inga omst\u00e4ndigheter kommer anv\u00e4ndarens uppgifter att ges till obeh\u00f6riga personer. Anv\u00e4ndaren \u00e4r ocks\u00e5 ansvarig f\u00f6r skyddet av personuppgifter genom att s\u00e4kerst\u00e4lla s\u00e4kerheten och skyddet av sitt anv\u00e4ndarnamn och l\u00f6senord.<\/p>\n\n\n\n<h4 class=\"wp-block-heading\">Klagom\u00e5l och tvister<\/h4>\n\n\n\n<p>L\u00f6sning av konsumenttvister utanf\u00f6r domstol<\/p>\n\n\n\n<p>I enlighet med r\u00e4ttsliga normer erk\u00e4nner Kaizendren MB. inte n\u00e5gon leverant\u00f6r av tvistl\u00f6sning utanf\u00f6r domstol av konsumenttvister som beh\u00f6rig f\u00f6r l\u00f6sningen av en konsumenttvist som konsumenten kan inleda i enlighet med lagen om tvistl\u00f6sning utanf\u00f6r domstol av konsumenttvister.<\/p>\n\n\n\n<p>Kaizendren MB, som i egenskap av leverant\u00f6r av varor och tj\u00e4nster underl\u00e4ttar onlinehandel inom Republiken Sloveniens territorium, publicerar p\u00e5 sin webbplats en elektronisk l\u00e4nk till plattformen f\u00f6r online-l\u00f6sning av konsumenttvister (SRPS). Plattformen \u00e4r tillg\u00e4nglig f\u00f6r konsumenter h\u00e4r.<\/p>\n\n\n\n<figure class=\"wp-block-embed\"><div class=\"wp-block-embed__wrapper\">\nhttps:\/\/ec.europa.eu\/consumers\/odr\/main\/index.cfm?event=main.home.chooseLanguage\n<\/div><\/figure>\n\n\n\n<p>Ovan n\u00e4mnda reglering kommer fr\u00e5n lagen om reglering av konsumenttvister utanf\u00f6r domstol, Europaparlamentets och r\u00e5dets f\u00f6rordning (EU) nr 524\/2013 om tvistl\u00f6sning online vid konsumenttvister och om \u00e4ndring av f\u00f6rordning (EG) nr 2016\/2004 och direktiv 2009\/22\/EG.<\/p>\n\n\n\n<p>Vid klagom\u00e5l eller reklamationer, kontakta oss via e-post info@kaizendren.com eller ring oss p\u00e5 +370 000 0000<\/p>\n\n\n\n<h4 class=\"wp-block-heading\">Uppf\u00f6randekod<\/h4>\n\n\n\n<p>Leverant\u00f6ren har fastst\u00e4llt h\u00f6ga interna standarder f\u00f6r hantering av best\u00e4llningar, returer och kundklagom\u00e5l och f\u00f6rs\u00f6ker i st\u00f6rsta m\u00f6jliga utstr\u00e4ckning f\u00f6lja g\u00e4llande konsumentkrav och lagbest\u00e4mmelser. I enlighet med artikel 7 sj\u00e4tte strecksatsen i lagen om elektroniska aff\u00e4rer p\u00e5 marknaden (ZEPT) f\u00f6rklarar han att han inte har undertecknat uppf\u00f6randekoden f\u00f6r onlinehandlare.<\/p>\n\n\n\n<h4 class=\"wp-block-heading\">Upphovsr\u00e4ttsligt skydd<\/h4>\n\n\n\n<p>Allt inneh\u00e5ll p\u00e5 webbplatsen kaizendren.com, samt p\u00e5 dess undersidor, inklusive bild- och videomaterial, \u00e4r upphovsr\u00e4ttsskyddat enligt upphovsr\u00e4ttslagen och tillh\u00f6r leverant\u00f6ren. Leverant\u00f6ren till\u00e5ter anv\u00e4ndning av bild- och videomaterial f\u00f6r personligt bruk p\u00e5 sociala n\u00e4tverk, bloggar och fotogallerier med angiven k\u00e4lla.<\/p>\n\n\n\n<h4 class=\"wp-block-heading\">F\u00f6rklaring<\/h4>\n\n\n\n<p>All information kan komma att \u00e4ndras utan f\u00f6reg\u00e5ende meddelande, och leverant\u00f6ren kan ocks\u00e5 \u00e4ndra dessa villkor utan f\u00f6reg\u00e5ende meddelande. Om du beh\u00f6ver ytterligare f\u00f6rklaringar om de allm\u00e4nna villkoren f\u00f6r samarbete kan du kontakta oss.<\/p>\n\n\n\n<h4 class=\"wp-block-heading\">Information om verksamheten:<\/h4>\n\n\n\n<p>MB KAIZENDREN<br>Telefon: +370 683 16126<br>E-post:\u00a0<a href=\"mailto:info@kaizendren.com\">info@kaizendren.com<\/a><br>Registreringsnummer: 306556918<\/p>","protected":false},"excerpt":{"rendered":"<p>Tillg\u00e4nglighet av information (sammanfattning av lagstiftningen) Leverant\u00f6ren \u00e5tar sig att alltid f\u00f6rse kunden med f\u00f6ljande information: a) f\u00f6retagsidentitet<\/p>","protected":false},"author":1,"featured_media":0,"parent":291031,"menu_order":0,"comment_status":"closed","ping_status":"open","template":"","meta":{"footnotes":""},"class_list":["post-3","page","type-page","status-publish","hentry"],"yoast_head":"<!-- This site is optimized with the Yoast SEO plugin v27.4 - https:\/\/yoast.com\/product\/yoast-seo-wordpress\/ -->\n<title>Privacy policy - Kaizendren<\/title>\n<meta name=\"robots\" content=\"index, follow, max-snippet:-1, max-image-preview:large, max-video-preview:-1\" \/>\n<link rel=\"canonical\" href=\"https:\/\/kaizendren.com\/se\/information\/integritetspolicy-2\/\" \/>\n<meta property=\"og:locale\" content=\"sv_SE\" \/>\n<meta property=\"og:type\" content=\"article\" \/>\n<meta property=\"og:title\" content=\"Privacy policy - Kaizendren\" \/>\n<meta property=\"og:description\" content=\"Accessibility of information (summary of legislation) The provider undertakes to always provide the customer with the following information:a) company identity\" \/>\n<meta property=\"og:url\" content=\"https:\/\/kaizendren.com\/se\/information\/integritetspolicy-2\/\" \/>\n<meta property=\"og:site_name\" content=\"Kaizendren\" \/>\n<meta property=\"article:publisher\" content=\"https:\/\/www.facebook.com\/kaizendren\" \/>\n<meta property=\"article:modified_time\" content=\"2026-02-11T17:52:32+00:00\" \/>\n<meta property=\"og:image\" content=\"https:\/\/kaizendren.com\/wp-content\/uploads\/2023\/11\/insta-1.jpg\" \/>\n\t<meta property=\"og:image:width\" content=\"700\" \/>\n\t<meta property=\"og:image:height\" content=\"700\" \/>\n\t<meta property=\"og:image:type\" content=\"image\/jpeg\" \/>\n<meta name=\"twitter:card\" content=\"summary_large_image\" \/>\n<meta name=\"twitter:label1\" content=\"Ber\u00e4knad l\u00e4stid\" \/>\n\t<meta name=\"twitter:data1\" content=\"9 minuter\" \/>\n<script type=\"application\/ld+json\" class=\"yoast-schema-graph\">{\"@context\":\"https:\\\/\\\/schema.org\",\"@graph\":[{\"@type\":\"WebPage\",\"@id\":\"https:\\\/\\\/kaizendren.com\\\/information\\\/privacy-policy\\\/\",\"url\":\"https:\\\/\\\/kaizendren.com\\\/information\\\/privacy-policy\\\/\",\"name\":\"Privacy policy - Kaizendren\",\"isPartOf\":{\"@id\":\"https:\\\/\\\/kaizendren.com\\\/#website\"},\"datePublished\":\"2023-10-25T11:27:08+00:00\",\"dateModified\":\"2026-02-11T17:52:32+00:00\",\"breadcrumb\":{\"@id\":\"https:\\\/\\\/kaizendren.com\\\/information\\\/privacy-policy\\\/#breadcrumb\"},\"inLanguage\":\"sv-SE\",\"potentialAction\":[{\"@type\":\"ReadAction\",\"target\":[\"https:\\\/\\\/kaizendren.com\\\/information\\\/privacy-policy\\\/\"]}]},{\"@type\":\"BreadcrumbList\",\"@id\":\"https:\\\/\\\/kaizendren.com\\\/information\\\/privacy-policy\\\/#breadcrumb\",\"itemListElement\":[{\"@type\":\"ListItem\",\"position\":1,\"name\":\"Home\",\"item\":\"https:\\\/\\\/kaizendren.com\\\/\"},{\"@type\":\"ListItem\",\"position\":2,\"name\":\"Information\",\"item\":\"https:\\\/\\\/kaizendren.com\\\/information\\\/\"},{\"@type\":\"ListItem\",\"position\":3,\"name\":\"Privacy policy\"}]},{\"@type\":\"WebSite\",\"@id\":\"https:\\\/\\\/kaizendren.com\\\/#website\",\"url\":\"https:\\\/\\\/kaizendren.com\\\/\",\"name\":\"Kaizendren\",\"description\":\"Our Focus Is Your Health, Relaxation And Recovery\",\"publisher\":{\"@id\":\"https:\\\/\\\/kaizendren.com\\\/#organization\"},\"potentialAction\":[{\"@type\":\"SearchAction\",\"target\":{\"@type\":\"EntryPoint\",\"urlTemplate\":\"https:\\\/\\\/kaizendren.com\\\/?s={search_term_string}\"},\"query-input\":{\"@type\":\"PropertyValueSpecification\",\"valueRequired\":true,\"valueName\":\"search_term_string\"}}],\"inLanguage\":\"sv-SE\"},{\"@type\":\"Organization\",\"@id\":\"https:\\\/\\\/kaizendren.com\\\/#organization\",\"name\":\"Kaizendren\",\"url\":\"https:\\\/\\\/kaizendren.com\\\/\",\"logo\":{\"@type\":\"ImageObject\",\"inLanguage\":\"sv-SE\",\"@id\":\"https:\\\/\\\/kaizendren.com\\\/#\\\/schema\\\/logo\\\/image\\\/\",\"url\":\"https:\\\/\\\/kaizendren.com\\\/wp-content\\\/uploads\\\/2023\\\/11\\\/kaizendren-logo-head.png\",\"contentUrl\":\"https:\\\/\\\/kaizendren.com\\\/wp-content\\\/uploads\\\/2023\\\/11\\\/kaizendren-logo-head.png\",\"width\":336,\"height\":70,\"caption\":\"Kaizendren\"},\"image\":{\"@id\":\"https:\\\/\\\/kaizendren.com\\\/#\\\/schema\\\/logo\\\/image\\\/\"},\"sameAs\":[\"https:\\\/\\\/www.facebook.com\\\/kaizendren\",\"https:\\\/\\\/www.instagram.com\\\/kaizendren\",\"https:\\\/\\\/www.tiktok.com\\\/@kaizendren\"]}]}<\/script>\n<!-- \/ Yoast SEO plugin. -->","yoast_head_json":{"title":"Integritetspolicy - Kaizendren","robots":{"index":"index","follow":"follow","max-snippet":"max-snippet:-1","max-image-preview":"max-image-preview:large","max-video-preview":"max-video-preview:-1"},"canonical":"https:\/\/kaizendren.com\/se\/information\/integritetspolicy-2\/","og_locale":"sv_SE","og_type":"article","og_title":"Privacy policy - Kaizendren","og_description":"Accessibility of information (summary of legislation) The provider undertakes to always provide the customer with the following information:a) company identity","og_url":"https:\/\/kaizendren.com\/se\/information\/integritetspolicy-2\/","og_site_name":"Kaizendren","article_publisher":"https:\/\/www.facebook.com\/kaizendren","article_modified_time":"2026-02-11T17:52:32+00:00","og_image":[{"width":700,"height":700,"url":"https:\/\/kaizendren.com\/wp-content\/uploads\/2023\/11\/insta-1.jpg","type":"image\/jpeg"}],"twitter_card":"summary_large_image","twitter_misc":{"Ber\u00e4knad l\u00e4stid":"9 minuter"},"schema":{"@context":"https:\/\/schema.org","@graph":[{"@type":"WebPage","@id":"https:\/\/kaizendren.com\/information\/privacy-policy\/","url":"https:\/\/kaizendren.com\/information\/privacy-policy\/","name":"Integritetspolicy - Kaizendren","isPartOf":{"@id":"https:\/\/kaizendren.com\/#website"},"datePublished":"2023-10-25T11:27:08+00:00","dateModified":"2026-02-11T17:52:32+00:00","breadcrumb":{"@id":"https:\/\/kaizendren.com\/information\/privacy-policy\/#breadcrumb"},"inLanguage":"sv-SE","potentialAction":[{"@type":"ReadAction","target":["https:\/\/kaizendren.com\/information\/privacy-policy\/"]}]},{"@type":"BreadcrumbList","@id":"https:\/\/kaizendren.com\/information\/privacy-policy\/#breadcrumb","itemListElement":[{"@type":"ListItem","position":1,"name":"Home","item":"https:\/\/kaizendren.com\/"},{"@type":"ListItem","position":2,"name":"Information","item":"https:\/\/kaizendren.com\/information\/"},{"@type":"ListItem","position":3,"name":"Privacy policy"}]},{"@type":"WebSite","@id":"https:\/\/kaizendren.com\/#website","url":"https:\/\/kaizendren.com\/","name":"Kaizendren","description":"V\u00e5rt fokus \u00e4r din h\u00e4lsa, avkoppling och \u00e5terh\u00e4mtning","publisher":{"@id":"https:\/\/kaizendren.com\/#organization"},"potentialAction":[{"@type":"SearchAction","target":{"@type":"EntryPoint","urlTemplate":"https:\/\/kaizendren.com\/?s={search_term_string}"},"query-input":{"@type":"PropertyValueSpecification","valueRequired":true,"valueName":"search_term_string"}}],"inLanguage":"sv-SE"},{"@type":"Organization","@id":"https:\/\/kaizendren.com\/#organization","name":"Kaizendren","url":"https:\/\/kaizendren.com\/","logo":{"@type":"ImageObject","inLanguage":"sv-SE","@id":"https:\/\/kaizendren.com\/#\/schema\/logo\/image\/","url":"https:\/\/kaizendren.com\/wp-content\/uploads\/2023\/11\/kaizendren-logo-head.png","contentUrl":"https:\/\/kaizendren.com\/wp-content\/uploads\/2023\/11\/kaizendren-logo-head.png","width":336,"height":70,"caption":"Kaizendren"},"image":{"@id":"https:\/\/kaizendren.com\/#\/schema\/logo\/image\/"},"sameAs":["https:\/\/www.facebook.com\/kaizendren","https:\/\/www.instagram.com\/kaizendren","https:\/\/www.tiktok.com\/@kaizendren"]}]}},"_links":{"self":[{"href":"https:\/\/kaizendren.com\/se\/wp-json\/wp\/v2\/pages\/3","targetHints":{"allow":["GET"]}}],"collection":[{"href":"https:\/\/kaizendren.com\/se\/wp-json\/wp\/v2\/pages"}],"about":[{"href":"https:\/\/kaizendren.com\/se\/wp-json\/wp\/v2\/types\/page"}],"author":[{"embeddable":true,"href":"https:\/\/kaizendren.com\/se\/wp-json\/wp\/v2\/users\/1"}],"replies":[{"embeddable":true,"href":"https:\/\/kaizendren.com\/se\/wp-json\/wp\/v2\/comments?post=3"}],"version-history":[{"count":4,"href":"https:\/\/kaizendren.com\/se\/wp-json\/wp\/v2\/pages\/3\/revisions"}],"predecessor-version":[{"id":334605,"href":"https:\/\/kaizendren.com\/se\/wp-json\/wp\/v2\/pages\/3\/revisions\/334605"}],"up":[{"embeddable":true,"href":"https:\/\/kaizendren.com\/se\/wp-json\/wp\/v2\/pages\/291031"}],"wp:attachment":[{"href":"https:\/\/kaizendren.com\/se\/wp-json\/wp\/v2\/media?parent=3"}],"curies":[{"name":"wp","href":"https:\/\/api.w.org\/{rel}","templated":true}]}}