{"id":19,"date":"2023-11-22T16:18:07","date_gmt":"2023-11-22T14:18:07","guid":{"rendered":"https:\/\/kaizendren.com\/?page_id=19"},"modified":"2026-02-11T19:45:52","modified_gmt":"2026-02-11T17:45:52","slug":"returpolicy-2","status":"publish","type":"page","link":"https:\/\/kaizendren.com\/se\/information\/return-policy\/","title":{"rendered":"Returpolicy"},"content":{"rendered":"<h4 class=\"wp-block-heading\">30 dagars returperiod f\u00f6r felaktiga varor:<\/h4>\n\n\n\n<p>Vi \u00e4r \u00f6vertygade om kvaliteten p\u00e5 v\u00e5ra produkter, och om du f\u00e5r en felaktig vara erbjuder vi en problemfri returprocess. Du har 30 dagar p\u00e5 dig fr\u00e5n mottagningsdatumet att p\u00e5b\u00f6rja en retur f\u00f6r alla produkter som anses vara felaktiga eller defekta p\u00e5 grund av tillverkningsfel.<\/p>\n\n\n\n<p><p>Produkter som har utsatts f\u00f6r felaktig anv\u00e4ndning, oavsiktlig skada, felaktig hantering eller \u00e5sidos\u00e4ttande av produktv\u00e5rdsinstruktioner kommer inte att kvalificera sig f\u00f6r en retur enligt denna policy. Returer accepteras endast f\u00f6r k\u00f6p som gjorts online p\u00e5 kaizendren.com eller motsvarande underdom\u00e4ner och accepteras inte f\u00f6r varor som k\u00f6pts fr\u00e5n tredjepartsdistribut\u00f6rer.<\/p>\n<p>F\u00f6r att vara ber\u00e4ttigad till \u00e5terbetalning f\u00f6r en vara utan n\u00e5gra defekter: varan m\u00e5ste vara oanv\u00e4nd och i samma skick som du fick den. Produkten ska ocks\u00e5 vara i sin originalf\u00f6rpackning med alla taggar och etiketter kvar.<\/p><\/p>\n\n\n\n<h4 class=\"wp-block-heading\">Returneringsprocess:<\/h4>\n\n\n\n<p>V\u00e4nligen kontakta v\u00e5r kundtj\u00e4nst p\u00e5 info@kaizendren.com f\u00f6r att p\u00e5b\u00f6rja en retur. Du m\u00e5ste l\u00e4mna information om din best\u00e4llning, t.ex. ordernummer och en tydlig f\u00f6rklaring av problemet. Vi hj\u00e4lper dig med returprocessen och ber\u00e4ttar vad du ska g\u00f6ra h\u00e4rn\u00e4st.<\/p>\n\n\n\n<h4 class=\"wp-block-heading\">Kostnader f\u00f6r returfrakt:<\/h4>\n\n\n\n<p>Efter att produkten har levererats kan vi inte \u00e5terbetala dig f\u00f6r n\u00e5gra fraktkostnader. F\u00f6r felaktiga varor som returneras inom de f\u00f6rsta 30 dagarna betalar vi f\u00f6r returfrakten inom Europeiska unionen. Men om du vill returnera en produkt som du inte har anv\u00e4nt f\u00f6r att du har \u00e4ndrat dig m\u00e5ste du sj\u00e4lv betala f\u00f6r returfrakten.<\/p>\n\n\n\n<h4 class=\"wp-block-heading\">Misslyckad eller utebliven leverans:<\/h4>\n\n\n\n<p>Paketet kommer att returneras till avs\u00e4ndaren (Kaizendren) p\u00e5 kundens bekostnad om leveransen av paketet till den angivna leveransadressen f\u00f6rhindras av kundens bristande samarbete (felaktig eller felaktig leveransadress, fr\u00e5nvarande mottagare etc.).<\/p>\n\n\n\n<h4 class=\"wp-block-heading\">Besiktning och \u00e5terbetalning\/utbyte:<\/h4>\n\n\n\n<p>N\u00e4r vi f\u00e5r tillbaka produkten kommer v\u00e5rt skickliga team att kontrollera om den har det problem du rapporterade. Om vi uppt\u00e4cker att produkten \u00e4r felaktig g\u00f6r vi det du bad om: antingen \u00e5terbetalar vi dig eller skickar en ers\u00e4ttningsprodukt. Denna process kan ta upp till 7 dagar att slutf\u00f6ra.<\/p>\n\n\n\n<h4 class=\"wp-block-heading\">Skadest\u00e5nd och fr\u00e5gor:<\/h4>\n\n\n\n<p>Se till att du kontrollerar och inspekterar alla delar n\u00e4r du \u00f6ppnar dina Kaizendren-produkter. Om du hittar n\u00e5got som \u00e4r trasigt, saknas eller \u00e4r skadat, meddela oss s\u00e5 snart som m\u00f6jligt s\u00e5 fixar vi det \u00e5t dig.<\/p>\n\n\n\n<p>Du har 10 dagar p\u00e5 dig fr\u00e5n den dag du mottar best\u00e4llningen att skicka en beg\u00e4ran om ers\u00e4ttning till info@kaizendren.com. Vi accepterar endast ers\u00e4ttningsbeg\u00e4ran f\u00f6r tillverkningsfel, trasiga och saknade delar. Vi antar att eventuella mindre skador efter de f\u00f6rsta 10 dagarna \u00e4r normalt slitage p\u00e5 grund av produktens natur.<\/p>\n\n\n\n<p>Skadan m\u00e5ste p\u00e5verka hur produkten fungerar. Om produkten \u00e4r skadad med avsikt, genom olycksh\u00e4ndelse eller felaktig anv\u00e4ndning har vi r\u00e4tt att s\u00e4ga nej till ers\u00e4ttning.<\/p>","protected":false},"excerpt":{"rendered":"<p>30 dagars returr\u00e4tt f\u00f6r defekta varor: Vi \u00e4r s\u00e4kra p\u00e5 kvaliteten p\u00e5 v\u00e5ra produkter, och om du f\u00e5r en<\/p>","protected":false},"author":1,"featured_media":0,"parent":291031,"menu_order":0,"comment_status":"closed","ping_status":"closed","template":"","meta":{"footnotes":""},"class_list":["post-19","page","type-page","status-publish","hentry"],"yoast_head":"<!-- This site is optimized with the Yoast SEO plugin v27.4 - https:\/\/yoast.com\/product\/yoast-seo-wordpress\/ -->\n<title>Return policy - Kaizendren<\/title>\n<meta name=\"robots\" content=\"index, follow, max-snippet:-1, max-image-preview:large, max-video-preview:-1\" \/>\n<link rel=\"canonical\" href=\"https:\/\/kaizendren.com\/se\/information\/returpolicy-2\/\" \/>\n<meta property=\"og:locale\" content=\"sv_SE\" \/>\n<meta property=\"og:type\" content=\"article\" \/>\n<meta property=\"og:title\" content=\"Return policy - Kaizendren\" \/>\n<meta property=\"og:description\" content=\"30-day return period for faulty goods: We are confident in the quality of our products, and if you receive a\" \/>\n<meta property=\"og:url\" content=\"https:\/\/kaizendren.com\/se\/information\/returpolicy-2\/\" \/>\n<meta property=\"og:site_name\" content=\"Kaizendren\" \/>\n<meta property=\"article:publisher\" content=\"https:\/\/www.facebook.com\/kaizendren\" \/>\n<meta property=\"article:modified_time\" content=\"2026-02-11T17:45:52+00:00\" \/>\n<meta property=\"og:image\" content=\"https:\/\/kaizendren.com\/wp-content\/uploads\/2023\/11\/insta-1.jpg\" \/>\n\t<meta property=\"og:image:width\" content=\"700\" \/>\n\t<meta property=\"og:image:height\" content=\"700\" \/>\n\t<meta property=\"og:image:type\" content=\"image\/jpeg\" \/>\n<meta name=\"twitter:card\" content=\"summary_large_image\" \/>\n<meta name=\"twitter:label1\" content=\"Ber\u00e4knad l\u00e4stid\" \/>\n\t<meta name=\"twitter:data1\" content=\"3 minuter\" \/>\n<script type=\"application\/ld+json\" class=\"yoast-schema-graph\">{\"@context\":\"https:\\\/\\\/schema.org\",\"@graph\":[{\"@type\":\"WebPage\",\"@id\":\"https:\\\/\\\/kaizendren.com\\\/information\\\/return-policy\\\/\",\"url\":\"https:\\\/\\\/kaizendren.com\\\/information\\\/return-policy\\\/\",\"name\":\"Return policy - Kaizendren\",\"isPartOf\":{\"@id\":\"https:\\\/\\\/kaizendren.com\\\/#website\"},\"datePublished\":\"2023-11-22T14:18:07+00:00\",\"dateModified\":\"2026-02-11T17:45:52+00:00\",\"breadcrumb\":{\"@id\":\"https:\\\/\\\/kaizendren.com\\\/information\\\/return-policy\\\/#breadcrumb\"},\"inLanguage\":\"sv-SE\",\"potentialAction\":[{\"@type\":\"ReadAction\",\"target\":[\"https:\\\/\\\/kaizendren.com\\\/information\\\/return-policy\\\/\"]}]},{\"@type\":\"BreadcrumbList\",\"@id\":\"https:\\\/\\\/kaizendren.com\\\/information\\\/return-policy\\\/#breadcrumb\",\"itemListElement\":[{\"@type\":\"ListItem\",\"position\":1,\"name\":\"Home\",\"item\":\"https:\\\/\\\/kaizendren.com\\\/\"},{\"@type\":\"ListItem\",\"position\":2,\"name\":\"Information\",\"item\":\"https:\\\/\\\/kaizendren.com\\\/information\\\/\"},{\"@type\":\"ListItem\",\"position\":3,\"name\":\"Return policy\"}]},{\"@type\":\"WebSite\",\"@id\":\"https:\\\/\\\/kaizendren.com\\\/#website\",\"url\":\"https:\\\/\\\/kaizendren.com\\\/\",\"name\":\"Kaizendren\",\"description\":\"Our Focus Is Your Health, Relaxation And Recovery\",\"publisher\":{\"@id\":\"https:\\\/\\\/kaizendren.com\\\/#organization\"},\"potentialAction\":[{\"@type\":\"SearchAction\",\"target\":{\"@type\":\"EntryPoint\",\"urlTemplate\":\"https:\\\/\\\/kaizendren.com\\\/?s={search_term_string}\"},\"query-input\":{\"@type\":\"PropertyValueSpecification\",\"valueRequired\":true,\"valueName\":\"search_term_string\"}}],\"inLanguage\":\"sv-SE\"},{\"@type\":\"Organization\",\"@id\":\"https:\\\/\\\/kaizendren.com\\\/#organization\",\"name\":\"Kaizendren\",\"url\":\"https:\\\/\\\/kaizendren.com\\\/\",\"logo\":{\"@type\":\"ImageObject\",\"inLanguage\":\"sv-SE\",\"@id\":\"https:\\\/\\\/kaizendren.com\\\/#\\\/schema\\\/logo\\\/image\\\/\",\"url\":\"https:\\\/\\\/kaizendren.com\\\/wp-content\\\/uploads\\\/2023\\\/11\\\/kaizendren-logo-head.png\",\"contentUrl\":\"https:\\\/\\\/kaizendren.com\\\/wp-content\\\/uploads\\\/2023\\\/11\\\/kaizendren-logo-head.png\",\"width\":336,\"height\":70,\"caption\":\"Kaizendren\"},\"image\":{\"@id\":\"https:\\\/\\\/kaizendren.com\\\/#\\\/schema\\\/logo\\\/image\\\/\"},\"sameAs\":[\"https:\\\/\\\/www.facebook.com\\\/kaizendren\",\"https:\\\/\\\/www.instagram.com\\\/kaizendren\",\"https:\\\/\\\/www.tiktok.com\\\/@kaizendren\"]}]}<\/script>\n<!-- \/ Yoast SEO plugin. -->","yoast_head_json":{"title":"Returpolicy - Kaizendren","robots":{"index":"index","follow":"follow","max-snippet":"max-snippet:-1","max-image-preview":"max-image-preview:large","max-video-preview":"max-video-preview:-1"},"canonical":"https:\/\/kaizendren.com\/se\/information\/returpolicy-2\/","og_locale":"sv_SE","og_type":"article","og_title":"Return policy - Kaizendren","og_description":"30-day return period for faulty goods: We are confident in the quality of our products, and if you receive a","og_url":"https:\/\/kaizendren.com\/se\/information\/returpolicy-2\/","og_site_name":"Kaizendren","article_publisher":"https:\/\/www.facebook.com\/kaizendren","article_modified_time":"2026-02-11T17:45:52+00:00","og_image":[{"width":700,"height":700,"url":"https:\/\/kaizendren.com\/wp-content\/uploads\/2023\/11\/insta-1.jpg","type":"image\/jpeg"}],"twitter_card":"summary_large_image","twitter_misc":{"Ber\u00e4knad l\u00e4stid":"3 minuter"},"schema":{"@context":"https:\/\/schema.org","@graph":[{"@type":"WebPage","@id":"https:\/\/kaizendren.com\/information\/return-policy\/","url":"https:\/\/kaizendren.com\/information\/return-policy\/","name":"Returpolicy - Kaizendren","isPartOf":{"@id":"https:\/\/kaizendren.com\/#website"},"datePublished":"2023-11-22T14:18:07+00:00","dateModified":"2026-02-11T17:45:52+00:00","breadcrumb":{"@id":"https:\/\/kaizendren.com\/information\/return-policy\/#breadcrumb"},"inLanguage":"sv-SE","potentialAction":[{"@type":"ReadAction","target":["https:\/\/kaizendren.com\/information\/return-policy\/"]}]},{"@type":"BreadcrumbList","@id":"https:\/\/kaizendren.com\/information\/return-policy\/#breadcrumb","itemListElement":[{"@type":"ListItem","position":1,"name":"Home","item":"https:\/\/kaizendren.com\/"},{"@type":"ListItem","position":2,"name":"Information","item":"https:\/\/kaizendren.com\/information\/"},{"@type":"ListItem","position":3,"name":"Return policy"}]},{"@type":"WebSite","@id":"https:\/\/kaizendren.com\/#website","url":"https:\/\/kaizendren.com\/","name":"Kaizendren","description":"V\u00e5rt fokus \u00e4r din h\u00e4lsa, avkoppling och \u00e5terh\u00e4mtning","publisher":{"@id":"https:\/\/kaizendren.com\/#organization"},"potentialAction":[{"@type":"SearchAction","target":{"@type":"EntryPoint","urlTemplate":"https:\/\/kaizendren.com\/?s={search_term_string}"},"query-input":{"@type":"PropertyValueSpecification","valueRequired":true,"valueName":"search_term_string"}}],"inLanguage":"sv-SE"},{"@type":"Organization","@id":"https:\/\/kaizendren.com\/#organization","name":"Kaizendren","url":"https:\/\/kaizendren.com\/","logo":{"@type":"ImageObject","inLanguage":"sv-SE","@id":"https:\/\/kaizendren.com\/#\/schema\/logo\/image\/","url":"https:\/\/kaizendren.com\/wp-content\/uploads\/2023\/11\/kaizendren-logo-head.png","contentUrl":"https:\/\/kaizendren.com\/wp-content\/uploads\/2023\/11\/kaizendren-logo-head.png","width":336,"height":70,"caption":"Kaizendren"},"image":{"@id":"https:\/\/kaizendren.com\/#\/schema\/logo\/image\/"},"sameAs":["https:\/\/www.facebook.com\/kaizendren","https:\/\/www.instagram.com\/kaizendren","https:\/\/www.tiktok.com\/@kaizendren"]}]}},"_links":{"self":[{"href":"https:\/\/kaizendren.com\/se\/wp-json\/wp\/v2\/pages\/19","targetHints":{"allow":["GET"]}}],"collection":[{"href":"https:\/\/kaizendren.com\/se\/wp-json\/wp\/v2\/pages"}],"about":[{"href":"https:\/\/kaizendren.com\/se\/wp-json\/wp\/v2\/types\/page"}],"author":[{"embeddable":true,"href":"https:\/\/kaizendren.com\/se\/wp-json\/wp\/v2\/users\/1"}],"replies":[{"embeddable":true,"href":"https:\/\/kaizendren.com\/se\/wp-json\/wp\/v2\/comments?post=19"}],"version-history":[{"count":3,"href":"https:\/\/kaizendren.com\/se\/wp-json\/wp\/v2\/pages\/19\/revisions"}],"predecessor-version":[{"id":334580,"href":"https:\/\/kaizendren.com\/se\/wp-json\/wp\/v2\/pages\/19\/revisions\/334580"}],"up":[{"embeddable":true,"href":"https:\/\/kaizendren.com\/se\/wp-json\/wp\/v2\/pages\/291031"}],"wp:attachment":[{"href":"https:\/\/kaizendren.com\/se\/wp-json\/wp\/v2\/media?parent=19"}],"curies":[{"name":"wp","href":"https:\/\/api.w.org\/{rel}","templated":true}]}}