{"id":35073,"date":"2023-12-07T16:03:42","date_gmt":"2023-12-07T14:03:42","guid":{"rendered":"https:\/\/kaizendren.com\/?page_id=35073"},"modified":"2026-02-11T19:29:02","modified_gmt":"2026-02-11T17:29:02","slug":"informatii-privind-livrarea","status":"publish","type":"page","link":"https:\/\/kaizendren.com\/ro\/information\/delivery-information\/","title":{"rendered":"Informa\u021bii privind livrarea"},"content":{"rendered":"<h4 class=\"wp-block-heading\">Informa\u0163ii:<\/h4>\n\n\n\n<p>La Kaizendren, oferim clien\u021bilor no\u0219tri op\u021biuni de livrare la domiciliu prin curier DPD\/DHL la finalizarea comenzii. Pute\u021bi vedea mai jos timpii de livrare pentru fiecare \u021bar\u0103\/regiune.<\/p>\n\n\n\n<p>Poate dura p\u00e2n\u0103 la 2-5 zile lucr\u0103toare de la data expedierii sau mai mult pentru livrarea expres interna\u021bional\u0103, \u00een func\u021bie de eventualele probleme sau \u00eent\u00e2rzieri din \u021bara dvs. Uneori, provoc\u0103rile lan\u021bului de aprovizionare global pot afecta, de asemenea, timpul de livrare.<\/p>\n\n\n\n<h4 class=\"wp-block-heading\">Timpul de livrare:<\/h4>\n\n\n\n<p>V\u0103 rug\u0103m s\u0103 re\u021bine\u021bi c\u0103 timpii de livrare pot varia. Op\u021biunile de livrare actuale \u0219i timpii de livrare estima\u021bi sunt urm\u0103toarele:<\/p>\n\n\n\n<p>\u021a\u0103rile Uniunii Europene: <strong>2-5 zile lucr\u0103toare<\/strong>.<br>Regatul Unit: <strong>2-3 zile lucr\u0103toare<\/strong>.<br>\u00cen afara Uniunii Europene: <strong>5-14 zile lucr\u0103toare<\/strong>.<br>Lituania: <strong>1-2 zile lucr\u0103toare<\/strong>.<br>Letonia: <strong>2-3 zile lucr\u0103toare<\/strong>.<br>Estonia: <strong>2-3 zile lucr\u0103toare<\/strong>.<br>Polonia: <strong>2-3 zile lucr\u0103toare<\/strong>.<br>Finlanda: <strong>2-5 zile lucr\u0103toare<\/strong>.<br>Austria: <strong>2-4 zile lucr\u0103toare<\/strong>.<br>Belgia: <strong>2-4 zile lucr\u0103toare<\/strong>.<br>Republica Ceh\u0103: <strong>2-4 zile lucr\u0103toare<\/strong>.<br>Danemarca: <strong>2-4 zile lucr\u0103toare<\/strong>.<br>Luxemburg: <strong>2-4 zile lucr\u0103toare<\/strong>.<br>Olanda: <strong>2-4 zile lucr\u0103toare<\/strong>.<br>Fran\u0163a: <strong>2-4 zile lucr\u0103toare<\/strong>.<br>Slovacia: <strong>2-5 zile lucr\u0103toare<\/strong>.<br>Germania: <strong>2-4 zile lucr\u0103toare<\/strong>.<br>Italia: <strong>3-6 zile lucr\u0103toare<\/strong>.<br>Croa\u0163ia: <strong>2-6 zile lucr\u0103toare<\/strong>.<br>Slovenia: <strong>2-5 zile lucr\u0103toare<\/strong>.<br>Suedia: <strong>2-5 zile lucr\u0103toare<\/strong>.<br>Ungaria: <strong>2-4 zile lucr\u0103toare<\/strong>.<br>Irlanda: <strong>3-6 zile lucr\u0103toare<\/strong>.<br>Bulgaria: <strong>3-6 zile lucr\u0103toare<\/strong>.<br>Grecia: <strong>3-6 zile lucr\u0103toare<\/strong>.<br>Spania: <strong>3-5 zile lucr\u0103toare<\/strong>.<br>Portugalia: <strong>3-6 zile lucr\u0103toare<\/strong>.<br>Rom\u00e2nia: <strong>2-5 zile lucr\u0103toare<\/strong>.<br>Elve\u0163ia: <strong>5-12 zile lucr\u0103toare<\/strong>.<br>Norvegia: <strong>5-12 zile lucr\u0103toare<\/strong>.<br>Serbia: <strong>5-12 zile lucr\u0103toare<\/strong>.<br>Bosnia \u0219i Her\u021begovina: <strong>5-12 zile lucr\u0103toare<\/strong>.<br>Muntenegru: <strong>5-12 zile lucr\u0103toare<\/strong>.<br>Albania: <strong>5-12 zile lucr\u0103toare<\/strong>.<br><br><\/p>\n\n\n\n<h4 class=\"wp-block-heading\">Destina\u021bii de livrare:<\/h4>\n\n\n\n<p>Oferim servicii de livrare la domiciliu \u00een urm\u0103toarele \u021b\u0103ri: Marea Britanie (Regatul Unit), Lituania, Letonia, Estonia, Polonia, Finlanda, Austria, Belgia, Republica Ceh\u0103, Danemarca, Luxemburg, Olanda, Fran\u021ba, Slovacia, Germania, Italia, Croa\u021bia, Slovenia, Suedia, Ungaria, Irlanda, Bulgaria, Grecia, Spania, Portugalia, Rom\u00e2nia, Elve\u021bia, Norvegia, Serbia, Bosnia \u0219i Her\u021begovina, Muntenegru, Albania.<\/p>\n\n\n\n<h4 class=\"wp-block-heading\">Livrare e\u0219uat\u0103 sau lips\u0103:<\/h4>\n\n\n\n<p>Coletul va fi returnat expeditorului (Kaizendren) pe cheltuiala clientului dac\u0103 livrarea coletului la adresa de livrare specificat\u0103 este \u00eempiedicat\u0103 de lipsa de cooperare a clientului (adres\u0103 de livrare gre\u0219it\u0103 sau eronat\u0103, absen\u021ba destinatarului etc.).<\/p>\n\n\n\n<h4 class=\"wp-block-heading\">Articole neprimite, dar urm\u0103rirea arat\u0103 c\u0103 au fost livrate:<\/h4>\n\n\n\n<p>Nu schimb\u0103m \u0219i nu ramburs\u0103m articolele marcate de serviciul de livrare ca livrate. Din acest motiv, v\u0103 recomand\u0103m \u00eentotdeauna s\u0103 alege\u021bi o loca\u021bie sigur\u0103 pentru livrarea coletelor. C\u00e2nd expedierea ajunge la adresa furnizat\u0103, serviciul de livrare o va marca ca livrat\u0103. V\u0103 suger\u0103m s\u0103 verifica\u021bi cutia po\u0219tal\u0103, s\u0103 suna\u021bi la serviciul de livrare sau s\u0103 contacta\u021bi oficiul po\u0219tal local dac\u0103 nu a\u021bi primit comanda, dar aceasta a fost marcat\u0103 ca livrat\u0103.<\/p>\n\n\n\n<h4 class=\"wp-block-heading\">Colete respinse de la vam\u0103:<\/h4>\n\n\n\n<p>Nu ramburs\u0103m taxe vamale sau comisioane de import. Fiecare client trebuie s\u0103 pl\u0103teasc\u0103 taxele \u0219i impozitele de import din \u021bara sa. Dac\u0103 nu pl\u0103ti\u021bi taxele vamale \u0219i comanda dvs. ne este trimis\u0103 \u00eenapoi, v\u0103 vom rambursa pre\u021bul de achizi\u021bie minus toate taxele de transport\/vam\u0103. Articolul trebuie s\u0103 fie nedeteriorat \u0219i s\u0103 poat\u0103 fi rev\u00e2ndut pentru ca rambursarea s\u0103 se aplice. Suma exact\u0103 v\u0103 va fi trimis\u0103 prin e-mail atunci c\u00e2nd vom primi suma returnat\u0103.<\/p>\n\n\n\n<p>V\u0103 rug\u0103m s\u0103 re\u021bine\u021bi: pl\u0103tim transportul de dou\u0103 ori atunci c\u00e2nd un colet este trimis \u00eenapoi c\u0103tre noi. O dat\u0103 c\u00e2nd \u00eel expediem ini\u021bial \u0219i o dat\u0103 c\u00e2nd \u00eel trimitem \u00eenapoi. Ambele costuri de transport vor fi deduse din suma rambursat\u0103.<\/p>","protected":false},"excerpt":{"rendered":"<p>Informa\u021bii: La Kaizendren, oferim clien\u021bilor no\u0219tri op\u021biuni de livrare la domiciliu prin curier DPD\/DHL la finalizarea comenzii. Pute\u021bi vedea livrarea<\/p>","protected":false},"author":1,"featured_media":0,"parent":291031,"menu_order":0,"comment_status":"closed","ping_status":"closed","template":"","meta":{"footnotes":""},"class_list":["post-35073","page","type-page","status-publish","hentry"],"yoast_head":"<!-- This site is optimized with the Yoast SEO plugin v27.4 - https:\/\/yoast.com\/product\/yoast-seo-wordpress\/ -->\n<title>Delivery information - Kaizendren<\/title>\n<meta name=\"robots\" content=\"index, follow, max-snippet:-1, max-image-preview:large, max-video-preview:-1\" \/>\n<link rel=\"canonical\" href=\"https:\/\/kaizendren.com\/ro\/informatii\/informatii-privind-livrarea\/\" \/>\n<meta property=\"og:locale\" content=\"ro_RO\" \/>\n<meta property=\"og:type\" content=\"article\" \/>\n<meta property=\"og:title\" content=\"Delivery information - Kaizendren\" \/>\n<meta property=\"og:description\" content=\"Information: At Kaizendren, we offer our customers home delivery options with DPD\/DHL courrier at checkout. You can see the delivery\" \/>\n<meta property=\"og:url\" content=\"https:\/\/kaizendren.com\/ro\/informatii\/informatii-privind-livrarea\/\" \/>\n<meta property=\"og:site_name\" content=\"Kaizendren\" \/>\n<meta property=\"article:publisher\" content=\"https:\/\/www.facebook.com\/kaizendren\" \/>\n<meta property=\"article:modified_time\" content=\"2026-02-11T17:29:02+00:00\" \/>\n<meta property=\"og:image\" content=\"https:\/\/kaizendren.com\/wp-content\/uploads\/2023\/11\/insta-1.jpg\" \/>\n\t<meta property=\"og:image:width\" content=\"700\" \/>\n\t<meta property=\"og:image:height\" content=\"700\" \/>\n\t<meta property=\"og:image:type\" content=\"image\/jpeg\" \/>\n<meta name=\"twitter:card\" content=\"summary_large_image\" \/>\n<meta name=\"twitter:label1\" content=\"Timp estimat pentru citire\" \/>\n\t<meta name=\"twitter:data1\" content=\"3 minute\" \/>\n<script type=\"application\/ld+json\" class=\"yoast-schema-graph\">{\"@context\":\"https:\\\/\\\/schema.org\",\"@graph\":[{\"@type\":\"WebPage\",\"@id\":\"https:\\\/\\\/kaizendren.com\\\/information\\\/delivery-information\\\/\",\"url\":\"https:\\\/\\\/kaizendren.com\\\/information\\\/delivery-information\\\/\",\"name\":\"Delivery information - Kaizendren\",\"isPartOf\":{\"@id\":\"https:\\\/\\\/kaizendren.com\\\/#website\"},\"datePublished\":\"2023-12-07T14:03:42+00:00\",\"dateModified\":\"2026-02-11T17:29:02+00:00\",\"breadcrumb\":{\"@id\":\"https:\\\/\\\/kaizendren.com\\\/information\\\/delivery-information\\\/#breadcrumb\"},\"inLanguage\":\"ro-RO\",\"potentialAction\":[{\"@type\":\"ReadAction\",\"target\":[\"https:\\\/\\\/kaizendren.com\\\/information\\\/delivery-information\\\/\"]}]},{\"@type\":\"BreadcrumbList\",\"@id\":\"https:\\\/\\\/kaizendren.com\\\/information\\\/delivery-information\\\/#breadcrumb\",\"itemListElement\":[{\"@type\":\"ListItem\",\"position\":1,\"name\":\"Home\",\"item\":\"https:\\\/\\\/kaizendren.com\\\/\"},{\"@type\":\"ListItem\",\"position\":2,\"name\":\"Information\",\"item\":\"https:\\\/\\\/kaizendren.com\\\/information\\\/\"},{\"@type\":\"ListItem\",\"position\":3,\"name\":\"Delivery information\"}]},{\"@type\":\"WebSite\",\"@id\":\"https:\\\/\\\/kaizendren.com\\\/#website\",\"url\":\"https:\\\/\\\/kaizendren.com\\\/\",\"name\":\"Kaizendren\",\"description\":\"Our Focus Is Your Health, Relaxation And Recovery\",\"publisher\":{\"@id\":\"https:\\\/\\\/kaizendren.com\\\/#organization\"},\"potentialAction\":[{\"@type\":\"SearchAction\",\"target\":{\"@type\":\"EntryPoint\",\"urlTemplate\":\"https:\\\/\\\/kaizendren.com\\\/?s={search_term_string}\"},\"query-input\":{\"@type\":\"PropertyValueSpecification\",\"valueRequired\":true,\"valueName\":\"search_term_string\"}}],\"inLanguage\":\"ro-RO\"},{\"@type\":\"Organization\",\"@id\":\"https:\\\/\\\/kaizendren.com\\\/#organization\",\"name\":\"Kaizendren\",\"url\":\"https:\\\/\\\/kaizendren.com\\\/\",\"logo\":{\"@type\":\"ImageObject\",\"inLanguage\":\"ro-RO\",\"@id\":\"https:\\\/\\\/kaizendren.com\\\/#\\\/schema\\\/logo\\\/image\\\/\",\"url\":\"https:\\\/\\\/kaizendren.com\\\/wp-content\\\/uploads\\\/2023\\\/11\\\/kaizendren-logo-head.png\",\"contentUrl\":\"https:\\\/\\\/kaizendren.com\\\/wp-content\\\/uploads\\\/2023\\\/11\\\/kaizendren-logo-head.png\",\"width\":336,\"height\":70,\"caption\":\"Kaizendren\"},\"image\":{\"@id\":\"https:\\\/\\\/kaizendren.com\\\/#\\\/schema\\\/logo\\\/image\\\/\"},\"sameAs\":[\"https:\\\/\\\/www.facebook.com\\\/kaizendren\",\"https:\\\/\\\/www.instagram.com\\\/kaizendren\",\"https:\\\/\\\/www.tiktok.com\\\/@kaizendren\"]}]}<\/script>\n<!-- \/ Yoast SEO plugin. -->","yoast_head_json":{"title":"Informa\u021bii de livrare - Kaizendren","robots":{"index":"index","follow":"follow","max-snippet":"max-snippet:-1","max-image-preview":"max-image-preview:large","max-video-preview":"max-video-preview:-1"},"canonical":"https:\/\/kaizendren.com\/ro\/informatii\/informatii-privind-livrarea\/","og_locale":"ro_RO","og_type":"article","og_title":"Delivery information - Kaizendren","og_description":"Information: At Kaizendren, we offer our customers home delivery options with DPD\/DHL courrier at checkout. You can see the delivery","og_url":"https:\/\/kaizendren.com\/ro\/informatii\/informatii-privind-livrarea\/","og_site_name":"Kaizendren","article_publisher":"https:\/\/www.facebook.com\/kaizendren","article_modified_time":"2026-02-11T17:29:02+00:00","og_image":[{"width":700,"height":700,"url":"https:\/\/kaizendren.com\/wp-content\/uploads\/2023\/11\/insta-1.jpg","type":"image\/jpeg"}],"twitter_card":"summary_large_image","twitter_misc":{"Timp estimat pentru citire":"3 minute"},"schema":{"@context":"https:\/\/schema.org","@graph":[{"@type":"WebPage","@id":"https:\/\/kaizendren.com\/information\/delivery-information\/","url":"https:\/\/kaizendren.com\/information\/delivery-information\/","name":"Informa\u021bii de livrare - Kaizendren","isPartOf":{"@id":"https:\/\/kaizendren.com\/#website"},"datePublished":"2023-12-07T14:03:42+00:00","dateModified":"2026-02-11T17:29:02+00:00","breadcrumb":{"@id":"https:\/\/kaizendren.com\/information\/delivery-information\/#breadcrumb"},"inLanguage":"ro-RO","potentialAction":[{"@type":"ReadAction","target":["https:\/\/kaizendren.com\/information\/delivery-information\/"]}]},{"@type":"BreadcrumbList","@id":"https:\/\/kaizendren.com\/information\/delivery-information\/#breadcrumb","itemListElement":[{"@type":"ListItem","position":1,"name":"Home","item":"https:\/\/kaizendren.com\/"},{"@type":"ListItem","position":2,"name":"Information","item":"https:\/\/kaizendren.com\/information\/"},{"@type":"ListItem","position":3,"name":"Delivery information"}]},{"@type":"WebSite","@id":"https:\/\/kaizendren.com\/#website","url":"https:\/\/kaizendren.com\/","name":"Kaizendren","description":"Concentrarea noastr\u0103 este s\u0103n\u0103tatea, relaxarea \u0219i recuperarea dumneavoastr\u0103","publisher":{"@id":"https:\/\/kaizendren.com\/#organization"},"potentialAction":[{"@type":"SearchAction","target":{"@type":"EntryPoint","urlTemplate":"https:\/\/kaizendren.com\/?s={search_term_string}"},"query-input":{"@type":"PropertyValueSpecification","valueRequired":true,"valueName":"search_term_string"}}],"inLanguage":"ro-RO"},{"@type":"Organization","@id":"https:\/\/kaizendren.com\/#organization","name":"Kaizendren","url":"https:\/\/kaizendren.com\/","logo":{"@type":"ImageObject","inLanguage":"ro-RO","@id":"https:\/\/kaizendren.com\/#\/schema\/logo\/image\/","url":"https:\/\/kaizendren.com\/wp-content\/uploads\/2023\/11\/kaizendren-logo-head.png","contentUrl":"https:\/\/kaizendren.com\/wp-content\/uploads\/2023\/11\/kaizendren-logo-head.png","width":336,"height":70,"caption":"Kaizendren"},"image":{"@id":"https:\/\/kaizendren.com\/#\/schema\/logo\/image\/"},"sameAs":["https:\/\/www.facebook.com\/kaizendren","https:\/\/www.instagram.com\/kaizendren","https:\/\/www.tiktok.com\/@kaizendren"]}]}},"_links":{"self":[{"href":"https:\/\/kaizendren.com\/ro\/wp-json\/wp\/v2\/pages\/35073","targetHints":{"allow":["GET"]}}],"collection":[{"href":"https:\/\/kaizendren.com\/ro\/wp-json\/wp\/v2\/pages"}],"about":[{"href":"https:\/\/kaizendren.com\/ro\/wp-json\/wp\/v2\/types\/page"}],"author":[{"embeddable":true,"href":"https:\/\/kaizendren.com\/ro\/wp-json\/wp\/v2\/users\/1"}],"replies":[{"embeddable":true,"href":"https:\/\/kaizendren.com\/ro\/wp-json\/wp\/v2\/comments?post=35073"}],"version-history":[{"count":2,"href":"https:\/\/kaizendren.com\/ro\/wp-json\/wp\/v2\/pages\/35073\/revisions"}],"predecessor-version":[{"id":334564,"href":"https:\/\/kaizendren.com\/ro\/wp-json\/wp\/v2\/pages\/35073\/revisions\/334564"}],"up":[{"embeddable":true,"href":"https:\/\/kaizendren.com\/ro\/wp-json\/wp\/v2\/pages\/291031"}],"wp:attachment":[{"href":"https:\/\/kaizendren.com\/ro\/wp-json\/wp\/v2\/media?parent=35073"}],"curies":[{"name":"wp","href":"https:\/\/api.w.org\/{rel}","templated":true}]}}