{"id":3,"date":"2023-10-25T11:27:08","date_gmt":"2023-10-25T11:27:08","guid":{"rendered":"https:\/\/kaizendren.com\/?page_id=3"},"modified":"2026-02-11T19:52:32","modified_gmt":"2026-02-11T17:52:32","slug":"politica-de-confidentialitate","status":"publish","type":"page","link":"https:\/\/kaizendren.com\/ro\/information\/privacy-policy\/","title":{"rendered":"Politica de confiden\u021bialitate"},"content":{"rendered":"<h4 class=\"wp-block-heading\">Accesibilitatea informa\u021biilor (rezumat al legisla\u021biei)<\/h4>\n\n\n\n<p>Furnizorul se angajeaz\u0103 s\u0103 furnizeze \u00eentotdeauna clientului urm\u0103toarele informa\u021bii:<br>a) identitatea companiei (denumirea \u0219i sediul social al companiei, num\u0103rul de \u00eenregistrare),<br>b) informa\u021bii de contact care permit utilizatorului s\u0103 comunice rapid \u0219i eficient (e-mail, telefon),<br>c) caracteristicile esen\u021biale ale bunurilor sau serviciilor (inclusiv serviciile post-v\u00e2nzare \u0219i garan\u021biile),<br>d) disponibilitatea produsului (fiecare produs sau serviciu oferit pe site-ul web ar trebui s\u0103 fie disponibil \u00eentr-un termen rezonabil),<br>e) condi\u021biile de livrare a produsului sau de prestare a serviciului (metoda, locul \u0219i termenul de livrare),<br>f) toate pre\u021burile trebuie specificate clar \u0219i f\u0103r\u0103 ambiguitate \u0219i trebuie s\u0103 se indice clar dac\u0103 includ deja taxele \u0219i costurile de transport,<br>g) metoda de plat\u0103 \u0219i livrare,<br>h) valabilitatea ofertei \u00een timp,<br>i) perioada \u00een care este \u00eenc\u0103 posibil\u0103 retragerea din contract \u0219i condi\u021biile de retragere; \u00een plus, \u0219i dac\u0103 \u0219i c\u00e2t cost\u0103 clientul returnarea produsului,<br>j) explica\u021bia procedurii de reclama\u021bii, inclusiv toate informa\u021biile despre persoana de contact sau departamentul de rela\u021bii cu clien\u021bii.<br>Prin confirmarea comenzii, fiecare cump\u0103r\u0103tor este de acord cu termenii de afaceri \u0219i de utilizare.<\/p>\n\n\n\n<h4 class=\"wp-block-heading\">Contact<\/h4>\n\n\n\n<p>Dac\u0103 ave\u021bi nevoie de informa\u021bii sau ajutor cu ofertele online, plasarea comenzilor, livrarea online, utilizarea site-ului web sau returnarea de produse, ne pute\u021bi contacta prin intermediul adresei de e-mail: info@kaizendren.com sau la num\u0103rul de telefon +370 000 0000.<\/p>\n\n\n\n<h4 class=\"wp-block-heading\">Contract \u2013 comand\u0103<\/h4>\n\n\n\n<p>Contractul de v\u00e2nzare-cump\u0103rare dintre furnizor \u0219i cump\u0103r\u0103tor este \u00eencheiat \u00een momentul \u00een care furnizorul confirm\u0103 comanda \u0219i cump\u0103r\u0103torul prime\u0219te un e-mail. Din acest moment, toate pre\u021burile \u0219i celelalte condi\u021bii sunt fixe \u0219i se aplic\u0103 at\u00e2t furnizorului, c\u00e2t \u0219i cump\u0103r\u0103torului. Prin confirmarea achizi\u021biei, cump\u0103r\u0103torul accept\u0103 condi\u021biile generale. Contractul \u00eencheiat de furnizor \u0219i utilizator este stocat permanent la sediul central al Kaizendren MB sau pe un server la distan\u021b\u0103 securizat corespunz\u0103tor al furnizorului. Utilizatorul poate ob\u021bine o copie solicit\u00e2nd un e-mail la adresa: info@kaizendren.com. Cump\u0103r\u0103torul prime\u0219te o copie a contractului (comenzii) la adresa sa de e-mail dup\u0103 plasarea comenzii.<\/p>\n\n\n\n<h4 class=\"wp-block-heading\">Pre\u021burile produselor<\/h4>\n\n\n\n<p>Pre\u021burile produselor sunt afi\u0219ate \u00een euro \u0219i sunt valabile \u00een ziua comenzii. Pre\u021burile includ TVA, deoarece furnizorul este r\u0103spunz\u0103tor pentru TVA. Ne rezerv\u0103m dreptul de a modifica pre\u021burile f\u0103r\u0103 notificare prealabil\u0103. Atunci c\u00e2nd clientul confirm\u0103 comanda \u00een magazinul online, se aplic\u0103 pre\u021burile publicate la momentul comenzii. Pre\u021burile sunt afi\u0219ate corespunz\u0103tor \u00een magazinul online \u0219i se aplic\u0103 tuturor clien\u021bilor. Costurile de livrare nu sunt incluse \u00een pre\u021bul produsului.<\/p>\n\n\n\n<h4 class=\"wp-block-heading\">Coduri promo\u021bionale<\/h4>\n\n\n\n<p>Condi\u021bii de cooperare:<\/p>\n\n\n\n<ol class=\"wp-block-list\">\n<li>Codul promo\u021bional nu este valabil pentru produsul lunii.<\/li>\n\n\n\n<li>Produsul lunii este stabilit de site \u0219i se poate schimba \u00een fiecare lun\u0103.<\/li>\n\n\n\n<li>Codul promo\u021bional poate fi folosit pentru a achizi\u021biona toate celelalte produse de pe site.<\/li>\n\n\n\n<li>Codul promo\u021bional este valabil pentru o singur\u0103 utilizare per achizi\u021bie individual\u0103.<\/li>\n\n\n\n<li>Codul promo\u021bional nu poate fi combinat cu alte reduceri sau promo\u021bii.<\/li>\n\n\n\n<li>Site-ul \u00ee\u0219i rezerv\u0103 dreptul de a modifica sau anula codul promo\u021bional f\u0103r\u0103 notificare prealabil\u0103.<\/li>\n\n\n\n<li>Codul promo\u021bional nu are valoare \u00een numerar \u0219i nu poate fi schimbat \u00een bani<\/li>\n<\/ol>\n\n\n\n<h4 class=\"wp-block-heading\">Plat\u0103<\/h4>\n\n\n\n<p>Magazinul online v\u0103 permite s\u0103 pl\u0103ti\u021bi produsele prin ramburs la livrare \u0219i prin transfer bancar c\u0103tre TRR. \u00cempreun\u0103 cu produsele din expediere, cump\u0103r\u0103torul prime\u0219te o factur\u0103 cu costurile detaliate. Plata este posibil\u0103 doar \u00eentr-o singur\u0103 sum\u0103.<br><br>\u2013 \u00cen cazul metodei de plat\u0103 ramburs, cump\u0103r\u0103torul pl\u0103te\u0219te \u00een numerar atunci c\u00e2nd oficiul po\u0219tal livreaz\u0103 coletul. Plata ramburs este posibil\u0103 numai atunci c\u00e2nd adresa de facturare este aceea\u0219i cu adresa de livrare.<br>\u2013 \u00cen cazul pl\u0103\u021bii prin factur\u0103 proform\u0103, cump\u0103r\u0103torul va primi factura proform\u0103 la adresa sa de e-mail \u00een termen de trei zile, pe baza comenzii finalizate. Dup\u0103 primirea transferului, furnizorul trimite produsele comandate clientului prin po\u0219t\u0103.<\/p>\n\n\n\n<p>Plata pentru produsele comandate din \u021b\u0103ri din afara Sloveniei este posibil\u0103 exclusiv pe baza unei tranzac\u021bii bancare directe (factur\u0103 \u00een avans).<\/p>\n\n\n\n<h4 class=\"wp-block-heading\">Proiect de lege<\/h4>\n\n\n\n<p>Factura se emite la livrare \u0219i va fi ata\u0219at\u0103 produsului.<\/p>\n\n\n\n<h4 class=\"wp-block-heading\">Livrare<\/h4>\n\n\n\n<p>Furnizorul expediaz\u0103 produsele comandate \u00een termen de dou\u0103 zile lucr\u0103toare de la primirea comenzii (\u00een cazul pl\u0103\u021bii ramburs) sau \u00een termen de dou\u0103 zile lucr\u0103toare de la primirea pl\u0103\u021bii (\u00een cazul transferului c\u0103tre TRR). Timpul de livrare depinde de serviciul de livrare \u0219i poate fi de la una la cinci zile lucr\u0103toare de la ziua livr\u0103rii. Partenerul contractual pentru livrarea coletelor este DPD\/DHL. La achizi\u021bionarea de bunuri, costul de livrare este suportat de c\u0103tre cump\u0103r\u0103tor \u0219i se ridic\u0103 la 9,99 \u20ac.<\/p>\n\n\n\n<h4 class=\"wp-block-heading\">Dreptul de retragere din achizi\u021bie, de returnare a bunurilor, de rambursare a pl\u0103\u021bii<\/h4>\n\n\n\n<p>\u00cenainte de a plasa comanda de c\u0103tre client, i se deschide o previzualizare a comenzii, pe baza c\u0103reia poate verifica informa\u021biile pe care le-a completat \u00een scopul plas\u0103rii comenzii. \u00cen cazul introducerii gre\u0219ite, cump\u0103r\u0103torul poate corecta erorile din co\u0219. Dac\u0103 site-ul nu dore\u0219te s\u0103 plaseze comanda, poate \u00eenchide sau abandona plasarea comenzii \u0219i astfel poate \u00eentrerupe plasarea \u0219i confirmarea comenzii.<\/p>\n\n\n\n<p>Dreptul de retragere din achizi\u021bie, de returnare a bunurilor, de rambursare a pl\u0103\u021bii<\/p>\n\n\n\n<p>Cump\u0103r\u0103torul are dreptul de a se retrage din contract sau din comand\u0103 \u00een termen de 14 zile de la primirea bunurilor de la furnizor la adresa de e-mail: info@kaizendren.com, f\u0103r\u0103 a fi nevoie s\u0103 motiveze decizia sa.<\/p>\n\n\n\n<p>Dac\u0103 cump\u0103r\u0103torul a primit deja bunurile \u0219i se retrage din contract, acesta trebuie s\u0103 trimit\u0103 bunurile nedeteriorate \u0219i \u00een aceea\u0219i cantitate furnizorului\/companiei \u00een termen de 14 zile de la transmiterea mesajului de retragere din contract. Singurul cost facturat cump\u0103r\u0103torului \u00een leg\u0103tur\u0103 cu retragerea din contract este costul return\u0103rii produselor.<\/p>\n\n\n\n<p>Formularul de retragere din contractul de v\u00e2nzare-cump\u0103rare este disponibil utilizatorului aici.<\/p>\n\n\n\n<p>Cump\u0103r\u0103torul trebuie s\u0103 returneze bunurile primite nedeteriorate \u0219i nemodificate, cu excep\u021bia cazului \u00een care bunurile sunt deteriorate f\u0103r\u0103 vina cump\u0103r\u0103torului.<\/p>\n\n\n\n<p>Vom returna pl\u0103\u021bile efectuate c\u0103tre cump\u0103r\u0103tor c\u00e2t mai cur\u00e2nd posibil, dar nu mai t\u00e2rziu de 14 zile de la primirea notific\u0103rii de retragere din contract. Compania returneaz\u0103 pl\u0103\u021bile primite c\u0103tre cump\u0103r\u0103tor prin aceea\u0219i modalitate de plat\u0103 utilizat\u0103 de acesta (ceea ce este cel mai frecvent prin plata \u00eentr-un cont tranzac\u021bional), cu excep\u021bia cazului \u00een care consumatorul a solicitat \u00een mod explicit utilizarea unei alte modalit\u0103\u021bi de plat\u0103 \u0219i cump\u0103r\u0103torul nu suport\u0103 costuri ca urmare a acestui fapt.<\/p>\n\n\n\n<p>\u00cen conformitate cu articolul 43 alineatul (5) din Legea privind protec\u021bia consumatorilor, cump\u0103r\u0103torul nu are dreptul de a se retrage din contract (de cump\u0103rare) dac\u0103 este vorba de un produs fabricat conform instruc\u021biunilor precise ale cump\u0103r\u0103torului \u0219i adaptat nevoilor sale personale.<\/p>\n\n\n\n<h4 class=\"wp-block-heading\">Reclama\u021bii<\/h4>\n\n\n\n<p>Furnizorul depune toate eforturile pentru a asigura cea mai bun\u0103 calitate a produsului. Dac\u0103, cu toate acestea, se \u00eent\u00e2mpl\u0103 ca produsul primit de cump\u0103r\u0103tor s\u0103 prezinte un defect, acesta informeaz\u0103 furnizorul despre acest lucru prin e-mail, care informeaz\u0103 cump\u0103r\u0103torul despre procesul de solu\u021bionare a reclama\u021biei. Furnizorul \u00ee\u0219i rezerv\u0103 dreptul de a respinge reclama\u021bia \u00een cazul \u00een care inutilizabilitatea produsului sau daunele sunt cauzate de un comportament incorect al cump\u0103r\u0103torului.<\/p>\n\n\n\n<h4 class=\"wp-block-heading\">O eroare factual\u0103<\/h4>\n\n\n\n<p>Consumatorul \u00ee\u0219i poate exercita drepturile \u00een urma unui defect material dac\u0103 informeaz\u0103 v\u00e2nz\u0103torul despre defect \u00een termen de dou\u0103 luni de la data descoperirii acestuia. Consumatorul trebuie s\u0103 descrie cu exactitate defectul \u00een notificarea defectului \u0219i s\u0103 permit\u0103 v\u00e2nz\u0103torului s\u0103 inspecteze articolul.<\/p>\n\n\n\n<p>V\u00e2nz\u0103torul nu este responsabil pentru defectele materiale ale bunurilor care devin evidente dup\u0103 trecerea a doi ani de la livrarea articolului. Un defect al bunurilor este considerat a fi existat deja la momentul livr\u0103rii dac\u0103 apare \u00een termen de \u0219ase luni de la livrare.<\/p>\n\n\n\n<p>Consumatorul, care a informat corect v\u00e2nz\u0103torul despre eroare, are dreptul s\u0103 solicite v\u00e2nz\u0103torului:<\/p>\n\n\n\n<p>remedia defectul bunurilor sau returneaz\u0103 o parte din suma pl\u0103tit\u0103 propor\u021bional cu defectul sau<\/p>\n\n\n\n<p>\u00eenlocuie\u0219te bunurile defecte cu unele noi, impecabile sau<\/p>\n\n\n\n<p>returneaz\u0103 suma pl\u0103tit\u0103.<\/p>\n\n\n\n<h4 class=\"wp-block-heading\">Comunicare<\/h4>\n\n\n\n<p>Furnizorul va contacta utilizatorul prin mijloace de comunicare la distan\u021b\u0103, dac\u0103 utilizatorul nu se opune \u00een mod expres acestui lucru. E-mailurile publicitare vor con\u021bine urm\u0103toarele componente:<br>\u2013 Expeditorul va fi clar vizibil.<br>\u2013 Acestea vor fi marcate clar \u0219i neechivoc ca mesaje publicitare.<br>\u2013 Diverse campanii, promo\u021bii \u0219i alte tehnici de marketing vor fi marcate ca atare. De asemenea, condi\u021biile de participare la acestea vor fi clar definite.<br>\u2013 Modul de dezabonare de la primirea mesajelor publicitare va fi prezentat \u00een mod clar.<br>\u2013 Furnizorul va respecta \u00een mod expres dorin\u021ba utilizatorului de a nu primi mesaje publicitare.<br>\u2013 Acelea\u0219i condi\u021bii ca \u0219i \u00een magazinul nostru online se aplic\u0103 v\u00e2nz\u0103rilor telefonice. De asemenea, este asigurat\u0103 o achizi\u021bie rapid\u0103 \u0219i sigur\u0103.<\/p>\n\n\n\n<h4 class=\"wp-block-heading\">Protec\u021bia datelor cu caracter personal<\/h4>\n\n\n\n<p>Informa\u021biile furnizate de cump\u0103r\u0103tor sunt strict confiden\u021biale \u0219i sunt tratate \u00een conformitate cu Legea privind protec\u021bia datelor cu caracter personal (Monitorul Oficial al RS nr. 59\/1999, 57\/2001, 59\/2001-revizuit\u0103) \u0219i Legea privind protec\u021bia consumatorilor \u2013 ZVPot-UPB1 (text oficial consolidat \u2013 Monitorul Oficial al RS, nr. 14\/03). Furnizorul se angajeaz\u0103 s\u0103 protejeze permanent toate datele cu caracter personal ale utilizatorului. Furnizorul va utiliza datele cu caracter personal exclusiv \u00een scopul \u00eendeplinirii comenzii (trimiterea de materiale informative, oferte, facturi) \u0219i alte comunic\u0103ri. \u00cen nicio circumstan\u021b\u0103, datele utilizatorului nu vor fi furnizate persoanelor neautorizate. De asemenea, utilizatorul este responsabil pentru protec\u021bia datelor cu caracter personal prin asigurarea securit\u0103\u021bii \u0219i protej\u0103rii numelui de utilizator \u0219i a parolei sale.<\/p>\n\n\n\n<h4 class=\"wp-block-heading\">Reclama\u021bii \u0219i dispute<\/h4>\n\n\n\n<p>Solu\u021bionarea extrajudiciar\u0103 a litigiilor consumatorilor<\/p>\n\n\n\n<p>\u00cen conformitate cu normele legale, Kaizendren MB. nu recunoa\u0219te niciun furnizor de solu\u021bionare extrajudiciar\u0103 a litigiilor consumatorilor ca fiind competent pentru solu\u021bionarea unui litigiu de consum pe care consumatorul l-ar putea ini\u021bia \u00een conformitate cu Legea privind solu\u021bionarea extrajudiciar\u0103 a litigiilor consumatorilor.<\/p>\n\n\n\n<p>Kaizendren MB, care, \u00een calitate de furnizor de bunuri \u0219i servicii, faciliteaz\u0103 comer\u021bul online pe teritoriul Republicii Slovenia, public\u0103 pe site-ul s\u0103u web un link electronic c\u0103tre platforma pentru solu\u021bionarea online a litigiilor consumatorilor (SRPS). Platforma este disponibil\u0103 consumatorilor aici.<\/p>\n\n\n\n<figure class=\"wp-block-embed\"><div class=\"wp-block-embed__wrapper\">\nhttps:\/\/ec.europa.eu\/consumers\/odr\/main\/index.cfm?event=main.home.chooseLanguage\n<\/div><\/figure>\n\n\n\n<p>Regulamentul men\u021bionat anterior provine din Legea privind solu\u021bionarea extrajudiciar\u0103 a litigiilor \u00een materie de consum, Regulamentul (UE) nr. 524\/2013 al Parlamentului European \u0219i al Consiliului privind solu\u021bionarea online a litigiilor \u00een materie de consum \u0219i de modificare a Regulamentului (CE) nr. 2016\/2004 \u0219i a Directivei 2009\/22\/CE.<\/p>\n\n\n\n<p>\u00cen caz de reclama\u021bie sau reclama\u021bii, contacta\u021bi-ne prin e-mail la adresa info@kaizendren.com sau suna\u021bi-ne la +370 000 0000<\/p>\n\n\n\n<h4 class=\"wp-block-heading\">Codul de conduit\u0103<\/h4>\n\n\n\n<p>Furnizorul a stabilit standarde interne \u00eenalte pentru gestionarea comenzilor, retururilor \u0219i reclama\u021biilor clien\u021bilor \u0219i \u00eencearc\u0103 s\u0103 respecte cerin\u021bele actuale ale consumatorilor \u0219i reglement\u0103rile legale \u00een cea mai \u00eenalt\u0103 m\u0103sur\u0103 posibil\u0103. \u00cen conformitate cu articolul 7 alineatul (6) din Legea privind comer\u021bul electronic pe pia\u021b\u0103 (ZEPT), acesta declar\u0103 c\u0103 nu este semnatar al codului de conduit\u0103 pentru comercian\u021bii online.<\/p>\n\n\n\n<h4 class=\"wp-block-heading\">Protec\u021bia drepturilor de autor<\/h4>\n\n\n\n<p>\u00centregul con\u021binut de pe site-ul kaizendren.com, precum \u0219i de pe subpaginile sale, inclusiv materialele imagini \u0219i video, este protejat prin drepturi de autor conform Legii drepturilor de autor \u0219i este proprietatea furnizorului. Furnizorul permite utilizarea materialelor imagini \u0219i video pentru uz personal pe re\u021bele sociale, bloguri \u0219i galerii foto, cu indicarea sursei.<\/p>\n\n\n\n<h4 class=\"wp-block-heading\">Explica\u0163ie<\/h4>\n\n\n\n<p>Toate informa\u021biile pot fi modificate f\u0103r\u0103 notificare prealabil\u0103, iar furnizorul poate modifica, de asemenea, ace\u0219ti termeni f\u0103r\u0103 notificare prealabil\u0103. Dac\u0103 ave\u021bi nevoie de explica\u021bii suplimentare cu privire la condi\u021biile generale de cooperare, ne pute\u021bi contacta.<\/p>\n\n\n\n<h4 class=\"wp-block-heading\">Informa\u021bii despre afacere:<\/h4>\n\n\n\n<p>MB KAIZENDREN<br>Telefon: +370 683 16126<br>E-mail:\u00a0<a href=\"mailto:info@kaizendren.com\">info@kaizendren.com<\/a><br>Num\u0103r de \u00eenregistrare: 306556918<\/p>","protected":false},"excerpt":{"rendered":"<p>Accesibilitatea informa\u021biilor (rezumat al legisla\u021biei) Furnizorul se angajeaz\u0103 s\u0103 furnizeze \u00eentotdeauna clientului urm\u0103toarele informa\u021bii: a) identitatea companiei<\/p>","protected":false},"author":1,"featured_media":0,"parent":291031,"menu_order":0,"comment_status":"closed","ping_status":"open","template":"","meta":{"footnotes":""},"class_list":["post-3","page","type-page","status-publish","hentry"],"yoast_head":"<!-- This site is optimized with the Yoast SEO plugin v27.4 - https:\/\/yoast.com\/product\/yoast-seo-wordpress\/ -->\n<title>Privacy policy - Kaizendren<\/title>\n<meta name=\"robots\" content=\"index, follow, max-snippet:-1, max-image-preview:large, max-video-preview:-1\" \/>\n<link rel=\"canonical\" href=\"https:\/\/kaizendren.com\/ro\/informatii\/politica-de-confidentialitate\/\" \/>\n<meta property=\"og:locale\" content=\"ro_RO\" \/>\n<meta property=\"og:type\" content=\"article\" \/>\n<meta property=\"og:title\" content=\"Privacy policy - Kaizendren\" \/>\n<meta property=\"og:description\" content=\"Accessibility of information (summary of legislation) The provider undertakes to always provide the customer with the following information:a) company identity\" \/>\n<meta property=\"og:url\" content=\"https:\/\/kaizendren.com\/ro\/informatii\/politica-de-confidentialitate\/\" \/>\n<meta property=\"og:site_name\" content=\"Kaizendren\" \/>\n<meta property=\"article:publisher\" content=\"https:\/\/www.facebook.com\/kaizendren\" \/>\n<meta property=\"article:modified_time\" content=\"2026-02-11T17:52:32+00:00\" \/>\n<meta property=\"og:image\" content=\"https:\/\/kaizendren.com\/wp-content\/uploads\/2023\/11\/insta-1.jpg\" \/>\n\t<meta property=\"og:image:width\" content=\"700\" \/>\n\t<meta property=\"og:image:height\" content=\"700\" \/>\n\t<meta property=\"og:image:type\" content=\"image\/jpeg\" \/>\n<meta name=\"twitter:card\" content=\"summary_large_image\" \/>\n<meta name=\"twitter:label1\" content=\"Timp estimat pentru citire\" \/>\n\t<meta name=\"twitter:data1\" content=\"9 minute\" \/>\n<script type=\"application\/ld+json\" class=\"yoast-schema-graph\">{\"@context\":\"https:\\\/\\\/schema.org\",\"@graph\":[{\"@type\":\"WebPage\",\"@id\":\"https:\\\/\\\/kaizendren.com\\\/information\\\/privacy-policy\\\/\",\"url\":\"https:\\\/\\\/kaizendren.com\\\/information\\\/privacy-policy\\\/\",\"name\":\"Privacy policy - Kaizendren\",\"isPartOf\":{\"@id\":\"https:\\\/\\\/kaizendren.com\\\/#website\"},\"datePublished\":\"2023-10-25T11:27:08+00:00\",\"dateModified\":\"2026-02-11T17:52:32+00:00\",\"breadcrumb\":{\"@id\":\"https:\\\/\\\/kaizendren.com\\\/information\\\/privacy-policy\\\/#breadcrumb\"},\"inLanguage\":\"ro-RO\",\"potentialAction\":[{\"@type\":\"ReadAction\",\"target\":[\"https:\\\/\\\/kaizendren.com\\\/information\\\/privacy-policy\\\/\"]}]},{\"@type\":\"BreadcrumbList\",\"@id\":\"https:\\\/\\\/kaizendren.com\\\/information\\\/privacy-policy\\\/#breadcrumb\",\"itemListElement\":[{\"@type\":\"ListItem\",\"position\":1,\"name\":\"Home\",\"item\":\"https:\\\/\\\/kaizendren.com\\\/\"},{\"@type\":\"ListItem\",\"position\":2,\"name\":\"Information\",\"item\":\"https:\\\/\\\/kaizendren.com\\\/information\\\/\"},{\"@type\":\"ListItem\",\"position\":3,\"name\":\"Privacy policy\"}]},{\"@type\":\"WebSite\",\"@id\":\"https:\\\/\\\/kaizendren.com\\\/#website\",\"url\":\"https:\\\/\\\/kaizendren.com\\\/\",\"name\":\"Kaizendren\",\"description\":\"Our Focus Is Your Health, Relaxation And Recovery\",\"publisher\":{\"@id\":\"https:\\\/\\\/kaizendren.com\\\/#organization\"},\"potentialAction\":[{\"@type\":\"SearchAction\",\"target\":{\"@type\":\"EntryPoint\",\"urlTemplate\":\"https:\\\/\\\/kaizendren.com\\\/?s={search_term_string}\"},\"query-input\":{\"@type\":\"PropertyValueSpecification\",\"valueRequired\":true,\"valueName\":\"search_term_string\"}}],\"inLanguage\":\"ro-RO\"},{\"@type\":\"Organization\",\"@id\":\"https:\\\/\\\/kaizendren.com\\\/#organization\",\"name\":\"Kaizendren\",\"url\":\"https:\\\/\\\/kaizendren.com\\\/\",\"logo\":{\"@type\":\"ImageObject\",\"inLanguage\":\"ro-RO\",\"@id\":\"https:\\\/\\\/kaizendren.com\\\/#\\\/schema\\\/logo\\\/image\\\/\",\"url\":\"https:\\\/\\\/kaizendren.com\\\/wp-content\\\/uploads\\\/2023\\\/11\\\/kaizendren-logo-head.png\",\"contentUrl\":\"https:\\\/\\\/kaizendren.com\\\/wp-content\\\/uploads\\\/2023\\\/11\\\/kaizendren-logo-head.png\",\"width\":336,\"height\":70,\"caption\":\"Kaizendren\"},\"image\":{\"@id\":\"https:\\\/\\\/kaizendren.com\\\/#\\\/schema\\\/logo\\\/image\\\/\"},\"sameAs\":[\"https:\\\/\\\/www.facebook.com\\\/kaizendren\",\"https:\\\/\\\/www.instagram.com\\\/kaizendren\",\"https:\\\/\\\/www.tiktok.com\\\/@kaizendren\"]}]}<\/script>\n<!-- \/ Yoast SEO plugin. -->","yoast_head_json":{"title":"Politica de confiden\u021bialitate - Kaizendren","robots":{"index":"index","follow":"follow","max-snippet":"max-snippet:-1","max-image-preview":"max-image-preview:large","max-video-preview":"max-video-preview:-1"},"canonical":"https:\/\/kaizendren.com\/ro\/informatii\/politica-de-confidentialitate\/","og_locale":"ro_RO","og_type":"article","og_title":"Privacy policy - Kaizendren","og_description":"Accessibility of information (summary of legislation) The provider undertakes to always provide the customer with the following information:a) company identity","og_url":"https:\/\/kaizendren.com\/ro\/informatii\/politica-de-confidentialitate\/","og_site_name":"Kaizendren","article_publisher":"https:\/\/www.facebook.com\/kaizendren","article_modified_time":"2026-02-11T17:52:32+00:00","og_image":[{"width":700,"height":700,"url":"https:\/\/kaizendren.com\/wp-content\/uploads\/2023\/11\/insta-1.jpg","type":"image\/jpeg"}],"twitter_card":"summary_large_image","twitter_misc":{"Timp estimat pentru citire":"9 minute"},"schema":{"@context":"https:\/\/schema.org","@graph":[{"@type":"WebPage","@id":"https:\/\/kaizendren.com\/information\/privacy-policy\/","url":"https:\/\/kaizendren.com\/information\/privacy-policy\/","name":"Politica de confiden\u021bialitate - Kaizendren","isPartOf":{"@id":"https:\/\/kaizendren.com\/#website"},"datePublished":"2023-10-25T11:27:08+00:00","dateModified":"2026-02-11T17:52:32+00:00","breadcrumb":{"@id":"https:\/\/kaizendren.com\/information\/privacy-policy\/#breadcrumb"},"inLanguage":"ro-RO","potentialAction":[{"@type":"ReadAction","target":["https:\/\/kaizendren.com\/information\/privacy-policy\/"]}]},{"@type":"BreadcrumbList","@id":"https:\/\/kaizendren.com\/information\/privacy-policy\/#breadcrumb","itemListElement":[{"@type":"ListItem","position":1,"name":"Home","item":"https:\/\/kaizendren.com\/"},{"@type":"ListItem","position":2,"name":"Information","item":"https:\/\/kaizendren.com\/information\/"},{"@type":"ListItem","position":3,"name":"Privacy policy"}]},{"@type":"WebSite","@id":"https:\/\/kaizendren.com\/#website","url":"https:\/\/kaizendren.com\/","name":"Kaizendren","description":"Concentrarea noastr\u0103 este s\u0103n\u0103tatea, relaxarea \u0219i recuperarea dumneavoastr\u0103","publisher":{"@id":"https:\/\/kaizendren.com\/#organization"},"potentialAction":[{"@type":"SearchAction","target":{"@type":"EntryPoint","urlTemplate":"https:\/\/kaizendren.com\/?s={search_term_string}"},"query-input":{"@type":"PropertyValueSpecification","valueRequired":true,"valueName":"search_term_string"}}],"inLanguage":"ro-RO"},{"@type":"Organization","@id":"https:\/\/kaizendren.com\/#organization","name":"Kaizendren","url":"https:\/\/kaizendren.com\/","logo":{"@type":"ImageObject","inLanguage":"ro-RO","@id":"https:\/\/kaizendren.com\/#\/schema\/logo\/image\/","url":"https:\/\/kaizendren.com\/wp-content\/uploads\/2023\/11\/kaizendren-logo-head.png","contentUrl":"https:\/\/kaizendren.com\/wp-content\/uploads\/2023\/11\/kaizendren-logo-head.png","width":336,"height":70,"caption":"Kaizendren"},"image":{"@id":"https:\/\/kaizendren.com\/#\/schema\/logo\/image\/"},"sameAs":["https:\/\/www.facebook.com\/kaizendren","https:\/\/www.instagram.com\/kaizendren","https:\/\/www.tiktok.com\/@kaizendren"]}]}},"_links":{"self":[{"href":"https:\/\/kaizendren.com\/ro\/wp-json\/wp\/v2\/pages\/3","targetHints":{"allow":["GET"]}}],"collection":[{"href":"https:\/\/kaizendren.com\/ro\/wp-json\/wp\/v2\/pages"}],"about":[{"href":"https:\/\/kaizendren.com\/ro\/wp-json\/wp\/v2\/types\/page"}],"author":[{"embeddable":true,"href":"https:\/\/kaizendren.com\/ro\/wp-json\/wp\/v2\/users\/1"}],"replies":[{"embeddable":true,"href":"https:\/\/kaizendren.com\/ro\/wp-json\/wp\/v2\/comments?post=3"}],"version-history":[{"count":4,"href":"https:\/\/kaizendren.com\/ro\/wp-json\/wp\/v2\/pages\/3\/revisions"}],"predecessor-version":[{"id":334605,"href":"https:\/\/kaizendren.com\/ro\/wp-json\/wp\/v2\/pages\/3\/revisions\/334605"}],"up":[{"embeddable":true,"href":"https:\/\/kaizendren.com\/ro\/wp-json\/wp\/v2\/pages\/291031"}],"wp:attachment":[{"href":"https:\/\/kaizendren.com\/ro\/wp-json\/wp\/v2\/media?parent=3"}],"curies":[{"name":"wp","href":"https:\/\/api.w.org\/{rel}","templated":true}]}}