{"id":35073,"date":"2023-12-07T16:03:42","date_gmt":"2023-12-07T14:03:42","guid":{"rendered":"https:\/\/kaizendren.com\/?page_id=35073"},"modified":"2026-02-11T19:29:02","modified_gmt":"2026-02-11T17:29:02","slug":"informacoes-de-entrega","status":"publish","type":"page","link":"https:\/\/kaizendren.com\/pt\/information\/delivery-information\/","title":{"rendered":"Informa\u00e7\u00f5es de entrega"},"content":{"rendered":"<h4 class=\"wp-block-heading\">Informa\u00e7\u00e3o:<\/h4>\n\n\n\n<p>Na Kaizendren, oferecemos aos nossos clientes op\u00e7\u00f5es de entrega ao domic\u00edlio com as transportadoras DPD\/DHL no momento da finaliza\u00e7\u00e3o da compra. Pode consultar os prazos de entrega para cada pa\u00eds\/regi\u00e3o abaixo.<\/p>\n\n\n\n<p>O envio expresso internacional pode levar de 2 a 5 dias \u00fateis a partir da data de despacho, ou mais, dependendo de eventuais problemas ou atrasos em seu pa\u00eds. \u00c0s vezes, desafios na cadeia de suprimentos global tamb\u00e9m podem afetar o tempo de entrega.<\/p>\n\n\n\n<h4 class=\"wp-block-heading\">Prazo de entrega:<\/h4>\n\n\n\n<p>Observe que os prazos de entrega podem variar. As op\u00e7\u00f5es de envio atuais e os prazos de entrega estimados s\u00e3o os seguintes:<\/p>\n\n\n\n<p>Pa\u00edses da Uni\u00e3o Europeia: <strong>2 a 5 dias \u00fateis<\/strong>.<br>Reino Unido: <strong>2 a 3 dias \u00fateis<\/strong>.<br>Fora da Uni\u00e3o Europeia: <strong>5 a 14 dias \u00fateis<\/strong>.<br>Litu\u00e2nia: <strong>1 a 2 dias \u00fateis<\/strong>.<br>Let\u00f4nia: <strong>2 a 3 dias \u00fateis<\/strong>.<br>Est\u00f4nia: <strong>2 a 3 dias \u00fateis<\/strong>.<br>Pol\u00f4nia: <strong>2 a 3 dias \u00fateis<\/strong>.<br>Finl\u00e2ndia: <strong>2 a 5 dias \u00fateis<\/strong>.<br>\u00c1ustria: <strong>2 a 4 dias \u00fateis<\/strong>.<br>B\u00e9lgica: <strong>2 a 4 dias \u00fateis<\/strong>.<br>Rep\u00fablica Checa: <strong>2 a 4 dias \u00fateis<\/strong>.<br>Dinamarca: <strong>2 a 4 dias \u00fateis<\/strong>.<br>Luxemburgo: <strong>2 a 4 dias \u00fateis<\/strong>.<br>Holanda: <strong>2 a 4 dias \u00fateis<\/strong>.<br>Fran\u00e7a: <strong>2 a 4 dias \u00fateis<\/strong>.<br>Eslov\u00e1quia: <strong>2 a 5 dias \u00fateis<\/strong>.<br>Alemanha: <strong>2 a 4 dias \u00fateis<\/strong>.<br>It\u00e1lia: <strong>3 a 6 dias \u00fateis<\/strong>.<br>Cro\u00e1cia: <strong>2 a 6 dias \u00fateis<\/strong>.<br>Eslov\u00eania: <strong>2 a 5 dias \u00fateis<\/strong>.<br>Su\u00e9cia: <strong>2 a 5 dias \u00fateis<\/strong>.<br>Hungria: <strong>2 a 4 dias \u00fateis<\/strong>.<br>Irlanda: <strong>3 a 6 dias \u00fateis<\/strong>.<br>Bulg\u00e1ria: <strong>3 a 6 dias \u00fateis<\/strong>.<br>Gr\u00e9cia: <strong>3 a 6 dias \u00fateis<\/strong>.<br>Espanha: <strong>3 a 5 dias \u00fateis<\/strong>.<br>Portugal: <strong>3 a 6 dias \u00fateis<\/strong>.<br>Rom\u00eania: <strong>2 a 5 dias \u00fateis<\/strong>.<br>Su\u00ed\u00e7a: <strong>5 a 12 dias \u00fateis<\/strong>.<br>Noruega: <strong>5 a 12 dias \u00fateis<\/strong>.<br>S\u00e9rvia: <strong>5 a 12 dias \u00fateis<\/strong>.<br>B\u00f3snia e Herzegovina: <strong>5 a 12 dias \u00fateis<\/strong>.<br>Montenegro: <strong>5 a 12 dias \u00fateis<\/strong>.<br>Alb\u00e2nia: <strong>5 a 12 dias \u00fateis<\/strong>.<br><br><\/p>\n\n\n\n<h4 class=\"wp-block-heading\">Locais de entrega:<\/h4>\n\n\n\n<p>Oferecemos servi\u00e7o de entrega ao domic\u00edlio para os seguintes pa\u00edses: Gr\u00e3-Bretanha (Reino Unido), Litu\u00e2nia, Let\u00f4nia, Est\u00f4nia, Pol\u00f4nia, Finl\u00e2ndia, \u00c1ustria, B\u00e9lgica, Rep\u00fablica Tcheca, Dinamarca, Luxemburgo, Pa\u00edses Baixos, Fran\u00e7a, Eslov\u00e1quia, Alemanha, It\u00e1lia, Cro\u00e1cia, Eslov\u00eania, Su\u00e9cia, Hungria, Irlanda, Bulg\u00e1ria, Gr\u00e9cia, Espanha, Portugal, Rom\u00eania, Su\u00ed\u00e7a, Noruega, S\u00e9rvia, B\u00f3snia e Herzegovina, Montenegro e Alb\u00e2nia.<\/p>\n\n\n\n<h4 class=\"wp-block-heading\">Entrega falhada ou n\u00e3o realizada:<\/h4>\n\n\n\n<p>A encomenda ser\u00e1 devolvida ao remetente (Kaizendren) \u00e0s custas do cliente se a entrega na morada de envio especificada for impedida pela falta de coopera\u00e7\u00e3o do cliente (morada de envio incorreta ou errada, destinat\u00e1rio ausente, etc.).<\/p>\n\n\n\n<h4 class=\"wp-block-heading\">Itens n\u00e3o recebidos, mas o rastreamento indica que foram entregues:<\/h4>\n\n\n\n<p>N\u00e3o realizamos trocas ou reembolsos de itens que a transportadora tenha marcado como entregues. Por isso, recomendamos sempre que escolha um local seguro para a entrega das suas encomendas. Quando a encomenda chegar ao endere\u00e7o fornecido, a transportadora ir\u00e1 marc\u00e1-la como entregue. Sugerimos que verifique a sua caixa de correio, entre em contato com a transportadora ou com a ag\u00eancia dos Correios local caso n\u00e3o tenha recebido a sua encomenda, mesmo que esta conste como entregue.<\/p>\n\n\n\n<h4 class=\"wp-block-heading\">Pacotes retidos pela alf\u00e2ndega:<\/h4>\n\n\n\n<p>N\u00e3o reembolsamos taxas alfandeg\u00e1rias ou de importa\u00e7\u00e3o. Cada cliente \u00e9 respons\u00e1vel pelo pagamento das taxas e impostos de importa\u00e7\u00e3o do seu pa\u00eds. Caso voc\u00ea n\u00e3o pague as taxas e seu pedido seja devolvido, reembolsaremos o valor da compra, descontando todas as despesas de envio e alfandeg\u00e1rias. Para que o reembolso seja efetuado, o item deve estar intacto e em condi\u00e7\u00f5es de ser revendido. O valor exato do reembolso ser\u00e1 enviado por e-mail assim que recebermos o item devolvido.<\/p>\n\n\n\n<p>Aten\u00e7\u00e3o: pagamos o frete duas vezes quando um pacote \u00e9 devolvido para n\u00f3s. Uma vez quando o enviamos para voc\u00ea e outra quando o devolvemos. Ambos os custos de envio ser\u00e3o deduzidos do valor do seu reembolso.<\/p>","protected":false},"excerpt":{"rendered":"<p>Informa\u00e7\u00e3o: Na Kaizendren, oferecemos aos nossos clientes op\u00e7\u00f5es de entrega ao domic\u00edlio com as transportadoras DPD\/DHL no momento da finaliza\u00e7\u00e3o da compra. Pode consultar as op\u00e7\u00f5es de entrega.<\/p>","protected":false},"author":1,"featured_media":0,"parent":291031,"menu_order":0,"comment_status":"closed","ping_status":"closed","template":"","meta":{"footnotes":""},"class_list":["post-35073","page","type-page","status-publish","hentry"],"yoast_head":"<!-- This site is optimized with the Yoast SEO plugin v27.4 - https:\/\/yoast.com\/product\/yoast-seo-wordpress\/ -->\n<title>Delivery information - Kaizendren<\/title>\n<meta name=\"robots\" content=\"index, follow, max-snippet:-1, max-image-preview:large, max-video-preview:-1\" \/>\n<link rel=\"canonical\" href=\"https:\/\/kaizendren.com\/pt\/informacao\/informacoes-de-entrega\/\" \/>\n<meta property=\"og:locale\" content=\"pt_PT\" \/>\n<meta property=\"og:type\" content=\"article\" \/>\n<meta property=\"og:title\" content=\"Delivery information - Kaizendren\" \/>\n<meta property=\"og:description\" content=\"Information: At Kaizendren, we offer our customers home delivery options with DPD\/DHL courrier at checkout. You can see the delivery\" \/>\n<meta property=\"og:url\" content=\"https:\/\/kaizendren.com\/pt\/informacao\/informacoes-de-entrega\/\" \/>\n<meta property=\"og:site_name\" content=\"Kaizendren\" \/>\n<meta property=\"article:publisher\" content=\"https:\/\/www.facebook.com\/kaizendren\" \/>\n<meta property=\"article:modified_time\" content=\"2026-02-11T17:29:02+00:00\" \/>\n<meta property=\"og:image\" content=\"https:\/\/kaizendren.com\/wp-content\/uploads\/2023\/11\/insta-1.jpg\" \/>\n\t<meta property=\"og:image:width\" content=\"700\" \/>\n\t<meta property=\"og:image:height\" content=\"700\" \/>\n\t<meta property=\"og:image:type\" content=\"image\/jpeg\" \/>\n<meta name=\"twitter:card\" content=\"summary_large_image\" \/>\n<meta name=\"twitter:label1\" content=\"Tempo estimado de leitura\" \/>\n\t<meta name=\"twitter:data1\" content=\"3 minutos\" \/>\n<script type=\"application\/ld+json\" class=\"yoast-schema-graph\">{\"@context\":\"https:\\\/\\\/schema.org\",\"@graph\":[{\"@type\":\"WebPage\",\"@id\":\"https:\\\/\\\/kaizendren.com\\\/information\\\/delivery-information\\\/\",\"url\":\"https:\\\/\\\/kaizendren.com\\\/information\\\/delivery-information\\\/\",\"name\":\"Delivery information - Kaizendren\",\"isPartOf\":{\"@id\":\"https:\\\/\\\/kaizendren.com\\\/#website\"},\"datePublished\":\"2023-12-07T14:03:42+00:00\",\"dateModified\":\"2026-02-11T17:29:02+00:00\",\"breadcrumb\":{\"@id\":\"https:\\\/\\\/kaizendren.com\\\/information\\\/delivery-information\\\/#breadcrumb\"},\"inLanguage\":\"pt-PT\",\"potentialAction\":[{\"@type\":\"ReadAction\",\"target\":[\"https:\\\/\\\/kaizendren.com\\\/information\\\/delivery-information\\\/\"]}]},{\"@type\":\"BreadcrumbList\",\"@id\":\"https:\\\/\\\/kaizendren.com\\\/information\\\/delivery-information\\\/#breadcrumb\",\"itemListElement\":[{\"@type\":\"ListItem\",\"position\":1,\"name\":\"Home\",\"item\":\"https:\\\/\\\/kaizendren.com\\\/\"},{\"@type\":\"ListItem\",\"position\":2,\"name\":\"Information\",\"item\":\"https:\\\/\\\/kaizendren.com\\\/information\\\/\"},{\"@type\":\"ListItem\",\"position\":3,\"name\":\"Delivery information\"}]},{\"@type\":\"WebSite\",\"@id\":\"https:\\\/\\\/kaizendren.com\\\/#website\",\"url\":\"https:\\\/\\\/kaizendren.com\\\/\",\"name\":\"Kaizendren\",\"description\":\"Our Focus Is Your Health, Relaxation And Recovery\",\"publisher\":{\"@id\":\"https:\\\/\\\/kaizendren.com\\\/#organization\"},\"potentialAction\":[{\"@type\":\"SearchAction\",\"target\":{\"@type\":\"EntryPoint\",\"urlTemplate\":\"https:\\\/\\\/kaizendren.com\\\/?s={search_term_string}\"},\"query-input\":{\"@type\":\"PropertyValueSpecification\",\"valueRequired\":true,\"valueName\":\"search_term_string\"}}],\"inLanguage\":\"pt-PT\"},{\"@type\":\"Organization\",\"@id\":\"https:\\\/\\\/kaizendren.com\\\/#organization\",\"name\":\"Kaizendren\",\"url\":\"https:\\\/\\\/kaizendren.com\\\/\",\"logo\":{\"@type\":\"ImageObject\",\"inLanguage\":\"pt-PT\",\"@id\":\"https:\\\/\\\/kaizendren.com\\\/#\\\/schema\\\/logo\\\/image\\\/\",\"url\":\"https:\\\/\\\/kaizendren.com\\\/wp-content\\\/uploads\\\/2023\\\/11\\\/kaizendren-logo-head.png\",\"contentUrl\":\"https:\\\/\\\/kaizendren.com\\\/wp-content\\\/uploads\\\/2023\\\/11\\\/kaizendren-logo-head.png\",\"width\":336,\"height\":70,\"caption\":\"Kaizendren\"},\"image\":{\"@id\":\"https:\\\/\\\/kaizendren.com\\\/#\\\/schema\\\/logo\\\/image\\\/\"},\"sameAs\":[\"https:\\\/\\\/www.facebook.com\\\/kaizendren\",\"https:\\\/\\\/www.instagram.com\\\/kaizendren\",\"https:\\\/\\\/www.tiktok.com\\\/@kaizendren\"]}]}<\/script>\n<!-- \/ Yoast SEO plugin. -->","yoast_head_json":{"title":"Informa\u00e7\u00f5es de entrega - Kaizendren","robots":{"index":"index","follow":"follow","max-snippet":"max-snippet:-1","max-image-preview":"max-image-preview:large","max-video-preview":"max-video-preview:-1"},"canonical":"https:\/\/kaizendren.com\/pt\/informacao\/informacoes-de-entrega\/","og_locale":"pt_PT","og_type":"article","og_title":"Delivery information - Kaizendren","og_description":"Information: At Kaizendren, we offer our customers home delivery options with DPD\/DHL courrier at checkout. You can see the delivery","og_url":"https:\/\/kaizendren.com\/pt\/informacao\/informacoes-de-entrega\/","og_site_name":"Kaizendren","article_publisher":"https:\/\/www.facebook.com\/kaizendren","article_modified_time":"2026-02-11T17:29:02+00:00","og_image":[{"width":700,"height":700,"url":"https:\/\/kaizendren.com\/wp-content\/uploads\/2023\/11\/insta-1.jpg","type":"image\/jpeg"}],"twitter_card":"summary_large_image","twitter_misc":{"Tempo estimado de leitura":"3 minutos"},"schema":{"@context":"https:\/\/schema.org","@graph":[{"@type":"WebPage","@id":"https:\/\/kaizendren.com\/information\/delivery-information\/","url":"https:\/\/kaizendren.com\/information\/delivery-information\/","name":"Informa\u00e7\u00f5es de entrega - Kaizendren","isPartOf":{"@id":"https:\/\/kaizendren.com\/#website"},"datePublished":"2023-12-07T14:03:42+00:00","dateModified":"2026-02-11T17:29:02+00:00","breadcrumb":{"@id":"https:\/\/kaizendren.com\/information\/delivery-information\/#breadcrumb"},"inLanguage":"pt-PT","potentialAction":[{"@type":"ReadAction","target":["https:\/\/kaizendren.com\/information\/delivery-information\/"]}]},{"@type":"BreadcrumbList","@id":"https:\/\/kaizendren.com\/information\/delivery-information\/#breadcrumb","itemListElement":[{"@type":"ListItem","position":1,"name":"Home","item":"https:\/\/kaizendren.com\/"},{"@type":"ListItem","position":2,"name":"Information","item":"https:\/\/kaizendren.com\/information\/"},{"@type":"ListItem","position":3,"name":"Delivery information"}]},{"@type":"WebSite","@id":"https:\/\/kaizendren.com\/#website","url":"https:\/\/kaizendren.com\/","name":"Kaizendren","description":"O nosso foco \u00e9 a sua sa\u00fade, relaxamento e recupera\u00e7\u00e3o","publisher":{"@id":"https:\/\/kaizendren.com\/#organization"},"potentialAction":[{"@type":"SearchAction","target":{"@type":"EntryPoint","urlTemplate":"https:\/\/kaizendren.com\/?s={search_term_string}"},"query-input":{"@type":"PropertyValueSpecification","valueRequired":true,"valueName":"search_term_string"}}],"inLanguage":"pt-PT"},{"@type":"Organization","@id":"https:\/\/kaizendren.com\/#organization","name":"Kaizendren","url":"https:\/\/kaizendren.com\/","logo":{"@type":"ImageObject","inLanguage":"pt-PT","@id":"https:\/\/kaizendren.com\/#\/schema\/logo\/image\/","url":"https:\/\/kaizendren.com\/wp-content\/uploads\/2023\/11\/kaizendren-logo-head.png","contentUrl":"https:\/\/kaizendren.com\/wp-content\/uploads\/2023\/11\/kaizendren-logo-head.png","width":336,"height":70,"caption":"Kaizendren"},"image":{"@id":"https:\/\/kaizendren.com\/#\/schema\/logo\/image\/"},"sameAs":["https:\/\/www.facebook.com\/kaizendren","https:\/\/www.instagram.com\/kaizendren","https:\/\/www.tiktok.com\/@kaizendren"]}]}},"_links":{"self":[{"href":"https:\/\/kaizendren.com\/pt\/wp-json\/wp\/v2\/pages\/35073","targetHints":{"allow":["GET"]}}],"collection":[{"href":"https:\/\/kaizendren.com\/pt\/wp-json\/wp\/v2\/pages"}],"about":[{"href":"https:\/\/kaizendren.com\/pt\/wp-json\/wp\/v2\/types\/page"}],"author":[{"embeddable":true,"href":"https:\/\/kaizendren.com\/pt\/wp-json\/wp\/v2\/users\/1"}],"replies":[{"embeddable":true,"href":"https:\/\/kaizendren.com\/pt\/wp-json\/wp\/v2\/comments?post=35073"}],"version-history":[{"count":2,"href":"https:\/\/kaizendren.com\/pt\/wp-json\/wp\/v2\/pages\/35073\/revisions"}],"predecessor-version":[{"id":334564,"href":"https:\/\/kaizendren.com\/pt\/wp-json\/wp\/v2\/pages\/35073\/revisions\/334564"}],"up":[{"embeddable":true,"href":"https:\/\/kaizendren.com\/pt\/wp-json\/wp\/v2\/pages\/291031"}],"wp:attachment":[{"href":"https:\/\/kaizendren.com\/pt\/wp-json\/wp\/v2\/media?parent=35073"}],"curies":[{"name":"wp","href":"https:\/\/api.w.org\/{rel}","templated":true}]}}