{"id":3,"date":"2023-10-25T11:27:08","date_gmt":"2023-10-25T11:27:08","guid":{"rendered":"https:\/\/kaizendren.com\/?page_id=3"},"modified":"2026-02-11T19:52:32","modified_gmt":"2026-02-11T17:52:32","slug":"politica-de-privacidade","status":"publish","type":"page","link":"https:\/\/kaizendren.com\/pt\/information\/privacy-policy\/","title":{"rendered":"Pol\u00edtica de Privacidade"},"content":{"rendered":"<h4 class=\"wp-block-heading\">Acessibilidade da informa\u00e7\u00e3o (resumo da legisla\u00e7\u00e3o)<\/h4>\n\n\n\n<p>O fornecedor compromete-se a sempre fornecer ao cliente as seguintes informa\u00e7\u00f5es:<br>a) Identifica\u00e7\u00e3o da empresa (nome da empresa e sede social, n\u00famero de registro),<br>b) informa\u00e7\u00f5es de contato que permitam ao usu\u00e1rio se comunicar de forma r\u00e1pida e eficiente (e-mail, telefone),<br>c) caracter\u00edsticas essenciais dos bens ou servi\u00e7os (incluindo servi\u00e7os p\u00f3s-venda e garantias),<br>d) disponibilidade do produto (todo produto ou servi\u00e7o oferecido no site deve estar dispon\u00edvel dentro de um prazo razo\u00e1vel),<br>e) condi\u00e7\u00f5es de entrega do produto ou presta\u00e7\u00e3o do servi\u00e7o (m\u00e9todo, local e prazo de entrega),<br>f) Todos os pre\u00e7os devem ser especificados de forma clara e inequ\u00edvoca, devendo ser claramente indicado se j\u00e1 incluem impostos e custos de transporte.,<br>g) m\u00e9todo de pagamento e entrega,<br>h) prazo de validade da oferta,<br>i) o per\u00edodo durante o qual ainda \u00e9 poss\u00edvel rescindir o contrato e as condi\u00e7\u00f5es para tal rescis\u00e3o; al\u00e9m disso, tamb\u00e9m sobre se e quanto custa ao cliente devolver o produto,<br>j) explica\u00e7\u00e3o do procedimento de reclama\u00e7\u00e3o, incluindo todas as informa\u00e7\u00f5es sobre a pessoa de contato ou o departamento de atendimento ao cliente.<br>Ao confirmar o pedido, cada comprador concorda com os termos comerciais e de utiliza\u00e7\u00e3o.<\/p>\n\n\n\n<h4 class=\"wp-block-heading\">Contato<\/h4>\n\n\n\n<p>Se precisar de informa\u00e7\u00f5es ou ajuda com ofertas online, encomendas, entregas online, utiliza\u00e7\u00e3o do website ou devolu\u00e7\u00f5es, pode contactar-nos atrav\u00e9s do endere\u00e7o de email: info@kaizendren.com ou pelo telefone +370 000 0000.<\/p>\n\n\n\n<h4 class=\"wp-block-heading\">Contrato \u2013 pedido<\/h4>\n\n\n\n<p>O contrato de compra e venda entre o fornecedor e o comprador \u00e9 conclu\u00eddo no momento em que o fornecedor confirma o pedido e o comprador recebe um e-mail. A partir desse momento, todos os pre\u00e7os e demais condi\u00e7\u00f5es s\u00e3o fixos e aplicam-se tanto ao fornecedor quanto ao comprador. Ao confirmar a compra, o comprador aceita as condi\u00e7\u00f5es gerais. O contrato celebrado entre o fornecedor e o usu\u00e1rio \u00e9 armazenado permanentemente na sede da Kaizendren MB ou em um servidor remoto devidamente protegido do fornecedor. O usu\u00e1rio pode obter uma c\u00f3pia solicitando-a por e-mail para info@kaizendren.com. O comprador recebe uma c\u00f3pia do contrato (pedido) em seu endere\u00e7o de e-mail ap\u00f3s a realiza\u00e7\u00e3o do pedido.<\/p>\n\n\n\n<h4 class=\"wp-block-heading\">Pre\u00e7os dos produtos<\/h4>\n\n\n\n<p>Os pre\u00e7os dos produtos s\u00e3o indicados em euros e s\u00e3o v\u00e1lidos no dia da encomenda. Os pre\u00e7os incluem IVA, uma vez que o fornecedor \u00e9 respons\u00e1vel pelo IVA. Reservamo-nos o direito de alterar os pre\u00e7os sem aviso pr\u00e9vio. Quando o cliente confirma a encomenda na loja online, aplicam-se os pre\u00e7os publicados no momento da encomenda. Os pre\u00e7os est\u00e3o devidamente indicados na loja online e aplicam-se a todos os clientes. Os custos de entrega n\u00e3o est\u00e3o inclu\u00eddos no pre\u00e7o do produto.<\/p>\n\n\n\n<h4 class=\"wp-block-heading\">C\u00f3digos promocionais<\/h4>\n\n\n\n<p>Condi\u00e7\u00f5es de coopera\u00e7\u00e3o:<\/p>\n\n\n\n<ol class=\"wp-block-list\">\n<li>O c\u00f3digo promocional n\u00e3o \u00e9 v\u00e1lido para o produto do m\u00eas.<\/li>\n\n\n\n<li>O produto do m\u00eas \u00e9 determinado pelo site e pode mudar mensalmente.<\/li>\n\n\n\n<li>O c\u00f3digo promocional pode ser usado para comprar todos os outros produtos do site.<\/li>\n\n\n\n<li>O c\u00f3digo promocional \u00e9 v\u00e1lido para uma \u00fanica utiliza\u00e7\u00e3o por compra individual.<\/li>\n\n\n\n<li>O c\u00f3digo promocional n\u00e3o pode ser combinado com outros descontos ou promo\u00e7\u00f5es.<\/li>\n\n\n\n<li>O site reserva-se o direito de alterar ou cancelar o c\u00f3digo promocional sem aviso pr\u00e9vio.<\/li>\n\n\n\n<li>O c\u00f3digo promocional n\u00e3o tem valor monet\u00e1rio e n\u00e3o pode ser trocado por dinheiro.<\/li>\n<\/ol>\n\n\n\n<h4 class=\"wp-block-heading\">Pagamento<\/h4>\n\n\n\n<p>A loja online permite o pagamento dos produtos em dinheiro na entrega e por transfer\u00eancia banc\u00e1ria para a TRR. Juntamente com os produtos enviados, o comprador recebe uma fatura com os custos discriminados. O pagamento s\u00f3 pode ser efetuado em uma \u00fanica parcela.<br><br>\u2013 Com o m\u00e9todo de pagamento na entrega, o comprador paga em dinheiro quando os correios entregam a encomenda. O pagamento na entrega s\u00f3 \u00e9 poss\u00edvel quando o endere\u00e7o de cobran\u00e7a \u00e9 o mesmo que o endere\u00e7o de entrega.<br>\u2013 No caso de pagamento por fatura pr\u00f3-forma, o comprador receber\u00e1 a fatura pr\u00f3-forma em seu endere\u00e7o de e-mail em at\u00e9 tr\u00eas dias ap\u00f3s a conclus\u00e3o do pedido. Ap\u00f3s o recebimento da transfer\u00eancia, o fornecedor enviar\u00e1 os produtos encomendados ao cliente por correio.<\/p>\n\n\n\n<p>O pagamento de produtos encomendados de pa\u00edses fora da Eslov\u00eania s\u00f3 \u00e9 poss\u00edvel por meio de transfer\u00eancia banc\u00e1ria direta (fatura antecipada).<\/p>\n\n\n\n<h4 class=\"wp-block-heading\">Conta<\/h4>\n\n\n\n<p>A fatura ser\u00e1 emitida no ato da entrega e anexada ao produto.<\/p>\n\n\n\n<h4 class=\"wp-block-heading\">Entrega<\/h4>\n\n\n\n<p>O fornecedor envia os produtos encomendados em at\u00e9 dois dias \u00fateis ap\u00f3s o recebimento do pedido (no caso de pagamento contra reembolso) ou em at\u00e9 dois dias \u00fateis ap\u00f3s o recebimento do pagamento (no caso de transfer\u00eancia banc\u00e1ria). O prazo de entrega depende do servi\u00e7o de entrega e pode variar de um a cinco dias \u00fateis a partir da data de envio. O parceiro contratual para a entrega das encomendas \u00e9 a DPD\/DHL. Na compra de produtos, o custo do frete \u00e9 pago pelo comprador e corresponde a \u20ac 9,99.<\/p>\n\n\n\n<h4 class=\"wp-block-heading\">O direito de desistir da compra, devolver os produtos e obter o reembolso do pagamento.<\/h4>\n\n\n\n<p>Antes de o cliente submeter o pedido, \u00e9-lhe apresentada uma pr\u00e9-visualiza\u00e7\u00e3o, atrav\u00e9s da qual pode verificar as informa\u00e7\u00f5es que preencheu. Em caso de erros, o comprador pode corrigi-los no carrinho de compras. Se o site n\u00e3o quiser submeter o pedido, pode fechar ou interromper o processo de submiss\u00e3o e confirma\u00e7\u00e3o do mesmo.<\/p>\n\n\n\n<p>O direito de desistir da compra, devolver os produtos e obter o reembolso do pagamento.<\/p>\n\n\n\n<p>O comprador tem o direito de rescindir o contrato ou a encomenda no prazo de 14 dias a contar da rece\u00e7\u00e3o da mercadoria, comunicando ao fornecedor atrav\u00e9s do endere\u00e7o de email: info@kaizendren.com, sem necessidade de justificar a sua decis\u00e3o.<\/p>\n\n\n\n<p>Caso o comprador j\u00e1 tenha recebido a mercadoria e decida rescindir o contrato, dever\u00e1 devolv\u00ea-la ao fornecedor\/empresa, sem danos e na mesma quantidade, no prazo de 14 dias a contar do envio da comunica\u00e7\u00e3o de rescis\u00e3o. O \u00fanico custo a pagar pelo comprador em virtude da rescis\u00e3o do contrato ser\u00e1 o custo da devolu\u00e7\u00e3o da mercadoria.<\/p>\n\n\n\n<p>O formul\u00e1rio para rescis\u00e3o do contrato do artigo est\u00e1 dispon\u00edvel ao usu\u00e1rio aqui.<\/p>\n\n\n\n<p>O comprador deve devolver os produtos recebidos sem danos e sem altera\u00e7\u00f5es, a menos que os danos sejam causados por motivos alheios \u00e0 sua vontade.<\/p>\n\n\n\n<p>Devolveremos os pagamentos efetuados ao comprador o mais breve poss\u00edvel, mas o mais tardar 14 dias ap\u00f3s o recebimento da notifica\u00e7\u00e3o de desist\u00eancia do contrato. A empresa reembolsar\u00e1 o comprador utilizando o mesmo meio de pagamento que este usou (geralmente por transfer\u00eancia banc\u00e1ria), a menos que o consumidor tenha solicitado expressamente um meio de pagamento diferente e o comprador n\u00e3o incorra em quaisquer custos da\u00ed resultantes.<\/p>\n\n\n\n<p>De acordo com o par\u00e1grafo 5 do artigo 43 da Lei de Prote\u00e7\u00e3o ao Consumidor, o comprador n\u00e3o tem o direito de rescindir o contrato (compra) se o produto for fabricado segundo as suas instru\u00e7\u00f5es precisas e adaptado \u00e0s suas necessidades pessoais.<\/p>\n\n\n\n<h4 class=\"wp-block-heading\">Reclama\u00e7\u00f5es<\/h4>\n\n\n\n<p>O fornecedor empenha-se ao m\u00e1ximo para garantir a melhor qualidade do produto. Caso, no entanto, o produto recebido pelo comprador apresente algum defeito, este dever\u00e1 informar o fornecedor por e-mail, que o orientar\u00e1 sobre o processo de resolu\u00e7\u00e3o da reclama\u00e7\u00e3o. O fornecedor reserva-se o direito de rejeitar a reclama\u00e7\u00e3o caso o produto esteja inutiliz\u00e1vel ou tenha sofrido danos causados por uso indevido por parte do comprador.<\/p>\n\n\n\n<h4 class=\"wp-block-heading\">Um erro factual<\/h4>\n\n\n\n<p>O consumidor pode exercer seus direitos em caso de defeito material se informar o vendedor sobre o defeito dentro de dois meses a partir da data em que o defeito foi descoberto. O consumidor deve descrever o defeito com precis\u00e3o na notifica\u00e7\u00e3o e permitir que o vendedor inspecione o produto.<\/p>\n\n\n\n<p>O vendedor n\u00e3o se responsabiliza por defeitos materiais nos produtos que se tornem aparentes ap\u00f3s dois anos da data de entrega. Considera-se que um defeito j\u00e1 existia no momento da entrega se surgir dentro de seis meses ap\u00f3s a mesma.<\/p>\n\n\n\n<p>O consumidor, que informou corretamente o vendedor sobre o erro, tem o direito de exigir do vendedor que:<\/p>\n\n\n\n<p>retificar o defeito da mercadoria ou devolver parte do valor pago proporcionalmente ao defeito ou<\/p>\n\n\n\n<p>substitui os produtos defeituosos por um novo, sem defeitos, ou<\/p>\n\n\n\n<p>Devolve o valor pago.<\/p>\n\n\n\n<h4 class=\"wp-block-heading\">Comunica\u00e7\u00e3o<\/h4>\n\n\n\n<p>O fornecedor entrar\u00e1 em contato com o usu\u00e1rio por meio de comunica\u00e7\u00e3o remota, a menos que este manifeste expressamente sua oposi\u00e7\u00e3o. Os e-mails publicit\u00e1rios conter\u00e3o os seguintes componentes:<br>\u2013 O remetente ficar\u00e1 claramente vis\u00edvel.<br>\u2013 Elas ser\u00e3o claramente identificadas como mensagens publicit\u00e1rias, sem qualquer ambiguidade.<br>\u2013 Diversas campanhas, promo\u00e7\u00f5es e outras t\u00e9cnicas de marketing ser\u00e3o devidamente identificadas. Al\u00e9m disso, as condi\u00e7\u00f5es de participa\u00e7\u00e3o em cada uma delas ser\u00e3o claramente definidas.<br>\u2013 A forma de cancelar a inscri\u00e7\u00e3o para n\u00e3o receber mais mensagens publicit\u00e1rias ser\u00e1 apresentada de forma clara.<br>\u2013 O fornecedor respeitar\u00e1 expressamente o desejo do usu\u00e1rio de n\u00e3o receber mensagens publicit\u00e1rias.<br>\u2013 As mesmas condi\u00e7\u00f5es da nossa loja online aplicam-se \u00e0s vendas por telefone. Garantimos tamb\u00e9m uma compra r\u00e1pida e segura.<\/p>\n\n\n\n<h4 class=\"wp-block-heading\">Prote\u00e7\u00e3o de dados pessoais<\/h4>\n\n\n\n<p>As informa\u00e7\u00f5es fornecidas pelo comprador s\u00e3o estritamente confidenciais e tratadas de acordo com a Lei de Prote\u00e7\u00e3o de Dados Pessoais (Di\u00e1rio Oficial da RS n\u00ba 59\/1999, 57\/2001, 59\/2001 - revisada) e a Lei de Prote\u00e7\u00e3o ao Consumidor \u2013 ZVPot-UPB1 (texto consolidado oficial \u2013 Di\u00e1rio Oficial da RS, n\u00ba 14\/03). O fornecedor compromete-se a proteger permanentemente todos os dados pessoais do usu\u00e1rio. O fornecedor utilizar\u00e1 os dados pessoais exclusivamente para fins de processamento do pedido (envio de material informativo, ofertas, faturas) e outras comunica\u00e7\u00f5es. Em nenhuma circunst\u00e2ncia os dados do usu\u00e1rio ser\u00e3o fornecidos a pessoas n\u00e3o autorizadas. O usu\u00e1rio tamb\u00e9m \u00e9 respons\u00e1vel pela prote\u00e7\u00e3o de seus dados pessoais, garantindo a seguran\u00e7a e a prote\u00e7\u00e3o de seu nome de usu\u00e1rio e senha.<\/p>\n\n\n\n<h4 class=\"wp-block-heading\">Reclama\u00e7\u00f5es e disputas<\/h4>\n\n\n\n<p>Resolu\u00e7\u00e3o extrajudicial de lit\u00edgios de consumo<\/p>\n\n\n\n<p>Em conformidade com as normas legais, a Kaizendren MB. n\u00e3o reconhece nenhum prestador de servi\u00e7os de resolu\u00e7\u00e3o extrajudicial de lit\u00edgios de consumo como competente para a resolu\u00e7\u00e3o de um lit\u00edgio de consumo que o consumidor possa iniciar de acordo com a Lei sobre a Resolu\u00e7\u00e3o Extrajudicial de Lit\u00edgios de Consumo.<\/p>\n\n\n\n<p>A Kaizendren MB, fornecedora de bens e servi\u00e7os que facilita o com\u00e9rcio online no territ\u00f3rio da Rep\u00fablica da Eslov\u00eania, publica em seu site um link eletr\u00f4nico para a plataforma de resolu\u00e7\u00e3o online de lit\u00edgios de consumo (SRPS). A plataforma est\u00e1 dispon\u00edvel para os consumidores aqui.<\/p>\n\n\n\n<figure class=\"wp-block-embed\"><div class=\"wp-block-embed__wrapper\">\nhttps:\/\/ec.europa.eu\/consumers\/odr\/main\/index.cfm?event=main.home.chooseLanguage\n<\/div><\/figure>\n\n\n\n<p>A referida regulamenta\u00e7\u00e3o decorre da Lei sobre a Resolu\u00e7\u00e3o Extrajudicial de Lit\u00edgios de Consumo, Regulamento (UE) n.\u00ba 524\/2013 do Parlamento Europeu e do Conselho relativo \u00e0 resolu\u00e7\u00e3o online de lit\u00edgios de consumo e que altera o Regulamento (CE) n.\u00ba 2016\/2004 e a Diretiva 2009\/22\/CE.<\/p>\n\n\n\n<p>Em caso de reclama\u00e7\u00e3o ou queixas, entre em contato conosco por e-mail: info@kaizendren.com ou ligue para +370 000 0000.<\/p>\n\n\n\n<h4 class=\"wp-block-heading\">C\u00f3digo de Conduta<\/h4>\n\n\n\n<p>O fornecedor estabeleceu elevados padr\u00f5es internos para o processamento de pedidos, devolu\u00e7\u00f5es e reclama\u00e7\u00f5es de clientes, e procura cumprir ao m\u00e1ximo os requisitos dos consumidores e as normas legais vigentes. Em conformidade com o 6\u00ba par\u00e1grafo do Artigo 7\u00ba da Lei sobre Com\u00e9rcio Eletr\u00f4nico no Mercado (ZEPT), declara que n\u00e3o \u00e9 signat\u00e1rio do c\u00f3digo de conduta para comerciantes online.<\/p>\n\n\n\n<h4 class=\"wp-block-heading\">Prote\u00e7\u00e3o de direitos autorais<\/h4>\n\n\n\n<p>Todo o conte\u00fado do site kaizendren.com, bem como de suas subp\u00e1ginas, incluindo imagens e v\u00eddeos, est\u00e1 protegido por direitos autorais e \u00e9 propriedade do provedor. O provedor permite o uso de imagens e v\u00eddeos para fins pessoais em redes sociais, blogs e galerias de fotos, desde que a fonte seja indicada.<\/p>\n\n\n\n<h4 class=\"wp-block-heading\">Explica\u00e7\u00e3o<\/h4>\n\n\n\n<p>Todas as informa\u00e7\u00f5es est\u00e3o sujeitas a altera\u00e7\u00f5es sem aviso pr\u00e9vio, e o fornecedor tamb\u00e9m poder\u00e1 modificar estes termos sem aviso pr\u00e9vio. Caso necessite de esclarecimentos adicionais sobre as condi\u00e7\u00f5es gerais de coopera\u00e7\u00e3o, entre em contato conosco.<\/p>\n\n\n\n<h4 class=\"wp-block-heading\">Informa\u00e7\u00f5es comerciais:<\/h4>\n\n\n\n<p>MB KAIZENDREN<br>Telefone: +370 683 16126<br>E-mail:\u00a0<a href=\"mailto:info@kaizendren.com\">info@kaizendren.com<\/a><br>N\u00famero de registro: 306556918<\/p>","protected":false},"excerpt":{"rendered":"<p>Acessibilidade da informa\u00e7\u00e3o (resumo da legisla\u00e7\u00e3o) O prestador de servi\u00e7os compromete-se a fornecer sempre ao cliente as seguintes informa\u00e7\u00f5es: a) identidade da empresa<\/p>","protected":false},"author":1,"featured_media":0,"parent":291031,"menu_order":0,"comment_status":"closed","ping_status":"open","template":"","meta":{"footnotes":""},"class_list":["post-3","page","type-page","status-publish","hentry"],"yoast_head":"<!-- This site is optimized with the Yoast SEO plugin v27.3 - https:\/\/yoast.com\/product\/yoast-seo-wordpress\/ -->\n<title>Privacy policy - Kaizendren<\/title>\n<meta name=\"robots\" content=\"index, follow, max-snippet:-1, max-image-preview:large, max-video-preview:-1\" \/>\n<link rel=\"canonical\" href=\"https:\/\/kaizendren.com\/pt\/informacao\/politica-de-privacidade\/\" \/>\n<meta property=\"og:locale\" content=\"pt_PT\" \/>\n<meta property=\"og:type\" content=\"article\" \/>\n<meta property=\"og:title\" content=\"Privacy policy - Kaizendren\" \/>\n<meta property=\"og:description\" content=\"Accessibility of information (summary of legislation) The provider undertakes to always provide the customer with the following information:a) company identity\" \/>\n<meta property=\"og:url\" content=\"https:\/\/kaizendren.com\/pt\/informacao\/politica-de-privacidade\/\" \/>\n<meta property=\"og:site_name\" content=\"Kaizendren\" \/>\n<meta property=\"article:publisher\" content=\"https:\/\/www.facebook.com\/kaizendren\" \/>\n<meta property=\"article:modified_time\" content=\"2026-02-11T17:52:32+00:00\" \/>\n<meta property=\"og:image\" content=\"https:\/\/kaizendren.com\/wp-content\/uploads\/2023\/11\/insta-1.jpg\" \/>\n\t<meta property=\"og:image:width\" content=\"700\" \/>\n\t<meta property=\"og:image:height\" content=\"700\" \/>\n\t<meta property=\"og:image:type\" content=\"image\/jpeg\" \/>\n<meta name=\"twitter:card\" content=\"summary_large_image\" \/>\n<meta name=\"twitter:label1\" content=\"Tempo estimado de leitura\" \/>\n\t<meta name=\"twitter:data1\" content=\"9 minutos\" \/>\n<script type=\"application\/ld+json\" class=\"yoast-schema-graph\">{\"@context\":\"https:\\\/\\\/schema.org\",\"@graph\":[{\"@type\":\"WebPage\",\"@id\":\"https:\\\/\\\/kaizendren.com\\\/information\\\/privacy-policy\\\/\",\"url\":\"https:\\\/\\\/kaizendren.com\\\/information\\\/privacy-policy\\\/\",\"name\":\"Privacy policy - Kaizendren\",\"isPartOf\":{\"@id\":\"https:\\\/\\\/kaizendren.com\\\/#website\"},\"datePublished\":\"2023-10-25T11:27:08+00:00\",\"dateModified\":\"2026-02-11T17:52:32+00:00\",\"breadcrumb\":{\"@id\":\"https:\\\/\\\/kaizendren.com\\\/information\\\/privacy-policy\\\/#breadcrumb\"},\"inLanguage\":\"pt-PT\",\"potentialAction\":[{\"@type\":\"ReadAction\",\"target\":[\"https:\\\/\\\/kaizendren.com\\\/information\\\/privacy-policy\\\/\"]}]},{\"@type\":\"BreadcrumbList\",\"@id\":\"https:\\\/\\\/kaizendren.com\\\/information\\\/privacy-policy\\\/#breadcrumb\",\"itemListElement\":[{\"@type\":\"ListItem\",\"position\":1,\"name\":\"Home\",\"item\":\"https:\\\/\\\/kaizendren.com\\\/\"},{\"@type\":\"ListItem\",\"position\":2,\"name\":\"Information\",\"item\":\"https:\\\/\\\/kaizendren.com\\\/information\\\/\"},{\"@type\":\"ListItem\",\"position\":3,\"name\":\"Privacy policy\"}]},{\"@type\":\"WebSite\",\"@id\":\"https:\\\/\\\/kaizendren.com\\\/#website\",\"url\":\"https:\\\/\\\/kaizendren.com\\\/\",\"name\":\"Kaizendren\",\"description\":\"Our Focus Is Your Health, Relaxation And Recovery\",\"publisher\":{\"@id\":\"https:\\\/\\\/kaizendren.com\\\/#organization\"},\"potentialAction\":[{\"@type\":\"SearchAction\",\"target\":{\"@type\":\"EntryPoint\",\"urlTemplate\":\"https:\\\/\\\/kaizendren.com\\\/?s={search_term_string}\"},\"query-input\":{\"@type\":\"PropertyValueSpecification\",\"valueRequired\":true,\"valueName\":\"search_term_string\"}}],\"inLanguage\":\"pt-PT\"},{\"@type\":\"Organization\",\"@id\":\"https:\\\/\\\/kaizendren.com\\\/#organization\",\"name\":\"Kaizendren\",\"url\":\"https:\\\/\\\/kaizendren.com\\\/\",\"logo\":{\"@type\":\"ImageObject\",\"inLanguage\":\"pt-PT\",\"@id\":\"https:\\\/\\\/kaizendren.com\\\/#\\\/schema\\\/logo\\\/image\\\/\",\"url\":\"https:\\\/\\\/kaizendren.com\\\/wp-content\\\/uploads\\\/2023\\\/11\\\/kaizendren-logo-head.png\",\"contentUrl\":\"https:\\\/\\\/kaizendren.com\\\/wp-content\\\/uploads\\\/2023\\\/11\\\/kaizendren-logo-head.png\",\"width\":336,\"height\":70,\"caption\":\"Kaizendren\"},\"image\":{\"@id\":\"https:\\\/\\\/kaizendren.com\\\/#\\\/schema\\\/logo\\\/image\\\/\"},\"sameAs\":[\"https:\\\/\\\/www.facebook.com\\\/kaizendren\",\"https:\\\/\\\/www.instagram.com\\\/kaizendren\",\"https:\\\/\\\/www.tiktok.com\\\/@kaizendren\"]}]}<\/script>\n<!-- \/ Yoast SEO plugin. -->","yoast_head_json":{"title":"Pol\u00edtica de privacidade - Kaizendren","robots":{"index":"index","follow":"follow","max-snippet":"max-snippet:-1","max-image-preview":"max-image-preview:large","max-video-preview":"max-video-preview:-1"},"canonical":"https:\/\/kaizendren.com\/pt\/informacao\/politica-de-privacidade\/","og_locale":"pt_PT","og_type":"article","og_title":"Privacy policy - Kaizendren","og_description":"Accessibility of information (summary of legislation) The provider undertakes to always provide the customer with the following information:a) company identity","og_url":"https:\/\/kaizendren.com\/pt\/informacao\/politica-de-privacidade\/","og_site_name":"Kaizendren","article_publisher":"https:\/\/www.facebook.com\/kaizendren","article_modified_time":"2026-02-11T17:52:32+00:00","og_image":[{"width":700,"height":700,"url":"https:\/\/kaizendren.com\/wp-content\/uploads\/2023\/11\/insta-1.jpg","type":"image\/jpeg"}],"twitter_card":"summary_large_image","twitter_misc":{"Tempo estimado de leitura":"9 minutos"},"schema":{"@context":"https:\/\/schema.org","@graph":[{"@type":"WebPage","@id":"https:\/\/kaizendren.com\/information\/privacy-policy\/","url":"https:\/\/kaizendren.com\/information\/privacy-policy\/","name":"Pol\u00edtica de privacidade - Kaizendren","isPartOf":{"@id":"https:\/\/kaizendren.com\/#website"},"datePublished":"2023-10-25T11:27:08+00:00","dateModified":"2026-02-11T17:52:32+00:00","breadcrumb":{"@id":"https:\/\/kaizendren.com\/information\/privacy-policy\/#breadcrumb"},"inLanguage":"pt-PT","potentialAction":[{"@type":"ReadAction","target":["https:\/\/kaizendren.com\/information\/privacy-policy\/"]}]},{"@type":"BreadcrumbList","@id":"https:\/\/kaizendren.com\/information\/privacy-policy\/#breadcrumb","itemListElement":[{"@type":"ListItem","position":1,"name":"Home","item":"https:\/\/kaizendren.com\/"},{"@type":"ListItem","position":2,"name":"Information","item":"https:\/\/kaizendren.com\/information\/"},{"@type":"ListItem","position":3,"name":"Privacy policy"}]},{"@type":"WebSite","@id":"https:\/\/kaizendren.com\/#website","url":"https:\/\/kaizendren.com\/","name":"Kaizendren","description":"O nosso foco \u00e9 a sua sa\u00fade, relaxamento e recupera\u00e7\u00e3o","publisher":{"@id":"https:\/\/kaizendren.com\/#organization"},"potentialAction":[{"@type":"SearchAction","target":{"@type":"EntryPoint","urlTemplate":"https:\/\/kaizendren.com\/?s={search_term_string}"},"query-input":{"@type":"PropertyValueSpecification","valueRequired":true,"valueName":"search_term_string"}}],"inLanguage":"pt-PT"},{"@type":"Organization","@id":"https:\/\/kaizendren.com\/#organization","name":"Kaizendren","url":"https:\/\/kaizendren.com\/","logo":{"@type":"ImageObject","inLanguage":"pt-PT","@id":"https:\/\/kaizendren.com\/#\/schema\/logo\/image\/","url":"https:\/\/kaizendren.com\/wp-content\/uploads\/2023\/11\/kaizendren-logo-head.png","contentUrl":"https:\/\/kaizendren.com\/wp-content\/uploads\/2023\/11\/kaizendren-logo-head.png","width":336,"height":70,"caption":"Kaizendren"},"image":{"@id":"https:\/\/kaizendren.com\/#\/schema\/logo\/image\/"},"sameAs":["https:\/\/www.facebook.com\/kaizendren","https:\/\/www.instagram.com\/kaizendren","https:\/\/www.tiktok.com\/@kaizendren"]}]}},"_links":{"self":[{"href":"https:\/\/kaizendren.com\/pt\/wp-json\/wp\/v2\/pages\/3","targetHints":{"allow":["GET"]}}],"collection":[{"href":"https:\/\/kaizendren.com\/pt\/wp-json\/wp\/v2\/pages"}],"about":[{"href":"https:\/\/kaizendren.com\/pt\/wp-json\/wp\/v2\/types\/page"}],"author":[{"embeddable":true,"href":"https:\/\/kaizendren.com\/pt\/wp-json\/wp\/v2\/users\/1"}],"replies":[{"embeddable":true,"href":"https:\/\/kaizendren.com\/pt\/wp-json\/wp\/v2\/comments?post=3"}],"version-history":[{"count":4,"href":"https:\/\/kaizendren.com\/pt\/wp-json\/wp\/v2\/pages\/3\/revisions"}],"predecessor-version":[{"id":334605,"href":"https:\/\/kaizendren.com\/pt\/wp-json\/wp\/v2\/pages\/3\/revisions\/334605"}],"up":[{"embeddable":true,"href":"https:\/\/kaizendren.com\/pt\/wp-json\/wp\/v2\/pages\/291031"}],"wp:attachment":[{"href":"https:\/\/kaizendren.com\/pt\/wp-json\/wp\/v2\/media?parent=3"}],"curies":[{"name":"wp","href":"https:\/\/api.w.org\/{rel}","templated":true}]}}