{"id":19,"date":"2023-11-22T16:18:07","date_gmt":"2023-11-22T14:18:07","guid":{"rendered":"https:\/\/kaizendren.com\/?page_id=19"},"modified":"2026-02-11T19:45:52","modified_gmt":"2026-02-11T17:45:52","slug":"politica-de-devolucao","status":"publish","type":"page","link":"https:\/\/kaizendren.com\/pt\/information\/return-policy\/","title":{"rendered":"Pol\u00edtica de devolu\u00e7\u00e3o"},"content":{"rendered":"<h4 class=\"wp-block-heading\">Prazo de devolu\u00e7\u00e3o de 30 dias para produtos com defeito:<\/h4>\n\n\n\n<p>Confiamos na qualidade dos nossos produtos e, caso receba um item com defeito, oferecemos um processo de devolu\u00e7\u00e3o descomplicado. Voc\u00ea tem 30 dias a partir da data de recebimento para iniciar a devolu\u00e7\u00e3o de qualquer produto considerado defeituoso ou com falha de fabrica\u00e7\u00e3o.<\/p>\n\n\n\n<p><p>Produtos que tenham sido expostos a uso indevido, danos acidentais, manuseio inadequado ou desrespeito \u00e0s instru\u00e7\u00f5es de cuidado do produto n\u00e3o ser\u00e3o eleg\u00edveis para devolu\u00e7\u00e3o de acordo com esta pol\u00edtica. Devolu\u00e7\u00f5es s\u00e3o aceitas somente para compras feitas online em kaizendren.com ou subdom\u00ednios equivalentes e n\u00e3o s\u00e3o aceitas para itens comprados de distribuidores terceirizados.<\/p>\n<p>Para ter direito a reembolso de um item sem defeitos: o item deve estar sem uso e nas mesmas condi\u00e7\u00f5es em que foi recebido. O produto tamb\u00e9m deve estar em sua embalagem original, com todas as etiquetas e r\u00f3tulos anexados.<\/p><\/p>\n\n\n\n<h4 class=\"wp-block-heading\">Processo de devolu\u00e7\u00e3o:<\/h4>\n\n\n\n<p>Para iniciar uma devolu\u00e7\u00e3o, entre em contato com nossa equipe de suporte ao cliente pelo e-mail info@kaizendren.com. Voc\u00ea precisar\u00e1 fornecer informa\u00e7\u00f5es sobre seu pedido, como o n\u00famero do pedido e uma descri\u00e7\u00e3o clara do problema. N\u00f3s o ajudaremos com o processo de devolu\u00e7\u00e3o e informaremos os pr\u00f3ximos passos.<\/p>\n\n\n\n<h4 class=\"wp-block-heading\">Custos de envio da devolu\u00e7\u00e3o:<\/h4>\n\n\n\n<p>Ap\u00f3s a entrega do produto, n\u00e3o podemos reembolsar os custos de envio. Para produtos com defeito devolvidos nos primeiros 30 dias, arcaremos com os custos de envio da devolu\u00e7\u00e3o dentro da Uni\u00e3o Europeia. No entanto, se desejar devolver um produto que n\u00e3o utilizou por ter mudado de ideia, ter\u00e1 de pagar os custos de envio da devolu\u00e7\u00e3o.<\/p>\n\n\n\n<h4 class=\"wp-block-heading\">Entrega falhada ou n\u00e3o realizada:<\/h4>\n\n\n\n<p>A encomenda ser\u00e1 devolvida ao remetente (Kaizendren) \u00e0s custas do cliente se a entrega na morada de envio especificada for impedida pela falta de coopera\u00e7\u00e3o do cliente (morada de envio incorreta ou errada, destinat\u00e1rio ausente, etc.).<\/p>\n\n\n\n<h4 class=\"wp-block-heading\">Inspe\u00e7\u00e3o e reembolso\/substitui\u00e7\u00e3o:<\/h4>\n\n\n\n<p>Assim que recebermos o produto de volta, nossa equipe especializada ir\u00e1 verific\u00e1-lo para confirmar se apresenta o problema relatado. Caso constatemos que o produto est\u00e1 com defeito, faremos o que voc\u00ea solicitou: reembols\u00e1-lo ou enviar um produto de substitui\u00e7\u00e3o. Esse processo pode levar at\u00e9 7 dias \u00fateis.<\/p>\n\n\n\n<h4 class=\"wp-block-heading\">Danos e problemas:<\/h4>\n\n\n\n<p>Ao abrir seus produtos Kaizendren, certifique-se de verificar e inspecionar todas as pe\u00e7as. Caso encontre alguma pe\u00e7a quebrada, faltando ou danificada, entre em contato conosco o mais breve poss\u00edvel para que possamos consert\u00e1-la.<\/p>\n\n\n\n<p>Voc\u00ea tem 10 dias a partir da data de recebimento do pedido para enviar solicita\u00e7\u00f5es de substitui\u00e7\u00e3o para info@kaizendren.com. Aceitamos solicita\u00e7\u00f5es de substitui\u00e7\u00e3o apenas para defeitos de fabrica\u00e7\u00e3o, pe\u00e7as quebradas ou faltantes. Consideramos que qualquer dano menor ap\u00f3s os primeiros 10 dias se deve ao desgaste normal inerente ao produto.<\/p>\n\n\n\n<p>O dano deve afetar o funcionamento do produto. Se o produto for danificado intencionalmente, acidentalmente ou por uso indevido, reservamo-nos o direito de recusar a substitui\u00e7\u00e3o.<\/p>","protected":false},"excerpt":{"rendered":"<p>Prazo de devolu\u00e7\u00e3o de 30 dias para produtos com defeito: Confiamos na qualidade dos nossos produtos e, caso receba um produto com defeito, entre em contato conosco para atend\u00ea-lo.<\/p>","protected":false},"author":1,"featured_media":0,"parent":291031,"menu_order":0,"comment_status":"closed","ping_status":"closed","template":"","meta":{"footnotes":""},"class_list":["post-19","page","type-page","status-publish","hentry"],"yoast_head":"<!-- This site is optimized with the Yoast SEO plugin v27.4 - https:\/\/yoast.com\/product\/yoast-seo-wordpress\/ -->\n<title>Return policy - Kaizendren<\/title>\n<meta name=\"robots\" content=\"index, follow, max-snippet:-1, max-image-preview:large, max-video-preview:-1\" \/>\n<link rel=\"canonical\" href=\"https:\/\/kaizendren.com\/pt\/informacao\/politica-de-devolucao\/\" \/>\n<meta property=\"og:locale\" content=\"pt_PT\" \/>\n<meta property=\"og:type\" content=\"article\" \/>\n<meta property=\"og:title\" content=\"Return policy - Kaizendren\" \/>\n<meta property=\"og:description\" content=\"30-day return period for faulty goods: We are confident in the quality of our products, and if you receive a\" \/>\n<meta property=\"og:url\" content=\"https:\/\/kaizendren.com\/pt\/informacao\/politica-de-devolucao\/\" \/>\n<meta property=\"og:site_name\" content=\"Kaizendren\" \/>\n<meta property=\"article:publisher\" content=\"https:\/\/www.facebook.com\/kaizendren\" \/>\n<meta property=\"article:modified_time\" content=\"2026-02-11T17:45:52+00:00\" \/>\n<meta property=\"og:image\" content=\"https:\/\/kaizendren.com\/wp-content\/uploads\/2023\/11\/insta-1.jpg\" \/>\n\t<meta property=\"og:image:width\" content=\"700\" \/>\n\t<meta property=\"og:image:height\" content=\"700\" \/>\n\t<meta property=\"og:image:type\" content=\"image\/jpeg\" \/>\n<meta name=\"twitter:card\" content=\"summary_large_image\" \/>\n<meta name=\"twitter:label1\" content=\"Tempo estimado de leitura\" \/>\n\t<meta name=\"twitter:data1\" content=\"3 minutos\" \/>\n<script type=\"application\/ld+json\" class=\"yoast-schema-graph\">{\"@context\":\"https:\\\/\\\/schema.org\",\"@graph\":[{\"@type\":\"WebPage\",\"@id\":\"https:\\\/\\\/kaizendren.com\\\/information\\\/return-policy\\\/\",\"url\":\"https:\\\/\\\/kaizendren.com\\\/information\\\/return-policy\\\/\",\"name\":\"Return policy - Kaizendren\",\"isPartOf\":{\"@id\":\"https:\\\/\\\/kaizendren.com\\\/#website\"},\"datePublished\":\"2023-11-22T14:18:07+00:00\",\"dateModified\":\"2026-02-11T17:45:52+00:00\",\"breadcrumb\":{\"@id\":\"https:\\\/\\\/kaizendren.com\\\/information\\\/return-policy\\\/#breadcrumb\"},\"inLanguage\":\"pt-PT\",\"potentialAction\":[{\"@type\":\"ReadAction\",\"target\":[\"https:\\\/\\\/kaizendren.com\\\/information\\\/return-policy\\\/\"]}]},{\"@type\":\"BreadcrumbList\",\"@id\":\"https:\\\/\\\/kaizendren.com\\\/information\\\/return-policy\\\/#breadcrumb\",\"itemListElement\":[{\"@type\":\"ListItem\",\"position\":1,\"name\":\"Home\",\"item\":\"https:\\\/\\\/kaizendren.com\\\/\"},{\"@type\":\"ListItem\",\"position\":2,\"name\":\"Information\",\"item\":\"https:\\\/\\\/kaizendren.com\\\/information\\\/\"},{\"@type\":\"ListItem\",\"position\":3,\"name\":\"Return policy\"}]},{\"@type\":\"WebSite\",\"@id\":\"https:\\\/\\\/kaizendren.com\\\/#website\",\"url\":\"https:\\\/\\\/kaizendren.com\\\/\",\"name\":\"Kaizendren\",\"description\":\"Our Focus Is Your Health, Relaxation And Recovery\",\"publisher\":{\"@id\":\"https:\\\/\\\/kaizendren.com\\\/#organization\"},\"potentialAction\":[{\"@type\":\"SearchAction\",\"target\":{\"@type\":\"EntryPoint\",\"urlTemplate\":\"https:\\\/\\\/kaizendren.com\\\/?s={search_term_string}\"},\"query-input\":{\"@type\":\"PropertyValueSpecification\",\"valueRequired\":true,\"valueName\":\"search_term_string\"}}],\"inLanguage\":\"pt-PT\"},{\"@type\":\"Organization\",\"@id\":\"https:\\\/\\\/kaizendren.com\\\/#organization\",\"name\":\"Kaizendren\",\"url\":\"https:\\\/\\\/kaizendren.com\\\/\",\"logo\":{\"@type\":\"ImageObject\",\"inLanguage\":\"pt-PT\",\"@id\":\"https:\\\/\\\/kaizendren.com\\\/#\\\/schema\\\/logo\\\/image\\\/\",\"url\":\"https:\\\/\\\/kaizendren.com\\\/wp-content\\\/uploads\\\/2023\\\/11\\\/kaizendren-logo-head.png\",\"contentUrl\":\"https:\\\/\\\/kaizendren.com\\\/wp-content\\\/uploads\\\/2023\\\/11\\\/kaizendren-logo-head.png\",\"width\":336,\"height\":70,\"caption\":\"Kaizendren\"},\"image\":{\"@id\":\"https:\\\/\\\/kaizendren.com\\\/#\\\/schema\\\/logo\\\/image\\\/\"},\"sameAs\":[\"https:\\\/\\\/www.facebook.com\\\/kaizendren\",\"https:\\\/\\\/www.instagram.com\\\/kaizendren\",\"https:\\\/\\\/www.tiktok.com\\\/@kaizendren\"]}]}<\/script>\n<!-- \/ Yoast SEO plugin. -->","yoast_head_json":{"title":"Pol\u00edtica de devolu\u00e7\u00e3o - Kaizendren","robots":{"index":"index","follow":"follow","max-snippet":"max-snippet:-1","max-image-preview":"max-image-preview:large","max-video-preview":"max-video-preview:-1"},"canonical":"https:\/\/kaizendren.com\/pt\/informacao\/politica-de-devolucao\/","og_locale":"pt_PT","og_type":"article","og_title":"Return policy - Kaizendren","og_description":"30-day return period for faulty goods: We are confident in the quality of our products, and if you receive a","og_url":"https:\/\/kaizendren.com\/pt\/informacao\/politica-de-devolucao\/","og_site_name":"Kaizendren","article_publisher":"https:\/\/www.facebook.com\/kaizendren","article_modified_time":"2026-02-11T17:45:52+00:00","og_image":[{"width":700,"height":700,"url":"https:\/\/kaizendren.com\/wp-content\/uploads\/2023\/11\/insta-1.jpg","type":"image\/jpeg"}],"twitter_card":"summary_large_image","twitter_misc":{"Tempo estimado de leitura":"3 minutos"},"schema":{"@context":"https:\/\/schema.org","@graph":[{"@type":"WebPage","@id":"https:\/\/kaizendren.com\/information\/return-policy\/","url":"https:\/\/kaizendren.com\/information\/return-policy\/","name":"Pol\u00edtica de devolu\u00e7\u00e3o - Kaizendren","isPartOf":{"@id":"https:\/\/kaizendren.com\/#website"},"datePublished":"2023-11-22T14:18:07+00:00","dateModified":"2026-02-11T17:45:52+00:00","breadcrumb":{"@id":"https:\/\/kaizendren.com\/information\/return-policy\/#breadcrumb"},"inLanguage":"pt-PT","potentialAction":[{"@type":"ReadAction","target":["https:\/\/kaizendren.com\/information\/return-policy\/"]}]},{"@type":"BreadcrumbList","@id":"https:\/\/kaizendren.com\/information\/return-policy\/#breadcrumb","itemListElement":[{"@type":"ListItem","position":1,"name":"Home","item":"https:\/\/kaizendren.com\/"},{"@type":"ListItem","position":2,"name":"Information","item":"https:\/\/kaizendren.com\/information\/"},{"@type":"ListItem","position":3,"name":"Return policy"}]},{"@type":"WebSite","@id":"https:\/\/kaizendren.com\/#website","url":"https:\/\/kaizendren.com\/","name":"Kaizendren","description":"O nosso foco \u00e9 a sua sa\u00fade, relaxamento e recupera\u00e7\u00e3o","publisher":{"@id":"https:\/\/kaizendren.com\/#organization"},"potentialAction":[{"@type":"SearchAction","target":{"@type":"EntryPoint","urlTemplate":"https:\/\/kaizendren.com\/?s={search_term_string}"},"query-input":{"@type":"PropertyValueSpecification","valueRequired":true,"valueName":"search_term_string"}}],"inLanguage":"pt-PT"},{"@type":"Organization","@id":"https:\/\/kaizendren.com\/#organization","name":"Kaizendren","url":"https:\/\/kaizendren.com\/","logo":{"@type":"ImageObject","inLanguage":"pt-PT","@id":"https:\/\/kaizendren.com\/#\/schema\/logo\/image\/","url":"https:\/\/kaizendren.com\/wp-content\/uploads\/2023\/11\/kaizendren-logo-head.png","contentUrl":"https:\/\/kaizendren.com\/wp-content\/uploads\/2023\/11\/kaizendren-logo-head.png","width":336,"height":70,"caption":"Kaizendren"},"image":{"@id":"https:\/\/kaizendren.com\/#\/schema\/logo\/image\/"},"sameAs":["https:\/\/www.facebook.com\/kaizendren","https:\/\/www.instagram.com\/kaizendren","https:\/\/www.tiktok.com\/@kaizendren"]}]}},"_links":{"self":[{"href":"https:\/\/kaizendren.com\/pt\/wp-json\/wp\/v2\/pages\/19","targetHints":{"allow":["GET"]}}],"collection":[{"href":"https:\/\/kaizendren.com\/pt\/wp-json\/wp\/v2\/pages"}],"about":[{"href":"https:\/\/kaizendren.com\/pt\/wp-json\/wp\/v2\/types\/page"}],"author":[{"embeddable":true,"href":"https:\/\/kaizendren.com\/pt\/wp-json\/wp\/v2\/users\/1"}],"replies":[{"embeddable":true,"href":"https:\/\/kaizendren.com\/pt\/wp-json\/wp\/v2\/comments?post=19"}],"version-history":[{"count":3,"href":"https:\/\/kaizendren.com\/pt\/wp-json\/wp\/v2\/pages\/19\/revisions"}],"predecessor-version":[{"id":334580,"href":"https:\/\/kaizendren.com\/pt\/wp-json\/wp\/v2\/pages\/19\/revisions\/334580"}],"up":[{"embeddable":true,"href":"https:\/\/kaizendren.com\/pt\/wp-json\/wp\/v2\/pages\/291031"}],"wp:attachment":[{"href":"https:\/\/kaizendren.com\/pt\/wp-json\/wp\/v2\/media?parent=19"}],"curies":[{"name":"wp","href":"https:\/\/api.w.org\/{rel}","templated":true}]}}