{"id":35073,"date":"2023-12-07T16:03:42","date_gmt":"2023-12-07T14:03:42","guid":{"rendered":"https:\/\/kaizendren.com\/?page_id=35073"},"modified":"2026-02-11T19:29:02","modified_gmt":"2026-02-11T17:29:02","slug":"informacje-o-dostawie","status":"publish","type":"page","link":"https:\/\/kaizendren.com\/pl\/information\/delivery-information\/","title":{"rendered":"Informacje o dostawie"},"content":{"rendered":"<h4 class=\"wp-block-heading\">Informacje:<\/h4>\n\n\n\n<p>W Kaizendren oferujemy naszym klientom opcje dostawy do domu z kurierem DPD\/DHL przy kasie. Czas dostawy dla ka\u017cdego kraju\/regionu mo\u017cna sprawdzi\u0107 poni\u017cej.<\/p>\n\n\n\n<p>W przypadku mi\u0119dzynarodowych przesy\u0142ek ekspresowych mo\u017ce to potrwa\u0107 do 2-5 dni roboczych od dnia wysy\u0142ki lub d\u0142u\u017cej, w zale\u017cno\u015bci od ewentualnych problem\u00f3w lub op\u00f3\u017anie\u0144 w danym kraju. Czasami wyzwania zwi\u0105zane z globalnym \u0142a\u0144cuchem dostaw mog\u0105 r\u00f3wnie\u017c wp\u0142ywa\u0107 na czas wysy\u0142ki.<\/p>\n\n\n\n<h4 class=\"wp-block-heading\">Czas dostawy:<\/h4>\n\n\n\n<p>Nale\u017cy pami\u0119ta\u0107, \u017ce czas wysy\u0142ki mo\u017ce si\u0119 r\u00f3\u017cni\u0107. Aktualne opcje wysy\u0142ki i szacowany czas dostawy s\u0105 nast\u0119puj\u0105ce:<\/p>\n\n\n\n<p>Kraje Unii Europejskiej: <strong>2-5 dni roboczych<\/strong>.<br>Wielka Brytania: <strong>2-3 dni robocze<\/strong>.<br>Poza Uni\u0105 Europejsk\u0105: <strong>5-14 dni roboczych<\/strong>.<br>Litwa: <strong>1-2 dni robocze<\/strong>.<br>\u0141otwa: <strong>2-3 dni robocze<\/strong>.<br>Estonia: <strong>2-3 dni robocze<\/strong>.<br>Polska: <strong>2-3 dni robocze<\/strong>.<br>Finlandia: <strong>2-5 dni roboczych<\/strong>.<br>Austria: <strong>2-4 dni robocze<\/strong>.<br>Belgia: <strong>2-4 dni robocze<\/strong>.<br>Czechy: <strong>2-4 dni robocze<\/strong>.<br>Dania: <strong>2-4 dni robocze<\/strong>.<br>Luksemburg: <strong>2-4 dni robocze<\/strong>.<br>Holandia: <strong>2-4 dni robocze<\/strong>.<br>Francja: <strong>2-4 dni robocze<\/strong>.<br>S\u0142owacja: <strong>2-5 dni roboczych<\/strong>.<br>Niemcy: <strong>2-4 dni robocze<\/strong>.<br>W\u0142ochy: <strong>3-6 dni roboczych<\/strong>.<br>Chorwacja: <strong>2-6 dni roboczych<\/strong>.<br>S\u0142owenia: <strong>2-5 dni roboczych<\/strong>.<br>Szwecja: <strong>2-5 dni roboczych<\/strong>.<br>W\u0119gry: <strong>2-4 dni robocze<\/strong>.<br>Irlandia: <strong>3-6 dni roboczych<\/strong>.<br>Bu\u0142garia: <strong>3-6 dni roboczych<\/strong>.<br>Grecja: <strong>3-6 dni roboczych<\/strong>.<br>Hiszpania: <strong>3-5 dni roboczych<\/strong>.<br>Portugalia: <strong>3-6 dni roboczych<\/strong>.<br>Rumunia: <strong>2-5 dni roboczych<\/strong>.<br>Szwajcaria: <strong>5-12 dni roboczych<\/strong>.<br>Norwegia: <strong>5-12 dni roboczych<\/strong>.<br>Serbia: <strong>5-12 dni roboczych<\/strong>.<br>Bo\u015bnia i Hercegowina: <strong>5-12 dni roboczych<\/strong>.<br>Czarnog\u00f3ra: <strong>5-12 dni roboczych<\/strong>.<br>Albania: <strong>5-12 dni roboczych<\/strong>.<br><br><\/p>\n\n\n\n<h4 class=\"wp-block-heading\">Miejsca dostawy:<\/h4>\n\n\n\n<p>Oferujemy dostaw\u0119 do domu do nast\u0119puj\u0105cych kraj\u00f3w: Wielka Brytania (Zjednoczone Kr\u00f3lestwo), Litwa, \u0141otwa, Estonia, Polska, Finlandia, Austria, Belgia, Czechy, Dania, Luksemburg, Holandia, Francja, S\u0142owacja, Niemcy, W\u0142ochy, Chorwacja, S\u0142owenia, Szwecja, W\u0119gry, Irlandia, Bu\u0142garia, Grecja, Hiszpania , Portugalia, Rumunia, Szwajcaria, Norwegia, Serbia, Bo\u015bnia i Hercegowina, Czarnog\u00f3ra, Albania.<\/p>\n\n\n\n<h4 class=\"wp-block-heading\">Nieudana lub brakuj\u0105ca dostawa:<\/h4>\n\n\n\n<p>Paczka zostanie zwr\u00f3cona do nadawcy (Kaizendren) na koszt klienta, je\u015bli dostarczenie paczki pod wskazany adres wysy\u0142ki zostanie uniemo\u017cliwione przez brak wsp\u00f3\u0142pracy ze strony klienta (b\u0142\u0119dny adres wysy\u0142ki, nieobecno\u015b\u0107 odbiorcy itp.).<\/p>\n\n\n\n<h4 class=\"wp-block-heading\">Produkty nie zosta\u0142y odebrane, ale \u015bledzenie pokazuje, \u017ce zosta\u0142y dostarczone:<\/h4>\n\n\n\n<p>Nie wymieniamy ani nie zwracamy przedmiot\u00f3w, kt\u00f3re zosta\u0142y oznaczone jako dostarczone przez firm\u0119 kuriersk\u0105. Z tego powodu zawsze zalecamy wybranie bezpiecznej lokalizacji, do kt\u00f3rej maj\u0105 zosta\u0107 dostarczone paczki. Gdy przesy\u0142ka dotrze na podany adres, firma kurierska oznaczy j\u0105 jako dor\u0119czon\u0105. Sugerujemy sprawdzenie skrzynki pocztowej, zadzwonienie do firmy kurierskiej lub skontaktowanie si\u0119 z lokalnym urz\u0119dem pocztowym, je\u015bli nie otrzyma\u0142e\u015b zam\u00f3wienia, ale zosta\u0142o ono oznaczone jako dostarczone.<\/p>\n\n\n\n<h4 class=\"wp-block-heading\">Paczki odrzucone przez s\u0142u\u017cby celne:<\/h4>\n\n\n\n<p>Nie zwracamy ce\u0142 ani op\u0142at importowych. Ka\u017cdy klient musi ui\u015bci\u0107 op\u0142aty importowe i podatki w swoim kraju. Je\u015bli nie zap\u0142acisz c\u0142a, a Twoje zam\u00f3wienie zostanie do nas odes\u0142ane, zwr\u00f3cimy Ci kwot\u0119 ceny zakupu pomniejszon\u0105 o wszystkie op\u0142aty za wysy\u0142k\u0119 \/ op\u0142aty celne. Aby zwrot mia\u0142 zastosowanie, przedmiot musi by\u0107 nieuszkodzony i nadawa\u0107 si\u0119 do ponownej sprzeda\u017cy. Dok\u0142adna kwota zostanie przes\u0142ana e-mailem, gdy otrzymamy zwr\u00f3con\u0105 kwot\u0119.<\/p>\n\n\n\n<p>Uwaga: p\u0142acimy dwukrotnie za wysy\u0142k\u0119, gdy paczka jest do nas odsy\u0142ana. Raz, gdy wysy\u0142amy j\u0105 po raz pierwszy, i raz, gdy odsy\u0142amy j\u0105 z powrotem. Oba te koszty wysy\u0142ki zostan\u0105 odj\u0119te od kwoty zwrotu.<\/p>","protected":false},"excerpt":{"rendered":"<p>Informacja: W Kaizendren oferujemy naszym klientom dostaw\u0119 do domu za po\u015brednictwem kuriera DPD\/DHL podczas finalizacji zam\u00f3wienia. Mo\u017cesz sprawdzi\u0107 koszt dostawy.<\/p>","protected":false},"author":1,"featured_media":0,"parent":291031,"menu_order":0,"comment_status":"closed","ping_status":"closed","template":"","meta":{"footnotes":""},"class_list":["post-35073","page","type-page","status-publish","hentry"],"yoast_head":"<!-- This site is optimized with the Yoast SEO plugin v27.4 - https:\/\/yoast.com\/product\/yoast-seo-wordpress\/ -->\n<title>Delivery information - Kaizendren<\/title>\n<meta name=\"robots\" content=\"index, follow, max-snippet:-1, max-image-preview:large, max-video-preview:-1\" \/>\n<link rel=\"canonical\" href=\"https:\/\/kaizendren.com\/pl\/informacja\/informacje-o-dostawie\/\" \/>\n<meta property=\"og:locale\" content=\"pl_PL\" \/>\n<meta property=\"og:type\" content=\"article\" \/>\n<meta property=\"og:title\" content=\"Delivery information - Kaizendren\" \/>\n<meta property=\"og:description\" content=\"Information: At Kaizendren, we offer our customers home delivery options with DPD\/DHL courrier at checkout. You can see the delivery\" \/>\n<meta property=\"og:url\" content=\"https:\/\/kaizendren.com\/pl\/informacja\/informacje-o-dostawie\/\" \/>\n<meta property=\"og:site_name\" content=\"Kaizendren\" \/>\n<meta property=\"article:publisher\" content=\"https:\/\/www.facebook.com\/kaizendren\" \/>\n<meta property=\"article:modified_time\" content=\"2026-02-11T17:29:02+00:00\" \/>\n<meta property=\"og:image\" content=\"https:\/\/kaizendren.com\/wp-content\/uploads\/2023\/11\/insta-1.jpg\" \/>\n\t<meta property=\"og:image:width\" content=\"700\" \/>\n\t<meta property=\"og:image:height\" content=\"700\" \/>\n\t<meta property=\"og:image:type\" content=\"image\/jpeg\" \/>\n<meta name=\"twitter:card\" content=\"summary_large_image\" \/>\n<meta name=\"twitter:label1\" content=\"Szacowany czas czytania\" \/>\n\t<meta name=\"twitter:data1\" content=\"3 minuty\" \/>\n<script type=\"application\/ld+json\" class=\"yoast-schema-graph\">{\"@context\":\"https:\\\/\\\/schema.org\",\"@graph\":[{\"@type\":\"WebPage\",\"@id\":\"https:\\\/\\\/kaizendren.com\\\/information\\\/delivery-information\\\/\",\"url\":\"https:\\\/\\\/kaizendren.com\\\/information\\\/delivery-information\\\/\",\"name\":\"Delivery information - Kaizendren\",\"isPartOf\":{\"@id\":\"https:\\\/\\\/kaizendren.com\\\/#website\"},\"datePublished\":\"2023-12-07T14:03:42+00:00\",\"dateModified\":\"2026-02-11T17:29:02+00:00\",\"breadcrumb\":{\"@id\":\"https:\\\/\\\/kaizendren.com\\\/information\\\/delivery-information\\\/#breadcrumb\"},\"inLanguage\":\"pl-PL\",\"potentialAction\":[{\"@type\":\"ReadAction\",\"target\":[\"https:\\\/\\\/kaizendren.com\\\/information\\\/delivery-information\\\/\"]}]},{\"@type\":\"BreadcrumbList\",\"@id\":\"https:\\\/\\\/kaizendren.com\\\/information\\\/delivery-information\\\/#breadcrumb\",\"itemListElement\":[{\"@type\":\"ListItem\",\"position\":1,\"name\":\"Home\",\"item\":\"https:\\\/\\\/kaizendren.com\\\/\"},{\"@type\":\"ListItem\",\"position\":2,\"name\":\"Information\",\"item\":\"https:\\\/\\\/kaizendren.com\\\/information\\\/\"},{\"@type\":\"ListItem\",\"position\":3,\"name\":\"Delivery information\"}]},{\"@type\":\"WebSite\",\"@id\":\"https:\\\/\\\/kaizendren.com\\\/#website\",\"url\":\"https:\\\/\\\/kaizendren.com\\\/\",\"name\":\"Kaizendren\",\"description\":\"Our Focus Is Your Health, Relaxation And Recovery\",\"publisher\":{\"@id\":\"https:\\\/\\\/kaizendren.com\\\/#organization\"},\"potentialAction\":[{\"@type\":\"SearchAction\",\"target\":{\"@type\":\"EntryPoint\",\"urlTemplate\":\"https:\\\/\\\/kaizendren.com\\\/?s={search_term_string}\"},\"query-input\":{\"@type\":\"PropertyValueSpecification\",\"valueRequired\":true,\"valueName\":\"search_term_string\"}}],\"inLanguage\":\"pl-PL\"},{\"@type\":\"Organization\",\"@id\":\"https:\\\/\\\/kaizendren.com\\\/#organization\",\"name\":\"Kaizendren\",\"url\":\"https:\\\/\\\/kaizendren.com\\\/\",\"logo\":{\"@type\":\"ImageObject\",\"inLanguage\":\"pl-PL\",\"@id\":\"https:\\\/\\\/kaizendren.com\\\/#\\\/schema\\\/logo\\\/image\\\/\",\"url\":\"https:\\\/\\\/kaizendren.com\\\/wp-content\\\/uploads\\\/2023\\\/11\\\/kaizendren-logo-head.png\",\"contentUrl\":\"https:\\\/\\\/kaizendren.com\\\/wp-content\\\/uploads\\\/2023\\\/11\\\/kaizendren-logo-head.png\",\"width\":336,\"height\":70,\"caption\":\"Kaizendren\"},\"image\":{\"@id\":\"https:\\\/\\\/kaizendren.com\\\/#\\\/schema\\\/logo\\\/image\\\/\"},\"sameAs\":[\"https:\\\/\\\/www.facebook.com\\\/kaizendren\",\"https:\\\/\\\/www.instagram.com\\\/kaizendren\",\"https:\\\/\\\/www.tiktok.com\\\/@kaizendren\"]}]}<\/script>\n<!-- \/ Yoast SEO plugin. -->","yoast_head_json":{"title":"Informacje o dostawie - Kaizendren","robots":{"index":"index","follow":"follow","max-snippet":"max-snippet:-1","max-image-preview":"max-image-preview:large","max-video-preview":"max-video-preview:-1"},"canonical":"https:\/\/kaizendren.com\/pl\/informacja\/informacje-o-dostawie\/","og_locale":"pl_PL","og_type":"article","og_title":"Delivery information - Kaizendren","og_description":"Information: At Kaizendren, we offer our customers home delivery options with DPD\/DHL courrier at checkout. You can see the delivery","og_url":"https:\/\/kaizendren.com\/pl\/informacja\/informacje-o-dostawie\/","og_site_name":"Kaizendren","article_publisher":"https:\/\/www.facebook.com\/kaizendren","article_modified_time":"2026-02-11T17:29:02+00:00","og_image":[{"width":700,"height":700,"url":"https:\/\/kaizendren.com\/wp-content\/uploads\/2023\/11\/insta-1.jpg","type":"image\/jpeg"}],"twitter_card":"summary_large_image","twitter_misc":{"Szacowany czas czytania":"3 minuty"},"schema":{"@context":"https:\/\/schema.org","@graph":[{"@type":"WebPage","@id":"https:\/\/kaizendren.com\/information\/delivery-information\/","url":"https:\/\/kaizendren.com\/information\/delivery-information\/","name":"Informacje o dostawie - Kaizendren","isPartOf":{"@id":"https:\/\/kaizendren.com\/#website"},"datePublished":"2023-12-07T14:03:42+00:00","dateModified":"2026-02-11T17:29:02+00:00","breadcrumb":{"@id":"https:\/\/kaizendren.com\/information\/delivery-information\/#breadcrumb"},"inLanguage":"pl-PL","potentialAction":[{"@type":"ReadAction","target":["https:\/\/kaizendren.com\/information\/delivery-information\/"]}]},{"@type":"BreadcrumbList","@id":"https:\/\/kaizendren.com\/information\/delivery-information\/#breadcrumb","itemListElement":[{"@type":"ListItem","position":1,"name":"Home","item":"https:\/\/kaizendren.com\/"},{"@type":"ListItem","position":2,"name":"Information","item":"https:\/\/kaizendren.com\/information\/"},{"@type":"ListItem","position":3,"name":"Delivery information"}]},{"@type":"WebSite","@id":"https:\/\/kaizendren.com\/#website","url":"https:\/\/kaizendren.com\/","name":"Kaizendren","description":"Skupiamy si\u0119 na Twoim zdrowiu, relaksie i regeneracji","publisher":{"@id":"https:\/\/kaizendren.com\/#organization"},"potentialAction":[{"@type":"SearchAction","target":{"@type":"EntryPoint","urlTemplate":"https:\/\/kaizendren.com\/?s={search_term_string}"},"query-input":{"@type":"PropertyValueSpecification","valueRequired":true,"valueName":"search_term_string"}}],"inLanguage":"pl-PL"},{"@type":"Organization","@id":"https:\/\/kaizendren.com\/#organization","name":"Kaizendren","url":"https:\/\/kaizendren.com\/","logo":{"@type":"ImageObject","inLanguage":"pl-PL","@id":"https:\/\/kaizendren.com\/#\/schema\/logo\/image\/","url":"https:\/\/kaizendren.com\/wp-content\/uploads\/2023\/11\/kaizendren-logo-head.png","contentUrl":"https:\/\/kaizendren.com\/wp-content\/uploads\/2023\/11\/kaizendren-logo-head.png","width":336,"height":70,"caption":"Kaizendren"},"image":{"@id":"https:\/\/kaizendren.com\/#\/schema\/logo\/image\/"},"sameAs":["https:\/\/www.facebook.com\/kaizendren","https:\/\/www.instagram.com\/kaizendren","https:\/\/www.tiktok.com\/@kaizendren"]}]}},"_links":{"self":[{"href":"https:\/\/kaizendren.com\/pl\/wp-json\/wp\/v2\/pages\/35073","targetHints":{"allow":["GET"]}}],"collection":[{"href":"https:\/\/kaizendren.com\/pl\/wp-json\/wp\/v2\/pages"}],"about":[{"href":"https:\/\/kaizendren.com\/pl\/wp-json\/wp\/v2\/types\/page"}],"author":[{"embeddable":true,"href":"https:\/\/kaizendren.com\/pl\/wp-json\/wp\/v2\/users\/1"}],"replies":[{"embeddable":true,"href":"https:\/\/kaizendren.com\/pl\/wp-json\/wp\/v2\/comments?post=35073"}],"version-history":[{"count":2,"href":"https:\/\/kaizendren.com\/pl\/wp-json\/wp\/v2\/pages\/35073\/revisions"}],"predecessor-version":[{"id":334564,"href":"https:\/\/kaizendren.com\/pl\/wp-json\/wp\/v2\/pages\/35073\/revisions\/334564"}],"up":[{"embeddable":true,"href":"https:\/\/kaizendren.com\/pl\/wp-json\/wp\/v2\/pages\/291031"}],"wp:attachment":[{"href":"https:\/\/kaizendren.com\/pl\/wp-json\/wp\/v2\/media?parent=35073"}],"curies":[{"name":"wp","href":"https:\/\/api.w.org\/{rel}","templated":true}]}}