{"id":19,"date":"2023-11-22T16:18:07","date_gmt":"2023-11-22T14:18:07","guid":{"rendered":"https:\/\/kaizendren.com\/?page_id=19"},"modified":"2026-02-11T19:45:52","modified_gmt":"2026-02-11T17:45:52","slug":"polityka-zwrotow","status":"publish","type":"page","link":"https:\/\/kaizendren.com\/pl\/information\/return-policy\/","title":{"rendered":"Polityka zwrot\u00f3w"},"content":{"rendered":"<h4 class=\"wp-block-heading\">30-dniowy okres zwrotu wadliwych towar\u00f3w:<\/h4>\n\n\n\n<p>Jeste\u015bmy pewni jako\u015bci naszych produkt\u00f3w, a w przypadku otrzymania wadliwego produktu oferujemy bezproblemowy proces zwrotu. Masz 30 dni od daty otrzymania produktu na rozpocz\u0119cie procesu zwrotu produktu, kt\u00f3ry zosta\u0142 uznany za wadliwy lub uszkodzony z powodu wad produkcyjnych.<\/p>\n\n\n\n<p><p>Produkty, kt\u00f3re zosta\u0142y nara\u017cone na niew\u0142a\u015bciwe u\u017cycie, przypadkowe uszkodzenie, niew\u0142a\u015bciwe obchodzenie si\u0119 z nimi lub zlekcewa\u017cenie instrukcji dotycz\u0105cych piel\u0119gnacji produktu, nie kwalifikuj\u0105 si\u0119 do zwrotu zgodnie z niniejsz\u0105 polityk\u0105. Zwroty s\u0105 akceptowane wy\u0142\u0105cznie w przypadku zakup\u00f3w dokonanych online na stronie kaizendren.com lub r\u00f3wnowa\u017cnych subdomenach i nie s\u0105 akceptowane w przypadku produkt\u00f3w zakupionych od zewn\u0119trznych dystrybutor\u00f3w.<\/p>\n<p>Aby kwalifikowa\u0107 si\u0119 do zwrotu pieni\u0119dzy za produkt bez wad: produkt musi by\u0107 nieu\u017cywany i w takim samym stanie, w jakim go otrzyma\u0142e\u015b. Produkt powinien r\u00f3wnie\u017c znajdowa\u0107 si\u0119 w oryginalnym opakowaniu z do\u0142\u0105czonymi wszystkimi metkami i etykietami.<\/p><\/p>\n\n\n\n<h4 class=\"wp-block-heading\">Proces zwrotu:<\/h4>\n\n\n\n<p>Skontaktuj si\u0119 z naszym zespo\u0142em obs\u0142ugi klienta pod adresem info@kaizendren.com, aby rozpocz\u0105\u0107 proces zwrotu. Konieczne b\u0119dzie podanie informacji o zam\u00f3wieniu, takich jak numer zam\u00f3wienia i jasne wyja\u015bnienie problemu. Pomo\u017cemy Ci w procesie zwrotu i powiemy, co robi\u0107 dalej.<\/p>\n\n\n\n<h4 class=\"wp-block-heading\">Koszty wysy\u0142ki zwrotnej:<\/h4>\n\n\n\n<p>Po dostarczeniu produktu nie mo\u017cemy zwr\u00f3ci\u0107 koszt\u00f3w wysy\u0142ki. W przypadku wadliwych towar\u00f3w zwr\u00f3conych w ci\u0105gu pierwszych 30 dni pokryjemy koszty wysy\u0142ki zwrotnej na terenie Unii Europejskiej. Je\u015bli jednak chcesz zwr\u00f3ci\u0107 produkt, kt\u00f3rego nie u\u017cywa\u0142e\u015b, poniewa\u017c zmieni\u0142e\u015b zdanie, b\u0119dziesz musia\u0142 sam zap\u0142aci\u0107 za przesy\u0142k\u0119 zwrotn\u0105.<\/p>\n\n\n\n<h4 class=\"wp-block-heading\">Nieudana lub brakuj\u0105ca dostawa:<\/h4>\n\n\n\n<p>Paczka zostanie zwr\u00f3cona do nadawcy (Kaizendren) na koszt klienta, je\u015bli dostarczenie paczki pod wskazany adres wysy\u0142ki zostanie uniemo\u017cliwione przez brak wsp\u00f3\u0142pracy ze strony klienta (b\u0142\u0119dny adres wysy\u0142ki, nieobecno\u015b\u0107 odbiorcy itp.).<\/p>\n\n\n\n<h4 class=\"wp-block-heading\">Inspekcja i zwrot\/wymiana:<\/h4>\n\n\n\n<p>Gdy otrzymamy produkt z powrotem, nasz wykwalifikowany zesp\u00f3\u0142 sprawdzi go, aby sprawdzi\u0107, czy wyst\u0119puje w nim zg\u0142oszona usterka. Je\u015bli oka\u017ce si\u0119, \u017ce produkt jest wadliwy, zrobimy to, o co prosi\u0142e\u015b: zwr\u00f3cimy Ci pieni\u0105dze lub wy\u015blemy zamiennik. Proces ten mo\u017ce potrwa\u0107 do 7 dni.<\/p>\n\n\n\n<h4 class=\"wp-block-heading\">Szkody i kwestie sporne:<\/h4>\n\n\n\n<p>Upewnij si\u0119, \u017ce sprawdzi\u0142e\u015b i skontrolowa\u0142e\u015b wszystkie cz\u0119\u015bci po otwarciu produkt\u00f3w Kaizendren. Je\u015bli znajdziesz co\u015b zepsutego, brakuj\u0105cego lub uszkodzonego, poinformuj nas o tym jak najszybciej, a my naprawimy to za Ciebie.<\/p>\n\n\n\n<p>Masz 10 dni od dnia otrzymania zam\u00f3wienia na przes\u0142anie pro\u015bby o wymian\u0119 na adres info@kaizendren.com. Przyjmujemy zg\u0142oszenia wymiany tylko w przypadku wad produkcyjnych, uszkodzonych lub brakuj\u0105cych cz\u0119\u015bci. Zak\u0142adamy, \u017ce wszelkie drobne uszkodzenia po pierwszych 10 dniach s\u0105 normalnym zu\u017cyciem ze wzgl\u0119du na charakter produktu.<\/p>\n\n\n\n<p>Uszkodzenie musi mie\u0107 wp\u0142yw na dzia\u0142anie produktu. Je\u015bli produkt zosta\u0142 uszkodzony celowo, przypadkowo lub w wyniku niew\u0142a\u015bciwego u\u017cytkowania, mamy prawo odm\u00f3wi\u0107 jego wymiany.<\/p>","protected":false},"excerpt":{"rendered":"<p>30-dniowy okres zwrotu w przypadku wadliwego towaru: Jeste\u015bmy pewni jako\u015bci naszych produkt\u00f3w i je\u015bli otrzymasz<\/p>","protected":false},"author":1,"featured_media":0,"parent":291031,"menu_order":0,"comment_status":"closed","ping_status":"closed","template":"","meta":{"footnotes":""},"class_list":["post-19","page","type-page","status-publish","hentry"],"yoast_head":"<!-- This site is optimized with the Yoast SEO plugin v27.4 - https:\/\/yoast.com\/product\/yoast-seo-wordpress\/ -->\n<title>Return policy - Kaizendren<\/title>\n<meta name=\"robots\" content=\"index, follow, max-snippet:-1, max-image-preview:large, max-video-preview:-1\" \/>\n<link rel=\"canonical\" href=\"https:\/\/kaizendren.com\/pl\/informacja\/polityka-zwrotow\/\" \/>\n<meta property=\"og:locale\" content=\"pl_PL\" \/>\n<meta property=\"og:type\" content=\"article\" \/>\n<meta property=\"og:title\" content=\"Return policy - Kaizendren\" \/>\n<meta property=\"og:description\" content=\"30-day return period for faulty goods: We are confident in the quality of our products, and if you receive a\" \/>\n<meta property=\"og:url\" content=\"https:\/\/kaizendren.com\/pl\/informacja\/polityka-zwrotow\/\" \/>\n<meta property=\"og:site_name\" content=\"Kaizendren\" \/>\n<meta property=\"article:publisher\" content=\"https:\/\/www.facebook.com\/kaizendren\" \/>\n<meta property=\"article:modified_time\" content=\"2026-02-11T17:45:52+00:00\" \/>\n<meta property=\"og:image\" content=\"https:\/\/kaizendren.com\/wp-content\/uploads\/2023\/11\/insta-1.jpg\" \/>\n\t<meta property=\"og:image:width\" content=\"700\" \/>\n\t<meta property=\"og:image:height\" content=\"700\" \/>\n\t<meta property=\"og:image:type\" content=\"image\/jpeg\" \/>\n<meta name=\"twitter:card\" content=\"summary_large_image\" \/>\n<meta name=\"twitter:label1\" content=\"Szacowany czas czytania\" \/>\n\t<meta name=\"twitter:data1\" content=\"3 minuty\" \/>\n<script type=\"application\/ld+json\" class=\"yoast-schema-graph\">{\"@context\":\"https:\\\/\\\/schema.org\",\"@graph\":[{\"@type\":\"WebPage\",\"@id\":\"https:\\\/\\\/kaizendren.com\\\/information\\\/return-policy\\\/\",\"url\":\"https:\\\/\\\/kaizendren.com\\\/information\\\/return-policy\\\/\",\"name\":\"Return policy - Kaizendren\",\"isPartOf\":{\"@id\":\"https:\\\/\\\/kaizendren.com\\\/#website\"},\"datePublished\":\"2023-11-22T14:18:07+00:00\",\"dateModified\":\"2026-02-11T17:45:52+00:00\",\"breadcrumb\":{\"@id\":\"https:\\\/\\\/kaizendren.com\\\/information\\\/return-policy\\\/#breadcrumb\"},\"inLanguage\":\"pl-PL\",\"potentialAction\":[{\"@type\":\"ReadAction\",\"target\":[\"https:\\\/\\\/kaizendren.com\\\/information\\\/return-policy\\\/\"]}]},{\"@type\":\"BreadcrumbList\",\"@id\":\"https:\\\/\\\/kaizendren.com\\\/information\\\/return-policy\\\/#breadcrumb\",\"itemListElement\":[{\"@type\":\"ListItem\",\"position\":1,\"name\":\"Home\",\"item\":\"https:\\\/\\\/kaizendren.com\\\/\"},{\"@type\":\"ListItem\",\"position\":2,\"name\":\"Information\",\"item\":\"https:\\\/\\\/kaizendren.com\\\/information\\\/\"},{\"@type\":\"ListItem\",\"position\":3,\"name\":\"Return policy\"}]},{\"@type\":\"WebSite\",\"@id\":\"https:\\\/\\\/kaizendren.com\\\/#website\",\"url\":\"https:\\\/\\\/kaizendren.com\\\/\",\"name\":\"Kaizendren\",\"description\":\"Our Focus Is Your Health, Relaxation And Recovery\",\"publisher\":{\"@id\":\"https:\\\/\\\/kaizendren.com\\\/#organization\"},\"potentialAction\":[{\"@type\":\"SearchAction\",\"target\":{\"@type\":\"EntryPoint\",\"urlTemplate\":\"https:\\\/\\\/kaizendren.com\\\/?s={search_term_string}\"},\"query-input\":{\"@type\":\"PropertyValueSpecification\",\"valueRequired\":true,\"valueName\":\"search_term_string\"}}],\"inLanguage\":\"pl-PL\"},{\"@type\":\"Organization\",\"@id\":\"https:\\\/\\\/kaizendren.com\\\/#organization\",\"name\":\"Kaizendren\",\"url\":\"https:\\\/\\\/kaizendren.com\\\/\",\"logo\":{\"@type\":\"ImageObject\",\"inLanguage\":\"pl-PL\",\"@id\":\"https:\\\/\\\/kaizendren.com\\\/#\\\/schema\\\/logo\\\/image\\\/\",\"url\":\"https:\\\/\\\/kaizendren.com\\\/wp-content\\\/uploads\\\/2023\\\/11\\\/kaizendren-logo-head.png\",\"contentUrl\":\"https:\\\/\\\/kaizendren.com\\\/wp-content\\\/uploads\\\/2023\\\/11\\\/kaizendren-logo-head.png\",\"width\":336,\"height\":70,\"caption\":\"Kaizendren\"},\"image\":{\"@id\":\"https:\\\/\\\/kaizendren.com\\\/#\\\/schema\\\/logo\\\/image\\\/\"},\"sameAs\":[\"https:\\\/\\\/www.facebook.com\\\/kaizendren\",\"https:\\\/\\\/www.instagram.com\\\/kaizendren\",\"https:\\\/\\\/www.tiktok.com\\\/@kaizendren\"]}]}<\/script>\n<!-- \/ Yoast SEO plugin. -->","yoast_head_json":{"title":"Polityka zwrot\u00f3w - Kaizendren","robots":{"index":"index","follow":"follow","max-snippet":"max-snippet:-1","max-image-preview":"max-image-preview:large","max-video-preview":"max-video-preview:-1"},"canonical":"https:\/\/kaizendren.com\/pl\/informacja\/polityka-zwrotow\/","og_locale":"pl_PL","og_type":"article","og_title":"Return policy - Kaizendren","og_description":"30-day return period for faulty goods: We are confident in the quality of our products, and if you receive a","og_url":"https:\/\/kaizendren.com\/pl\/informacja\/polityka-zwrotow\/","og_site_name":"Kaizendren","article_publisher":"https:\/\/www.facebook.com\/kaizendren","article_modified_time":"2026-02-11T17:45:52+00:00","og_image":[{"width":700,"height":700,"url":"https:\/\/kaizendren.com\/wp-content\/uploads\/2023\/11\/insta-1.jpg","type":"image\/jpeg"}],"twitter_card":"summary_large_image","twitter_misc":{"Szacowany czas czytania":"3 minuty"},"schema":{"@context":"https:\/\/schema.org","@graph":[{"@type":"WebPage","@id":"https:\/\/kaizendren.com\/information\/return-policy\/","url":"https:\/\/kaizendren.com\/information\/return-policy\/","name":"Polityka zwrot\u00f3w - Kaizendren","isPartOf":{"@id":"https:\/\/kaizendren.com\/#website"},"datePublished":"2023-11-22T14:18:07+00:00","dateModified":"2026-02-11T17:45:52+00:00","breadcrumb":{"@id":"https:\/\/kaizendren.com\/information\/return-policy\/#breadcrumb"},"inLanguage":"pl-PL","potentialAction":[{"@type":"ReadAction","target":["https:\/\/kaizendren.com\/information\/return-policy\/"]}]},{"@type":"BreadcrumbList","@id":"https:\/\/kaizendren.com\/information\/return-policy\/#breadcrumb","itemListElement":[{"@type":"ListItem","position":1,"name":"Home","item":"https:\/\/kaizendren.com\/"},{"@type":"ListItem","position":2,"name":"Information","item":"https:\/\/kaizendren.com\/information\/"},{"@type":"ListItem","position":3,"name":"Return policy"}]},{"@type":"WebSite","@id":"https:\/\/kaizendren.com\/#website","url":"https:\/\/kaizendren.com\/","name":"Kaizendren","description":"Skupiamy si\u0119 na Twoim zdrowiu, relaksie i regeneracji","publisher":{"@id":"https:\/\/kaizendren.com\/#organization"},"potentialAction":[{"@type":"SearchAction","target":{"@type":"EntryPoint","urlTemplate":"https:\/\/kaizendren.com\/?s={search_term_string}"},"query-input":{"@type":"PropertyValueSpecification","valueRequired":true,"valueName":"search_term_string"}}],"inLanguage":"pl-PL"},{"@type":"Organization","@id":"https:\/\/kaizendren.com\/#organization","name":"Kaizendren","url":"https:\/\/kaizendren.com\/","logo":{"@type":"ImageObject","inLanguage":"pl-PL","@id":"https:\/\/kaizendren.com\/#\/schema\/logo\/image\/","url":"https:\/\/kaizendren.com\/wp-content\/uploads\/2023\/11\/kaizendren-logo-head.png","contentUrl":"https:\/\/kaizendren.com\/wp-content\/uploads\/2023\/11\/kaizendren-logo-head.png","width":336,"height":70,"caption":"Kaizendren"},"image":{"@id":"https:\/\/kaizendren.com\/#\/schema\/logo\/image\/"},"sameAs":["https:\/\/www.facebook.com\/kaizendren","https:\/\/www.instagram.com\/kaizendren","https:\/\/www.tiktok.com\/@kaizendren"]}]}},"_links":{"self":[{"href":"https:\/\/kaizendren.com\/pl\/wp-json\/wp\/v2\/pages\/19","targetHints":{"allow":["GET"]}}],"collection":[{"href":"https:\/\/kaizendren.com\/pl\/wp-json\/wp\/v2\/pages"}],"about":[{"href":"https:\/\/kaizendren.com\/pl\/wp-json\/wp\/v2\/types\/page"}],"author":[{"embeddable":true,"href":"https:\/\/kaizendren.com\/pl\/wp-json\/wp\/v2\/users\/1"}],"replies":[{"embeddable":true,"href":"https:\/\/kaizendren.com\/pl\/wp-json\/wp\/v2\/comments?post=19"}],"version-history":[{"count":3,"href":"https:\/\/kaizendren.com\/pl\/wp-json\/wp\/v2\/pages\/19\/revisions"}],"predecessor-version":[{"id":334580,"href":"https:\/\/kaizendren.com\/pl\/wp-json\/wp\/v2\/pages\/19\/revisions\/334580"}],"up":[{"embeddable":true,"href":"https:\/\/kaizendren.com\/pl\/wp-json\/wp\/v2\/pages\/291031"}],"wp:attachment":[{"href":"https:\/\/kaizendren.com\/pl\/wp-json\/wp\/v2\/media?parent=19"}],"curies":[{"name":"wp","href":"https:\/\/api.w.org\/{rel}","templated":true}]}}