{"id":35073,"date":"2023-12-07T16:03:42","date_gmt":"2023-12-07T14:03:42","guid":{"rendered":"https:\/\/kaizendren.com\/?page_id=35073"},"modified":"2026-02-11T19:29:02","modified_gmt":"2026-02-11T17:29:02","slug":"leveringsinformatie","status":"publish","type":"page","link":"https:\/\/kaizendren.com\/nl\/information\/delivery-information\/","title":{"rendered":"Informatie over levering"},"content":{"rendered":"<h4 class=\"wp-block-heading\">Informatie:<\/h4>\n\n\n\n<p>Bij Kaizendren bieden we onze klanten thuisbezorgingsopties met DPD\/DHL koerier bij het afrekenen. Hieronder vindt u de levertijden per land\/regio.<\/p>\n\n\n\n<p>Het kan tot 2-5 werkdagen duren vanaf de dag van verzending of langer voor internationale expresverzending, afhankelijk van eventuele problemen of vertragingen in je land. Soms hebben uitdagingen in de wereldwijde toeleveringsketen ook invloed op de verzendtijd.<\/p>\n\n\n\n<h4 class=\"wp-block-heading\">Levertijd:<\/h4>\n\n\n\n<p>Houd er rekening mee dat de verzendtijden kunnen vari\u00ebren. De huidige verzendopties en geschatte levertijden zijn als volgt:<\/p>\n\n\n\n<p>Landen van de Europese Unie: <strong>2-5 werkdagen<\/strong>.<br>Verenigd Koninkrijk: <strong>2-3 werkdagen<\/strong>.<br>Uit de Europese Unie: <strong>5-14 werkdagen<\/strong>.<br>Litouwen: <strong>1-2 werkdagen<\/strong>.<br>Letland: <strong>2-3 werkdagen<\/strong>.<br>Estland: <strong>2-3 werkdagen<\/strong>.<br>Polen: <strong>2-3 werkdagen<\/strong>.<br>Finland: <strong>2-5 werkdagen<\/strong>.<br>Oostenrijk: <strong>2-4 werkdagen<\/strong>.<br>Belgi\u00eb: <strong>2-4 werkdagen<\/strong>.<br>Tsjechi\u00eb: <strong>2-4 werkdagen<\/strong>.<br>Denemarken: <strong>2-4 werkdagen<\/strong>.<br>Luxemburg: <strong>2-4 werkdagen<\/strong>.<br>Nederland: <strong>2-4 werkdagen<\/strong>.<br>Frankrijk: <strong>2-4 werkdagen<\/strong>.<br>Slowakije: <strong>2-5 werkdagen<\/strong>.<br>Duitsland: <strong>2-4 werkdagen<\/strong>.<br>Itali\u00eb: <strong>3-6 werkdagen<\/strong>.<br>Kroati\u00eb: <strong>2-6 werkdagen<\/strong>.<br>Sloveni\u00eb: <strong>2-5 werkdagen<\/strong>.<br>Zweden: <strong>2-5 werkdagen<\/strong>.<br>Hongarije: <strong>2-4 werkdagen<\/strong>.<br>Ierland: <strong>3-6 werkdagen<\/strong>.<br>Bulgarije: <strong>3-6 werkdagen<\/strong>.<br>Griekenland: <strong>3-6 werkdagen<\/strong>.<br>Spanje: <strong>3-5 werkdagen<\/strong>.<br>Portugal: <strong>3-6 werkdagen<\/strong>.<br>Roemeni\u00eb: <strong>2-5 werkdagen<\/strong>.<br>Zwitserland: <strong>5-12 werkdagen<\/strong>.<br>Noorwegen: <strong>5-12 werkdagen<\/strong>.<br>Servi\u00eb: <strong>5-12 werkdagen<\/strong>.<br>Bosni\u00eb en Herzegovina: <strong>5-12 werkdagen<\/strong>.<br>Montenegro: <strong>5-12 werkdagen<\/strong>.<br>Albani\u00eb: <strong>5-12 werkdagen<\/strong>.<br><br><\/p>\n\n\n\n<h4 class=\"wp-block-heading\">Bestemmingen voor levering:<\/h4>\n\n\n\n<p>We bieden thuisbezorging in de volgende landen: Groot-Brittanni\u00eb (Verenigd Koninkrijk), Litouwen, Letland, Estland, Polen, Finland, Oostenrijk, Belgi\u00eb, Tsjechi\u00eb, Denemarken, Luxemburg, Nederland, Frankrijk, Slowakije, Duitsland, Itali\u00eb, Kroati\u00eb, Sloveni\u00eb, Zweden, Hongarije, Ierland, Bulgarije, Griekenland, Spanje , Portugal, Roemeni\u00eb, Zwitserland, Noorwegen, Servi\u00eb, Bosni\u00eb en Herzegovina, Montenegro, Albani\u00eb.<\/p>\n\n\n\n<h4 class=\"wp-block-heading\">Mislukte of ontbrekende levering:<\/h4>\n\n\n\n<p>Het pakket wordt teruggestuurd naar de afzender (Kaizendren) op kosten van de klant indien de levering van het pakket op het opgegeven verzendadres verhinderd wordt door het gebrek aan medewerking van de klant (verkeerd of foutief verzendadres, afwezige ontvanger, enz.).<\/p>\n\n\n\n<h4 class=\"wp-block-heading\">Artikelen niet ontvangen, maar volgens tracking wel geleverd:<\/h4>\n\n\n\n<p>We ruilen of vergoeden geen artikelen die door de bezorgdienst als afgeleverd zijn gemarkeerd. Daarom raden we je altijd aan om een veilige locatie te kiezen waar je pakketten worden afgeleverd. Wanneer de zending op het door jou opgegeven adres aankomt, zal de bezorgdienst het als afgeleverd markeren. We raden je aan je brievenbus te controleren, de bezorgdienst te bellen of contact op te nemen met je plaatselijke postkantoor als je je bestelling niet hebt ontvangen, maar deze wel als afgeleverd is gemarkeerd.<\/p>\n\n\n\n<h4 class=\"wp-block-heading\">Geweigerde pakketten van de douane:<\/h4>\n\n\n\n<p>We betalen geen invoerrechten of invoerkosten terug. Elke klant moet de invoerrechten en belastingen in zijn eigen land betalen. Als je de invoerrechten niet betaalt en je bestelling naar ons wordt teruggestuurd, betalen we je het aankoopbedrag minus alle verzend- en douanekosten terug. Het artikel moet onbeschadigd en opnieuw verkoopbaar zijn voor restitutie. Het exacte bedrag wordt naar je gemaild zodra we het geretourneerde bedrag hebben ontvangen.<\/p>\n\n\n\n<p>Let op: wij betalen de verzendkosten twee keer als een pakket naar ons wordt teruggestuurd. E\u00e9n keer als we het naar je opsturen en \u00e9\u00e9n keer als we het terugsturen. Beide verzendkosten worden van je restitutiebedrag afgetrokken.<\/p>","protected":false},"excerpt":{"rendered":"<p>Informatie: Bij Kaizendren bieden we onze klanten de mogelijkheid tot thuisbezorging via DPD\/DHL tijdens het afrekenproces. U kunt de bezorgopties bekijken.<\/p>","protected":false},"author":1,"featured_media":0,"parent":291031,"menu_order":0,"comment_status":"closed","ping_status":"closed","template":"","meta":{"footnotes":""},"class_list":["post-35073","page","type-page","status-publish","hentry"],"yoast_head":"<!-- This site is optimized with the Yoast SEO plugin v27.4 - https:\/\/yoast.com\/product\/yoast-seo-wordpress\/ -->\n<title>Delivery information - Kaizendren<\/title>\n<meta name=\"robots\" content=\"index, follow, max-snippet:-1, max-image-preview:large, max-video-preview:-1\" \/>\n<link rel=\"canonical\" href=\"https:\/\/kaizendren.com\/nl\/informatie\/leveringsinformatie\/\" \/>\n<meta property=\"og:locale\" content=\"nl_NL\" \/>\n<meta property=\"og:type\" content=\"article\" \/>\n<meta property=\"og:title\" content=\"Delivery information - Kaizendren\" \/>\n<meta property=\"og:description\" content=\"Information: At Kaizendren, we offer our customers home delivery options with DPD\/DHL courrier at checkout. You can see the delivery\" \/>\n<meta property=\"og:url\" content=\"https:\/\/kaizendren.com\/nl\/informatie\/leveringsinformatie\/\" \/>\n<meta property=\"og:site_name\" content=\"Kaizendren\" \/>\n<meta property=\"article:publisher\" content=\"https:\/\/www.facebook.com\/kaizendren\" \/>\n<meta property=\"article:modified_time\" content=\"2026-02-11T17:29:02+00:00\" \/>\n<meta property=\"og:image\" content=\"https:\/\/kaizendren.com\/wp-content\/uploads\/2023\/11\/insta-1.jpg\" \/>\n\t<meta property=\"og:image:width\" content=\"700\" \/>\n\t<meta property=\"og:image:height\" content=\"700\" \/>\n\t<meta property=\"og:image:type\" content=\"image\/jpeg\" \/>\n<meta name=\"twitter:card\" content=\"summary_large_image\" \/>\n<meta name=\"twitter:label1\" content=\"Geschatte leestijd\" \/>\n\t<meta name=\"twitter:data1\" content=\"3 minuten\" \/>\n<script type=\"application\/ld+json\" class=\"yoast-schema-graph\">{\"@context\":\"https:\\\/\\\/schema.org\",\"@graph\":[{\"@type\":\"WebPage\",\"@id\":\"https:\\\/\\\/kaizendren.com\\\/information\\\/delivery-information\\\/\",\"url\":\"https:\\\/\\\/kaizendren.com\\\/information\\\/delivery-information\\\/\",\"name\":\"Delivery information - Kaizendren\",\"isPartOf\":{\"@id\":\"https:\\\/\\\/kaizendren.com\\\/#website\"},\"datePublished\":\"2023-12-07T14:03:42+00:00\",\"dateModified\":\"2026-02-11T17:29:02+00:00\",\"breadcrumb\":{\"@id\":\"https:\\\/\\\/kaizendren.com\\\/information\\\/delivery-information\\\/#breadcrumb\"},\"inLanguage\":\"nl-NL\",\"potentialAction\":[{\"@type\":\"ReadAction\",\"target\":[\"https:\\\/\\\/kaizendren.com\\\/information\\\/delivery-information\\\/\"]}]},{\"@type\":\"BreadcrumbList\",\"@id\":\"https:\\\/\\\/kaizendren.com\\\/information\\\/delivery-information\\\/#breadcrumb\",\"itemListElement\":[{\"@type\":\"ListItem\",\"position\":1,\"name\":\"Home\",\"item\":\"https:\\\/\\\/kaizendren.com\\\/\"},{\"@type\":\"ListItem\",\"position\":2,\"name\":\"Information\",\"item\":\"https:\\\/\\\/kaizendren.com\\\/information\\\/\"},{\"@type\":\"ListItem\",\"position\":3,\"name\":\"Delivery information\"}]},{\"@type\":\"WebSite\",\"@id\":\"https:\\\/\\\/kaizendren.com\\\/#website\",\"url\":\"https:\\\/\\\/kaizendren.com\\\/\",\"name\":\"Kaizendren\",\"description\":\"Our Focus Is Your Health, Relaxation And Recovery\",\"publisher\":{\"@id\":\"https:\\\/\\\/kaizendren.com\\\/#organization\"},\"potentialAction\":[{\"@type\":\"SearchAction\",\"target\":{\"@type\":\"EntryPoint\",\"urlTemplate\":\"https:\\\/\\\/kaizendren.com\\\/?s={search_term_string}\"},\"query-input\":{\"@type\":\"PropertyValueSpecification\",\"valueRequired\":true,\"valueName\":\"search_term_string\"}}],\"inLanguage\":\"nl-NL\"},{\"@type\":\"Organization\",\"@id\":\"https:\\\/\\\/kaizendren.com\\\/#organization\",\"name\":\"Kaizendren\",\"url\":\"https:\\\/\\\/kaizendren.com\\\/\",\"logo\":{\"@type\":\"ImageObject\",\"inLanguage\":\"nl-NL\",\"@id\":\"https:\\\/\\\/kaizendren.com\\\/#\\\/schema\\\/logo\\\/image\\\/\",\"url\":\"https:\\\/\\\/kaizendren.com\\\/wp-content\\\/uploads\\\/2023\\\/11\\\/kaizendren-logo-head.png\",\"contentUrl\":\"https:\\\/\\\/kaizendren.com\\\/wp-content\\\/uploads\\\/2023\\\/11\\\/kaizendren-logo-head.png\",\"width\":336,\"height\":70,\"caption\":\"Kaizendren\"},\"image\":{\"@id\":\"https:\\\/\\\/kaizendren.com\\\/#\\\/schema\\\/logo\\\/image\\\/\"},\"sameAs\":[\"https:\\\/\\\/www.facebook.com\\\/kaizendren\",\"https:\\\/\\\/www.instagram.com\\\/kaizendren\",\"https:\\\/\\\/www.tiktok.com\\\/@kaizendren\"]}]}<\/script>\n<!-- \/ Yoast SEO plugin. -->","yoast_head_json":{"title":"Leveringsinformatie - Kaizendren","robots":{"index":"index","follow":"follow","max-snippet":"max-snippet:-1","max-image-preview":"max-image-preview:large","max-video-preview":"max-video-preview:-1"},"canonical":"https:\/\/kaizendren.com\/nl\/informatie\/leveringsinformatie\/","og_locale":"nl_NL","og_type":"article","og_title":"Delivery information - Kaizendren","og_description":"Information: At Kaizendren, we offer our customers home delivery options with DPD\/DHL courrier at checkout. You can see the delivery","og_url":"https:\/\/kaizendren.com\/nl\/informatie\/leveringsinformatie\/","og_site_name":"Kaizendren","article_publisher":"https:\/\/www.facebook.com\/kaizendren","article_modified_time":"2026-02-11T17:29:02+00:00","og_image":[{"width":700,"height":700,"url":"https:\/\/kaizendren.com\/wp-content\/uploads\/2023\/11\/insta-1.jpg","type":"image\/jpeg"}],"twitter_card":"summary_large_image","twitter_misc":{"Geschatte leestijd":"3 minuten"},"schema":{"@context":"https:\/\/schema.org","@graph":[{"@type":"WebPage","@id":"https:\/\/kaizendren.com\/information\/delivery-information\/","url":"https:\/\/kaizendren.com\/information\/delivery-information\/","name":"Leveringsinformatie - Kaizendren","isPartOf":{"@id":"https:\/\/kaizendren.com\/#website"},"datePublished":"2023-12-07T14:03:42+00:00","dateModified":"2026-02-11T17:29:02+00:00","breadcrumb":{"@id":"https:\/\/kaizendren.com\/information\/delivery-information\/#breadcrumb"},"inLanguage":"nl-NL","potentialAction":[{"@type":"ReadAction","target":["https:\/\/kaizendren.com\/information\/delivery-information\/"]}]},{"@type":"BreadcrumbList","@id":"https:\/\/kaizendren.com\/information\/delivery-information\/#breadcrumb","itemListElement":[{"@type":"ListItem","position":1,"name":"Home","item":"https:\/\/kaizendren.com\/"},{"@type":"ListItem","position":2,"name":"Information","item":"https:\/\/kaizendren.com\/information\/"},{"@type":"ListItem","position":3,"name":"Delivery information"}]},{"@type":"WebSite","@id":"https:\/\/kaizendren.com\/#website","url":"https:\/\/kaizendren.com\/","name":"Kaizendren","description":"Onze focus is jouw gezondheid, ontspanning en herstel","publisher":{"@id":"https:\/\/kaizendren.com\/#organization"},"potentialAction":[{"@type":"SearchAction","target":{"@type":"EntryPoint","urlTemplate":"https:\/\/kaizendren.com\/?s={search_term_string}"},"query-input":{"@type":"PropertyValueSpecification","valueRequired":true,"valueName":"search_term_string"}}],"inLanguage":"nl-NL"},{"@type":"Organization","@id":"https:\/\/kaizendren.com\/#organization","name":"Kaizendren","url":"https:\/\/kaizendren.com\/","logo":{"@type":"ImageObject","inLanguage":"nl-NL","@id":"https:\/\/kaizendren.com\/#\/schema\/logo\/image\/","url":"https:\/\/kaizendren.com\/wp-content\/uploads\/2023\/11\/kaizendren-logo-head.png","contentUrl":"https:\/\/kaizendren.com\/wp-content\/uploads\/2023\/11\/kaizendren-logo-head.png","width":336,"height":70,"caption":"Kaizendren"},"image":{"@id":"https:\/\/kaizendren.com\/#\/schema\/logo\/image\/"},"sameAs":["https:\/\/www.facebook.com\/kaizendren","https:\/\/www.instagram.com\/kaizendren","https:\/\/www.tiktok.com\/@kaizendren"]}]}},"_links":{"self":[{"href":"https:\/\/kaizendren.com\/nl\/wp-json\/wp\/v2\/pages\/35073","targetHints":{"allow":["GET"]}}],"collection":[{"href":"https:\/\/kaizendren.com\/nl\/wp-json\/wp\/v2\/pages"}],"about":[{"href":"https:\/\/kaizendren.com\/nl\/wp-json\/wp\/v2\/types\/page"}],"author":[{"embeddable":true,"href":"https:\/\/kaizendren.com\/nl\/wp-json\/wp\/v2\/users\/1"}],"replies":[{"embeddable":true,"href":"https:\/\/kaizendren.com\/nl\/wp-json\/wp\/v2\/comments?post=35073"}],"version-history":[{"count":2,"href":"https:\/\/kaizendren.com\/nl\/wp-json\/wp\/v2\/pages\/35073\/revisions"}],"predecessor-version":[{"id":334564,"href":"https:\/\/kaizendren.com\/nl\/wp-json\/wp\/v2\/pages\/35073\/revisions\/334564"}],"up":[{"embeddable":true,"href":"https:\/\/kaizendren.com\/nl\/wp-json\/wp\/v2\/pages\/291031"}],"wp:attachment":[{"href":"https:\/\/kaizendren.com\/nl\/wp-json\/wp\/v2\/media?parent=35073"}],"curies":[{"name":"wp","href":"https:\/\/api.w.org\/{rel}","templated":true}]}}