{"id":35073,"date":"2023-12-07T16:03:42","date_gmt":"2023-12-07T14:03:42","guid":{"rendered":"https:\/\/kaizendren.com\/?page_id=35073"},"modified":"2026-02-11T19:29:02","modified_gmt":"2026-02-11T17:29:02","slug":"piegades-informacija-2","status":"publish","type":"page","link":"https:\/\/kaizendren.com\/lv\/information\/delivery-information\/","title":{"rendered":"Pieg\u0101des inform\u0101cija"},"content":{"rendered":"<h4 class=\"wp-block-heading\">Inform\u0101cija:<\/h4>\n\n\n\n<p>Kaizendren m\u0113s pied\u0101v\u0101jam saviem klientiem pieg\u0101des m\u0101j\u0101s iesp\u0113jas ar DPD\/DHL kurjerpastu pie kases. Pieg\u0101des laikus katrai valstij\/re\u0123ionam varat apskat\u012bt zem\u0101k.<\/p>\n\n\n\n<p>Tas var aiz\u0146emt l\u012bdz 2-5 darba dien\u0101m no nos\u016bt\u012b\u0161anas dienas vai ilg\u0101k starptautiskajai eksprespasta pieg\u0101dei atkar\u012bb\u0101 no probl\u0113m\u0101m vai kav\u0113jumiem j\u016bsu valst\u012b. Da\u017ek\u0101rt ar\u012b glob\u0101l\u0101s pieg\u0101des \u0137\u0113des probl\u0113mas var ietekm\u0113t pieg\u0101des laiku.<\/p>\n\n\n\n<h4 class=\"wp-block-heading\">Pieg\u0101des laiks:<\/h4>\n\n\n\n<p>L\u016bdzu, \u0146emiet v\u0113r\u0101, ka pieg\u0101des laiks var at\u0161\u0137irties. Pa\u0161reiz\u0113j\u0101s pieg\u0101des iesp\u0113jas un paredzamais pieg\u0101des laiks ir \u0161\u0101ds:<\/p>\n\n\n\n<p>Eiropas Savien\u012bbas valstis: <strong>2-5 darba dienas<\/strong>.<br>Apvienot\u0101 Karaliste: <strong>2-3 darba dienas<\/strong>.<br>\u0100rpus Eiropas Savien\u012bbas: <strong>5-14 darba dienas<\/strong>.<br>Lietuva: <strong>1-2 darba dienas<\/strong>.<br>Latvija: <strong>2-3 darba dienas<\/strong>.<br>Igaunija: <strong>2-3 darba dienas<\/strong>.<br>Polija: <strong>2-3 darba dienas<\/strong>.<br>Somija: <strong>2-5 darba dienas<\/strong>.<br>Austrija: <strong>2-4 darba dienas<\/strong>.<br>Be\u013c\u0123ija: <strong>2-4 darba dienas<\/strong>.<br>\u010cehija: <strong>2-4 darba dienas<\/strong>.<br>D\u0101nija: <strong>2-4 darba dienas<\/strong>.<br>Luksemburga: <strong>2-4 darba dienas<\/strong>.<br>N\u012bderlande: <strong>2-4 darba dienas<\/strong>.<br>Francija: <strong>2-4 darba dienas<\/strong>.<br>Slov\u0101kija: <strong>2-5 darba dienas<\/strong>.<br>V\u0101cija: <strong>2-4 darba dienas<\/strong>.<br>It\u0101lija: <strong>3-6 darba dienas<\/strong>.<br>Horv\u0101tija: <strong>2-6 darba dienas<\/strong>.<br>Slov\u0113nija: <strong>2-5 darba dienas<\/strong>.<br>Zviedrija: <strong>2-5 darba dienas<\/strong>.<br>Ung\u0101rija: <strong>2-4 darba dienas<\/strong>.<br>\u012arija: <strong>3-6 darba dienas<\/strong>.<br>Bulg\u0101rija: <strong>3-6 darba dienas<\/strong>.<br>Grie\u0137ija: <strong>3-6 darba dienas<\/strong>.<br>Sp\u0101nija: <strong>3-5 darba dienas<\/strong>.<br>Portug\u0101le: <strong>3-6 darba dienas<\/strong>.<br>Rum\u0101nija: <strong>2-5 darba dienas<\/strong>.<br>\u0160veice: <strong>5-12 darba dienas<\/strong>.<br>Norv\u0113\u0123ija: <strong>5-12 darba dienas<\/strong>.<br>Serbija: <strong>5-12 darba dienas<\/strong>.<br>Bosnija un Hercegovina: <strong>5-12 darba dienas<\/strong>.<br>Melnkalne: <strong>5-12 darba dienas<\/strong>.<br>Alb\u0101nija: <strong>5-12 darba dienas<\/strong>.<br><br><\/p>\n\n\n\n<h4 class=\"wp-block-heading\">Pieg\u0101des galam\u0113r\u0137i:<\/h4>\n\n\n\n<p>\u0160aj\u0101s valst\u012bs m\u0113s pied\u0101v\u0101jam pieg\u0101des pakalpojumus uz m\u0101j\u0101m: \u0160\u012b pakalpojuma snieg\u0161ana ir pieejama: Lielbrit\u0101nija (Apvienot\u0101 Karaliste), Lietuva, Latvija, Igaunija, Polija, Somija, Austrija, Be\u013c\u0123ija, \u010cehija, D\u0101nija, Luksemburga, N\u012bderlande, Francija, Slov\u0101kija, V\u0101cija, Slov\u0101kija, It\u0101lija, Horv\u0101tija, Slov\u0113nija, Zviedrija, Ung\u0101rija, \u012arija, Bulg\u0101rija, Grie\u0137ija, Sp\u0101nija, Portug\u0101le, Rum\u0101nija, \u0160veice, Norv\u0113\u0123ija, Serbija, Bosnija un Hercegovina, Melnkalne, Alb\u0101nija.<\/p>\n\n\n\n<h4 class=\"wp-block-heading\">Neveiksm\u012bga vai iztr\u016bksto\u0161a pieg\u0101de:<\/h4>\n\n\n\n<p>S\u016bt\u012bjums tiks atgriezts s\u016bt\u012bt\u0101jam (Kaizendren) uz klienta r\u0113\u0137ina, ja s\u016bt\u012bjuma pieg\u0101de uz nor\u0101d\u012bto pieg\u0101des adresi nav iesp\u0113jama klienta nesadarbo\u0161an\u0101s d\u0113\u013c (nepareiza vai k\u013c\u016bdaina pieg\u0101des adrese, promb\u016btn\u0113 eso\u0161s sa\u0146\u0113m\u0113js utt.).<\/p>\n\n\n\n<h4 class=\"wp-block-heading\">Preces nav sa\u0146emtas, bet izseko\u0161ana r\u0101da, ka t\u0101s ir pieg\u0101d\u0101tas:<\/h4>\n\n\n\n<p>M\u0113s nemain\u0101m un neatmaks\u0101jam naudu par prec\u0113m, kuras pieg\u0101des dienests ir atz\u012bm\u0113jis k\u0101 pieg\u0101d\u0101tas. T\u0101p\u0113c m\u0113s vienm\u0113r iesak\u0101m izv\u0113l\u0113ties dro\u0161u vietu, kur nog\u0101d\u0101t pakas. Kad s\u016bt\u012bjums sasniegs j\u016bsu nor\u0101d\u012bto adresi, pieg\u0101des dienests to atz\u012bm\u0113s k\u0101 pieg\u0101d\u0101tu. Iesak\u0101m p\u0101rbaud\u012bt savu pastkast\u012bti, piezvan\u012bt pieg\u0101des dienestam vai sazin\u0101ties ar viet\u0113jo pasta noda\u013cu, ja neesat sa\u0146\u0113mis savu pas\u016bt\u012bjumu, bet tas ir atz\u012bm\u0113ts k\u0101 pieg\u0101d\u0101ts.<\/p>\n\n\n\n<h4 class=\"wp-block-heading\">Muitas atteiktie s\u016bt\u012bjumi:<\/h4>\n\n\n\n<p>M\u0113s neatmaks\u0101jam nodevas vai importa maksu. Katram klientam ir j\u0101maks\u0101 savas valsts importa nodevas un nodok\u013ci. Ja j\u016bs nemaks\u0101jat nodevas un j\u016bsu pas\u016bt\u012bjums tiek nos\u016bt\u012bts atpaka\u013c mums, m\u0113s jums atmaks\u0101sim pirkuma cenu, atskaitot visas pieg\u0101des\/muitas nodevas. Precei j\u0101b\u016bt neboj\u0101tai un t\u0101l\u0101kp\u0101rdodamai, lai var\u0113tu sa\u0146emt atmaksu. Prec\u012bzu summu m\u0113s jums nos\u016bt\u012bsim pa e-pastu, kad sa\u0146emsim j\u016bsu atgriezto summu.<\/p>\n\n\n\n<p>L\u016bdzu, \u0146emiet v\u0113r\u0101: m\u0113s apmaks\u0101jam s\u016bt\u012bjumu divreiz, ja pakete tiek nos\u016bt\u012bta atpaka\u013c mums. Vienu reizi, kad m\u0113s to pirmo reizi nos\u016bt\u0101m jums, un vienu reizi, kad m\u0113s to nos\u016bt\u0101m atpaka\u013c. Abas \u0161\u012bs nos\u016bt\u012b\u0161anas izmaksas tiks atskait\u012btas no j\u016bsu atmaks\u0101jam\u0101s summas.<\/p>","protected":false},"excerpt":{"rendered":"<p>Inform\u0101cija: Kaizendren pied\u0101v\u0101 saviem klientiem pieg\u0101des m\u0101j\u0101s iesp\u0113jas ar DPD\/DHL kurjeru, veicot pas\u016bt\u012bjumu. Pieg\u0101des grafiku varat apskat\u012bt.<\/p>","protected":false},"author":1,"featured_media":0,"parent":291031,"menu_order":0,"comment_status":"closed","ping_status":"closed","template":"","meta":{"footnotes":""},"class_list":["post-35073","page","type-page","status-publish","hentry"],"yoast_head":"<!-- This site is optimized with the Yoast SEO plugin v27.4 - https:\/\/yoast.com\/product\/yoast-seo-wordpress\/ -->\n<title>Delivery information - Kaizendren<\/title>\n<meta name=\"robots\" content=\"index, follow, max-snippet:-1, max-image-preview:large, max-video-preview:-1\" \/>\n<link rel=\"canonical\" href=\"https:\/\/kaizendren.com\/lv\/informacija\/piegades-informacija-2\/\" \/>\n<meta property=\"og:locale\" content=\"lv_LV\" \/>\n<meta property=\"og:type\" content=\"article\" \/>\n<meta property=\"og:title\" content=\"Delivery information - Kaizendren\" \/>\n<meta property=\"og:description\" content=\"Information: At Kaizendren, we offer our customers home delivery options with DPD\/DHL courrier at checkout. You can see the delivery\" \/>\n<meta property=\"og:url\" content=\"https:\/\/kaizendren.com\/lv\/informacija\/piegades-informacija-2\/\" \/>\n<meta property=\"og:site_name\" content=\"Kaizendren\" \/>\n<meta property=\"article:publisher\" content=\"https:\/\/www.facebook.com\/kaizendren\" \/>\n<meta property=\"article:modified_time\" content=\"2026-02-11T17:29:02+00:00\" \/>\n<meta property=\"og:image\" content=\"https:\/\/kaizendren.com\/wp-content\/uploads\/2023\/11\/insta-1.jpg\" \/>\n\t<meta property=\"og:image:width\" content=\"700\" \/>\n\t<meta property=\"og:image:height\" content=\"700\" \/>\n\t<meta property=\"og:image:type\" content=\"image\/jpeg\" \/>\n<meta name=\"twitter:card\" content=\"summary_large_image\" \/>\n<meta name=\"twitter:label1\" content=\"Est. reading time\" \/>\n\t<meta name=\"twitter:data1\" content=\"3 min\u016btes\" \/>\n<script type=\"application\/ld+json\" class=\"yoast-schema-graph\">{\"@context\":\"https:\\\/\\\/schema.org\",\"@graph\":[{\"@type\":\"WebPage\",\"@id\":\"https:\\\/\\\/kaizendren.com\\\/information\\\/delivery-information\\\/\",\"url\":\"https:\\\/\\\/kaizendren.com\\\/information\\\/delivery-information\\\/\",\"name\":\"Delivery information - Kaizendren\",\"isPartOf\":{\"@id\":\"https:\\\/\\\/kaizendren.com\\\/#website\"},\"datePublished\":\"2023-12-07T14:03:42+00:00\",\"dateModified\":\"2026-02-11T17:29:02+00:00\",\"breadcrumb\":{\"@id\":\"https:\\\/\\\/kaizendren.com\\\/information\\\/delivery-information\\\/#breadcrumb\"},\"inLanguage\":\"lv-LV\",\"potentialAction\":[{\"@type\":\"ReadAction\",\"target\":[\"https:\\\/\\\/kaizendren.com\\\/information\\\/delivery-information\\\/\"]}]},{\"@type\":\"BreadcrumbList\",\"@id\":\"https:\\\/\\\/kaizendren.com\\\/information\\\/delivery-information\\\/#breadcrumb\",\"itemListElement\":[{\"@type\":\"ListItem\",\"position\":1,\"name\":\"Home\",\"item\":\"https:\\\/\\\/kaizendren.com\\\/\"},{\"@type\":\"ListItem\",\"position\":2,\"name\":\"Information\",\"item\":\"https:\\\/\\\/kaizendren.com\\\/information\\\/\"},{\"@type\":\"ListItem\",\"position\":3,\"name\":\"Delivery information\"}]},{\"@type\":\"WebSite\",\"@id\":\"https:\\\/\\\/kaizendren.com\\\/#website\",\"url\":\"https:\\\/\\\/kaizendren.com\\\/\",\"name\":\"Kaizendren\",\"description\":\"Our Focus Is Your Health, Relaxation And Recovery\",\"publisher\":{\"@id\":\"https:\\\/\\\/kaizendren.com\\\/#organization\"},\"potentialAction\":[{\"@type\":\"SearchAction\",\"target\":{\"@type\":\"EntryPoint\",\"urlTemplate\":\"https:\\\/\\\/kaizendren.com\\\/?s={search_term_string}\"},\"query-input\":{\"@type\":\"PropertyValueSpecification\",\"valueRequired\":true,\"valueName\":\"search_term_string\"}}],\"inLanguage\":\"lv-LV\"},{\"@type\":\"Organization\",\"@id\":\"https:\\\/\\\/kaizendren.com\\\/#organization\",\"name\":\"Kaizendren\",\"url\":\"https:\\\/\\\/kaizendren.com\\\/\",\"logo\":{\"@type\":\"ImageObject\",\"inLanguage\":\"lv-LV\",\"@id\":\"https:\\\/\\\/kaizendren.com\\\/#\\\/schema\\\/logo\\\/image\\\/\",\"url\":\"https:\\\/\\\/kaizendren.com\\\/wp-content\\\/uploads\\\/2023\\\/11\\\/kaizendren-logo-head.png\",\"contentUrl\":\"https:\\\/\\\/kaizendren.com\\\/wp-content\\\/uploads\\\/2023\\\/11\\\/kaizendren-logo-head.png\",\"width\":336,\"height\":70,\"caption\":\"Kaizendren\"},\"image\":{\"@id\":\"https:\\\/\\\/kaizendren.com\\\/#\\\/schema\\\/logo\\\/image\\\/\"},\"sameAs\":[\"https:\\\/\\\/www.facebook.com\\\/kaizendren\",\"https:\\\/\\\/www.instagram.com\\\/kaizendren\",\"https:\\\/\\\/www.tiktok.com\\\/@kaizendren\"]}]}<\/script>\n<!-- \/ Yoast SEO plugin. -->","yoast_head_json":{"title":"Pieg\u0101des inform\u0101cija - Kaizendren","robots":{"index":"index","follow":"follow","max-snippet":"max-snippet:-1","max-image-preview":"max-image-preview:large","max-video-preview":"max-video-preview:-1"},"canonical":"https:\/\/kaizendren.com\/lv\/informacija\/piegades-informacija-2\/","og_locale":"lv_LV","og_type":"article","og_title":"Delivery information - Kaizendren","og_description":"Information: At Kaizendren, we offer our customers home delivery options with DPD\/DHL courrier at checkout. You can see the delivery","og_url":"https:\/\/kaizendren.com\/lv\/informacija\/piegades-informacija-2\/","og_site_name":"Kaizendren","article_publisher":"https:\/\/www.facebook.com\/kaizendren","article_modified_time":"2026-02-11T17:29:02+00:00","og_image":[{"width":700,"height":700,"url":"https:\/\/kaizendren.com\/wp-content\/uploads\/2023\/11\/insta-1.jpg","type":"image\/jpeg"}],"twitter_card":"summary_large_image","twitter_misc":{"Est. reading time":"3 min\u016btes"},"schema":{"@context":"https:\/\/schema.org","@graph":[{"@type":"WebPage","@id":"https:\/\/kaizendren.com\/information\/delivery-information\/","url":"https:\/\/kaizendren.com\/information\/delivery-information\/","name":"Pieg\u0101des inform\u0101cija - Kaizendren","isPartOf":{"@id":"https:\/\/kaizendren.com\/#website"},"datePublished":"2023-12-07T14:03:42+00:00","dateModified":"2026-02-11T17:29:02+00:00","breadcrumb":{"@id":"https:\/\/kaizendren.com\/information\/delivery-information\/#breadcrumb"},"inLanguage":"lv-LV","potentialAction":[{"@type":"ReadAction","target":["https:\/\/kaizendren.com\/information\/delivery-information\/"]}]},{"@type":"BreadcrumbList","@id":"https:\/\/kaizendren.com\/information\/delivery-information\/#breadcrumb","itemListElement":[{"@type":"ListItem","position":1,"name":"Home","item":"https:\/\/kaizendren.com\/"},{"@type":"ListItem","position":2,"name":"Information","item":"https:\/\/kaizendren.com\/information\/"},{"@type":"ListItem","position":3,"name":"Delivery information"}]},{"@type":"WebSite","@id":"https:\/\/kaizendren.com\/#website","url":"https:\/\/kaizendren.com\/","name":"Kaizendren","description":"M\u016bsu uzman\u012bbas centr\u0101 ir j\u016bsu vesel\u012bba, relaks\u0101cija un atvese\u013co\u0161an\u0101s","publisher":{"@id":"https:\/\/kaizendren.com\/#organization"},"potentialAction":[{"@type":"SearchAction","target":{"@type":"EntryPoint","urlTemplate":"https:\/\/kaizendren.com\/?s={search_term_string}"},"query-input":{"@type":"PropertyValueSpecification","valueRequired":true,"valueName":"search_term_string"}}],"inLanguage":"lv-LV"},{"@type":"Organization","@id":"https:\/\/kaizendren.com\/#organization","name":"Kaizendren","url":"https:\/\/kaizendren.com\/","logo":{"@type":"ImageObject","inLanguage":"lv-LV","@id":"https:\/\/kaizendren.com\/#\/schema\/logo\/image\/","url":"https:\/\/kaizendren.com\/wp-content\/uploads\/2023\/11\/kaizendren-logo-head.png","contentUrl":"https:\/\/kaizendren.com\/wp-content\/uploads\/2023\/11\/kaizendren-logo-head.png","width":336,"height":70,"caption":"Kaizendren"},"image":{"@id":"https:\/\/kaizendren.com\/#\/schema\/logo\/image\/"},"sameAs":["https:\/\/www.facebook.com\/kaizendren","https:\/\/www.instagram.com\/kaizendren","https:\/\/www.tiktok.com\/@kaizendren"]}]}},"_links":{"self":[{"href":"https:\/\/kaizendren.com\/lv\/wp-json\/wp\/v2\/pages\/35073","targetHints":{"allow":["GET"]}}],"collection":[{"href":"https:\/\/kaizendren.com\/lv\/wp-json\/wp\/v2\/pages"}],"about":[{"href":"https:\/\/kaizendren.com\/lv\/wp-json\/wp\/v2\/types\/page"}],"author":[{"embeddable":true,"href":"https:\/\/kaizendren.com\/lv\/wp-json\/wp\/v2\/users\/1"}],"replies":[{"embeddable":true,"href":"https:\/\/kaizendren.com\/lv\/wp-json\/wp\/v2\/comments?post=35073"}],"version-history":[{"count":2,"href":"https:\/\/kaizendren.com\/lv\/wp-json\/wp\/v2\/pages\/35073\/revisions"}],"predecessor-version":[{"id":334564,"href":"https:\/\/kaizendren.com\/lv\/wp-json\/wp\/v2\/pages\/35073\/revisions\/334564"}],"up":[{"embeddable":true,"href":"https:\/\/kaizendren.com\/lv\/wp-json\/wp\/v2\/pages\/291031"}],"wp:attachment":[{"href":"https:\/\/kaizendren.com\/lv\/wp-json\/wp\/v2\/media?parent=35073"}],"curies":[{"name":"wp","href":"https:\/\/api.w.org\/{rel}","templated":true}]}}