{"id":3,"date":"2023-10-25T11:27:08","date_gmt":"2023-10-25T11:27:08","guid":{"rendered":"https:\/\/kaizendren.com\/?page_id=3"},"modified":"2026-02-11T19:52:32","modified_gmt":"2026-02-11T17:52:32","slug":"privatuma-politika","status":"publish","type":"page","link":"https:\/\/kaizendren.com\/lv\/information\/privacy-policy\/","title":{"rendered":"Priv\u0101tuma politika"},"content":{"rendered":"<h4 class=\"wp-block-heading\">Inform\u0101cijas pieejam\u012bba (ties\u012bbu aktu kopsavilkums)<\/h4>\n\n\n\n<p>Pakalpojumu sniedz\u0113js ap\u0146emas vienm\u0113r sniegt klientam \u0161\u0101du inform\u0101ciju:<br>a) uz\u0146\u0113muma identit\u0101te (uz\u0146\u0113muma nosaukums un juridisk\u0101 adrese, re\u0123istr\u0101cijas numurs),<br>b) kontaktinform\u0101cija, kas \u013cauj lietot\u0101jam \u0101tri un efekt\u012bvi sazin\u0101ties (e-pasts, t\u0101lrunis),<br>c) pre\u010du vai pakalpojumu b\u016btiskaj\u0101m \u012bpa\u0161\u012bb\u0101m (tostarp p\u0113cp\u0101rdo\u0161anas pakalpojumiem un garantij\u0101m),<br>d) produkta pieejam\u012bba (katram t\u012bmek\u013ca vietn\u0113 pied\u0101v\u0101tajam produktam vai pakalpojumam j\u0101b\u016bt pieejamam sapr\u0101t\u012bg\u0101 laika posm\u0101),<br>e) produkta pieg\u0101des vai pakalpojuma snieg\u0161anas nosac\u012bjumi (pieg\u0101des metode, vieta un termi\u0146\u0161),<br>f) vis\u0101m cen\u0101m j\u0101b\u016bt skaidri un nep\u0101rprotami nor\u0101d\u012bt\u0101m, un j\u0101b\u016bt skaidri nor\u0101d\u012btam, vai taj\u0101s jau ir iek\u013cauti nodok\u013ci un transporta izmaksas,<br>g) apmaksas un pieg\u0101des veids,<br>h) pied\u0101v\u0101juma der\u012bguma termi\u0146\u0161,<br>i) laikposmu, kur\u0101 joproj\u0101m ir iesp\u0113jams atteikties no l\u012bguma, un atteikuma nosac\u012bjumus; k\u0101 ar\u012b to, vai un cik klientam izmaks\u0101 preces atgrie\u0161ana,<br>j) s\u016bdz\u012bbu izskat\u012b\u0161anas proced\u016bras skaidrojums, tostarp visa inform\u0101cija par kontaktpersonu vai klientu apkalpo\u0161anas noda\u013cu.<br>Apstiprinot pas\u016bt\u012bjumu, katrs pirc\u0113js piekr\u012bt uz\u0146\u0113m\u0113jdarb\u012bbas un lieto\u0161anas noteikumiem.<\/p>\n\n\n\n<h4 class=\"wp-block-heading\">Kontaktinform\u0101cija<\/h4>\n\n\n\n<p>Ja jums nepiecie\u0161ama inform\u0101cija vai pal\u012bdz\u012bba saist\u012bb\u0101 ar tie\u0161saistes pied\u0101v\u0101jumiem, pas\u016bt\u012bjumu veik\u0161anu, pieg\u0101di tie\u0161saist\u0113, vietnes lieto\u0161anu vai pre\u010du atgrie\u0161anu, varat sazin\u0101ties ar mums, izmantojot e-pasta adresi: info@kaizendren.com vai t\u0101lruni +370 000 0000<\/p>\n\n\n\n<h4 class=\"wp-block-heading\">L\u012bgums \u2013 pas\u016bt\u012bjums<\/h4>\n\n\n\n<p>P\u0101rdo\u0161anas l\u012bgums starp pakalpojumu sniedz\u0113ju un pirc\u0113ju tiek nosl\u0113gts br\u012bd\u012b, kad pakalpojumu sniedz\u0113js apstiprina pas\u016bt\u012bjumu un pirc\u0113js sa\u0146em e-pastu. No \u0161\u012b br\u012b\u017ea visas cenas un citi nosac\u012bjumi ir fiks\u0113ti un attiecas gan uz pakalpojumu sniedz\u0113ju, gan pirc\u0113ju. Apstiprinot pirkumu, pirc\u0113js piekr\u012bt visp\u0101r\u0113jiem nosac\u012bjumiem. Pakalpojumu sniedz\u0113ja un lietot\u0101ja nosl\u0113gtais l\u012bgums tiek past\u0101v\u012bgi glab\u0101ts Kaizendren MB galvenaj\u0101 m\u012btn\u0113 vai pien\u0101c\u012bgi dro\u0161\u0101 pakalpojumu sniedz\u0113ja att\u0101lin\u0101t\u0101 server\u012b. Lietot\u0101js var sa\u0146emt kopiju, pieprasot e-pastu uz: info@kaizendren.com. Pirc\u0113js sa\u0146em l\u012bguma (pas\u016bt\u012bjuma) kopiju uz savu e-pasta adresi p\u0113c pas\u016bt\u012bjuma veik\u0161anas.<\/p>\n\n\n\n<h4 class=\"wp-block-heading\">Produktu cenas<\/h4>\n\n\n\n<p>Pre\u010du cenas ir nor\u0101d\u012btas eiro un ir sp\u0113k\u0101 pas\u016bt\u012bjuma dien\u0101. Cen\u0101s ir iek\u013cauts PVN, jo pieg\u0101d\u0101t\u0101js ir PVN maks\u0101t\u0101js. M\u0113s paturam ties\u012bbas main\u012bt cenas bez iepriek\u0161\u0113ja br\u012bdin\u0101juma. Kad klients apstiprina pas\u016bt\u012bjumu interneta veikal\u0101, tiek piem\u0113rotas pas\u016bt\u012bjuma br\u012bd\u012b public\u0113t\u0101s cenas. Cenas ir atbilsto\u0161i atz\u012bm\u0113tas interneta veikal\u0101 un attiecas uz visiem klientiem. Pieg\u0101des izmaksas nav iek\u013cautas preces cen\u0101.<\/p>\n\n\n\n<h4 class=\"wp-block-heading\">Rekl\u0101mas kodi<\/h4>\n\n\n\n<p>Sadarb\u012bbas nosac\u012bjumi:<\/p>\n\n\n\n<ol class=\"wp-block-list\">\n<li>Akcijas kods nav der\u012bgs m\u0113ne\u0161a produktam.<\/li>\n\n\n\n<li>M\u0113ne\u0161a produktu nosaka t\u012bmek\u013ca vietne, un tas var main\u012bties katru m\u0113nesi.<\/li>\n\n\n\n<li>Akcijas kodu var izmantot, lai ieg\u0101d\u0101tos visus p\u0101r\u0113jos produktus vietn\u0113.<\/li>\n\n\n\n<li>Akcijas kods ir der\u012bgs vienai lieto\u0161anas reizei katram pirkumam.<\/li>\n\n\n\n<li>Akcijas kodu nevar apvienot ar cit\u0101m atlaid\u0113m vai akcij\u0101m.<\/li>\n\n\n\n<li>Vietne patur ties\u012bbas main\u012bt vai atcelt rekl\u0101mas kodu bez iepriek\u0161\u0113ja br\u012bdin\u0101juma.<\/li>\n\n\n\n<li>Promo kodam nav naudas v\u0113rt\u012bbas un to nevar apmain\u012bt pret skaidru naudu<\/li>\n<\/ol>\n\n\n\n<h4 class=\"wp-block-heading\">Maks\u0101jums<\/h4>\n\n\n\n<p>Interneta veikal\u0101 par prec\u0113m var nor\u0113\u0137in\u0101ties skaidr\u0101 naud\u0101 pieg\u0101des br\u012bd\u012b vai ar bankas p\u0101rskait\u012bjumu uz TRR kontu. Kop\u0101 ar prec\u0113m pirc\u0113js sa\u0146em r\u0113\u0137inu ar detaliz\u0113t\u0101m izmaks\u0101m. Maks\u0101jums ir iesp\u0113jams tikai vien\u0101 summ\u0101.<br><br>\u2013 Izmantojot apmaksas metodi pieg\u0101des br\u012bd\u012b, pirc\u0113js maks\u0101 skaidr\u0101 naud\u0101, kad pasta noda\u013ca pieg\u0101d\u0101 s\u016bt\u012bjumu. Apmaksa pieg\u0101des br\u012bd\u012b ir iesp\u0113jama tikai tad, ja r\u0113\u0137ina adrese sakr\u012bt ar pieg\u0101des adresi.<br>\u2013 Ja maks\u0101jums tiek veikts ar provizorisku r\u0113\u0137inu, pirc\u0113js sa\u0146ems provizorisku r\u0113\u0137inu uz savu e-pasta adresi tr\u012bs dienu laik\u0101, pamatojoties uz nosl\u0113gto pas\u016bt\u012bjumu. P\u0113c p\u0101rskait\u012bjuma sa\u0146em\u0161anas pieg\u0101d\u0101t\u0101js nos\u016bta pas\u016bt\u012bt\u0101s preces klientam pa pastu.<\/p>\n\n\n\n<p>Apmaksa par pas\u016bt\u012btaj\u0101m prec\u0113m no valst\u012bm \u0101rpus Slov\u0113nijas ir iesp\u0113jama tikai ar tie\u0161u bankas dar\u012bjumu (avansa r\u0113\u0137inu).<\/p>\n\n\n\n<h4 class=\"wp-block-heading\">R\u0113\u0137ins<\/h4>\n\n\n\n<p>R\u0113\u0137ins tiek izrakst\u012bts pieg\u0101des br\u012bd\u012b un tiks pievienots precei.<\/p>\n\n\n\n<h4 class=\"wp-block-heading\">Pieg\u0101de<\/h4>\n\n\n\n<p>Pieg\u0101d\u0101t\u0101js nos\u016bta pas\u016bt\u012bt\u0101s preces divu darba dienu laik\u0101 p\u0113c pas\u016bt\u012bjuma sa\u0146em\u0161anas (apmaksas pieg\u0101des br\u012bd\u012b gad\u012bjum\u0101) vai divu darba dienu laik\u0101 p\u0113c maks\u0101juma sa\u0146em\u0161anas (p\u0101rskait\u012bjuma gad\u012bjum\u0101 uz TRR). Pieg\u0101des laiks ir atkar\u012bgs no pieg\u0101des pakalpojuma un var b\u016bt no vienas l\u012bdz piec\u0101m darba dien\u0101m no pieg\u0101des dienas. L\u012bgumpartneris s\u016bt\u012bjumu pieg\u0101dei ir DPD\/DHL. Ieg\u0101d\u0101joties preces, pieg\u0101des izmaksas sedz pirc\u0113js, un t\u0101s ir 9,99\u00a0\u20ac.<\/p>\n\n\n\n<h4 class=\"wp-block-heading\">Ties\u012bbas atteikties no pirkuma, atgriezt preces, atmaks\u0101t samaks\u0101to naudu<\/h4>\n\n\n\n<p>Pirms klienta pas\u016bt\u012bjuma iesnieg\u0161anas vi\u0146am tiek atv\u0113rts pas\u016bt\u012bjuma priek\u0161skat\u012bjums, uz kura pamata vi\u0146\u0161 var p\u0101rbaud\u012bt inform\u0101ciju, ko vi\u0146\u0161 ir aizpild\u012bjis pas\u016bt\u012bjuma iesnieg\u0161anas nol\u016bkos. Nepareizas ievades gad\u012bjum\u0101 pirc\u0113js var labot k\u013c\u016bdas groz\u0101. Ja vietne nev\u0113las iesniegt pas\u016bt\u012bjumu, t\u0101 var sl\u0113gt vai p\u0101rtraukt pas\u016bt\u012bjuma iesnieg\u0161anu, t\u0101d\u0113j\u0101di p\u0101rtraucot pas\u016bt\u012bjuma iesnieg\u0161anu un apstiprin\u0101\u0161anu.<\/p>\n\n\n\n<p>Ties\u012bbas atteikties no pirkuma, atgriezt preces, atmaks\u0101t samaks\u0101to naudu<\/p>\n\n\n\n<p>Pirc\u0113jam ir ties\u012bbas atteikties no l\u012bguma vai pas\u016bt\u012bjuma 14 dienu laik\u0101 p\u0113c pre\u010du sa\u0146em\u0161anas, nos\u016btot to uz e-pasta adresi: info@kaizendren.com, nenor\u0101dot sava l\u0113muma iemeslus.<\/p>\n\n\n\n<p>Ja pirc\u0113js jau ir sa\u0146\u0113mis preces un atsak\u0101s no l\u012bguma, vi\u0146am 14 dienu laik\u0101 p\u0113c pazi\u0146ojuma nos\u016bt\u012b\u0161anas par atteik\u0161anos no l\u012bguma j\u0101nos\u016bta preces neboj\u0101t\u0101 veid\u0101 un t\u0101d\u0101 pa\u0161\u0101 daudzum\u0101 pieg\u0101d\u0101t\u0101jam\/uz\u0146\u0113mumam. Vien\u012bg\u0101s izmaksas, kas pirc\u0113jam j\u0101maks\u0101 saist\u012bb\u0101 ar atteik\u0161anos no l\u012bguma, ir pre\u010du atgrie\u0161anas izmaksas.<\/p>\n\n\n\n<p>Veidlapa atteikumam no raksta l\u012bguma lietot\u0101jam ir pieejama \u0161eit.<\/p>\n\n\n\n<p>Pirc\u0113jam ir j\u0101atgrie\u017e sa\u0146emt\u0101s preces neboj\u0101tas un nemain\u012btas, iz\u0146emot gad\u012bjumus, kad preces ir boj\u0101tas pirc\u0113ja vainas neesam\u012bbas d\u0113\u013c.<\/p>\n\n\n\n<p>M\u0113s atmaks\u0101sim pirc\u0113jam veiktos maks\u0101jumus p\u0113c iesp\u0113jas \u0101tr\u0101k, bet ne v\u0113l\u0101k k\u0101 14 dienu laik\u0101 p\u0113c l\u012bguma atteikuma pazi\u0146ojuma sa\u0146em\u0161anas. Uz\u0146\u0113mums atmaks\u0101 sa\u0146emtos maks\u0101jumus pirc\u0113jam, izmantojot t\u0101du pa\u0161u maks\u0101\u0161anas l\u012bdzekli, k\u0101du pirc\u0113js izmantoja (visizplat\u012bt\u0101kais veids ir maks\u0101jums uz dar\u012bjumu kontu), ja vien pat\u0113r\u0113t\u0101js nav skaidri piepras\u012bjis cita maks\u0101\u0161anas l\u012bdzek\u013ca izmanto\u0161anu un pirc\u0113jam nerodas nek\u0101das izmaksas.<\/p>\n\n\n\n<p>Saska\u0146\u0101 ar Pat\u0113r\u0113t\u0101ju ties\u012bbu aizsardz\u012bbas likuma 43. panta 5. punktu pirc\u0113jam nav ties\u012bbu atteikties no l\u012bguma (pirkuma), ja t\u0101 ir prece, kas izgatavota p\u0113c pirc\u0113ja prec\u012bziem nor\u0101d\u012bjumiem un piel\u0101gota vi\u0146a person\u012bgaj\u0101m vajadz\u012bb\u0101m.<\/p>\n\n\n\n<h4 class=\"wp-block-heading\">S\u016bdz\u012bbas<\/h4>\n\n\n\n<p>Pakalpojumu sniedz\u0113js dara visu iesp\u0113jamo, lai nodro\u0161in\u0101tu vislab\u0101ko produkta kvalit\u0101ti. Ja tom\u0113r pirc\u0113ja sa\u0146emtajai precei ir defekts, vi\u0146\u0161 par to inform\u0113 pakalpojumu sniedz\u0113ju pa e-pastu, kur\u0161 savuk\u0101rt inform\u0113 pirc\u0113ju par s\u016bdz\u012bbas risin\u0101\u0161anas procesu. Pakalpojumu sniedz\u0113js patur ties\u012bbas noraid\u012bt s\u016bdz\u012bbu, ja prece nav lietojama vai boj\u0101jumi radu\u0161ies pirc\u0113ja nepareizas r\u012bc\u012bbas d\u0113\u013c.<\/p>\n\n\n\n<h4 class=\"wp-block-heading\">Faktiska k\u013c\u016bda<\/h4>\n\n\n\n<p>Pat\u0113r\u0113t\u0101js var aizst\u0101v\u0113t savas ties\u012bbas, kas izriet no b\u016btiska defekta, ja vi\u0146\u0161 divu m\u0113ne\u0161u laik\u0101 no defekta atkl\u0101\u0161anas dienas inform\u0113 p\u0101rdev\u0113ju par defektu. Pat\u0113r\u0113t\u0101jam defekta pazi\u0146ojum\u0101 ir prec\u012bzi j\u0101apraksta defekts un j\u0101\u013cauj p\u0101rdev\u0113jam p\u0101rbaud\u012bt preci.<\/p>\n\n\n\n<p>P\u0101rdev\u0113js nav atbild\u012bgs par pre\u010du b\u016btiskiem defektiem, kas k\u013c\u016bst redzami divus gadus p\u0113c preces pieg\u0101des. Pre\u010du defekts tiek uzskat\u012bts par t\u0101du, kas jau past\u0101v\u0113ja pieg\u0101des br\u012bd\u012b, ja tas par\u0101d\u0101s se\u0161u m\u0113ne\u0161u laik\u0101 p\u0113c pieg\u0101des.<\/p>\n\n\n\n<p>Pat\u0113r\u0113t\u0101jam, kur\u0161 ir pareizi inform\u0113jis p\u0101rdev\u0113ju par k\u013c\u016bdu, ir ties\u012bbas piepras\u012bt no p\u0101rdev\u0113ja, lai:<\/p>\n\n\n\n<p>nov\u0113rst pre\u010du defektu vai atgriezt da\u013cu no samaks\u0101t\u0101s summas proporcion\u0101li defektam vai<\/p>\n\n\n\n<p>nomaina boj\u0101to preci pret jaunu, nevainojamu preci vai<\/p>\n\n\n\n<p>atgrie\u017e samaks\u0101to summu.<\/p>\n\n\n\n<h4 class=\"wp-block-heading\">Komunik\u0101cija<\/h4>\n\n\n\n<p>Pakalpojuma sniedz\u0113js sazin\u0101sies ar lietot\u0101ju, izmantojot att\u0101lin\u0101t\u0101s sazi\u0146as l\u012bdzek\u013cus, ja vien lietot\u0101js tam nep\u0101rprotami neiebilst. Rekl\u0101mas e-pastos b\u016bs \u0161\u0101das sast\u0101vda\u013cas:<br>\u2013 S\u016bt\u012bt\u0101js b\u016bs skaidri redzams.<br>\u2013 Tie tiks skaidri un nep\u0101rprotami atz\u012bm\u0113ti k\u0101 rekl\u0101mas zi\u0146ojumi.<br>\u2013 Da\u017e\u0101das kampa\u0146as, akcijas un citas m\u0101rketinga metodes tiks attiec\u012bgi atz\u012bm\u0113tas. Tiks skaidri defin\u0113ti ar\u012b dal\u012bbas nosac\u012bjumi taj\u0101s.<br>\u2013 Tiks skaidri par\u0101d\u012bts veids, k\u0101 atteikties no rekl\u0101mas zi\u0146ojumu sa\u0146em\u0161anas.<br>\u2013 Pakalpojumu sniedz\u0113js nep\u0101rprotami respekt\u0113s lietot\u0101ja v\u0113lmi nesa\u0146emt rekl\u0101mas zi\u0146ojumus.<br>\u2013 P\u0101rdo\u0161anai pa t\u0101lruni tiek piem\u0113roti t\u0101di pa\u0161i nosac\u012bjumi k\u0101 m\u016bsu e-veikal\u0101. Tiek garant\u0113ts ar\u012b \u0101trs un dro\u0161s pirkums.<\/p>\n\n\n\n<h4 class=\"wp-block-heading\">Personas datu aizsardz\u012bba<\/h4>\n\n\n\n<p>Pirc\u0113ja sniegt\u0101 inform\u0101cija ir stingri konfidenci\u0101la un tiek apstr\u0101d\u0101ta saska\u0146\u0101 ar Personas datu aizsardz\u012bbas likumu (RS Ofici\u0101lais V\u0113stnesis Nr.\u00a059\/1999, 57\/2001, 59\/2001 \u2013 p\u0101rskat\u012bt\u0101 versija) un Pat\u0113r\u0113t\u0101ju ties\u012bbu aizsardz\u012bbas likumu \u2013 ZVPot-UPB1 (ofici\u0101lais konsolid\u0113tais teksts \u2013 RS Ofici\u0101lais V\u0113stnesis, Nr.\u00a014\/03). Pakalpojumu sniedz\u0113js ap\u0146emas past\u0101v\u012bgi aizsarg\u0101t visus lietot\u0101ja personas datus. Pakalpojumu sniedz\u0113js izmantos personas datus tikai pas\u016bt\u012bjuma izpildei (informat\u012bvu materi\u0101lu, pied\u0101v\u0101jumu, r\u0113\u0137inu nos\u016bt\u012b\u0161anai) un citai sazi\u0146ai. Nek\u0101d\u0101 gad\u012bjum\u0101 lietot\u0101ja dati netiks nodoti neautoriz\u0113t\u0101m person\u0101m. Lietot\u0101js ir atbild\u012bgs ar\u012b par personas datu aizsardz\u012bbu, nodro\u0161inot sava lietot\u0101jv\u0101rda un paroles dro\u0161\u012bbu un aizsardz\u012bbu.<\/p>\n\n\n\n<h4 class=\"wp-block-heading\">S\u016bdz\u012bbas un str\u012bdi<\/h4>\n\n\n\n<p>Pat\u0113r\u0113t\u0101ju str\u012bdu iz\u0161\u0137ir\u0161ana \u0101rpustiesas k\u0101rt\u012bb\u0101<\/p>\n\n\n\n<p>Saska\u0146\u0101 ar ties\u012bbu norm\u0101m Kaizendren MB. neatz\u012bst nevienu pat\u0113r\u0113t\u0101ju \u0101rpustiesas str\u012bdu risin\u0101\u0161anas pakalpojumu sniedz\u0113ju par kompetentu pat\u0113r\u0113t\u0101ju str\u012bda risin\u0101\u0161an\u0101, ko pat\u0113r\u0113t\u0101js var\u0113tu uzs\u0101kt saska\u0146\u0101 ar Pat\u0113r\u0113t\u0101ju \u0101rpustiesas str\u012bdu risin\u0101\u0161anas likumu.<\/p>\n\n\n\n<p>Kaizendren MB, kas k\u0101 pre\u010du un pakalpojumu sniedz\u0113js veicina tie\u0161saistes tirdzniec\u012bbu Slov\u0113nijas Republikas teritorij\u0101, sav\u0101 t\u012bmek\u013ca vietn\u0113 public\u0113 elektronisku saiti uz platformu pat\u0113r\u0113t\u0101ju str\u012bdu risin\u0101\u0161anai tie\u0161saist\u0113 (SRPS). Platforma pat\u0113r\u0113t\u0101jiem ir pieejama \u0161eit.<\/p>\n\n\n\n<figure class=\"wp-block-embed\"><div class=\"wp-block-embed__wrapper\">\nhttps:\/\/ec.europa.eu\/consumers\/odr\/main\/index.cfm?event=main.home.chooseLanguage\n<\/div><\/figure>\n\n\n\n<p>Iepriek\u0161min\u0113tais regul\u0113jums ir izriet no Likuma par pat\u0113r\u0113t\u0101ju str\u012bdu \u0101rpustiesas iz\u0161\u0137ir\u0161anu, Eiropas Parlamenta un Padomes Regulas (ES) Nr.\u00a0524\/2013 par pat\u0113r\u0113t\u0101ju str\u012bdu iz\u0161\u0137ir\u0161anu tie\u0161saist\u0113 un groz\u012bjumiem Regul\u0101 (EK) Nr.\u00a02016\/2004 un Direkt\u012bv\u0101 2009\/22\/EK.<\/p>\n\n\n\n<p>S\u016bdz\u012bbas vai s\u016bdz\u012bbu gad\u012bjum\u0101 sazinieties ar mums pa e-pastu info@kaizendren.com vai zvaniet mums pa t\u0101lruni +370 000 0000<\/p>\n\n\n\n<h4 class=\"wp-block-heading\">R\u012bc\u012bbas kodekss<\/h4>\n\n\n\n<p>Pakalpojumu sniedz\u0113js ir noteicis augstus iek\u0161\u0113jos standartus pas\u016bt\u012bjumu, atgrie\u0161anas un klientu s\u016bdz\u012bbu apstr\u0101dei un cen\u0161as p\u0113c iesp\u0113jas iev\u0113rot pa\u0161reiz\u0113j\u0101s pat\u0113r\u0113t\u0101ju pras\u012bbas un ties\u012bbu aktus. Saska\u0146\u0101 ar Likuma par elektronisko uz\u0146\u0113m\u0113jdarb\u012bbu tirg\u016b (ZEPT) 7. panta 6. ievilkumu tas pazi\u0146o, ka nav parakst\u012bjis tie\u0161saistes tirgot\u0101ju r\u012bc\u012bbas kodeksu.<\/p>\n\n\n\n<h4 class=\"wp-block-heading\">Autorties\u012bbu aizsardz\u012bba<\/h4>\n\n\n\n<p>Viss vietnes kaizendren.com, k\u0101 ar\u012b t\u0101s apak\u0161lapu saturs, tostarp att\u0113lu un video materi\u0101li, ir aizsarg\u0101ti ar Autorties\u012bbu likumu un ir pakalpojumu sniedz\u0113ja \u012bpa\u0161ums. Pakalpojumu sniedz\u0113js at\u013cauj izmantot att\u0113lu un video materi\u0101lus person\u012bgai lieto\u0161anai soci\u0101lajos t\u012bklos, emu\u0101ros un fotogalerij\u0101s, nor\u0101dot avotu.<\/p>\n\n\n\n<h4 class=\"wp-block-heading\">Paskaidrojums<\/h4>\n\n\n\n<p>Visa inform\u0101cija var tikt main\u012bta bez iepriek\u0161\u0113ja br\u012bdin\u0101juma, un pakalpojumu sniedz\u0113js var ar\u012b main\u012bt \u0161os noteikumus bez iepriek\u0161\u0113ja br\u012bdin\u0101juma. Ja jums nepiecie\u0161ami papildu skaidrojumi par visp\u0101r\u0113jiem sadarb\u012bbas nosac\u012bjumiem, varat sazin\u0101ties ar mums.<\/p>\n\n\n\n<h4 class=\"wp-block-heading\">Uz\u0146\u0113muma inform\u0101cija:<\/h4>\n\n\n\n<p>MB KAIZENDREN<br>T\u0101lrunis: +370 683 16126<br>E-pasts:\u00a0<a href=\"mailto:info@kaizendren.com\">info@kaizendren.com<\/a><br>Re\u0123istr\u0101cijas numurs: 306556918<\/p>","protected":false},"excerpt":{"rendered":"<p>Inform\u0101cijas pieejam\u012bba (ties\u012bbu aktu kopsavilkums). Pakalpojumu sniedz\u0113js ap\u0146emas vienm\u0113r sniegt klientam \u0161\u0101du inform\u0101ciju:a) uz\u0146\u0113muma identit\u0101te<\/p>","protected":false},"author":1,"featured_media":0,"parent":291031,"menu_order":0,"comment_status":"closed","ping_status":"open","template":"","meta":{"footnotes":""},"class_list":["post-3","page","type-page","status-publish","hentry"],"yoast_head":"<!-- This site is optimized with the Yoast SEO plugin v27.4 - https:\/\/yoast.com\/product\/yoast-seo-wordpress\/ -->\n<title>Privacy policy - Kaizendren<\/title>\n<meta name=\"robots\" content=\"index, follow, max-snippet:-1, max-image-preview:large, max-video-preview:-1\" \/>\n<link rel=\"canonical\" href=\"https:\/\/kaizendren.com\/lv\/informacija\/privatuma-politika\/\" \/>\n<meta property=\"og:locale\" content=\"lv_LV\" \/>\n<meta property=\"og:type\" content=\"article\" \/>\n<meta property=\"og:title\" content=\"Privacy policy - Kaizendren\" \/>\n<meta property=\"og:description\" content=\"Accessibility of information (summary of legislation) The provider undertakes to always provide the customer with the following information:a) company identity\" \/>\n<meta property=\"og:url\" content=\"https:\/\/kaizendren.com\/lv\/informacija\/privatuma-politika\/\" \/>\n<meta property=\"og:site_name\" content=\"Kaizendren\" \/>\n<meta property=\"article:publisher\" content=\"https:\/\/www.facebook.com\/kaizendren\" \/>\n<meta property=\"article:modified_time\" content=\"2026-02-11T17:52:32+00:00\" \/>\n<meta property=\"og:image\" content=\"https:\/\/kaizendren.com\/wp-content\/uploads\/2023\/11\/insta-1.jpg\" \/>\n\t<meta property=\"og:image:width\" content=\"700\" \/>\n\t<meta property=\"og:image:height\" content=\"700\" \/>\n\t<meta property=\"og:image:type\" content=\"image\/jpeg\" \/>\n<meta name=\"twitter:card\" content=\"summary_large_image\" \/>\n<meta name=\"twitter:label1\" content=\"Est. reading time\" \/>\n\t<meta name=\"twitter:data1\" content=\"9 min\u016btes\" \/>\n<script type=\"application\/ld+json\" class=\"yoast-schema-graph\">{\"@context\":\"https:\\\/\\\/schema.org\",\"@graph\":[{\"@type\":\"WebPage\",\"@id\":\"https:\\\/\\\/kaizendren.com\\\/information\\\/privacy-policy\\\/\",\"url\":\"https:\\\/\\\/kaizendren.com\\\/information\\\/privacy-policy\\\/\",\"name\":\"Privacy policy - Kaizendren\",\"isPartOf\":{\"@id\":\"https:\\\/\\\/kaizendren.com\\\/#website\"},\"datePublished\":\"2023-10-25T11:27:08+00:00\",\"dateModified\":\"2026-02-11T17:52:32+00:00\",\"breadcrumb\":{\"@id\":\"https:\\\/\\\/kaizendren.com\\\/information\\\/privacy-policy\\\/#breadcrumb\"},\"inLanguage\":\"lv-LV\",\"potentialAction\":[{\"@type\":\"ReadAction\",\"target\":[\"https:\\\/\\\/kaizendren.com\\\/information\\\/privacy-policy\\\/\"]}]},{\"@type\":\"BreadcrumbList\",\"@id\":\"https:\\\/\\\/kaizendren.com\\\/information\\\/privacy-policy\\\/#breadcrumb\",\"itemListElement\":[{\"@type\":\"ListItem\",\"position\":1,\"name\":\"Home\",\"item\":\"https:\\\/\\\/kaizendren.com\\\/\"},{\"@type\":\"ListItem\",\"position\":2,\"name\":\"Information\",\"item\":\"https:\\\/\\\/kaizendren.com\\\/information\\\/\"},{\"@type\":\"ListItem\",\"position\":3,\"name\":\"Privacy policy\"}]},{\"@type\":\"WebSite\",\"@id\":\"https:\\\/\\\/kaizendren.com\\\/#website\",\"url\":\"https:\\\/\\\/kaizendren.com\\\/\",\"name\":\"Kaizendren\",\"description\":\"Our Focus Is Your Health, Relaxation And Recovery\",\"publisher\":{\"@id\":\"https:\\\/\\\/kaizendren.com\\\/#organization\"},\"potentialAction\":[{\"@type\":\"SearchAction\",\"target\":{\"@type\":\"EntryPoint\",\"urlTemplate\":\"https:\\\/\\\/kaizendren.com\\\/?s={search_term_string}\"},\"query-input\":{\"@type\":\"PropertyValueSpecification\",\"valueRequired\":true,\"valueName\":\"search_term_string\"}}],\"inLanguage\":\"lv-LV\"},{\"@type\":\"Organization\",\"@id\":\"https:\\\/\\\/kaizendren.com\\\/#organization\",\"name\":\"Kaizendren\",\"url\":\"https:\\\/\\\/kaizendren.com\\\/\",\"logo\":{\"@type\":\"ImageObject\",\"inLanguage\":\"lv-LV\",\"@id\":\"https:\\\/\\\/kaizendren.com\\\/#\\\/schema\\\/logo\\\/image\\\/\",\"url\":\"https:\\\/\\\/kaizendren.com\\\/wp-content\\\/uploads\\\/2023\\\/11\\\/kaizendren-logo-head.png\",\"contentUrl\":\"https:\\\/\\\/kaizendren.com\\\/wp-content\\\/uploads\\\/2023\\\/11\\\/kaizendren-logo-head.png\",\"width\":336,\"height\":70,\"caption\":\"Kaizendren\"},\"image\":{\"@id\":\"https:\\\/\\\/kaizendren.com\\\/#\\\/schema\\\/logo\\\/image\\\/\"},\"sameAs\":[\"https:\\\/\\\/www.facebook.com\\\/kaizendren\",\"https:\\\/\\\/www.instagram.com\\\/kaizendren\",\"https:\\\/\\\/www.tiktok.com\\\/@kaizendren\"]}]}<\/script>\n<!-- \/ Yoast SEO plugin. -->","yoast_head_json":{"title":"Priv\u0101tuma politika \u2014 Kaizendren","robots":{"index":"index","follow":"follow","max-snippet":"max-snippet:-1","max-image-preview":"max-image-preview:large","max-video-preview":"max-video-preview:-1"},"canonical":"https:\/\/kaizendren.com\/lv\/informacija\/privatuma-politika\/","og_locale":"lv_LV","og_type":"article","og_title":"Privacy policy - Kaizendren","og_description":"Accessibility of information (summary of legislation) The provider undertakes to always provide the customer with the following information:a) company identity","og_url":"https:\/\/kaizendren.com\/lv\/informacija\/privatuma-politika\/","og_site_name":"Kaizendren","article_publisher":"https:\/\/www.facebook.com\/kaizendren","article_modified_time":"2026-02-11T17:52:32+00:00","og_image":[{"width":700,"height":700,"url":"https:\/\/kaizendren.com\/wp-content\/uploads\/2023\/11\/insta-1.jpg","type":"image\/jpeg"}],"twitter_card":"summary_large_image","twitter_misc":{"Est. reading time":"9 min\u016btes"},"schema":{"@context":"https:\/\/schema.org","@graph":[{"@type":"WebPage","@id":"https:\/\/kaizendren.com\/information\/privacy-policy\/","url":"https:\/\/kaizendren.com\/information\/privacy-policy\/","name":"Priv\u0101tuma politika \u2014 Kaizendren","isPartOf":{"@id":"https:\/\/kaizendren.com\/#website"},"datePublished":"2023-10-25T11:27:08+00:00","dateModified":"2026-02-11T17:52:32+00:00","breadcrumb":{"@id":"https:\/\/kaizendren.com\/information\/privacy-policy\/#breadcrumb"},"inLanguage":"lv-LV","potentialAction":[{"@type":"ReadAction","target":["https:\/\/kaizendren.com\/information\/privacy-policy\/"]}]},{"@type":"BreadcrumbList","@id":"https:\/\/kaizendren.com\/information\/privacy-policy\/#breadcrumb","itemListElement":[{"@type":"ListItem","position":1,"name":"Home","item":"https:\/\/kaizendren.com\/"},{"@type":"ListItem","position":2,"name":"Information","item":"https:\/\/kaizendren.com\/information\/"},{"@type":"ListItem","position":3,"name":"Privacy policy"}]},{"@type":"WebSite","@id":"https:\/\/kaizendren.com\/#website","url":"https:\/\/kaizendren.com\/","name":"Kaizendren","description":"M\u016bsu uzman\u012bbas centr\u0101 ir j\u016bsu vesel\u012bba, relaks\u0101cija un atvese\u013co\u0161an\u0101s","publisher":{"@id":"https:\/\/kaizendren.com\/#organization"},"potentialAction":[{"@type":"SearchAction","target":{"@type":"EntryPoint","urlTemplate":"https:\/\/kaizendren.com\/?s={search_term_string}"},"query-input":{"@type":"PropertyValueSpecification","valueRequired":true,"valueName":"search_term_string"}}],"inLanguage":"lv-LV"},{"@type":"Organization","@id":"https:\/\/kaizendren.com\/#organization","name":"Kaizendren","url":"https:\/\/kaizendren.com\/","logo":{"@type":"ImageObject","inLanguage":"lv-LV","@id":"https:\/\/kaizendren.com\/#\/schema\/logo\/image\/","url":"https:\/\/kaizendren.com\/wp-content\/uploads\/2023\/11\/kaizendren-logo-head.png","contentUrl":"https:\/\/kaizendren.com\/wp-content\/uploads\/2023\/11\/kaizendren-logo-head.png","width":336,"height":70,"caption":"Kaizendren"},"image":{"@id":"https:\/\/kaizendren.com\/#\/schema\/logo\/image\/"},"sameAs":["https:\/\/www.facebook.com\/kaizendren","https:\/\/www.instagram.com\/kaizendren","https:\/\/www.tiktok.com\/@kaizendren"]}]}},"_links":{"self":[{"href":"https:\/\/kaizendren.com\/lv\/wp-json\/wp\/v2\/pages\/3","targetHints":{"allow":["GET"]}}],"collection":[{"href":"https:\/\/kaizendren.com\/lv\/wp-json\/wp\/v2\/pages"}],"about":[{"href":"https:\/\/kaizendren.com\/lv\/wp-json\/wp\/v2\/types\/page"}],"author":[{"embeddable":true,"href":"https:\/\/kaizendren.com\/lv\/wp-json\/wp\/v2\/users\/1"}],"replies":[{"embeddable":true,"href":"https:\/\/kaizendren.com\/lv\/wp-json\/wp\/v2\/comments?post=3"}],"version-history":[{"count":4,"href":"https:\/\/kaizendren.com\/lv\/wp-json\/wp\/v2\/pages\/3\/revisions"}],"predecessor-version":[{"id":334605,"href":"https:\/\/kaizendren.com\/lv\/wp-json\/wp\/v2\/pages\/3\/revisions\/334605"}],"up":[{"embeddable":true,"href":"https:\/\/kaizendren.com\/lv\/wp-json\/wp\/v2\/pages\/291031"}],"wp:attachment":[{"href":"https:\/\/kaizendren.com\/lv\/wp-json\/wp\/v2\/media?parent=3"}],"curies":[{"name":"wp","href":"https:\/\/api.w.org\/{rel}","templated":true}]}}