{"id":291031,"date":"2026-01-23T16:20:42","date_gmt":"2026-01-23T14:20:42","guid":{"rendered":"https:\/\/kaizendren.com\/?page_id=291031"},"modified":"2026-01-23T16:20:42","modified_gmt":"2026-01-23T14:20:42","slug":"informacija","status":"publish","type":"page","link":"https:\/\/kaizendren.com\/lv\/information\/","title":{"rendered":"Inform\u0101cija"},"content":{"rendered":"","protected":false},"excerpt":{"rendered":"","protected":false},"author":1,"featured_media":0,"parent":0,"menu_order":0,"comment_status":"closed","ping_status":"closed","template":"","meta":{"footnotes":""},"class_list":["post-291031","page","type-page","status-publish","hentry"],"yoast_head":"<!-- This site is optimized with the Yoast SEO plugin v27.3 - https:\/\/yoast.com\/product\/yoast-seo-wordpress\/ -->\n<title>Information - Kaizendren<\/title>\n<meta name=\"robots\" content=\"index, follow, max-snippet:-1, max-image-preview:large, max-video-preview:-1\" \/>\n<link rel=\"canonical\" href=\"https:\/\/kaizendren.com\/lv\/informacija\/\" \/>\n<meta property=\"og:locale\" content=\"lv_LV\" \/>\n<meta property=\"og:type\" content=\"article\" \/>\n<meta property=\"og:title\" content=\"Information - Kaizendren\" \/>\n<meta property=\"og:url\" content=\"https:\/\/kaizendren.com\/lv\/informacija\/\" \/>\n<meta property=\"og:site_name\" content=\"Kaizendren\" \/>\n<meta property=\"article:publisher\" content=\"https:\/\/www.facebook.com\/kaizendren\" \/>\n<meta property=\"og:image\" content=\"https:\/\/kaizendren.com\/wp-content\/uploads\/2023\/11\/insta-1.jpg\" \/>\n\t<meta property=\"og:image:width\" content=\"700\" \/>\n\t<meta property=\"og:image:height\" content=\"700\" \/>\n\t<meta property=\"og:image:type\" content=\"image\/jpeg\" \/>\n<meta name=\"twitter:card\" content=\"summary_large_image\" \/>\n<script type=\"application\/ld+json\" class=\"yoast-schema-graph\">{\"@context\":\"https:\\\/\\\/schema.org\",\"@graph\":[{\"@type\":\"WebPage\",\"@id\":\"https:\\\/\\\/kaizendren.com\\\/information\\\/\",\"url\":\"https:\\\/\\\/kaizendren.com\\\/information\\\/\",\"name\":\"Information - Kaizendren\",\"isPartOf\":{\"@id\":\"https:\\\/\\\/kaizendren.com\\\/#website\"},\"datePublished\":\"2026-01-23T14:20:42+00:00\",\"breadcrumb\":{\"@id\":\"https:\\\/\\\/kaizendren.com\\\/information\\\/#breadcrumb\"},\"inLanguage\":\"lv-LV\",\"potentialAction\":[{\"@type\":\"ReadAction\",\"target\":[\"https:\\\/\\\/kaizendren.com\\\/information\\\/\"]}]},{\"@type\":\"BreadcrumbList\",\"@id\":\"https:\\\/\\\/kaizendren.com\\\/information\\\/#breadcrumb\",\"itemListElement\":[{\"@type\":\"ListItem\",\"position\":1,\"name\":\"Home\",\"item\":\"https:\\\/\\\/kaizendren.com\\\/\"},{\"@type\":\"ListItem\",\"position\":2,\"name\":\"Information\"}]},{\"@type\":\"WebSite\",\"@id\":\"https:\\\/\\\/kaizendren.com\\\/#website\",\"url\":\"https:\\\/\\\/kaizendren.com\\\/\",\"name\":\"Kaizendren\",\"description\":\"Our Focus Is Your Health, Relaxation And Recovery\",\"publisher\":{\"@id\":\"https:\\\/\\\/kaizendren.com\\\/#organization\"},\"potentialAction\":[{\"@type\":\"SearchAction\",\"target\":{\"@type\":\"EntryPoint\",\"urlTemplate\":\"https:\\\/\\\/kaizendren.com\\\/?s={search_term_string}\"},\"query-input\":{\"@type\":\"PropertyValueSpecification\",\"valueRequired\":true,\"valueName\":\"search_term_string\"}}],\"inLanguage\":\"lv-LV\"},{\"@type\":\"Organization\",\"@id\":\"https:\\\/\\\/kaizendren.com\\\/#organization\",\"name\":\"Kaizendren\",\"url\":\"https:\\\/\\\/kaizendren.com\\\/\",\"logo\":{\"@type\":\"ImageObject\",\"inLanguage\":\"lv-LV\",\"@id\":\"https:\\\/\\\/kaizendren.com\\\/#\\\/schema\\\/logo\\\/image\\\/\",\"url\":\"https:\\\/\\\/kaizendren.com\\\/wp-content\\\/uploads\\\/2023\\\/11\\\/kaizendren-logo-head.png\",\"contentUrl\":\"https:\\\/\\\/kaizendren.com\\\/wp-content\\\/uploads\\\/2023\\\/11\\\/kaizendren-logo-head.png\",\"width\":336,\"height\":70,\"caption\":\"Kaizendren\"},\"image\":{\"@id\":\"https:\\\/\\\/kaizendren.com\\\/#\\\/schema\\\/logo\\\/image\\\/\"},\"sameAs\":[\"https:\\\/\\\/www.facebook.com\\\/kaizendren\",\"https:\\\/\\\/www.instagram.com\\\/kaizendren\",\"https:\\\/\\\/www.tiktok.com\\\/@kaizendren\"]}]}<\/script>\n<!-- \/ Yoast SEO plugin. -->","yoast_head_json":{"title":"Inform\u0101cija - Kaizendren","robots":{"index":"index","follow":"follow","max-snippet":"max-snippet:-1","max-image-preview":"max-image-preview:large","max-video-preview":"max-video-preview:-1"},"canonical":"https:\/\/kaizendren.com\/lv\/informacija\/","og_locale":"lv_LV","og_type":"article","og_title":"Information - Kaizendren","og_url":"https:\/\/kaizendren.com\/lv\/informacija\/","og_site_name":"Kaizendren","article_publisher":"https:\/\/www.facebook.com\/kaizendren","og_image":[{"width":700,"height":700,"url":"https:\/\/kaizendren.com\/wp-content\/uploads\/2023\/11\/insta-1.jpg","type":"image\/jpeg"}],"twitter_card":"summary_large_image","schema":{"@context":"https:\/\/schema.org","@graph":[{"@type":"WebPage","@id":"https:\/\/kaizendren.com\/information\/","url":"https:\/\/kaizendren.com\/information\/","name":"Inform\u0101cija - Kaizendren","isPartOf":{"@id":"https:\/\/kaizendren.com\/#website"},"datePublished":"2026-01-23T14:20:42+00:00","breadcrumb":{"@id":"https:\/\/kaizendren.com\/information\/#breadcrumb"},"inLanguage":"lv-LV","potentialAction":[{"@type":"ReadAction","target":["https:\/\/kaizendren.com\/information\/"]}]},{"@type":"BreadcrumbList","@id":"https:\/\/kaizendren.com\/information\/#breadcrumb","itemListElement":[{"@type":"ListItem","position":1,"name":"Home","item":"https:\/\/kaizendren.com\/"},{"@type":"ListItem","position":2,"name":"Information"}]},{"@type":"WebSite","@id":"https:\/\/kaizendren.com\/#website","url":"https:\/\/kaizendren.com\/","name":"Kaizendren","description":"M\u016bsu uzman\u012bbas centr\u0101 ir j\u016bsu vesel\u012bba, relaks\u0101cija un atvese\u013co\u0161an\u0101s","publisher":{"@id":"https:\/\/kaizendren.com\/#organization"},"potentialAction":[{"@type":"SearchAction","target":{"@type":"EntryPoint","urlTemplate":"https:\/\/kaizendren.com\/?s={search_term_string}"},"query-input":{"@type":"PropertyValueSpecification","valueRequired":true,"valueName":"search_term_string"}}],"inLanguage":"lv-LV"},{"@type":"Organization","@id":"https:\/\/kaizendren.com\/#organization","name":"Kaizendren","url":"https:\/\/kaizendren.com\/","logo":{"@type":"ImageObject","inLanguage":"lv-LV","@id":"https:\/\/kaizendren.com\/#\/schema\/logo\/image\/","url":"https:\/\/kaizendren.com\/wp-content\/uploads\/2023\/11\/kaizendren-logo-head.png","contentUrl":"https:\/\/kaizendren.com\/wp-content\/uploads\/2023\/11\/kaizendren-logo-head.png","width":336,"height":70,"caption":"Kaizendren"},"image":{"@id":"https:\/\/kaizendren.com\/#\/schema\/logo\/image\/"},"sameAs":["https:\/\/www.facebook.com\/kaizendren","https:\/\/www.instagram.com\/kaizendren","https:\/\/www.tiktok.com\/@kaizendren"]}]}},"_links":{"self":[{"href":"https:\/\/kaizendren.com\/lv\/wp-json\/wp\/v2\/pages\/291031","targetHints":{"allow":["GET"]}}],"collection":[{"href":"https:\/\/kaizendren.com\/lv\/wp-json\/wp\/v2\/pages"}],"about":[{"href":"https:\/\/kaizendren.com\/lv\/wp-json\/wp\/v2\/types\/page"}],"author":[{"embeddable":true,"href":"https:\/\/kaizendren.com\/lv\/wp-json\/wp\/v2\/users\/1"}],"replies":[{"embeddable":true,"href":"https:\/\/kaizendren.com\/lv\/wp-json\/wp\/v2\/comments?post=291031"}],"version-history":[{"count":1,"href":"https:\/\/kaizendren.com\/lv\/wp-json\/wp\/v2\/pages\/291031\/revisions"}],"predecessor-version":[{"id":291032,"href":"https:\/\/kaizendren.com\/lv\/wp-json\/wp\/v2\/pages\/291031\/revisions\/291032"}],"wp:attachment":[{"href":"https:\/\/kaizendren.com\/lv\/wp-json\/wp\/v2\/media?parent=291031"}],"curies":[{"name":"wp","href":"https:\/\/api.w.org\/{rel}","templated":true}]}}