{"id":19,"date":"2023-11-22T16:18:07","date_gmt":"2023-11-22T14:18:07","guid":{"rendered":"https:\/\/kaizendren.com\/?page_id=19"},"modified":"2026-02-11T19:45:52","modified_gmt":"2026-02-11T17:45:52","slug":"atgriesanas-politika-2","status":"publish","type":"page","link":"https:\/\/kaizendren.com\/lv\/information\/return-policy\/","title":{"rendered":"Atgrie\u0161anas politika"},"content":{"rendered":"<h4 class=\"wp-block-heading\">30 dienu pre\u010du atgrie\u0161anas periods boj\u0101tu pre\u010du gad\u012bjum\u0101:<\/h4>\n\n\n\n<p>M\u0113s esam p\u0101rliecin\u0101ti par savu izstr\u0101d\u0101jumu kvalit\u0101ti, un, ja sa\u0146emat boj\u0101tu preci, m\u0113s pied\u0101v\u0101jam bez probl\u0113m\u0101m veikt atgrie\u0161anas procesu. Jums ir 30 dienas no sa\u0146em\u0161anas dienas, lai s\u0101ktu atgriezt jebkuru produktu, kas tiek uzskat\u012bts par defekt\u012bvu vai boj\u0101tu ra\u017eo\u0161anas defektu d\u0113\u013c.<\/p>\n\n\n\n<p><p>Produkti, kas ir biju\u0161i pak\u013cauti nepareizai lieto\u0161anai, nejau\u0161iem boj\u0101jumiem, nepareizai lieto\u0161anai vai produktu kop\u0161anas instrukciju neiev\u0113ro\u0161anai, saska\u0146\u0101 ar \u0161o politiku netiks atgriezti. Atgrie\u0161ana tiek pie\u0146emta tikai par pirkumiem, kas veikti tie\u0161saist\u0113 vietn\u0113 kaizendren.com vai l\u012bdzv\u0113rt\u012bgos apak\u0161dom\u0113nos, un netiek pie\u0146emti no tre\u0161o pu\u0161u izplat\u012bt\u0101jiem ieg\u0101d\u0101ti izstr\u0101d\u0101jumi.<\/p>\n<p>Lai var\u0113tu sa\u0146emt kompens\u0101ciju par preci bez defektiem: precei j\u0101b\u016bt neizmantotai un t\u0101d\u0101 pa\u0161\u0101 st\u0101vokl\u012b, k\u0101d\u0101 to sa\u0146\u0113m\u0101t. Precei j\u0101b\u016bt ar\u012b ori\u0123in\u0101laj\u0101 iepakojum\u0101 ar vis\u0101m eti\u0137et\u0113m un eti\u0137et\u0113m.<\/p><\/p>\n\n\n\n<h4 class=\"wp-block-heading\">Atgrie\u0161anas process:<\/h4>\n\n\n\n<p>L\u016bdzu, sazinieties ar m\u016bsu klientu atbalsta komandu pa e-pastu info@kaizendren.com, lai s\u0101ktu atgrie\u0161anas proced\u016bru. Jums b\u016bs j\u0101sniedz inform\u0101cija par savu pas\u016bt\u012bjumu, piem\u0113ram, pas\u016bt\u012bjuma numurs un skaidrs probl\u0113mas skaidrojums. M\u0113s pal\u012bdz\u0113sim jums ar atgrie\u0161anas procesu un nor\u0101d\u012bsim, ko dar\u012bt t\u0101l\u0101k.<\/p>\n\n\n\n<h4 class=\"wp-block-heading\">Atgrie\u0161an\u0101s nos\u016bt\u012b\u0161anas izmaksas:<\/h4>\n\n\n\n<p>P\u0113c tam, kad produkts ir pieg\u0101d\u0101ts, m\u0113s nevaram jums atmaks\u0101t pieg\u0101des izmaksas. Par boj\u0101t\u0101m prec\u0113m, kas atgrieztas pirmo 30 dienu laik\u0101, m\u0113s apmaks\u0101sim atpaka\u013cnos\u016bt\u012b\u0161anas izmaksas Eiropas Savien\u012bbas teritorij\u0101. Ta\u010du, ja v\u0113laties atgriezt preci, kuru neesat lietojis, jo esat p\u0101rdom\u0101jis, par atpaka\u013cnos\u016bt\u012b\u0161anu b\u016bs j\u0101maks\u0101 pa\u0161am.<\/p>\n\n\n\n<h4 class=\"wp-block-heading\">Neveiksm\u012bga vai iztr\u016bksto\u0161a pieg\u0101de:<\/h4>\n\n\n\n<p>S\u016bt\u012bjums tiks atgriezts s\u016bt\u012bt\u0101jam (Kaizendren) uz klienta r\u0113\u0137ina, ja s\u016bt\u012bjuma pieg\u0101de uz nor\u0101d\u012bto pieg\u0101des adresi nav iesp\u0113jama klienta nesadarbo\u0161an\u0101s d\u0113\u013c (nepareiza vai k\u013c\u016bdaina pieg\u0101des adrese, promb\u016btn\u0113 eso\u0161s sa\u0146\u0113m\u0113js utt.).<\/p>\n\n\n\n<h4 class=\"wp-block-heading\">P\u0101rbaude un atmaks\u0101\u0161ana\/aizst\u0101\u0161ana:<\/h4>\n\n\n\n<p>Kad sa\u0146emsim produktu atpaka\u013c, m\u016bsu prasm\u012bg\u0101 komanda to p\u0101rbaud\u012bs, lai p\u0101rliecin\u0101tos, vai taj\u0101 ir probl\u0113ma, par kuru zi\u0146oj\u0101t. Ja konstat\u0113sim, ka izstr\u0101d\u0101jums ir boj\u0101ts, m\u0113s dar\u012bsim to, ko l\u016bdz\u0101t: vai nu atmaks\u0101sim jums naudu, vai nos\u016bt\u012bsim jums rezerves izstr\u0101d\u0101jumu. \u0160is process var aiz\u0146emt l\u012bdz 7 dien\u0101m.<\/p>\n\n\n\n<h4 class=\"wp-block-heading\">Zaud\u0113jumi un probl\u0113mas:<\/h4>\n\n\n\n<p>Atverot Kaizendren izstr\u0101d\u0101jumus, p\u0101rliecinieties, ka esat p\u0101rbaud\u012bjis un apskat\u012bjis visas deta\u013cas. Ja konstat\u0113jat, ka kaut kas ir sal\u016bzis, tr\u016bkst vai ir boj\u0101ts, pazi\u0146ojiet mums par to p\u0113c iesp\u0113jas \u0101tr\u0101k, un m\u0113s to salabosim par j\u016bsu l\u012bdzek\u013ciem.<\/p>\n\n\n\n<p>Jums ir 10 dienas no pas\u016bt\u012bjuma sa\u0146em\u0161anas dienas, lai nos\u016bt\u012btu aizvieto\u0161anas piepras\u012bjumu uz info@kaizendren.com. M\u0113s pie\u0146emam apmai\u0146as piepras\u012bjumus tikai par ra\u017eo\u0161anas defektiem, boj\u0101t\u0101m un tr\u016bksto\u0161\u0101m deta\u013c\u0101m. M\u0113s pie\u0146emam, ka jebk\u0101di nelieli boj\u0101jumi p\u0113c pirmaj\u0101m 10 dien\u0101m ir norm\u0101ls nolietojums, kas saist\u012bts ar produkta raksturu.<\/p>\n\n\n\n<p>Boj\u0101jumiem ir j\u0101ietekm\u0113 produkta darb\u012bba. Ja izstr\u0101d\u0101jums ir boj\u0101ts t\u012b\u0161i, nejau\u0161i vai nepareizi lietojot, mums ir ties\u012bbas atteikt produkta nomai\u0146u.<\/p>","protected":false},"excerpt":{"rendered":"<p>30 dienu atgrie\u0161anas periods boj\u0101t\u0101m prec\u0113m: M\u0113s esam p\u0101rliecin\u0101ti par savu produktu kvalit\u0101ti, un, ja sa\u0146emat<\/p>","protected":false},"author":1,"featured_media":0,"parent":291031,"menu_order":0,"comment_status":"closed","ping_status":"closed","template":"","meta":{"footnotes":""},"class_list":["post-19","page","type-page","status-publish","hentry"],"yoast_head":"<!-- This site is optimized with the Yoast SEO plugin v27.4 - https:\/\/yoast.com\/product\/yoast-seo-wordpress\/ -->\n<title>Return policy - Kaizendren<\/title>\n<meta name=\"robots\" content=\"index, follow, max-snippet:-1, max-image-preview:large, max-video-preview:-1\" \/>\n<link rel=\"canonical\" href=\"https:\/\/kaizendren.com\/lv\/informacija\/atgriesanas-politika-2\/\" \/>\n<meta property=\"og:locale\" content=\"lv_LV\" \/>\n<meta property=\"og:type\" content=\"article\" \/>\n<meta property=\"og:title\" content=\"Return policy - Kaizendren\" \/>\n<meta property=\"og:description\" content=\"30-day return period for faulty goods: We are confident in the quality of our products, and if you receive a\" \/>\n<meta property=\"og:url\" content=\"https:\/\/kaizendren.com\/lv\/informacija\/atgriesanas-politika-2\/\" \/>\n<meta property=\"og:site_name\" content=\"Kaizendren\" \/>\n<meta property=\"article:publisher\" content=\"https:\/\/www.facebook.com\/kaizendren\" \/>\n<meta property=\"article:modified_time\" content=\"2026-02-11T17:45:52+00:00\" \/>\n<meta property=\"og:image\" content=\"https:\/\/kaizendren.com\/wp-content\/uploads\/2023\/11\/insta-1.jpg\" \/>\n\t<meta property=\"og:image:width\" content=\"700\" \/>\n\t<meta property=\"og:image:height\" content=\"700\" \/>\n\t<meta property=\"og:image:type\" content=\"image\/jpeg\" \/>\n<meta name=\"twitter:card\" content=\"summary_large_image\" \/>\n<meta name=\"twitter:label1\" content=\"Est. reading time\" \/>\n\t<meta name=\"twitter:data1\" content=\"3 min\u016btes\" \/>\n<script type=\"application\/ld+json\" class=\"yoast-schema-graph\">{\"@context\":\"https:\\\/\\\/schema.org\",\"@graph\":[{\"@type\":\"WebPage\",\"@id\":\"https:\\\/\\\/kaizendren.com\\\/information\\\/return-policy\\\/\",\"url\":\"https:\\\/\\\/kaizendren.com\\\/information\\\/return-policy\\\/\",\"name\":\"Return policy - Kaizendren\",\"isPartOf\":{\"@id\":\"https:\\\/\\\/kaizendren.com\\\/#website\"},\"datePublished\":\"2023-11-22T14:18:07+00:00\",\"dateModified\":\"2026-02-11T17:45:52+00:00\",\"breadcrumb\":{\"@id\":\"https:\\\/\\\/kaizendren.com\\\/information\\\/return-policy\\\/#breadcrumb\"},\"inLanguage\":\"lv-LV\",\"potentialAction\":[{\"@type\":\"ReadAction\",\"target\":[\"https:\\\/\\\/kaizendren.com\\\/information\\\/return-policy\\\/\"]}]},{\"@type\":\"BreadcrumbList\",\"@id\":\"https:\\\/\\\/kaizendren.com\\\/information\\\/return-policy\\\/#breadcrumb\",\"itemListElement\":[{\"@type\":\"ListItem\",\"position\":1,\"name\":\"Home\",\"item\":\"https:\\\/\\\/kaizendren.com\\\/\"},{\"@type\":\"ListItem\",\"position\":2,\"name\":\"Information\",\"item\":\"https:\\\/\\\/kaizendren.com\\\/information\\\/\"},{\"@type\":\"ListItem\",\"position\":3,\"name\":\"Return policy\"}]},{\"@type\":\"WebSite\",\"@id\":\"https:\\\/\\\/kaizendren.com\\\/#website\",\"url\":\"https:\\\/\\\/kaizendren.com\\\/\",\"name\":\"Kaizendren\",\"description\":\"Our Focus Is Your Health, Relaxation And Recovery\",\"publisher\":{\"@id\":\"https:\\\/\\\/kaizendren.com\\\/#organization\"},\"potentialAction\":[{\"@type\":\"SearchAction\",\"target\":{\"@type\":\"EntryPoint\",\"urlTemplate\":\"https:\\\/\\\/kaizendren.com\\\/?s={search_term_string}\"},\"query-input\":{\"@type\":\"PropertyValueSpecification\",\"valueRequired\":true,\"valueName\":\"search_term_string\"}}],\"inLanguage\":\"lv-LV\"},{\"@type\":\"Organization\",\"@id\":\"https:\\\/\\\/kaizendren.com\\\/#organization\",\"name\":\"Kaizendren\",\"url\":\"https:\\\/\\\/kaizendren.com\\\/\",\"logo\":{\"@type\":\"ImageObject\",\"inLanguage\":\"lv-LV\",\"@id\":\"https:\\\/\\\/kaizendren.com\\\/#\\\/schema\\\/logo\\\/image\\\/\",\"url\":\"https:\\\/\\\/kaizendren.com\\\/wp-content\\\/uploads\\\/2023\\\/11\\\/kaizendren-logo-head.png\",\"contentUrl\":\"https:\\\/\\\/kaizendren.com\\\/wp-content\\\/uploads\\\/2023\\\/11\\\/kaizendren-logo-head.png\",\"width\":336,\"height\":70,\"caption\":\"Kaizendren\"},\"image\":{\"@id\":\"https:\\\/\\\/kaizendren.com\\\/#\\\/schema\\\/logo\\\/image\\\/\"},\"sameAs\":[\"https:\\\/\\\/www.facebook.com\\\/kaizendren\",\"https:\\\/\\\/www.instagram.com\\\/kaizendren\",\"https:\\\/\\\/www.tiktok.com\\\/@kaizendren\"]}]}<\/script>\n<!-- \/ Yoast SEO plugin. -->","yoast_head_json":{"title":"Atgrie\u0161anas noteikumi - Kaizendren","robots":{"index":"index","follow":"follow","max-snippet":"max-snippet:-1","max-image-preview":"max-image-preview:large","max-video-preview":"max-video-preview:-1"},"canonical":"https:\/\/kaizendren.com\/lv\/informacija\/atgriesanas-politika-2\/","og_locale":"lv_LV","og_type":"article","og_title":"Return policy - Kaizendren","og_description":"30-day return period for faulty goods: We are confident in the quality of our products, and if you receive a","og_url":"https:\/\/kaizendren.com\/lv\/informacija\/atgriesanas-politika-2\/","og_site_name":"Kaizendren","article_publisher":"https:\/\/www.facebook.com\/kaizendren","article_modified_time":"2026-02-11T17:45:52+00:00","og_image":[{"width":700,"height":700,"url":"https:\/\/kaizendren.com\/wp-content\/uploads\/2023\/11\/insta-1.jpg","type":"image\/jpeg"}],"twitter_card":"summary_large_image","twitter_misc":{"Est. reading time":"3 min\u016btes"},"schema":{"@context":"https:\/\/schema.org","@graph":[{"@type":"WebPage","@id":"https:\/\/kaizendren.com\/information\/return-policy\/","url":"https:\/\/kaizendren.com\/information\/return-policy\/","name":"Atgrie\u0161anas noteikumi - Kaizendren","isPartOf":{"@id":"https:\/\/kaizendren.com\/#website"},"datePublished":"2023-11-22T14:18:07+00:00","dateModified":"2026-02-11T17:45:52+00:00","breadcrumb":{"@id":"https:\/\/kaizendren.com\/information\/return-policy\/#breadcrumb"},"inLanguage":"lv-LV","potentialAction":[{"@type":"ReadAction","target":["https:\/\/kaizendren.com\/information\/return-policy\/"]}]},{"@type":"BreadcrumbList","@id":"https:\/\/kaizendren.com\/information\/return-policy\/#breadcrumb","itemListElement":[{"@type":"ListItem","position":1,"name":"Home","item":"https:\/\/kaizendren.com\/"},{"@type":"ListItem","position":2,"name":"Information","item":"https:\/\/kaizendren.com\/information\/"},{"@type":"ListItem","position":3,"name":"Return policy"}]},{"@type":"WebSite","@id":"https:\/\/kaizendren.com\/#website","url":"https:\/\/kaizendren.com\/","name":"Kaizendren","description":"M\u016bsu uzman\u012bbas centr\u0101 ir j\u016bsu vesel\u012bba, relaks\u0101cija un atvese\u013co\u0161an\u0101s","publisher":{"@id":"https:\/\/kaizendren.com\/#organization"},"potentialAction":[{"@type":"SearchAction","target":{"@type":"EntryPoint","urlTemplate":"https:\/\/kaizendren.com\/?s={search_term_string}"},"query-input":{"@type":"PropertyValueSpecification","valueRequired":true,"valueName":"search_term_string"}}],"inLanguage":"lv-LV"},{"@type":"Organization","@id":"https:\/\/kaizendren.com\/#organization","name":"Kaizendren","url":"https:\/\/kaizendren.com\/","logo":{"@type":"ImageObject","inLanguage":"lv-LV","@id":"https:\/\/kaizendren.com\/#\/schema\/logo\/image\/","url":"https:\/\/kaizendren.com\/wp-content\/uploads\/2023\/11\/kaizendren-logo-head.png","contentUrl":"https:\/\/kaizendren.com\/wp-content\/uploads\/2023\/11\/kaizendren-logo-head.png","width":336,"height":70,"caption":"Kaizendren"},"image":{"@id":"https:\/\/kaizendren.com\/#\/schema\/logo\/image\/"},"sameAs":["https:\/\/www.facebook.com\/kaizendren","https:\/\/www.instagram.com\/kaizendren","https:\/\/www.tiktok.com\/@kaizendren"]}]}},"_links":{"self":[{"href":"https:\/\/kaizendren.com\/lv\/wp-json\/wp\/v2\/pages\/19","targetHints":{"allow":["GET"]}}],"collection":[{"href":"https:\/\/kaizendren.com\/lv\/wp-json\/wp\/v2\/pages"}],"about":[{"href":"https:\/\/kaizendren.com\/lv\/wp-json\/wp\/v2\/types\/page"}],"author":[{"embeddable":true,"href":"https:\/\/kaizendren.com\/lv\/wp-json\/wp\/v2\/users\/1"}],"replies":[{"embeddable":true,"href":"https:\/\/kaizendren.com\/lv\/wp-json\/wp\/v2\/comments?post=19"}],"version-history":[{"count":3,"href":"https:\/\/kaizendren.com\/lv\/wp-json\/wp\/v2\/pages\/19\/revisions"}],"predecessor-version":[{"id":334580,"href":"https:\/\/kaizendren.com\/lv\/wp-json\/wp\/v2\/pages\/19\/revisions\/334580"}],"up":[{"embeddable":true,"href":"https:\/\/kaizendren.com\/lv\/wp-json\/wp\/v2\/pages\/291031"}],"wp:attachment":[{"href":"https:\/\/kaizendren.com\/lv\/wp-json\/wp\/v2\/media?parent=19"}],"curies":[{"name":"wp","href":"https:\/\/api.w.org\/{rel}","templated":true}]}}