{"id":35073,"date":"2023-12-07T16:03:42","date_gmt":"2023-12-07T14:03:42","guid":{"rendered":"https:\/\/kaizendren.com\/?page_id=35073"},"modified":"2026-02-11T19:29:02","modified_gmt":"2026-02-11T17:29:02","slug":"pristatymo-informacija","status":"publish","type":"page","link":"https:\/\/kaizendren.com\/lt\/information\/delivery-information\/","title":{"rendered":"Pristatymo informacija"},"content":{"rendered":"<h4 class=\"wp-block-heading\">Informacija:<\/h4>\n\n\n\n<p>\u201eKaizendren\u201c klientams si\u016blome preki\u0173 pristatym\u0105 \u012f namus su DPD\/DHL kurjeriu atsiskaitymo metu. Pristatymo laikus kiekvienoje \u0161alyje\/regione galite pamatyti \u017eemiau.<\/p>\n\n\n\n<p>Tarptautinis greitasis siuntimas gali u\u017etrukti iki 2\u20135 darbo dien\u0173 nuo i\u0161siuntimo dienos arba ilgiau, priklausomai nuo j\u016bs\u0173 \u0161alyje kylan\u010di\u0173 problem\u0173 ar v\u0117lavim\u0173. Kartais pasaulin\u0117s tiekimo grandin\u0117s i\u0161\u0161\u016bkiai taip pat gali tur\u0117ti \u012ftakos siuntimo trukmei.<\/p>\n\n\n\n<h4 class=\"wp-block-heading\">Pristatymo laikas:<\/h4>\n\n\n\n<p>Atkreipkite d\u0117mes\u012f, kad pristatymo laikas gali skirtis. Dabartiniai pristatymo b\u016bdai ir numatomas pristatymo laikas yra tokie:<\/p>\n\n\n\n<p>Europos S\u0105jungos \u0161alys: <strong>2\u20135 darbo dienos<\/strong>.<br>Jungtin\u0117 Karalyst\u0117: <strong>2\u20133 darbo dienos<\/strong>.<br>U\u017e Europos rib\u0173 esanti S\u0105junga: <strong>5\u201314 darbo dien\u0173<\/strong>.<br>Lietuva: <strong>1\u20132 darbo dienos<\/strong>.<br>Latvija: <strong>2\u20133 darbo dienos<\/strong>.<br>Estija: <strong>2\u20133 darbo dienos<\/strong>.<br>Lenkija: <strong>2\u20133 darbo dienos<\/strong>.<br>Suomija: <strong>2\u20135 darbo dienos<\/strong>.<br>Austrija: <strong>2\u20134 darbo dienos<\/strong>.<br>Belgija: <strong>2\u20134 darbo dienos<\/strong>.<br>\u010cekijos Respublika: <strong>2\u20134 darbo dienos<\/strong>.<br>Danija: <strong>2\u20134 darbo dienos<\/strong>.<br>Liuksemburgas: <strong>2\u20134 darbo dienos<\/strong>.<br>Nyderlandai: <strong>2\u20134 darbo dienos<\/strong>.<br>Pranc\u016bzija: <strong>2\u20134 darbo dienos<\/strong>.<br>Slovakija: <strong>2\u20135 darbo dienos<\/strong>.<br>Vokietija: <strong>2\u20134 darbo dienos<\/strong>.<br>Italija: <strong>3\u20136 darbo dienos<\/strong>.<br>Kroatija: <strong>2\u20136 darbo dienos<\/strong>.<br>Slov\u0117nija: <strong>2\u20135 darbo dienos<\/strong>.<br>\u0160vedija: <strong>2\u20135 darbo dienos<\/strong>.<br>Vengrija: <strong>2\u20134 darbo dienos<\/strong>.<br>Airija: <strong>3\u20136 darbo dienos<\/strong>.<br>Bulgarija: <strong>3\u20136 darbo dienos<\/strong>.<br>Graikija: <strong>3\u20136 darbo dienos<\/strong>.<br>Ispanija: <strong>3\u20135 darbo dienos<\/strong>.<br>Portugalija: <strong>3\u20136 darbo dienos<\/strong>.<br>Rumunija: <strong>2\u20135 darbo dienos<\/strong>.<br>\u0160veicarija: <strong>5\u201312 darbo dien\u0173<\/strong>.<br>Norvegija: <strong>5\u201312 darbo dien\u0173<\/strong>.<br>Serbija: <strong>5\u201312 darbo dien\u0173<\/strong>.<br>Bosnija ir Hercegovina: <strong>5\u201312 darbo dien\u0173<\/strong>.<br>Juodkalnija: <strong>5\u201312 darbo dien\u0173<\/strong>.<br>Albanija: <strong>5\u201312 darbo dien\u0173<\/strong>.<br><br><\/p>\n\n\n\n<h4 class=\"wp-block-heading\">Pristatymo vietos:<\/h4>\n\n\n\n<p>Si\u016blome preki\u0173 pristatymo \u012f namus paslaugas \u012f \u0161ias \u0161alis: Did\u017ei\u0105j\u0105 Britanij\u0105 (Jungtin\u0119 Karalyst\u0119), Lietuv\u0105, Latvij\u0105, Estij\u0105, Lenkij\u0105, Suomij\u0105, Austrij\u0105, Belgij\u0105, \u010cekij\u0105, Danij\u0105, Liuksemburg\u0105, Nyderlandus, Pranc\u016bzij\u0105, Slovakij\u0105, Vokietij\u0105, Italij\u0105, Kroatij\u0105, Slov\u0117nij\u0105, \u0160vedij\u0105, Vengrij\u0105, Airij\u0105, Bulgarij\u0105, Graikij\u0105, Ispanij\u0105, Portugalij\u0105, Rumunij\u0105, \u0160veicarij\u0105, Norvegij\u0105, Serbij\u0105, Bosnij\u0105 ir Hercegovin\u0105, Juodkalnij\u0105, Albanij\u0105.<\/p>\n\n\n\n<h4 class=\"wp-block-heading\">Nepavyk\u0119s arba tr\u016bkstamas pristatymas:<\/h4>\n\n\n\n<p>Siunta bus gr\u0105\u017einta siunt\u0117jui (Kaizendren) kliento s\u0105skaita, jei d\u0117l kliento nebendradarbiavimo (neteisingas ar klaidingas siuntimo adresas, neatvyk\u0119s gav\u0117jas ir t. t.) siunta negal\u0117s b\u016bti pristatyta nurodytu pristatymo adresu.<\/p>\n\n\n\n<h4 class=\"wp-block-heading\">Prek\u0117s negautos, bet sekimas rodo, kad pristatytos:<\/h4>\n\n\n\n<p>Mes nekei\u010diame ir negr\u0105\u017einame pinig\u0173 u\u017e prekes, kurias pristatymo tarnyba pa\u017eym\u0117jo kaip pristatytas. D\u0117l \u0161ios prie\u017easties visada rekomenduojame pasirinkti saugi\u0105 viet\u0105 siuntoms pristatyti. Kai siunta pasieks j\u016bs\u0173 nurodyt\u0105 adres\u0105, pristatymo tarnyba pa\u017eym\u0117s j\u0105 kaip pristatyt\u0105. Rekomenduojame patikrinti savo pa\u0161to d\u0117\u017eut\u0119, paskambinti pristatymo tarnybai arba susisiekti su vietiniu pa\u0161to skyriumi, jei negavote savo u\u017esakymo, bet jis buvo pa\u017eym\u0117tas kaip pristatytas.<\/p>\n\n\n\n<h4 class=\"wp-block-heading\">Muitin\u0117s atmesti siuntiniai:<\/h4>\n\n\n\n<p>Mes negr\u0105\u017einame muit\u0173 ar importo mokes\u010di\u0173. Kiekvienas klientas turi sumok\u0117ti savo \u0161alies importo mokes\u010dius ir rinkliavas. Jei nesumok\u0117site muit\u0173 ir j\u016bs\u0173 u\u017esakymas bus i\u0161si\u0173stas mums atgal, mes gr\u0105\u017einsime jums pirkimo kain\u0105, at\u0117mus visus siuntimo \/ muito mokes\u010dius. Kad b\u016bt\u0173 galima gr\u0105\u017einti pinigus, prek\u0117 turi b\u016bti nepa\u017eeista ir tinkama perparduoti. Tiksli suma bus atsi\u0173sta jums el. pa\u0161tu, kai gausime j\u016bs\u0173 gr\u0105\u017eint\u0105 sum\u0105.<\/p>\n\n\n\n<p>Atkreipkite d\u0117mes\u012f: siuntimo i\u0161laidas apmokame du kartus, kai siunta mums gr\u0105\u017einama. Vien\u0105 kart\u0105, kai j\u0105 i\u0161siun\u010diame jums, ir vien\u0105 kart\u0105, kai j\u0105 gr\u0105\u017einame. Abi \u0161ios siuntimo i\u0161laidos bus i\u0161skai\u010diuotos i\u0161 gr\u0105\u017einamos sumos.<\/p>","protected":false},"excerpt":{"rendered":"<p>Informacija: \u201eKaizendren\u201c klientams si\u016blome preki\u0173 pristatym\u0105 \u012f namus su DPD\/DHL kurjeriu atsiskaitymo metu. Pristatymo informacij\u0105 galite matyti<\/p>","protected":false},"author":1,"featured_media":0,"parent":291031,"menu_order":0,"comment_status":"closed","ping_status":"closed","template":"","meta":{"footnotes":""},"class_list":["post-35073","page","type-page","status-publish","hentry"],"yoast_head":"<!-- This site is optimized with the Yoast SEO plugin v27.4 - https:\/\/yoast.com\/product\/yoast-seo-wordpress\/ -->\n<title>Delivery information - Kaizendren<\/title>\n<meta name=\"robots\" content=\"index, follow, max-snippet:-1, max-image-preview:large, max-video-preview:-1\" \/>\n<link rel=\"canonical\" href=\"https:\/\/kaizendren.com\/lt\/informacija\/pristatymo-informacija\/\" \/>\n<meta property=\"og:locale\" content=\"lt_LT\" \/>\n<meta property=\"og:type\" content=\"article\" \/>\n<meta property=\"og:title\" content=\"Delivery information - Kaizendren\" \/>\n<meta property=\"og:description\" content=\"Information: At Kaizendren, we offer our customers home delivery options with DPD\/DHL courrier at checkout. You can see the delivery\" \/>\n<meta property=\"og:url\" content=\"https:\/\/kaizendren.com\/lt\/informacija\/pristatymo-informacija\/\" \/>\n<meta property=\"og:site_name\" content=\"Kaizendren\" \/>\n<meta property=\"article:publisher\" content=\"https:\/\/www.facebook.com\/kaizendren\" \/>\n<meta property=\"article:modified_time\" content=\"2026-02-11T17:29:02+00:00\" \/>\n<meta property=\"og:image\" content=\"https:\/\/kaizendren.com\/wp-content\/uploads\/2023\/11\/insta-1.jpg\" \/>\n\t<meta property=\"og:image:width\" content=\"700\" \/>\n\t<meta property=\"og:image:height\" content=\"700\" \/>\n\t<meta property=\"og:image:type\" content=\"image\/jpeg\" \/>\n<meta name=\"twitter:card\" content=\"summary_large_image\" \/>\n<meta name=\"twitter:label1\" content=\"Est. reading time\" \/>\n\t<meta name=\"twitter:data1\" content=\"3 minut\u0117s\" \/>\n<script type=\"application\/ld+json\" class=\"yoast-schema-graph\">{\"@context\":\"https:\\\/\\\/schema.org\",\"@graph\":[{\"@type\":\"WebPage\",\"@id\":\"https:\\\/\\\/kaizendren.com\\\/information\\\/delivery-information\\\/\",\"url\":\"https:\\\/\\\/kaizendren.com\\\/information\\\/delivery-information\\\/\",\"name\":\"Delivery information - Kaizendren\",\"isPartOf\":{\"@id\":\"https:\\\/\\\/kaizendren.com\\\/#website\"},\"datePublished\":\"2023-12-07T14:03:42+00:00\",\"dateModified\":\"2026-02-11T17:29:02+00:00\",\"breadcrumb\":{\"@id\":\"https:\\\/\\\/kaizendren.com\\\/information\\\/delivery-information\\\/#breadcrumb\"},\"inLanguage\":\"lt-LT\",\"potentialAction\":[{\"@type\":\"ReadAction\",\"target\":[\"https:\\\/\\\/kaizendren.com\\\/information\\\/delivery-information\\\/\"]}]},{\"@type\":\"BreadcrumbList\",\"@id\":\"https:\\\/\\\/kaizendren.com\\\/information\\\/delivery-information\\\/#breadcrumb\",\"itemListElement\":[{\"@type\":\"ListItem\",\"position\":1,\"name\":\"Home\",\"item\":\"https:\\\/\\\/kaizendren.com\\\/\"},{\"@type\":\"ListItem\",\"position\":2,\"name\":\"Information\",\"item\":\"https:\\\/\\\/kaizendren.com\\\/information\\\/\"},{\"@type\":\"ListItem\",\"position\":3,\"name\":\"Delivery information\"}]},{\"@type\":\"WebSite\",\"@id\":\"https:\\\/\\\/kaizendren.com\\\/#website\",\"url\":\"https:\\\/\\\/kaizendren.com\\\/\",\"name\":\"Kaizendren\",\"description\":\"Our Focus Is Your Health, Relaxation And Recovery\",\"publisher\":{\"@id\":\"https:\\\/\\\/kaizendren.com\\\/#organization\"},\"potentialAction\":[{\"@type\":\"SearchAction\",\"target\":{\"@type\":\"EntryPoint\",\"urlTemplate\":\"https:\\\/\\\/kaizendren.com\\\/?s={search_term_string}\"},\"query-input\":{\"@type\":\"PropertyValueSpecification\",\"valueRequired\":true,\"valueName\":\"search_term_string\"}}],\"inLanguage\":\"lt-LT\"},{\"@type\":\"Organization\",\"@id\":\"https:\\\/\\\/kaizendren.com\\\/#organization\",\"name\":\"Kaizendren\",\"url\":\"https:\\\/\\\/kaizendren.com\\\/\",\"logo\":{\"@type\":\"ImageObject\",\"inLanguage\":\"lt-LT\",\"@id\":\"https:\\\/\\\/kaizendren.com\\\/#\\\/schema\\\/logo\\\/image\\\/\",\"url\":\"https:\\\/\\\/kaizendren.com\\\/wp-content\\\/uploads\\\/2023\\\/11\\\/kaizendren-logo-head.png\",\"contentUrl\":\"https:\\\/\\\/kaizendren.com\\\/wp-content\\\/uploads\\\/2023\\\/11\\\/kaizendren-logo-head.png\",\"width\":336,\"height\":70,\"caption\":\"Kaizendren\"},\"image\":{\"@id\":\"https:\\\/\\\/kaizendren.com\\\/#\\\/schema\\\/logo\\\/image\\\/\"},\"sameAs\":[\"https:\\\/\\\/www.facebook.com\\\/kaizendren\",\"https:\\\/\\\/www.instagram.com\\\/kaizendren\",\"https:\\\/\\\/www.tiktok.com\\\/@kaizendren\"]}]}<\/script>\n<!-- \/ Yoast SEO plugin. -->","yoast_head_json":{"title":"Pristatymo informacija \u2013 Kaizendren","robots":{"index":"index","follow":"follow","max-snippet":"max-snippet:-1","max-image-preview":"max-image-preview:large","max-video-preview":"max-video-preview:-1"},"canonical":"https:\/\/kaizendren.com\/lt\/informacija\/pristatymo-informacija\/","og_locale":"lt_LT","og_type":"article","og_title":"Delivery information - Kaizendren","og_description":"Information: At Kaizendren, we offer our customers home delivery options with DPD\/DHL courrier at checkout. You can see the delivery","og_url":"https:\/\/kaizendren.com\/lt\/informacija\/pristatymo-informacija\/","og_site_name":"Kaizendren","article_publisher":"https:\/\/www.facebook.com\/kaizendren","article_modified_time":"2026-02-11T17:29:02+00:00","og_image":[{"width":700,"height":700,"url":"https:\/\/kaizendren.com\/wp-content\/uploads\/2023\/11\/insta-1.jpg","type":"image\/jpeg"}],"twitter_card":"summary_large_image","twitter_misc":{"Est. reading time":"3 minut\u0117s"},"schema":{"@context":"https:\/\/schema.org","@graph":[{"@type":"WebPage","@id":"https:\/\/kaizendren.com\/information\/delivery-information\/","url":"https:\/\/kaizendren.com\/information\/delivery-information\/","name":"Pristatymo informacija \u2013 Kaizendren","isPartOf":{"@id":"https:\/\/kaizendren.com\/#website"},"datePublished":"2023-12-07T14:03:42+00:00","dateModified":"2026-02-11T17:29:02+00:00","breadcrumb":{"@id":"https:\/\/kaizendren.com\/information\/delivery-information\/#breadcrumb"},"inLanguage":"lt-LT","potentialAction":[{"@type":"ReadAction","target":["https:\/\/kaizendren.com\/information\/delivery-information\/"]}]},{"@type":"BreadcrumbList","@id":"https:\/\/kaizendren.com\/information\/delivery-information\/#breadcrumb","itemListElement":[{"@type":"ListItem","position":1,"name":"Home","item":"https:\/\/kaizendren.com\/"},{"@type":"ListItem","position":2,"name":"Information","item":"https:\/\/kaizendren.com\/information\/"},{"@type":"ListItem","position":3,"name":"Delivery information"}]},{"@type":"WebSite","@id":"https:\/\/kaizendren.com\/#website","url":"https:\/\/kaizendren.com\/","name":"Kaizendren","description":"M\u016bs\u0173 d\u0117mesio centre - j\u016bs\u0173 sveikata, atsipalaidavimas ir atsigavimas","publisher":{"@id":"https:\/\/kaizendren.com\/#organization"},"potentialAction":[{"@type":"SearchAction","target":{"@type":"EntryPoint","urlTemplate":"https:\/\/kaizendren.com\/?s={search_term_string}"},"query-input":{"@type":"PropertyValueSpecification","valueRequired":true,"valueName":"search_term_string"}}],"inLanguage":"lt-LT"},{"@type":"Organization","@id":"https:\/\/kaizendren.com\/#organization","name":"Kaizendren","url":"https:\/\/kaizendren.com\/","logo":{"@type":"ImageObject","inLanguage":"lt-LT","@id":"https:\/\/kaizendren.com\/#\/schema\/logo\/image\/","url":"https:\/\/kaizendren.com\/wp-content\/uploads\/2023\/11\/kaizendren-logo-head.png","contentUrl":"https:\/\/kaizendren.com\/wp-content\/uploads\/2023\/11\/kaizendren-logo-head.png","width":336,"height":70,"caption":"Kaizendren"},"image":{"@id":"https:\/\/kaizendren.com\/#\/schema\/logo\/image\/"},"sameAs":["https:\/\/www.facebook.com\/kaizendren","https:\/\/www.instagram.com\/kaizendren","https:\/\/www.tiktok.com\/@kaizendren"]}]}},"_links":{"self":[{"href":"https:\/\/kaizendren.com\/lt\/wp-json\/wp\/v2\/pages\/35073","targetHints":{"allow":["GET"]}}],"collection":[{"href":"https:\/\/kaizendren.com\/lt\/wp-json\/wp\/v2\/pages"}],"about":[{"href":"https:\/\/kaizendren.com\/lt\/wp-json\/wp\/v2\/types\/page"}],"author":[{"embeddable":true,"href":"https:\/\/kaizendren.com\/lt\/wp-json\/wp\/v2\/users\/1"}],"replies":[{"embeddable":true,"href":"https:\/\/kaizendren.com\/lt\/wp-json\/wp\/v2\/comments?post=35073"}],"version-history":[{"count":2,"href":"https:\/\/kaizendren.com\/lt\/wp-json\/wp\/v2\/pages\/35073\/revisions"}],"predecessor-version":[{"id":334564,"href":"https:\/\/kaizendren.com\/lt\/wp-json\/wp\/v2\/pages\/35073\/revisions\/334564"}],"up":[{"embeddable":true,"href":"https:\/\/kaizendren.com\/lt\/wp-json\/wp\/v2\/pages\/291031"}],"wp:attachment":[{"href":"https:\/\/kaizendren.com\/lt\/wp-json\/wp\/v2\/media?parent=35073"}],"curies":[{"name":"wp","href":"https:\/\/api.w.org\/{rel}","templated":true}]}}