{"id":3,"date":"2023-10-25T11:27:08","date_gmt":"2023-10-25T11:27:08","guid":{"rendered":"https:\/\/kaizendren.com\/?page_id=3"},"modified":"2026-02-11T19:52:32","modified_gmt":"2026-02-11T17:52:32","slug":"privatumo-politika","status":"publish","type":"page","link":"https:\/\/kaizendren.com\/lt\/information\/privacy-policy\/","title":{"rendered":"Privatumo politika"},"content":{"rendered":"<h4 class=\"wp-block-heading\">Informacijos prieinamumas (teis\u0117s akt\u0173 santrauka)<\/h4>\n\n\n\n<p>Paslaug\u0173 teik\u0117jas \u012fsipareigoja visada pateikti klientui \u0161i\u0105 informacij\u0105:<br>a) \u012fmon\u0117s tapatyb\u0117 (\u012fmon\u0117s pavadinimas ir registruota buvein\u0117, registracijos numeris),<br>b) kontaktin\u0117 informacija, leid\u017eianti vartotojui greitai ir efektyviai bendrauti (el. pa\u0161tas, telefonas),<br>c) esmin\u0117s preki\u0173 ar paslaug\u0173 savyb\u0117s (\u012fskaitant garantin\u012f aptarnavim\u0105 ir garantijas),<br>d) produkto prieinamumas (kiekvienas svetain\u0117je si\u016blomas produktas ar paslauga tur\u0117t\u0173 b\u016bti prieinama per pagr\u012fst\u0105 laik\u0105),<br>e) prek\u0117s pristatymo ar paslaugos teikimo s\u0105lygos (pristatymo b\u016bdas, vieta ir terminas),<br>f) visos kainos turi b\u016bti ai\u0161kiai ir nedviprasmi\u0161kai nurodytos, taip pat turi b\u016bti ai\u0161kiai parodyta, ar \u012f jas jau \u012fskai\u010diuoti mokes\u010diai ir transportavimo i\u0161laidos,<br>g) mok\u0117jimo ir pristatymo b\u016bdas,<br>h) pasi\u016blymo galiojimo laikas,<br>i) laikotarp\u012f, per kur\u012f vis dar galima atsisakyti sutarties, ir atsisakymo s\u0105lygas; be to, taip pat informacij\u0105 apie tai, ar klientui kainuos gr\u0105\u017einti prek\u0119 ir kiek tai kainuos,<br>j) skundo nagrin\u0117jimo proced\u016bros paai\u0161kinimas, \u012fskaitant vis\u0105 informacij\u0105 apie kontaktin\u012f asmen\u012f arba klient\u0173 aptarnavimo skyri\u0173.<br>Patvirtindamas u\u017esakym\u0105, kiekvienas pirk\u0117jas sutinka su verslo ir naudojimo s\u0105lygomis.<\/p>\n\n\n\n<h4 class=\"wp-block-heading\">Kontaktas<\/h4>\n\n\n\n<p>Jei jums reikia informacijos ar pagalbos d\u0117l internetini\u0173 pasi\u016blym\u0173, u\u017esakym\u0173 pateikimo, pristatymo internetu, svetain\u0117s naudojimo ar preki\u0173 gr\u0105\u017einimo, galite susisiekti su mumis el. pa\u0161tu: info@kaizendren.com arba telefonu +370 000 0000<\/p>\n\n\n\n<h4 class=\"wp-block-heading\">Sutartis \u2013 u\u017esakymas<\/h4>\n\n\n\n<p>Pirkimo-pardavimo sutartis tarp tiek\u0117jo ir pirk\u0117jo laikoma sudaryta tuo metu, kai tiek\u0117jas patvirtina u\u017esakym\u0105 ir pirk\u0117jas gauna el. lai\u0161k\u0105. Nuo \u0161io momento visos kainos ir kitos s\u0105lygos yra fiksuotos ir taikomos tiek tiek\u0117jui, tiek pirk\u0117jui. Patvirtindamas pirkim\u0105, pirk\u0117jas sutinka su bendrosiomis s\u0105lygomis. Tiek\u0117jo ir vartotojo sudaryta sutartis yra nuolat saugoma \u201eKaizendren MB\u201c b\u016bstin\u0117je arba tinkamai apsaugotame tiek\u0117jo nuotoliniame serveryje. Vartotojas gali gauti kopij\u0105, papra\u0161\u0119s el. pa\u0161to adresu: info@kaizendren.com. Pirk\u0117jas gauna sutarties (u\u017esakymo) kopij\u0105 savo el. pa\u0161to adresu, pateik\u0119s u\u017esakym\u0105.<\/p>\n\n\n\n<h4 class=\"wp-block-heading\">Produkt\u0173 kainos<\/h4>\n\n\n\n<p>Preki\u0173 kainos nurodytos eurais ir galioja u\u017esakymo dien\u0105. Kainos nurodytos su PVM, nes PVM mok\u0117tojas yra tiek\u0117jas. Pasiliekame teis\u0119 keisti kainas be i\u0161ankstinio \u012fsp\u0117jimo. Klientui patvirtinus u\u017esakym\u0105 internetin\u0117je parduotuv\u0117je, taikomos u\u017esakymo metu paskelbtos kainos. Kainos internetin\u0117je parduotuv\u0117je yra atitinkamai pa\u017eym\u0117tos ir taikomos visiems klientams. Pristatymo i\u0161laidos \u012f prek\u0117s kain\u0105 ne\u012fskai\u010diuotos.<\/p>\n\n\n\n<h4 class=\"wp-block-heading\">Reklamos kodai<\/h4>\n\n\n\n<p>Bendradarbiavimo s\u0105lygos:<\/p>\n\n\n\n<ol class=\"wp-block-list\">\n<li>Reklamos kodas negalioja m\u0117nesio prekei.<\/li>\n\n\n\n<li>M\u0117nesio produkt\u0105 nustato svetain\u0117 ir jis gali keistis kiekvien\u0105 m\u0117nes\u012f.<\/li>\n\n\n\n<li>Reklamos kod\u0105 galima naudoti perkant visus kitus produktus svetain\u0117je.<\/li>\n\n\n\n<li>Reklamos kodas galioja vien\u0105 kart\u0105 perkant vien\u0105 prek\u0119.<\/li>\n\n\n\n<li>Reklamos kodo negalima derinti su kitomis nuolaidomis ar akcijomis.<\/li>\n\n\n\n<li>Svetain\u0117 pasilieka teis\u0119 be i\u0161ankstinio \u012fsp\u0117jimo keisti arba at\u0161aukti reklamos kod\u0105.<\/li>\n\n\n\n<li>Reklamos kodas neturi pinigin\u0117s vert\u0117s ir negali b\u016bti i\u0161keistas \u012f grynuosius pinigus<\/li>\n<\/ol>\n\n\n\n<h4 class=\"wp-block-heading\">Mok\u0117jimas<\/h4>\n\n\n\n<p>Internetin\u0117je parduotuv\u0117je u\u017e prekes galite atsiskaityti grynaisiais pristatymo metu arba banko pavedimu TRR. Kartu su prek\u0117mis pirk\u0117jas gauna s\u0105skait\u0105 fakt\u016br\u0105 su i\u0161vardintomis kainomis. Mok\u0117ti galima tik viena suma.<br><br>\u2013 Pasirinkus atsiskaitymo grynaisiais pinigais pristatymo metu, pirk\u0117jas sumoka grynaisiais pinigais, kai pa\u0161tas pristato siunt\u0105. Atsiskaitymas grynaisiais pinigais pristatymo metu galimas tik tuo atveju, kai s\u0105skaitos fakt\u016bros adresas sutampa su pristatymo adresu.<br>\u2013 Jei mokama i\u0161ankstine s\u0105skaita fakt\u016bra, pirk\u0117jas gaus i\u0161ankstin\u0119 s\u0105skait\u0105 fakt\u016br\u0105 savo el. pa\u0161to adresu per tris dienas pagal sudaryt\u0105 u\u017esakym\u0105. Gav\u0119s pavedim\u0105, tiek\u0117jas i\u0161siun\u010dia u\u017esakytas prekes klientui pa\u0161tu.<\/p>\n\n\n\n<p>Apmok\u0117ti u\u017e u\u017esakytas prekes i\u0161 \u0161ali\u0173, esan\u010di\u0173 u\u017e Slov\u0117nijos rib\u0173, galima tik tiesioginiu banko pavedimu (i\u0161ankstine s\u0105skaita fakt\u016bra).<\/p>\n\n\n\n<h4 class=\"wp-block-heading\">S\u0105skaita<\/h4>\n\n\n\n<p>S\u0105skaita fakt\u016bra i\u0161ra\u0161oma prista\u010dius prekes ir bus prid\u0117ta prie j\u0173.<\/p>\n\n\n\n<h4 class=\"wp-block-heading\">Pristatymas<\/h4>\n\n\n\n<p>Tiek\u0117jas i\u0161siun\u010dia u\u017esakytas prekes per dvi darbo dienas nuo u\u017esakymo gavimo (jei mokama grynaisiais pristatymo metu) arba per dvi darbo dienas nuo apmok\u0117jimo gavimo (jei pervedama TRR). Pristatymo laikas priklauso nuo pristatymo paslaugos ir gali b\u016bti nuo vienos iki penki\u0173 darbo dien\u0173 nuo pristatymo dienos. Siunt\u0173 pristatymo sutarties partneris yra DPD\/DHL. Perkant prekes, siuntimo i\u0161laidas apmoka pirk\u0117jas ir jos siekia 9,99 \u20ac.<\/p>\n\n\n\n<h4 class=\"wp-block-heading\">Teis\u0117 atsisakyti pirkimo, gr\u0105\u017einti prekes, atgauti sumok\u0117tus pinigus<\/h4>\n\n\n\n<p>Prie\u0161 klientui pateikiant u\u017esakym\u0105, jam atidaroma u\u017esakymo per\u017ei\u016bra, pagal kuri\u0105 jis gali patikrinti u\u017epildyt\u0105 informacij\u0105 u\u017esakymo pateikimo tikslais. Neteisingo \u012fvedimo atveju pirk\u0117jas gali i\u0161taisyti klaidas krep\u0161elyje. Jei svetain\u0117 nenori pateikti u\u017esakymo, ji gali u\u017edaryti arba palikti u\u017esakymo pateikim\u0105 ir taip nutraukti u\u017esakymo pateikim\u0105 bei patvirtinim\u0105.<\/p>\n\n\n\n<p>Teis\u0117 atsisakyti pirkimo, gr\u0105\u017einti prekes, atgauti sumok\u0117tus pinigus<\/p>\n\n\n\n<p>Pirk\u0117jas turi teis\u0119 atsisakyti sutarties ar u\u017esakymo per 14 dien\u0173 nuo preki\u0173 gavimo tiek\u0117jui el. pa\u0161to adresu: info@kaizendren.com, nenurodydamas savo sprendimo prie\u017easties.<\/p>\n\n\n\n<p>Jei pirk\u0117jas jau gavo prekes ir atsisako sutarties, jis privalo per 14 dien\u0173 nuo prane\u0161imo apie sutarties atsisakym\u0105 i\u0161siuntimo dienos i\u0161si\u0173sti tiek\u0117jui \/ \u012fmonei nepa\u017eeistas prekes tokiu pa\u010diu kiekiu. Vienintel\u0117s i\u0161laidos, susijusios su sutarties atsisakymu, kurias pirk\u0117jas turi padengti, yra preki\u0173 gr\u0105\u017einimo i\u0161laidos.<\/p>\n\n\n\n<p>Straipsnio sutarties atsisakymo form\u0105 vartotojas gali rasti \u010dia.<\/p>\n\n\n\n<p>Pirk\u0117jas privalo gr\u0105\u017einti gautas prekes nepa\u017eeistas ir nepakeistas, nebent prek\u0117s buvo sugadintos ne d\u0117l pirk\u0117jo kalt\u0117s.<\/p>\n\n\n\n<p>Pirk\u0117jui sumok\u0117tas sumas gr\u0105\u017einsime kuo grei\u010diau, bet ne v\u0117liau kaip per 14 dien\u0173 nuo prane\u0161imo apie sutarties atsisakym\u0105 gavimo dienos. \u012emon\u0117 gr\u0105\u017eina pirk\u0117jui gautas sumas tuo pa\u010diu mok\u0117jimo b\u016bdu, kur\u012f naudojo pirk\u0117jas (da\u017eniausiai tai daroma mokant \u012f banko s\u0105skait\u0105), nebent vartotojas ai\u0161kiai papra\u0161\u0117 naudoti kit\u0105 mok\u0117jimo b\u016bd\u0105 ir pirk\u0117jas d\u0117l to nepatiria joki\u0173 i\u0161laid\u0173.<\/p>\n\n\n\n<p>Pagal Vartotoj\u0173 teisi\u0173 apsaugos \u012fstatymo 43 straipsnio 5 dal\u012f pirk\u0117jas neturi teis\u0117s atsisakyti sutarties (pirkimo), jei tai yra prek\u0117, pagaminta pagal tikslius pirk\u0117jo nurodymus ir pritaikyta jo asmeniniams poreikiams.<\/p>\n\n\n\n<h4 class=\"wp-block-heading\">Skundai<\/h4>\n\n\n\n<p>Tiek\u0117jas deda visas pastangas, kad u\u017etikrint\u0173 geriausi\u0105 prek\u0117s kokyb\u0119. Jei vis d\u0117lto nutinka taip, kad pirk\u0117jo gauta prek\u0117 turi defekt\u0105, jis apie tai el. pa\u0161tu informuoja tiek\u0117j\u0105, kuris informuoja pirk\u0117j\u0105 apie skundo sprendimo proces\u0105. Tiek\u0117jas pasilieka teis\u0119 atmesti skund\u0105 tuo atveju, jei prek\u0117 netinkama naudoti arba sugadinimas atsirado d\u0117l netinkamo pirk\u0117jo elgesio.<\/p>\n\n\n\n<h4 class=\"wp-block-heading\">Faktin\u0117 klaida<\/h4>\n\n\n\n<p>Vartotojas gali ginti savo teises d\u0117l esminio defekto, jei jis informuoja pardav\u0117j\u0105 apie defekt\u0105 per du m\u0117nesius nuo defekto aptikimo dienos. Vartotojas privalo tiksliai apra\u0161yti defekt\u0105 prane\u0161ime apie defekt\u0105 ir leisti pardav\u0117jui ap\u017ei\u016br\u0117ti prek\u0119.<\/p>\n\n\n\n<p>Pardav\u0117jas neatsako u\u017e esminius preki\u0173 defektus, kurie paai\u0161k\u0117ja pra\u0117jus dvejiems metams nuo prek\u0117s pristatymo. Prek\u0117s defektas laikomas egzistavusiu pristatymo metu, jei jis atsiranda per \u0161e\u0161is m\u0117nesius nuo pristatymo.<\/p>\n\n\n\n<p>Vartotojas, tinkamai informav\u0119s pardav\u0117j\u0105 apie klaid\u0105, turi teis\u0119 reikalauti i\u0161 pardav\u0117jo, kad:<\/p>\n\n\n\n<p>i\u0161taisyti prek\u0117s tr\u016bkum\u0105 arba gr\u0105\u017einti sumok\u0117tos sumos dal\u012f, proporcing\u0105 tr\u016bkumui, arba<\/p>\n\n\n\n<p>pakei\u010dia brokuotas prekes naujomis, nepriekai\u0161tingomis arba<\/p>\n\n\n\n<p>gr\u0105\u017eina sumok\u0117t\u0105 sum\u0105.<\/p>\n\n\n\n<h4 class=\"wp-block-heading\">Bendravimas<\/h4>\n\n\n\n<p>Paslaug\u0173 teik\u0117jas susisieks su vartotoju nuotolinio ry\u0161io priemon\u0117mis, jei vartotojas tam ai\u0161kiai neprie\u0161taraus. Reklaminiuose el. lai\u0161kuose bus \u0161ie komponentai:<br>\u2013 Siunt\u0117jas bus ai\u0161kiai matomas.<br>\u2013 Jie bus ai\u0161kiai ir nedviprasmi\u0161kai pa\u017eym\u0117ti kaip reklaminiai prane\u0161imai.<br>\u2013 \u012evairios kampanijos, akcijos ir kitos rinkodaros priemon\u0117s bus atitinkamai pa\u017eym\u0117tos. Taip pat bus ai\u0161kiai apibr\u0117\u017etos dalyvavimo jose s\u0105lygos.<br>\u2013 Bus ai\u0161kiai nurodyta, kaip atsisakyti reklamini\u0173 prane\u0161im\u0173 prenumeratos.<br>\u2013 Paslaug\u0173 teik\u0117jas ai\u0161kiai gerbs naudotojo pageidavim\u0105 negauti reklamini\u0173 prane\u0161im\u0173.<br>\u2013 Pardavimui telefonu taikomos tos pa\u010dios s\u0105lygos kaip ir m\u016bs\u0173 el. parduotuv\u0117je. Taip pat u\u017etikrinamas greitas ir saugus pirkimas.<\/p>\n\n\n\n<h4 class=\"wp-block-heading\">Asmens duomen\u0173 apsauga<\/h4>\n\n\n\n<p>Pirk\u0117jo pateikta informacija yra grie\u017etai konfidenciali ir tvarkoma pagal Asmens duomen\u0173 apsaugos \u012fstatym\u0105 (RS oficialusis leidinys Nr. 59\/1999, 57\/2001, 59\/2001 \u2013 per\u017ei\u016br\u0117ta) ir Vartotoj\u0173 teisi\u0173 apsaugos \u012fstatym\u0105 \u2013 ZVPot-UPB1 (oficialus konsoliduotas tekstas \u2013 RS oficialusis leidinys, Nr. 14\/03). Tiek\u0117jas \u012fsipareigoja nuolat saugoti visus vartotojo asmens duomenis. Tiek\u0117jas asmens duomenis naudos tik u\u017esakymo \u012fvykdymo (informacin\u0117s med\u017eiagos, pasi\u016blym\u0173, s\u0105skait\u0173 fakt\u016br\u0173 siuntimo) ir kitokios komunikacijos tikslais. Jokiomis aplinkyb\u0117mis vartotojo duomenys nebus perduoti ne\u012fgaliotiems asmenims. Vartotojas taip pat yra atsakingas u\u017e asmens duomen\u0173 apsaug\u0105, u\u017etikrindamas savo vartotojo vardo ir slapta\u017eod\u017eio saugum\u0105 ir apsaug\u0105.<\/p>\n\n\n\n<h4 class=\"wp-block-heading\">Skundai ir gin\u010dai<\/h4>\n\n\n\n<p>Vartotoj\u0173 gin\u010d\u0173 sprendimas ne teismo tvarka<\/p>\n\n\n\n<p>Vadovaudamasi teis\u0117s normomis, \u201eKaizendren MB.\u201c nepripa\u017e\u012fsta jokio vartotoj\u0173 gin\u010d\u0173 neteisminio sprendimo teik\u0117jo kompetentingu spr\u0119sti vartotoj\u0173 gin\u010d\u0105, kur\u012f vartotojas gal\u0117t\u0173 inicijuoti pagal Vartotoj\u0173 gin\u010d\u0173 neteisminio sprendimo \u012fstatym\u0105.<\/p>\n\n\n\n<p>\u201eKaizendren MB\u201c, kuri, kaip preki\u0173 ir paslaug\u0173 teik\u0117ja, palengvina internetin\u0119 prekyb\u0105 Slov\u0117nijos Respublikos teritorijoje, savo interneto svetain\u0117je skelbia elektronin\u0119 nuorod\u0105 \u012f vartotoj\u0173 gin\u010d\u0173 sprendimo internetu platform\u0105 (SRPS). Platforma vartotojams prieinama \u010dia.<\/p>\n\n\n\n<figure class=\"wp-block-embed\"><div class=\"wp-block-embed__wrapper\">\nhttps:\/\/ec.europa.eu\/consumers\/odr\/main\/index.cfm?event=main.home.chooseLanguage\n<\/div><\/figure>\n\n\n\n<p>Min\u0117tas reglamentas yra paimtas i\u0161 Vartotoj\u0173 gin\u010d\u0173 sprendimo ne teisme \u012fstatymo, Europos Parlamento ir Tarybos reglamento (ES) Nr. 524\/2013 d\u0117l elektroninio vartotoj\u0173 gin\u010d\u0173 sprendimo ir i\u0161 dalies kei\u010dian\u010dio Reglament\u0105 (EB) Nr. 2016\/2004 bei Direktyv\u0105 2009\/22\/EB.<\/p>\n\n\n\n<p>Jei turite skund\u0105 ar nusiskundim\u0173, susisiekite su mumis el. pa\u0161tu info@kaizendren.com arba telefonu +370 000 0000<\/p>\n\n\n\n<h4 class=\"wp-block-heading\">Elgesio kodeksas<\/h4>\n\n\n\n<p>Paslaug\u0173 teik\u0117jas nustat\u0117 auk\u0161tus vidinius u\u017esakym\u0173, gr\u0105\u017einim\u0173 ir klient\u0173 skund\u0173 tvarkymo standartus ir stengiasi kuo geriau laikytis galiojan\u010di\u0173 vartotoj\u0173 reikalavim\u0173 bei teisini\u0173 reglament\u0173. Pagal Elektronin\u0117s prekybos rinkoje \u012fstatymo (ZEPT) 7 straipsnio 6 \u012ftrauk\u0105, jis parei\u0161kia, kad n\u0117ra pasira\u0161\u0119s internetini\u0173 prekybinink\u0173 elgesio kodekso.<\/p>\n\n\n\n<h4 class=\"wp-block-heading\">Autori\u0173 teisi\u0173 apsauga<\/h4>\n\n\n\n<p>Visas svetain\u0117s kaizendren.com ir jos subpuslapi\u0173 turinys, \u012fskaitant vaizd\u0173 ir vaizdo \u012fra\u0161\u0173 med\u017eiag\u0105, yra saugomas Autori\u0173 teisi\u0173 \u012fstatymo ir yra teik\u0117jo nuosavyb\u0117. Teik\u0117jas leid\u017eia naudoti vaizd\u0173 ir vaizdo \u012fra\u0161\u0173 med\u017eiag\u0105 asmeniniam naudojimui socialiniuose tinkluose, tinklara\u0161\u010diuose ir nuotrauk\u0173 galerijose, nurodant \u0161altin\u012f.<\/p>\n\n\n\n<h4 class=\"wp-block-heading\">Paai\u0161kinimas<\/h4>\n\n\n\n<p>Visa informacija gali b\u016bti kei\u010diama be i\u0161ankstinio \u012fsp\u0117jimo, o paslaug\u0173 teik\u0117jas taip pat gali keisti \u0161ias s\u0105lygas be i\u0161ankstinio \u012fsp\u0117jimo. Jei jums reikia papildom\u0173 paai\u0161kinim\u0173 d\u0117l bendr\u0173j\u0173 bendradarbiavimo s\u0105lyg\u0173, galite susisiekti su mumis.<\/p>\n\n\n\n<h4 class=\"wp-block-heading\">Informacija apie versl\u0105:<\/h4>\n\n\n\n<p>MB KAIZENDREN<br>Telefonas: +370 683 16126<br>El. pa\u0161tas:\u00a0<a href=\"mailto:info@kaizendren.com\">info@kaizendren.com<\/a><br>Registracijos numeris: 306556918<\/p>","protected":false},"excerpt":{"rendered":"<p>Informacijos prieinamumas (teis\u0117s akt\u0173 santrauka). Paslaug\u0173 teik\u0117jas \u012fsipareigoja visada pateikti klientui \u0161i\u0105 informacij\u0105: a) \u012fmon\u0117s tapatyb\u0119<\/p>","protected":false},"author":1,"featured_media":0,"parent":291031,"menu_order":0,"comment_status":"closed","ping_status":"open","template":"","meta":{"footnotes":""},"class_list":["post-3","page","type-page","status-publish","hentry"],"yoast_head":"<!-- This site is optimized with the Yoast SEO plugin v27.4 - https:\/\/yoast.com\/product\/yoast-seo-wordpress\/ -->\n<title>Privacy policy - Kaizendren<\/title>\n<meta name=\"robots\" content=\"index, follow, max-snippet:-1, max-image-preview:large, max-video-preview:-1\" \/>\n<link rel=\"canonical\" href=\"https:\/\/kaizendren.com\/lt\/informacija\/privatumo-politika\/\" \/>\n<meta property=\"og:locale\" content=\"lt_LT\" \/>\n<meta property=\"og:type\" content=\"article\" \/>\n<meta property=\"og:title\" content=\"Privacy policy - Kaizendren\" \/>\n<meta property=\"og:description\" content=\"Accessibility of information (summary of legislation) The provider undertakes to always provide the customer with the following information:a) company identity\" \/>\n<meta property=\"og:url\" content=\"https:\/\/kaizendren.com\/lt\/informacija\/privatumo-politika\/\" \/>\n<meta property=\"og:site_name\" content=\"Kaizendren\" \/>\n<meta property=\"article:publisher\" content=\"https:\/\/www.facebook.com\/kaizendren\" \/>\n<meta property=\"article:modified_time\" content=\"2026-02-11T17:52:32+00:00\" \/>\n<meta property=\"og:image\" content=\"https:\/\/kaizendren.com\/wp-content\/uploads\/2023\/11\/insta-1.jpg\" \/>\n\t<meta property=\"og:image:width\" content=\"700\" \/>\n\t<meta property=\"og:image:height\" content=\"700\" \/>\n\t<meta property=\"og:image:type\" content=\"image\/jpeg\" \/>\n<meta name=\"twitter:card\" content=\"summary_large_image\" \/>\n<meta name=\"twitter:label1\" content=\"Est. reading time\" \/>\n\t<meta name=\"twitter:data1\" content=\"9 minut\u0117s\" \/>\n<script type=\"application\/ld+json\" class=\"yoast-schema-graph\">{\"@context\":\"https:\\\/\\\/schema.org\",\"@graph\":[{\"@type\":\"WebPage\",\"@id\":\"https:\\\/\\\/kaizendren.com\\\/information\\\/privacy-policy\\\/\",\"url\":\"https:\\\/\\\/kaizendren.com\\\/information\\\/privacy-policy\\\/\",\"name\":\"Privacy policy - Kaizendren\",\"isPartOf\":{\"@id\":\"https:\\\/\\\/kaizendren.com\\\/#website\"},\"datePublished\":\"2023-10-25T11:27:08+00:00\",\"dateModified\":\"2026-02-11T17:52:32+00:00\",\"breadcrumb\":{\"@id\":\"https:\\\/\\\/kaizendren.com\\\/information\\\/privacy-policy\\\/#breadcrumb\"},\"inLanguage\":\"lt-LT\",\"potentialAction\":[{\"@type\":\"ReadAction\",\"target\":[\"https:\\\/\\\/kaizendren.com\\\/information\\\/privacy-policy\\\/\"]}]},{\"@type\":\"BreadcrumbList\",\"@id\":\"https:\\\/\\\/kaizendren.com\\\/information\\\/privacy-policy\\\/#breadcrumb\",\"itemListElement\":[{\"@type\":\"ListItem\",\"position\":1,\"name\":\"Home\",\"item\":\"https:\\\/\\\/kaizendren.com\\\/\"},{\"@type\":\"ListItem\",\"position\":2,\"name\":\"Information\",\"item\":\"https:\\\/\\\/kaizendren.com\\\/information\\\/\"},{\"@type\":\"ListItem\",\"position\":3,\"name\":\"Privacy policy\"}]},{\"@type\":\"WebSite\",\"@id\":\"https:\\\/\\\/kaizendren.com\\\/#website\",\"url\":\"https:\\\/\\\/kaizendren.com\\\/\",\"name\":\"Kaizendren\",\"description\":\"Our Focus Is Your Health, Relaxation And Recovery\",\"publisher\":{\"@id\":\"https:\\\/\\\/kaizendren.com\\\/#organization\"},\"potentialAction\":[{\"@type\":\"SearchAction\",\"target\":{\"@type\":\"EntryPoint\",\"urlTemplate\":\"https:\\\/\\\/kaizendren.com\\\/?s={search_term_string}\"},\"query-input\":{\"@type\":\"PropertyValueSpecification\",\"valueRequired\":true,\"valueName\":\"search_term_string\"}}],\"inLanguage\":\"lt-LT\"},{\"@type\":\"Organization\",\"@id\":\"https:\\\/\\\/kaizendren.com\\\/#organization\",\"name\":\"Kaizendren\",\"url\":\"https:\\\/\\\/kaizendren.com\\\/\",\"logo\":{\"@type\":\"ImageObject\",\"inLanguage\":\"lt-LT\",\"@id\":\"https:\\\/\\\/kaizendren.com\\\/#\\\/schema\\\/logo\\\/image\\\/\",\"url\":\"https:\\\/\\\/kaizendren.com\\\/wp-content\\\/uploads\\\/2023\\\/11\\\/kaizendren-logo-head.png\",\"contentUrl\":\"https:\\\/\\\/kaizendren.com\\\/wp-content\\\/uploads\\\/2023\\\/11\\\/kaizendren-logo-head.png\",\"width\":336,\"height\":70,\"caption\":\"Kaizendren\"},\"image\":{\"@id\":\"https:\\\/\\\/kaizendren.com\\\/#\\\/schema\\\/logo\\\/image\\\/\"},\"sameAs\":[\"https:\\\/\\\/www.facebook.com\\\/kaizendren\",\"https:\\\/\\\/www.instagram.com\\\/kaizendren\",\"https:\\\/\\\/www.tiktok.com\\\/@kaizendren\"]}]}<\/script>\n<!-- \/ Yoast SEO plugin. -->","yoast_head_json":{"title":"Privatumo politika \u2013 Kaizendren","robots":{"index":"index","follow":"follow","max-snippet":"max-snippet:-1","max-image-preview":"max-image-preview:large","max-video-preview":"max-video-preview:-1"},"canonical":"https:\/\/kaizendren.com\/lt\/informacija\/privatumo-politika\/","og_locale":"lt_LT","og_type":"article","og_title":"Privacy policy - Kaizendren","og_description":"Accessibility of information (summary of legislation) The provider undertakes to always provide the customer with the following information:a) company identity","og_url":"https:\/\/kaizendren.com\/lt\/informacija\/privatumo-politika\/","og_site_name":"Kaizendren","article_publisher":"https:\/\/www.facebook.com\/kaizendren","article_modified_time":"2026-02-11T17:52:32+00:00","og_image":[{"width":700,"height":700,"url":"https:\/\/kaizendren.com\/wp-content\/uploads\/2023\/11\/insta-1.jpg","type":"image\/jpeg"}],"twitter_card":"summary_large_image","twitter_misc":{"Est. reading time":"9 minut\u0117s"},"schema":{"@context":"https:\/\/schema.org","@graph":[{"@type":"WebPage","@id":"https:\/\/kaizendren.com\/information\/privacy-policy\/","url":"https:\/\/kaizendren.com\/information\/privacy-policy\/","name":"Privatumo politika \u2013 Kaizendren","isPartOf":{"@id":"https:\/\/kaizendren.com\/#website"},"datePublished":"2023-10-25T11:27:08+00:00","dateModified":"2026-02-11T17:52:32+00:00","breadcrumb":{"@id":"https:\/\/kaizendren.com\/information\/privacy-policy\/#breadcrumb"},"inLanguage":"lt-LT","potentialAction":[{"@type":"ReadAction","target":["https:\/\/kaizendren.com\/information\/privacy-policy\/"]}]},{"@type":"BreadcrumbList","@id":"https:\/\/kaizendren.com\/information\/privacy-policy\/#breadcrumb","itemListElement":[{"@type":"ListItem","position":1,"name":"Home","item":"https:\/\/kaizendren.com\/"},{"@type":"ListItem","position":2,"name":"Information","item":"https:\/\/kaizendren.com\/information\/"},{"@type":"ListItem","position":3,"name":"Privacy policy"}]},{"@type":"WebSite","@id":"https:\/\/kaizendren.com\/#website","url":"https:\/\/kaizendren.com\/","name":"Kaizendren","description":"M\u016bs\u0173 d\u0117mesio centre - j\u016bs\u0173 sveikata, atsipalaidavimas ir atsigavimas","publisher":{"@id":"https:\/\/kaizendren.com\/#organization"},"potentialAction":[{"@type":"SearchAction","target":{"@type":"EntryPoint","urlTemplate":"https:\/\/kaizendren.com\/?s={search_term_string}"},"query-input":{"@type":"PropertyValueSpecification","valueRequired":true,"valueName":"search_term_string"}}],"inLanguage":"lt-LT"},{"@type":"Organization","@id":"https:\/\/kaizendren.com\/#organization","name":"Kaizendren","url":"https:\/\/kaizendren.com\/","logo":{"@type":"ImageObject","inLanguage":"lt-LT","@id":"https:\/\/kaizendren.com\/#\/schema\/logo\/image\/","url":"https:\/\/kaizendren.com\/wp-content\/uploads\/2023\/11\/kaizendren-logo-head.png","contentUrl":"https:\/\/kaizendren.com\/wp-content\/uploads\/2023\/11\/kaizendren-logo-head.png","width":336,"height":70,"caption":"Kaizendren"},"image":{"@id":"https:\/\/kaizendren.com\/#\/schema\/logo\/image\/"},"sameAs":["https:\/\/www.facebook.com\/kaizendren","https:\/\/www.instagram.com\/kaizendren","https:\/\/www.tiktok.com\/@kaizendren"]}]}},"_links":{"self":[{"href":"https:\/\/kaizendren.com\/lt\/wp-json\/wp\/v2\/pages\/3","targetHints":{"allow":["GET"]}}],"collection":[{"href":"https:\/\/kaizendren.com\/lt\/wp-json\/wp\/v2\/pages"}],"about":[{"href":"https:\/\/kaizendren.com\/lt\/wp-json\/wp\/v2\/types\/page"}],"author":[{"embeddable":true,"href":"https:\/\/kaizendren.com\/lt\/wp-json\/wp\/v2\/users\/1"}],"replies":[{"embeddable":true,"href":"https:\/\/kaizendren.com\/lt\/wp-json\/wp\/v2\/comments?post=3"}],"version-history":[{"count":4,"href":"https:\/\/kaizendren.com\/lt\/wp-json\/wp\/v2\/pages\/3\/revisions"}],"predecessor-version":[{"id":334605,"href":"https:\/\/kaizendren.com\/lt\/wp-json\/wp\/v2\/pages\/3\/revisions\/334605"}],"up":[{"embeddable":true,"href":"https:\/\/kaizendren.com\/lt\/wp-json\/wp\/v2\/pages\/291031"}],"wp:attachment":[{"href":"https:\/\/kaizendren.com\/lt\/wp-json\/wp\/v2\/media?parent=3"}],"curies":[{"name":"wp","href":"https:\/\/api.w.org\/{rel}","templated":true}]}}