{"id":19,"date":"2023-11-22T16:18:07","date_gmt":"2023-11-22T14:18:07","guid":{"rendered":"https:\/\/kaizendren.com\/?page_id=19"},"modified":"2026-02-11T19:45:52","modified_gmt":"2026-02-11T17:45:52","slug":"grazinimo-politika","status":"publish","type":"page","link":"https:\/\/kaizendren.com\/lt\/information\/return-policy\/","title":{"rendered":"Gr\u0105\u017einimo politika"},"content":{"rendered":"<h4 class=\"wp-block-heading\">30 dien\u0173 preki\u0173 gr\u0105\u017einimo laikotarpis:<\/h4>\n\n\n\n<p>Esame \u012fsitikin\u0119 savo gamini\u0173 kokybe, o jei gaunate nekokybi\u0161k\u0105 prek\u0119, si\u016blome skland\u0173 gr\u0105\u017einimo proces\u0105. Per 30 dien\u0173 nuo gavimo dienos galite prad\u0117ti gr\u0105\u017einti bet kok\u012f gamin\u012f, kuris laikomas nekokybi\u0161ku arba sugedusiu d\u0117l gamybos defekt\u0173.<\/p>\n\n\n\n<p><p>Produktai, kurie buvo netinkamai naudojami, atsitiktinai sugadinti, netinkamai tvarkomi arba nepaisoma produkto prie\u017ei\u016bros instrukcij\u0173, pagal \u0161i\u0105 politik\u0105 nebus gr\u0105\u017einami. Gr\u0105\u017einami tik internetu kaizendren.com arba lygiaver\u010diuose subdomenuose \u012fsigyti produktai ir nepriimami i\u0161 tre\u010di\u0173j\u0173 \u0161ali\u0173 platintoj\u0173 \u012fsigyti produktai.<\/p>\n<p>Norint atgauti pinigus u\u017e prek\u0119 be defekt\u0173, ji turi b\u016bti nenaudota ir tokios pat b\u016bkl\u0117s, kokios j\u0105 gavote. Prek\u0117 taip pat turi b\u016bti originalioje pakuot\u0117je su visomis etiket\u0117mis ir etiket\u0117mis.<\/p><\/p>\n\n\n\n<h4 class=\"wp-block-heading\">Gr\u0105\u017einimo procesas:<\/h4>\n\n\n\n<p>Nor\u0117dami prad\u0117ti gr\u0105\u017einimo proced\u016br\u0105, susisiekite su m\u016bs\u0173 klient\u0173 aptarnavimo komanda el. pa\u0161tu info@kaizendren.com. Tur\u0117site pateikti informacij\u0105 apie savo u\u017esakym\u0105, pavyzd\u017eiui, u\u017esakymo numer\u012f ir ai\u0161k\u0173 problemos paai\u0161kinim\u0105. Mes pad\u0117sime jums atlikti gr\u0105\u017einimo proces\u0105 ir nurodysime, k\u0105 daryti toliau.<\/p>\n\n\n\n<h4 class=\"wp-block-heading\">Gr\u0105\u017einimo pristatymo i\u0161laidos:<\/h4>\n\n\n\n<p>Prista\u010dius gamin\u012f, negalime jums gr\u0105\u017einti joki\u0173 siuntimo i\u0161laid\u0173. Per pirm\u0105sias 30 dien\u0173 gr\u0105\u017eintoms nekokybi\u0161koms prek\u0117ms apmok\u0117sime siuntimo i\u0161laidas Europos S\u0105jungoje. Ta\u010diau jei norite gr\u0105\u017einti gamin\u012f, kurio nenaudojote, nes persigalvojote, u\u017e siuntim\u0105 atgal tur\u0117site sumok\u0117ti patys.<\/p>\n\n\n\n<h4 class=\"wp-block-heading\">Ne\u012fvyk\u0119s arba ding\u0119s pristatymas:<\/h4>\n\n\n\n<p>Siunta bus gr\u0105\u017einta siunt\u0117jui (Kaizendren) kliento s\u0105skaita, jei d\u0117l kliento nebendradarbiavimo (neteisingas ar klaidingas siuntimo adresas, neatvyk\u0119s gav\u0117jas ir t. t.) siunta negal\u0117s b\u016bti pristatyta nurodytu pristatymo adresu.<\/p>\n\n\n\n<h4 class=\"wp-block-heading\">Patikrinimas ir pinig\u0173 gr\u0105\u017einimas \/ pakeitimas:<\/h4>\n\n\n\n<p>Kai gausime gamin\u012f atgal, m\u016bs\u0173 kvalifikuota komanda patikrins, ar jame yra problema, apie kuri\u0105 prane\u0161\u0117te. Jei nustatysime, kad gaminys nekokybi\u0161kas, padarysime tai, ko pra\u0161\u0117te: gr\u0105\u017einsime pinigus arba atsi\u0173sime nauj\u0105 gamin\u012f. \u0160is procesas gali u\u017etrukti iki 7 dien\u0173.<\/p>\n\n\n\n<h4 class=\"wp-block-heading\">\u017dala ir problemos:<\/h4>\n\n\n\n<p>Atidarydami \"Kaizendren\" gaminius b\u016btinai patikrinkite ir ap\u017ei\u016br\u0117kite visas dalis. Jei rasite k\u0105 nors sugedusio, tr\u016bkstamo ar pa\u017eeisto, kuo grei\u010diau prane\u0161kite mums apie tai ir mes tai sutvarkysime.<\/p>\n\n\n\n<p>Per 10 dien\u0173 nuo u\u017esakymo gavimo dienos galite si\u0173sti pakeitimo pra\u0161ymus adresu info@kaizendren.com. Priimame pakeitimo pra\u0161ymus tik d\u0117l gamybos defekt\u0173, sul\u016b\u017eusi\u0173 ir tr\u016bkstam\u0173 dali\u0173. Manome, kad bet kokie nedideli pa\u017eeidimai po pirm\u0173j\u0173 10 dien\u0173 yra normalus nusid\u0117v\u0117jimas d\u0117l gaminio pob\u016bd\u017eio.<\/p>\n\n\n\n<p>Pa\u017eeidimas turi tur\u0117ti \u012ftakos gaminio veikimui. Jei gaminys sugadintas ty\u010dia, atsitiktinai arba netinkamai naudojant, turime teis\u0119 atsisakyti j\u012f pakeisti.<\/p>","protected":false},"excerpt":{"rendered":"<p>30 dien\u0173 gr\u0105\u017einimo laikotarpis nekokybi\u0161koms prek\u0117ms: Esame \u012fsitikin\u0119 savo gamini\u0173 kokybe, tod\u0117l jei gausite<\/p>","protected":false},"author":1,"featured_media":0,"parent":291031,"menu_order":0,"comment_status":"closed","ping_status":"closed","template":"","meta":{"footnotes":""},"class_list":["post-19","page","type-page","status-publish","hentry"],"yoast_head":"<!-- This site is optimized with the Yoast SEO plugin v27.4 - https:\/\/yoast.com\/product\/yoast-seo-wordpress\/ -->\n<title>Return policy - Kaizendren<\/title>\n<meta name=\"robots\" content=\"index, follow, max-snippet:-1, max-image-preview:large, max-video-preview:-1\" \/>\n<link rel=\"canonical\" href=\"https:\/\/kaizendren.com\/lt\/informacija\/grazinimo-politika\/\" \/>\n<meta property=\"og:locale\" content=\"lt_LT\" \/>\n<meta property=\"og:type\" content=\"article\" \/>\n<meta property=\"og:title\" content=\"Return policy - Kaizendren\" \/>\n<meta property=\"og:description\" content=\"30-day return period for faulty goods: We are confident in the quality of our products, and if you receive a\" \/>\n<meta property=\"og:url\" content=\"https:\/\/kaizendren.com\/lt\/informacija\/grazinimo-politika\/\" \/>\n<meta property=\"og:site_name\" content=\"Kaizendren\" \/>\n<meta property=\"article:publisher\" content=\"https:\/\/www.facebook.com\/kaizendren\" \/>\n<meta property=\"article:modified_time\" content=\"2026-02-11T17:45:52+00:00\" \/>\n<meta property=\"og:image\" content=\"https:\/\/kaizendren.com\/wp-content\/uploads\/2023\/11\/insta-1.jpg\" \/>\n\t<meta property=\"og:image:width\" content=\"700\" \/>\n\t<meta property=\"og:image:height\" content=\"700\" \/>\n\t<meta property=\"og:image:type\" content=\"image\/jpeg\" \/>\n<meta name=\"twitter:card\" content=\"summary_large_image\" \/>\n<meta name=\"twitter:label1\" content=\"Est. reading time\" \/>\n\t<meta name=\"twitter:data1\" content=\"3 minut\u0117s\" \/>\n<script type=\"application\/ld+json\" class=\"yoast-schema-graph\">{\"@context\":\"https:\\\/\\\/schema.org\",\"@graph\":[{\"@type\":\"WebPage\",\"@id\":\"https:\\\/\\\/kaizendren.com\\\/information\\\/return-policy\\\/\",\"url\":\"https:\\\/\\\/kaizendren.com\\\/information\\\/return-policy\\\/\",\"name\":\"Return policy - Kaizendren\",\"isPartOf\":{\"@id\":\"https:\\\/\\\/kaizendren.com\\\/#website\"},\"datePublished\":\"2023-11-22T14:18:07+00:00\",\"dateModified\":\"2026-02-11T17:45:52+00:00\",\"breadcrumb\":{\"@id\":\"https:\\\/\\\/kaizendren.com\\\/information\\\/return-policy\\\/#breadcrumb\"},\"inLanguage\":\"lt-LT\",\"potentialAction\":[{\"@type\":\"ReadAction\",\"target\":[\"https:\\\/\\\/kaizendren.com\\\/information\\\/return-policy\\\/\"]}]},{\"@type\":\"BreadcrumbList\",\"@id\":\"https:\\\/\\\/kaizendren.com\\\/information\\\/return-policy\\\/#breadcrumb\",\"itemListElement\":[{\"@type\":\"ListItem\",\"position\":1,\"name\":\"Home\",\"item\":\"https:\\\/\\\/kaizendren.com\\\/\"},{\"@type\":\"ListItem\",\"position\":2,\"name\":\"Information\",\"item\":\"https:\\\/\\\/kaizendren.com\\\/information\\\/\"},{\"@type\":\"ListItem\",\"position\":3,\"name\":\"Return policy\"}]},{\"@type\":\"WebSite\",\"@id\":\"https:\\\/\\\/kaizendren.com\\\/#website\",\"url\":\"https:\\\/\\\/kaizendren.com\\\/\",\"name\":\"Kaizendren\",\"description\":\"Our Focus Is Your Health, Relaxation And Recovery\",\"publisher\":{\"@id\":\"https:\\\/\\\/kaizendren.com\\\/#organization\"},\"potentialAction\":[{\"@type\":\"SearchAction\",\"target\":{\"@type\":\"EntryPoint\",\"urlTemplate\":\"https:\\\/\\\/kaizendren.com\\\/?s={search_term_string}\"},\"query-input\":{\"@type\":\"PropertyValueSpecification\",\"valueRequired\":true,\"valueName\":\"search_term_string\"}}],\"inLanguage\":\"lt-LT\"},{\"@type\":\"Organization\",\"@id\":\"https:\\\/\\\/kaizendren.com\\\/#organization\",\"name\":\"Kaizendren\",\"url\":\"https:\\\/\\\/kaizendren.com\\\/\",\"logo\":{\"@type\":\"ImageObject\",\"inLanguage\":\"lt-LT\",\"@id\":\"https:\\\/\\\/kaizendren.com\\\/#\\\/schema\\\/logo\\\/image\\\/\",\"url\":\"https:\\\/\\\/kaizendren.com\\\/wp-content\\\/uploads\\\/2023\\\/11\\\/kaizendren-logo-head.png\",\"contentUrl\":\"https:\\\/\\\/kaizendren.com\\\/wp-content\\\/uploads\\\/2023\\\/11\\\/kaizendren-logo-head.png\",\"width\":336,\"height\":70,\"caption\":\"Kaizendren\"},\"image\":{\"@id\":\"https:\\\/\\\/kaizendren.com\\\/#\\\/schema\\\/logo\\\/image\\\/\"},\"sameAs\":[\"https:\\\/\\\/www.facebook.com\\\/kaizendren\",\"https:\\\/\\\/www.instagram.com\\\/kaizendren\",\"https:\\\/\\\/www.tiktok.com\\\/@kaizendren\"]}]}<\/script>\n<!-- \/ Yoast SEO plugin. -->","yoast_head_json":{"title":"Gr\u0105\u017einimo politika - Kaizendren","robots":{"index":"index","follow":"follow","max-snippet":"max-snippet:-1","max-image-preview":"max-image-preview:large","max-video-preview":"max-video-preview:-1"},"canonical":"https:\/\/kaizendren.com\/lt\/informacija\/grazinimo-politika\/","og_locale":"lt_LT","og_type":"article","og_title":"Return policy - Kaizendren","og_description":"30-day return period for faulty goods: We are confident in the quality of our products, and if you receive a","og_url":"https:\/\/kaizendren.com\/lt\/informacija\/grazinimo-politika\/","og_site_name":"Kaizendren","article_publisher":"https:\/\/www.facebook.com\/kaizendren","article_modified_time":"2026-02-11T17:45:52+00:00","og_image":[{"width":700,"height":700,"url":"https:\/\/kaizendren.com\/wp-content\/uploads\/2023\/11\/insta-1.jpg","type":"image\/jpeg"}],"twitter_card":"summary_large_image","twitter_misc":{"Est. reading time":"3 minut\u0117s"},"schema":{"@context":"https:\/\/schema.org","@graph":[{"@type":"WebPage","@id":"https:\/\/kaizendren.com\/information\/return-policy\/","url":"https:\/\/kaizendren.com\/information\/return-policy\/","name":"Gr\u0105\u017einimo politika - Kaizendren","isPartOf":{"@id":"https:\/\/kaizendren.com\/#website"},"datePublished":"2023-11-22T14:18:07+00:00","dateModified":"2026-02-11T17:45:52+00:00","breadcrumb":{"@id":"https:\/\/kaizendren.com\/information\/return-policy\/#breadcrumb"},"inLanguage":"lt-LT","potentialAction":[{"@type":"ReadAction","target":["https:\/\/kaizendren.com\/information\/return-policy\/"]}]},{"@type":"BreadcrumbList","@id":"https:\/\/kaizendren.com\/information\/return-policy\/#breadcrumb","itemListElement":[{"@type":"ListItem","position":1,"name":"Home","item":"https:\/\/kaizendren.com\/"},{"@type":"ListItem","position":2,"name":"Information","item":"https:\/\/kaizendren.com\/information\/"},{"@type":"ListItem","position":3,"name":"Return policy"}]},{"@type":"WebSite","@id":"https:\/\/kaizendren.com\/#website","url":"https:\/\/kaizendren.com\/","name":"Kaizendren","description":"M\u016bs\u0173 d\u0117mesio centre - j\u016bs\u0173 sveikata, atsipalaidavimas ir atsigavimas","publisher":{"@id":"https:\/\/kaizendren.com\/#organization"},"potentialAction":[{"@type":"SearchAction","target":{"@type":"EntryPoint","urlTemplate":"https:\/\/kaizendren.com\/?s={search_term_string}"},"query-input":{"@type":"PropertyValueSpecification","valueRequired":true,"valueName":"search_term_string"}}],"inLanguage":"lt-LT"},{"@type":"Organization","@id":"https:\/\/kaizendren.com\/#organization","name":"Kaizendren","url":"https:\/\/kaizendren.com\/","logo":{"@type":"ImageObject","inLanguage":"lt-LT","@id":"https:\/\/kaizendren.com\/#\/schema\/logo\/image\/","url":"https:\/\/kaizendren.com\/wp-content\/uploads\/2023\/11\/kaizendren-logo-head.png","contentUrl":"https:\/\/kaizendren.com\/wp-content\/uploads\/2023\/11\/kaizendren-logo-head.png","width":336,"height":70,"caption":"Kaizendren"},"image":{"@id":"https:\/\/kaizendren.com\/#\/schema\/logo\/image\/"},"sameAs":["https:\/\/www.facebook.com\/kaizendren","https:\/\/www.instagram.com\/kaizendren","https:\/\/www.tiktok.com\/@kaizendren"]}]}},"_links":{"self":[{"href":"https:\/\/kaizendren.com\/lt\/wp-json\/wp\/v2\/pages\/19","targetHints":{"allow":["GET"]}}],"collection":[{"href":"https:\/\/kaizendren.com\/lt\/wp-json\/wp\/v2\/pages"}],"about":[{"href":"https:\/\/kaizendren.com\/lt\/wp-json\/wp\/v2\/types\/page"}],"author":[{"embeddable":true,"href":"https:\/\/kaizendren.com\/lt\/wp-json\/wp\/v2\/users\/1"}],"replies":[{"embeddable":true,"href":"https:\/\/kaizendren.com\/lt\/wp-json\/wp\/v2\/comments?post=19"}],"version-history":[{"count":3,"href":"https:\/\/kaizendren.com\/lt\/wp-json\/wp\/v2\/pages\/19\/revisions"}],"predecessor-version":[{"id":334580,"href":"https:\/\/kaizendren.com\/lt\/wp-json\/wp\/v2\/pages\/19\/revisions\/334580"}],"up":[{"embeddable":true,"href":"https:\/\/kaizendren.com\/lt\/wp-json\/wp\/v2\/pages\/291031"}],"wp:attachment":[{"href":"https:\/\/kaizendren.com\/lt\/wp-json\/wp\/v2\/media?parent=19"}],"curies":[{"name":"wp","href":"https:\/\/api.w.org\/{rel}","templated":true}]}}