{"id":35540,"date":"2023-12-09T23:09:05","date_gmt":"2023-12-09T21:09:05","guid":{"rendered":"https:\/\/kaizendren.com\/?post_type=product&#038;p=35540"},"modified":"2026-03-20T19:51:12","modified_gmt":"2026-03-20T17:51:12","slug":"kaizendren-vizelnyelo-szonyeg","status":"publish","type":"product","link":"https:\/\/kaizendren.com\/hu\/products\/kaizendren-water-absorbing-rug\/","title":{"rendered":"V\u00edzelnyel\u0151 sz\u0151nyeg - Kaizendren W sz\u0151nyeg"},"content":{"rendered":"","protected":false},"excerpt":{"rendered":"<p>A Kaizendren W Rug v\u00edz\u00e1ll\u00f3 sz\u0151nyeg k\u00e9pes felsz\u00edvni a vizet \u00e9s a nedvess\u00e9get a l\u00e1br\u00f3l vagy a cip\u0151b\u0151l.<\/p>\n<p>A v\u00edztasz\u00edt\u00f3 sz\u0151nyeg olyan anyagokb\u00f3l k\u00e9sz\u00fcl, mint a mikrosz\u00e1las anyag, pamut, polipropil\u00e9n, amelyek puh\u00e1k, tart\u00f3sak \u00e9s gyorsan sz\u00e1radnak.<\/p>\n<p>A sz\u0151nyegek cs\u00fasz\u00e1sg\u00e1tl\u00f3 gumi h\u00e1tlappal vagy t\u00fcsk\u00e9kkel vannak ell\u00e1tva, hogy megakad\u00e1lyozz\u00e1k a cs\u00fasz\u00f3s fel\u00fcleteken val\u00f3 elcs\u00fasz\u00e1st.<\/p>","protected":false},"featured_media":35978,"comment_status":"open","ping_status":"closed","template":"","meta":[],"product_brand":[],"product_cat":[16],"product_tag":[],"class_list":{"0":"post-35540","1":"product","2":"type-product","3":"status-publish","4":"has-post-thumbnail","6":"product_cat-uncategorized","8":"first","9":"instock","10":"taxable","11":"shipping-taxable","12":"purchasable","13":"product-type-simple"},"yoast_head":"<!-- This site is optimized with the Yoast SEO plugin v27.4 - https:\/\/yoast.com\/product\/yoast-seo-wordpress\/ -->\n<title>Water Absorbing Rug - Kaizendren W Rug - Kaizendren<\/title>\n<meta name=\"description\" content=\"Water absorbing rugs are a great solution for keeping your floors dry and clean. Rugs for your bathroom, kitchen, entryway, and more.\" \/>\n<meta name=\"robots\" content=\"index, follow, max-snippet:-1, max-image-preview:large, max-video-preview:-1\" \/>\n<link rel=\"canonical\" href=\"https:\/\/kaizendren.com\/hu\/termekek\/kaizendren-vizelnyelo-szonyeg\/\" \/>\n<meta property=\"og:locale\" content=\"hu_HU\" \/>\n<meta property=\"og:type\" content=\"article\" \/>\n<meta property=\"og:title\" content=\"Water Absorbing Rug - Kaizendren W Rug - Kaizendren\" \/>\n<meta property=\"og:description\" content=\"Water absorbing rugs are a great solution for keeping your floors dry and clean. Rugs for your bathroom, kitchen, entryway, and more.\" \/>\n<meta property=\"og:url\" content=\"https:\/\/kaizendren.com\/hu\/termekek\/kaizendren-vizelnyelo-szonyeg\/\" \/>\n<meta property=\"og:site_name\" content=\"Kaizendren\" \/>\n<meta property=\"article:publisher\" content=\"https:\/\/www.facebook.com\/kaizendren\" \/>\n<meta property=\"article:modified_time\" content=\"2026-03-20T17:51:12+00:00\" \/>\n<meta property=\"og:image\" content=\"https:\/\/kaizendren.com\/wp-content\/uploads\/2022\/05\/kaizendren-rug-new.jpg\" \/>\n\t<meta property=\"og:image:width\" content=\"1000\" \/>\n\t<meta property=\"og:image:height\" content=\"1000\" \/>\n\t<meta property=\"og:image:type\" content=\"image\/jpeg\" \/>\n<meta name=\"twitter:card\" content=\"summary_large_image\" \/>\n<meta name=\"twitter:label1\" content=\"Becs\u00fclt olvas\u00e1si id\u0151\" \/>\n\t<meta name=\"twitter:data1\" content=\"1 perc\" \/>\n<script type=\"application\/ld+json\" class=\"yoast-schema-graph\">{\"@context\":\"https:\\\/\\\/schema.org\",\"@graph\":[{\"@type\":\"WebPage\",\"@id\":\"https:\\\/\\\/kaizendren.com\\\/products\\\/kaizendren-water-absorbing-rug\\\/\",\"url\":\"https:\\\/\\\/kaizendren.com\\\/products\\\/kaizendren-water-absorbing-rug\\\/\",\"name\":\"Water Absorbing Rug - Kaizendren W Rug - Kaizendren\",\"isPartOf\":{\"@id\":\"https:\\\/\\\/kaizendren.com\\\/#website\"},\"primaryImageOfPage\":{\"@id\":\"https:\\\/\\\/kaizendren.com\\\/products\\\/kaizendren-water-absorbing-rug\\\/#primaryimage\"},\"image\":{\"@id\":\"https:\\\/\\\/kaizendren.com\\\/products\\\/kaizendren-water-absorbing-rug\\\/#primaryimage\"},\"thumbnailUrl\":\"https:\\\/\\\/kaizendren.com\\\/wp-content\\\/uploads\\\/2022\\\/05\\\/kaizendren-rug-new.jpg\",\"datePublished\":\"2023-12-09T21:09:05+00:00\",\"dateModified\":\"2026-03-20T17:51:12+00:00\",\"description\":\"Water absorbing rugs are a great solution for keeping your floors dry and clean. Rugs for your bathroom, kitchen, entryway, and more.\",\"breadcrumb\":{\"@id\":\"https:\\\/\\\/kaizendren.com\\\/products\\\/kaizendren-water-absorbing-rug\\\/#breadcrumb\"},\"inLanguage\":\"hu\",\"potentialAction\":[{\"@type\":\"ReadAction\",\"target\":[\"https:\\\/\\\/kaizendren.com\\\/products\\\/kaizendren-water-absorbing-rug\\\/\"]}]},{\"@type\":\"ImageObject\",\"inLanguage\":\"hu\",\"@id\":\"https:\\\/\\\/kaizendren.com\\\/products\\\/kaizendren-water-absorbing-rug\\\/#primaryimage\",\"url\":\"https:\\\/\\\/kaizendren.com\\\/wp-content\\\/uploads\\\/2022\\\/05\\\/kaizendren-rug-new.jpg\",\"contentUrl\":\"https:\\\/\\\/kaizendren.com\\\/wp-content\\\/uploads\\\/2022\\\/05\\\/kaizendren-rug-new.jpg\",\"width\":1000,\"height\":1000},{\"@type\":\"BreadcrumbList\",\"@id\":\"https:\\\/\\\/kaizendren.com\\\/products\\\/kaizendren-water-absorbing-rug\\\/#breadcrumb\",\"itemListElement\":[{\"@type\":\"ListItem\",\"position\":1,\"name\":\"Home\",\"item\":\"https:\\\/\\\/kaizendren.com\\\/\"},{\"@type\":\"ListItem\",\"position\":2,\"name\":\"Products\",\"item\":\"https:\\\/\\\/kaizendren.com\\\/shop\\\/\"},{\"@type\":\"ListItem\",\"position\":3,\"name\":\"Water Absorbing Rug &#8211; Kaizendren W Rug\"}]},{\"@type\":\"WebSite\",\"@id\":\"https:\\\/\\\/kaizendren.com\\\/#website\",\"url\":\"https:\\\/\\\/kaizendren.com\\\/\",\"name\":\"Kaizendren\",\"description\":\"Our Focus Is Your Health, Relaxation And Recovery\",\"publisher\":{\"@id\":\"https:\\\/\\\/kaizendren.com\\\/#organization\"},\"potentialAction\":[{\"@type\":\"SearchAction\",\"target\":{\"@type\":\"EntryPoint\",\"urlTemplate\":\"https:\\\/\\\/kaizendren.com\\\/?s={search_term_string}\"},\"query-input\":{\"@type\":\"PropertyValueSpecification\",\"valueRequired\":true,\"valueName\":\"search_term_string\"}}],\"inLanguage\":\"hu\"},{\"@type\":\"Organization\",\"@id\":\"https:\\\/\\\/kaizendren.com\\\/#organization\",\"name\":\"Kaizendren\",\"url\":\"https:\\\/\\\/kaizendren.com\\\/\",\"logo\":{\"@type\":\"ImageObject\",\"inLanguage\":\"hu\",\"@id\":\"https:\\\/\\\/kaizendren.com\\\/#\\\/schema\\\/logo\\\/image\\\/\",\"url\":\"https:\\\/\\\/kaizendren.com\\\/wp-content\\\/uploads\\\/2023\\\/11\\\/kaizendren-logo-head.png\",\"contentUrl\":\"https:\\\/\\\/kaizendren.com\\\/wp-content\\\/uploads\\\/2023\\\/11\\\/kaizendren-logo-head.png\",\"width\":336,\"height\":70,\"caption\":\"Kaizendren\"},\"image\":{\"@id\":\"https:\\\/\\\/kaizendren.com\\\/#\\\/schema\\\/logo\\\/image\\\/\"},\"sameAs\":[\"https:\\\/\\\/www.facebook.com\\\/kaizendren\",\"https:\\\/\\\/www.instagram.com\\\/kaizendren\",\"https:\\\/\\\/www.tiktok.com\\\/@kaizendren\"]}]}<\/script>\n<!-- \/ Yoast SEO plugin. -->","yoast_head_json":{"title":"V\u00edztasz\u00edt\u00f3 Sz\u0151nyeg - Kaizendren W Sz\u0151nyeg - Kaizendren","description":"A nedvsz\u00edv\u00f3 sz\u0151nyegek nagyszer\u0171 megold\u00e1st jelentenek a padl\u00f3 sz\u00e1razon \u00e9s tiszt\u00e1n tart\u00e1s\u00e1ra. Sz\u0151nyegek f\u00fcrd\u0151szob\u00e1ba, konyh\u00e1ba, el\u0151szob\u00e1ba \u00e9s egyebekbe.","robots":{"index":"index","follow":"follow","max-snippet":"max-snippet:-1","max-image-preview":"max-image-preview:large","max-video-preview":"max-video-preview:-1"},"canonical":"https:\/\/kaizendren.com\/hu\/termekek\/kaizendren-vizelnyelo-szonyeg\/","og_locale":"hu_HU","og_type":"article","og_title":"Water Absorbing Rug - Kaizendren W Rug - Kaizendren","og_description":"Water absorbing rugs are a great solution for keeping your floors dry and clean. Rugs for your bathroom, kitchen, entryway, and more.","og_url":"https:\/\/kaizendren.com\/hu\/termekek\/kaizendren-vizelnyelo-szonyeg\/","og_site_name":"Kaizendren","article_publisher":"https:\/\/www.facebook.com\/kaizendren","article_modified_time":"2026-03-20T17:51:12+00:00","og_image":[{"width":1000,"height":1000,"url":"https:\/\/kaizendren.com\/wp-content\/uploads\/2022\/05\/kaizendren-rug-new.jpg","type":"image\/jpeg"}],"twitter_card":"summary_large_image","twitter_misc":{"Becs\u00fclt olvas\u00e1si id\u0151":"1 perc"},"schema":{"@context":"https:\/\/schema.org","@graph":[{"@type":"WebPage","@id":"https:\/\/kaizendren.com\/products\/kaizendren-water-absorbing-rug\/","url":"https:\/\/kaizendren.com\/products\/kaizendren-water-absorbing-rug\/","name":"V\u00edztasz\u00edt\u00f3 Sz\u0151nyeg - Kaizendren W Sz\u0151nyeg - Kaizendren","isPartOf":{"@id":"https:\/\/kaizendren.com\/#website"},"primaryImageOfPage":{"@id":"https:\/\/kaizendren.com\/products\/kaizendren-water-absorbing-rug\/#primaryimage"},"image":{"@id":"https:\/\/kaizendren.com\/products\/kaizendren-water-absorbing-rug\/#primaryimage"},"thumbnailUrl":"https:\/\/kaizendren.com\/wp-content\/uploads\/2022\/05\/kaizendren-rug-new.jpg","datePublished":"2023-12-09T21:09:05+00:00","dateModified":"2026-03-20T17:51:12+00:00","description":"A nedvsz\u00edv\u00f3 sz\u0151nyegek nagyszer\u0171 megold\u00e1st jelentenek a padl\u00f3 sz\u00e1razon \u00e9s tiszt\u00e1n tart\u00e1s\u00e1ra. Sz\u0151nyegek f\u00fcrd\u0151szob\u00e1ba, konyh\u00e1ba, el\u0151szob\u00e1ba \u00e9s egyebekbe.","breadcrumb":{"@id":"https:\/\/kaizendren.com\/products\/kaizendren-water-absorbing-rug\/#breadcrumb"},"inLanguage":"hu","potentialAction":[{"@type":"ReadAction","target":["https:\/\/kaizendren.com\/products\/kaizendren-water-absorbing-rug\/"]}]},{"@type":"ImageObject","inLanguage":"hu","@id":"https:\/\/kaizendren.com\/products\/kaizendren-water-absorbing-rug\/#primaryimage","url":"https:\/\/kaizendren.com\/wp-content\/uploads\/2022\/05\/kaizendren-rug-new.jpg","contentUrl":"https:\/\/kaizendren.com\/wp-content\/uploads\/2022\/05\/kaizendren-rug-new.jpg","width":1000,"height":1000},{"@type":"BreadcrumbList","@id":"https:\/\/kaizendren.com\/products\/kaizendren-water-absorbing-rug\/#breadcrumb","itemListElement":[{"@type":"ListItem","position":1,"name":"Home","item":"https:\/\/kaizendren.com\/"},{"@type":"ListItem","position":2,"name":"Products","item":"https:\/\/kaizendren.com\/shop\/"},{"@type":"ListItem","position":3,"name":"Water Absorbing Rug &#8211; Kaizendren W Rug"}]},{"@type":"WebSite","@id":"https:\/\/kaizendren.com\/#website","url":"https:\/\/kaizendren.com\/","name":"Kaizendren","description":"Az \u00d6n eg\u00e9szs\u00e9ge, pihen\u00e9se \u00e9s fel\u00e9p\u00fcl\u00e9se a c\u00e9lunk","publisher":{"@id":"https:\/\/kaizendren.com\/#organization"},"potentialAction":[{"@type":"SearchAction","target":{"@type":"EntryPoint","urlTemplate":"https:\/\/kaizendren.com\/?s={search_term_string}"},"query-input":{"@type":"PropertyValueSpecification","valueRequired":true,"valueName":"search_term_string"}}],"inLanguage":"hu"},{"@type":"Organization","@id":"https:\/\/kaizendren.com\/#organization","name":"Kaizendren","url":"https:\/\/kaizendren.com\/","logo":{"@type":"ImageObject","inLanguage":"hu","@id":"https:\/\/kaizendren.com\/#\/schema\/logo\/image\/","url":"https:\/\/kaizendren.com\/wp-content\/uploads\/2023\/11\/kaizendren-logo-head.png","contentUrl":"https:\/\/kaizendren.com\/wp-content\/uploads\/2023\/11\/kaizendren-logo-head.png","width":336,"height":70,"caption":"Kaizendren"},"image":{"@id":"https:\/\/kaizendren.com\/#\/schema\/logo\/image\/"},"sameAs":["https:\/\/www.facebook.com\/kaizendren","https:\/\/www.instagram.com\/kaizendren","https:\/\/www.tiktok.com\/@kaizendren"]}]}},"_links":{"self":[{"href":"https:\/\/kaizendren.com\/hu\/wp-json\/wp\/v2\/product\/35540","targetHints":{"allow":["GET"]}}],"collection":[{"href":"https:\/\/kaizendren.com\/hu\/wp-json\/wp\/v2\/product"}],"about":[{"href":"https:\/\/kaizendren.com\/hu\/wp-json\/wp\/v2\/types\/product"}],"replies":[{"embeddable":true,"href":"https:\/\/kaizendren.com\/hu\/wp-json\/wp\/v2\/comments?post=35540"}],"version-history":[{"count":10,"href":"https:\/\/kaizendren.com\/hu\/wp-json\/wp\/v2\/product\/35540\/revisions"}],"predecessor-version":[{"id":348734,"href":"https:\/\/kaizendren.com\/hu\/wp-json\/wp\/v2\/product\/35540\/revisions\/348734"}],"wp:featuredmedia":[{"embeddable":true,"href":"https:\/\/kaizendren.com\/hu\/wp-json\/wp\/v2\/media\/35978"}],"wp:attachment":[{"href":"https:\/\/kaizendren.com\/hu\/wp-json\/wp\/v2\/media?parent=35540"}],"wp:term":[{"taxonomy":"product_brand","embeddable":true,"href":"https:\/\/kaizendren.com\/hu\/wp-json\/wp\/v2\/product_brand?post=35540"},{"taxonomy":"product_cat","embeddable":true,"href":"https:\/\/kaizendren.com\/hu\/wp-json\/wp\/v2\/product_cat?post=35540"},{"taxonomy":"product_tag","embeddable":true,"href":"https:\/\/kaizendren.com\/hu\/wp-json\/wp\/v2\/product_tag?post=35540"}],"curies":[{"name":"wp","href":"https:\/\/api.w.org\/{rel}","templated":true}]}}