{"id":35073,"date":"2023-12-07T16:03:42","date_gmt":"2023-12-07T14:03:42","guid":{"rendered":"https:\/\/kaizendren.com\/?page_id=35073"},"modified":"2026-02-11T19:29:02","modified_gmt":"2026-02-11T17:29:02","slug":"szallitasi-informaciok","status":"publish","type":"page","link":"https:\/\/kaizendren.com\/hu\/information\/delivery-information\/","title":{"rendered":"Sz\u00e1ll\u00edt\u00e1si inform\u00e1ci\u00f3k"},"content":{"rendered":"<h4 class=\"wp-block-heading\">Inform\u00e1ci\u00f3:<\/h4>\n\n\n\n<p>A Kaizendrenn\u00e9l h\u00e1zhozsz\u00e1ll\u00edt\u00e1si lehet\u0151s\u00e9get k\u00edn\u00e1lunk \u00fcgyfeleinknek a DPD\/DHL fut\u00e1rszolg\u00e1lattal a p\u00e9nzt\u00e1rn\u00e1l. Az al\u00e1bbiakban megtekintheti az egyes orsz\u00e1gok\/r\u00e9gi\u00f3k sz\u00e1ll\u00edt\u00e1si idej\u00e9t.<\/p>\n\n\n\n<p>A nemzetk\u00f6zi expressz sz\u00e1ll\u00edt\u00e1s a felad\u00e1s napj\u00e1t\u00f3l sz\u00e1m\u00edtott 2-5 munkanapot vagy ak\u00e1r t\u00f6bbet is ig\u00e9nybe vehet, az \u00d6n orsz\u00e1g\u00e1ban felmer\u00fcl\u0151 probl\u00e9m\u00e1kt\u00f3l vagy k\u00e9sedelmekt\u0151l f\u00fcgg\u0151en. El\u0151fordulhat, hogy a glob\u00e1lis ell\u00e1t\u00e1si l\u00e1nc kih\u00edv\u00e1sai is befoly\u00e1solj\u00e1k a sz\u00e1ll\u00edt\u00e1s idej\u00e9t.<\/p>\n\n\n\n<h4 class=\"wp-block-heading\">Sz\u00e1ll\u00edt\u00e1si id\u0151:<\/h4>\n\n\n\n<p>K\u00e9rj\u00fck, vegye figyelembe, hogy a sz\u00e1ll\u00edt\u00e1si id\u0151k v\u00e1ltozhatnak. A jelenlegi sz\u00e1ll\u00edt\u00e1si lehet\u0151s\u00e9gek \u00e9s a v\u00e1rhat\u00f3 k\u00e9zbes\u00edt\u00e9si id\u0151k a k\u00f6vetkez\u0151k:<\/p>\n\n\n\n<p>Eur\u00f3pai Uni\u00f3s orsz\u00e1gok: <strong>2-5 munkanap<\/strong>.<br>Egyes\u00fclt Kir\u00e1lys\u00e1g: <strong>2-3 munkanap<\/strong>.<br>Eur\u00f3p\u00e1n k\u00edv\u00fcli Uni\u00f3: <strong>5-14 munkanap<\/strong>.<br>Litv\u00e1nia: <strong>1-2 munkanap<\/strong>.<br>Lettorsz\u00e1g: <strong>2-3 munkanap<\/strong>.<br>\u00c9sztorsz\u00e1g: <strong>2-3 munkanap<\/strong>.<br>Lengyelorsz\u00e1g: <strong>2-3 munkanap<\/strong>.<br>Finnorsz\u00e1g: <strong>2-5 munkanap<\/strong>.<br>Ausztria: <strong>2-4 munkanap<\/strong>.<br>Belgium: <strong>2-4 munkanap<\/strong>.<br>Cseh K\u00f6zt\u00e1rsas\u00e1g: <strong>2-4 munkanap<\/strong>.<br>D\u00e1nia: <strong>2-4 munkanap<\/strong>.<br>Luxemburg: <strong>2-4 munkanap<\/strong>.<br>Hollandia: <strong>2-4 munkanap<\/strong>.<br>Franciaorsz\u00e1g: <strong>2-4 munkanap<\/strong>.<br>Szlov\u00e1kia: <strong>2-5 munkanap<\/strong>.<br>N\u00e9metorsz\u00e1g: <strong>2-4 munkanap<\/strong>.<br>Olaszorsz\u00e1g: <strong>3-6 munkanap<\/strong>.<br>Horv\u00e1torsz\u00e1g: <strong>2-6 munkanap<\/strong>.<br>Szlov\u00e9nia: <strong>2-5 munkanap<\/strong>.<br>Sv\u00e9dorsz\u00e1g: <strong>2-5 munkanap<\/strong>.<br>Magyarorsz\u00e1g: <strong>2-4 munkanap<\/strong>.<br>\u00cdrorsz\u00e1g: <strong>3-6 munkanap<\/strong>.<br>Bulg\u00e1ria: <strong>3-6 munkanap<\/strong>.<br>G\u00f6r\u00f6gorsz\u00e1g: <strong>3-6 munkanap<\/strong>.<br>Spanyolorsz\u00e1g: <strong>3-5 munkanap<\/strong>.<br>Portug\u00e1lia: <strong>3-6 munkanap<\/strong>.<br>Rom\u00e1nia: <strong>2-5 munkanap<\/strong>.<br>Sv\u00e1jc: <strong>5-12 munkanap<\/strong>.<br>Norv\u00e9gia: <strong>5-12 munkanap<\/strong>.<br>Szerbia: <strong>5-12 munkanap<\/strong>.<br>Bosznia-Hercegovina: <strong>5-12 munkanap<\/strong>.<br>Montenegr\u00f3: <strong>5-12 munkanap<\/strong>.<br>Alb\u00e1nia: <strong>5-12 munkanap<\/strong>.<br><br><\/p>\n\n\n\n<h4 class=\"wp-block-heading\">Sz\u00e1ll\u00edt\u00e1si c\u00e9l\u00e1llom\u00e1sok:<\/h4>\n\n\n\n<p>H\u00e1zhozsz\u00e1ll\u00edt\u00e1st k\u00edn\u00e1lunk a k\u00f6vetkez\u0151 orsz\u00e1gokba: Nagy-Britannia (Egyes\u00fclt Kir\u00e1lys\u00e1g), Litv\u00e1nia, Lettorsz\u00e1g, \u00c9sztorsz\u00e1g, Lengyelorsz\u00e1g, Finnorsz\u00e1g, Ausztria, Belgium, Csehorsz\u00e1g, D\u00e1nia, Luxemburg, Hollandia, Franciaorsz\u00e1g, Szlov\u00e1kia, N\u00e9metorsz\u00e1g, Olaszorsz\u00e1g, Horv\u00e1torsz\u00e1g, Szlov\u00e9nia, Sv\u00e9dorsz\u00e1g, Magyarorsz\u00e1g, \u00cdrorsz\u00e1g, Bulg\u00e1ria, G\u00f6r\u00f6gorsz\u00e1g, Spanyolorsz\u00e1g, Portug\u00e1lia, Rom\u00e1nia, Sv\u00e1jc, Norv\u00e9gia, Szerbia, Bosznia-Hercegovina, Montenegr\u00f3, Alb\u00e1nia.<\/p>\n\n\n\n<h4 class=\"wp-block-heading\">Sikertelen vagy hi\u00e1nyz\u00f3 k\u00e9zbes\u00edt\u00e9s:<\/h4>\n\n\n\n<p>A csomagot a felad\u00f3 (Kaizendren) visszak\u00fcldi a megrendel\u0151 k\u00f6lts\u00e9g\u00e9re, ha a csomag k\u00e9zbes\u00edt\u00e9se a megadott sz\u00e1ll\u00edt\u00e1si c\u00edmre a megrendel\u0151 egy\u00fcttm\u0171k\u00f6d\u00e9s\u00e9nek hi\u00e1nya miatt (rossz vagy hib\u00e1s sz\u00e1ll\u00edt\u00e1si c\u00edm, hi\u00e1nyz\u00f3 c\u00edmzett stb.) nem lehets\u00e9ges.<\/p>\n\n\n\n<h4 class=\"wp-block-heading\">A t\u00e9telek nem \u00e9rkeztek meg, de a k\u00f6vet\u00e9s azt mutatja, hogy k\u00e9zbes\u00edtett\u00e9k:<\/h4>\n\n\n\n<p>Nem cser\u00e9lj\u00fck ki \u00e9s nem t\u00e9r\u00edtj\u00fck vissza a k\u00e9zbes\u00edtettk\u00e9nt megjel\u00f6lt term\u00e9keket. Emiatt mindig azt javasoljuk, hogy a csomagok k\u00e9zbes\u00edt\u00e9s\u00e9hez biztons\u00e1gos helyet v\u00e1lasszon. Amikor a k\u00fcldem\u00e9ny meg\u00e9rkezik a megadott c\u00edmre, a k\u00e9zbes\u00edt\u0151 szolg\u00e1lat k\u00e9zbes\u00edtettk\u00e9nt jel\u00f6li meg. Javasoljuk, hogy ellen\u0151rizze a postal\u00e1d\u00e1j\u00e1t, h\u00edvja fel a k\u00e9zbes\u00edt\u0151 szolg\u00e1latot, vagy vegye fel a kapcsolatot a helyi post\u00e1val, ha nem kapta meg a rendel\u00e9s\u00e9t, de k\u00e9zbes\u00edtettk\u00e9nt volt megjel\u00f6lve.<\/p>\n\n\n\n<h4 class=\"wp-block-heading\">A v\u00e1mhat\u00f3s\u00e1g \u00e1ltal elutas\u00edtott csomagok:<\/h4>\n\n\n\n<p>Nem t\u00e9r\u00edt\u00fcnk vissza v\u00e1mokat vagy importd\u00edjakat. Minden v\u00e1s\u00e1rl\u00f3nak meg kell fizetnie a saj\u00e1t orsz\u00e1g\u00e1ban \u00e9rv\u00e9nyes importd\u00edjakat \u00e9s ad\u00f3kat. Ha nem fizeti meg a v\u00e1mokat, \u00e9s a megrendel\u00e9s\u00e9t visszak\u00fcldik nek\u00fcnk, visszat\u00e9r\u00edtj\u00fck a v\u00e9tel\u00e1rat, levonva az \u00f6sszes sz\u00e1ll\u00edt\u00e1si\/v\u00e1mk\u00f6lts\u00e9get. A visszat\u00e9r\u00edt\u00e9shez a term\u00e9knek s\u00e9rtetlennek \u00e9s \u00fajra\u00e9rt\u00e9kes\u00edthet\u0151nek kell lennie. A pontos \u00f6sszeget e-mailben k\u00fcldj\u00fck el, amikor megkapjuk a visszat\u00e9r\u00edtett \u00f6sszeget.<\/p>\n\n\n\n<p>K\u00e9rj\u00fck, vegye figyelembe: a sz\u00e1ll\u00edt\u00e1si k\u00f6lts\u00e9get k\u00e9tszer fizetj\u00fck, amikor a csomagot visszak\u00fcldik nek\u00fcnk. Egyszer, amikor el\u0151sz\u00f6r feladjuk \u00d6nnek, \u00e9s egyszer, amikor visszak\u00fcldj\u00fck. Mindk\u00e9t sz\u00e1ll\u00edt\u00e1si k\u00f6lts\u00e9get levonjuk a visszat\u00e9r\u00edt\u00e9s \u00f6sszeg\u00e9b\u0151l.<\/p>","protected":false},"excerpt":{"rendered":"<p>Inform\u00e1ci\u00f3: A Kaizendrenn\u00e9l DPD\/DHL fut\u00e1rszolg\u00e1lattal h\u00e1zhozsz\u00e1ll\u00edt\u00e1st k\u00edn\u00e1lunk \u00fcgyfeleinknek a p\u00e9nzt\u00e1rn\u00e1l. A sz\u00e1ll\u00edt\u00e1si felt\u00e9teleket megtekintheti.<\/p>","protected":false},"author":1,"featured_media":0,"parent":291031,"menu_order":0,"comment_status":"closed","ping_status":"closed","template":"","meta":{"footnotes":""},"class_list":["post-35073","page","type-page","status-publish","hentry"],"yoast_head":"<!-- This site is optimized with the Yoast SEO plugin v27.4 - https:\/\/yoast.com\/product\/yoast-seo-wordpress\/ -->\n<title>Delivery information - Kaizendren<\/title>\n<meta name=\"robots\" content=\"index, follow, max-snippet:-1, max-image-preview:large, max-video-preview:-1\" \/>\n<link rel=\"canonical\" href=\"https:\/\/kaizendren.com\/hu\/informacio\/szallitasi-informaciok\/\" \/>\n<meta property=\"og:locale\" content=\"hu_HU\" \/>\n<meta property=\"og:type\" content=\"article\" \/>\n<meta property=\"og:title\" content=\"Delivery information - Kaizendren\" \/>\n<meta property=\"og:description\" content=\"Information: At Kaizendren, we offer our customers home delivery options with DPD\/DHL courrier at checkout. You can see the delivery\" \/>\n<meta property=\"og:url\" content=\"https:\/\/kaizendren.com\/hu\/informacio\/szallitasi-informaciok\/\" \/>\n<meta property=\"og:site_name\" content=\"Kaizendren\" \/>\n<meta property=\"article:publisher\" content=\"https:\/\/www.facebook.com\/kaizendren\" \/>\n<meta property=\"article:modified_time\" content=\"2026-02-11T17:29:02+00:00\" \/>\n<meta property=\"og:image\" content=\"https:\/\/kaizendren.com\/wp-content\/uploads\/2023\/11\/insta-1.jpg\" \/>\n\t<meta property=\"og:image:width\" content=\"700\" \/>\n\t<meta property=\"og:image:height\" content=\"700\" \/>\n\t<meta property=\"og:image:type\" content=\"image\/jpeg\" \/>\n<meta name=\"twitter:card\" content=\"summary_large_image\" \/>\n<meta name=\"twitter:label1\" content=\"Becs\u00fclt olvas\u00e1si id\u0151\" \/>\n\t<meta name=\"twitter:data1\" content=\"3 perc\" \/>\n<script type=\"application\/ld+json\" class=\"yoast-schema-graph\">{\"@context\":\"https:\\\/\\\/schema.org\",\"@graph\":[{\"@type\":\"WebPage\",\"@id\":\"https:\\\/\\\/kaizendren.com\\\/information\\\/delivery-information\\\/\",\"url\":\"https:\\\/\\\/kaizendren.com\\\/information\\\/delivery-information\\\/\",\"name\":\"Delivery information - Kaizendren\",\"isPartOf\":{\"@id\":\"https:\\\/\\\/kaizendren.com\\\/#website\"},\"datePublished\":\"2023-12-07T14:03:42+00:00\",\"dateModified\":\"2026-02-11T17:29:02+00:00\",\"breadcrumb\":{\"@id\":\"https:\\\/\\\/kaizendren.com\\\/information\\\/delivery-information\\\/#breadcrumb\"},\"inLanguage\":\"hu\",\"potentialAction\":[{\"@type\":\"ReadAction\",\"target\":[\"https:\\\/\\\/kaizendren.com\\\/information\\\/delivery-information\\\/\"]}]},{\"@type\":\"BreadcrumbList\",\"@id\":\"https:\\\/\\\/kaizendren.com\\\/information\\\/delivery-information\\\/#breadcrumb\",\"itemListElement\":[{\"@type\":\"ListItem\",\"position\":1,\"name\":\"Home\",\"item\":\"https:\\\/\\\/kaizendren.com\\\/\"},{\"@type\":\"ListItem\",\"position\":2,\"name\":\"Information\",\"item\":\"https:\\\/\\\/kaizendren.com\\\/information\\\/\"},{\"@type\":\"ListItem\",\"position\":3,\"name\":\"Delivery information\"}]},{\"@type\":\"WebSite\",\"@id\":\"https:\\\/\\\/kaizendren.com\\\/#website\",\"url\":\"https:\\\/\\\/kaizendren.com\\\/\",\"name\":\"Kaizendren\",\"description\":\"Our Focus Is Your Health, Relaxation And Recovery\",\"publisher\":{\"@id\":\"https:\\\/\\\/kaizendren.com\\\/#organization\"},\"potentialAction\":[{\"@type\":\"SearchAction\",\"target\":{\"@type\":\"EntryPoint\",\"urlTemplate\":\"https:\\\/\\\/kaizendren.com\\\/?s={search_term_string}\"},\"query-input\":{\"@type\":\"PropertyValueSpecification\",\"valueRequired\":true,\"valueName\":\"search_term_string\"}}],\"inLanguage\":\"hu\"},{\"@type\":\"Organization\",\"@id\":\"https:\\\/\\\/kaizendren.com\\\/#organization\",\"name\":\"Kaizendren\",\"url\":\"https:\\\/\\\/kaizendren.com\\\/\",\"logo\":{\"@type\":\"ImageObject\",\"inLanguage\":\"hu\",\"@id\":\"https:\\\/\\\/kaizendren.com\\\/#\\\/schema\\\/logo\\\/image\\\/\",\"url\":\"https:\\\/\\\/kaizendren.com\\\/wp-content\\\/uploads\\\/2023\\\/11\\\/kaizendren-logo-head.png\",\"contentUrl\":\"https:\\\/\\\/kaizendren.com\\\/wp-content\\\/uploads\\\/2023\\\/11\\\/kaizendren-logo-head.png\",\"width\":336,\"height\":70,\"caption\":\"Kaizendren\"},\"image\":{\"@id\":\"https:\\\/\\\/kaizendren.com\\\/#\\\/schema\\\/logo\\\/image\\\/\"},\"sameAs\":[\"https:\\\/\\\/www.facebook.com\\\/kaizendren\",\"https:\\\/\\\/www.instagram.com\\\/kaizendren\",\"https:\\\/\\\/www.tiktok.com\\\/@kaizendren\"]}]}<\/script>\n<!-- \/ Yoast SEO plugin. -->","yoast_head_json":{"title":"Sz\u00e1ll\u00edt\u00e1si inform\u00e1ci\u00f3k - Kaizendren","robots":{"index":"index","follow":"follow","max-snippet":"max-snippet:-1","max-image-preview":"max-image-preview:large","max-video-preview":"max-video-preview:-1"},"canonical":"https:\/\/kaizendren.com\/hu\/informacio\/szallitasi-informaciok\/","og_locale":"hu_HU","og_type":"article","og_title":"Delivery information - Kaizendren","og_description":"Information: At Kaizendren, we offer our customers home delivery options with DPD\/DHL courrier at checkout. You can see the delivery","og_url":"https:\/\/kaizendren.com\/hu\/informacio\/szallitasi-informaciok\/","og_site_name":"Kaizendren","article_publisher":"https:\/\/www.facebook.com\/kaizendren","article_modified_time":"2026-02-11T17:29:02+00:00","og_image":[{"width":700,"height":700,"url":"https:\/\/kaizendren.com\/wp-content\/uploads\/2023\/11\/insta-1.jpg","type":"image\/jpeg"}],"twitter_card":"summary_large_image","twitter_misc":{"Becs\u00fclt olvas\u00e1si id\u0151":"3 perc"},"schema":{"@context":"https:\/\/schema.org","@graph":[{"@type":"WebPage","@id":"https:\/\/kaizendren.com\/information\/delivery-information\/","url":"https:\/\/kaizendren.com\/information\/delivery-information\/","name":"Sz\u00e1ll\u00edt\u00e1si inform\u00e1ci\u00f3k - Kaizendren","isPartOf":{"@id":"https:\/\/kaizendren.com\/#website"},"datePublished":"2023-12-07T14:03:42+00:00","dateModified":"2026-02-11T17:29:02+00:00","breadcrumb":{"@id":"https:\/\/kaizendren.com\/information\/delivery-information\/#breadcrumb"},"inLanguage":"hu","potentialAction":[{"@type":"ReadAction","target":["https:\/\/kaizendren.com\/information\/delivery-information\/"]}]},{"@type":"BreadcrumbList","@id":"https:\/\/kaizendren.com\/information\/delivery-information\/#breadcrumb","itemListElement":[{"@type":"ListItem","position":1,"name":"Home","item":"https:\/\/kaizendren.com\/"},{"@type":"ListItem","position":2,"name":"Information","item":"https:\/\/kaizendren.com\/information\/"},{"@type":"ListItem","position":3,"name":"Delivery information"}]},{"@type":"WebSite","@id":"https:\/\/kaizendren.com\/#website","url":"https:\/\/kaizendren.com\/","name":"Kaizendren","description":"Az \u00d6n eg\u00e9szs\u00e9ge, pihen\u00e9se \u00e9s fel\u00e9p\u00fcl\u00e9se a c\u00e9lunk","publisher":{"@id":"https:\/\/kaizendren.com\/#organization"},"potentialAction":[{"@type":"SearchAction","target":{"@type":"EntryPoint","urlTemplate":"https:\/\/kaizendren.com\/?s={search_term_string}"},"query-input":{"@type":"PropertyValueSpecification","valueRequired":true,"valueName":"search_term_string"}}],"inLanguage":"hu"},{"@type":"Organization","@id":"https:\/\/kaizendren.com\/#organization","name":"Kaizendren","url":"https:\/\/kaizendren.com\/","logo":{"@type":"ImageObject","inLanguage":"hu","@id":"https:\/\/kaizendren.com\/#\/schema\/logo\/image\/","url":"https:\/\/kaizendren.com\/wp-content\/uploads\/2023\/11\/kaizendren-logo-head.png","contentUrl":"https:\/\/kaizendren.com\/wp-content\/uploads\/2023\/11\/kaizendren-logo-head.png","width":336,"height":70,"caption":"Kaizendren"},"image":{"@id":"https:\/\/kaizendren.com\/#\/schema\/logo\/image\/"},"sameAs":["https:\/\/www.facebook.com\/kaizendren","https:\/\/www.instagram.com\/kaizendren","https:\/\/www.tiktok.com\/@kaizendren"]}]}},"_links":{"self":[{"href":"https:\/\/kaizendren.com\/hu\/wp-json\/wp\/v2\/pages\/35073","targetHints":{"allow":["GET"]}}],"collection":[{"href":"https:\/\/kaizendren.com\/hu\/wp-json\/wp\/v2\/pages"}],"about":[{"href":"https:\/\/kaizendren.com\/hu\/wp-json\/wp\/v2\/types\/page"}],"author":[{"embeddable":true,"href":"https:\/\/kaizendren.com\/hu\/wp-json\/wp\/v2\/users\/1"}],"replies":[{"embeddable":true,"href":"https:\/\/kaizendren.com\/hu\/wp-json\/wp\/v2\/comments?post=35073"}],"version-history":[{"count":2,"href":"https:\/\/kaizendren.com\/hu\/wp-json\/wp\/v2\/pages\/35073\/revisions"}],"predecessor-version":[{"id":334564,"href":"https:\/\/kaizendren.com\/hu\/wp-json\/wp\/v2\/pages\/35073\/revisions\/334564"}],"up":[{"embeddable":true,"href":"https:\/\/kaizendren.com\/hu\/wp-json\/wp\/v2\/pages\/291031"}],"wp:attachment":[{"href":"https:\/\/kaizendren.com\/hu\/wp-json\/wp\/v2\/media?parent=35073"}],"curies":[{"name":"wp","href":"https:\/\/api.w.org\/{rel}","templated":true}]}}