{"id":19,"date":"2023-11-22T16:18:07","date_gmt":"2023-11-22T14:18:07","guid":{"rendered":"https:\/\/kaizendren.com\/?page_id=19"},"modified":"2026-02-11T19:45:52","modified_gmt":"2026-02-11T17:45:52","slug":"visszateritesi-politika","status":"publish","type":"page","link":"https:\/\/kaizendren.com\/hu\/information\/return-policy\/","title":{"rendered":"Visszat\u00e9r\u00edt\u00e9si politika"},"content":{"rendered":"<h4 class=\"wp-block-heading\">30 napos visszak\u00fcld\u00e9si hat\u00e1rid\u0151 hib\u00e1s \u00e1ruk eset\u00e9n:<\/h4>\n\n\n\n<p>B\u00edzunk term\u00e9keink min\u0151s\u00e9g\u00e9ben, \u00e9s ha hib\u00e1s term\u00e9ket kap, probl\u00e9mamentes visszak\u00fcld\u00e9si elj\u00e1r\u00e1st k\u00edn\u00e1lunk. A k\u00e9zhezv\u00e9telt\u0151l sz\u00e1m\u00edtott 30 nap \u00e1ll rendelkez\u00e9s\u00e9re, hogy a gy\u00e1rt\u00e1si hiba miatt hib\u00e1snak vagy hib\u00e1snak \u00edt\u00e9lt term\u00e9k visszak\u00fcld\u00e9s\u00e9t megkezdje.<\/p>\n\n\n\n<p><p>A nem rendeltet\u00e9sszer\u0171 haszn\u00e1latnak, v\u00e9letlen s\u00e9r\u00fcl\u00e9snek, helytelen kezel\u00e9snek vagy a term\u00e9k\u00e1pol\u00e1si utas\u00edt\u00e1sok figyelmen k\u00edv\u00fcl hagy\u00e1s\u00e1nak kitett term\u00e9kek nem jogosultak a jelen szab\u00e1lyzat szerinti visszak\u00fcld\u00e9sre. A visszak\u00fcld\u00e9s csak a kaizendren.com oldalon vagy az azzal egyen\u00e9rt\u00e9k\u0171 aldomaineken online v\u00e1s\u00e1rolt term\u00e9kek eset\u00e9ben fogadhat\u00f3 el, \u00e9s nem fogadjuk el a harmadik f\u00e9lt\u0151l sz\u00e1rmaz\u00f3 forgalmaz\u00f3kt\u00f3l v\u00e1s\u00e1rolt term\u00e9keket.<\/p>\n<p>A hib\u00e1tlan term\u00e9k visszat\u00e9r\u00edt\u00e9s\u00e9re val\u00f3 jogosults\u00e1ghoz: a term\u00e9knek haszn\u00e1laton k\u00edv\u00fclinek \u00e9s ugyanolyan \u00e1llapotban kell lennie, mint ahogyan azt megkapta. A term\u00e9knek az eredeti csomagol\u00e1sban kell lennie, az \u00f6sszes c\u00edmk\u00e9vel \u00e9s c\u00edmk\u00e9vel egy\u00fctt.<\/p><\/p>\n\n\n\n<h4 class=\"wp-block-heading\">Visszat\u00e9r\u00e9si folyamat:<\/h4>\n\n\n\n<p>K\u00e9rj\u00fck, l\u00e9pjen kapcsolatba \u00fcgyf\u00e9lszolg\u00e1lati csapatunkkal a info@kaizendren.com c\u00edmen, hogy kezdem\u00e9nyezhesse a visszak\u00fcld\u00e9st. Meg kell adnia a megrendel\u00e9s\u00e9vel kapcsolatos inform\u00e1ci\u00f3kat, p\u00e9ld\u00e1ul a rendel\u00e9s sz\u00e1m\u00e1t \u00e9s a probl\u00e9ma egy\u00e9rtelm\u0171 magyar\u00e1zat\u00e1t. Seg\u00edt\u00fcnk \u00d6nnek a visszak\u00fcld\u00e9si folyamat sor\u00e1n, \u00e9s elmondjuk, hogy mi a k\u00f6vetkez\u0151 l\u00e9p\u00e9s.<\/p>\n\n\n\n<h4 class=\"wp-block-heading\">Visszasz\u00e1ll\u00edt\u00e1si k\u00f6lts\u00e9gek:<\/h4>\n\n\n\n<p>A term\u00e9k kisz\u00e1ll\u00edt\u00e1sa ut\u00e1n nem \u00e1ll m\u00f3dunkban visszat\u00e9r\u00edteni a sz\u00e1ll\u00edt\u00e1si k\u00f6lts\u00e9geket. Az els\u0151 30 napon bel\u00fcl visszak\u00fcld\u00f6tt hib\u00e1s term\u00e9kek eset\u00e9ben az Eur\u00f3pai Uni\u00f3n bel\u00fcl mi \u00e1lljuk a visszak\u00fcld\u00e9s k\u00f6lts\u00e9geit. Ha azonban olyan term\u00e9ket szeretne visszak\u00fcldeni, amelyet nem haszn\u00e1lt, mert meggondolta mag\u00e1t, akkor a visszak\u00fcld\u00e9s k\u00f6lts\u00e9geit mag\u00e1nak kell \u00e1llnia.<\/p>\n\n\n\n<h4 class=\"wp-block-heading\">Sikertelen vagy hi\u00e1nyz\u00f3 k\u00e9zbes\u00edt\u00e9s:<\/h4>\n\n\n\n<p>A csomagot a felad\u00f3 (Kaizendren) visszak\u00fcldi a megrendel\u0151 k\u00f6lts\u00e9g\u00e9re, ha a csomag k\u00e9zbes\u00edt\u00e9se a megadott sz\u00e1ll\u00edt\u00e1si c\u00edmre a megrendel\u0151 egy\u00fcttm\u0171k\u00f6d\u00e9s\u00e9nek hi\u00e1nya miatt (rossz vagy hib\u00e1s sz\u00e1ll\u00edt\u00e1si c\u00edm, hi\u00e1nyz\u00f3 c\u00edmzett stb.) nem lehets\u00e9ges.<\/p>\n\n\n\n<h4 class=\"wp-block-heading\">Ellen\u0151rz\u00e9s \u00e9s visszat\u00e9r\u00edt\u00e9s\/csere:<\/h4>\n\n\n\n<p>Amikor visszakapjuk a term\u00e9ket, szakk\u00e9pzett csapatunk ellen\u0151rzi, hogy az \u00d6n \u00e1ltal jelzett probl\u00e9ma fenn\u00e1ll-e. Ha \u00fagy tal\u00e1ljuk, hogy a term\u00e9k hib\u00e1s, akkor azt tessz\u00fck, amit k\u00e9rt: vagy visszat\u00e9r\u00edtj\u00fck az \u00e1r\u00e1t, vagy cser\u00e9t k\u00fcld\u00fcnk. Ez a folyamat ak\u00e1r 7 napot is ig\u00e9nybe vehet.<\/p>\n\n\n\n<h4 class=\"wp-block-heading\">K\u00e1rok \u00e9s k\u00e9rd\u00e9sek:<\/h4>\n\n\n\n<p>Gy\u0151z\u0151dj\u00f6n meg r\u00f3la, hogy minden alkatr\u00e9szt ellen\u0151riz \u00e9s megvizsg\u00e1l, amikor kinyitja a Kaizendren term\u00e9keket. Ha b\u00e1rmi t\u00f6r\u00f6ttet, hi\u00e1nyz\u00f3t vagy s\u00e9r\u00fcltet tal\u00e1l, \u00e9rtes\u00edtsen minket a lehet\u0151 leghamarabb, \u00e9s mi kijav\u00edtjuk \u00d6nnek.<\/p>\n\n\n\n<p>A megrendel\u00e9s k\u00e9zhezv\u00e9tel\u00e9t\u0151l sz\u00e1m\u00edtva 10 nap \u00e1ll rendelkez\u00e9s\u00e9re, hogy csereig\u00e9nyt k\u00fcldj\u00f6n a info@kaizendren.com c\u00edmre. Kiz\u00e1r\u00f3lag gy\u00e1rt\u00e1si hib\u00e1k, t\u00f6r\u00f6tt \u00e9s hi\u00e1nyz\u00f3 alkatr\u00e9szek eset\u00e9n fogadunk el cserek\u00e9relmeket. Felt\u00e9telezz\u00fck, hogy az els\u0151 10 nap ut\u00e1n keletkezett kisebb s\u00e9r\u00fcl\u00e9sek a term\u00e9k jelleg\u00e9b\u0151l ad\u00f3d\u00f3 norm\u00e1lis elhaszn\u00e1l\u00f3d\u00e1snak min\u0151s\u00fclnek.<\/p>\n\n\n\n<p>A k\u00e1rosod\u00e1snak ki kell hatnia a term\u00e9k m\u0171k\u00f6d\u00e9s\u00e9re. Ha a term\u00e9k sz\u00e1nd\u00e9kosan, v\u00e9letlen\u00fcl vagy helytelen haszn\u00e1lat k\u00f6vetkezt\u00e9ben s\u00e9r\u00fclt meg, jogunkban \u00e1ll nemet mondani a cser\u00e9re.<\/p>","protected":false},"excerpt":{"rendered":"<p>30 napos visszak\u00fcld\u00e9si id\u0151szak hib\u00e1s \u00e1ruk eset\u00e9n: Biztosak vagyunk term\u00e9keink min\u0151s\u00e9g\u00e9ben, \u00e9s ha hib\u00e1t tapasztal,<\/p>","protected":false},"author":1,"featured_media":0,"parent":291031,"menu_order":0,"comment_status":"closed","ping_status":"closed","template":"","meta":{"footnotes":""},"class_list":["post-19","page","type-page","status-publish","hentry"],"yoast_head":"<!-- This site is optimized with the Yoast SEO plugin v27.4 - https:\/\/yoast.com\/product\/yoast-seo-wordpress\/ -->\n<title>Return policy - Kaizendren<\/title>\n<meta name=\"robots\" content=\"index, follow, max-snippet:-1, max-image-preview:large, max-video-preview:-1\" \/>\n<link rel=\"canonical\" href=\"https:\/\/kaizendren.com\/hu\/informacio\/visszateritesi-politika\/\" \/>\n<meta property=\"og:locale\" content=\"hu_HU\" \/>\n<meta property=\"og:type\" content=\"article\" \/>\n<meta property=\"og:title\" content=\"Return policy - Kaizendren\" \/>\n<meta property=\"og:description\" content=\"30-day return period for faulty goods: We are confident in the quality of our products, and if you receive a\" \/>\n<meta property=\"og:url\" content=\"https:\/\/kaizendren.com\/hu\/informacio\/visszateritesi-politika\/\" \/>\n<meta property=\"og:site_name\" content=\"Kaizendren\" \/>\n<meta property=\"article:publisher\" content=\"https:\/\/www.facebook.com\/kaizendren\" \/>\n<meta property=\"article:modified_time\" content=\"2026-02-11T17:45:52+00:00\" \/>\n<meta property=\"og:image\" content=\"https:\/\/kaizendren.com\/wp-content\/uploads\/2023\/11\/insta-1.jpg\" \/>\n\t<meta property=\"og:image:width\" content=\"700\" \/>\n\t<meta property=\"og:image:height\" content=\"700\" \/>\n\t<meta property=\"og:image:type\" content=\"image\/jpeg\" \/>\n<meta name=\"twitter:card\" content=\"summary_large_image\" \/>\n<meta name=\"twitter:label1\" content=\"Becs\u00fclt olvas\u00e1si id\u0151\" \/>\n\t<meta name=\"twitter:data1\" content=\"3 perc\" \/>\n<script type=\"application\/ld+json\" class=\"yoast-schema-graph\">{\"@context\":\"https:\\\/\\\/schema.org\",\"@graph\":[{\"@type\":\"WebPage\",\"@id\":\"https:\\\/\\\/kaizendren.com\\\/information\\\/return-policy\\\/\",\"url\":\"https:\\\/\\\/kaizendren.com\\\/information\\\/return-policy\\\/\",\"name\":\"Return policy - Kaizendren\",\"isPartOf\":{\"@id\":\"https:\\\/\\\/kaizendren.com\\\/#website\"},\"datePublished\":\"2023-11-22T14:18:07+00:00\",\"dateModified\":\"2026-02-11T17:45:52+00:00\",\"breadcrumb\":{\"@id\":\"https:\\\/\\\/kaizendren.com\\\/information\\\/return-policy\\\/#breadcrumb\"},\"inLanguage\":\"hu\",\"potentialAction\":[{\"@type\":\"ReadAction\",\"target\":[\"https:\\\/\\\/kaizendren.com\\\/information\\\/return-policy\\\/\"]}]},{\"@type\":\"BreadcrumbList\",\"@id\":\"https:\\\/\\\/kaizendren.com\\\/information\\\/return-policy\\\/#breadcrumb\",\"itemListElement\":[{\"@type\":\"ListItem\",\"position\":1,\"name\":\"Home\",\"item\":\"https:\\\/\\\/kaizendren.com\\\/\"},{\"@type\":\"ListItem\",\"position\":2,\"name\":\"Information\",\"item\":\"https:\\\/\\\/kaizendren.com\\\/information\\\/\"},{\"@type\":\"ListItem\",\"position\":3,\"name\":\"Return policy\"}]},{\"@type\":\"WebSite\",\"@id\":\"https:\\\/\\\/kaizendren.com\\\/#website\",\"url\":\"https:\\\/\\\/kaizendren.com\\\/\",\"name\":\"Kaizendren\",\"description\":\"Our Focus Is Your Health, Relaxation And Recovery\",\"publisher\":{\"@id\":\"https:\\\/\\\/kaizendren.com\\\/#organization\"},\"potentialAction\":[{\"@type\":\"SearchAction\",\"target\":{\"@type\":\"EntryPoint\",\"urlTemplate\":\"https:\\\/\\\/kaizendren.com\\\/?s={search_term_string}\"},\"query-input\":{\"@type\":\"PropertyValueSpecification\",\"valueRequired\":true,\"valueName\":\"search_term_string\"}}],\"inLanguage\":\"hu\"},{\"@type\":\"Organization\",\"@id\":\"https:\\\/\\\/kaizendren.com\\\/#organization\",\"name\":\"Kaizendren\",\"url\":\"https:\\\/\\\/kaizendren.com\\\/\",\"logo\":{\"@type\":\"ImageObject\",\"inLanguage\":\"hu\",\"@id\":\"https:\\\/\\\/kaizendren.com\\\/#\\\/schema\\\/logo\\\/image\\\/\",\"url\":\"https:\\\/\\\/kaizendren.com\\\/wp-content\\\/uploads\\\/2023\\\/11\\\/kaizendren-logo-head.png\",\"contentUrl\":\"https:\\\/\\\/kaizendren.com\\\/wp-content\\\/uploads\\\/2023\\\/11\\\/kaizendren-logo-head.png\",\"width\":336,\"height\":70,\"caption\":\"Kaizendren\"},\"image\":{\"@id\":\"https:\\\/\\\/kaizendren.com\\\/#\\\/schema\\\/logo\\\/image\\\/\"},\"sameAs\":[\"https:\\\/\\\/www.facebook.com\\\/kaizendren\",\"https:\\\/\\\/www.instagram.com\\\/kaizendren\",\"https:\\\/\\\/www.tiktok.com\\\/@kaizendren\"]}]}<\/script>\n<!-- \/ Yoast SEO plugin. -->","yoast_head_json":{"title":"Visszat\u00e9r\u00e9si politika - Kaizendren","robots":{"index":"index","follow":"follow","max-snippet":"max-snippet:-1","max-image-preview":"max-image-preview:large","max-video-preview":"max-video-preview:-1"},"canonical":"https:\/\/kaizendren.com\/hu\/informacio\/visszateritesi-politika\/","og_locale":"hu_HU","og_type":"article","og_title":"Return policy - Kaizendren","og_description":"30-day return period for faulty goods: We are confident in the quality of our products, and if you receive a","og_url":"https:\/\/kaizendren.com\/hu\/informacio\/visszateritesi-politika\/","og_site_name":"Kaizendren","article_publisher":"https:\/\/www.facebook.com\/kaizendren","article_modified_time":"2026-02-11T17:45:52+00:00","og_image":[{"width":700,"height":700,"url":"https:\/\/kaizendren.com\/wp-content\/uploads\/2023\/11\/insta-1.jpg","type":"image\/jpeg"}],"twitter_card":"summary_large_image","twitter_misc":{"Becs\u00fclt olvas\u00e1si id\u0151":"3 perc"},"schema":{"@context":"https:\/\/schema.org","@graph":[{"@type":"WebPage","@id":"https:\/\/kaizendren.com\/information\/return-policy\/","url":"https:\/\/kaizendren.com\/information\/return-policy\/","name":"Visszat\u00e9r\u00e9si politika - Kaizendren","isPartOf":{"@id":"https:\/\/kaizendren.com\/#website"},"datePublished":"2023-11-22T14:18:07+00:00","dateModified":"2026-02-11T17:45:52+00:00","breadcrumb":{"@id":"https:\/\/kaizendren.com\/information\/return-policy\/#breadcrumb"},"inLanguage":"hu","potentialAction":[{"@type":"ReadAction","target":["https:\/\/kaizendren.com\/information\/return-policy\/"]}]},{"@type":"BreadcrumbList","@id":"https:\/\/kaizendren.com\/information\/return-policy\/#breadcrumb","itemListElement":[{"@type":"ListItem","position":1,"name":"Home","item":"https:\/\/kaizendren.com\/"},{"@type":"ListItem","position":2,"name":"Information","item":"https:\/\/kaizendren.com\/information\/"},{"@type":"ListItem","position":3,"name":"Return policy"}]},{"@type":"WebSite","@id":"https:\/\/kaizendren.com\/#website","url":"https:\/\/kaizendren.com\/","name":"Kaizendren","description":"Az \u00d6n eg\u00e9szs\u00e9ge, pihen\u00e9se \u00e9s fel\u00e9p\u00fcl\u00e9se a c\u00e9lunk","publisher":{"@id":"https:\/\/kaizendren.com\/#organization"},"potentialAction":[{"@type":"SearchAction","target":{"@type":"EntryPoint","urlTemplate":"https:\/\/kaizendren.com\/?s={search_term_string}"},"query-input":{"@type":"PropertyValueSpecification","valueRequired":true,"valueName":"search_term_string"}}],"inLanguage":"hu"},{"@type":"Organization","@id":"https:\/\/kaizendren.com\/#organization","name":"Kaizendren","url":"https:\/\/kaizendren.com\/","logo":{"@type":"ImageObject","inLanguage":"hu","@id":"https:\/\/kaizendren.com\/#\/schema\/logo\/image\/","url":"https:\/\/kaizendren.com\/wp-content\/uploads\/2023\/11\/kaizendren-logo-head.png","contentUrl":"https:\/\/kaizendren.com\/wp-content\/uploads\/2023\/11\/kaizendren-logo-head.png","width":336,"height":70,"caption":"Kaizendren"},"image":{"@id":"https:\/\/kaizendren.com\/#\/schema\/logo\/image\/"},"sameAs":["https:\/\/www.facebook.com\/kaizendren","https:\/\/www.instagram.com\/kaizendren","https:\/\/www.tiktok.com\/@kaizendren"]}]}},"_links":{"self":[{"href":"https:\/\/kaizendren.com\/hu\/wp-json\/wp\/v2\/pages\/19","targetHints":{"allow":["GET"]}}],"collection":[{"href":"https:\/\/kaizendren.com\/hu\/wp-json\/wp\/v2\/pages"}],"about":[{"href":"https:\/\/kaizendren.com\/hu\/wp-json\/wp\/v2\/types\/page"}],"author":[{"embeddable":true,"href":"https:\/\/kaizendren.com\/hu\/wp-json\/wp\/v2\/users\/1"}],"replies":[{"embeddable":true,"href":"https:\/\/kaizendren.com\/hu\/wp-json\/wp\/v2\/comments?post=19"}],"version-history":[{"count":3,"href":"https:\/\/kaizendren.com\/hu\/wp-json\/wp\/v2\/pages\/19\/revisions"}],"predecessor-version":[{"id":334580,"href":"https:\/\/kaizendren.com\/hu\/wp-json\/wp\/v2\/pages\/19\/revisions\/334580"}],"up":[{"embeddable":true,"href":"https:\/\/kaizendren.com\/hu\/wp-json\/wp\/v2\/pages\/291031"}],"wp:attachment":[{"href":"https:\/\/kaizendren.com\/hu\/wp-json\/wp\/v2\/media?parent=19"}],"curies":[{"name":"wp","href":"https:\/\/api.w.org\/{rel}","templated":true}]}}