{"id":35073,"date":"2023-12-07T16:03:42","date_gmt":"2023-12-07T14:03:42","guid":{"rendered":"https:\/\/kaizendren.com\/?page_id=35073"},"modified":"2026-02-11T19:29:02","modified_gmt":"2026-02-11T17:29:02","slug":"informations-sur-la-livraison-2","status":"publish","type":"page","link":"https:\/\/kaizendren.com\/fr\/information\/delivery-information\/","title":{"rendered":"Informations sur la livraison"},"content":{"rendered":"<h4 class=\"wp-block-heading\">Informations :<\/h4>\n\n\n\n<p>Chez Kaizendren, nous proposons \u00e0 nos clients des options de livraison \u00e0 domicile avec le courrier DPD\/DHL lors du paiement. Vous pouvez consulter les d\u00e9lais de livraison pour chaque pays\/r\u00e9gion ci-dessous.<\/p>\n\n\n\n<p>Le d\u00e9lai peut atteindre 2 \u00e0 5 jours ouvrables \u00e0 compter de la date d'exp\u00e9dition ou \u00eatre plus long pour les envois express internationaux, en fonction des probl\u00e8mes ou des retards \u00e9ventuels dans votre pays. Parfois, des probl\u00e8mes li\u00e9s \u00e0 la cha\u00eene d'approvisionnement mondiale peuvent \u00e9galement avoir une incidence sur le d\u00e9lai d'exp\u00e9dition.<\/p>\n\n\n\n<h4 class=\"wp-block-heading\">D\u00e9lai de livraison :<\/h4>\n\n\n\n<p>Veuillez noter que les d\u00e9lais de livraison peuvent varier. Les options d'exp\u00e9dition actuelles et les d\u00e9lais de livraison estim\u00e9s sont les suivants :<\/p>\n\n\n\n<p>Pays de l'Union europ\u00e9enne : <strong>2-5 jours ouvrables<\/strong>.<br>Royaume-Uni : <strong>2-3 jours ouvrables<\/strong>.<br>Sortie de l'Union europ\u00e9enne : <strong>5-14 jours ouvrables<\/strong>.<br>Lituanie : <strong>1-2 jours ouvrables<\/strong>.<br>Lettonie : <strong>2-3 jours ouvrables<\/strong>.<br>Estonie : <strong>2-3 jours ouvrables<\/strong>.<br>Pologne : <strong>2-3 jours ouvrables<\/strong>.<br>Finlande : <strong>2-5 jours ouvrables<\/strong>.<br>Autriche : <strong>2-4 jours ouvrables<\/strong>.<br>Belgique : <strong>2-4 jours ouvrables<\/strong>.<br>R\u00e9publique tch\u00e8que : <strong>2-4 jours ouvrables<\/strong>.<br>Danemark : <strong>2-4 jours ouvrables<\/strong>.<br>Luxembourg : <strong>2-4 jours ouvrables<\/strong>.<br>Pays-Bas : <strong>2-4 jours ouvrables<\/strong>.<br>France : <strong>2-4 jours ouvrables<\/strong>.<br>Slovaquie : <strong>2-5 jours ouvrables<\/strong>.<br>Allemagne : <strong>2-4 jours ouvrables<\/strong>.<br>Italie : <strong>3-6 jours ouvrables<\/strong>.<br>Croatie : <strong>2-6 jours ouvrables<\/strong>.<br>Slov\u00e9nie : <strong>2-5 jours ouvrables<\/strong>.<br>Su\u00e8de : <strong>2-5 jours ouvrables<\/strong>.<br>Hongrie : <strong>2-4 jours ouvrables<\/strong>.<br>Irlande : <strong>3-6 jours ouvrables<\/strong>.<br>Bulgarie : <strong>3-6 jours ouvrables<\/strong>.<br>Gr\u00e8ce : <strong>3-6 jours ouvrables<\/strong>.<br>Espagne : <strong>3-5 jours ouvrables<\/strong>.<br>Portugal : <strong>3-6 jours ouvrables<\/strong>.<br>Roumanie : <strong>2-5 jours ouvrables<\/strong>.<br>Suisse : <strong>5-12 jours ouvrables<\/strong>.<br>Norv\u00e8ge : <strong>5-12 jours ouvrables<\/strong>.<br>Serbie : <strong>5-12 jours ouvrables<\/strong>.<br>Bosnie-Herz\u00e9govine : <strong>5-12 jours ouvrables<\/strong>.<br>Mont\u00e9n\u00e9gro : <strong>5-12 jours ouvrables<\/strong>.<br>Albanie : <strong>5-12 jours ouvrables<\/strong>.<br><br><\/p>\n\n\n\n<h4 class=\"wp-block-heading\">Destinations de livraison :<\/h4>\n\n\n\n<p>Nous proposons un service de livraison \u00e0 domicile dans les pays suivants : Grande-Bretagne, Lituanie, Lettonie, Estonie, Pologne, Finlande, Autriche, Belgique, R\u00e9publique tch\u00e8que, Danemark, Luxembourg, Pays-Bas, France, Slovaquie, Allemagne, Italie, Croatie, Slov\u00e9nie, Su\u00e8de, Hongrie, Irlande, Bulgarie, Gr\u00e8ce, Espagne, Portugal, Roumanie, Suisse, Norv\u00e8ge, Serbie, Bosnie-Herz\u00e9govine, Mont\u00e9n\u00e9gro, Albanie.<\/p>\n\n\n\n<h4 class=\"wp-block-heading\">\u00c9chec ou absence de livraison :<\/h4>\n\n\n\n<p>Le colis sera retourn\u00e9 \u00e0 l'exp\u00e9diteur (Kaizendren) aux frais du client si la livraison du colis \u00e0 l'adresse de livraison indiqu\u00e9e est emp\u00each\u00e9e par le manque de coop\u00e9ration du client (adresse de livraison erron\u00e9e ou incorrecte, destinataire absent, etc.)<\/p>\n\n\n\n<h4 class=\"wp-block-heading\">Les articles n'ont pas \u00e9t\u00e9 re\u00e7us mais le suivi indique qu'ils ont \u00e9t\u00e9 livr\u00e9s :<\/h4>\n\n\n\n<p>Nous n'\u00e9changeons ni ne remboursons les articles dont le service de livraison a indiqu\u00e9 qu'ils ont \u00e9t\u00e9 livr\u00e9s. C'est pourquoi nous vous recommandons de toujours choisir un endroit s\u00fbr pour la livraison de vos colis. Lorsque l'envoi arrive \u00e0 l'adresse que vous avez indiqu\u00e9e, le service de livraison indique qu'il a \u00e9t\u00e9 livr\u00e9. Nous vous conseillons de v\u00e9rifier votre bo\u00eete aux lettres, d'appeler le service de livraison ou de contacter votre bureau de poste local si vous n'avez pas re\u00e7u votre commande alors qu'elle \u00e9tait marqu\u00e9e comme livr\u00e9e.<\/p>\n\n\n\n<h4 class=\"wp-block-heading\">Colis refus\u00e9s par les douanes :<\/h4>\n\n\n\n<p>Nous ne remboursons pas les droits de douane ou les frais d'importation. Chaque client doit payer les droits d'importation et les taxes de son pays. Si vous ne payez pas les droits de douane et que votre commande nous est renvoy\u00e9e, nous vous rembourserons le prix d'achat moins tous les frais d'exp\u00e9dition et de douane. L'article doit \u00eatre intact et revendable pour que le remboursement s'applique. Le montant exact vous sera envoy\u00e9 par courrier \u00e9lectronique lorsque nous aurons re\u00e7u l'article retourn\u00e9.<\/p>\n\n\n\n<p>Veuillez noter que nous payons deux fois les frais d'exp\u00e9dition lorsqu'un colis nous est renvoy\u00e9. Une fois lorsque nous vous l'envoyons et une fois lorsque nous vous le renvoyons. Ces deux frais d'exp\u00e9dition seront d\u00e9duits du montant de votre remboursement.<\/p>","protected":false},"excerpt":{"rendered":"<p>Information : Chez Kaizendren, nous proposons \u00e0 nos clients la livraison \u00e0 domicile par DPD\/DHL au moment du paiement. Vous pouvez suivre votre commande.<\/p>","protected":false},"author":1,"featured_media":0,"parent":291031,"menu_order":0,"comment_status":"closed","ping_status":"closed","template":"","meta":{"footnotes":""},"class_list":["post-35073","page","type-page","status-publish","hentry"],"yoast_head":"<!-- This site is optimized with the Yoast SEO plugin v27.4 - https:\/\/yoast.com\/product\/yoast-seo-wordpress\/ -->\n<title>Delivery information - Kaizendren<\/title>\n<meta name=\"robots\" content=\"index, follow, max-snippet:-1, max-image-preview:large, max-video-preview:-1\" \/>\n<link rel=\"canonical\" href=\"https:\/\/kaizendren.com\/fr\/linformation\/informations-sur-la-livraison-2\/\" \/>\n<meta property=\"og:locale\" content=\"fr_FR\" \/>\n<meta property=\"og:type\" content=\"article\" \/>\n<meta property=\"og:title\" content=\"Delivery information - Kaizendren\" \/>\n<meta property=\"og:description\" content=\"Information: At Kaizendren, we offer our customers home delivery options with DPD\/DHL courrier at checkout. You can see the delivery\" \/>\n<meta property=\"og:url\" content=\"https:\/\/kaizendren.com\/fr\/linformation\/informations-sur-la-livraison-2\/\" \/>\n<meta property=\"og:site_name\" content=\"Kaizendren\" \/>\n<meta property=\"article:publisher\" content=\"https:\/\/www.facebook.com\/kaizendren\" \/>\n<meta property=\"article:modified_time\" content=\"2026-02-11T17:29:02+00:00\" \/>\n<meta property=\"og:image\" content=\"https:\/\/kaizendren.com\/wp-content\/uploads\/2023\/11\/insta-1.jpg\" \/>\n\t<meta property=\"og:image:width\" content=\"700\" \/>\n\t<meta property=\"og:image:height\" content=\"700\" \/>\n\t<meta property=\"og:image:type\" content=\"image\/jpeg\" \/>\n<meta name=\"twitter:card\" content=\"summary_large_image\" \/>\n<meta name=\"twitter:label1\" content=\"Dur\u00e9e de lecture estim\u00e9e\" \/>\n\t<meta name=\"twitter:data1\" content=\"3 minutes\" \/>\n<script type=\"application\/ld+json\" class=\"yoast-schema-graph\">{\"@context\":\"https:\\\/\\\/schema.org\",\"@graph\":[{\"@type\":\"WebPage\",\"@id\":\"https:\\\/\\\/kaizendren.com\\\/information\\\/delivery-information\\\/\",\"url\":\"https:\\\/\\\/kaizendren.com\\\/information\\\/delivery-information\\\/\",\"name\":\"Delivery information - Kaizendren\",\"isPartOf\":{\"@id\":\"https:\\\/\\\/kaizendren.com\\\/#website\"},\"datePublished\":\"2023-12-07T14:03:42+00:00\",\"dateModified\":\"2026-02-11T17:29:02+00:00\",\"breadcrumb\":{\"@id\":\"https:\\\/\\\/kaizendren.com\\\/information\\\/delivery-information\\\/#breadcrumb\"},\"inLanguage\":\"fr-FR\",\"potentialAction\":[{\"@type\":\"ReadAction\",\"target\":[\"https:\\\/\\\/kaizendren.com\\\/information\\\/delivery-information\\\/\"]}]},{\"@type\":\"BreadcrumbList\",\"@id\":\"https:\\\/\\\/kaizendren.com\\\/information\\\/delivery-information\\\/#breadcrumb\",\"itemListElement\":[{\"@type\":\"ListItem\",\"position\":1,\"name\":\"Home\",\"item\":\"https:\\\/\\\/kaizendren.com\\\/\"},{\"@type\":\"ListItem\",\"position\":2,\"name\":\"Information\",\"item\":\"https:\\\/\\\/kaizendren.com\\\/information\\\/\"},{\"@type\":\"ListItem\",\"position\":3,\"name\":\"Delivery information\"}]},{\"@type\":\"WebSite\",\"@id\":\"https:\\\/\\\/kaizendren.com\\\/#website\",\"url\":\"https:\\\/\\\/kaizendren.com\\\/\",\"name\":\"Kaizendren\",\"description\":\"Our Focus Is Your Health, Relaxation And Recovery\",\"publisher\":{\"@id\":\"https:\\\/\\\/kaizendren.com\\\/#organization\"},\"potentialAction\":[{\"@type\":\"SearchAction\",\"target\":{\"@type\":\"EntryPoint\",\"urlTemplate\":\"https:\\\/\\\/kaizendren.com\\\/?s={search_term_string}\"},\"query-input\":{\"@type\":\"PropertyValueSpecification\",\"valueRequired\":true,\"valueName\":\"search_term_string\"}}],\"inLanguage\":\"fr-FR\"},{\"@type\":\"Organization\",\"@id\":\"https:\\\/\\\/kaizendren.com\\\/#organization\",\"name\":\"Kaizendren\",\"url\":\"https:\\\/\\\/kaizendren.com\\\/\",\"logo\":{\"@type\":\"ImageObject\",\"inLanguage\":\"fr-FR\",\"@id\":\"https:\\\/\\\/kaizendren.com\\\/#\\\/schema\\\/logo\\\/image\\\/\",\"url\":\"https:\\\/\\\/kaizendren.com\\\/wp-content\\\/uploads\\\/2023\\\/11\\\/kaizendren-logo-head.png\",\"contentUrl\":\"https:\\\/\\\/kaizendren.com\\\/wp-content\\\/uploads\\\/2023\\\/11\\\/kaizendren-logo-head.png\",\"width\":336,\"height\":70,\"caption\":\"Kaizendren\"},\"image\":{\"@id\":\"https:\\\/\\\/kaizendren.com\\\/#\\\/schema\\\/logo\\\/image\\\/\"},\"sameAs\":[\"https:\\\/\\\/www.facebook.com\\\/kaizendren\",\"https:\\\/\\\/www.instagram.com\\\/kaizendren\",\"https:\\\/\\\/www.tiktok.com\\\/@kaizendren\"]}]}<\/script>\n<!-- \/ Yoast SEO plugin. -->","yoast_head_json":{"title":"Informations sur la livraison - Kaizendren","robots":{"index":"index","follow":"follow","max-snippet":"max-snippet:-1","max-image-preview":"max-image-preview:large","max-video-preview":"max-video-preview:-1"},"canonical":"https:\/\/kaizendren.com\/fr\/linformation\/informations-sur-la-livraison-2\/","og_locale":"fr_FR","og_type":"article","og_title":"Delivery information - Kaizendren","og_description":"Information: At Kaizendren, we offer our customers home delivery options with DPD\/DHL courrier at checkout. You can see the delivery","og_url":"https:\/\/kaizendren.com\/fr\/linformation\/informations-sur-la-livraison-2\/","og_site_name":"Kaizendren","article_publisher":"https:\/\/www.facebook.com\/kaizendren","article_modified_time":"2026-02-11T17:29:02+00:00","og_image":[{"width":700,"height":700,"url":"https:\/\/kaizendren.com\/wp-content\/uploads\/2023\/11\/insta-1.jpg","type":"image\/jpeg"}],"twitter_card":"summary_large_image","twitter_misc":{"Dur\u00e9e de lecture estim\u00e9e":"3 minutes"},"schema":{"@context":"https:\/\/schema.org","@graph":[{"@type":"WebPage","@id":"https:\/\/kaizendren.com\/information\/delivery-information\/","url":"https:\/\/kaizendren.com\/information\/delivery-information\/","name":"Informations sur la livraison - Kaizendren","isPartOf":{"@id":"https:\/\/kaizendren.com\/#website"},"datePublished":"2023-12-07T14:03:42+00:00","dateModified":"2026-02-11T17:29:02+00:00","breadcrumb":{"@id":"https:\/\/kaizendren.com\/information\/delivery-information\/#breadcrumb"},"inLanguage":"fr-FR","potentialAction":[{"@type":"ReadAction","target":["https:\/\/kaizendren.com\/information\/delivery-information\/"]}]},{"@type":"BreadcrumbList","@id":"https:\/\/kaizendren.com\/information\/delivery-information\/#breadcrumb","itemListElement":[{"@type":"ListItem","position":1,"name":"Home","item":"https:\/\/kaizendren.com\/"},{"@type":"ListItem","position":2,"name":"Information","item":"https:\/\/kaizendren.com\/information\/"},{"@type":"ListItem","position":3,"name":"Delivery information"}]},{"@type":"WebSite","@id":"https:\/\/kaizendren.com\/#website","url":"https:\/\/kaizendren.com\/","name":"Les avantages de l'assurance maladie","description":"Notre objectif est votre sant\u00e9, votre d\u00e9tente et votre r\u00e9tablissement","publisher":{"@id":"https:\/\/kaizendren.com\/#organization"},"potentialAction":[{"@type":"SearchAction","target":{"@type":"EntryPoint","urlTemplate":"https:\/\/kaizendren.com\/?s={search_term_string}"},"query-input":{"@type":"PropertyValueSpecification","valueRequired":true,"valueName":"search_term_string"}}],"inLanguage":"fr-FR"},{"@type":"Organization","@id":"https:\/\/kaizendren.com\/#organization","name":"Les avantages de l'assurance maladie","url":"https:\/\/kaizendren.com\/","logo":{"@type":"ImageObject","inLanguage":"fr-FR","@id":"https:\/\/kaizendren.com\/#\/schema\/logo\/image\/","url":"https:\/\/kaizendren.com\/wp-content\/uploads\/2023\/11\/kaizendren-logo-head.png","contentUrl":"https:\/\/kaizendren.com\/wp-content\/uploads\/2023\/11\/kaizendren-logo-head.png","width":336,"height":70,"caption":"Kaizendren"},"image":{"@id":"https:\/\/kaizendren.com\/#\/schema\/logo\/image\/"},"sameAs":["https:\/\/www.facebook.com\/kaizendren","https:\/\/www.instagram.com\/kaizendren","https:\/\/www.tiktok.com\/@kaizendren"]}]}},"_links":{"self":[{"href":"https:\/\/kaizendren.com\/fr\/wp-json\/wp\/v2\/pages\/35073","targetHints":{"allow":["GET"]}}],"collection":[{"href":"https:\/\/kaizendren.com\/fr\/wp-json\/wp\/v2\/pages"}],"about":[{"href":"https:\/\/kaizendren.com\/fr\/wp-json\/wp\/v2\/types\/page"}],"author":[{"embeddable":true,"href":"https:\/\/kaizendren.com\/fr\/wp-json\/wp\/v2\/users\/1"}],"replies":[{"embeddable":true,"href":"https:\/\/kaizendren.com\/fr\/wp-json\/wp\/v2\/comments?post=35073"}],"version-history":[{"count":2,"href":"https:\/\/kaizendren.com\/fr\/wp-json\/wp\/v2\/pages\/35073\/revisions"}],"predecessor-version":[{"id":334564,"href":"https:\/\/kaizendren.com\/fr\/wp-json\/wp\/v2\/pages\/35073\/revisions\/334564"}],"up":[{"embeddable":true,"href":"https:\/\/kaizendren.com\/fr\/wp-json\/wp\/v2\/pages\/291031"}],"wp:attachment":[{"href":"https:\/\/kaizendren.com\/fr\/wp-json\/wp\/v2\/media?parent=35073"}],"curies":[{"name":"wp","href":"https:\/\/api.w.org\/{rel}","templated":true}]}}