{"id":3,"date":"2023-10-25T11:27:08","date_gmt":"2023-10-25T11:27:08","guid":{"rendered":"https:\/\/kaizendren.com\/?page_id=3"},"modified":"2026-02-11T19:52:32","modified_gmt":"2026-02-11T17:52:32","slug":"politique-de-confidentialite-2","status":"publish","type":"page","link":"https:\/\/kaizendren.com\/fr\/information\/privacy-policy\/","title":{"rendered":"Politique de confidentialit\u00e9"},"content":{"rendered":"<h4 class=\"wp-block-heading\">Accessibilit\u00e9 de l'information (r\u00e9sum\u00e9 de la l\u00e9gislation)<\/h4>\n\n\n\n<p>Le prestataire s'engage \u00e0 toujours fournir au client les informations suivantes :<br>a) l'identit\u00e9 de l'entreprise (nom de l'entreprise et si\u00e8ge social, num\u00e9ro de registre),<br>b) les coordonn\u00e9es permettant \u00e0 l'utilisateur de communiquer rapidement et efficacement (e-mail, t\u00e9l\u00e9phone),<br>c) les caract\u00e9ristiques essentielles des biens ou des services (y compris les services apr\u00e8s-vente et les garanties),<br>d) la disponibilit\u00e9 des produits (chaque produit ou service propos\u00e9 sur le site web doit \u00eatre disponible dans un d\u00e9lai raisonnable),<br>e) les conditions de livraison du produit ou d'ex\u00e9cution du service (mode, lieu et d\u00e9lai de livraison),<br>f) tous les prix doivent \u00eatre sp\u00e9cifi\u00e9s clairement et sans ambigu\u00eft\u00e9 et il doit \u00eatre clairement indiqu\u00e9 s'ils incluent d\u00e9j\u00e0 les taxes et les frais de transport,<br>g) le mode de paiement et de livraison,<br>h) la dur\u00e9e de validit\u00e9 de l'offre,<br>i) le d\u00e9lai pendant lequel il est encore possible de r\u00e9silier le contrat et les conditions de r\u00e9siliation ; en outre, si le client doit renvoyer le produit et combien cela lui co\u00fbtera,<br>j) une explication de la proc\u00e9dure de r\u00e9clamation, y compris toutes les informations relatives \u00e0 la personne de contact ou au service client\u00e8le.<br>En confirmant la commande, chaque acheteur accepte les conditions commerciales et d'utilisation.<\/p>\n\n\n\n<h4 class=\"wp-block-heading\">Contact<\/h4>\n\n\n\n<p>Si vous avez besoin d'informations ou d'aide concernant les offres en ligne, les commandes, la livraison en ligne, l'utilisation du site web ou le retour de marchandises, vous pouvez nous contacter \u00e0 l'adresse \u00e9lectronique suivante : info@kaizendren.com ou au num\u00e9ro +370 000 0000.<\/p>\n\n\n\n<h4 class=\"wp-block-heading\">Contrat - commande<\/h4>\n\n\n\n<p>Le contrat de vente entre le fournisseur et l'acheteur est conclu au moment o\u00f9 le fournisseur confirme la commande et o\u00f9 l'acheteur re\u00e7oit un courrier \u00e9lectronique. \u00c0 partir de ce moment, tous les prix et autres conditions sont fix\u00e9s et s'appliquent \u00e0 la fois au fournisseur et \u00e0 l'acheteur. En confirmant l'achat, l'acheteur accepte les conditions g\u00e9n\u00e9rales. Le contrat conclu entre le fournisseur et l'utilisateur est stock\u00e9 en permanence au si\u00e8ge de Kaizendren MB ou sur un serveur distant d\u00fbment s\u00e9curis\u00e9 du fournisseur. L'utilisateur peut en obtenir une copie en envoyant un e-mail \u00e0 l'adresse suivante : info@kaizendren.com. L'acheteur re\u00e7oit une copie du contrat (commande) \u00e0 son adresse e-mail apr\u00e8s avoir pass\u00e9 la commande.<\/p>\n\n\n\n<h4 class=\"wp-block-heading\">Prix des produits<\/h4>\n\n\n\n<p>Les prix des produits sont indiqu\u00e9s en euros et sont valables au jour de la commande. Les prix s'entendent TVA comprise, le fournisseur \u00e9tant assujetti \u00e0 la TVA. Nous nous r\u00e9servons le droit de modifier les prix sans pr\u00e9avis. Lorsque le client confirme sa commande dans la boutique en ligne, les prix publi\u00e9s au moment de la commande s'appliquent. Les prix sont indiqu\u00e9s de mani\u00e8re appropri\u00e9e dans la boutique en ligne et s'appliquent \u00e0 tous les clients. Les frais de livraison ne sont pas inclus dans le prix du produit.<\/p>\n\n\n\n<h4 class=\"wp-block-heading\">Codes promotionnels<\/h4>\n\n\n\n<p>Conditions de coop\u00e9ration :<\/p>\n\n\n\n<ol class=\"wp-block-list\">\n<li>Le code promo n'est pas valable sur le produit du mois.<\/li>\n\n\n\n<li>Le produit du mois est d\u00e9termin\u00e9 par le site web et peut changer chaque mois.<\/li>\n\n\n\n<li>Le code promo peut \u00eatre utilis\u00e9 pour l'achat de tous les autres produits du site.<\/li>\n\n\n\n<li>Le code promo est valable pour une utilisation par achat individuel.<\/li>\n\n\n\n<li>Le code promotionnel n'est pas cumulable avec d'autres r\u00e9ductions ou promotions.<\/li>\n\n\n\n<li>Le site se r\u00e9serve le droit de modifier ou d'annuler le code promo sans pr\u00e9avis.<\/li>\n\n\n\n<li>Le code promotionnel n'a pas de valeur mon\u00e9taire et ne peut \u00eatre \u00e9chang\u00e9 contre de l'argent.<\/li>\n<\/ol>\n\n\n\n<h4 class=\"wp-block-heading\">Paiement<\/h4>\n\n\n\n<p>La boutique en ligne permet de payer les produits en contre-remboursement et par virement bancaire \u00e0 TRR. L'acheteur re\u00e7oit, en m\u00eame temps que les produits exp\u00e9di\u00e9s, une facture avec le d\u00e9tail des co\u00fbts. Le paiement n'est possible qu'en une seule fois.<br><br>- Avec la m\u00e9thode du contre-remboursement, l'acheteur paie en esp\u00e8ces lorsque le bureau de poste livre l'envoi. Le contre-remboursement n'est possible que si l'adresse de facturation est la m\u00eame que l'adresse de livraison.<br>- En cas de paiement par facture proforma, l'acheteur recevra la facture proforma \u00e0 son adresse \u00e9lectronique dans un d\u00e9lai de trois jours sur la base de la commande conclue. Apr\u00e8s r\u00e9ception du virement, le fournisseur envoie les produits command\u00e9s au client par courrier.<\/p>\n\n\n\n<p>Le paiement des produits command\u00e9s dans des pays autres que la Slov\u00e9nie n'est possible que sur la base d'une transaction bancaire directe (facture anticip\u00e9e).<\/p>\n\n\n\n<h4 class=\"wp-block-heading\">Projet de loi<\/h4>\n\n\n\n<p>La facture est \u00e9mise lors de la livraison et sera jointe au produit.<\/p>\n\n\n\n<h4 class=\"wp-block-heading\">Livraison<\/h4>\n\n\n\n<p>Le fournisseur envoie les marchandises command\u00e9es dans les deux jours ouvrables suivant la r\u00e9ception de la commande (en cas de paiement contre remboursement) ou dans les deux jours ouvrables suivant la r\u00e9ception du paiement (en cas de virement au TRR). Le d\u00e9lai de livraison d\u00e9pend du service de livraison et peut aller de un \u00e0 cinq jours ouvrables \u00e0 compter du jour de la livraison. Le partenaire contractuel pour la livraison des colis est DPD\/DHL. Lors de l'achat de marchandises, les frais d'exp\u00e9dition sont \u00e0 la charge de l'acheteur et s'\u00e9l\u00e8vent \u00e0 9,99 euros.<\/p>\n\n\n\n<h4 class=\"wp-block-heading\">le droit de renoncer \u00e0 l'achat, de retourner les marchandises, de rembourser le paiement<\/h4>\n\n\n\n<p>Avant que le client ne passe sa commande, un aper\u00e7u de la commande lui est ouvert, sur la base duquel il peut v\u00e9rifier les informations qu'il a remplies aux fins de la passation de la commande. En cas de saisie incorrecte, l'acheteur peut corriger les erreurs dans le panier. Si le site ne veut pas soumettre la commande, il peut fermer ou quitter la soumission de la commande et ainsi interrompre la soumission et la confirmation de la commande.<\/p>\n\n\n\n<p>le droit de renoncer \u00e0 l'achat, de retourner les marchandises, de rembourser le paiement<\/p>\n\n\n\n<p>L'acheteur a le droit de r\u00e9silier le contrat ou la commande dans un d\u00e9lai de 14 jours \u00e0 compter de la r\u00e9ception de la marchandise aupr\u00e8s du fournisseur \u00e0 l'adresse \u00e9lectronique : info@kaizendren.com, sans avoir \u00e0 motiver sa d\u00e9cision.<\/p>\n\n\n\n<p>Si l'acheteur a d\u00e9j\u00e0 re\u00e7u les marchandises et qu'il se r\u00e9tracte, il doit les renvoyer intactes et dans la m\u00eame quantit\u00e9 au fournisseur\/\u00e0 la soci\u00e9t\u00e9 dans un d\u00e9lai de 14 jours \u00e0 compter de l'envoi du message indiquant qu'il se r\u00e9tracte. Les seuls frais factur\u00e9s \u00e0 l'acheteur dans le cadre de la r\u00e9tractation du contrat sont les frais de renvoi des produits.<\/p>\n\n\n\n<p>Le formulaire de r\u00e9siliation du contrat d'article est disponible pour l'utilisateur ici.<\/p>\n\n\n\n<p>L'acheteur doit retourner les marchandises re\u00e7ues intactes et non modifi\u00e9es, \u00e0 moins que les marchandises ne soient endommag\u00e9es sans faute de la part de l'acheteur.<\/p>\n\n\n\n<p>Nous restituerons les paiements effectu\u00e9s \u00e0 l'acheteur d\u00e8s que possible, mais au plus tard dans les 14 jours suivant la r\u00e9ception de la notification de r\u00e9tractation du contrat. L'entreprise renvoie les paiements re\u00e7us \u00e0 l'acheteur en utilisant le m\u00eame moyen de paiement que celui utilis\u00e9 par l'acheteur (le plus souvent un paiement sur un compte de transaction), \u00e0 moins que le consommateur n'ait explicitement demand\u00e9 l'utilisation d'un autre moyen de paiement et que l'acheteur ne supporte aucun co\u00fbt de ce fait.<\/p>\n\n\n\n<p>Conform\u00e9ment \u00e0 l'article 43, paragraphe 5, de la loi sur la protection des consommateurs, l'acheteur n'a pas le droit de r\u00e9silier le contrat (achat) s'il s'agit d'un produit fabriqu\u00e9 selon les instructions pr\u00e9cises de l'acheteur et adapt\u00e9 \u00e0 ses besoins personnels.<\/p>\n\n\n\n<h4 class=\"wp-block-heading\">Plaintes<\/h4>\n\n\n\n<p>Le fournisseur met tout en \u0153uvre pour assurer la meilleure qualit\u00e9 possible du produit. S'il s'av\u00e8re n\u00e9anmoins que le produit re\u00e7u par l'acheteur pr\u00e9sente un d\u00e9faut, il en informe le prestataire par e-mail, qui informe l'acheteur de la proc\u00e9dure de r\u00e9solution de la r\u00e9clamation. Le fournisseur se r\u00e9serve le droit de rejeter la r\u00e9clamation dans le cas o\u00f9 l'inutilisabilit\u00e9 du produit ou les dommages caus\u00e9s par un comportement incorrect de l'acheteur<\/p>\n\n\n\n<h4 class=\"wp-block-heading\">Une erreur factuelle<\/h4>\n\n\n\n<p>Le consommateur peut faire valoir ses droits en cas de d\u00e9faut mat\u00e9riel s'il informe le vendeur du d\u00e9faut dans un d\u00e9lai de deux mois \u00e0 compter de la d\u00e9couverte du d\u00e9faut. Le consommateur doit d\u00e9crire pr\u00e9cis\u00e9ment le d\u00e9faut dans la notification et permettre au vendeur d'inspecter le bien.<\/p>\n\n\n\n<p>Le vendeur n'est pas responsable des d\u00e9fauts mat\u00e9riels des marchandises qui se manifestent apr\u00e8s une p\u00e9riode de deux ans \u00e0 compter de la livraison de l'article. Un d\u00e9faut de la marchandise est consid\u00e9r\u00e9 comme ayant d\u00e9j\u00e0 exist\u00e9 au moment de la livraison s'il appara\u00eet dans les six mois suivant la livraison.<\/p>\n\n\n\n<p>Le consommateur, qui a correctement inform\u00e9 le vendeur de l'erreur, a le droit d'exiger du vendeur que :<\/p>\n\n\n\n<p>rectifier le d\u00e9faut des marchandises ou restituer une partie du montant pay\u00e9 proportionnellement au d\u00e9faut ou<\/p>\n\n\n\n<p>remplace la marchandise d\u00e9fectueuse par une nouvelle marchandise irr\u00e9prochable ou<\/p>\n\n\n\n<p>renvoie le montant pay\u00e9.<\/p>\n\n\n\n<h4 class=\"wp-block-heading\">Communication<\/h4>\n\n\n\n<p>Le prestataire contactera l'utilisateur par le biais de moyens de communication \u00e0 distance, si l'utilisateur ne s'y oppose pas express\u00e9ment. Les courriers \u00e9lectroniques publicitaires contiendront les \u00e9l\u00e9ments suivants :<br>\u2013 L\u2019exp\u00e9diteur sera clairement visible.<br>\u2013 Ils seront clairement et sans ambigu\u00eft\u00e9 identifi\u00e9s comme messages publicitaires.<br>Les diff\u00e9rentes campagnes, promotions et autres techniques de marketing seront clairement identifi\u00e9es. Les conditions de participation seront \u00e9galement d\u00e9finies.<br>\u2013 La proc\u00e9dure pour se d\u00e9sabonner des messages publicitaires sera clairement indiqu\u00e9e.<br>\u2013 Le fournisseur respectera express\u00e9ment le souhait de l&#039;utilisateur de ne pas recevoir de messages publicitaires.<br>Les m\u00eames conditions que sur notre boutique en ligne s&#039;appliquent aux ventes par t\u00e9l\u00e9phone. Un achat rapide et s\u00e9curis\u00e9 est \u00e9galement garanti.<\/p>\n\n\n\n<h4 class=\"wp-block-heading\">Protection des donn\u00e9es personnelles<\/h4>\n\n\n\n<p>Les informations fournies par l'acheteur sont strictement confidentielles et sont trait\u00e9es conform\u00e9ment \u00e0 la loi sur la protection des donn\u00e9es personnelles (Journal officiel de la RS n\u00b0 59\/1999, 57\/2001, 59\/2001 r\u00e9vis\u00e9) et \u00e0 la loi sur la protection des consommateurs - ZVPot-UPB1 (texte officiel consolid\u00e9 - Journal officiel de la RS, n\u00b0 14\/03). Le fournisseur s'engage \u00e0 prot\u00e9ger en permanence toutes les donn\u00e9es personnelles de l'utilisateur. Le fournisseur utilisera les donn\u00e9es personnelles exclusivement aux fins de l'ex\u00e9cution de la commande (envoi de mat\u00e9riel d'information, d'offres, de factures) et d'autres communications. Les donn\u00e9es de l'utilisateur ne seront en aucun cas communiqu\u00e9es \u00e0 des personnes non autoris\u00e9es. L'utilisateur est \u00e9galement responsable de la protection de ses donn\u00e9es personnelles en assurant la s\u00e9curit\u00e9 et la protection de son nom d'utilisateur et de son mot de passe.<\/p>\n\n\n\n<h4 class=\"wp-block-heading\">Plaintes et litiges<\/h4>\n\n\n\n<p>R\u00e8glement extrajudiciaire des litiges de consommation<\/p>\n\n\n\n<p>Conform\u00e9ment aux normes l\u00e9gales, Kaizendren MB. ne reconna\u00eet aucun prestataire de services de r\u00e9solution extrajudiciaire des litiges de consommation comme comp\u00e9tent pour la r\u00e9solution d'un litige de consommation que le consommateur pourrait initier conform\u00e9ment \u00e0 la loi sur la r\u00e9solution extrajudiciaire des litiges de consommation.<\/p>\n\n\n\n<p>Kaizendren MB, qui, en tant que fournisseur de biens et de services, facilite le commerce en ligne sur le territoire de la R\u00e9publique de Slov\u00e9nie, publie sur son site web un lien \u00e9lectronique vers la plateforme de r\u00e9solution en ligne des litiges de consommation (SRPS). Les consommateurs peuvent acc\u00e9der \u00e0 cette plateforme en cliquant ici.<\/p>\n\n\n\n<figure class=\"wp-block-embed\"><div class=\"wp-block-embed__wrapper\">\nhttps:\/\/ec.europa.eu\/consumers\/odr\/main\/index.cfm?event=main.home.chooseLanguage\n<\/div><\/figure>\n\n\n\n<p>La r\u00e9glementation pr\u00e9cit\u00e9e est issue de la loi relative au r\u00e8glement extrajudiciaire des litiges de consommation, du r\u00e8glement (UE) n\u00b0 524\/2013 du Parlement europ\u00e9en et du Conseil relatif \u00e0 la r\u00e9solution en ligne des litiges de consommation et \u00e0 la modification du r\u00e8glement (CE) n\u00b0 2016\/2004 et de la directive 2009\/22\/CE.<\/p>\n\n\n\n<p>En cas de plainte ou de r\u00e9clamation, contactez-nous par e-mail info@kaizendren.com ou appelez-nous au +370 000 0000.<\/p>\n\n\n\n<h4 class=\"wp-block-heading\">Code de conduite<\/h4>\n\n\n\n<p>Le fournisseur a fix\u00e9 des normes internes \u00e9lev\u00e9es pour le traitement des commandes, des retours et des r\u00e9clamations des clients et s'efforce de respecter le plus possible les exigences actuelles des consommateurs et les r\u00e9glementations l\u00e9gales. Conform\u00e9ment \u00e0 l'article 7, 6e alin\u00e9a, de la loi sur le commerce \u00e9lectronique (ZEPT), il d\u00e9clare qu'il n'est pas signataire du code de conduite des commer\u00e7ants en ligne.<\/p>\n\n\n\n<h4 class=\"wp-block-heading\">Protection des droits d'auteur<\/h4>\n\n\n\n<p>Tout le contenu du site web kaizendren.com, ainsi que de ses sous-pages, y compris les images et les vid\u00e9os, est prot\u00e9g\u00e9 par la loi sur les droits d'auteur et est la propri\u00e9t\u00e9 du fournisseur. Le fournisseur autorise l'utilisation d'images et de vid\u00e9os \u00e0 des fins personnelles sur les r\u00e9seaux sociaux, les blogs et les galeries de photos, en indiquant la source.<\/p>\n\n\n\n<h4 class=\"wp-block-heading\">Explication<\/h4>\n\n\n\n<p>Toutes les informations sont susceptibles d'\u00eatre modifi\u00e9es sans pr\u00e9avis, et le fournisseur peut \u00e9galement modifier ces conditions sans pr\u00e9avis. Si vous avez besoin d'explications suppl\u00e9mentaires concernant les conditions g\u00e9n\u00e9rales de coop\u00e9ration, vous pouvez nous contacter.<\/p>\n\n\n\n<h4 class=\"wp-block-heading\">Informations commerciales :<\/h4>\n\n\n\n<p>MB KAIZENDREN<br>T\u00e9l\u00e9phone : +370 683 16126<br>Courriel :\u00a0<a href=\"mailto:info@kaizendren.com\">info@kaizendren.com<\/a><br>Num\u00e9ro d'enregistrement : 306556918<\/p>","protected":false},"excerpt":{"rendered":"<p>Accessibilit\u00e9 de l&#039;information (r\u00e9sum\u00e9 de la l\u00e9gislation) Le prestataire s&#039;engage \u00e0 toujours fournir au client les informations suivantes\u00a0: a) identit\u00e9 de l&#039;entreprise<\/p>","protected":false},"author":1,"featured_media":0,"parent":291031,"menu_order":0,"comment_status":"closed","ping_status":"open","template":"","meta":{"footnotes":""},"class_list":["post-3","page","type-page","status-publish","hentry"],"yoast_head":"<!-- This site is optimized with the Yoast SEO plugin v27.4 - https:\/\/yoast.com\/product\/yoast-seo-wordpress\/ -->\n<title>Privacy policy - Kaizendren<\/title>\n<meta name=\"robots\" content=\"index, follow, max-snippet:-1, max-image-preview:large, max-video-preview:-1\" \/>\n<link rel=\"canonical\" href=\"https:\/\/kaizendren.com\/fr\/linformation\/politique-de-confidentialite-2\/\" \/>\n<meta property=\"og:locale\" content=\"fr_FR\" \/>\n<meta property=\"og:type\" content=\"article\" \/>\n<meta property=\"og:title\" content=\"Privacy policy - Kaizendren\" \/>\n<meta property=\"og:description\" content=\"Accessibility of information (summary of legislation) The provider undertakes to always provide the customer with the following information:a) company identity\" \/>\n<meta property=\"og:url\" content=\"https:\/\/kaizendren.com\/fr\/linformation\/politique-de-confidentialite-2\/\" \/>\n<meta property=\"og:site_name\" content=\"Kaizendren\" \/>\n<meta property=\"article:publisher\" content=\"https:\/\/www.facebook.com\/kaizendren\" \/>\n<meta property=\"article:modified_time\" content=\"2026-02-11T17:52:32+00:00\" \/>\n<meta property=\"og:image\" content=\"https:\/\/kaizendren.com\/wp-content\/uploads\/2023\/11\/insta-1.jpg\" \/>\n\t<meta property=\"og:image:width\" content=\"700\" \/>\n\t<meta property=\"og:image:height\" content=\"700\" \/>\n\t<meta property=\"og:image:type\" content=\"image\/jpeg\" \/>\n<meta name=\"twitter:card\" content=\"summary_large_image\" \/>\n<meta name=\"twitter:label1\" content=\"Dur\u00e9e de lecture estim\u00e9e\" \/>\n\t<meta name=\"twitter:data1\" content=\"9 minutes\" \/>\n<script type=\"application\/ld+json\" class=\"yoast-schema-graph\">{\"@context\":\"https:\\\/\\\/schema.org\",\"@graph\":[{\"@type\":\"WebPage\",\"@id\":\"https:\\\/\\\/kaizendren.com\\\/information\\\/privacy-policy\\\/\",\"url\":\"https:\\\/\\\/kaizendren.com\\\/information\\\/privacy-policy\\\/\",\"name\":\"Privacy policy - Kaizendren\",\"isPartOf\":{\"@id\":\"https:\\\/\\\/kaizendren.com\\\/#website\"},\"datePublished\":\"2023-10-25T11:27:08+00:00\",\"dateModified\":\"2026-02-11T17:52:32+00:00\",\"breadcrumb\":{\"@id\":\"https:\\\/\\\/kaizendren.com\\\/information\\\/privacy-policy\\\/#breadcrumb\"},\"inLanguage\":\"fr-FR\",\"potentialAction\":[{\"@type\":\"ReadAction\",\"target\":[\"https:\\\/\\\/kaizendren.com\\\/information\\\/privacy-policy\\\/\"]}]},{\"@type\":\"BreadcrumbList\",\"@id\":\"https:\\\/\\\/kaizendren.com\\\/information\\\/privacy-policy\\\/#breadcrumb\",\"itemListElement\":[{\"@type\":\"ListItem\",\"position\":1,\"name\":\"Home\",\"item\":\"https:\\\/\\\/kaizendren.com\\\/\"},{\"@type\":\"ListItem\",\"position\":2,\"name\":\"Information\",\"item\":\"https:\\\/\\\/kaizendren.com\\\/information\\\/\"},{\"@type\":\"ListItem\",\"position\":3,\"name\":\"Privacy policy\"}]},{\"@type\":\"WebSite\",\"@id\":\"https:\\\/\\\/kaizendren.com\\\/#website\",\"url\":\"https:\\\/\\\/kaizendren.com\\\/\",\"name\":\"Kaizendren\",\"description\":\"Our Focus Is Your Health, Relaxation And Recovery\",\"publisher\":{\"@id\":\"https:\\\/\\\/kaizendren.com\\\/#organization\"},\"potentialAction\":[{\"@type\":\"SearchAction\",\"target\":{\"@type\":\"EntryPoint\",\"urlTemplate\":\"https:\\\/\\\/kaizendren.com\\\/?s={search_term_string}\"},\"query-input\":{\"@type\":\"PropertyValueSpecification\",\"valueRequired\":true,\"valueName\":\"search_term_string\"}}],\"inLanguage\":\"fr-FR\"},{\"@type\":\"Organization\",\"@id\":\"https:\\\/\\\/kaizendren.com\\\/#organization\",\"name\":\"Kaizendren\",\"url\":\"https:\\\/\\\/kaizendren.com\\\/\",\"logo\":{\"@type\":\"ImageObject\",\"inLanguage\":\"fr-FR\",\"@id\":\"https:\\\/\\\/kaizendren.com\\\/#\\\/schema\\\/logo\\\/image\\\/\",\"url\":\"https:\\\/\\\/kaizendren.com\\\/wp-content\\\/uploads\\\/2023\\\/11\\\/kaizendren-logo-head.png\",\"contentUrl\":\"https:\\\/\\\/kaizendren.com\\\/wp-content\\\/uploads\\\/2023\\\/11\\\/kaizendren-logo-head.png\",\"width\":336,\"height\":70,\"caption\":\"Kaizendren\"},\"image\":{\"@id\":\"https:\\\/\\\/kaizendren.com\\\/#\\\/schema\\\/logo\\\/image\\\/\"},\"sameAs\":[\"https:\\\/\\\/www.facebook.com\\\/kaizendren\",\"https:\\\/\\\/www.instagram.com\\\/kaizendren\",\"https:\\\/\\\/www.tiktok.com\\\/@kaizendren\"]}]}<\/script>\n<!-- \/ Yoast SEO plugin. -->","yoast_head_json":{"title":"Politique de confidentialit\u00e9 - Kaizendren","robots":{"index":"index","follow":"follow","max-snippet":"max-snippet:-1","max-image-preview":"max-image-preview:large","max-video-preview":"max-video-preview:-1"},"canonical":"https:\/\/kaizendren.com\/fr\/linformation\/politique-de-confidentialite-2\/","og_locale":"fr_FR","og_type":"article","og_title":"Privacy policy - Kaizendren","og_description":"Accessibility of information (summary of legislation) The provider undertakes to always provide the customer with the following information:a) company identity","og_url":"https:\/\/kaizendren.com\/fr\/linformation\/politique-de-confidentialite-2\/","og_site_name":"Kaizendren","article_publisher":"https:\/\/www.facebook.com\/kaizendren","article_modified_time":"2026-02-11T17:52:32+00:00","og_image":[{"width":700,"height":700,"url":"https:\/\/kaizendren.com\/wp-content\/uploads\/2023\/11\/insta-1.jpg","type":"image\/jpeg"}],"twitter_card":"summary_large_image","twitter_misc":{"Dur\u00e9e de lecture estim\u00e9e":"9 minutes"},"schema":{"@context":"https:\/\/schema.org","@graph":[{"@type":"WebPage","@id":"https:\/\/kaizendren.com\/information\/privacy-policy\/","url":"https:\/\/kaizendren.com\/information\/privacy-policy\/","name":"Politique de confidentialit\u00e9 - Kaizendren","isPartOf":{"@id":"https:\/\/kaizendren.com\/#website"},"datePublished":"2023-10-25T11:27:08+00:00","dateModified":"2026-02-11T17:52:32+00:00","breadcrumb":{"@id":"https:\/\/kaizendren.com\/information\/privacy-policy\/#breadcrumb"},"inLanguage":"fr-FR","potentialAction":[{"@type":"ReadAction","target":["https:\/\/kaizendren.com\/information\/privacy-policy\/"]}]},{"@type":"BreadcrumbList","@id":"https:\/\/kaizendren.com\/information\/privacy-policy\/#breadcrumb","itemListElement":[{"@type":"ListItem","position":1,"name":"Home","item":"https:\/\/kaizendren.com\/"},{"@type":"ListItem","position":2,"name":"Information","item":"https:\/\/kaizendren.com\/information\/"},{"@type":"ListItem","position":3,"name":"Privacy policy"}]},{"@type":"WebSite","@id":"https:\/\/kaizendren.com\/#website","url":"https:\/\/kaizendren.com\/","name":"Les avantages de l'assurance maladie","description":"Notre objectif est votre sant\u00e9, votre d\u00e9tente et votre r\u00e9tablissement","publisher":{"@id":"https:\/\/kaizendren.com\/#organization"},"potentialAction":[{"@type":"SearchAction","target":{"@type":"EntryPoint","urlTemplate":"https:\/\/kaizendren.com\/?s={search_term_string}"},"query-input":{"@type":"PropertyValueSpecification","valueRequired":true,"valueName":"search_term_string"}}],"inLanguage":"fr-FR"},{"@type":"Organization","@id":"https:\/\/kaizendren.com\/#organization","name":"Les avantages de l'assurance maladie","url":"https:\/\/kaizendren.com\/","logo":{"@type":"ImageObject","inLanguage":"fr-FR","@id":"https:\/\/kaizendren.com\/#\/schema\/logo\/image\/","url":"https:\/\/kaizendren.com\/wp-content\/uploads\/2023\/11\/kaizendren-logo-head.png","contentUrl":"https:\/\/kaizendren.com\/wp-content\/uploads\/2023\/11\/kaizendren-logo-head.png","width":336,"height":70,"caption":"Kaizendren"},"image":{"@id":"https:\/\/kaizendren.com\/#\/schema\/logo\/image\/"},"sameAs":["https:\/\/www.facebook.com\/kaizendren","https:\/\/www.instagram.com\/kaizendren","https:\/\/www.tiktok.com\/@kaizendren"]}]}},"_links":{"self":[{"href":"https:\/\/kaizendren.com\/fr\/wp-json\/wp\/v2\/pages\/3","targetHints":{"allow":["GET"]}}],"collection":[{"href":"https:\/\/kaizendren.com\/fr\/wp-json\/wp\/v2\/pages"}],"about":[{"href":"https:\/\/kaizendren.com\/fr\/wp-json\/wp\/v2\/types\/page"}],"author":[{"embeddable":true,"href":"https:\/\/kaizendren.com\/fr\/wp-json\/wp\/v2\/users\/1"}],"replies":[{"embeddable":true,"href":"https:\/\/kaizendren.com\/fr\/wp-json\/wp\/v2\/comments?post=3"}],"version-history":[{"count":4,"href":"https:\/\/kaizendren.com\/fr\/wp-json\/wp\/v2\/pages\/3\/revisions"}],"predecessor-version":[{"id":334605,"href":"https:\/\/kaizendren.com\/fr\/wp-json\/wp\/v2\/pages\/3\/revisions\/334605"}],"up":[{"embeddable":true,"href":"https:\/\/kaizendren.com\/fr\/wp-json\/wp\/v2\/pages\/291031"}],"wp:attachment":[{"href":"https:\/\/kaizendren.com\/fr\/wp-json\/wp\/v2\/media?parent=3"}],"curies":[{"name":"wp","href":"https:\/\/api.w.org\/{rel}","templated":true}]}}