{"id":19,"date":"2023-11-22T16:18:07","date_gmt":"2023-11-22T14:18:07","guid":{"rendered":"https:\/\/kaizendren.com\/?page_id=19"},"modified":"2026-02-11T19:45:52","modified_gmt":"2026-02-11T17:45:52","slug":"politique-de-retour-2","status":"publish","type":"page","link":"https:\/\/kaizendren.com\/fr\/information\/return-policy\/","title":{"rendered":"Politique de retour"},"content":{"rendered":"<h4 class=\"wp-block-heading\">P\u00e9riode de retour de 30 jours pour les produits d\u00e9fectueux :<\/h4>\n\n\n\n<p>Nous sommes convaincus de la qualit\u00e9 de nos produits, et si vous recevez un article d\u00e9fectueux, nous vous proposons une proc\u00e9dure de retour sans probl\u00e8me. Vous disposez de 30 jours \u00e0 compter de la date de r\u00e9ception pour retourner tout produit consid\u00e9r\u00e9 comme d\u00e9fectueux en raison d'un d\u00e9faut de fabrication.<\/p>\n\n\n\n<p><p>Les produits ayant fait l'objet d'une mauvaise utilisation, d'un dommage accidentel, d'une manipulation incorrecte ou d'un non-respect des instructions d'entretien ne pourront pas \u00eatre retourn\u00e9s dans le cadre de cette politique. Les retours ne sont accept\u00e9s que pour les achats effectu\u00e9s en ligne sur le site kaizendren.com ou les sous-domaines \u00e9quivalents et ne sont pas accept\u00e9s pour les articles achet\u00e9s aupr\u00e8s de distributeurs tiers.<\/p>\n<p>Pour pouvoir b\u00e9n\u00e9ficier d'un remboursement pour un article ne pr\u00e9sentant aucun d\u00e9faut : l'article doit \u00eatre inutilis\u00e9 et dans le m\u00eame \u00e9tat que celui dans lequel vous l'avez re\u00e7u. Le produit doit \u00e9galement \u00eatre dans son emballage d'origine avec toutes les \u00e9tiquettes attach\u00e9es.<\/p><\/p>\n\n\n\n<h4 class=\"wp-block-heading\">Proc\u00e9dure de retour :<\/h4>\n\n\n\n<p>Veuillez contacter notre \u00e9quipe d'assistance \u00e0 la client\u00e8le \u00e0 l'adresse info@kaizendren.com pour entamer une proc\u00e9dure de retour. Vous devrez fournir des informations sur votre commande, telles que le num\u00e9ro de commande et une explication claire du probl\u00e8me. Nous vous aiderons dans la proc\u00e9dure de retour et vous indiquerons la marche \u00e0 suivre.<\/p>\n\n\n\n<h4 class=\"wp-block-heading\">Frais de retour :<\/h4>\n\n\n\n<p>Une fois le produit livr\u00e9, nous ne pouvons pas vous rembourser les frais d'exp\u00e9dition. Pour les produits d\u00e9fectueux renvoy\u00e9s dans les 30 premiers jours, nous prenons en charge les frais de retour dans l'Union europ\u00e9enne. Toutefois, si vous souhaitez renvoyer un produit que vous n'avez pas utilis\u00e9 parce que vous avez chang\u00e9 d'avis, vous devrez payer vous-m\u00eame les frais de retour.<\/p>\n\n\n\n<h4 class=\"wp-block-heading\">\u00c9chec ou absence de livraison :<\/h4>\n\n\n\n<p>Le colis sera retourn\u00e9 \u00e0 l'exp\u00e9diteur (Kaizendren) aux frais du client si la livraison du colis \u00e0 l'adresse de livraison indiqu\u00e9e est emp\u00each\u00e9e par le manque de coop\u00e9ration du client (adresse de livraison erron\u00e9e ou incorrecte, destinataire absent, etc.)<\/p>\n\n\n\n<h4 class=\"wp-block-heading\">Inspection et remboursement\/remplacement :<\/h4>\n\n\n\n<p>Lorsque nous recevons le produit, notre \u00e9quipe qualifi\u00e9e le v\u00e9rifie pour voir s'il pr\u00e9sente le probl\u00e8me que vous avez signal\u00e9. Si nous constatons que le produit est d\u00e9fectueux, nous ferons ce que vous avez demand\u00e9 : nous vous rembourserons ou nous vous enverrons un produit de remplacement. Cette proc\u00e9dure peut prendre jusqu'\u00e0 7 jours.<\/p>\n\n\n\n<h4 class=\"wp-block-heading\">Dommages et int\u00e9r\u00eats :<\/h4>\n\n\n\n<p>Assurez-vous de v\u00e9rifier et d'inspecter toutes les pi\u00e8ces lorsque vous ouvrez vos produits Kaizendren. Si vous trouvez quelque chose de cass\u00e9, de manquant ou d'endommag\u00e9, faites-le nous savoir d\u00e8s que possible et nous le r\u00e9parerons pour vous.<\/p>\n\n\n\n<p>Vous disposez d'un d\u00e9lai de 10 jours \u00e0 compter de la date de r\u00e9ception de la commande pour envoyer une demande de remplacement \u00e0 info@kaizendren.com. Nous n'acceptons les demandes de remplacement que pour les d\u00e9fauts de fabrication, les pi\u00e8ces cass\u00e9es et les pi\u00e8ces manquantes. Nous consid\u00e9rons que tout dommage mineur survenant apr\u00e8s les 10 premiers jours est d\u00fb \u00e0 l'usure normale du produit en raison de sa nature.<\/p>\n\n\n\n<p>Le dommage doit affecter le fonctionnement du produit. Si le produit est endommag\u00e9 intentionnellement, par accident ou par une mauvaise utilisation, nous avons le droit de refuser le remplacement.<\/p>","protected":false},"excerpt":{"rendered":"<p>D\u00e9lai de retour de 30 jours pour les articles d\u00e9fectueux\u00a0: Nous sommes confiants dans la qualit\u00e9 de nos produits et si vous recevez un article d\u00e9fectueux, vous pouvez le retourner sous 30 jours.<\/p>","protected":false},"author":1,"featured_media":0,"parent":291031,"menu_order":0,"comment_status":"closed","ping_status":"closed","template":"","meta":{"footnotes":""},"class_list":["post-19","page","type-page","status-publish","hentry"],"yoast_head":"<!-- This site is optimized with the Yoast SEO plugin v27.4 - https:\/\/yoast.com\/product\/yoast-seo-wordpress\/ -->\n<title>Return policy - Kaizendren<\/title>\n<meta name=\"robots\" content=\"index, follow, max-snippet:-1, max-image-preview:large, max-video-preview:-1\" \/>\n<link rel=\"canonical\" href=\"https:\/\/kaizendren.com\/fr\/linformation\/politique-de-retour-2\/\" \/>\n<meta property=\"og:locale\" content=\"fr_FR\" \/>\n<meta property=\"og:type\" content=\"article\" \/>\n<meta property=\"og:title\" content=\"Return policy - Kaizendren\" \/>\n<meta property=\"og:description\" content=\"30-day return period for faulty goods: We are confident in the quality of our products, and if you receive a\" \/>\n<meta property=\"og:url\" content=\"https:\/\/kaizendren.com\/fr\/linformation\/politique-de-retour-2\/\" \/>\n<meta property=\"og:site_name\" content=\"Kaizendren\" \/>\n<meta property=\"article:publisher\" content=\"https:\/\/www.facebook.com\/kaizendren\" \/>\n<meta property=\"article:modified_time\" content=\"2026-02-11T17:45:52+00:00\" \/>\n<meta property=\"og:image\" content=\"https:\/\/kaizendren.com\/wp-content\/uploads\/2023\/11\/insta-1.jpg\" \/>\n\t<meta property=\"og:image:width\" content=\"700\" \/>\n\t<meta property=\"og:image:height\" content=\"700\" \/>\n\t<meta property=\"og:image:type\" content=\"image\/jpeg\" \/>\n<meta name=\"twitter:card\" content=\"summary_large_image\" \/>\n<meta name=\"twitter:label1\" content=\"Dur\u00e9e de lecture estim\u00e9e\" \/>\n\t<meta name=\"twitter:data1\" content=\"3 minutes\" \/>\n<script type=\"application\/ld+json\" class=\"yoast-schema-graph\">{\"@context\":\"https:\\\/\\\/schema.org\",\"@graph\":[{\"@type\":\"WebPage\",\"@id\":\"https:\\\/\\\/kaizendren.com\\\/information\\\/return-policy\\\/\",\"url\":\"https:\\\/\\\/kaizendren.com\\\/information\\\/return-policy\\\/\",\"name\":\"Return policy - Kaizendren\",\"isPartOf\":{\"@id\":\"https:\\\/\\\/kaizendren.com\\\/#website\"},\"datePublished\":\"2023-11-22T14:18:07+00:00\",\"dateModified\":\"2026-02-11T17:45:52+00:00\",\"breadcrumb\":{\"@id\":\"https:\\\/\\\/kaizendren.com\\\/information\\\/return-policy\\\/#breadcrumb\"},\"inLanguage\":\"fr-FR\",\"potentialAction\":[{\"@type\":\"ReadAction\",\"target\":[\"https:\\\/\\\/kaizendren.com\\\/information\\\/return-policy\\\/\"]}]},{\"@type\":\"BreadcrumbList\",\"@id\":\"https:\\\/\\\/kaizendren.com\\\/information\\\/return-policy\\\/#breadcrumb\",\"itemListElement\":[{\"@type\":\"ListItem\",\"position\":1,\"name\":\"Home\",\"item\":\"https:\\\/\\\/kaizendren.com\\\/\"},{\"@type\":\"ListItem\",\"position\":2,\"name\":\"Information\",\"item\":\"https:\\\/\\\/kaizendren.com\\\/information\\\/\"},{\"@type\":\"ListItem\",\"position\":3,\"name\":\"Return policy\"}]},{\"@type\":\"WebSite\",\"@id\":\"https:\\\/\\\/kaizendren.com\\\/#website\",\"url\":\"https:\\\/\\\/kaizendren.com\\\/\",\"name\":\"Kaizendren\",\"description\":\"Our Focus Is Your Health, Relaxation And Recovery\",\"publisher\":{\"@id\":\"https:\\\/\\\/kaizendren.com\\\/#organization\"},\"potentialAction\":[{\"@type\":\"SearchAction\",\"target\":{\"@type\":\"EntryPoint\",\"urlTemplate\":\"https:\\\/\\\/kaizendren.com\\\/?s={search_term_string}\"},\"query-input\":{\"@type\":\"PropertyValueSpecification\",\"valueRequired\":true,\"valueName\":\"search_term_string\"}}],\"inLanguage\":\"fr-FR\"},{\"@type\":\"Organization\",\"@id\":\"https:\\\/\\\/kaizendren.com\\\/#organization\",\"name\":\"Kaizendren\",\"url\":\"https:\\\/\\\/kaizendren.com\\\/\",\"logo\":{\"@type\":\"ImageObject\",\"inLanguage\":\"fr-FR\",\"@id\":\"https:\\\/\\\/kaizendren.com\\\/#\\\/schema\\\/logo\\\/image\\\/\",\"url\":\"https:\\\/\\\/kaizendren.com\\\/wp-content\\\/uploads\\\/2023\\\/11\\\/kaizendren-logo-head.png\",\"contentUrl\":\"https:\\\/\\\/kaizendren.com\\\/wp-content\\\/uploads\\\/2023\\\/11\\\/kaizendren-logo-head.png\",\"width\":336,\"height\":70,\"caption\":\"Kaizendren\"},\"image\":{\"@id\":\"https:\\\/\\\/kaizendren.com\\\/#\\\/schema\\\/logo\\\/image\\\/\"},\"sameAs\":[\"https:\\\/\\\/www.facebook.com\\\/kaizendren\",\"https:\\\/\\\/www.instagram.com\\\/kaizendren\",\"https:\\\/\\\/www.tiktok.com\\\/@kaizendren\"]}]}<\/script>\n<!-- \/ Yoast SEO plugin. -->","yoast_head_json":{"title":"Politique de retour - Kaizendren","robots":{"index":"index","follow":"follow","max-snippet":"max-snippet:-1","max-image-preview":"max-image-preview:large","max-video-preview":"max-video-preview:-1"},"canonical":"https:\/\/kaizendren.com\/fr\/linformation\/politique-de-retour-2\/","og_locale":"fr_FR","og_type":"article","og_title":"Return policy - Kaizendren","og_description":"30-day return period for faulty goods: We are confident in the quality of our products, and if you receive a","og_url":"https:\/\/kaizendren.com\/fr\/linformation\/politique-de-retour-2\/","og_site_name":"Kaizendren","article_publisher":"https:\/\/www.facebook.com\/kaizendren","article_modified_time":"2026-02-11T17:45:52+00:00","og_image":[{"width":700,"height":700,"url":"https:\/\/kaizendren.com\/wp-content\/uploads\/2023\/11\/insta-1.jpg","type":"image\/jpeg"}],"twitter_card":"summary_large_image","twitter_misc":{"Dur\u00e9e de lecture estim\u00e9e":"3 minutes"},"schema":{"@context":"https:\/\/schema.org","@graph":[{"@type":"WebPage","@id":"https:\/\/kaizendren.com\/information\/return-policy\/","url":"https:\/\/kaizendren.com\/information\/return-policy\/","name":"Politique de retour - Kaizendren","isPartOf":{"@id":"https:\/\/kaizendren.com\/#website"},"datePublished":"2023-11-22T14:18:07+00:00","dateModified":"2026-02-11T17:45:52+00:00","breadcrumb":{"@id":"https:\/\/kaizendren.com\/information\/return-policy\/#breadcrumb"},"inLanguage":"fr-FR","potentialAction":[{"@type":"ReadAction","target":["https:\/\/kaizendren.com\/information\/return-policy\/"]}]},{"@type":"BreadcrumbList","@id":"https:\/\/kaizendren.com\/information\/return-policy\/#breadcrumb","itemListElement":[{"@type":"ListItem","position":1,"name":"Home","item":"https:\/\/kaizendren.com\/"},{"@type":"ListItem","position":2,"name":"Information","item":"https:\/\/kaizendren.com\/information\/"},{"@type":"ListItem","position":3,"name":"Return policy"}]},{"@type":"WebSite","@id":"https:\/\/kaizendren.com\/#website","url":"https:\/\/kaizendren.com\/","name":"Les avantages de l'assurance maladie","description":"Notre objectif est votre sant\u00e9, votre d\u00e9tente et votre r\u00e9tablissement","publisher":{"@id":"https:\/\/kaizendren.com\/#organization"},"potentialAction":[{"@type":"SearchAction","target":{"@type":"EntryPoint","urlTemplate":"https:\/\/kaizendren.com\/?s={search_term_string}"},"query-input":{"@type":"PropertyValueSpecification","valueRequired":true,"valueName":"search_term_string"}}],"inLanguage":"fr-FR"},{"@type":"Organization","@id":"https:\/\/kaizendren.com\/#organization","name":"Les avantages de l'assurance maladie","url":"https:\/\/kaizendren.com\/","logo":{"@type":"ImageObject","inLanguage":"fr-FR","@id":"https:\/\/kaizendren.com\/#\/schema\/logo\/image\/","url":"https:\/\/kaizendren.com\/wp-content\/uploads\/2023\/11\/kaizendren-logo-head.png","contentUrl":"https:\/\/kaizendren.com\/wp-content\/uploads\/2023\/11\/kaizendren-logo-head.png","width":336,"height":70,"caption":"Kaizendren"},"image":{"@id":"https:\/\/kaizendren.com\/#\/schema\/logo\/image\/"},"sameAs":["https:\/\/www.facebook.com\/kaizendren","https:\/\/www.instagram.com\/kaizendren","https:\/\/www.tiktok.com\/@kaizendren"]}]}},"_links":{"self":[{"href":"https:\/\/kaizendren.com\/fr\/wp-json\/wp\/v2\/pages\/19","targetHints":{"allow":["GET"]}}],"collection":[{"href":"https:\/\/kaizendren.com\/fr\/wp-json\/wp\/v2\/pages"}],"about":[{"href":"https:\/\/kaizendren.com\/fr\/wp-json\/wp\/v2\/types\/page"}],"author":[{"embeddable":true,"href":"https:\/\/kaizendren.com\/fr\/wp-json\/wp\/v2\/users\/1"}],"replies":[{"embeddable":true,"href":"https:\/\/kaizendren.com\/fr\/wp-json\/wp\/v2\/comments?post=19"}],"version-history":[{"count":3,"href":"https:\/\/kaizendren.com\/fr\/wp-json\/wp\/v2\/pages\/19\/revisions"}],"predecessor-version":[{"id":334580,"href":"https:\/\/kaizendren.com\/fr\/wp-json\/wp\/v2\/pages\/19\/revisions\/334580"}],"up":[{"embeddable":true,"href":"https:\/\/kaizendren.com\/fr\/wp-json\/wp\/v2\/pages\/291031"}],"wp:attachment":[{"href":"https:\/\/kaizendren.com\/fr\/wp-json\/wp\/v2\/media?parent=19"}],"curies":[{"name":"wp","href":"https:\/\/api.w.org\/{rel}","templated":true}]}}