{"id":35540,"date":"2023-12-09T23:09:05","date_gmt":"2023-12-09T21:09:05","guid":{"rendered":"https:\/\/kaizendren.com\/?post_type=product&#038;p=35540"},"modified":"2026-03-20T19:51:12","modified_gmt":"2026-03-20T17:51:12","slug":"kaizendren-vetta-imeva-matto","status":"publish","type":"product","link":"https:\/\/kaizendren.com\/fi\/products\/kaizendren-water-absorbing-rug\/","title":{"rendered":"Vett\u00e4 imev\u00e4 matto - Kaizendren W matto"},"content":{"rendered":"","protected":false},"excerpt":{"rendered":"<p>Kaizendren W Rug -vett\u00e4 imev\u00e4 matto imee vett\u00e4 ja kosteutta jaloista tai kengist\u00e4.<\/p>\n<p>Vett\u00e4 imev\u00e4 matto on valmistettu materiaaleista, kuten mikrokuidusta, puuvillasta ja polypropeenista, jotka ovat pehmeit\u00e4, kest\u00e4vi\u00e4 ja nopeasti kuivuvia.<\/p>\n<p>Matossa on liukumaton kumipohja tai piikit, jotka est\u00e4v\u00e4t niit\u00e4 liukumasta liukkailla pinnoilla.<\/p>","protected":false},"featured_media":35978,"comment_status":"open","ping_status":"closed","template":"","meta":[],"product_brand":[],"product_cat":[16],"product_tag":[],"class_list":{"0":"post-35540","1":"product","2":"type-product","3":"status-publish","4":"has-post-thumbnail","6":"product_cat-uncategorized","8":"first","9":"instock","10":"taxable","11":"shipping-taxable","12":"purchasable","13":"product-type-simple"},"yoast_head":"<!-- This site is optimized with the Yoast SEO plugin v27.4 - https:\/\/yoast.com\/product\/yoast-seo-wordpress\/ -->\n<title>Water Absorbing Rug - Kaizendren W Rug - Kaizendren<\/title>\n<meta name=\"description\" content=\"Water absorbing rugs are a great solution for keeping your floors dry and clean. Rugs for your bathroom, kitchen, entryway, and more.\" \/>\n<meta name=\"robots\" content=\"index, follow, max-snippet:-1, max-image-preview:large, max-video-preview:-1\" \/>\n<link rel=\"canonical\" href=\"https:\/\/kaizendren.com\/fi\/tuotteet\/kaizendren-vetta-imeva-matto\/\" \/>\n<meta property=\"og:locale\" content=\"fi_FI\" \/>\n<meta property=\"og:type\" content=\"article\" \/>\n<meta property=\"og:title\" content=\"Water Absorbing Rug - Kaizendren W Rug - Kaizendren\" \/>\n<meta property=\"og:description\" content=\"Water absorbing rugs are a great solution for keeping your floors dry and clean. Rugs for your bathroom, kitchen, entryway, and more.\" \/>\n<meta property=\"og:url\" content=\"https:\/\/kaizendren.com\/fi\/tuotteet\/kaizendren-vetta-imeva-matto\/\" \/>\n<meta property=\"og:site_name\" content=\"Kaizendren\" \/>\n<meta property=\"article:publisher\" content=\"https:\/\/www.facebook.com\/kaizendren\" \/>\n<meta property=\"article:modified_time\" content=\"2026-03-20T17:51:12+00:00\" \/>\n<meta property=\"og:image\" content=\"https:\/\/kaizendren.com\/wp-content\/uploads\/2022\/05\/kaizendren-rug-new.jpg\" \/>\n\t<meta property=\"og:image:width\" content=\"1000\" \/>\n\t<meta property=\"og:image:height\" content=\"1000\" \/>\n\t<meta property=\"og:image:type\" content=\"image\/jpeg\" \/>\n<meta name=\"twitter:card\" content=\"summary_large_image\" \/>\n<meta name=\"twitter:label1\" content=\"Arvioitu lukuaika\" \/>\n\t<meta name=\"twitter:data1\" content=\"1 minuutti\" \/>\n<script type=\"application\/ld+json\" class=\"yoast-schema-graph\">{\"@context\":\"https:\\\/\\\/schema.org\",\"@graph\":[{\"@type\":\"WebPage\",\"@id\":\"https:\\\/\\\/kaizendren.com\\\/products\\\/kaizendren-water-absorbing-rug\\\/\",\"url\":\"https:\\\/\\\/kaizendren.com\\\/products\\\/kaizendren-water-absorbing-rug\\\/\",\"name\":\"Water Absorbing Rug - Kaizendren W Rug - Kaizendren\",\"isPartOf\":{\"@id\":\"https:\\\/\\\/kaizendren.com\\\/#website\"},\"primaryImageOfPage\":{\"@id\":\"https:\\\/\\\/kaizendren.com\\\/products\\\/kaizendren-water-absorbing-rug\\\/#primaryimage\"},\"image\":{\"@id\":\"https:\\\/\\\/kaizendren.com\\\/products\\\/kaizendren-water-absorbing-rug\\\/#primaryimage\"},\"thumbnailUrl\":\"https:\\\/\\\/kaizendren.com\\\/wp-content\\\/uploads\\\/2022\\\/05\\\/kaizendren-rug-new.jpg\",\"datePublished\":\"2023-12-09T21:09:05+00:00\",\"dateModified\":\"2026-03-20T17:51:12+00:00\",\"description\":\"Water absorbing rugs are a great solution for keeping your floors dry and clean. Rugs for your bathroom, kitchen, entryway, and more.\",\"breadcrumb\":{\"@id\":\"https:\\\/\\\/kaizendren.com\\\/products\\\/kaizendren-water-absorbing-rug\\\/#breadcrumb\"},\"inLanguage\":\"fi\",\"potentialAction\":[{\"@type\":\"ReadAction\",\"target\":[\"https:\\\/\\\/kaizendren.com\\\/products\\\/kaizendren-water-absorbing-rug\\\/\"]}]},{\"@type\":\"ImageObject\",\"inLanguage\":\"fi\",\"@id\":\"https:\\\/\\\/kaizendren.com\\\/products\\\/kaizendren-water-absorbing-rug\\\/#primaryimage\",\"url\":\"https:\\\/\\\/kaizendren.com\\\/wp-content\\\/uploads\\\/2022\\\/05\\\/kaizendren-rug-new.jpg\",\"contentUrl\":\"https:\\\/\\\/kaizendren.com\\\/wp-content\\\/uploads\\\/2022\\\/05\\\/kaizendren-rug-new.jpg\",\"width\":1000,\"height\":1000},{\"@type\":\"BreadcrumbList\",\"@id\":\"https:\\\/\\\/kaizendren.com\\\/products\\\/kaizendren-water-absorbing-rug\\\/#breadcrumb\",\"itemListElement\":[{\"@type\":\"ListItem\",\"position\":1,\"name\":\"Home\",\"item\":\"https:\\\/\\\/kaizendren.com\\\/\"},{\"@type\":\"ListItem\",\"position\":2,\"name\":\"Products\",\"item\":\"https:\\\/\\\/kaizendren.com\\\/shop\\\/\"},{\"@type\":\"ListItem\",\"position\":3,\"name\":\"Water Absorbing Rug &#8211; Kaizendren W Rug\"}]},{\"@type\":\"WebSite\",\"@id\":\"https:\\\/\\\/kaizendren.com\\\/#website\",\"url\":\"https:\\\/\\\/kaizendren.com\\\/\",\"name\":\"Kaizendren\",\"description\":\"Our Focus Is Your Health, Relaxation And Recovery\",\"publisher\":{\"@id\":\"https:\\\/\\\/kaizendren.com\\\/#organization\"},\"potentialAction\":[{\"@type\":\"SearchAction\",\"target\":{\"@type\":\"EntryPoint\",\"urlTemplate\":\"https:\\\/\\\/kaizendren.com\\\/?s={search_term_string}\"},\"query-input\":{\"@type\":\"PropertyValueSpecification\",\"valueRequired\":true,\"valueName\":\"search_term_string\"}}],\"inLanguage\":\"fi\"},{\"@type\":\"Organization\",\"@id\":\"https:\\\/\\\/kaizendren.com\\\/#organization\",\"name\":\"Kaizendren\",\"url\":\"https:\\\/\\\/kaizendren.com\\\/\",\"logo\":{\"@type\":\"ImageObject\",\"inLanguage\":\"fi\",\"@id\":\"https:\\\/\\\/kaizendren.com\\\/#\\\/schema\\\/logo\\\/image\\\/\",\"url\":\"https:\\\/\\\/kaizendren.com\\\/wp-content\\\/uploads\\\/2023\\\/11\\\/kaizendren-logo-head.png\",\"contentUrl\":\"https:\\\/\\\/kaizendren.com\\\/wp-content\\\/uploads\\\/2023\\\/11\\\/kaizendren-logo-head.png\",\"width\":336,\"height\":70,\"caption\":\"Kaizendren\"},\"image\":{\"@id\":\"https:\\\/\\\/kaizendren.com\\\/#\\\/schema\\\/logo\\\/image\\\/\"},\"sameAs\":[\"https:\\\/\\\/www.facebook.com\\\/kaizendren\",\"https:\\\/\\\/www.instagram.com\\\/kaizendren\",\"https:\\\/\\\/www.tiktok.com\\\/@kaizendren\"]}]}<\/script>\n<!-- \/ Yoast SEO plugin. -->","yoast_head_json":{"title":"Vett\u00e4 imev\u00e4 matto - Kaizendren W Matto - Kaizendren","description":"Vett\u00e4 imev\u00e4t matot ovat loistava ratkaisu lattioiden kuivien ja puhtaiden tilojen s\u00e4ilytt\u00e4miseen. Mattoja kylpyhuoneeseen, keitti\u00f6\u00f6n, eteiseen ja muualle.","robots":{"index":"index","follow":"follow","max-snippet":"max-snippet:-1","max-image-preview":"max-image-preview:large","max-video-preview":"max-video-preview:-1"},"canonical":"https:\/\/kaizendren.com\/fi\/tuotteet\/kaizendren-vetta-imeva-matto\/","og_locale":"fi_FI","og_type":"article","og_title":"Water Absorbing Rug - Kaizendren W Rug - Kaizendren","og_description":"Water absorbing rugs are a great solution for keeping your floors dry and clean. Rugs for your bathroom, kitchen, entryway, and more.","og_url":"https:\/\/kaizendren.com\/fi\/tuotteet\/kaizendren-vetta-imeva-matto\/","og_site_name":"Kaizendren","article_publisher":"https:\/\/www.facebook.com\/kaizendren","article_modified_time":"2026-03-20T17:51:12+00:00","og_image":[{"width":1000,"height":1000,"url":"https:\/\/kaizendren.com\/wp-content\/uploads\/2022\/05\/kaizendren-rug-new.jpg","type":"image\/jpeg"}],"twitter_card":"summary_large_image","twitter_misc":{"Arvioitu lukuaika":"1 minuutti"},"schema":{"@context":"https:\/\/schema.org","@graph":[{"@type":"WebPage","@id":"https:\/\/kaizendren.com\/products\/kaizendren-water-absorbing-rug\/","url":"https:\/\/kaizendren.com\/products\/kaizendren-water-absorbing-rug\/","name":"Vett\u00e4 imev\u00e4 matto - Kaizendren W Matto - Kaizendren","isPartOf":{"@id":"https:\/\/kaizendren.com\/#website"},"primaryImageOfPage":{"@id":"https:\/\/kaizendren.com\/products\/kaizendren-water-absorbing-rug\/#primaryimage"},"image":{"@id":"https:\/\/kaizendren.com\/products\/kaizendren-water-absorbing-rug\/#primaryimage"},"thumbnailUrl":"https:\/\/kaizendren.com\/wp-content\/uploads\/2022\/05\/kaizendren-rug-new.jpg","datePublished":"2023-12-09T21:09:05+00:00","dateModified":"2026-03-20T17:51:12+00:00","description":"Vett\u00e4 imev\u00e4t matot ovat loistava ratkaisu lattioiden kuivien ja puhtaiden tilojen s\u00e4ilytt\u00e4miseen. Mattoja kylpyhuoneeseen, keitti\u00f6\u00f6n, eteiseen ja muualle.","breadcrumb":{"@id":"https:\/\/kaizendren.com\/products\/kaizendren-water-absorbing-rug\/#breadcrumb"},"inLanguage":"fi","potentialAction":[{"@type":"ReadAction","target":["https:\/\/kaizendren.com\/products\/kaizendren-water-absorbing-rug\/"]}]},{"@type":"ImageObject","inLanguage":"fi","@id":"https:\/\/kaizendren.com\/products\/kaizendren-water-absorbing-rug\/#primaryimage","url":"https:\/\/kaizendren.com\/wp-content\/uploads\/2022\/05\/kaizendren-rug-new.jpg","contentUrl":"https:\/\/kaizendren.com\/wp-content\/uploads\/2022\/05\/kaizendren-rug-new.jpg","width":1000,"height":1000},{"@type":"BreadcrumbList","@id":"https:\/\/kaizendren.com\/products\/kaizendren-water-absorbing-rug\/#breadcrumb","itemListElement":[{"@type":"ListItem","position":1,"name":"Home","item":"https:\/\/kaizendren.com\/"},{"@type":"ListItem","position":2,"name":"Products","item":"https:\/\/kaizendren.com\/shop\/"},{"@type":"ListItem","position":3,"name":"Water Absorbing Rug &#8211; Kaizendren W Rug"}]},{"@type":"WebSite","@id":"https:\/\/kaizendren.com\/#website","url":"https:\/\/kaizendren.com\/","name":"Kaizendren","description":"Keskitymme terveyteesi, rentoutumiseen ja toipumiseen","publisher":{"@id":"https:\/\/kaizendren.com\/#organization"},"potentialAction":[{"@type":"SearchAction","target":{"@type":"EntryPoint","urlTemplate":"https:\/\/kaizendren.com\/?s={search_term_string}"},"query-input":{"@type":"PropertyValueSpecification","valueRequired":true,"valueName":"search_term_string"}}],"inLanguage":"fi"},{"@type":"Organization","@id":"https:\/\/kaizendren.com\/#organization","name":"Kaizendren","url":"https:\/\/kaizendren.com\/","logo":{"@type":"ImageObject","inLanguage":"fi","@id":"https:\/\/kaizendren.com\/#\/schema\/logo\/image\/","url":"https:\/\/kaizendren.com\/wp-content\/uploads\/2023\/11\/kaizendren-logo-head.png","contentUrl":"https:\/\/kaizendren.com\/wp-content\/uploads\/2023\/11\/kaizendren-logo-head.png","width":336,"height":70,"caption":"Kaizendren"},"image":{"@id":"https:\/\/kaizendren.com\/#\/schema\/logo\/image\/"},"sameAs":["https:\/\/www.facebook.com\/kaizendren","https:\/\/www.instagram.com\/kaizendren","https:\/\/www.tiktok.com\/@kaizendren"]}]}},"_links":{"self":[{"href":"https:\/\/kaizendren.com\/fi\/wp-json\/wp\/v2\/product\/35540","targetHints":{"allow":["GET"]}}],"collection":[{"href":"https:\/\/kaizendren.com\/fi\/wp-json\/wp\/v2\/product"}],"about":[{"href":"https:\/\/kaizendren.com\/fi\/wp-json\/wp\/v2\/types\/product"}],"replies":[{"embeddable":true,"href":"https:\/\/kaizendren.com\/fi\/wp-json\/wp\/v2\/comments?post=35540"}],"version-history":[{"count":10,"href":"https:\/\/kaizendren.com\/fi\/wp-json\/wp\/v2\/product\/35540\/revisions"}],"predecessor-version":[{"id":348734,"href":"https:\/\/kaizendren.com\/fi\/wp-json\/wp\/v2\/product\/35540\/revisions\/348734"}],"wp:featuredmedia":[{"embeddable":true,"href":"https:\/\/kaizendren.com\/fi\/wp-json\/wp\/v2\/media\/35978"}],"wp:attachment":[{"href":"https:\/\/kaizendren.com\/fi\/wp-json\/wp\/v2\/media?parent=35540"}],"wp:term":[{"taxonomy":"product_brand","embeddable":true,"href":"https:\/\/kaizendren.com\/fi\/wp-json\/wp\/v2\/product_brand?post=35540"},{"taxonomy":"product_cat","embeddable":true,"href":"https:\/\/kaizendren.com\/fi\/wp-json\/wp\/v2\/product_cat?post=35540"},{"taxonomy":"product_tag","embeddable":true,"href":"https:\/\/kaizendren.com\/fi\/wp-json\/wp\/v2\/product_tag?post=35540"}],"curies":[{"name":"wp","href":"https:\/\/api.w.org\/{rel}","templated":true}]}}