{"id":35073,"date":"2023-12-07T16:03:42","date_gmt":"2023-12-07T14:03:42","guid":{"rendered":"https:\/\/kaizendren.com\/?page_id=35073"},"modified":"2026-02-11T19:29:02","modified_gmt":"2026-02-11T17:29:02","slug":"toimitustiedot-2","status":"publish","type":"page","link":"https:\/\/kaizendren.com\/fi\/information\/delivery-information\/","title":{"rendered":"Toimitustiedot"},"content":{"rendered":"<h4 class=\"wp-block-heading\">Tietoja:<\/h4>\n\n\n\n<p>Me Kaizendreniss\u00e4 tarjoamme asiakkaillemme kotiinkuljetusvaihtoehtoja DPD\/DHL-kuriirilla kassalla. Alla n\u00e4et kunkin maan\/alueen toimitusajat.<\/p>\n\n\n\n<p>Kansainv\u00e4lisess\u00e4 pikal\u00e4hetyksess\u00e4 voi kest\u00e4\u00e4 2-5 arkip\u00e4iv\u00e4\u00e4 l\u00e4hetysp\u00e4iv\u00e4st\u00e4 tai pidemp\u00e4\u00e4n, riippuen mahdollisista ongelmista tai viiv\u00e4styksist\u00e4 maassasi. Joskus my\u00f6s maailmanlaajuiset toimitusketjun haasteet voivat vaikuttaa toimituksen kestoon.<\/p>\n\n\n\n<h4 class=\"wp-block-heading\">Toimitusaika:<\/h4>\n\n\n\n<p>Huomaa, ett\u00e4 toimitusajat voivat vaihdella. Nykyiset toimitusvaihtoehdot ja arvioidut toimitusajat ovat seuraavat:<\/p>\n\n\n\n<p>Euroopan unionin maat: <strong>2-5 ty\u00f6p\u00e4iv\u00e4\u00e4<\/strong>.<br>Yhdistynyt kuningaskunta: <strong>2-3 ty\u00f6p\u00e4iv\u00e4\u00e4<\/strong>.<br>Euroopan unionin ulkopuolella: <strong>5-14 ty\u00f6p\u00e4iv\u00e4\u00e4<\/strong>.<br>Liettua: <strong>1-2 ty\u00f6p\u00e4iv\u00e4\u00e4<\/strong>.<br>Latvia: <strong>2-3 ty\u00f6p\u00e4iv\u00e4\u00e4<\/strong>.<br>Viro: <strong>2-3 ty\u00f6p\u00e4iv\u00e4\u00e4<\/strong>.<br>Puola: <strong>2-3 ty\u00f6p\u00e4iv\u00e4\u00e4<\/strong>.<br>Suomi: <strong>2-5 ty\u00f6p\u00e4iv\u00e4\u00e4<\/strong>.<br>It\u00e4valta: <strong>2-4 ty\u00f6p\u00e4iv\u00e4\u00e4<\/strong>.<br>Belgia: <strong>2-4 ty\u00f6p\u00e4iv\u00e4\u00e4<\/strong>.<br>T\u0161ekin tasavalta: <strong>2-4 ty\u00f6p\u00e4iv\u00e4\u00e4<\/strong>.<br>Tanska: <strong>2-4 ty\u00f6p\u00e4iv\u00e4\u00e4<\/strong>.<br>Luxemburg: <strong>2-4 ty\u00f6p\u00e4iv\u00e4\u00e4<\/strong>.<br>Alankomaat: <strong>2-4 ty\u00f6p\u00e4iv\u00e4\u00e4<\/strong>.<br>Ranska: <strong>2-4 ty\u00f6p\u00e4iv\u00e4\u00e4<\/strong>.<br>Slovakia: <strong>2-5 ty\u00f6p\u00e4iv\u00e4\u00e4<\/strong>.<br>Saksa: <strong>2-4 ty\u00f6p\u00e4iv\u00e4\u00e4<\/strong>.<br>Italia: <strong>3-6 ty\u00f6p\u00e4iv\u00e4\u00e4<\/strong>.<br>Kroatia: <strong>2-6 ty\u00f6p\u00e4iv\u00e4\u00e4<\/strong>.<br>Slovenia: <strong>2-5 ty\u00f6p\u00e4iv\u00e4\u00e4<\/strong>.<br>Ruotsi: <strong>2-5 ty\u00f6p\u00e4iv\u00e4\u00e4<\/strong>.<br>Unkari: <strong>2-4 ty\u00f6p\u00e4iv\u00e4\u00e4<\/strong>.<br>Irlanti: <strong>3-6 ty\u00f6p\u00e4iv\u00e4\u00e4<\/strong>.<br>Bulgaria: <strong>3-6 ty\u00f6p\u00e4iv\u00e4\u00e4<\/strong>.<br>Kreikka: <strong>3-6 ty\u00f6p\u00e4iv\u00e4\u00e4<\/strong>.<br>Espanja: <strong>3-5 ty\u00f6p\u00e4iv\u00e4\u00e4<\/strong>.<br>Portugali: <strong>3-6 ty\u00f6p\u00e4iv\u00e4\u00e4<\/strong>.<br>Romania: <strong>2-5 ty\u00f6p\u00e4iv\u00e4\u00e4<\/strong>.<br>Sveitsi: <strong>5-12 ty\u00f6p\u00e4iv\u00e4\u00e4<\/strong>.<br>Norja: <strong>5-12 ty\u00f6p\u00e4iv\u00e4\u00e4<\/strong>.<br>Serbia: <strong>5-12 ty\u00f6p\u00e4iv\u00e4\u00e4<\/strong>.<br>Bosnia ja Hertsegovina: <strong>5-12 ty\u00f6p\u00e4iv\u00e4\u00e4<\/strong>.<br>Montenegro: <strong>5-12 ty\u00f6p\u00e4iv\u00e4\u00e4<\/strong>.<br>Albania: <strong>5-12 ty\u00f6p\u00e4iv\u00e4\u00e4<\/strong>.<br><br><\/p>\n\n\n\n<h4 class=\"wp-block-heading\">Toimituskohteet:<\/h4>\n\n\n\n<p>Tarjoamme kotiinkuljetuspalvelua n\u00e4ihin maihin: Irlanti, Bulgaria, Kreikka, Espanja, Portugali, Romania, Sveitsi, Norja, Serbia, Bosnia ja Hertsegovina, Montenegro, Montenegro, Albania, Ranska, Saksa, Slovakia, Italia, Kroatia, Slovenia, Ruotsi, Saksa, Tanska, Luxemburg, Alankomaat, It\u00e4valta, Kreikka, Portugali, Romania, Sveitsi, Unkari, Serbia, Bosnia ja Hertsegovina, Montenegro, Albania, T\u0161ekki, Unkari.<\/p>\n\n\n\n<h4 class=\"wp-block-heading\">Ep\u00e4onnistunut tai puuttuva toimitus:<\/h4>\n\n\n\n<p>Paketti palautetaan l\u00e4hett\u00e4j\u00e4lle (Kaizendren) asiakkaan kustannuksella, jos paketin toimittaminen ilmoitettuun toimitusosoitteeseen estyy asiakkaan yhteisty\u00f6haluttomuuden vuoksi (v\u00e4\u00e4r\u00e4 tai virheellinen toimitusosoite, vastaanottajan poissaolo jne.).<\/p>\n\n\n\n<h4 class=\"wp-block-heading\">Tuotteita ei ole vastaanotettu, mutta seurantatiedot osoittavat, ett\u00e4 ne on toimitettu:<\/h4>\n\n\n\n<p>Emme vaihda tai palauta tuotteita, jotka jakelupalvelu on merkinnyt toimitetuiksi. T\u00e4m\u00e4n vuoksi suosittelemme aina, ett\u00e4 valitset turvallisen paikan, johon pakettisi toimitetaan. Kun l\u00e4hetys saapuu antamaasi osoitteeseen, jakelupalvelu merkitsee sen toimitetuksi. Suosittelemme tarkistamaan postilaatikkosi, soittamaan jakelupalveluun tai ottamaan yhteytt\u00e4 paikalliseen postitoimistoon, jos et ole saanut tilaustasi, mutta se on merkitty toimitetuksi.<\/p>\n\n\n\n<h4 class=\"wp-block-heading\">Tullilta ev\u00e4tyt paketit:<\/h4>\n\n\n\n<p>Emme palauta tulleja tai tuontimaksuja. Jokaisen asiakkaan on maksettava oman maansa tuontimaksut ja verot. Jos et maksa tullimaksuja ja tilauksesi l\u00e4hetet\u00e4\u00e4n takaisin meille, hyvit\u00e4mme sinulle ostohinnan, josta on v\u00e4hennetty kaikki l\u00e4hetys- ja tullimaksut. Tuotteen on oltava vahingoittumaton ja j\u00e4lleenmyyntikelpoinen, jotta palautusta voidaan soveltaa. Tarkka summa l\u00e4hetet\u00e4\u00e4n sinulle s\u00e4hk\u00f6postitse, kun saamme palautetun summan.<\/p>\n\n\n\n<p>Huomaa: maksamme toimituskulut kahdesti, kun paketti l\u00e4hetet\u00e4\u00e4n meille takaisin. Kerran, kun l\u00e4het\u00e4mme sen sinulle ja kerran, kun l\u00e4het\u00e4mme sen takaisin. Molemmat toimituskulut v\u00e4hennet\u00e4\u00e4n palautettavasta summasta.<\/p>","protected":false},"excerpt":{"rendered":"<p>Tiedot: Kaizendren tarjoaa asiakkaillemme kotiinkuljetusvaihtoehtoja DPD\/DHL-kuriirin kautta kassalla. Voit n\u00e4hd\u00e4 toimituksen<\/p>","protected":false},"author":1,"featured_media":0,"parent":291031,"menu_order":0,"comment_status":"closed","ping_status":"closed","template":"","meta":{"footnotes":""},"class_list":["post-35073","page","type-page","status-publish","hentry"],"yoast_head":"<!-- This site is optimized with the Yoast SEO plugin v27.4 - https:\/\/yoast.com\/product\/yoast-seo-wordpress\/ -->\n<title>Delivery information - Kaizendren<\/title>\n<meta name=\"robots\" content=\"index, follow, max-snippet:-1, max-image-preview:large, max-video-preview:-1\" \/>\n<link rel=\"canonical\" href=\"https:\/\/kaizendren.com\/fi\/tiedot\/toimitustiedot-2\/\" \/>\n<meta property=\"og:locale\" content=\"fi_FI\" \/>\n<meta property=\"og:type\" content=\"article\" \/>\n<meta property=\"og:title\" content=\"Delivery information - Kaizendren\" \/>\n<meta property=\"og:description\" content=\"Information: At Kaizendren, we offer our customers home delivery options with DPD\/DHL courrier at checkout. You can see the delivery\" \/>\n<meta property=\"og:url\" content=\"https:\/\/kaizendren.com\/fi\/tiedot\/toimitustiedot-2\/\" \/>\n<meta property=\"og:site_name\" content=\"Kaizendren\" \/>\n<meta property=\"article:publisher\" content=\"https:\/\/www.facebook.com\/kaizendren\" \/>\n<meta property=\"article:modified_time\" content=\"2026-02-11T17:29:02+00:00\" \/>\n<meta property=\"og:image\" content=\"https:\/\/kaizendren.com\/wp-content\/uploads\/2023\/11\/insta-1.jpg\" \/>\n\t<meta property=\"og:image:width\" content=\"700\" \/>\n\t<meta property=\"og:image:height\" content=\"700\" \/>\n\t<meta property=\"og:image:type\" content=\"image\/jpeg\" \/>\n<meta name=\"twitter:card\" content=\"summary_large_image\" \/>\n<meta name=\"twitter:label1\" content=\"Arvioitu lukuaika\" \/>\n\t<meta name=\"twitter:data1\" content=\"3 minuuttia\" \/>\n<script type=\"application\/ld+json\" class=\"yoast-schema-graph\">{\"@context\":\"https:\\\/\\\/schema.org\",\"@graph\":[{\"@type\":\"WebPage\",\"@id\":\"https:\\\/\\\/kaizendren.com\\\/information\\\/delivery-information\\\/\",\"url\":\"https:\\\/\\\/kaizendren.com\\\/information\\\/delivery-information\\\/\",\"name\":\"Delivery information - Kaizendren\",\"isPartOf\":{\"@id\":\"https:\\\/\\\/kaizendren.com\\\/#website\"},\"datePublished\":\"2023-12-07T14:03:42+00:00\",\"dateModified\":\"2026-02-11T17:29:02+00:00\",\"breadcrumb\":{\"@id\":\"https:\\\/\\\/kaizendren.com\\\/information\\\/delivery-information\\\/#breadcrumb\"},\"inLanguage\":\"fi\",\"potentialAction\":[{\"@type\":\"ReadAction\",\"target\":[\"https:\\\/\\\/kaizendren.com\\\/information\\\/delivery-information\\\/\"]}]},{\"@type\":\"BreadcrumbList\",\"@id\":\"https:\\\/\\\/kaizendren.com\\\/information\\\/delivery-information\\\/#breadcrumb\",\"itemListElement\":[{\"@type\":\"ListItem\",\"position\":1,\"name\":\"Home\",\"item\":\"https:\\\/\\\/kaizendren.com\\\/\"},{\"@type\":\"ListItem\",\"position\":2,\"name\":\"Information\",\"item\":\"https:\\\/\\\/kaizendren.com\\\/information\\\/\"},{\"@type\":\"ListItem\",\"position\":3,\"name\":\"Delivery information\"}]},{\"@type\":\"WebSite\",\"@id\":\"https:\\\/\\\/kaizendren.com\\\/#website\",\"url\":\"https:\\\/\\\/kaizendren.com\\\/\",\"name\":\"Kaizendren\",\"description\":\"Our Focus Is Your Health, Relaxation And Recovery\",\"publisher\":{\"@id\":\"https:\\\/\\\/kaizendren.com\\\/#organization\"},\"potentialAction\":[{\"@type\":\"SearchAction\",\"target\":{\"@type\":\"EntryPoint\",\"urlTemplate\":\"https:\\\/\\\/kaizendren.com\\\/?s={search_term_string}\"},\"query-input\":{\"@type\":\"PropertyValueSpecification\",\"valueRequired\":true,\"valueName\":\"search_term_string\"}}],\"inLanguage\":\"fi\"},{\"@type\":\"Organization\",\"@id\":\"https:\\\/\\\/kaizendren.com\\\/#organization\",\"name\":\"Kaizendren\",\"url\":\"https:\\\/\\\/kaizendren.com\\\/\",\"logo\":{\"@type\":\"ImageObject\",\"inLanguage\":\"fi\",\"@id\":\"https:\\\/\\\/kaizendren.com\\\/#\\\/schema\\\/logo\\\/image\\\/\",\"url\":\"https:\\\/\\\/kaizendren.com\\\/wp-content\\\/uploads\\\/2023\\\/11\\\/kaizendren-logo-head.png\",\"contentUrl\":\"https:\\\/\\\/kaizendren.com\\\/wp-content\\\/uploads\\\/2023\\\/11\\\/kaizendren-logo-head.png\",\"width\":336,\"height\":70,\"caption\":\"Kaizendren\"},\"image\":{\"@id\":\"https:\\\/\\\/kaizendren.com\\\/#\\\/schema\\\/logo\\\/image\\\/\"},\"sameAs\":[\"https:\\\/\\\/www.facebook.com\\\/kaizendren\",\"https:\\\/\\\/www.instagram.com\\\/kaizendren\",\"https:\\\/\\\/www.tiktok.com\\\/@kaizendren\"]}]}<\/script>\n<!-- \/ Yoast SEO plugin. -->","yoast_head_json":{"title":"Toimitustiedot - Kaizendren","robots":{"index":"index","follow":"follow","max-snippet":"max-snippet:-1","max-image-preview":"max-image-preview:large","max-video-preview":"max-video-preview:-1"},"canonical":"https:\/\/kaizendren.com\/fi\/tiedot\/toimitustiedot-2\/","og_locale":"fi_FI","og_type":"article","og_title":"Delivery information - Kaizendren","og_description":"Information: At Kaizendren, we offer our customers home delivery options with DPD\/DHL courrier at checkout. You can see the delivery","og_url":"https:\/\/kaizendren.com\/fi\/tiedot\/toimitustiedot-2\/","og_site_name":"Kaizendren","article_publisher":"https:\/\/www.facebook.com\/kaizendren","article_modified_time":"2026-02-11T17:29:02+00:00","og_image":[{"width":700,"height":700,"url":"https:\/\/kaizendren.com\/wp-content\/uploads\/2023\/11\/insta-1.jpg","type":"image\/jpeg"}],"twitter_card":"summary_large_image","twitter_misc":{"Arvioitu lukuaika":"3 minuuttia"},"schema":{"@context":"https:\/\/schema.org","@graph":[{"@type":"WebPage","@id":"https:\/\/kaizendren.com\/information\/delivery-information\/","url":"https:\/\/kaizendren.com\/information\/delivery-information\/","name":"Toimitustiedot - Kaizendren","isPartOf":{"@id":"https:\/\/kaizendren.com\/#website"},"datePublished":"2023-12-07T14:03:42+00:00","dateModified":"2026-02-11T17:29:02+00:00","breadcrumb":{"@id":"https:\/\/kaizendren.com\/information\/delivery-information\/#breadcrumb"},"inLanguage":"fi","potentialAction":[{"@type":"ReadAction","target":["https:\/\/kaizendren.com\/information\/delivery-information\/"]}]},{"@type":"BreadcrumbList","@id":"https:\/\/kaizendren.com\/information\/delivery-information\/#breadcrumb","itemListElement":[{"@type":"ListItem","position":1,"name":"Home","item":"https:\/\/kaizendren.com\/"},{"@type":"ListItem","position":2,"name":"Information","item":"https:\/\/kaizendren.com\/information\/"},{"@type":"ListItem","position":3,"name":"Delivery information"}]},{"@type":"WebSite","@id":"https:\/\/kaizendren.com\/#website","url":"https:\/\/kaizendren.com\/","name":"Kaizendren","description":"Keskitymme terveyteesi, rentoutumiseen ja toipumiseen","publisher":{"@id":"https:\/\/kaizendren.com\/#organization"},"potentialAction":[{"@type":"SearchAction","target":{"@type":"EntryPoint","urlTemplate":"https:\/\/kaizendren.com\/?s={search_term_string}"},"query-input":{"@type":"PropertyValueSpecification","valueRequired":true,"valueName":"search_term_string"}}],"inLanguage":"fi"},{"@type":"Organization","@id":"https:\/\/kaizendren.com\/#organization","name":"Kaizendren","url":"https:\/\/kaizendren.com\/","logo":{"@type":"ImageObject","inLanguage":"fi","@id":"https:\/\/kaizendren.com\/#\/schema\/logo\/image\/","url":"https:\/\/kaizendren.com\/wp-content\/uploads\/2023\/11\/kaizendren-logo-head.png","contentUrl":"https:\/\/kaizendren.com\/wp-content\/uploads\/2023\/11\/kaizendren-logo-head.png","width":336,"height":70,"caption":"Kaizendren"},"image":{"@id":"https:\/\/kaizendren.com\/#\/schema\/logo\/image\/"},"sameAs":["https:\/\/www.facebook.com\/kaizendren","https:\/\/www.instagram.com\/kaizendren","https:\/\/www.tiktok.com\/@kaizendren"]}]}},"_links":{"self":[{"href":"https:\/\/kaizendren.com\/fi\/wp-json\/wp\/v2\/pages\/35073","targetHints":{"allow":["GET"]}}],"collection":[{"href":"https:\/\/kaizendren.com\/fi\/wp-json\/wp\/v2\/pages"}],"about":[{"href":"https:\/\/kaizendren.com\/fi\/wp-json\/wp\/v2\/types\/page"}],"author":[{"embeddable":true,"href":"https:\/\/kaizendren.com\/fi\/wp-json\/wp\/v2\/users\/1"}],"replies":[{"embeddable":true,"href":"https:\/\/kaizendren.com\/fi\/wp-json\/wp\/v2\/comments?post=35073"}],"version-history":[{"count":2,"href":"https:\/\/kaizendren.com\/fi\/wp-json\/wp\/v2\/pages\/35073\/revisions"}],"predecessor-version":[{"id":334564,"href":"https:\/\/kaizendren.com\/fi\/wp-json\/wp\/v2\/pages\/35073\/revisions\/334564"}],"up":[{"embeddable":true,"href":"https:\/\/kaizendren.com\/fi\/wp-json\/wp\/v2\/pages\/291031"}],"wp:attachment":[{"href":"https:\/\/kaizendren.com\/fi\/wp-json\/wp\/v2\/media?parent=35073"}],"curies":[{"name":"wp","href":"https:\/\/api.w.org\/{rel}","templated":true}]}}