{"id":3,"date":"2023-10-25T11:27:08","date_gmt":"2023-10-25T11:27:08","guid":{"rendered":"https:\/\/kaizendren.com\/?page_id=3"},"modified":"2026-02-11T19:52:32","modified_gmt":"2026-02-11T17:52:32","slug":"tietosuojakaytanto-2","status":"publish","type":"page","link":"https:\/\/kaizendren.com\/fi\/information\/privacy-policy\/","title":{"rendered":"Tietosuojak\u00e4yt\u00e4nt\u00f6"},"content":{"rendered":"<h4 class=\"wp-block-heading\">Tiedon saatavuus (lains\u00e4\u00e4d\u00e4nn\u00f6n yhteenveto)<\/h4>\n\n\n\n<p>Palveluntarjoaja sitoutuu aina antamaan asiakkaalle seuraavat tiedot:<br>a) yrityksen identiteetti (yrityksen nimi ja rekister\u00f6ity toimipaikka, rekisterinumero),<br>b) yhteystiedot, joiden avulla k\u00e4ytt\u00e4j\u00e4 voi kommunikoida nopeasti ja tehokkaasti (s\u00e4hk\u00f6posti, puhelin),<br>c) tavaroiden tai palveluiden olennaiset ominaisuudet (mukaan lukien myynnin j\u00e4lkeiset palvelut ja takuut),<br>d) tuotteen saatavuus (jokaisen verkkosivustolla tarjotun tuotteen tai palvelun tulisi olla saatavilla kohtuullisessa ajassa),<br>e) tuotteen toimitus- tai palvelun suoritusehdot (toimitustapa, -paikka ja -m\u00e4\u00e4r\u00e4aika),<br>f) kaikki hinnat on m\u00e4\u00e4ritelt\u00e4v\u00e4 selke\u00e4sti ja yksiselitteisesti, ja on selv\u00e4sti osoitettava, sis\u00e4lt\u00e4v\u00e4tk\u00f6 ne jo verot ja toimituskulut,<br>g) maksu- ja toimitustapa,<br>h) tarjouksen ajallinen voimassaoloaika,<br>i) aika, jonka kuluessa sopimuksesta on viel\u00e4 mahdollista peruuttaa, ja peruutuksen ehdot; lis\u00e4ksi my\u00f6s se, maksaako tuotteen palauttaminen asiakkaalle ja kuinka paljon,<br>j) valitusmenettelyn selvitys, mukaan lukien kaikki tiedot yhteyshenkil\u00f6st\u00e4 tai asiakaspalvelusta.<br>Vahvistamalla tilauksen jokainen ostaja hyv\u00e4ksyy liiketoiminnan ja k\u00e4yt\u00f6n ehdot.<\/p>\n\n\n\n<h4 class=\"wp-block-heading\">Yhteystiedot<\/h4>\n\n\n\n<p>Jos tarvitset tietoa tai apua verkkotarjousten, tilausten tekemisen, verkkotoimituksen, verkkosivuston k\u00e4yt\u00f6n tai tuotteiden palauttamisen kanssa, voit ottaa meihin yhteytt\u00e4 s\u00e4hk\u00f6postitse osoitteeseen info@kaizendren.com tai numeroon +370 000 0000.<\/p>\n\n\n\n<h4 class=\"wp-block-heading\">Sopimus \u2013 tilaus<\/h4>\n\n\n\n<p>Myyntisopimus palveluntarjoajan ja ostajan v\u00e4lill\u00e4 syntyy sill\u00e4 hetkell\u00e4, kun palveluntarjoaja vahvistaa tilauksen ja ostaja vastaanottaa s\u00e4hk\u00f6postin. T\u00e4st\u00e4 hetkest\u00e4 l\u00e4htien kaikki hinnat ja muut ehdot ovat kiinteit\u00e4 ja koskevat sek\u00e4 palveluntarjoajaa ett\u00e4 ostajaa. Vahvistamalla ostoksen ostaja hyv\u00e4ksyy yleiset ehdot. Palveluntarjoajan ja k\u00e4ytt\u00e4j\u00e4n v\u00e4linen sopimus tallennetaan pysyv\u00e4sti Kaizendren MB:n p\u00e4\u00e4konttoriin tai palveluntarjoajan asianmukaisesti suojatulle et\u00e4palvelimelle. K\u00e4ytt\u00e4j\u00e4 voi saada kopion pyyt\u00e4m\u00e4ll\u00e4 s\u00e4hk\u00f6postia osoitteeseen: info@kaizendren.com. Ostaja saa kopion sopimuksesta (tilauksesta) s\u00e4hk\u00f6postiosoitteeseensa tilauksen tekemisen j\u00e4lkeen.<\/p>\n\n\n\n<h4 class=\"wp-block-heading\">Tuotteiden hinnat<\/h4>\n\n\n\n<p>Tuotteiden hinnat on ilmoitettu euroissa ja ne ovat voimassa tilausp\u00e4iv\u00e4n\u00e4. Hinnat sis\u00e4lt\u00e4v\u00e4t arvonlis\u00e4veron, koska toimittaja on arvonlis\u00e4verovelvollinen. Pid\u00e4t\u00e4mme oikeuden muuttaa hintoja ilman ennakkoilmoitusta. Kun asiakas vahvistaa tilauksen verkkokaupassa, tilaushetkell\u00e4 julkaistut hinnat ovat voimassa. Hinnat on merkitty verkkokaupassa asianmukaisesti ja ne koskevat kaikkia asiakkaita. Toimituskulut eiv\u00e4t sis\u00e4lly tuotteen hintaan.<\/p>\n\n\n\n<h4 class=\"wp-block-heading\">Kampanjakoodit<\/h4>\n\n\n\n<p>Yhteisty\u00f6n ehdot:<\/p>\n\n\n\n<ol class=\"wp-block-list\">\n<li>Kampanjakoodi ei ole voimassa kuukauden tuotteelle.<\/li>\n\n\n\n<li>Kuukauden tuote m\u00e4\u00e4r\u00e4ytyy verkkosivuston mukaan, ja se voi vaihtua joka kuukausi.<\/li>\n\n\n\n<li>Kampanjakoodia voi k\u00e4ytt\u00e4\u00e4 kaikkien muidenkin verkkosivuston tuotteiden ostamiseen.<\/li>\n\n\n\n<li>Kampanjakoodi on voimassa yhteen k\u00e4ytt\u00f6kertaan per ostos.<\/li>\n\n\n\n<li>Kampanjakoodia ei voi yhdist\u00e4\u00e4 muihin alennuksiin tai kampanjoihin.<\/li>\n\n\n\n<li>Verkkosivusto pid\u00e4tt\u00e4\u00e4 oikeuden muuttaa tai peruuttaa kampanjakoodin ilman ennakkoilmoitusta.<\/li>\n\n\n\n<li>Kampanjakoodilla ei ole k\u00e4teisarvoa, eik\u00e4 sit\u00e4 voi vaihtaa rahaksi<\/li>\n<\/ol>\n\n\n\n<h4 class=\"wp-block-heading\">Maksu<\/h4>\n\n\n\n<p>Verkkokaupassa voit maksaa tuotteista postiennakolla tai tilisiirrolla TRR:lle. Ostaja saa tuotteiden mukana laskun, jossa on eritellyt kustannukset. Maksu on mahdollista vain yhdess\u00e4 er\u00e4ss\u00e4.<br><br>\u2013 Maksutapana postiennakolla ostaja maksaa k\u00e4teisell\u00e4, kun posti toimittaa l\u00e4hetyksen. Postiennakko on mahdollinen vain, jos laskutusosoite on sama kuin toimitusosoite.<br>\u2013 Jos maksu suoritetaan ennakkolaskulla, ostaja saa ennakkolaskun s\u00e4hk\u00f6postiosoitteeseensa kolmen p\u00e4iv\u00e4n kuluessa tehdyst\u00e4 tilauksesta. Siirron vastaanottamisen j\u00e4lkeen toimittaja l\u00e4hett\u00e4\u00e4 tilatut tuotteet asiakkaalle postitse.<\/p>\n\n\n\n<p>Slovenian ulkopuolelta tilattujen tuotteiden maksaminen on mahdollista ainoastaan suoralla pankkisiirrolla (ennakkolasku).<\/p>\n\n\n\n<h4 class=\"wp-block-heading\">Laskuttaa<\/h4>\n\n\n\n<p>Lasku l\u00e4hetet\u00e4\u00e4n toimituksen yhteydess\u00e4 ja se liitet\u00e4\u00e4n tuotteeseen.<\/p>\n\n\n\n<h4 class=\"wp-block-heading\">Toimitus<\/h4>\n\n\n\n<p>Toimittaja l\u00e4hett\u00e4\u00e4 tilatut tavarat kahden arkip\u00e4iv\u00e4n kuluessa tilauksen vastaanottamisesta (jos maksu tapahtuu postiennakolla) tai kahden arkip\u00e4iv\u00e4n kuluessa maksun vastaanottamisesta (jos maksu suoritetaan TRR:lle). Toimitusaika riippuu toimituspalvelusta ja voi olla yhdest\u00e4 viiteen arkip\u00e4iv\u00e4\u00e4 toimitusp\u00e4iv\u00e4st\u00e4. Pakettien toimituksen sopimuskumppani on DPD\/DHL. Tuotteita ostettaessa ostaja maksaa toimituskulut, jotka ovat 9,99 \u20ac.<\/p>\n\n\n\n<h4 class=\"wp-block-heading\">Oikeus peruuttaa ostos, palauttaa tavarat ja hyvitt\u00e4\u00e4 maksu<\/h4>\n\n\n\n<p>Ennen tilauksen l\u00e4hett\u00e4mist\u00e4 asiakkaalle avataan tilauksen esikatselu, jonka perusteella h\u00e4n voi tarkistaa t\u00e4ytt\u00e4m\u00e4ns\u00e4 tiedot tilauksen l\u00e4hett\u00e4mist\u00e4 varten. Virheellisten sy\u00f6tt\u00f6tietojen tapauksessa ostaja voi korjata virheet ostoskorissa. Jos sivusto ei halua l\u00e4hett\u00e4\u00e4 tilausta, se voi sulkea tai keskeytt\u00e4\u00e4 tilauksen l\u00e4hett\u00e4misen ja siten keskeytt\u00e4\u00e4 tilauksen l\u00e4hett\u00e4misen ja vahvistamisen.<\/p>\n\n\n\n<p>Oikeus peruuttaa ostos, palauttaa tavarat ja hyvitt\u00e4\u00e4 maksu<\/p>\n\n\n\n<p>Ostajalla on oikeus peruuttaa sopimuksesta tai tilauksesta 14 p\u00e4iv\u00e4n kuluessa tavaran vastaanottamisesta ilmoittamatta syyt\u00e4 p\u00e4\u00e4t\u00f6kselleen ilmoittamalla siit\u00e4 toimittajalle s\u00e4hk\u00f6postiosoitteeseen info@kaizendren.com.<\/p>\n\n\n\n<p>Jos ostaja on jo vastaanottanut tavarat ja peruuttaa sopimuksen, h\u00e4nen on l\u00e4hetett\u00e4v\u00e4 tavarat vahingoittumattomina ja samassa m\u00e4\u00e4r\u00e4ss\u00e4 toimittajalle\/yritykselle 14 p\u00e4iv\u00e4n kuluessa peruuttamisilmoituksen l\u00e4hett\u00e4misest\u00e4. Ostajalta peruuttamisen yhteydess\u00e4 perit\u00e4\u00e4n ainoastaan tuotteiden palautuskustannukset.<\/p>\n\n\n\n<p>K\u00e4ytt\u00e4j\u00e4 voi perua artikkelisopimuksen lomakkeen t\u00e4\u00e4lt\u00e4.<\/p>\n\n\n\n<p>Ostajan on palautettava vastaanottamansa tavarat vahingoittumattomina ja muuttamattomina, ellei tavara ole vaurioitunut ostajasta riippumattomista syist\u00e4.<\/p>\n\n\n\n<p>Palautamme ostajalle suoritetut maksut mahdollisimman pian, kuitenkin viimeist\u00e4\u00e4n 14 p\u00e4iv\u00e4n kuluessa peruuttamisilmoituksen vastaanottamisesta. Yritys palauttaa vastaanotetut maksut ostajalle samalla maksutavalla, jota ostaja k\u00e4ytti (yleisimmin maksu tilille), ellei kuluttaja ole nimenomaisesti pyyt\u00e4nyt toisen maksutavan k\u00e4ytt\u00f6\u00e4, eik\u00e4 ostajalle t\u00e4st\u00e4 aiheudu kustannuksia.<\/p>\n\n\n\n<p>Kuluttajansuojalain 43 \u00a7:n 5 momentin mukaisesti ostajalla ei ole oikeutta peruuttaa sopimusta (kauppaa), jos kyseess\u00e4 on tuote, joka on valmistettu ostajan tarkkojen ohjeiden mukaan ja mukautettu h\u00e4nen henkil\u00f6kohtaisiin tarpeisiinsa.<\/p>\n\n\n\n<h4 class=\"wp-block-heading\">Valitukset<\/h4>\n\n\n\n<p>Palveluntarjoaja pyrkii kaikin tavoin varmistamaan parhaan mahdollisen tuotteen laadun. Jos ostajan vastaanottamassa tuotteessa kuitenkin ilmenee vika, h\u00e4n ilmoittaa t\u00e4st\u00e4 s\u00e4hk\u00f6postitse palveluntarjoajalle, joka puolestaan tiedottaa ostajalle valituksen ratkaisuprosessista. Palveluntarjoaja pid\u00e4tt\u00e4\u00e4 oikeuden hyl\u00e4t\u00e4 valituksen, jos tuotteen k\u00e4ytt\u00f6kelvottomuus tai vahinko on aiheutunut ostajan virheellisest\u00e4 toiminnasta.<\/p>\n\n\n\n<h4 class=\"wp-block-heading\">Tosiasiallinen virhe<\/h4>\n\n\n\n<p>Kuluttaja voi vedota oikeuksiinsa tavaran virheest\u00e4 ilmoittamalla siit\u00e4 myyj\u00e4lle kahden kuukauden kuluessa virheen havaitsemisp\u00e4iv\u00e4st\u00e4. Kuluttajan on kuvattava virhe tarkasti virheilmoituksessa ja annettava myyj\u00e4lle mahdollisuus tarkastaa tuote.<\/p>\n\n\n\n<p>Myyj\u00e4 ei ole vastuussa tavaran olennaisista virheist\u00e4, jotka ilmenev\u00e4t kahden vuoden kuluttua tavaran toimituksesta. Tavaran virheen katsotaan olleen olemassa jo toimitushetkell\u00e4, jos se ilmenee kuuden kuukauden kuluessa toimituksesta.<\/p>\n\n\n\n<p>Kuluttajalla, joka on asianmukaisesti ilmoittanut myyj\u00e4lle virheest\u00e4, on oikeus vaatia myyj\u00e4lt\u00e4, ett\u00e4:<\/p>\n\n\n\n<p>korjata tavaran virhe tai palauttaa maksamastaan summasta virheen suhteessa osaan tai<\/p>\n\n\n\n<p>korvaa viallisen tavaran uudella virheett\u00f6m\u00e4ll\u00e4 tavaralla tai<\/p>\n\n\n\n<p>palauttaa maksetun summan.<\/p>\n\n\n\n<h4 class=\"wp-block-heading\">Viestint\u00e4<\/h4>\n\n\n\n<p>Palveluntarjoaja ottaa k\u00e4ytt\u00e4j\u00e4\u00e4n yhteytt\u00e4 et\u00e4yhteyden kautta, ellei k\u00e4ytt\u00e4j\u00e4 nimenomaisesti vastusta t\u00e4t\u00e4. Mainoss\u00e4hk\u00f6postit sis\u00e4lt\u00e4v\u00e4t seuraavat osat:<br>\u2013 L\u00e4hett\u00e4j\u00e4 on selv\u00e4sti n\u00e4kyviss\u00e4.<br>\u2013 Ne merkit\u00e4\u00e4n selke\u00e4sti ja yksiselitteisesti mainosviesteiksi.<br>\u2013 Erilaiset kampanjat, promootiot ja muut markkinointitekniikat merkit\u00e4\u00e4n sellaisiksi. My\u00f6s niihin osallistumisen ehdot m\u00e4\u00e4ritell\u00e4\u00e4n selke\u00e4sti.<br>\u2013 Mainosviestien tilauksen peruuttaminen esitet\u00e4\u00e4n selke\u00e4sti.<br>\u2013 Palveluntarjoaja kunnioittaa nimenomaisesti k\u00e4ytt\u00e4j\u00e4n halua olla vastaanottamatta mainosviestej\u00e4.<br>\u2013 Puhelinmyyntiin sovelletaan samoja ehtoja kuin verkkokaupassamme. My\u00f6s nopea ja turvallinen ostos on taattu.<\/p>\n\n\n\n<h4 class=\"wp-block-heading\">Henkil\u00f6tietojen suoja<\/h4>\n\n\n\n<p>Ostajan antamat tiedot ovat ehdottoman luottamuksellisia ja niit\u00e4 k\u00e4sitell\u00e4\u00e4n henkil\u00f6tietojen suojasta annetun lain (RS:n virallinen lehti nro 59\/1999, 57\/2001, 59\/2001 - tarkistettu) ja kuluttajansuojalain \u2013 ZVPot-UPB1 (virallinen konsolidoitu teksti \u2013 RS:n virallinen lehti nro 14\/03) mukaisesti. Palveluntarjoaja sitoutuu suojaamaan pysyv\u00e4sti k\u00e4ytt\u00e4j\u00e4n kaikkia henkil\u00f6tietoja. Palveluntarjoaja k\u00e4ytt\u00e4\u00e4 henkil\u00f6tietoja yksinomaan tilauksen t\u00e4ytt\u00e4miseen (tiedotusmateriaalin, tarjousten, laskujen l\u00e4hett\u00e4miseen) ja muuhun viestint\u00e4\u00e4n. K\u00e4ytt\u00e4j\u00e4n tietoja ei miss\u00e4\u00e4n olosuhteissa luovuteta luvattomille henkil\u00f6ille. K\u00e4ytt\u00e4j\u00e4 on my\u00f6s vastuussa henkil\u00f6tietojensa suojaamisesta varmistamalla k\u00e4ytt\u00e4j\u00e4tunnuksensa ja salasanansa turvallisuuden ja suojan.<\/p>\n\n\n\n<h4 class=\"wp-block-heading\">Valitukset ja riidat<\/h4>\n\n\n\n<p>Kuluttajariitojen sovittelu tuomioistuimen ulkopuolella<\/p>\n\n\n\n<p>Oikeudellisten normien mukaisesti Kaizendren MB. ei tunnusta mit\u00e4\u00e4n kuluttajariitojen tuomioistuimen ulkopuolisen ratkaisun tarjoajaa toimivaltaiseksi ratkaisemaan kuluttajariitaa, jonka kuluttaja voisi panna vireille kuluttajariitojen tuomioistuimen ulkopuolisesta ratkaisusta annetun lain mukaisesti.<\/p>\n\n\n\n<p>Kaizendren MB, joka tavaroiden ja palveluiden tarjoajana helpottaa verkkokauppaa Slovenian tasavallan alueella, julkaisee verkkosivuillaan s\u00e4hk\u00f6isen linkin kuluttajariitojen verkkoratkaisualustalle (SRPS). Alusta on kuluttajien k\u00e4ytett\u00e4viss\u00e4 t\u00e4\u00e4ll\u00e4.<\/p>\n\n\n\n<figure class=\"wp-block-embed\"><div class=\"wp-block-embed__wrapper\">\nhttps:\/\/ec.europa.eu\/consumers\/odr\/main\/index.cfm?event=main.home.chooseLanguage\n<\/div><\/figure>\n\n\n\n<p>Edell\u00e4 mainittu s\u00e4\u00e4ntely on per\u00e4isin kuluttajariitojen tuomioistuimen ulkopuolisesta ratkaisemisesta annetusta laista, kuluttajariitojen verkkov\u00e4litteisest\u00e4 ratkaisemisesta annetusta Euroopan parlamentin ja neuvoston asetuksesta (EU) N:o 524\/2013 sek\u00e4 asetuksen (EY) N:o 2016\/2004 ja direktiivin 2009\/22\/EY muuttamisesta.<\/p>\n\n\n\n<p>Valituksen tai reklamaatioiden yhteydess\u00e4 voit ottaa meihin yhteytt\u00e4 s\u00e4hk\u00f6postitse osoitteeseen info@kaizendren.com tai soittaa numeroon +370 000 0000.<\/p>\n\n\n\n<h4 class=\"wp-block-heading\">K\u00e4yt\u00e4nnes\u00e4\u00e4nn\u00f6t<\/h4>\n\n\n\n<p>Palveluntarjoaja on asettanut korkeat sis\u00e4iset standardit tilausten, palautusten ja asiakasvalitusten k\u00e4sittelylle ja pyrkii noudattamaan mahdollisimman hyvin ajantasaisia kuluttajavaatimuksia ja lakis\u00e4\u00e4teisi\u00e4 m\u00e4\u00e4r\u00e4yksi\u00e4. S\u00e4hk\u00f6ist\u00e4 liiketoimintaa markkinoilla koskevan lain (ZEPT) 7 \u00a7:n 6. luetelmakohdan mukaisesti se vakuuttaa, ettei ole allekirjoittanut verkkokauppiaiden k\u00e4yt\u00e4nnes\u00e4\u00e4nt\u00f6j\u00e4.<\/p>\n\n\n\n<h4 class=\"wp-block-heading\">Tekij\u00e4noikeussuoja<\/h4>\n\n\n\n<p>Kaikki kaizendren.com-verkkosivuston ja sen alasivujen sis\u00e4lt\u00f6, mukaan lukien kuva- ja videomateriaali, on tekij\u00e4noikeuslain suojaamaa ja palveluntarjoajan omaisuutta. Palveluntarjoaja sallii kuva- ja videomateriaalin k\u00e4yt\u00f6n henkil\u00f6kohtaiseen k\u00e4ytt\u00f6\u00f6n sosiaalisessa mediassa, blogeissa ja valokuvagallerioissa, kunhan l\u00e4hde mainitaan.<\/p>\n\n\n\n<h4 class=\"wp-block-heading\">Selitys<\/h4>\n\n\n\n<p>Kaikki tiedot voivat muuttua ilman erillist\u00e4 ilmoitusta, ja palveluntarjoaja voi my\u00f6s muuttaa n\u00e4it\u00e4 ehtoja ilman erillist\u00e4 ilmoitusta. Jos tarvitset lis\u00e4selvityksi\u00e4 yhteisty\u00f6n yleisist\u00e4 ehdoista, voit ottaa meihin yhteytt\u00e4.<\/p>\n\n\n\n<h4 class=\"wp-block-heading\">Yrityksen tiedot:<\/h4>\n\n\n\n<p>MB KAIZENDREN<br>Puhelin: +370 683 16126<br>S\u00e4hk\u00f6posti:\u00a0<a href=\"mailto:info@kaizendren.com\">info@kaizendren.com<\/a><br>Rekisterinumero: 306556918<\/p>","protected":false},"excerpt":{"rendered":"<p>Tiedon saatavuus (lains\u00e4\u00e4d\u00e4nn\u00f6n yhteenveto) Palveluntarjoaja sitoutuu aina antamaan asiakkaalle seuraavat tiedot: a) yrityksen nimi<\/p>","protected":false},"author":1,"featured_media":0,"parent":291031,"menu_order":0,"comment_status":"closed","ping_status":"open","template":"","meta":{"footnotes":""},"class_list":["post-3","page","type-page","status-publish","hentry"],"yoast_head":"<!-- This site is optimized with the Yoast SEO plugin v27.3 - https:\/\/yoast.com\/product\/yoast-seo-wordpress\/ -->\n<title>Privacy policy - Kaizendren<\/title>\n<meta name=\"robots\" content=\"index, follow, max-snippet:-1, max-image-preview:large, max-video-preview:-1\" \/>\n<link rel=\"canonical\" href=\"https:\/\/kaizendren.com\/fi\/tiedot\/tietosuojakaytanto-2\/\" \/>\n<meta property=\"og:locale\" content=\"fi_FI\" \/>\n<meta property=\"og:type\" content=\"article\" \/>\n<meta property=\"og:title\" content=\"Privacy policy - Kaizendren\" \/>\n<meta property=\"og:description\" content=\"Accessibility of information (summary of legislation) The provider undertakes to always provide the customer with the following information:a) company identity\" \/>\n<meta property=\"og:url\" content=\"https:\/\/kaizendren.com\/fi\/tiedot\/tietosuojakaytanto-2\/\" \/>\n<meta property=\"og:site_name\" content=\"Kaizendren\" \/>\n<meta property=\"article:publisher\" content=\"https:\/\/www.facebook.com\/kaizendren\" \/>\n<meta property=\"article:modified_time\" content=\"2026-02-11T17:52:32+00:00\" \/>\n<meta property=\"og:image\" content=\"https:\/\/kaizendren.com\/wp-content\/uploads\/2023\/11\/insta-1.jpg\" \/>\n\t<meta property=\"og:image:width\" content=\"700\" \/>\n\t<meta property=\"og:image:height\" content=\"700\" \/>\n\t<meta property=\"og:image:type\" content=\"image\/jpeg\" \/>\n<meta name=\"twitter:card\" content=\"summary_large_image\" \/>\n<meta name=\"twitter:label1\" content=\"Arvioitu lukuaika\" \/>\n\t<meta name=\"twitter:data1\" content=\"9 minuuttia\" \/>\n<script type=\"application\/ld+json\" class=\"yoast-schema-graph\">{\"@context\":\"https:\\\/\\\/schema.org\",\"@graph\":[{\"@type\":\"WebPage\",\"@id\":\"https:\\\/\\\/kaizendren.com\\\/information\\\/privacy-policy\\\/\",\"url\":\"https:\\\/\\\/kaizendren.com\\\/information\\\/privacy-policy\\\/\",\"name\":\"Privacy policy - Kaizendren\",\"isPartOf\":{\"@id\":\"https:\\\/\\\/kaizendren.com\\\/#website\"},\"datePublished\":\"2023-10-25T11:27:08+00:00\",\"dateModified\":\"2026-02-11T17:52:32+00:00\",\"breadcrumb\":{\"@id\":\"https:\\\/\\\/kaizendren.com\\\/information\\\/privacy-policy\\\/#breadcrumb\"},\"inLanguage\":\"fi\",\"potentialAction\":[{\"@type\":\"ReadAction\",\"target\":[\"https:\\\/\\\/kaizendren.com\\\/information\\\/privacy-policy\\\/\"]}]},{\"@type\":\"BreadcrumbList\",\"@id\":\"https:\\\/\\\/kaizendren.com\\\/information\\\/privacy-policy\\\/#breadcrumb\",\"itemListElement\":[{\"@type\":\"ListItem\",\"position\":1,\"name\":\"Home\",\"item\":\"https:\\\/\\\/kaizendren.com\\\/\"},{\"@type\":\"ListItem\",\"position\":2,\"name\":\"Information\",\"item\":\"https:\\\/\\\/kaizendren.com\\\/information\\\/\"},{\"@type\":\"ListItem\",\"position\":3,\"name\":\"Privacy policy\"}]},{\"@type\":\"WebSite\",\"@id\":\"https:\\\/\\\/kaizendren.com\\\/#website\",\"url\":\"https:\\\/\\\/kaizendren.com\\\/\",\"name\":\"Kaizendren\",\"description\":\"Our Focus Is Your Health, Relaxation And Recovery\",\"publisher\":{\"@id\":\"https:\\\/\\\/kaizendren.com\\\/#organization\"},\"potentialAction\":[{\"@type\":\"SearchAction\",\"target\":{\"@type\":\"EntryPoint\",\"urlTemplate\":\"https:\\\/\\\/kaizendren.com\\\/?s={search_term_string}\"},\"query-input\":{\"@type\":\"PropertyValueSpecification\",\"valueRequired\":true,\"valueName\":\"search_term_string\"}}],\"inLanguage\":\"fi\"},{\"@type\":\"Organization\",\"@id\":\"https:\\\/\\\/kaizendren.com\\\/#organization\",\"name\":\"Kaizendren\",\"url\":\"https:\\\/\\\/kaizendren.com\\\/\",\"logo\":{\"@type\":\"ImageObject\",\"inLanguage\":\"fi\",\"@id\":\"https:\\\/\\\/kaizendren.com\\\/#\\\/schema\\\/logo\\\/image\\\/\",\"url\":\"https:\\\/\\\/kaizendren.com\\\/wp-content\\\/uploads\\\/2023\\\/11\\\/kaizendren-logo-head.png\",\"contentUrl\":\"https:\\\/\\\/kaizendren.com\\\/wp-content\\\/uploads\\\/2023\\\/11\\\/kaizendren-logo-head.png\",\"width\":336,\"height\":70,\"caption\":\"Kaizendren\"},\"image\":{\"@id\":\"https:\\\/\\\/kaizendren.com\\\/#\\\/schema\\\/logo\\\/image\\\/\"},\"sameAs\":[\"https:\\\/\\\/www.facebook.com\\\/kaizendren\",\"https:\\\/\\\/www.instagram.com\\\/kaizendren\",\"https:\\\/\\\/www.tiktok.com\\\/@kaizendren\"]}]}<\/script>\n<!-- \/ Yoast SEO plugin. -->","yoast_head_json":{"title":"Tietosuojak\u00e4yt\u00e4nt\u00f6 - Kaizendren","robots":{"index":"index","follow":"follow","max-snippet":"max-snippet:-1","max-image-preview":"max-image-preview:large","max-video-preview":"max-video-preview:-1"},"canonical":"https:\/\/kaizendren.com\/fi\/tiedot\/tietosuojakaytanto-2\/","og_locale":"fi_FI","og_type":"article","og_title":"Privacy policy - Kaizendren","og_description":"Accessibility of information (summary of legislation) The provider undertakes to always provide the customer with the following information:a) company identity","og_url":"https:\/\/kaizendren.com\/fi\/tiedot\/tietosuojakaytanto-2\/","og_site_name":"Kaizendren","article_publisher":"https:\/\/www.facebook.com\/kaizendren","article_modified_time":"2026-02-11T17:52:32+00:00","og_image":[{"width":700,"height":700,"url":"https:\/\/kaizendren.com\/wp-content\/uploads\/2023\/11\/insta-1.jpg","type":"image\/jpeg"}],"twitter_card":"summary_large_image","twitter_misc":{"Arvioitu lukuaika":"9 minuuttia"},"schema":{"@context":"https:\/\/schema.org","@graph":[{"@type":"WebPage","@id":"https:\/\/kaizendren.com\/information\/privacy-policy\/","url":"https:\/\/kaizendren.com\/information\/privacy-policy\/","name":"Tietosuojak\u00e4yt\u00e4nt\u00f6 - Kaizendren","isPartOf":{"@id":"https:\/\/kaizendren.com\/#website"},"datePublished":"2023-10-25T11:27:08+00:00","dateModified":"2026-02-11T17:52:32+00:00","breadcrumb":{"@id":"https:\/\/kaizendren.com\/information\/privacy-policy\/#breadcrumb"},"inLanguage":"fi","potentialAction":[{"@type":"ReadAction","target":["https:\/\/kaizendren.com\/information\/privacy-policy\/"]}]},{"@type":"BreadcrumbList","@id":"https:\/\/kaizendren.com\/information\/privacy-policy\/#breadcrumb","itemListElement":[{"@type":"ListItem","position":1,"name":"Home","item":"https:\/\/kaizendren.com\/"},{"@type":"ListItem","position":2,"name":"Information","item":"https:\/\/kaizendren.com\/information\/"},{"@type":"ListItem","position":3,"name":"Privacy policy"}]},{"@type":"WebSite","@id":"https:\/\/kaizendren.com\/#website","url":"https:\/\/kaizendren.com\/","name":"Kaizendren","description":"Keskitymme terveyteesi, rentoutumiseen ja toipumiseen","publisher":{"@id":"https:\/\/kaizendren.com\/#organization"},"potentialAction":[{"@type":"SearchAction","target":{"@type":"EntryPoint","urlTemplate":"https:\/\/kaizendren.com\/?s={search_term_string}"},"query-input":{"@type":"PropertyValueSpecification","valueRequired":true,"valueName":"search_term_string"}}],"inLanguage":"fi"},{"@type":"Organization","@id":"https:\/\/kaizendren.com\/#organization","name":"Kaizendren","url":"https:\/\/kaizendren.com\/","logo":{"@type":"ImageObject","inLanguage":"fi","@id":"https:\/\/kaizendren.com\/#\/schema\/logo\/image\/","url":"https:\/\/kaizendren.com\/wp-content\/uploads\/2023\/11\/kaizendren-logo-head.png","contentUrl":"https:\/\/kaizendren.com\/wp-content\/uploads\/2023\/11\/kaizendren-logo-head.png","width":336,"height":70,"caption":"Kaizendren"},"image":{"@id":"https:\/\/kaizendren.com\/#\/schema\/logo\/image\/"},"sameAs":["https:\/\/www.facebook.com\/kaizendren","https:\/\/www.instagram.com\/kaizendren","https:\/\/www.tiktok.com\/@kaizendren"]}]}},"_links":{"self":[{"href":"https:\/\/kaizendren.com\/fi\/wp-json\/wp\/v2\/pages\/3","targetHints":{"allow":["GET"]}}],"collection":[{"href":"https:\/\/kaizendren.com\/fi\/wp-json\/wp\/v2\/pages"}],"about":[{"href":"https:\/\/kaizendren.com\/fi\/wp-json\/wp\/v2\/types\/page"}],"author":[{"embeddable":true,"href":"https:\/\/kaizendren.com\/fi\/wp-json\/wp\/v2\/users\/1"}],"replies":[{"embeddable":true,"href":"https:\/\/kaizendren.com\/fi\/wp-json\/wp\/v2\/comments?post=3"}],"version-history":[{"count":4,"href":"https:\/\/kaizendren.com\/fi\/wp-json\/wp\/v2\/pages\/3\/revisions"}],"predecessor-version":[{"id":334605,"href":"https:\/\/kaizendren.com\/fi\/wp-json\/wp\/v2\/pages\/3\/revisions\/334605"}],"up":[{"embeddable":true,"href":"https:\/\/kaizendren.com\/fi\/wp-json\/wp\/v2\/pages\/291031"}],"wp:attachment":[{"href":"https:\/\/kaizendren.com\/fi\/wp-json\/wp\/v2\/media?parent=3"}],"curies":[{"name":"wp","href":"https:\/\/api.w.org\/{rel}","templated":true}]}}