{"id":19,"date":"2023-11-22T16:18:07","date_gmt":"2023-11-22T14:18:07","guid":{"rendered":"https:\/\/kaizendren.com\/?page_id=19"},"modified":"2026-02-11T19:45:52","modified_gmt":"2026-02-11T17:45:52","slug":"palautusehdot-2","status":"publish","type":"page","link":"https:\/\/kaizendren.com\/fi\/information\/return-policy\/","title":{"rendered":"Palautusehdot"},"content":{"rendered":"<h4 class=\"wp-block-heading\">30 p\u00e4iv\u00e4n palautusaika viallisille tuotteille:<\/h4>\n\n\n\n<p>Luotamme tuotteidemme laatuun, ja jos saat viallisen tuotteen, tarjoamme ongelmattoman palautusprosessin. Sinulla on 30 p\u00e4iv\u00e4\u00e4 aikaa aloittaa palautus mink\u00e4 tahansa tuotteen osalta, joka katsotaan vialliseksi tai valmistusvirheiden vuoksi vialliseksi.<\/p>\n\n\n\n<p><p>Tuotteet, jotka ovat altistuneet v\u00e4\u00e4rink\u00e4yt\u00f6lle, vahingoittuneet vahingossa, k\u00e4sitelty v\u00e4\u00e4rin tai joiden hoito-ohjeita on laiminly\u00f6ty, eiv\u00e4t ole palautuskelpoisia t\u00e4m\u00e4n k\u00e4yt\u00e4nn\u00f6n mukaisesti. Palautukset hyv\u00e4ksyt\u00e4\u00e4n vain ostoksista, jotka on tehty verkossa osoitteessa kaizendren.com tai vastaavilla alatunnuksilla, eik\u00e4 niit\u00e4 hyv\u00e4ksyt\u00e4 kolmansien osapuolten jakelijoilta ostettujen tuotteiden osalta.<\/p>\n<p>Voidaksesi saada hyvityksen virheett\u00f6m\u00e4st\u00e4 tuotteesta: tuotteen on oltava k\u00e4ytt\u00e4m\u00e4t\u00f6n ja samassa kunnossa kuin sen sait. Tuotteen on my\u00f6s oltava alkuper\u00e4ispakkauksessaan, jossa kaikki tunnisteet ja etiketit ovat kiinni.<\/p><\/p>\n\n\n\n<h4 class=\"wp-block-heading\">Palautusprosessi:<\/h4>\n\n\n\n<p>Ota yhteytt\u00e4 asiakastukitiimiimme osoitteessa info@kaizendren.com aloittaaksesi palautuksen. Sinun on annettava tietoja tilauksestasi, kuten tilausnumero ja selke\u00e4 selitys ongelmasta. Autamme sinua palautusprosessissa ja kerromme, mit\u00e4 sinun tulee tehd\u00e4 seuraavaksi.<\/p>\n\n\n\n<h4 class=\"wp-block-heading\">Palautuksen toimituskulut:<\/h4>\n\n\n\n<p>Kun tuote on toimitettu, emme voi hyvitt\u00e4\u00e4 sinulle toimituskuluja. Jos virheellinen tavara palautetaan 30 p\u00e4iv\u00e4n kuluessa, maksamme palautuskulut Euroopan unionin alueella. Mutta jos haluat palauttaa tuotteen, jota et ole k\u00e4ytt\u00e4nyt, koska muutit mielesi, sinun on maksettava itse palautusl\u00e4hetykset.<\/p>\n\n\n\n<h4 class=\"wp-block-heading\">Ep\u00e4onnistunut tai puuttuva toimitus:<\/h4>\n\n\n\n<p>Paketti palautetaan l\u00e4hett\u00e4j\u00e4lle (Kaizendren) asiakkaan kustannuksella, jos paketin toimittaminen ilmoitettuun toimitusosoitteeseen estyy asiakkaan yhteisty\u00f6haluttomuuden vuoksi (v\u00e4\u00e4r\u00e4 tai virheellinen toimitusosoite, vastaanottajan poissaolo jne.).<\/p>\n\n\n\n<h4 class=\"wp-block-heading\">Tarkastus ja palautus\/korvaus:<\/h4>\n\n\n\n<p>Kun saamme tuotteen takaisin, ammattitaitoinen tiimimme tarkistaa, onko siin\u00e4 ilmoittamasi ongelma. Jos huomaamme, ett\u00e4 tuote on viallinen, teemme sen, mit\u00e4 pyysit: joko hyvit\u00e4mme sinulle rahasi tai l\u00e4het\u00e4mme korvaavan tuotteen. T\u00e4m\u00e4 prosessi saattaa kest\u00e4\u00e4 jopa 7 p\u00e4iv\u00e4\u00e4.<\/p>\n\n\n\n<h4 class=\"wp-block-heading\">Vahingot ja kysymykset:<\/h4>\n\n\n\n<p>Varmista, ett\u00e4 tarkistat ja tarkastat kaikki osat, kun avaat Kaizendren-tuotteesi. Jos l\u00f6yd\u00e4t jotain rikkin\u00e4ist\u00e4, puuttuvaa tai vaurioitunutta, ilmoita meille mahdollisimman pian, niin korjaamme sen puolestasi.<\/p>\n\n\n\n<p>Sinulla on 10 p\u00e4iv\u00e4\u00e4 aikaa l\u00e4hett\u00e4\u00e4 korvauspyynt\u00f6j\u00e4 osoitteeseen info@kaizendren.com tilauksen vastaanottamisesta. Hyv\u00e4ksymme ainoastaan valmistusvirheit\u00e4, rikkoutuneita ja puuttuvia osia koskevat korvauspyynn\u00f6t. Oletamme, ett\u00e4 kaikki pienet vauriot 10 ensimm\u00e4isen p\u00e4iv\u00e4n j\u00e4lkeen ovat tuotteen luonteesta johtuvaa normaalia kulumista.<\/p>\n\n\n\n<p>Vaurion on vaikutettava tuotteen toimintaan. Jos tuote on vahingoittunut tahallisesti, vahingossa tai v\u00e4\u00e4rink\u00e4yt\u00f6n seurauksena, meill\u00e4 on oikeus kielt\u00e4yty\u00e4 korvaamisesta.<\/p>","protected":false},"excerpt":{"rendered":"<p>30 p\u00e4iv\u00e4n palautusoikeus viallisille tuotteille: Olemme varmoja tuotteidemme laadusta, ja jos saat<\/p>","protected":false},"author":1,"featured_media":0,"parent":291031,"menu_order":0,"comment_status":"closed","ping_status":"closed","template":"","meta":{"footnotes":""},"class_list":["post-19","page","type-page","status-publish","hentry"],"yoast_head":"<!-- This site is optimized with the Yoast SEO plugin v27.3 - https:\/\/yoast.com\/product\/yoast-seo-wordpress\/ -->\n<title>Return policy - Kaizendren<\/title>\n<meta name=\"robots\" content=\"index, follow, max-snippet:-1, max-image-preview:large, max-video-preview:-1\" \/>\n<link rel=\"canonical\" href=\"https:\/\/kaizendren.com\/fi\/tiedot\/palautusehdot-2\/\" \/>\n<meta property=\"og:locale\" content=\"fi_FI\" \/>\n<meta property=\"og:type\" content=\"article\" \/>\n<meta property=\"og:title\" content=\"Return policy - Kaizendren\" \/>\n<meta property=\"og:description\" content=\"30-day return period for faulty goods: We are confident in the quality of our products, and if you receive a\" \/>\n<meta property=\"og:url\" content=\"https:\/\/kaizendren.com\/fi\/tiedot\/palautusehdot-2\/\" \/>\n<meta property=\"og:site_name\" content=\"Kaizendren\" \/>\n<meta property=\"article:publisher\" content=\"https:\/\/www.facebook.com\/kaizendren\" \/>\n<meta property=\"article:modified_time\" content=\"2026-02-11T17:45:52+00:00\" \/>\n<meta property=\"og:image\" content=\"https:\/\/kaizendren.com\/wp-content\/uploads\/2023\/11\/insta-1.jpg\" \/>\n\t<meta property=\"og:image:width\" content=\"700\" \/>\n\t<meta property=\"og:image:height\" content=\"700\" \/>\n\t<meta property=\"og:image:type\" content=\"image\/jpeg\" \/>\n<meta name=\"twitter:card\" content=\"summary_large_image\" \/>\n<meta name=\"twitter:label1\" content=\"Arvioitu lukuaika\" \/>\n\t<meta name=\"twitter:data1\" content=\"3 minuuttia\" \/>\n<script type=\"application\/ld+json\" class=\"yoast-schema-graph\">{\"@context\":\"https:\\\/\\\/schema.org\",\"@graph\":[{\"@type\":\"WebPage\",\"@id\":\"https:\\\/\\\/kaizendren.com\\\/information\\\/return-policy\\\/\",\"url\":\"https:\\\/\\\/kaizendren.com\\\/information\\\/return-policy\\\/\",\"name\":\"Return policy - Kaizendren\",\"isPartOf\":{\"@id\":\"https:\\\/\\\/kaizendren.com\\\/#website\"},\"datePublished\":\"2023-11-22T14:18:07+00:00\",\"dateModified\":\"2026-02-11T17:45:52+00:00\",\"breadcrumb\":{\"@id\":\"https:\\\/\\\/kaizendren.com\\\/information\\\/return-policy\\\/#breadcrumb\"},\"inLanguage\":\"fi\",\"potentialAction\":[{\"@type\":\"ReadAction\",\"target\":[\"https:\\\/\\\/kaizendren.com\\\/information\\\/return-policy\\\/\"]}]},{\"@type\":\"BreadcrumbList\",\"@id\":\"https:\\\/\\\/kaizendren.com\\\/information\\\/return-policy\\\/#breadcrumb\",\"itemListElement\":[{\"@type\":\"ListItem\",\"position\":1,\"name\":\"Home\",\"item\":\"https:\\\/\\\/kaizendren.com\\\/\"},{\"@type\":\"ListItem\",\"position\":2,\"name\":\"Information\",\"item\":\"https:\\\/\\\/kaizendren.com\\\/information\\\/\"},{\"@type\":\"ListItem\",\"position\":3,\"name\":\"Return policy\"}]},{\"@type\":\"WebSite\",\"@id\":\"https:\\\/\\\/kaizendren.com\\\/#website\",\"url\":\"https:\\\/\\\/kaizendren.com\\\/\",\"name\":\"Kaizendren\",\"description\":\"Our Focus Is Your Health, Relaxation And Recovery\",\"publisher\":{\"@id\":\"https:\\\/\\\/kaizendren.com\\\/#organization\"},\"potentialAction\":[{\"@type\":\"SearchAction\",\"target\":{\"@type\":\"EntryPoint\",\"urlTemplate\":\"https:\\\/\\\/kaizendren.com\\\/?s={search_term_string}\"},\"query-input\":{\"@type\":\"PropertyValueSpecification\",\"valueRequired\":true,\"valueName\":\"search_term_string\"}}],\"inLanguage\":\"fi\"},{\"@type\":\"Organization\",\"@id\":\"https:\\\/\\\/kaizendren.com\\\/#organization\",\"name\":\"Kaizendren\",\"url\":\"https:\\\/\\\/kaizendren.com\\\/\",\"logo\":{\"@type\":\"ImageObject\",\"inLanguage\":\"fi\",\"@id\":\"https:\\\/\\\/kaizendren.com\\\/#\\\/schema\\\/logo\\\/image\\\/\",\"url\":\"https:\\\/\\\/kaizendren.com\\\/wp-content\\\/uploads\\\/2023\\\/11\\\/kaizendren-logo-head.png\",\"contentUrl\":\"https:\\\/\\\/kaizendren.com\\\/wp-content\\\/uploads\\\/2023\\\/11\\\/kaizendren-logo-head.png\",\"width\":336,\"height\":70,\"caption\":\"Kaizendren\"},\"image\":{\"@id\":\"https:\\\/\\\/kaizendren.com\\\/#\\\/schema\\\/logo\\\/image\\\/\"},\"sameAs\":[\"https:\\\/\\\/www.facebook.com\\\/kaizendren\",\"https:\\\/\\\/www.instagram.com\\\/kaizendren\",\"https:\\\/\\\/www.tiktok.com\\\/@kaizendren\"]}]}<\/script>\n<!-- \/ Yoast SEO plugin. -->","yoast_head_json":{"title":"Palautusehdot - Kaizendren","robots":{"index":"index","follow":"follow","max-snippet":"max-snippet:-1","max-image-preview":"max-image-preview:large","max-video-preview":"max-video-preview:-1"},"canonical":"https:\/\/kaizendren.com\/fi\/tiedot\/palautusehdot-2\/","og_locale":"fi_FI","og_type":"article","og_title":"Return policy - Kaizendren","og_description":"30-day return period for faulty goods: We are confident in the quality of our products, and if you receive a","og_url":"https:\/\/kaizendren.com\/fi\/tiedot\/palautusehdot-2\/","og_site_name":"Kaizendren","article_publisher":"https:\/\/www.facebook.com\/kaizendren","article_modified_time":"2026-02-11T17:45:52+00:00","og_image":[{"width":700,"height":700,"url":"https:\/\/kaizendren.com\/wp-content\/uploads\/2023\/11\/insta-1.jpg","type":"image\/jpeg"}],"twitter_card":"summary_large_image","twitter_misc":{"Arvioitu lukuaika":"3 minuuttia"},"schema":{"@context":"https:\/\/schema.org","@graph":[{"@type":"WebPage","@id":"https:\/\/kaizendren.com\/information\/return-policy\/","url":"https:\/\/kaizendren.com\/information\/return-policy\/","name":"Palautusehdot - Kaizendren","isPartOf":{"@id":"https:\/\/kaizendren.com\/#website"},"datePublished":"2023-11-22T14:18:07+00:00","dateModified":"2026-02-11T17:45:52+00:00","breadcrumb":{"@id":"https:\/\/kaizendren.com\/information\/return-policy\/#breadcrumb"},"inLanguage":"fi","potentialAction":[{"@type":"ReadAction","target":["https:\/\/kaizendren.com\/information\/return-policy\/"]}]},{"@type":"BreadcrumbList","@id":"https:\/\/kaizendren.com\/information\/return-policy\/#breadcrumb","itemListElement":[{"@type":"ListItem","position":1,"name":"Home","item":"https:\/\/kaizendren.com\/"},{"@type":"ListItem","position":2,"name":"Information","item":"https:\/\/kaizendren.com\/information\/"},{"@type":"ListItem","position":3,"name":"Return policy"}]},{"@type":"WebSite","@id":"https:\/\/kaizendren.com\/#website","url":"https:\/\/kaizendren.com\/","name":"Kaizendren","description":"Keskitymme terveyteesi, rentoutumiseen ja toipumiseen","publisher":{"@id":"https:\/\/kaizendren.com\/#organization"},"potentialAction":[{"@type":"SearchAction","target":{"@type":"EntryPoint","urlTemplate":"https:\/\/kaizendren.com\/?s={search_term_string}"},"query-input":{"@type":"PropertyValueSpecification","valueRequired":true,"valueName":"search_term_string"}}],"inLanguage":"fi"},{"@type":"Organization","@id":"https:\/\/kaizendren.com\/#organization","name":"Kaizendren","url":"https:\/\/kaizendren.com\/","logo":{"@type":"ImageObject","inLanguage":"fi","@id":"https:\/\/kaizendren.com\/#\/schema\/logo\/image\/","url":"https:\/\/kaizendren.com\/wp-content\/uploads\/2023\/11\/kaizendren-logo-head.png","contentUrl":"https:\/\/kaizendren.com\/wp-content\/uploads\/2023\/11\/kaizendren-logo-head.png","width":336,"height":70,"caption":"Kaizendren"},"image":{"@id":"https:\/\/kaizendren.com\/#\/schema\/logo\/image\/"},"sameAs":["https:\/\/www.facebook.com\/kaizendren","https:\/\/www.instagram.com\/kaizendren","https:\/\/www.tiktok.com\/@kaizendren"]}]}},"_links":{"self":[{"href":"https:\/\/kaizendren.com\/fi\/wp-json\/wp\/v2\/pages\/19","targetHints":{"allow":["GET"]}}],"collection":[{"href":"https:\/\/kaizendren.com\/fi\/wp-json\/wp\/v2\/pages"}],"about":[{"href":"https:\/\/kaizendren.com\/fi\/wp-json\/wp\/v2\/types\/page"}],"author":[{"embeddable":true,"href":"https:\/\/kaizendren.com\/fi\/wp-json\/wp\/v2\/users\/1"}],"replies":[{"embeddable":true,"href":"https:\/\/kaizendren.com\/fi\/wp-json\/wp\/v2\/comments?post=19"}],"version-history":[{"count":3,"href":"https:\/\/kaizendren.com\/fi\/wp-json\/wp\/v2\/pages\/19\/revisions"}],"predecessor-version":[{"id":334580,"href":"https:\/\/kaizendren.com\/fi\/wp-json\/wp\/v2\/pages\/19\/revisions\/334580"}],"up":[{"embeddable":true,"href":"https:\/\/kaizendren.com\/fi\/wp-json\/wp\/v2\/pages\/291031"}],"wp:attachment":[{"href":"https:\/\/kaizendren.com\/fi\/wp-json\/wp\/v2\/media?parent=19"}],"curies":[{"name":"wp","href":"https:\/\/api.w.org\/{rel}","templated":true}]}}