{"id":35073,"date":"2023-12-07T16:03:42","date_gmt":"2023-12-07T14:03:42","guid":{"rendered":"https:\/\/kaizendren.com\/?page_id=35073"},"modified":"2026-02-11T19:29:02","modified_gmt":"2026-02-11T17:29:02","slug":"informacion-de-entrega","status":"publish","type":"page","link":"https:\/\/kaizendren.com\/es\/information\/delivery-information\/","title":{"rendered":"Informaci\u00f3n de entrega"},"content":{"rendered":"<h4 class=\"wp-block-heading\">Informaci\u00f3n:<\/h4>\n\n\n\n<p>En Kaizendren, ofrecemos a nuestros clientes opciones de entrega a domicilio con el servicio de mensajer\u00eda DPD\/DHL al finalizar la compra. Puede consultar los plazos de entrega para cada pa\u00eds\/regi\u00f3n a continuaci\u00f3n.<\/p>\n\n\n\n<p>El env\u00edo expr\u00e9s internacional puede tardar entre 2 y 5 d\u00edas h\u00e1biles desde el d\u00eda de env\u00edo o m\u00e1s, dependiendo de cualquier problema o retraso en su pa\u00eds. En ocasiones, los problemas de la cadena de suministro global tambi\u00e9n pueden afectar el tiempo de env\u00edo.<\/p>\n\n\n\n<h4 class=\"wp-block-heading\">El tiempo de entrega:<\/h4>\n\n\n\n<p>Tenga en cuenta que los plazos de env\u00edo pueden variar. Las opciones de env\u00edo actuales y los plazos de entrega estimados son los siguientes:<\/p>\n\n\n\n<p>Pa\u00edses de la Uni\u00f3n Europea: <strong>2-5 d\u00edas h\u00e1biles<\/strong>.<br>Reino Unido: <strong>2-3 d\u00edas h\u00e1biles<\/strong>.<br>Fuera de la Uni\u00f3n Europea: <strong>5-14 d\u00edas h\u00e1biles<\/strong>.<br>Lituania: <strong>1-2 d\u00edas h\u00e1biles<\/strong>.<br>Letonia: <strong>2-3 d\u00edas h\u00e1biles<\/strong>.<br>Estonia: <strong>2-3 d\u00edas h\u00e1biles<\/strong>.<br>Polonia: <strong>2-3 d\u00edas h\u00e1biles<\/strong>.<br>Finlandia: <strong>2-5 d\u00edas h\u00e1biles<\/strong>.<br>Austria: <strong>2-4 d\u00edas h\u00e1biles<\/strong>.<br>B\u00e9lgica: <strong>2-4 d\u00edas h\u00e1biles<\/strong>.<br>Rep\u00fablica Checa: <strong>2-4 d\u00edas h\u00e1biles<\/strong>.<br>Dinamarca: <strong>2-4 d\u00edas h\u00e1biles<\/strong>.<br>Luxemburgo: <strong>2-4 d\u00edas h\u00e1biles<\/strong>.<br>Pa\u00edses Bajos: <strong>2-4 d\u00edas h\u00e1biles<\/strong>.<br>Francia: <strong>2-4 d\u00edas h\u00e1biles<\/strong>.<br>Eslovaquia: <strong>2-5 d\u00edas h\u00e1biles<\/strong>.<br>Alemania: <strong>2-4 d\u00edas h\u00e1biles<\/strong>.<br>Italia: <strong>3-6 d\u00edas h\u00e1biles<\/strong>.<br>Croacia: <strong>2-6 d\u00edas h\u00e1biles<\/strong>.<br>Eslovenia: <strong>2-5 d\u00edas h\u00e1biles<\/strong>.<br>Suecia: <strong>2-5 d\u00edas h\u00e1biles<\/strong>.<br>Hungr\u00eda: <strong>2-4 d\u00edas h\u00e1biles<\/strong>.<br>Irlanda: <strong>3-6 d\u00edas h\u00e1biles<\/strong>.<br>Bulgaria: <strong>3-6 d\u00edas h\u00e1biles<\/strong>.<br>Grecia: <strong>3-6 d\u00edas h\u00e1biles<\/strong>.<br>Espa\u00f1a: <strong>3-5 d\u00edas h\u00e1biles<\/strong>.<br>Portugal: <strong>3-6 d\u00edas h\u00e1biles<\/strong>.<br>Rumania: <strong>2-5 d\u00edas h\u00e1biles<\/strong>.<br>Suiza: <strong>5-12 d\u00edas h\u00e1biles<\/strong>.<br>Noruega: <strong>5-12 d\u00edas h\u00e1biles<\/strong>.<br>Serbia: <strong>5-12 d\u00edas h\u00e1biles<\/strong>.<br>Bosnia y Herzegovina: <strong>5-12 d\u00edas h\u00e1biles<\/strong>.<br>Montenegro: <strong>5-12 d\u00edas h\u00e1biles<\/strong>.<br>Albania: <strong>5-12 d\u00edas h\u00e1biles<\/strong>.<br><br><\/p>\n\n\n\n<h4 class=\"wp-block-heading\">Destinos de entrega:<\/h4>\n\n\n\n<p>Ofrecemos servicio de entrega a domicilio a estos pa\u00edses: Gran Breta\u00f1a (Reino Unido), Lituania, Letonia, Estonia, Polonia, Finlandia, Austria, B\u00e9lgica, Rep\u00fablica Checa, Dinamarca, Luxemburgo, Pa\u00edses Bajos, Francia, Eslovaquia, Alemania, Italia, Croacia, Eslovenia, Suecia, Hungr\u00eda, Irlanda, Bulgaria, Grecia, Espa\u00f1a, Portugal, Rumania, Suiza, Noruega, Serbia, Bosnia y Herzegovina, Montenegro, Albania.<\/p>\n\n\n\n<h4 class=\"wp-block-heading\">Entrega fallida o faltante:<\/h4>\n\n\n\n<p>El paquete ser\u00e1 devuelto al remitente (Kaizendren) a cargo del cliente si la entrega del paquete a la direcci\u00f3n de env\u00edo especificada se ve impedida por la falta de cooperaci\u00f3n del cliente (direcci\u00f3n de env\u00edo incorrecta o err\u00f3nea, receptor ausente, etc.).<\/p>\n\n\n\n<h4 class=\"wp-block-heading\">Art\u00edculos no recibidos pero el seguimiento muestra que fueron entregados:<\/h4>\n\n\n\n<p>No realizamos cambios ni reembolsos de art\u00edculos que el servicio de entrega haya marcado como entregados. Por ello, siempre recomendamos elegir un lugar seguro para la entrega de sus paquetes. Cuando el env\u00edo llegue a la direcci\u00f3n indicada, el servicio de entrega lo marcar\u00e1 como entregado. Le sugerimos que revise su buz\u00f3n, llame al servicio de entrega o se ponga en contacto con su oficina de correos local si no recibi\u00f3 su pedido, pero s\u00ed lo marc\u00f3 como entregado.<\/p>\n\n\n\n<h4 class=\"wp-block-heading\">Paquetes rechazados en la aduana:<\/h4>\n\n\n\n<p>No reembolsamos aranceles ni tasas de importaci\u00f3n. Cada cliente debe pagar las tasas e impuestos de importaci\u00f3n de su pa\u00eds. Si no paga los aranceles y nos devuelven su pedido, le reembolsaremos el importe de la compra menos los gastos de env\u00edo y aduanas. El art\u00edculo debe estar intacto y en condiciones de reventa para que se aplique el reembolso. Le enviaremos el importe exacto por correo electr\u00f3nico cuando recibamos la devoluci\u00f3n.<\/p>\n\n\n\n<p>Nota: Pagamos el env\u00edo dos veces cuando nos devuelven un paquete: una vez al enviarlo y otra al devolverlo. Ambos gastos de env\u00edo se descontar\u00e1n del importe de su reembolso.<\/p>","protected":false},"excerpt":{"rendered":"<p>Informaci\u00f3n: En Kaizendren, ofrecemos a nuestros clientes opciones de entrega a domicilio con el servicio de mensajer\u00eda DPD\/DHL al finalizar la compra. Puede ver la entrega.<\/p>","protected":false},"author":1,"featured_media":0,"parent":291031,"menu_order":0,"comment_status":"closed","ping_status":"closed","template":"","meta":{"footnotes":""},"class_list":["post-35073","page","type-page","status-publish","hentry"],"yoast_head":"<!-- This site is optimized with the Yoast SEO plugin v27.4 - https:\/\/yoast.com\/product\/yoast-seo-wordpress\/ -->\n<title>Delivery information - Kaizendren<\/title>\n<meta name=\"robots\" content=\"index, follow, max-snippet:-1, max-image-preview:large, max-video-preview:-1\" \/>\n<link rel=\"canonical\" href=\"https:\/\/kaizendren.com\/es\/informacion\/informacion-de-entrega\/\" \/>\n<meta property=\"og:locale\" content=\"es_ES\" \/>\n<meta property=\"og:type\" content=\"article\" \/>\n<meta property=\"og:title\" content=\"Delivery information - Kaizendren\" \/>\n<meta property=\"og:description\" content=\"Information: At Kaizendren, we offer our customers home delivery options with DPD\/DHL courrier at checkout. You can see the delivery\" \/>\n<meta property=\"og:url\" content=\"https:\/\/kaizendren.com\/es\/informacion\/informacion-de-entrega\/\" \/>\n<meta property=\"og:site_name\" content=\"Kaizendren\" \/>\n<meta property=\"article:publisher\" content=\"https:\/\/www.facebook.com\/kaizendren\" \/>\n<meta property=\"article:modified_time\" content=\"2026-02-11T17:29:02+00:00\" \/>\n<meta property=\"og:image\" content=\"https:\/\/kaizendren.com\/wp-content\/uploads\/2023\/11\/insta-1.jpg\" \/>\n\t<meta property=\"og:image:width\" content=\"700\" \/>\n\t<meta property=\"og:image:height\" content=\"700\" \/>\n\t<meta property=\"og:image:type\" content=\"image\/jpeg\" \/>\n<meta name=\"twitter:card\" content=\"summary_large_image\" \/>\n<meta name=\"twitter:label1\" content=\"Tiempo de lectura\" \/>\n\t<meta name=\"twitter:data1\" content=\"3 minutos\" \/>\n<script type=\"application\/ld+json\" class=\"yoast-schema-graph\">{\"@context\":\"https:\\\/\\\/schema.org\",\"@graph\":[{\"@type\":\"WebPage\",\"@id\":\"https:\\\/\\\/kaizendren.com\\\/information\\\/delivery-information\\\/\",\"url\":\"https:\\\/\\\/kaizendren.com\\\/information\\\/delivery-information\\\/\",\"name\":\"Delivery information - Kaizendren\",\"isPartOf\":{\"@id\":\"https:\\\/\\\/kaizendren.com\\\/#website\"},\"datePublished\":\"2023-12-07T14:03:42+00:00\",\"dateModified\":\"2026-02-11T17:29:02+00:00\",\"breadcrumb\":{\"@id\":\"https:\\\/\\\/kaizendren.com\\\/information\\\/delivery-information\\\/#breadcrumb\"},\"inLanguage\":\"es\",\"potentialAction\":[{\"@type\":\"ReadAction\",\"target\":[\"https:\\\/\\\/kaizendren.com\\\/information\\\/delivery-information\\\/\"]}]},{\"@type\":\"BreadcrumbList\",\"@id\":\"https:\\\/\\\/kaizendren.com\\\/information\\\/delivery-information\\\/#breadcrumb\",\"itemListElement\":[{\"@type\":\"ListItem\",\"position\":1,\"name\":\"Home\",\"item\":\"https:\\\/\\\/kaizendren.com\\\/\"},{\"@type\":\"ListItem\",\"position\":2,\"name\":\"Information\",\"item\":\"https:\\\/\\\/kaizendren.com\\\/information\\\/\"},{\"@type\":\"ListItem\",\"position\":3,\"name\":\"Delivery information\"}]},{\"@type\":\"WebSite\",\"@id\":\"https:\\\/\\\/kaizendren.com\\\/#website\",\"url\":\"https:\\\/\\\/kaizendren.com\\\/\",\"name\":\"Kaizendren\",\"description\":\"Our Focus Is Your Health, Relaxation And Recovery\",\"publisher\":{\"@id\":\"https:\\\/\\\/kaizendren.com\\\/#organization\"},\"potentialAction\":[{\"@type\":\"SearchAction\",\"target\":{\"@type\":\"EntryPoint\",\"urlTemplate\":\"https:\\\/\\\/kaizendren.com\\\/?s={search_term_string}\"},\"query-input\":{\"@type\":\"PropertyValueSpecification\",\"valueRequired\":true,\"valueName\":\"search_term_string\"}}],\"inLanguage\":\"es\"},{\"@type\":\"Organization\",\"@id\":\"https:\\\/\\\/kaizendren.com\\\/#organization\",\"name\":\"Kaizendren\",\"url\":\"https:\\\/\\\/kaizendren.com\\\/\",\"logo\":{\"@type\":\"ImageObject\",\"inLanguage\":\"es\",\"@id\":\"https:\\\/\\\/kaizendren.com\\\/#\\\/schema\\\/logo\\\/image\\\/\",\"url\":\"https:\\\/\\\/kaizendren.com\\\/wp-content\\\/uploads\\\/2023\\\/11\\\/kaizendren-logo-head.png\",\"contentUrl\":\"https:\\\/\\\/kaizendren.com\\\/wp-content\\\/uploads\\\/2023\\\/11\\\/kaizendren-logo-head.png\",\"width\":336,\"height\":70,\"caption\":\"Kaizendren\"},\"image\":{\"@id\":\"https:\\\/\\\/kaizendren.com\\\/#\\\/schema\\\/logo\\\/image\\\/\"},\"sameAs\":[\"https:\\\/\\\/www.facebook.com\\\/kaizendren\",\"https:\\\/\\\/www.instagram.com\\\/kaizendren\",\"https:\\\/\\\/www.tiktok.com\\\/@kaizendren\"]}]}<\/script>\n<!-- \/ Yoast SEO plugin. -->","yoast_head_json":{"title":"Informaci\u00f3n de entrega - Kaizendren","robots":{"index":"index","follow":"follow","max-snippet":"max-snippet:-1","max-image-preview":"max-image-preview:large","max-video-preview":"max-video-preview:-1"},"canonical":"https:\/\/kaizendren.com\/es\/informacion\/informacion-de-entrega\/","og_locale":"es_ES","og_type":"article","og_title":"Delivery information - Kaizendren","og_description":"Information: At Kaizendren, we offer our customers home delivery options with DPD\/DHL courrier at checkout. You can see the delivery","og_url":"https:\/\/kaizendren.com\/es\/informacion\/informacion-de-entrega\/","og_site_name":"Kaizendren","article_publisher":"https:\/\/www.facebook.com\/kaizendren","article_modified_time":"2026-02-11T17:29:02+00:00","og_image":[{"width":700,"height":700,"url":"https:\/\/kaizendren.com\/wp-content\/uploads\/2023\/11\/insta-1.jpg","type":"image\/jpeg"}],"twitter_card":"summary_large_image","twitter_misc":{"Tiempo de lectura":"3 minutos"},"schema":{"@context":"https:\/\/schema.org","@graph":[{"@type":"WebPage","@id":"https:\/\/kaizendren.com\/information\/delivery-information\/","url":"https:\/\/kaizendren.com\/information\/delivery-information\/","name":"Informaci\u00f3n de entrega - Kaizendren","isPartOf":{"@id":"https:\/\/kaizendren.com\/#website"},"datePublished":"2023-12-07T14:03:42+00:00","dateModified":"2026-02-11T17:29:02+00:00","breadcrumb":{"@id":"https:\/\/kaizendren.com\/information\/delivery-information\/#breadcrumb"},"inLanguage":"es","potentialAction":[{"@type":"ReadAction","target":["https:\/\/kaizendren.com\/information\/delivery-information\/"]}]},{"@type":"BreadcrumbList","@id":"https:\/\/kaizendren.com\/information\/delivery-information\/#breadcrumb","itemListElement":[{"@type":"ListItem","position":1,"name":"Home","item":"https:\/\/kaizendren.com\/"},{"@type":"ListItem","position":2,"name":"Information","item":"https:\/\/kaizendren.com\/information\/"},{"@type":"ListItem","position":3,"name":"Delivery information"}]},{"@type":"WebSite","@id":"https:\/\/kaizendren.com\/#website","url":"https:\/\/kaizendren.com\/","name":"Kaizendren","description":"Nos centramos en su salud, relajaci\u00f3n y recuperaci\u00f3n","publisher":{"@id":"https:\/\/kaizendren.com\/#organization"},"potentialAction":[{"@type":"SearchAction","target":{"@type":"EntryPoint","urlTemplate":"https:\/\/kaizendren.com\/?s={search_term_string}"},"query-input":{"@type":"PropertyValueSpecification","valueRequired":true,"valueName":"search_term_string"}}],"inLanguage":"es"},{"@type":"Organization","@id":"https:\/\/kaizendren.com\/#organization","name":"Kaizendren","url":"https:\/\/kaizendren.com\/","logo":{"@type":"ImageObject","inLanguage":"es","@id":"https:\/\/kaizendren.com\/#\/schema\/logo\/image\/","url":"https:\/\/kaizendren.com\/wp-content\/uploads\/2023\/11\/kaizendren-logo-head.png","contentUrl":"https:\/\/kaizendren.com\/wp-content\/uploads\/2023\/11\/kaizendren-logo-head.png","width":336,"height":70,"caption":"Kaizendren"},"image":{"@id":"https:\/\/kaizendren.com\/#\/schema\/logo\/image\/"},"sameAs":["https:\/\/www.facebook.com\/kaizendren","https:\/\/www.instagram.com\/kaizendren","https:\/\/www.tiktok.com\/@kaizendren"]}]}},"_links":{"self":[{"href":"https:\/\/kaizendren.com\/es\/wp-json\/wp\/v2\/pages\/35073","targetHints":{"allow":["GET"]}}],"collection":[{"href":"https:\/\/kaizendren.com\/es\/wp-json\/wp\/v2\/pages"}],"about":[{"href":"https:\/\/kaizendren.com\/es\/wp-json\/wp\/v2\/types\/page"}],"author":[{"embeddable":true,"href":"https:\/\/kaizendren.com\/es\/wp-json\/wp\/v2\/users\/1"}],"replies":[{"embeddable":true,"href":"https:\/\/kaizendren.com\/es\/wp-json\/wp\/v2\/comments?post=35073"}],"version-history":[{"count":2,"href":"https:\/\/kaizendren.com\/es\/wp-json\/wp\/v2\/pages\/35073\/revisions"}],"predecessor-version":[{"id":334564,"href":"https:\/\/kaizendren.com\/es\/wp-json\/wp\/v2\/pages\/35073\/revisions\/334564"}],"up":[{"embeddable":true,"href":"https:\/\/kaizendren.com\/es\/wp-json\/wp\/v2\/pages\/291031"}],"wp:attachment":[{"href":"https:\/\/kaizendren.com\/es\/wp-json\/wp\/v2\/media?parent=35073"}],"curies":[{"name":"wp","href":"https:\/\/api.w.org\/{rel}","templated":true}]}}