{"id":35073,"date":"2023-12-07T16:03:42","date_gmt":"2023-12-07T14:03:42","guid":{"rendered":"https:\/\/kaizendren.com\/?page_id=35073"},"modified":"2026-02-11T19:29:02","modified_gmt":"2026-02-11T17:29:02","slug":"tarneteave","status":"publish","type":"page","link":"https:\/\/kaizendren.com\/ee\/information\/delivery-information\/","title":{"rendered":"Teave tarnimise kohta"},"content":{"rendered":"<h4 class=\"wp-block-heading\">Teave:<\/h4>\n\n\n\n<p>Kaizendrenis pakume oma klientidele DPD\/DHLi kulleriga koju tarnimise v\u00f5imalusi kassas. Allpool n\u00e4ete iga riigi\/piirkonna tarneaegu.<\/p>\n\n\n\n<p>S\u00f5ltuvalt teie riigis esinevatest probleemidest v\u00f5i viivitustest v\u00f5ib see v\u00f5tta kuni 2-5 t\u00f6\u00f6p\u00e4eva alates l\u00e4hetamise p\u00e4evast v\u00f5i kauem rahvusvahelise kiirkullerteenuse puhul. M\u00f5nikord v\u00f5ivad ka \u00fclemaailmsed tarneahela probleemid m\u00f5jutada saatmise kestust.<\/p>\n\n\n\n<h4 class=\"wp-block-heading\">Tarneaeg:<\/h4>\n\n\n\n<p>Pange t\u00e4hele, et tarneajad v\u00f5ivad erineda. Praegused tarnev\u00f5imalused ja eeldatavad tarneajad on j\u00e4rgmised:<\/p>\n\n\n\n<p>Euroopa Liidu riigid: <strong>2-5 t\u00f6\u00f6p\u00e4eva<\/strong>.<br>\u00dchendkuningriik: <strong>2-3 t\u00f6\u00f6p\u00e4eva<\/strong>.<br>V\u00e4ljaspool Euroopa Liitu: <strong>5-14 t\u00f6\u00f6p\u00e4eva<\/strong>.<br>Leedu: <strong>1-2 t\u00f6\u00f6p\u00e4eva<\/strong>.<br>L\u00e4ti: <strong>2-3 t\u00f6\u00f6p\u00e4eva<\/strong>.<br>Eesti: <strong>2-3 t\u00f6\u00f6p\u00e4eva<\/strong>.<br>Poola: <strong>2-3 t\u00f6\u00f6p\u00e4eva<\/strong>.<br>Soome: <strong>2-5 t\u00f6\u00f6p\u00e4eva<\/strong>.<br>Austria: <strong>2-4 t\u00f6\u00f6p\u00e4eva<\/strong>.<br>Belgia: <strong>2-4 t\u00f6\u00f6p\u00e4eva<\/strong>.<br>T\u0161ehhi Vabariik: <strong>2-4 t\u00f6\u00f6p\u00e4eva<\/strong>.<br>Taani: <strong>2-4 t\u00f6\u00f6p\u00e4eva<\/strong>.<br>Luksemburg: <strong>2-4 t\u00f6\u00f6p\u00e4eva<\/strong>.<br>Madalmaad: <strong>2-4 t\u00f6\u00f6p\u00e4eva<\/strong>.<br>Prantsusmaa: <strong>2-4 t\u00f6\u00f6p\u00e4eva<\/strong>.<br>Slovakkia: <strong>2-5 t\u00f6\u00f6p\u00e4eva<\/strong>.<br>Saksamaa: <strong>2-4 t\u00f6\u00f6p\u00e4eva<\/strong>.<br>Itaalia: <strong>3-6 t\u00f6\u00f6p\u00e4eva<\/strong>.<br>Horvaatia: <strong>2-6 t\u00f6\u00f6p\u00e4eva<\/strong>.<br>Sloveenia: <strong>2-5 t\u00f6\u00f6p\u00e4eva<\/strong>.<br>Rootsi: <strong>2-5 t\u00f6\u00f6p\u00e4eva<\/strong>.<br>Ungari: <strong>2-4 t\u00f6\u00f6p\u00e4eva<\/strong>.<br>Iirimaa: <strong>3-6 t\u00f6\u00f6p\u00e4eva<\/strong>.<br>Bulgaaria: <strong>3-6 t\u00f6\u00f6p\u00e4eva<\/strong>.<br>Kreeka: <strong>3-6 t\u00f6\u00f6p\u00e4eva<\/strong>.<br>Hispaania: <strong>3-5 t\u00f6\u00f6p\u00e4eva<\/strong>.<br>Portugal: <strong>3-6 t\u00f6\u00f6p\u00e4eva<\/strong>.<br>Rumeenia: <strong>2-5 t\u00f6\u00f6p\u00e4eva<\/strong>.<br>\u0160veits: <strong>5-12 t\u00f6\u00f6p\u00e4eva<\/strong>.<br>Norra: <strong>5-12 t\u00f6\u00f6p\u00e4eva<\/strong>.<br>Serbia: <strong>5-12 t\u00f6\u00f6p\u00e4eva<\/strong>.<br>Bosnia ja Hertsegoviina: <strong>5-12 t\u00f6\u00f6p\u00e4eva<\/strong>.<br>Montenegro: <strong>5-12 t\u00f6\u00f6p\u00e4eva<\/strong>.<br>Albaania: <strong>5-12 t\u00f6\u00f6p\u00e4eva<\/strong>.<br><br><\/p>\n\n\n\n<h4 class=\"wp-block-heading\">Tarne sihtkohad:<\/h4>\n\n\n\n<p>Pakume kodutarne teenust nendesse riikidesse: Austria, Belgia, T\u0161ehhi Vabariik, Taani, Luksemburg, Madalmaad, Prantsusmaa, Slovakkia, Saksamaa, Itaalia, Horvaatia, Sloveenia, Rootsi, Ungari, Iirimaa, Bulgaaria, Kreeka, Hispaania, Portugal, Rumeenia, \u0160veits, Norra, Serbia, Bosnia ja Hertsegoviina, Montenegro, Albaania.<\/p>\n\n\n\n<h4 class=\"wp-block-heading\">Eba\u00f5nnestunud v\u00f5i puuduv tarne:<\/h4>\n\n\n\n<p>Pakett tagastatakse saatjale (Kaizendren) kliendi kulul, kui paki kohaletoimetamine m\u00e4\u00e4ratud tarneaadressile on takistatud kliendi koost\u00f6\u00f6 puudumise t\u00f5ttu (vale v\u00f5i ekslik tarneaadress, puuduv vastuv\u00f5tja jne).<\/p>\n\n\n\n<h4 class=\"wp-block-heading\">Esemed ei ole k\u00e4tte saadud, kuid j\u00e4lgimine n\u00e4itab, et need on kohale toimetatud:<\/h4>\n\n\n\n<p>Me ei vaheta ega tagastata kaupu, mille saateteenistus on m\u00e4rkinud kohale toimetatuks. Seet\u00f5ttu soovitame alati valida turvalise koha, kuhu teie pakid toimetatakse. Kui saadetis j\u00f5uab teie antud aadressile, m\u00e4rgib k\u00e4ttetoimetamisteenus selle k\u00e4ttetoimetatuks. Soovitame kontrollida oma postkasti, helistada kohalikule postiteenistusele v\u00f5i v\u00f5tta \u00fchendust oma kohaliku postkontoriga, kui te ei ole oma tellimust k\u00e4tte saanud, kuid see on m\u00e4rgitud k\u00e4ttetoimetatuks.<\/p>\n\n\n\n<h4 class=\"wp-block-heading\">Tolli poolt tagasi l\u00fckatud pakid:<\/h4>\n\n\n\n<p>Me ei tagasta tollimakse ega imporditasusid. Iga klient peab maksma oma riigi imporditasud ja maksud. Kui te ei maksa oma tollimaksu ja teie tellimus saadetakse meile tagasi, tagastame teile ostuhinna summa, millest on maha arvatud k\u00f5ik saatmis- ja tollimaksud. Tagasimakse saamiseks peab toode olema kahjustamata ja uuesti m\u00fc\u00fcdav. T\u00e4pne summa saadetakse teile e-postiga, kui me saame teie tagastatud summa.<\/p>\n\n\n\n<p>Pange t\u00e4hele: me maksame kaks korda, kui pakett saadetakse meile tagasi. \u00dcks kord, kui me selle teile esimest korda saadame, ja \u00fcks kord, kui me selle tagasi saadame. M\u00f5lemad saatmiskulud v\u00f5etakse teie tagasimakse summast maha.<\/p>","protected":false},"excerpt":{"rendered":"<p>Teave: Kaizendrenis pakume oma klientidele DPD\/DHL kulleriga kojuvedu kassas. Kohaletoimetamise tingimusi n\u00e4ete.<\/p>","protected":false},"author":1,"featured_media":0,"parent":291031,"menu_order":0,"comment_status":"closed","ping_status":"closed","template":"","meta":{"footnotes":""},"class_list":["post-35073","page","type-page","status-publish","hentry"],"yoast_head":"<!-- This site is optimized with the Yoast SEO plugin v27.4 - https:\/\/yoast.com\/product\/yoast-seo-wordpress\/ -->\n<title>Delivery information - Kaizendren<\/title>\n<meta name=\"robots\" content=\"index, follow, max-snippet:-1, max-image-preview:large, max-video-preview:-1\" \/>\n<link rel=\"canonical\" href=\"https:\/\/kaizendren.com\/ee\/teave\/tarneteave\/\" \/>\n<meta property=\"og:locale\" content=\"et_EE\" \/>\n<meta property=\"og:type\" content=\"article\" \/>\n<meta property=\"og:title\" content=\"Delivery information - Kaizendren\" \/>\n<meta property=\"og:description\" content=\"Information: At Kaizendren, we offer our customers home delivery options with DPD\/DHL courrier at checkout. You can see the delivery\" \/>\n<meta property=\"og:url\" content=\"https:\/\/kaizendren.com\/ee\/teave\/tarneteave\/\" \/>\n<meta property=\"og:site_name\" content=\"Kaizendren\" \/>\n<meta property=\"article:publisher\" content=\"https:\/\/www.facebook.com\/kaizendren\" \/>\n<meta property=\"article:modified_time\" content=\"2026-02-11T17:29:02+00:00\" \/>\n<meta property=\"og:image\" content=\"https:\/\/kaizendren.com\/wp-content\/uploads\/2023\/11\/insta-1.jpg\" \/>\n\t<meta property=\"og:image:width\" content=\"700\" \/>\n\t<meta property=\"og:image:height\" content=\"700\" \/>\n\t<meta property=\"og:image:type\" content=\"image\/jpeg\" \/>\n<meta name=\"twitter:card\" content=\"summary_large_image\" \/>\n<meta name=\"twitter:label1\" content=\"Est. reading time\" \/>\n\t<meta name=\"twitter:data1\" content=\"3 minutit\" \/>\n<script type=\"application\/ld+json\" class=\"yoast-schema-graph\">{\"@context\":\"https:\\\/\\\/schema.org\",\"@graph\":[{\"@type\":\"WebPage\",\"@id\":\"https:\\\/\\\/kaizendren.com\\\/information\\\/delivery-information\\\/\",\"url\":\"https:\\\/\\\/kaizendren.com\\\/information\\\/delivery-information\\\/\",\"name\":\"Delivery information - Kaizendren\",\"isPartOf\":{\"@id\":\"https:\\\/\\\/kaizendren.com\\\/#website\"},\"datePublished\":\"2023-12-07T14:03:42+00:00\",\"dateModified\":\"2026-02-11T17:29:02+00:00\",\"breadcrumb\":{\"@id\":\"https:\\\/\\\/kaizendren.com\\\/information\\\/delivery-information\\\/#breadcrumb\"},\"inLanguage\":\"et\",\"potentialAction\":[{\"@type\":\"ReadAction\",\"target\":[\"https:\\\/\\\/kaizendren.com\\\/information\\\/delivery-information\\\/\"]}]},{\"@type\":\"BreadcrumbList\",\"@id\":\"https:\\\/\\\/kaizendren.com\\\/information\\\/delivery-information\\\/#breadcrumb\",\"itemListElement\":[{\"@type\":\"ListItem\",\"position\":1,\"name\":\"Home\",\"item\":\"https:\\\/\\\/kaizendren.com\\\/\"},{\"@type\":\"ListItem\",\"position\":2,\"name\":\"Information\",\"item\":\"https:\\\/\\\/kaizendren.com\\\/information\\\/\"},{\"@type\":\"ListItem\",\"position\":3,\"name\":\"Delivery information\"}]},{\"@type\":\"WebSite\",\"@id\":\"https:\\\/\\\/kaizendren.com\\\/#website\",\"url\":\"https:\\\/\\\/kaizendren.com\\\/\",\"name\":\"Kaizendren\",\"description\":\"Our Focus Is Your Health, Relaxation And Recovery\",\"publisher\":{\"@id\":\"https:\\\/\\\/kaizendren.com\\\/#organization\"},\"potentialAction\":[{\"@type\":\"SearchAction\",\"target\":{\"@type\":\"EntryPoint\",\"urlTemplate\":\"https:\\\/\\\/kaizendren.com\\\/?s={search_term_string}\"},\"query-input\":{\"@type\":\"PropertyValueSpecification\",\"valueRequired\":true,\"valueName\":\"search_term_string\"}}],\"inLanguage\":\"et\"},{\"@type\":\"Organization\",\"@id\":\"https:\\\/\\\/kaizendren.com\\\/#organization\",\"name\":\"Kaizendren\",\"url\":\"https:\\\/\\\/kaizendren.com\\\/\",\"logo\":{\"@type\":\"ImageObject\",\"inLanguage\":\"et\",\"@id\":\"https:\\\/\\\/kaizendren.com\\\/#\\\/schema\\\/logo\\\/image\\\/\",\"url\":\"https:\\\/\\\/kaizendren.com\\\/wp-content\\\/uploads\\\/2023\\\/11\\\/kaizendren-logo-head.png\",\"contentUrl\":\"https:\\\/\\\/kaizendren.com\\\/wp-content\\\/uploads\\\/2023\\\/11\\\/kaizendren-logo-head.png\",\"width\":336,\"height\":70,\"caption\":\"Kaizendren\"},\"image\":{\"@id\":\"https:\\\/\\\/kaizendren.com\\\/#\\\/schema\\\/logo\\\/image\\\/\"},\"sameAs\":[\"https:\\\/\\\/www.facebook.com\\\/kaizendren\",\"https:\\\/\\\/www.instagram.com\\\/kaizendren\",\"https:\\\/\\\/www.tiktok.com\\\/@kaizendren\"]}]}<\/script>\n<!-- \/ Yoast SEO plugin. -->","yoast_head_json":{"title":"Teave tarnimise kohta - Kaizendren","robots":{"index":"index","follow":"follow","max-snippet":"max-snippet:-1","max-image-preview":"max-image-preview:large","max-video-preview":"max-video-preview:-1"},"canonical":"https:\/\/kaizendren.com\/ee\/teave\/tarneteave\/","og_locale":"et_EE","og_type":"article","og_title":"Delivery information - Kaizendren","og_description":"Information: At Kaizendren, we offer our customers home delivery options with DPD\/DHL courrier at checkout. You can see the delivery","og_url":"https:\/\/kaizendren.com\/ee\/teave\/tarneteave\/","og_site_name":"Kaizendren","article_publisher":"https:\/\/www.facebook.com\/kaizendren","article_modified_time":"2026-02-11T17:29:02+00:00","og_image":[{"width":700,"height":700,"url":"https:\/\/kaizendren.com\/wp-content\/uploads\/2023\/11\/insta-1.jpg","type":"image\/jpeg"}],"twitter_card":"summary_large_image","twitter_misc":{"Est. reading time":"3 minutit"},"schema":{"@context":"https:\/\/schema.org","@graph":[{"@type":"WebPage","@id":"https:\/\/kaizendren.com\/information\/delivery-information\/","url":"https:\/\/kaizendren.com\/information\/delivery-information\/","name":"Teave tarnimise kohta - Kaizendren","isPartOf":{"@id":"https:\/\/kaizendren.com\/#website"},"datePublished":"2023-12-07T14:03:42+00:00","dateModified":"2026-02-11T17:29:02+00:00","breadcrumb":{"@id":"https:\/\/kaizendren.com\/information\/delivery-information\/#breadcrumb"},"inLanguage":"et","potentialAction":[{"@type":"ReadAction","target":["https:\/\/kaizendren.com\/information\/delivery-information\/"]}]},{"@type":"BreadcrumbList","@id":"https:\/\/kaizendren.com\/information\/delivery-information\/#breadcrumb","itemListElement":[{"@type":"ListItem","position":1,"name":"Home","item":"https:\/\/kaizendren.com\/"},{"@type":"ListItem","position":2,"name":"Information","item":"https:\/\/kaizendren.com\/information\/"},{"@type":"ListItem","position":3,"name":"Delivery information"}]},{"@type":"WebSite","@id":"https:\/\/kaizendren.com\/#website","url":"https:\/\/kaizendren.com\/","name":"Kaizendren","description":"Meie fookus on teie tervis, l\u00f5\u00f5gastumine ja taastumine","publisher":{"@id":"https:\/\/kaizendren.com\/#organization"},"potentialAction":[{"@type":"SearchAction","target":{"@type":"EntryPoint","urlTemplate":"https:\/\/kaizendren.com\/?s={search_term_string}"},"query-input":{"@type":"PropertyValueSpecification","valueRequired":true,"valueName":"search_term_string"}}],"inLanguage":"et"},{"@type":"Organization","@id":"https:\/\/kaizendren.com\/#organization","name":"Kaizendren","url":"https:\/\/kaizendren.com\/","logo":{"@type":"ImageObject","inLanguage":"et","@id":"https:\/\/kaizendren.com\/#\/schema\/logo\/image\/","url":"https:\/\/kaizendren.com\/wp-content\/uploads\/2023\/11\/kaizendren-logo-head.png","contentUrl":"https:\/\/kaizendren.com\/wp-content\/uploads\/2023\/11\/kaizendren-logo-head.png","width":336,"height":70,"caption":"Kaizendren"},"image":{"@id":"https:\/\/kaizendren.com\/#\/schema\/logo\/image\/"},"sameAs":["https:\/\/www.facebook.com\/kaizendren","https:\/\/www.instagram.com\/kaizendren","https:\/\/www.tiktok.com\/@kaizendren"]}]}},"_links":{"self":[{"href":"https:\/\/kaizendren.com\/ee\/wp-json\/wp\/v2\/pages\/35073","targetHints":{"allow":["GET"]}}],"collection":[{"href":"https:\/\/kaizendren.com\/ee\/wp-json\/wp\/v2\/pages"}],"about":[{"href":"https:\/\/kaizendren.com\/ee\/wp-json\/wp\/v2\/types\/page"}],"author":[{"embeddable":true,"href":"https:\/\/kaizendren.com\/ee\/wp-json\/wp\/v2\/users\/1"}],"replies":[{"embeddable":true,"href":"https:\/\/kaizendren.com\/ee\/wp-json\/wp\/v2\/comments?post=35073"}],"version-history":[{"count":2,"href":"https:\/\/kaizendren.com\/ee\/wp-json\/wp\/v2\/pages\/35073\/revisions"}],"predecessor-version":[{"id":334564,"href":"https:\/\/kaizendren.com\/ee\/wp-json\/wp\/v2\/pages\/35073\/revisions\/334564"}],"up":[{"embeddable":true,"href":"https:\/\/kaizendren.com\/ee\/wp-json\/wp\/v2\/pages\/291031"}],"wp:attachment":[{"href":"https:\/\/kaizendren.com\/ee\/wp-json\/wp\/v2\/media?parent=35073"}],"curies":[{"name":"wp","href":"https:\/\/api.w.org\/{rel}","templated":true}]}}