{"id":3,"date":"2023-10-25T11:27:08","date_gmt":"2023-10-25T11:27:08","guid":{"rendered":"https:\/\/kaizendren.com\/?page_id=3"},"modified":"2026-02-11T19:52:32","modified_gmt":"2026-02-11T17:52:32","slug":"privaatsuspoliitika-2","status":"publish","type":"page","link":"https:\/\/kaizendren.com\/ee\/information\/privacy-policy\/","title":{"rendered":"Privaatsuspoliitika"},"content":{"rendered":"<h4 class=\"wp-block-heading\">Teabe k\u00e4ttesaadavus (\u00f5igusaktide kokkuv\u00f5te)<\/h4>\n\n\n\n<p>Teenuseosutaja kohustub alati esitama kliendile j\u00e4rgmise teabe:<br>a) ettev\u00f5tte andmed (ettev\u00f5tte nimi ja registrij\u00e4rgne asukoht, registrinumber),<br>b) kontaktandmed, mis v\u00f5imaldavad kasutajal kiiresti ja t\u00f5husalt suhelda (e-post, telefon),<br>c) kaupade v\u00f5i teenuste olulised omadused (sealhulgas m\u00fc\u00fcgij\u00e4rgsed teenused ja garantiid),<br>d) toodete k\u00e4ttesaadavus (iga veebisaidil pakutav toode v\u00f5i teenus peaks olema k\u00e4ttesaadav m\u00f5istliku aja jooksul),<br>e) toote tarnimise v\u00f5i teenuse osutamise tingimused (tarnimise viis, koht ja t\u00e4htaeg),<br>f) k\u00f5ik hinnad peavad olema selgelt ja \u00fcheselt m\u00f5istetavad ning peab olema selgelt n\u00e4idatud, kas need sisaldavad juba makse ja transpordikulusid,<br>g) makse- ja tarneviis,<br>h) pakkumise ajaline kehtivus,<br>i) t\u00e4htaeg, mille jooksul on veel v\u00f5imalik lepingust taganeda, ja taganemise tingimused; lisaks ka selle kohta, kas ja kui palju maksab kliendile toote tagastamine,<br>j) selgitus kaebuse esitamise korra kohta, sealhulgas kogu teave kontaktisiku v\u00f5i klienditeenindusosakonna kohta.<br>Tellimuse kinnitamisega n\u00f5ustub iga ostja \u00e4ri- ja kasutustingimustega.<\/p>\n\n\n\n<h4 class=\"wp-block-heading\">Kontakt<\/h4>\n\n\n\n<p>Kui vajate teavet v\u00f5i abi veebipakkumiste, tellimuste esitamise, veebitoimetuse, veebilehe kasutamise v\u00f5i kaupade tagastamise kohta, v\u00f5ite meiega \u00fchendust v\u00f5tta e-posti aadressil: info@kaizendren.com v\u00f5i telefonil +370 000 0000.<\/p>\n\n\n\n<h4 class=\"wp-block-heading\">Leping - tellimus<\/h4>\n\n\n\n<p>M\u00fc\u00fcgileping teenusepakkuja ja ostja vahel s\u00f5lmitakse hetkel, mil teenusepakkuja kinnitab tellimuse ja ostja saab e-kirja. Sellest hetkest alates on k\u00f5ik hinnad ja muud tingimused fikseeritud ja kehtivad nii teenusepakkuja kui ka ostja suhtes. Ostu kinnitamisega n\u00f5ustub ostja \u00fcldtingimustega. Teenusepakkuja ja kasutaja vahel s\u00f5lmitud lepingut s\u00e4ilitatakse alaliselt Kaizendren MB peakontoris v\u00f5i teenusepakkuja n\u00f5uetekohaselt turvatud kaugserveris. Kasutaja v\u00f5ib saada lepingu koopia, kui ta esitab taotluse e-posti aadressil: info@kaizendren.com. Ostja saab lepingu (tellimuse) koopia oma e-posti aadressile p\u00e4rast tellimuse esitamist.<\/p>\n\n\n\n<h4 class=\"wp-block-heading\">Toodete hinnad<\/h4>\n\n\n\n<p>Toote hinnad on esitatud eurodes ja kehtivad tellimuse esitamise p\u00e4eval. Hinnad sisaldavad k\u00e4ibemaksu, kuna teenusepakkuja on k\u00e4ibemaksukohustuslane. J\u00e4tame endale \u00f5iguse muuta hindu ilma ette teatamata. Kui klient kinnitab tellimuse veebipoes, kehtivad tellimuse esitamise ajal avaldatud hinnad. Hinnad on veebipoes asjakohaselt m\u00e4rgitud ja kehtivad k\u00f5igile klientidele. Toote hind ei sisalda tarnekulusid.<\/p>\n\n\n\n<h4 class=\"wp-block-heading\">Promo koodid<\/h4>\n\n\n\n<p>Koost\u00f6\u00f6 tingimused:<\/p>\n\n\n\n<ol class=\"wp-block-list\">\n<li>Kampaaniakood ei kehti kuu tootele.<\/li>\n\n\n\n<li>Kuu toode m\u00e4\u00e4ratakse kindlaks veebisaidil ja see v\u00f5ib iga kuu muutuda.<\/li>\n\n\n\n<li>Kampaaniakoodi saab kasutada k\u00f5igi teiste toodete ostmiseks veebilehel.<\/li>\n\n\n\n<li>Kampaaniakood kehtib \u00fcks kord \u00fche ostu kohta.<\/li>\n\n\n\n<li>Promo koodi ei saa kombineerida teiste allahindluste v\u00f5i kampaaniatega.<\/li>\n\n\n\n<li>Veebisait j\u00e4tab endale \u00f5iguse muuta v\u00f5i t\u00fchistada sooduskoodi ilma eelneva etteteatamiseta.<\/li>\n\n\n\n<li>Kampaaniakoodil ei ole rahalist v\u00e4\u00e4rtust ja seda ei saa sularahaks vahetada.<\/li>\n<\/ol>\n\n\n\n<h4 class=\"wp-block-heading\">Maksmine<\/h4>\n\n\n\n<p>Veebipoes on v\u00f5imalik toodete eest tasuda nii j\u00e4relmaksuga kui ka panga\u00fclekandega TRR-le. Koos saadetises olevate toodetega saab ostja arve koos \u00fcksikasjalike kuludega. Tasumine on v\u00f5imalik ainult \u00fches summas.<br><br>- Kohaletoimetamise meetodi puhul maksab ostja sularahas, kui postkontor saadetise k\u00e4tte toimetab. Sularaha k\u00e4ttesaamisel on v\u00f5imalik ainult siis, kui arveldusaadress on sama, mis tarneaadress.<br>- Proformaarve alusel tasumise korral saab ostja kolme p\u00e4eva jooksul oma e-posti aadressile proformaarve, mis p\u00f5hineb s\u00f5lmitud tellimusel. P\u00e4rast \u00fclekande saamist saadab teenusepakkuja tellitud tooted kliendile posti teel.<\/p>\n\n\n\n<p>V\u00e4ljastpoolt Sloveeniat tellitud toodete eest on v\u00f5imalik tasuda ainult otsetehingu (ettemaksuarve) alusel.<\/p>\n\n\n\n<h4 class=\"wp-block-heading\">Bill<\/h4>\n\n\n\n<p>Arve v\u00e4ljastatakse p\u00e4rast tarnimist ja see lisatakse tootele.<\/p>\n\n\n\n<h4 class=\"wp-block-heading\">Kohaletoimetamine<\/h4>\n\n\n\n<p>Pakkuja saadab tellitud kauba kahe t\u00f6\u00f6p\u00e4eva jooksul alates tellimuse k\u00e4ttesaamisest (j\u00e4relmaksu puhul) v\u00f5i kahe t\u00f6\u00f6p\u00e4eva jooksul alates makse laekumisest (\u00fclekande puhul TRR-ile). Kohaletoimetamise aeg s\u00f5ltub kohaletoimetamise teenusest ja v\u00f5ib olla \u00fcks kuni viis t\u00f6\u00f6p\u00e4eva alates kohaletoimetamise p\u00e4evast. Lepingupartneriks pakendite k\u00e4ttetoimetamisel on DPD\/DHL. Kauba ostmisel tasub saatmiskulu ostja ja selle suurus on 9,99 eurot.<\/p>\n\n\n\n<h4 class=\"wp-block-heading\">\u00d5igus ostust taganeda, kaup tagastada, makse tagastada.<\/h4>\n\n\n\n<p>Enne tellimuse esitamist avatakse kliendile tellimuse eelvaade, mille alusel saab ta kontrollida tellimuse esitamiseks t\u00e4idetud andmeid. Vale sisestuse korral saab ostja vead ostukorvis parandada. Kui sait ei soovi tellimust esitada, v\u00f5ib ta tellimuse esitamise sulgeda v\u00f5i sellest loobuda ja seega katkestada tellimuse esitamise ja kinnitamise.<\/p>\n\n\n\n<p>\u00d5igus ostust taganeda, kaup tagastada, makse tagastada.<\/p>\n\n\n\n<p>Ostjal on \u00f5igus lepingust v\u00f5i tellimusest taganeda 14 p\u00e4eva jooksul p\u00e4rast kauba k\u00e4ttesaamist teenusepakkujale e-posti aadressil info@kaizendren.com, ilma et ta peaks oma otsust p\u00f5hjendama.<\/p>\n\n\n\n<p>Kui ostja on kauba juba k\u00e4tte saanud ja lepingust taganeb, peab ta kauba saatma kahjustamata ja samas koguses pakkujale\/ettev\u00f5tjale 14 p\u00e4eva jooksul p\u00e4rast lepingust taganemise teate saatmist. Ainus kulu, mida ostjalt n\u00f5utakse seoses lepingust taganemisega, on toodete tagastamiskulud.<\/p>\n\n\n\n<p>Artiklilepingust taganemise vorm on kasutajale k\u00e4ttesaadav siin.<\/p>\n\n\n\n<p>Ostja peab tagastama saadud kauba kahjustamata ja muutmata kujul, v\u00e4lja arvatud juhul, kui kaup on kahjustunud ostja s\u00fc\u00fcl.<\/p>\n\n\n\n<p>Me tagastame ostjale tehtud maksed niipea kui v\u00f5imalik, kuid mitte hiljem kui 14 p\u00e4eva p\u00e4rast lepingust taganemise teate saamist. Ettev\u00f5te tagastab saadud maksed ostjale sama maksevahendiga, mida ostja kasutas (mis on k\u00f5ige sagedamini makse tehingukontole), v\u00e4lja arvatud juhul, kui tarbija on selges\u00f5naliselt taotlenud teistsuguse maksevahendi kasutamist ja ostja ei kanna sellest tulenevalt mingeid kulusid.<\/p>\n\n\n\n<p>Tarbijakaitseseaduse artikli 43 l\u00f5ike 5 kohaselt ei ole ostjal \u00f5igust lepingust (ostust) taganeda, kui tegemist on ostja t\u00e4psete juhiste kohaselt valmistatud ja tema isiklikele vajadustele kohandatud tootega.<\/p>\n\n\n\n<h4 class=\"wp-block-heading\">Kaebused<\/h4>\n\n\n\n<p>Pakkuja teeb k\u00f5ik endast oleneva, et tagada toote parim kvaliteet. Kui siiski juhtub, et ostja saadud tootes on defekt, teavitab ta sellest teenusepakkujat e-posti teel, kes teavitab ostjat kaebuse lahendamise protsessist. Pakkuja j\u00e4tab endale \u00f5iguse l\u00fckata kaebus tagasi, kui toote kasutamisk\u00f5lbmatus v\u00f5i ostja eba\u00f5igest k\u00e4itumisest p\u00f5hjustatud kahjustus<\/p>\n\n\n\n<h4 class=\"wp-block-heading\">Faktiline viga<\/h4>\n\n\n\n<p>Tarbija saab oma \u00f5igusi olulise puuduse korral maksma panna, kui ta teavitab m\u00fc\u00fcjat puudusest kahe kuu jooksul alates puuduse avastamise p\u00e4evast. Tarbija peab puudusest teatamisel puudust t\u00e4pselt kirjeldama ja lubama m\u00fc\u00fcjal asja kontrollida.<\/p>\n\n\n\n<p>M\u00fc\u00fcja ei vastuta kauba oluliste puuduste eest, mis ilmnevad p\u00e4rast kahe aasta m\u00f6\u00f6dumist kauba tarnimisest. Kui kauba puudus ilmneb kuue kuu jooksul p\u00e4rast tarnimist, loetakse see juba tarnimise ajal eksisteerivaks.<\/p>\n\n\n\n<p>Tarbijal, kes on m\u00fc\u00fcjat veast \u00f5igesti teavitanud, on \u00f5igus n\u00f5uda m\u00fc\u00fcjalt j\u00e4rgmist:<\/p>\n\n\n\n<p>parandab kauba puuduse v\u00f5i tagastab osa makstud summast proportsionaalselt puudusega v\u00f5i<\/p>\n\n\n\n<p>asendab defektse kauba uue veatu kaubaga v\u00f5i<\/p>\n\n\n\n<p>tagastab makstud summa.<\/p>\n\n\n\n<h4 class=\"wp-block-heading\">Kommunikatsioon<\/h4>\n\n\n\n<p>Teenusepakkuja v\u00f5tab kasutajaga \u00fchendust kaugside kaudu, kui kasutaja ei ole sellele selges\u00f5naliselt vastu. Reklaams\u00f5numid sisaldavad j\u00e4rgmisi komponente:<br>\u2013 Saatja on selgelt n\u00e4htav.<br>\u2013 Need m\u00e4rgistatakse selgelt ja \u00fchem\u00f5tteliselt reklaams\u00f5numitena.<br>\u2013 Erinevad kampaaniad, tutvustused ja muud turundusv\u00f5tted m\u00e4rgistatakse vastavalt. Samuti m\u00e4\u00e4ratletakse selgelt nendes osalemise tingimused.<br>\u2013 Reklaams\u00f5numite saamisest loobumise viis esitatakse selgelt.<br>\u2013 Teenusepakkuja austab selges\u00f5naliselt kasutaja soovi mitte saada reklaams\u00f5numeid.<br>\u2013 Telefoni teel m\u00fc\u00fcmisel kehtivad samad tingimused, mis meie e-poes. Samuti tagame kiire ja turvalise ostu.<\/p>\n\n\n\n<h4 class=\"wp-block-heading\">Isikuandmete kaitse<\/h4>\n\n\n\n<p>Ostja esitatud teave on rangelt konfidentsiaalne ja seda k\u00e4sitletakse vastavalt isikuandmete kaitse seadusele (RS ametlik v\u00e4ljaanne nr 59\/1999, 57\/2001, 59\/2001 - muudetud) ja tarbijakaitseseadusele - ZVPot-UPB1 (ametlik konsolideeritud tekst - RS ametlik v\u00e4ljaanne nr 14\/03). Teenuseosutaja kohustub pidevalt kaitsma k\u00f5iki kasutaja isikuandmeid. Teenusepakkuja kasutab isikuandmeid \u00fcksnes tellimuse t\u00e4itmiseks (infomaterjalide, pakkumiste, arvete saatmine) ja muuks suhtlemiseks. Mitte mingil juhul ei anta kasutaja andmeid volitamata isikutele. Kasutaja vastutab ka isikuandmete kaitse eest, tagades oma kasutajanime ja salas\u00f5na turvalisuse ja kaitse.<\/p>\n\n\n\n<h4 class=\"wp-block-heading\">Kaebused ja vaidlused<\/h4>\n\n\n\n<p>Tarbijavaidluste kohtuv\u00e4line lahendamine<\/p>\n\n\n\n<p>Vastavalt \u00f5igusnormidele ei tunnusta Kaizendren MB. \u00fchtegi tarbijavaidluste kohtuv\u00e4lise lahendamise teenusepakkujat p\u00e4devaks tarbijavaidluse lahendamiseks, mille tarbija v\u00f5iks algatada vastavalt tarbijavaidluste kohtuv\u00e4lise lahendamise seadusele.<\/p>\n\n\n\n<p>Kaizendren MB, kes kaupade ja teenuste pakkujana h\u00f5lbustab internetikaubandust Sloveenia Vabariigi territooriumil, avaldab oma veebisaidil elektroonilise lingi tarbijavaidluste veebip\u00f5hise lahendamise platvormile (SRPS). Platvorm on tarbijatele k\u00e4ttesaadav siin.<\/p>\n\n\n\n<figure class=\"wp-block-embed\"><div class=\"wp-block-embed__wrapper\">\nhttps:\/\/ec.europa.eu\/consumers\/odr\/main\/index.cfm?event=main.home.chooseLanguage\n<\/div><\/figure>\n\n\n\n<p>Nimetatud m\u00e4\u00e4rus tuleneb tarbijavaidluste kohtuv\u00e4lise lahendamise seadusest, Euroopa Parlamendi ja n\u00f5ukogu m\u00e4\u00e4rusest (EL) nr 524\/2013 tarbijavaidluste veebip\u00f5hise lahendamise kohta ning m\u00e4\u00e4ruse (E\u00dc) nr 2016\/2004 ja direktiivi 2009\/22\/E\u00dc muutmise kohta.<\/p>\n\n\n\n<p>Kaebuste v\u00f5i kaebuste korral v\u00f5tke meiega \u00fchendust e-posti aadressil info@kaizendren.com v\u00f5i helistage meile numbril +370 000 0000.<\/p>\n\n\n\n<h4 class=\"wp-block-heading\">K\u00e4itumisjuhend<\/h4>\n\n\n\n<p>Teenusepakkuja on kehtestanud k\u00f5rged sisemised standardid tellimuste, tagastuste ja kliendikaebuste k\u00e4sitlemiseks ning p\u00fc\u00fcab v\u00f5imalikult suures ulatuses j\u00e4rgida kehtivaid tarbijan\u00f5udeid ja \u00f5igusnorme. Vastavalt elektroonilist \u00e4ritegevust turul k\u00e4sitleva seaduse (ZEPT) artikli 7 6. ta deklareerib, et ta ei ole alla kirjutanud internetikauplejate tegevusjuhendile.<\/p>\n\n\n\n<h4 class=\"wp-block-heading\">Autori\u00f5iguse kaitse<\/h4>\n\n\n\n<p>Kogu veebilehe kaizendren.com ja selle alamlehtede sisu, sealhulgas pildi- ja videomaterjal, on autori\u00f5iguse seadusega kaitstud ja kuulub teenusepakkujale. Teenusepakkuja lubab pildi- ja videomaterjali kasutada isiklikuks otstarbeks sotsiaalv\u00f5rgustikes, blogides ja fotogaleriides, kus on m\u00e4rgitud allikas.<\/p>\n\n\n\n<h4 class=\"wp-block-heading\">Selgitus<\/h4>\n\n\n\n<p>Kogu teave v\u00f5ib muutuda ilma eelneva etteteatamiseta ning teenusepakkuja v\u00f5ib neid tingimusi ka ilma eelneva etteteatamiseta muuta. Kui vajate t\u00e4iendavaid selgitusi \u00fcldiste koost\u00f6\u00f6tingimuste kohta, v\u00f5ite meiega \u00fchendust v\u00f5tta.<\/p>\n\n\n\n<h4 class=\"wp-block-heading\">\u00c4riinfot:<\/h4>\n\n\n\n<p>MB KAIZENDREN<br>Telefon: +370 683 16126<br>E-post:\u00a0<a href=\"mailto:info@kaizendren.com\">info@kaizendren.com<\/a><br>Registreerimisnumber: 306556918<\/p>","protected":false},"excerpt":{"rendered":"<p>Teabe k\u00e4ttesaadavus (\u00f5igusaktide kokkuv\u00f5te) Teenusepakkuja kohustub kliendile alati esitama j\u00e4rgmise teabe: a) ettev\u00f5tte identiteet<\/p>","protected":false},"author":1,"featured_media":0,"parent":291031,"menu_order":0,"comment_status":"closed","ping_status":"open","template":"","meta":{"footnotes":""},"class_list":["post-3","page","type-page","status-publish","hentry"],"yoast_head":"<!-- This site is optimized with the Yoast SEO plugin v27.4 - https:\/\/yoast.com\/product\/yoast-seo-wordpress\/ -->\n<title>Privacy policy - Kaizendren<\/title>\n<meta name=\"robots\" content=\"index, follow, max-snippet:-1, max-image-preview:large, max-video-preview:-1\" \/>\n<link rel=\"canonical\" href=\"https:\/\/kaizendren.com\/ee\/teave\/privaatsuspoliitika-2\/\" \/>\n<meta property=\"og:locale\" content=\"et_EE\" \/>\n<meta property=\"og:type\" content=\"article\" \/>\n<meta property=\"og:title\" content=\"Privacy policy - Kaizendren\" \/>\n<meta property=\"og:description\" content=\"Accessibility of information (summary of legislation) The provider undertakes to always provide the customer with the following information:a) company identity\" \/>\n<meta property=\"og:url\" content=\"https:\/\/kaizendren.com\/ee\/teave\/privaatsuspoliitika-2\/\" \/>\n<meta property=\"og:site_name\" content=\"Kaizendren\" \/>\n<meta property=\"article:publisher\" content=\"https:\/\/www.facebook.com\/kaizendren\" \/>\n<meta property=\"article:modified_time\" content=\"2026-02-11T17:52:32+00:00\" \/>\n<meta property=\"og:image\" content=\"https:\/\/kaizendren.com\/wp-content\/uploads\/2023\/11\/insta-1.jpg\" \/>\n\t<meta property=\"og:image:width\" content=\"700\" \/>\n\t<meta property=\"og:image:height\" content=\"700\" \/>\n\t<meta property=\"og:image:type\" content=\"image\/jpeg\" \/>\n<meta name=\"twitter:card\" content=\"summary_large_image\" \/>\n<meta name=\"twitter:label1\" content=\"Est. reading time\" \/>\n\t<meta name=\"twitter:data1\" content=\"9 minutit\" \/>\n<script type=\"application\/ld+json\" class=\"yoast-schema-graph\">{\"@context\":\"https:\\\/\\\/schema.org\",\"@graph\":[{\"@type\":\"WebPage\",\"@id\":\"https:\\\/\\\/kaizendren.com\\\/information\\\/privacy-policy\\\/\",\"url\":\"https:\\\/\\\/kaizendren.com\\\/information\\\/privacy-policy\\\/\",\"name\":\"Privacy policy - Kaizendren\",\"isPartOf\":{\"@id\":\"https:\\\/\\\/kaizendren.com\\\/#website\"},\"datePublished\":\"2023-10-25T11:27:08+00:00\",\"dateModified\":\"2026-02-11T17:52:32+00:00\",\"breadcrumb\":{\"@id\":\"https:\\\/\\\/kaizendren.com\\\/information\\\/privacy-policy\\\/#breadcrumb\"},\"inLanguage\":\"et\",\"potentialAction\":[{\"@type\":\"ReadAction\",\"target\":[\"https:\\\/\\\/kaizendren.com\\\/information\\\/privacy-policy\\\/\"]}]},{\"@type\":\"BreadcrumbList\",\"@id\":\"https:\\\/\\\/kaizendren.com\\\/information\\\/privacy-policy\\\/#breadcrumb\",\"itemListElement\":[{\"@type\":\"ListItem\",\"position\":1,\"name\":\"Home\",\"item\":\"https:\\\/\\\/kaizendren.com\\\/\"},{\"@type\":\"ListItem\",\"position\":2,\"name\":\"Information\",\"item\":\"https:\\\/\\\/kaizendren.com\\\/information\\\/\"},{\"@type\":\"ListItem\",\"position\":3,\"name\":\"Privacy policy\"}]},{\"@type\":\"WebSite\",\"@id\":\"https:\\\/\\\/kaizendren.com\\\/#website\",\"url\":\"https:\\\/\\\/kaizendren.com\\\/\",\"name\":\"Kaizendren\",\"description\":\"Our Focus Is Your Health, Relaxation And Recovery\",\"publisher\":{\"@id\":\"https:\\\/\\\/kaizendren.com\\\/#organization\"},\"potentialAction\":[{\"@type\":\"SearchAction\",\"target\":{\"@type\":\"EntryPoint\",\"urlTemplate\":\"https:\\\/\\\/kaizendren.com\\\/?s={search_term_string}\"},\"query-input\":{\"@type\":\"PropertyValueSpecification\",\"valueRequired\":true,\"valueName\":\"search_term_string\"}}],\"inLanguage\":\"et\"},{\"@type\":\"Organization\",\"@id\":\"https:\\\/\\\/kaizendren.com\\\/#organization\",\"name\":\"Kaizendren\",\"url\":\"https:\\\/\\\/kaizendren.com\\\/\",\"logo\":{\"@type\":\"ImageObject\",\"inLanguage\":\"et\",\"@id\":\"https:\\\/\\\/kaizendren.com\\\/#\\\/schema\\\/logo\\\/image\\\/\",\"url\":\"https:\\\/\\\/kaizendren.com\\\/wp-content\\\/uploads\\\/2023\\\/11\\\/kaizendren-logo-head.png\",\"contentUrl\":\"https:\\\/\\\/kaizendren.com\\\/wp-content\\\/uploads\\\/2023\\\/11\\\/kaizendren-logo-head.png\",\"width\":336,\"height\":70,\"caption\":\"Kaizendren\"},\"image\":{\"@id\":\"https:\\\/\\\/kaizendren.com\\\/#\\\/schema\\\/logo\\\/image\\\/\"},\"sameAs\":[\"https:\\\/\\\/www.facebook.com\\\/kaizendren\",\"https:\\\/\\\/www.instagram.com\\\/kaizendren\",\"https:\\\/\\\/www.tiktok.com\\\/@kaizendren\"]}]}<\/script>\n<!-- \/ Yoast SEO plugin. -->","yoast_head_json":{"title":"Privaatsuspoliitika - Kaizendren","robots":{"index":"index","follow":"follow","max-snippet":"max-snippet:-1","max-image-preview":"max-image-preview:large","max-video-preview":"max-video-preview:-1"},"canonical":"https:\/\/kaizendren.com\/ee\/teave\/privaatsuspoliitika-2\/","og_locale":"et_EE","og_type":"article","og_title":"Privacy policy - Kaizendren","og_description":"Accessibility of information (summary of legislation) The provider undertakes to always provide the customer with the following information:a) company identity","og_url":"https:\/\/kaizendren.com\/ee\/teave\/privaatsuspoliitika-2\/","og_site_name":"Kaizendren","article_publisher":"https:\/\/www.facebook.com\/kaizendren","article_modified_time":"2026-02-11T17:52:32+00:00","og_image":[{"width":700,"height":700,"url":"https:\/\/kaizendren.com\/wp-content\/uploads\/2023\/11\/insta-1.jpg","type":"image\/jpeg"}],"twitter_card":"summary_large_image","twitter_misc":{"Est. reading time":"9 minutit"},"schema":{"@context":"https:\/\/schema.org","@graph":[{"@type":"WebPage","@id":"https:\/\/kaizendren.com\/information\/privacy-policy\/","url":"https:\/\/kaizendren.com\/information\/privacy-policy\/","name":"Privaatsuspoliitika - Kaizendren","isPartOf":{"@id":"https:\/\/kaizendren.com\/#website"},"datePublished":"2023-10-25T11:27:08+00:00","dateModified":"2026-02-11T17:52:32+00:00","breadcrumb":{"@id":"https:\/\/kaizendren.com\/information\/privacy-policy\/#breadcrumb"},"inLanguage":"et","potentialAction":[{"@type":"ReadAction","target":["https:\/\/kaizendren.com\/information\/privacy-policy\/"]}]},{"@type":"BreadcrumbList","@id":"https:\/\/kaizendren.com\/information\/privacy-policy\/#breadcrumb","itemListElement":[{"@type":"ListItem","position":1,"name":"Home","item":"https:\/\/kaizendren.com\/"},{"@type":"ListItem","position":2,"name":"Information","item":"https:\/\/kaizendren.com\/information\/"},{"@type":"ListItem","position":3,"name":"Privacy policy"}]},{"@type":"WebSite","@id":"https:\/\/kaizendren.com\/#website","url":"https:\/\/kaizendren.com\/","name":"Kaizendren","description":"Meie fookus on teie tervis, l\u00f5\u00f5gastumine ja taastumine","publisher":{"@id":"https:\/\/kaizendren.com\/#organization"},"potentialAction":[{"@type":"SearchAction","target":{"@type":"EntryPoint","urlTemplate":"https:\/\/kaizendren.com\/?s={search_term_string}"},"query-input":{"@type":"PropertyValueSpecification","valueRequired":true,"valueName":"search_term_string"}}],"inLanguage":"et"},{"@type":"Organization","@id":"https:\/\/kaizendren.com\/#organization","name":"Kaizendren","url":"https:\/\/kaizendren.com\/","logo":{"@type":"ImageObject","inLanguage":"et","@id":"https:\/\/kaizendren.com\/#\/schema\/logo\/image\/","url":"https:\/\/kaizendren.com\/wp-content\/uploads\/2023\/11\/kaizendren-logo-head.png","contentUrl":"https:\/\/kaizendren.com\/wp-content\/uploads\/2023\/11\/kaizendren-logo-head.png","width":336,"height":70,"caption":"Kaizendren"},"image":{"@id":"https:\/\/kaizendren.com\/#\/schema\/logo\/image\/"},"sameAs":["https:\/\/www.facebook.com\/kaizendren","https:\/\/www.instagram.com\/kaizendren","https:\/\/www.tiktok.com\/@kaizendren"]}]}},"_links":{"self":[{"href":"https:\/\/kaizendren.com\/ee\/wp-json\/wp\/v2\/pages\/3","targetHints":{"allow":["GET"]}}],"collection":[{"href":"https:\/\/kaizendren.com\/ee\/wp-json\/wp\/v2\/pages"}],"about":[{"href":"https:\/\/kaizendren.com\/ee\/wp-json\/wp\/v2\/types\/page"}],"author":[{"embeddable":true,"href":"https:\/\/kaizendren.com\/ee\/wp-json\/wp\/v2\/users\/1"}],"replies":[{"embeddable":true,"href":"https:\/\/kaizendren.com\/ee\/wp-json\/wp\/v2\/comments?post=3"}],"version-history":[{"count":4,"href":"https:\/\/kaizendren.com\/ee\/wp-json\/wp\/v2\/pages\/3\/revisions"}],"predecessor-version":[{"id":334605,"href":"https:\/\/kaizendren.com\/ee\/wp-json\/wp\/v2\/pages\/3\/revisions\/334605"}],"up":[{"embeddable":true,"href":"https:\/\/kaizendren.com\/ee\/wp-json\/wp\/v2\/pages\/291031"}],"wp:attachment":[{"href":"https:\/\/kaizendren.com\/ee\/wp-json\/wp\/v2\/media?parent=3"}],"curies":[{"name":"wp","href":"https:\/\/api.w.org\/{rel}","templated":true}]}}