{"id":19,"date":"2023-11-22T16:18:07","date_gmt":"2023-11-22T14:18:07","guid":{"rendered":"https:\/\/kaizendren.com\/?page_id=19"},"modified":"2026-02-11T19:45:52","modified_gmt":"2026-02-11T17:45:52","slug":"tagastamispoliitika","status":"publish","type":"page","link":"https:\/\/kaizendren.com\/ee\/information\/return-policy\/","title":{"rendered":"Tagastamispoliitika"},"content":{"rendered":"<h4 class=\"wp-block-heading\">30-p\u00e4evane tagastusperiood vigase kauba puhul:<\/h4>\n\n\n\n<p>Oleme kindlad oma toodete kvaliteedis ja kui saate vigase toote, pakume probleemivaba tagastamisprotsessi. Teil on 30 p\u00e4eva alates k\u00e4ttesaamise kuup\u00e4evast, et alustada tagastamist iga toote puhul, mida peetakse defektseks v\u00f5i defektseks tootmisvea t\u00f5ttu.<\/p>\n\n\n\n<p><p>Tooteid, mida on kasutatud v\u00e4\u00e4ralt, mis on juhuslikult kahjustatud, mida on valesti k\u00e4sitletud v\u00f5i mille puhul on eiratud toote hooldusjuhiseid, ei tagastata k\u00e4esoleva poliitika alusel. Tagastamist aktsepteeritakse ainult veebis kaizendren.com v\u00f5i samav\u00e4\u00e4rsetel alamdomeenidel tehtud ostude puhul ning ei aktsepteerita kolmandatest isikutest turustajatelt ostetud tooteid.<\/p>\n<p>Selleks, et teil oleks \u00f5igus saada tagastust puudusteta toote eest: toode peab olema kasutamata ja samas seisukorras, nagu te selle k\u00e4tte saite. Samuti peab toode olema originaalpakendis koos k\u00f5igi siltide ja etikettidega.<\/p><\/p>\n\n\n\n<h4 class=\"wp-block-heading\">Tagastamise protsess:<\/h4>\n\n\n\n<p>Palun v\u00f5tke \u00fchendust meie klienditoega aadressil info@kaizendren.com, et alustada tagastamist. Te peate esitama teavet oma tellimuse kohta, n\u00e4iteks tellimuse numbri ja selge selgituse probleemi kohta. Me aitame teid tagastamisprotsessis ja \u00fctleme teile, mida edasi teha.<\/p>\n\n\n\n<h4 class=\"wp-block-heading\">Tagastamise kulud:<\/h4>\n\n\n\n<p>P\u00e4rast toote kohaletoimetamist ei saa me teile tagastada saatekulusid. Esimese 30 p\u00e4eva jooksul tagastatud vigase kauba puhul tasume tagastamiskulud Euroopa Liidu piires. Kui aga soovite tagastada toote, mida te ei ole kasutanud, sest olete \u00fcmber m\u00f5elnud, peate tagastamiskulud ise kinni maksma.<\/p>\n\n\n\n<h4 class=\"wp-block-heading\">Eba\u00f5nnestunud v\u00f5i puuduv tarne:<\/h4>\n\n\n\n<p>Pakett tagastatakse saatjale (Kaizendren) kliendi kulul, kui paki kohaletoimetamine m\u00e4\u00e4ratud tarneaadressile on takistatud kliendi koost\u00f6\u00f6 puudumise t\u00f5ttu (vale v\u00f5i ekslik tarneaadress, puuduv vastuv\u00f5tja jne).<\/p>\n\n\n\n<h4 class=\"wp-block-heading\">Kontrollimine ja tagasimaksmine\/asendamine:<\/h4>\n\n\n\n<p>Kui me saame toote tagasi, kontrollib meie kvalifitseeritud meeskond seda, et n\u00e4ha, kas selles on teie poolt teatatud probleem. Kui leiame, et toode on vigane, teeme seda, mida palusite: kas tagastame raha v\u00f5i saadame teile asendustoote. See protsess v\u00f5ib v\u00f5tta kuni 7 p\u00e4eva.<\/p>\n\n\n\n<h4 class=\"wp-block-heading\">Kahjud ja probleemid:<\/h4>\n\n\n\n<p>Kontrollige ja vaadake kindlasti k\u00f5iki osi, kui avate oma Kaizendreni tooted. Kui leiate midagi katki, puuduvat v\u00f5i kahjustatud, andke meile sellest v\u00f5imalikult kiiresti teada ja me parandame selle teie jaoks.<\/p>\n\n\n\n<p>Teil on 10 p\u00e4eva aega alates tellimuse k\u00e4ttesaamise p\u00e4evast, et saata asendamistaotlused aadressile info@kaizendren.com. Me aktsepteerime asendustaotlusi ainult tootmisvigade, katkiste ja puuduvate osade puhul. Eeldame, et k\u00f5ik v\u00e4iksemad kahjustused p\u00e4rast esimesi 10 p\u00e4eva on toote olemusest tulenev normaalne kulumine.<\/p>\n\n\n\n<p>Kahjustus peab m\u00f5jutama toote toimimist. Kui toode on kahjustatud tahtlikult, kogemata v\u00f5i v\u00e4\u00e4rkasutuse t\u00f5ttu, on meil \u00f5igus keelduda toote asendamisest.<\/p>","protected":false},"excerpt":{"rendered":"<p>30-p\u00e4evane tagastusperiood defektse kauba puhul: Oleme oma toodete kvaliteedis kindlad ja kui saate<\/p>","protected":false},"author":1,"featured_media":0,"parent":291031,"menu_order":0,"comment_status":"closed","ping_status":"closed","template":"","meta":{"footnotes":""},"class_list":["post-19","page","type-page","status-publish","hentry"],"yoast_head":"<!-- This site is optimized with the Yoast SEO plugin v27.4 - https:\/\/yoast.com\/product\/yoast-seo-wordpress\/ -->\n<title>Return policy - Kaizendren<\/title>\n<meta name=\"robots\" content=\"index, follow, max-snippet:-1, max-image-preview:large, max-video-preview:-1\" \/>\n<link rel=\"canonical\" href=\"https:\/\/kaizendren.com\/ee\/teave\/tagastamispoliitika\/\" \/>\n<meta property=\"og:locale\" content=\"et_EE\" \/>\n<meta property=\"og:type\" content=\"article\" \/>\n<meta property=\"og:title\" content=\"Return policy - Kaizendren\" \/>\n<meta property=\"og:description\" content=\"30-day return period for faulty goods: We are confident in the quality of our products, and if you receive a\" \/>\n<meta property=\"og:url\" content=\"https:\/\/kaizendren.com\/ee\/teave\/tagastamispoliitika\/\" \/>\n<meta property=\"og:site_name\" content=\"Kaizendren\" \/>\n<meta property=\"article:publisher\" content=\"https:\/\/www.facebook.com\/kaizendren\" \/>\n<meta property=\"article:modified_time\" content=\"2026-02-11T17:45:52+00:00\" \/>\n<meta property=\"og:image\" content=\"https:\/\/kaizendren.com\/wp-content\/uploads\/2023\/11\/insta-1.jpg\" \/>\n\t<meta property=\"og:image:width\" content=\"700\" \/>\n\t<meta property=\"og:image:height\" content=\"700\" \/>\n\t<meta property=\"og:image:type\" content=\"image\/jpeg\" \/>\n<meta name=\"twitter:card\" content=\"summary_large_image\" \/>\n<meta name=\"twitter:label1\" content=\"Est. reading time\" \/>\n\t<meta name=\"twitter:data1\" content=\"3 minutit\" \/>\n<script type=\"application\/ld+json\" class=\"yoast-schema-graph\">{\"@context\":\"https:\\\/\\\/schema.org\",\"@graph\":[{\"@type\":\"WebPage\",\"@id\":\"https:\\\/\\\/kaizendren.com\\\/information\\\/return-policy\\\/\",\"url\":\"https:\\\/\\\/kaizendren.com\\\/information\\\/return-policy\\\/\",\"name\":\"Return policy - Kaizendren\",\"isPartOf\":{\"@id\":\"https:\\\/\\\/kaizendren.com\\\/#website\"},\"datePublished\":\"2023-11-22T14:18:07+00:00\",\"dateModified\":\"2026-02-11T17:45:52+00:00\",\"breadcrumb\":{\"@id\":\"https:\\\/\\\/kaizendren.com\\\/information\\\/return-policy\\\/#breadcrumb\"},\"inLanguage\":\"et\",\"potentialAction\":[{\"@type\":\"ReadAction\",\"target\":[\"https:\\\/\\\/kaizendren.com\\\/information\\\/return-policy\\\/\"]}]},{\"@type\":\"BreadcrumbList\",\"@id\":\"https:\\\/\\\/kaizendren.com\\\/information\\\/return-policy\\\/#breadcrumb\",\"itemListElement\":[{\"@type\":\"ListItem\",\"position\":1,\"name\":\"Home\",\"item\":\"https:\\\/\\\/kaizendren.com\\\/\"},{\"@type\":\"ListItem\",\"position\":2,\"name\":\"Information\",\"item\":\"https:\\\/\\\/kaizendren.com\\\/information\\\/\"},{\"@type\":\"ListItem\",\"position\":3,\"name\":\"Return policy\"}]},{\"@type\":\"WebSite\",\"@id\":\"https:\\\/\\\/kaizendren.com\\\/#website\",\"url\":\"https:\\\/\\\/kaizendren.com\\\/\",\"name\":\"Kaizendren\",\"description\":\"Our Focus Is Your Health, Relaxation And Recovery\",\"publisher\":{\"@id\":\"https:\\\/\\\/kaizendren.com\\\/#organization\"},\"potentialAction\":[{\"@type\":\"SearchAction\",\"target\":{\"@type\":\"EntryPoint\",\"urlTemplate\":\"https:\\\/\\\/kaizendren.com\\\/?s={search_term_string}\"},\"query-input\":{\"@type\":\"PropertyValueSpecification\",\"valueRequired\":true,\"valueName\":\"search_term_string\"}}],\"inLanguage\":\"et\"},{\"@type\":\"Organization\",\"@id\":\"https:\\\/\\\/kaizendren.com\\\/#organization\",\"name\":\"Kaizendren\",\"url\":\"https:\\\/\\\/kaizendren.com\\\/\",\"logo\":{\"@type\":\"ImageObject\",\"inLanguage\":\"et\",\"@id\":\"https:\\\/\\\/kaizendren.com\\\/#\\\/schema\\\/logo\\\/image\\\/\",\"url\":\"https:\\\/\\\/kaizendren.com\\\/wp-content\\\/uploads\\\/2023\\\/11\\\/kaizendren-logo-head.png\",\"contentUrl\":\"https:\\\/\\\/kaizendren.com\\\/wp-content\\\/uploads\\\/2023\\\/11\\\/kaizendren-logo-head.png\",\"width\":336,\"height\":70,\"caption\":\"Kaizendren\"},\"image\":{\"@id\":\"https:\\\/\\\/kaizendren.com\\\/#\\\/schema\\\/logo\\\/image\\\/\"},\"sameAs\":[\"https:\\\/\\\/www.facebook.com\\\/kaizendren\",\"https:\\\/\\\/www.instagram.com\\\/kaizendren\",\"https:\\\/\\\/www.tiktok.com\\\/@kaizendren\"]}]}<\/script>\n<!-- \/ Yoast SEO plugin. -->","yoast_head_json":{"title":"Tagastamispoliitika - Kaizendren","robots":{"index":"index","follow":"follow","max-snippet":"max-snippet:-1","max-image-preview":"max-image-preview:large","max-video-preview":"max-video-preview:-1"},"canonical":"https:\/\/kaizendren.com\/ee\/teave\/tagastamispoliitika\/","og_locale":"et_EE","og_type":"article","og_title":"Return policy - Kaizendren","og_description":"30-day return period for faulty goods: We are confident in the quality of our products, and if you receive a","og_url":"https:\/\/kaizendren.com\/ee\/teave\/tagastamispoliitika\/","og_site_name":"Kaizendren","article_publisher":"https:\/\/www.facebook.com\/kaizendren","article_modified_time":"2026-02-11T17:45:52+00:00","og_image":[{"width":700,"height":700,"url":"https:\/\/kaizendren.com\/wp-content\/uploads\/2023\/11\/insta-1.jpg","type":"image\/jpeg"}],"twitter_card":"summary_large_image","twitter_misc":{"Est. reading time":"3 minutit"},"schema":{"@context":"https:\/\/schema.org","@graph":[{"@type":"WebPage","@id":"https:\/\/kaizendren.com\/information\/return-policy\/","url":"https:\/\/kaizendren.com\/information\/return-policy\/","name":"Tagastamispoliitika - Kaizendren","isPartOf":{"@id":"https:\/\/kaizendren.com\/#website"},"datePublished":"2023-11-22T14:18:07+00:00","dateModified":"2026-02-11T17:45:52+00:00","breadcrumb":{"@id":"https:\/\/kaizendren.com\/information\/return-policy\/#breadcrumb"},"inLanguage":"et","potentialAction":[{"@type":"ReadAction","target":["https:\/\/kaizendren.com\/information\/return-policy\/"]}]},{"@type":"BreadcrumbList","@id":"https:\/\/kaizendren.com\/information\/return-policy\/#breadcrumb","itemListElement":[{"@type":"ListItem","position":1,"name":"Home","item":"https:\/\/kaizendren.com\/"},{"@type":"ListItem","position":2,"name":"Information","item":"https:\/\/kaizendren.com\/information\/"},{"@type":"ListItem","position":3,"name":"Return policy"}]},{"@type":"WebSite","@id":"https:\/\/kaizendren.com\/#website","url":"https:\/\/kaizendren.com\/","name":"Kaizendren","description":"Meie fookus on teie tervis, l\u00f5\u00f5gastumine ja taastumine","publisher":{"@id":"https:\/\/kaizendren.com\/#organization"},"potentialAction":[{"@type":"SearchAction","target":{"@type":"EntryPoint","urlTemplate":"https:\/\/kaizendren.com\/?s={search_term_string}"},"query-input":{"@type":"PropertyValueSpecification","valueRequired":true,"valueName":"search_term_string"}}],"inLanguage":"et"},{"@type":"Organization","@id":"https:\/\/kaizendren.com\/#organization","name":"Kaizendren","url":"https:\/\/kaizendren.com\/","logo":{"@type":"ImageObject","inLanguage":"et","@id":"https:\/\/kaizendren.com\/#\/schema\/logo\/image\/","url":"https:\/\/kaizendren.com\/wp-content\/uploads\/2023\/11\/kaizendren-logo-head.png","contentUrl":"https:\/\/kaizendren.com\/wp-content\/uploads\/2023\/11\/kaizendren-logo-head.png","width":336,"height":70,"caption":"Kaizendren"},"image":{"@id":"https:\/\/kaizendren.com\/#\/schema\/logo\/image\/"},"sameAs":["https:\/\/www.facebook.com\/kaizendren","https:\/\/www.instagram.com\/kaizendren","https:\/\/www.tiktok.com\/@kaizendren"]}]}},"_links":{"self":[{"href":"https:\/\/kaizendren.com\/ee\/wp-json\/wp\/v2\/pages\/19","targetHints":{"allow":["GET"]}}],"collection":[{"href":"https:\/\/kaizendren.com\/ee\/wp-json\/wp\/v2\/pages"}],"about":[{"href":"https:\/\/kaizendren.com\/ee\/wp-json\/wp\/v2\/types\/page"}],"author":[{"embeddable":true,"href":"https:\/\/kaizendren.com\/ee\/wp-json\/wp\/v2\/users\/1"}],"replies":[{"embeddable":true,"href":"https:\/\/kaizendren.com\/ee\/wp-json\/wp\/v2\/comments?post=19"}],"version-history":[{"count":3,"href":"https:\/\/kaizendren.com\/ee\/wp-json\/wp\/v2\/pages\/19\/revisions"}],"predecessor-version":[{"id":334580,"href":"https:\/\/kaizendren.com\/ee\/wp-json\/wp\/v2\/pages\/19\/revisions\/334580"}],"up":[{"embeddable":true,"href":"https:\/\/kaizendren.com\/ee\/wp-json\/wp\/v2\/pages\/291031"}],"wp:attachment":[{"href":"https:\/\/kaizendren.com\/ee\/wp-json\/wp\/v2\/media?parent=19"}],"curies":[{"name":"wp","href":"https:\/\/api.w.org\/{rel}","templated":true}]}}