{"id":35073,"date":"2023-12-07T16:03:42","date_gmt":"2023-12-07T14:03:42","guid":{"rendered":"https:\/\/kaizendren.com\/?page_id=35073"},"modified":"2026-02-11T19:29:02","modified_gmt":"2026-02-11T17:29:02","slug":"leveringsoplysninger","status":"publish","type":"page","link":"https:\/\/kaizendren.com\/dk\/information\/delivery-information\/","title":{"rendered":"Information om levering"},"content":{"rendered":"<h4 class=\"wp-block-heading\">Information:<\/h4>\n\n\n\n<p>Hos Kaizendren tilbyder vi vores kunder hjemmelevering med DPD\/DHL-kur\u00e9r ved kassen. Du kan se leveringstiderne for hvert land\/region nedenfor.<\/p>\n\n\n\n<p>Det kan tage op til 2-5 hverdage fra afsendelsesdatoen eller l\u00e6ngere for international ekspresforsendelse, afh\u00e6ngigt af eventuelle problemer eller forsinkelser i dit land. Nogle gange kan udfordringer i den globale forsyningsk\u00e6de ogs\u00e5 p\u00e5virke, hvor lang tid det tager at sende.<\/p>\n\n\n\n<h4 class=\"wp-block-heading\">Leveringstid:<\/h4>\n\n\n\n<p>Bem\u00e6rk venligst, at leveringstiderne kan variere. Aktuelle leveringsmuligheder og forventede leveringstider er som f\u00f8lger:<\/p>\n\n\n\n<p>Lande i Den Europ\u00e6iske Union: <strong>2-5 hverdage<\/strong>.<br>Storbritannien: <strong>2-3 hverdage<\/strong>.<br>Uden for Den Europ\u00e6iske Union: <strong>5-14 hverdage<\/strong>.<br>Litauen: <strong>1-2 hverdage<\/strong>.<br>Letland: <strong>2-3 hverdage<\/strong>.<br>Estland: <strong>2-3 hverdage<\/strong>.<br>Polen: <strong>2-3 hverdage<\/strong>.<br>Finland: <strong>2-5 hverdage<\/strong>.<br>\u00d8strig: <strong>2-4 hverdage<\/strong>.<br>Belgien: <strong>2-4 hverdage<\/strong>.<br>Tjekkiet: <strong>2-4 hverdage<\/strong>.<br>Danmark: <strong>2-4 hverdage<\/strong>.<br>Luxembourg: <strong>2-4 hverdage<\/strong>.<br>Holland: <strong>2-4 hverdage<\/strong>.<br>Frankrig: <strong>2-4 hverdage<\/strong>.<br>Slovakiet: <strong>2-5 hverdage<\/strong>.<br>Tyskland: <strong>2-4 hverdage<\/strong>.<br>Italien: <strong>3-6 hverdage<\/strong>.<br>Kroatien: <strong>2-6 hverdage<\/strong>.<br>Slovenien: <strong>2-5 hverdage<\/strong>.<br>Sverige: <strong>2-5 hverdage<\/strong>.<br>Ungarn: <strong>2-4 hverdage<\/strong>.<br>Irland: <strong>3-6 hverdage<\/strong>.<br>Bulgarien: <strong>3-6 hverdage<\/strong>.<br>Gr\u00e6kenland: <strong>3-6 hverdage<\/strong>.<br>Spanien: <strong>3-5 hverdage<\/strong>.<br>Portugal: <strong>3-6 hverdage<\/strong>.<br>Rum\u00e6nien: <strong>2-5 hverdage<\/strong>.<br>Schweiz: <strong>5-12 hverdage<\/strong>.<br>Norge: <strong>5-12 hverdage<\/strong>.<br>Serbien: <strong>5-12 hverdage<\/strong>.<br>Bosnien-Hercegovina: <strong>5-12 hverdage<\/strong>.<br>Montenegro: <strong>5-12 hverdage<\/strong>.<br>Albanien: <strong>5-12 hverdage<\/strong>.<br><br><\/p>\n\n\n\n<h4 class=\"wp-block-heading\">Leveringsdestinationer:<\/h4>\n\n\n\n<p>Vi tilbyder hjemmelevering til disse lande: Storbritannien (Storbritannien), Litauen, Letland, Estland, Polen, Finland, \u00d8strig, Belgien, Tjekkiet, Danmark, Luxembourg, Holland, Frankrig, Slovakiet, Tyskland, Italien, Kroatien, Slovenien, Sverige, Ungarn, Irland, Bulgarien, Gr\u00e6kenland, Spanien, Portugal, Rum\u00e6nien, Schweiz, Norge, Serbien, Bosnien-Hercegovina, Montenegro, Albanien.<\/p>\n\n\n\n<h4 class=\"wp-block-heading\">Mislykket eller manglende levering:<\/h4>\n\n\n\n<p>Pakken returneres til afsenderen (Kaizendren) p\u00e5 kundens regning, hvis leveringen af pakken til den angivne leveringsadresse forhindres p\u00e5 grund af kundens manglende samarbejde (forkert eller fejlagtig leveringsadresse, manglende modtager osv.).<\/p>\n\n\n\n<h4 class=\"wp-block-heading\">Varer ikke modtaget, men sporing viser leveret:<\/h4>\n\n\n\n<p>Vi bytter eller refunderer ikke varer, som leveringstjenesten har markeret som leveret. Derfor anbefaler vi altid, at du v\u00e6lger et sikkert sted, hvor dine pakker skal leveres. N\u00e5r forsendelsen n\u00e5r den adresse, du har angivet, markerer leveringstjenesten den som leveret. Vi foresl\u00e5r, at du tjekker din postkasse, ringer til leveringstjenesten eller kontakter dit lokale posthus, hvis du ikke har modtaget din ordre, men den var markeret som leveret.<\/p>\n\n\n\n<h4 class=\"wp-block-heading\">Afviste pakker fra toldmyndighederne:<\/h4>\n\n\n\n<p>Vi refunderer ikke told eller importgebyrer. Hver kunde skal betale sit lands importgebyrer og skatter. Hvis du ikke betaler din told, og din ordre sendes tilbage til os, refunderer vi dig k\u00f8bsprisen minus alle forsendelses-\/toldgebyrer. Varen skal v\u00e6re ubeskadiget og kunne videres\u00e6lges, for at refusionen kan anvendes. Det n\u00f8jagtige bel\u00f8b vil blive sendt til dig via e-mail, n\u00e5r vi modtager dit returnerede bel\u00f8b.<\/p>\n\n\n\n<p>Bem\u00e6rk venligst: Vi betaler forsendelsen to gange, n\u00e5r en pakke sendes tilbage til os. \u00c9n gang, n\u00e5r vi sender den til dig, og \u00e9n gang, n\u00e5r vi sender den tilbage. Begge disse forsendelsesomkostninger vil blive fratrukket dit refunderingsbel\u00f8b.<\/p>","protected":false},"excerpt":{"rendered":"<p>Information: Hos Kaizendren tilbyder vi vores kunder hjemmelevering med DPD\/DHL-kur\u00e9r ved kassen. Du kan se leveringstiden.<\/p>","protected":false},"author":1,"featured_media":0,"parent":291031,"menu_order":0,"comment_status":"closed","ping_status":"closed","template":"","meta":{"footnotes":""},"class_list":["post-35073","page","type-page","status-publish","hentry"],"yoast_head":"<!-- This site is optimized with the Yoast SEO plugin v27.4 - https:\/\/yoast.com\/product\/yoast-seo-wordpress\/ -->\n<title>Delivery information - Kaizendren<\/title>\n<meta name=\"robots\" content=\"index, follow, max-snippet:-1, max-image-preview:large, max-video-preview:-1\" \/>\n<link rel=\"canonical\" href=\"https:\/\/kaizendren.com\/dk\/information\/leveringsoplysninger\/\" \/>\n<meta property=\"og:locale\" content=\"da_DK\" \/>\n<meta property=\"og:type\" content=\"article\" \/>\n<meta property=\"og:title\" content=\"Delivery information - Kaizendren\" \/>\n<meta property=\"og:description\" content=\"Information: At Kaizendren, we offer our customers home delivery options with DPD\/DHL courrier at checkout. You can see the delivery\" \/>\n<meta property=\"og:url\" content=\"https:\/\/kaizendren.com\/dk\/information\/leveringsoplysninger\/\" \/>\n<meta property=\"og:site_name\" content=\"Kaizendren\" \/>\n<meta property=\"article:publisher\" content=\"https:\/\/www.facebook.com\/kaizendren\" \/>\n<meta property=\"article:modified_time\" content=\"2026-02-11T17:29:02+00:00\" \/>\n<meta property=\"og:image\" content=\"https:\/\/kaizendren.com\/wp-content\/uploads\/2023\/11\/insta-1.jpg\" \/>\n\t<meta property=\"og:image:width\" content=\"700\" \/>\n\t<meta property=\"og:image:height\" content=\"700\" \/>\n\t<meta property=\"og:image:type\" content=\"image\/jpeg\" \/>\n<meta name=\"twitter:card\" content=\"summary_large_image\" \/>\n<meta name=\"twitter:label1\" content=\"Estimeret l\u00e6setid\" \/>\n\t<meta name=\"twitter:data1\" content=\"3 minutter\" \/>\n<script type=\"application\/ld+json\" class=\"yoast-schema-graph\">{\"@context\":\"https:\\\/\\\/schema.org\",\"@graph\":[{\"@type\":\"WebPage\",\"@id\":\"https:\\\/\\\/kaizendren.com\\\/information\\\/delivery-information\\\/\",\"url\":\"https:\\\/\\\/kaizendren.com\\\/information\\\/delivery-information\\\/\",\"name\":\"Delivery information - Kaizendren\",\"isPartOf\":{\"@id\":\"https:\\\/\\\/kaizendren.com\\\/#website\"},\"datePublished\":\"2023-12-07T14:03:42+00:00\",\"dateModified\":\"2026-02-11T17:29:02+00:00\",\"breadcrumb\":{\"@id\":\"https:\\\/\\\/kaizendren.com\\\/information\\\/delivery-information\\\/#breadcrumb\"},\"inLanguage\":\"da-DK\",\"potentialAction\":[{\"@type\":\"ReadAction\",\"target\":[\"https:\\\/\\\/kaizendren.com\\\/information\\\/delivery-information\\\/\"]}]},{\"@type\":\"BreadcrumbList\",\"@id\":\"https:\\\/\\\/kaizendren.com\\\/information\\\/delivery-information\\\/#breadcrumb\",\"itemListElement\":[{\"@type\":\"ListItem\",\"position\":1,\"name\":\"Home\",\"item\":\"https:\\\/\\\/kaizendren.com\\\/\"},{\"@type\":\"ListItem\",\"position\":2,\"name\":\"Information\",\"item\":\"https:\\\/\\\/kaizendren.com\\\/information\\\/\"},{\"@type\":\"ListItem\",\"position\":3,\"name\":\"Delivery information\"}]},{\"@type\":\"WebSite\",\"@id\":\"https:\\\/\\\/kaizendren.com\\\/#website\",\"url\":\"https:\\\/\\\/kaizendren.com\\\/\",\"name\":\"Kaizendren\",\"description\":\"Our Focus Is Your Health, Relaxation And Recovery\",\"publisher\":{\"@id\":\"https:\\\/\\\/kaizendren.com\\\/#organization\"},\"potentialAction\":[{\"@type\":\"SearchAction\",\"target\":{\"@type\":\"EntryPoint\",\"urlTemplate\":\"https:\\\/\\\/kaizendren.com\\\/?s={search_term_string}\"},\"query-input\":{\"@type\":\"PropertyValueSpecification\",\"valueRequired\":true,\"valueName\":\"search_term_string\"}}],\"inLanguage\":\"da-DK\"},{\"@type\":\"Organization\",\"@id\":\"https:\\\/\\\/kaizendren.com\\\/#organization\",\"name\":\"Kaizendren\",\"url\":\"https:\\\/\\\/kaizendren.com\\\/\",\"logo\":{\"@type\":\"ImageObject\",\"inLanguage\":\"da-DK\",\"@id\":\"https:\\\/\\\/kaizendren.com\\\/#\\\/schema\\\/logo\\\/image\\\/\",\"url\":\"https:\\\/\\\/kaizendren.com\\\/wp-content\\\/uploads\\\/2023\\\/11\\\/kaizendren-logo-head.png\",\"contentUrl\":\"https:\\\/\\\/kaizendren.com\\\/wp-content\\\/uploads\\\/2023\\\/11\\\/kaizendren-logo-head.png\",\"width\":336,\"height\":70,\"caption\":\"Kaizendren\"},\"image\":{\"@id\":\"https:\\\/\\\/kaizendren.com\\\/#\\\/schema\\\/logo\\\/image\\\/\"},\"sameAs\":[\"https:\\\/\\\/www.facebook.com\\\/kaizendren\",\"https:\\\/\\\/www.instagram.com\\\/kaizendren\",\"https:\\\/\\\/www.tiktok.com\\\/@kaizendren\"]}]}<\/script>\n<!-- \/ Yoast SEO plugin. -->","yoast_head_json":{"title":"Leveringsinformation - Kaizendren","robots":{"index":"index","follow":"follow","max-snippet":"max-snippet:-1","max-image-preview":"max-image-preview:large","max-video-preview":"max-video-preview:-1"},"canonical":"https:\/\/kaizendren.com\/dk\/information\/leveringsoplysninger\/","og_locale":"da_DK","og_type":"article","og_title":"Delivery information - Kaizendren","og_description":"Information: At Kaizendren, we offer our customers home delivery options with DPD\/DHL courrier at checkout. You can see the delivery","og_url":"https:\/\/kaizendren.com\/dk\/information\/leveringsoplysninger\/","og_site_name":"Kaizendren","article_publisher":"https:\/\/www.facebook.com\/kaizendren","article_modified_time":"2026-02-11T17:29:02+00:00","og_image":[{"width":700,"height":700,"url":"https:\/\/kaizendren.com\/wp-content\/uploads\/2023\/11\/insta-1.jpg","type":"image\/jpeg"}],"twitter_card":"summary_large_image","twitter_misc":{"Estimeret l\u00e6setid":"3 minutter"},"schema":{"@context":"https:\/\/schema.org","@graph":[{"@type":"WebPage","@id":"https:\/\/kaizendren.com\/information\/delivery-information\/","url":"https:\/\/kaizendren.com\/information\/delivery-information\/","name":"Leveringsinformation - Kaizendren","isPartOf":{"@id":"https:\/\/kaizendren.com\/#website"},"datePublished":"2023-12-07T14:03:42+00:00","dateModified":"2026-02-11T17:29:02+00:00","breadcrumb":{"@id":"https:\/\/kaizendren.com\/information\/delivery-information\/#breadcrumb"},"inLanguage":"da-DK","potentialAction":[{"@type":"ReadAction","target":["https:\/\/kaizendren.com\/information\/delivery-information\/"]}]},{"@type":"BreadcrumbList","@id":"https:\/\/kaizendren.com\/information\/delivery-information\/#breadcrumb","itemListElement":[{"@type":"ListItem","position":1,"name":"Home","item":"https:\/\/kaizendren.com\/"},{"@type":"ListItem","position":2,"name":"Information","item":"https:\/\/kaizendren.com\/information\/"},{"@type":"ListItem","position":3,"name":"Delivery information"}]},{"@type":"WebSite","@id":"https:\/\/kaizendren.com\/#website","url":"https:\/\/kaizendren.com\/","name":"Kaizendren","description":"Vores fokus er din sundhed, afslapning og restitution","publisher":{"@id":"https:\/\/kaizendren.com\/#organization"},"potentialAction":[{"@type":"SearchAction","target":{"@type":"EntryPoint","urlTemplate":"https:\/\/kaizendren.com\/?s={search_term_string}"},"query-input":{"@type":"PropertyValueSpecification","valueRequired":true,"valueName":"search_term_string"}}],"inLanguage":"da-DK"},{"@type":"Organization","@id":"https:\/\/kaizendren.com\/#organization","name":"Kaizendren","url":"https:\/\/kaizendren.com\/","logo":{"@type":"ImageObject","inLanguage":"da-DK","@id":"https:\/\/kaizendren.com\/#\/schema\/logo\/image\/","url":"https:\/\/kaizendren.com\/wp-content\/uploads\/2023\/11\/kaizendren-logo-head.png","contentUrl":"https:\/\/kaizendren.com\/wp-content\/uploads\/2023\/11\/kaizendren-logo-head.png","width":336,"height":70,"caption":"Kaizendren"},"image":{"@id":"https:\/\/kaizendren.com\/#\/schema\/logo\/image\/"},"sameAs":["https:\/\/www.facebook.com\/kaizendren","https:\/\/www.instagram.com\/kaizendren","https:\/\/www.tiktok.com\/@kaizendren"]}]}},"_links":{"self":[{"href":"https:\/\/kaizendren.com\/dk\/wp-json\/wp\/v2\/pages\/35073","targetHints":{"allow":["GET"]}}],"collection":[{"href":"https:\/\/kaizendren.com\/dk\/wp-json\/wp\/v2\/pages"}],"about":[{"href":"https:\/\/kaizendren.com\/dk\/wp-json\/wp\/v2\/types\/page"}],"author":[{"embeddable":true,"href":"https:\/\/kaizendren.com\/dk\/wp-json\/wp\/v2\/users\/1"}],"replies":[{"embeddable":true,"href":"https:\/\/kaizendren.com\/dk\/wp-json\/wp\/v2\/comments?post=35073"}],"version-history":[{"count":2,"href":"https:\/\/kaizendren.com\/dk\/wp-json\/wp\/v2\/pages\/35073\/revisions"}],"predecessor-version":[{"id":334564,"href":"https:\/\/kaizendren.com\/dk\/wp-json\/wp\/v2\/pages\/35073\/revisions\/334564"}],"up":[{"embeddable":true,"href":"https:\/\/kaizendren.com\/dk\/wp-json\/wp\/v2\/pages\/291031"}],"wp:attachment":[{"href":"https:\/\/kaizendren.com\/dk\/wp-json\/wp\/v2\/media?parent=35073"}],"curies":[{"name":"wp","href":"https:\/\/api.w.org\/{rel}","templated":true}]}}