{"id":3,"date":"2023-10-25T11:27:08","date_gmt":"2023-10-25T11:27:08","guid":{"rendered":"https:\/\/kaizendren.com\/?page_id=3"},"modified":"2026-02-11T19:52:32","modified_gmt":"2026-02-11T17:52:32","slug":"privatlivspolitik","status":"publish","type":"page","link":"https:\/\/kaizendren.com\/dk\/information\/privacy-policy\/","title":{"rendered":"Privatlivspolitik"},"content":{"rendered":"<h4 class=\"wp-block-heading\">Tilg\u00e6ngelighed af information (resum\u00e9 af lovgivningen)<\/h4>\n\n\n\n<p>Udbyderen forpligter sig til altid at give kunden f\u00f8lgende oplysninger:<br>a) virksomhedsidentitet (virksomhedsnavn og registreret kontor, registreringsnummer),<br>b) kontaktoplysninger, der g\u00f8r det muligt for brugeren at kommunikere hurtigt og effektivt (e-mail, telefon),<br>c) v\u00e6sentlige egenskaber ved varer eller tjenesteydelser (herunder eftersalgsservice og garantier),<br>d) produkttilg\u00e6ngelighed (alle produkter eller tjenester, der tilbydes p\u00e5 hjemmesiden, skal v\u00e6re tilg\u00e6ngelige inden for en rimelig tid),<br>e) leveringsbetingelser for produktet eller udf\u00f8relse af tjenesteydelsen (leveringsmetode, -sted og -frist),<br>f) alle priser skal v\u00e6re klart og utvetydigt angivet, og det skal tydeligt fremg\u00e5, om de allerede inkluderer skatter og transportomkostninger,<br>g) betalings- og leveringsmetode,<br>h) tilbuddets gyldighedstid,<br>i) den periode, inden for hvilken det stadig er muligt at fortryde aftalen, og betingelserne for fortrydelse; derudover ogs\u00e5 om og hvor meget det koster kunden at returnere produktet,<br>j) forklaring af klageproceduren, herunder alle oplysninger om kontaktpersonen eller kundeserviceafdelingen.<br>Ved at bekr\u00e6fte ordren accepterer hver k\u00f8ber forretnings- og brugsbetingelserne.<\/p>\n\n\n\n<h4 class=\"wp-block-heading\">Kontakte<\/h4>\n\n\n\n<p>Hvis du har brug for information eller hj\u00e6lp til onlinetilbud, bestillinger, online levering, brug af hjemmesiden eller returnering af varer, kan du kontakte os via e-mailadressen: info@kaizendren.com eller p\u00e5 +370 000 0000.<\/p>\n\n\n\n<h4 class=\"wp-block-heading\">Kontrakt \u2013 ordre<\/h4>\n\n\n\n<p>Salgsaftalen mellem udbyderen og k\u00f8beren indg\u00e5s i det \u00f8jeblik, udbyderen bekr\u00e6fter ordren, og k\u00f8beren modtager en e-mail. Fra dette \u00f8jeblik er alle priser og andre betingelser faste og g\u00e6lder for b\u00e5de udbyderen og k\u00f8beren. Ved at bekr\u00e6fte k\u00f8bet accepterer k\u00f8beren de generelle betingelser. Kontrakten indg\u00e5et mellem udbyderen og brugeren opbevares permanent p\u00e5 Kaizendren MB&#039;s hovedkvarter eller p\u00e5 en korrekt sikret ekstern server hos udbyderen. Brugeren kan f\u00e5 en kopi ved at anmode om en e-mail til: info@kaizendren.com. K\u00f8beren modtager en kopi af kontrakten (ordren) til sin e-mailadresse efter ordreafgivelse.<\/p>\n\n\n\n<h4 class=\"wp-block-heading\">Priser p\u00e5 produkter<\/h4>\n\n\n\n<p>Produktpriserne er angivet i euro og er g\u00e6ldende p\u00e5 bestillingsdagen. Priserne er inklusive moms, da udbyderen er momspligtig. Vi forbeholder os retten til at \u00e6ndre priserne uden forudg\u00e5ende varsel. N\u00e5r kunden bekr\u00e6fter ordren i onlinebutikken, g\u00e6lder de offentliggjorte priser p\u00e5 bestillingstidspunktet. Priserne er markeret i onlinebutikken og g\u00e6lder for alle kunder. Leveringsomkostninger er ikke inkluderet i produktprisen.<\/p>\n\n\n\n<h4 class=\"wp-block-heading\">Rabatkoder<\/h4>\n\n\n\n<p>Samarbejdsbetingelser:<\/p>\n\n\n\n<ol class=\"wp-block-list\">\n<li>Rabatkoden er ikke gyldig p\u00e5 m\u00e5nedens produkt.<\/li>\n\n\n\n<li>M\u00e5nedens produkt bestemmes af hjemmesiden og kan \u00e6ndres hver m\u00e5ned.<\/li>\n\n\n\n<li>Rabatkoden kan bruges til at k\u00f8be alle andre produkter p\u00e5 hjemmesiden.<\/li>\n\n\n\n<li>Rabatkoden er gyldig til \u00e9n brug pr. k\u00f8b.<\/li>\n\n\n\n<li>Rabatkoden kan ikke kombineres med andre rabatter eller kampagner.<\/li>\n\n\n\n<li>Hjemmesiden forbeholder sig retten til at \u00e6ndre eller annullere rabatkoden uden forudg\u00e5ende varsel.<\/li>\n\n\n\n<li>Rabatkoden har ingen kontantv\u00e6rdi og kan ikke byttes til kontanter<\/li>\n<\/ol>\n\n\n\n<h4 class=\"wp-block-heading\">Betaling<\/h4>\n\n\n\n<p>Onlinebutikken giver dig mulighed for at betale for produkter kontant ved levering og bankoverf\u00f8rsel til TRR. Sammen med produkterne i forsendelsen modtager k\u00f8beren en faktura med specificerede omkostninger. Betaling er kun mulig i et enkelt bel\u00f8b.<br><br>\u2013 Ved betaling ved levering betaler k\u00f8beren kontant, n\u00e5r posthuset leverer forsendelsen. Betaling ved levering er kun mulig, n\u00e5r faktureringsadressen er den samme som leveringsadressen.<br>\u2013 Ved betaling via proformafaktura modtager k\u00f8beren proformafakturaen til sin e-mailadresse inden for tre dage baseret p\u00e5 den afsluttede ordre. Efter modtagelse af overf\u00f8rslen sender leverand\u00f8ren de bestilte produkter til kunden med posten.<\/p>\n\n\n\n<p>Betaling for bestilte produkter fra lande uden for Slovenien er udelukkende mulig via direkte banktransaktion (forudbetaling).<\/p>\n\n\n\n<h4 class=\"wp-block-heading\">Regning<\/h4>\n\n\n\n<p>Fakturaen udstedes ved levering og vil blive vedh\u00e6ftet produktet.<\/p>\n\n\n\n<h4 class=\"wp-block-heading\">Levering<\/h4>\n\n\n\n<p>Udbyderen sender de bestilte varer inden for to hverdage efter modtagelse af ordren (ved betaling ved levering) eller inden for to hverdage efter modtagelse af betaling (ved overf\u00f8rsel til TRR). Leveringstiden afh\u00e6nger af leveringstjenesten og kan v\u00e6re fra en til fem hverdage fra leveringsdatoen. Kontraktpartneren for levering af pakker er DPD\/DHL. Ved k\u00f8b af varer betales forsendelsesomkostningerne af k\u00f8ber og udg\u00f8r \u20ac9,99.<\/p>\n\n\n\n<h4 class=\"wp-block-heading\">Retten til at fortryde k\u00f8bet, returnere varen og refundere betalingen<\/h4>\n\n\n\n<p>F\u00f8r kunden afgiver ordren, \u00e5bnes en forh\u00e5ndsvisning af ordren, hvorfra kunden kan kontrollere de oplysninger, han har udfyldt med henblik p\u00e5 at afgive ordren. I tilf\u00e6lde af forkert indtastning kan k\u00f8beren rette fejlene i kurven. Hvis webstedet ikke \u00f8nsker at afgive ordren, kan det lukke eller afbryde afgivelsen af ordren og dermed afbryde afgivelsen og bekr\u00e6ftelsen af ordren.<\/p>\n\n\n\n<p>Retten til at fortryde k\u00f8bet, returnere varen og refundere betalingen<\/p>\n\n\n\n<p>K\u00f8ber har ret til at fortryde kontrakten eller ordren inden for 14 dage efter modtagelsen af varerne til leverand\u00f8ren p\u00e5 e-mailadressen: info@kaizendren.com, uden at skulle give en begrundelse for sin beslutning.<\/p>\n\n\n\n<p>Hvis k\u00f8ber allerede har modtaget varerne og fortryder k\u00f8bet, skal han sende varerne ubeskadigede og i samme m\u00e6ngde til udbyderen\/virksomheden inden for 14 dage efter afsendelsen af meddelelsen om, at han fortryder k\u00f8bet. Den eneste omkostning, der p\u00e5l\u00e6gges k\u00f8ber i forbindelse med fortrydelse, er omkostningerne ved returnering af produkterne.<\/p>\n\n\n\n<p>Formularen til at tr\u00e6kke sig tilbage fra artikelkontrakten er tilg\u00e6ngelig for brugeren her.<\/p>\n\n\n\n<p>K\u00f8ber skal returnere de modtagne varer ubeskadigede og u\u00e6ndrede, medmindre varerne er beskadiget uden k\u00f8bers skyld.<\/p>\n\n\n\n<p>Vi returnerer de foretagne betalinger til k\u00f8ber hurtigst muligt, dog senest 14 dage efter modtagelse af meddelelsen om fortrydelse fra aftalen. Virksomheden returnerer de modtagne betalinger til k\u00f8ber med samme betalingsmiddel, som k\u00f8ber har anvendt (hvilket er mest almindeligt ved betaling til en transaktionskonto), medmindre forbrugeren udtrykkeligt har anmodet om brug af et andet betalingsmiddel, og k\u00f8ber ikke afholder nogen omkostninger som f\u00f8lge heraf.<\/p>\n\n\n\n<p>I overensstemmelse med artikel 43, stk. 5, i forbrugerbeskyttelsesloven har k\u00f8beren ikke ret til at tr\u00e6de tilbage fra aftalen (k\u00f8bet), hvis det drejer sig om et produkt, der er fremstillet efter k\u00f8berens pr\u00e6cise instruktioner og tilpasset hans personlige behov.<\/p>\n\n\n\n<h4 class=\"wp-block-heading\">Klager<\/h4>\n\n\n\n<p>Udbyderen g\u00f8r alt for at sikre den bedste produktkvalitet. Hvis det alligevel sker, at det produkt, som k\u00f8beren modtager, har en mangel, informerer han udbyderen om dette via e-mail, som informerer k\u00f8beren om processen for at l\u00f8se klagen. Udbyderen forbeholder sig retten til at afvise klagen i tilf\u00e6lde af produktets ubrugelighed eller skade for\u00e5rsaget af k\u00f8berens forkerte adf\u00e6rd.<\/p>\n\n\n\n<h4 class=\"wp-block-heading\">En faktuel fejl<\/h4>\n\n\n\n<p>Forbrugeren kan g\u00f8re sine rettigheder g\u00e6ldende som f\u00f8lge af en v\u00e6sentlig mangel, hvis han informerer s\u00e6lgeren om manglen inden for to m\u00e5neder fra den dag, manglen blev opdaget. Forbrugeren skal beskrive manglen n\u00f8jagtigt i mangelmeddelelsen og give s\u00e6lgeren mulighed for at inspicere varen.<\/p>\n\n\n\n<p>S\u00e6lgeren er ikke ansvarlig for v\u00e6sentlige mangler ved varerne, der viser sig efter at der er g\u00e5et to \u00e5r fra varens levering. En mangel ved varerne anses for allerede at have eksisteret p\u00e5 leveringstidspunktet, hvis den viser sig inden for seks m\u00e5neder efter levering.<\/p>\n\n\n\n<p>Forbrugeren, der korrekt har informeret s\u00e6lgeren om fejlen, har ret til at kr\u00e6ve af s\u00e6lgeren, at:<\/p>\n\n\n\n<p>afhj\u00e6lpe manglen ved varerne eller returnere en del af det betalte bel\u00f8b i forhold til manglen eller<\/p>\n\n\n\n<p>erstatter den defekte vare med en ny, fejlfri vare eller<\/p>\n\n\n\n<p>returnerer det betalte bel\u00f8b.<\/p>\n\n\n\n<h4 class=\"wp-block-heading\">Meddelelse<\/h4>\n\n\n\n<p>Udbyderen vil kontakte brugeren via fjernkommunikation, hvis brugeren ikke udtrykkeligt g\u00f8r indsigelse mod dette. Reklamemails vil indeholde f\u00f8lgende komponenter:<br>\u2013 Afsenderen vil v\u00e6re tydeligt synlig.<br>\u2013 De vil tydeligt og utvetydigt v\u00e6re markeret som reklamebudskaber.<br>\u2013 Diverse kampagner, kampagner og andre markedsf\u00f8ringsteknikker vil blive markeret som s\u00e5dan. Betingelserne for deltagelse i dem vil ogs\u00e5 v\u00e6re klart defineret.<br>\u2013 Det vil tydeligt fremg\u00e5, hvordan man afmelder sig fra at modtage reklamer.<br>\u2013 Udbyderen vil udtrykkeligt respektere brugerens \u00f8nske om ikke at modtage reklamebudskaber.<br>\u2013 Ved telefonsalg g\u00e6lder de samme betingelser som i vores e-shop. Et hurtigt og sikkert k\u00f8b er ogs\u00e5 sikret.<\/p>\n\n\n\n<h4 class=\"wp-block-heading\">Beskyttelse af personoplysninger<\/h4>\n\n\n\n<p>De oplysninger, som k\u00f8beren giver, er strengt fortrolige og behandles i overensstemmelse med persondataloven (RS&#039; officielle tidende nr. 59\/1999, 57\/2001, 59\/2001-revideret) og forbrugerbeskyttelsesloven \u2013 ZVPot-UPB1 (officiel konsolideret tekst \u2013 RS&#039; officielle tidende, nr. 14\/03). Udbyderen forpligter sig til permanent at beskytte alle brugerens personoplysninger. Udbyderen vil udelukkende bruge personoplysninger med det form\u00e5l at opfylde ordren (afsendelse af informativt materiale, tilbud, fakturaer) og anden kommunikation. Brugerens data vil under ingen omst\u00e6ndigheder blive videregivet til uautoriserede personer. Brugeren er ogs\u00e5 ansvarlig for beskyttelsen af personoplysninger ved at sikre sikkerheden og beskyttelsen af sit brugernavn og sin adgangskode.<\/p>\n\n\n\n<h4 class=\"wp-block-heading\">Klager og tvister<\/h4>\n\n\n\n<p>Udenretslig bil\u00e6ggelse af forbrugertvister<\/p>\n\n\n\n<p>I overensstemmelse med juridiske normer anerkender Kaizendren MB. ikke nogen udbyder af udenretslig bil\u00e6ggelse af forbrugertvister som kompetent til at bil\u00e6gge en forbrugertvist, som forbrugeren kunne indlede i overensstemmelse med loven om udenretslig bil\u00e6ggelse af forbrugertvister.<\/p>\n\n\n\n<p>Kaizendren MB, der som leverand\u00f8r af varer og tjenesteydelser letter onlinehandel p\u00e5 Republikken Sloveniens omr\u00e5de, offentligg\u00f8r et elektronisk link til platformen for online bil\u00e6ggelse af forbrugertvister (SRPS) p\u00e5 sin hjemmeside. Platformen er tilg\u00e6ngelig for forbrugere her.<\/p>\n\n\n\n<figure class=\"wp-block-embed\"><div class=\"wp-block-embed__wrapper\">\nhttps:\/\/ec.europa.eu\/consumers\/odr\/main\/index.cfm?event=main.home.chooseLanguage\n<\/div><\/figure>\n\n\n\n<p>Den f\u00f8rn\u00e6vnte regulering stammer fra lov om udenretslig bil\u00e6ggelse af forbrugertvister, Europa-Parlamentets og R\u00e5dets forordning (EU) nr. 524\/2013 om online bil\u00e6ggelse af forbrugertvister og \u00e6ndringen af forordning (EF) nr. 2016\/2004 og direktiv 2009\/22\/EF.<\/p>\n\n\n\n<p>I tilf\u00e6lde af klager, kontakt os via e-mail info@kaizendren.com eller ring til os p\u00e5 +370 000 0000<\/p>\n\n\n\n<h4 class=\"wp-block-heading\">Adf\u00e6rdskodeks<\/h4>\n\n\n\n<p>Udbyderen har sat h\u00f8je interne standarder for h\u00e5ndtering af ordrer, returneringer og kundeklager og fors\u00f8ger at f\u00f8lge g\u00e6ldende forbrugerkrav og lovbestemmelser i videst muligt omfang. I overensstemmelse med artikel 7, 6. led, i loven om elektronisk handel p\u00e5 markedet (ZEPT) erkl\u00e6rer han, at han ikke har underskrevet adf\u00e6rdskodekset for online-forhandlere.<\/p>\n\n\n\n<h4 class=\"wp-block-heading\">Ophavsretsbeskyttelse<\/h4>\n\n\n\n<p>Alt indhold p\u00e5 hjemmesiden kaizendren.com, s\u00e5vel som p\u00e5 dens undersider, inklusive billed- og videomateriale, er ophavsretligt beskyttet af ophavsretsloven og tilh\u00f8rer udbyderen. Udbyderen tillader brug af billed- og videomateriale til personlig brug p\u00e5 sociale netv\u00e6rk, blogs og fotogallerier med kildeangivelse.<\/p>\n\n\n\n<h4 class=\"wp-block-heading\">Forklaring<\/h4>\n\n\n\n<p>Alle oplysninger kan \u00e6ndres uden forudg\u00e5ende varsel, og udbyderen kan ogs\u00e5 \u00e6ndre disse vilk\u00e5r uden forudg\u00e5ende varsel. Hvis du har brug for yderligere forklaringer vedr\u00f8rende de generelle samarbejdsbetingelser, kan du kontakte os.<\/p>\n\n\n\n<h4 class=\"wp-block-heading\">Virksomhedsoplysninger:<\/h4>\n\n\n\n<p>MB KAIZENDREN<br>Telefon: +370 683 16126<br>E-mail:\u00a0<a href=\"mailto:info@kaizendren.com\">info@kaizendren.com<\/a><br>Registreringsnummer: 306556918<\/p>","protected":false},"excerpt":{"rendered":"<p>Tilg\u00e6ngelighed af oplysninger (resum\u00e9 af lovgivningen) Udbyderen forpligter sig til altid at give kunden f\u00f8lgende oplysninger: a) virksomhedsidentitet<\/p>","protected":false},"author":1,"featured_media":0,"parent":291031,"menu_order":0,"comment_status":"closed","ping_status":"open","template":"","meta":{"footnotes":""},"class_list":["post-3","page","type-page","status-publish","hentry"],"yoast_head":"<!-- This site is optimized with the Yoast SEO plugin v27.4 - https:\/\/yoast.com\/product\/yoast-seo-wordpress\/ -->\n<title>Privacy policy - Kaizendren<\/title>\n<meta name=\"robots\" content=\"index, follow, max-snippet:-1, max-image-preview:large, max-video-preview:-1\" \/>\n<link rel=\"canonical\" href=\"https:\/\/kaizendren.com\/dk\/information\/privatlivspolitik\/\" \/>\n<meta property=\"og:locale\" content=\"da_DK\" \/>\n<meta property=\"og:type\" content=\"article\" \/>\n<meta property=\"og:title\" content=\"Privacy policy - Kaizendren\" \/>\n<meta property=\"og:description\" content=\"Accessibility of information (summary of legislation) The provider undertakes to always provide the customer with the following information:a) company identity\" \/>\n<meta property=\"og:url\" content=\"https:\/\/kaizendren.com\/dk\/information\/privatlivspolitik\/\" \/>\n<meta property=\"og:site_name\" content=\"Kaizendren\" \/>\n<meta property=\"article:publisher\" content=\"https:\/\/www.facebook.com\/kaizendren\" \/>\n<meta property=\"article:modified_time\" content=\"2026-02-11T17:52:32+00:00\" \/>\n<meta property=\"og:image\" content=\"https:\/\/kaizendren.com\/wp-content\/uploads\/2023\/11\/insta-1.jpg\" \/>\n\t<meta property=\"og:image:width\" content=\"700\" \/>\n\t<meta property=\"og:image:height\" content=\"700\" \/>\n\t<meta property=\"og:image:type\" content=\"image\/jpeg\" \/>\n<meta name=\"twitter:card\" content=\"summary_large_image\" \/>\n<meta name=\"twitter:label1\" content=\"Estimeret l\u00e6setid\" \/>\n\t<meta name=\"twitter:data1\" content=\"9 minutter\" \/>\n<script type=\"application\/ld+json\" class=\"yoast-schema-graph\">{\"@context\":\"https:\\\/\\\/schema.org\",\"@graph\":[{\"@type\":\"WebPage\",\"@id\":\"https:\\\/\\\/kaizendren.com\\\/information\\\/privacy-policy\\\/\",\"url\":\"https:\\\/\\\/kaizendren.com\\\/information\\\/privacy-policy\\\/\",\"name\":\"Privacy policy - Kaizendren\",\"isPartOf\":{\"@id\":\"https:\\\/\\\/kaizendren.com\\\/#website\"},\"datePublished\":\"2023-10-25T11:27:08+00:00\",\"dateModified\":\"2026-02-11T17:52:32+00:00\",\"breadcrumb\":{\"@id\":\"https:\\\/\\\/kaizendren.com\\\/information\\\/privacy-policy\\\/#breadcrumb\"},\"inLanguage\":\"da-DK\",\"potentialAction\":[{\"@type\":\"ReadAction\",\"target\":[\"https:\\\/\\\/kaizendren.com\\\/information\\\/privacy-policy\\\/\"]}]},{\"@type\":\"BreadcrumbList\",\"@id\":\"https:\\\/\\\/kaizendren.com\\\/information\\\/privacy-policy\\\/#breadcrumb\",\"itemListElement\":[{\"@type\":\"ListItem\",\"position\":1,\"name\":\"Home\",\"item\":\"https:\\\/\\\/kaizendren.com\\\/\"},{\"@type\":\"ListItem\",\"position\":2,\"name\":\"Information\",\"item\":\"https:\\\/\\\/kaizendren.com\\\/information\\\/\"},{\"@type\":\"ListItem\",\"position\":3,\"name\":\"Privacy policy\"}]},{\"@type\":\"WebSite\",\"@id\":\"https:\\\/\\\/kaizendren.com\\\/#website\",\"url\":\"https:\\\/\\\/kaizendren.com\\\/\",\"name\":\"Kaizendren\",\"description\":\"Our Focus Is Your Health, Relaxation And Recovery\",\"publisher\":{\"@id\":\"https:\\\/\\\/kaizendren.com\\\/#organization\"},\"potentialAction\":[{\"@type\":\"SearchAction\",\"target\":{\"@type\":\"EntryPoint\",\"urlTemplate\":\"https:\\\/\\\/kaizendren.com\\\/?s={search_term_string}\"},\"query-input\":{\"@type\":\"PropertyValueSpecification\",\"valueRequired\":true,\"valueName\":\"search_term_string\"}}],\"inLanguage\":\"da-DK\"},{\"@type\":\"Organization\",\"@id\":\"https:\\\/\\\/kaizendren.com\\\/#organization\",\"name\":\"Kaizendren\",\"url\":\"https:\\\/\\\/kaizendren.com\\\/\",\"logo\":{\"@type\":\"ImageObject\",\"inLanguage\":\"da-DK\",\"@id\":\"https:\\\/\\\/kaizendren.com\\\/#\\\/schema\\\/logo\\\/image\\\/\",\"url\":\"https:\\\/\\\/kaizendren.com\\\/wp-content\\\/uploads\\\/2023\\\/11\\\/kaizendren-logo-head.png\",\"contentUrl\":\"https:\\\/\\\/kaizendren.com\\\/wp-content\\\/uploads\\\/2023\\\/11\\\/kaizendren-logo-head.png\",\"width\":336,\"height\":70,\"caption\":\"Kaizendren\"},\"image\":{\"@id\":\"https:\\\/\\\/kaizendren.com\\\/#\\\/schema\\\/logo\\\/image\\\/\"},\"sameAs\":[\"https:\\\/\\\/www.facebook.com\\\/kaizendren\",\"https:\\\/\\\/www.instagram.com\\\/kaizendren\",\"https:\\\/\\\/www.tiktok.com\\\/@kaizendren\"]}]}<\/script>\n<!-- \/ Yoast SEO plugin. -->","yoast_head_json":{"title":"Privatlivspolitik - Kaizendren","robots":{"index":"index","follow":"follow","max-snippet":"max-snippet:-1","max-image-preview":"max-image-preview:large","max-video-preview":"max-video-preview:-1"},"canonical":"https:\/\/kaizendren.com\/dk\/information\/privatlivspolitik\/","og_locale":"da_DK","og_type":"article","og_title":"Privacy policy - Kaizendren","og_description":"Accessibility of information (summary of legislation) The provider undertakes to always provide the customer with the following information:a) company identity","og_url":"https:\/\/kaizendren.com\/dk\/information\/privatlivspolitik\/","og_site_name":"Kaizendren","article_publisher":"https:\/\/www.facebook.com\/kaizendren","article_modified_time":"2026-02-11T17:52:32+00:00","og_image":[{"width":700,"height":700,"url":"https:\/\/kaizendren.com\/wp-content\/uploads\/2023\/11\/insta-1.jpg","type":"image\/jpeg"}],"twitter_card":"summary_large_image","twitter_misc":{"Estimeret l\u00e6setid":"9 minutter"},"schema":{"@context":"https:\/\/schema.org","@graph":[{"@type":"WebPage","@id":"https:\/\/kaizendren.com\/information\/privacy-policy\/","url":"https:\/\/kaizendren.com\/information\/privacy-policy\/","name":"Privatlivspolitik - Kaizendren","isPartOf":{"@id":"https:\/\/kaizendren.com\/#website"},"datePublished":"2023-10-25T11:27:08+00:00","dateModified":"2026-02-11T17:52:32+00:00","breadcrumb":{"@id":"https:\/\/kaizendren.com\/information\/privacy-policy\/#breadcrumb"},"inLanguage":"da-DK","potentialAction":[{"@type":"ReadAction","target":["https:\/\/kaizendren.com\/information\/privacy-policy\/"]}]},{"@type":"BreadcrumbList","@id":"https:\/\/kaizendren.com\/information\/privacy-policy\/#breadcrumb","itemListElement":[{"@type":"ListItem","position":1,"name":"Home","item":"https:\/\/kaizendren.com\/"},{"@type":"ListItem","position":2,"name":"Information","item":"https:\/\/kaizendren.com\/information\/"},{"@type":"ListItem","position":3,"name":"Privacy policy"}]},{"@type":"WebSite","@id":"https:\/\/kaizendren.com\/#website","url":"https:\/\/kaizendren.com\/","name":"Kaizendren","description":"Vores fokus er din sundhed, afslapning og restitution","publisher":{"@id":"https:\/\/kaizendren.com\/#organization"},"potentialAction":[{"@type":"SearchAction","target":{"@type":"EntryPoint","urlTemplate":"https:\/\/kaizendren.com\/?s={search_term_string}"},"query-input":{"@type":"PropertyValueSpecification","valueRequired":true,"valueName":"search_term_string"}}],"inLanguage":"da-DK"},{"@type":"Organization","@id":"https:\/\/kaizendren.com\/#organization","name":"Kaizendren","url":"https:\/\/kaizendren.com\/","logo":{"@type":"ImageObject","inLanguage":"da-DK","@id":"https:\/\/kaizendren.com\/#\/schema\/logo\/image\/","url":"https:\/\/kaizendren.com\/wp-content\/uploads\/2023\/11\/kaizendren-logo-head.png","contentUrl":"https:\/\/kaizendren.com\/wp-content\/uploads\/2023\/11\/kaizendren-logo-head.png","width":336,"height":70,"caption":"Kaizendren"},"image":{"@id":"https:\/\/kaizendren.com\/#\/schema\/logo\/image\/"},"sameAs":["https:\/\/www.facebook.com\/kaizendren","https:\/\/www.instagram.com\/kaizendren","https:\/\/www.tiktok.com\/@kaizendren"]}]}},"_links":{"self":[{"href":"https:\/\/kaizendren.com\/dk\/wp-json\/wp\/v2\/pages\/3","targetHints":{"allow":["GET"]}}],"collection":[{"href":"https:\/\/kaizendren.com\/dk\/wp-json\/wp\/v2\/pages"}],"about":[{"href":"https:\/\/kaizendren.com\/dk\/wp-json\/wp\/v2\/types\/page"}],"author":[{"embeddable":true,"href":"https:\/\/kaizendren.com\/dk\/wp-json\/wp\/v2\/users\/1"}],"replies":[{"embeddable":true,"href":"https:\/\/kaizendren.com\/dk\/wp-json\/wp\/v2\/comments?post=3"}],"version-history":[{"count":4,"href":"https:\/\/kaizendren.com\/dk\/wp-json\/wp\/v2\/pages\/3\/revisions"}],"predecessor-version":[{"id":334605,"href":"https:\/\/kaizendren.com\/dk\/wp-json\/wp\/v2\/pages\/3\/revisions\/334605"}],"up":[{"embeddable":true,"href":"https:\/\/kaizendren.com\/dk\/wp-json\/wp\/v2\/pages\/291031"}],"wp:attachment":[{"href":"https:\/\/kaizendren.com\/dk\/wp-json\/wp\/v2\/media?parent=3"}],"curies":[{"name":"wp","href":"https:\/\/api.w.org\/{rel}","templated":true}]}}