{"id":19,"date":"2023-11-22T16:18:07","date_gmt":"2023-11-22T14:18:07","guid":{"rendered":"https:\/\/kaizendren.com\/?page_id=19"},"modified":"2026-02-11T19:45:52","modified_gmt":"2026-02-11T17:45:52","slug":"returpolitik","status":"publish","type":"page","link":"https:\/\/kaizendren.com\/dk\/information\/return-policy\/","title":{"rendered":"Politik for returnering"},"content":{"rendered":"<h4 class=\"wp-block-heading\">30 dages returret for defekte varer:<\/h4>\n\n\n\n<p>Vi har tillid til kvaliteten af vores produkter, og hvis du modtager en defekt vare, tilbyder vi en problemfri returneringsproces. Du har 30 dage fra modtagelsesdatoen til at starte en returnering af ethvert produkt, der anses for at v\u00e6re defekt eller mangelfuldt p\u00e5 grund af fabrikationsfejl.<\/p>\n\n\n\n<p><p>Produkter, der har v\u00e6ret udsat for misbrug, utilsigtet skade, forkert h\u00e5ndtering eller tilsides\u00e6ttelse af produktplejeinstruktioner, er ikke berettiget til returnering i henhold til denne politik. Returnering accepteres kun for k\u00f8b foretaget online p\u00e5 kaizendren.com eller tilsvarende underdom\u00e6ner og accepteres ikke for varer k\u00f8bt fra tredjepartsdistribut\u00f8rer.<\/p>\n<p>For at v\u00e6re berettiget til refusion for en vare uden defekter skal varen v\u00e6re ubrugt og i samme stand, som du modtog den. Produktet skal ogs\u00e5 v\u00e6re i sin originale emballage med alle m\u00e6rker og etiketter p\u00e5sat.<\/p><\/p>\n\n\n\n<h4 class=\"wp-block-heading\">Returproces:<\/h4>\n\n\n\n<p>Kontakt venligst vores kundesupportteam p\u00e5 info@kaizendren.com for at starte en returnering. Du skal give oplysninger om din ordre, s\u00e5som ordrenummer og en tydelig forklaring af problemet. Vi vil hj\u00e6lpe dig med returneringsprocessen og fort\u00e6lle dig, hvad du skal g\u00f8re nu.<\/p>\n\n\n\n<h4 class=\"wp-block-heading\">Omkostninger ved returforsendelse:<\/h4>\n\n\n\n<p>Efter produktet er leveret, kan vi ikke refundere dig for eventuelle forsendelsesomkostninger. For defekte varer, der returneres inden for de f\u00f8rste 30 dage, betaler vi for returforsendelsen inden for EU. Men hvis du \u00f8nsker at returnere et produkt, som du ikke har brugt, fordi du har fortrudt, skal du selv betale for returforsendelsen.<\/p>\n\n\n\n<h4 class=\"wp-block-heading\">Mislykket eller manglende levering:<\/h4>\n\n\n\n<p>Pakken returneres til afsenderen (Kaizendren) p\u00e5 kundens regning, hvis leveringen af pakken til den angivne leveringsadresse forhindres p\u00e5 grund af kundens manglende samarbejde (forkert eller fejlagtig leveringsadresse, manglende modtager osv.).<\/p>\n\n\n\n<h4 class=\"wp-block-heading\">Inspektion og refusion\/udskiftning:<\/h4>\n\n\n\n<p>N\u00e5r vi modtager produktet tilbage, vil vores dygtige team kontrollere det for at se, om det har det problem, du rapporterede. Hvis vi finder ud af, at produktet er defekt, vil vi g\u00f8re, hvad du har bedt om: enten refundere dig eller sende dig en erstatning. Denne proces kan tage op til 7 dage at afslutte.<\/p>\n\n\n\n<h4 class=\"wp-block-heading\">Skader og problemer:<\/h4>\n\n\n\n<p>S\u00f8rg for at kontrollere og inspicere alle dele, n\u00e5r du \u00e5bner dine Kaizendren-produkter. Hvis du finder noget, der er i stykker, mangler eller er beskadiget, s\u00e5 giv os besked hurtigst muligt, og vi vil reparere det for dig.<\/p>\n\n\n\n<p>Du har 10 dage fra den dag, du modtager ordren, til at sende erstatningsanmodninger til info@kaizendren.com. Vi accepterer kun erstatningsanmodninger ved fabrikationsfejl, \u00f8delagte og manglende dele. Vi antager, at eventuelle mindre skader efter de f\u00f8rste 10 dage er normalt slid p\u00e5 grund af produktets natur.<\/p>\n\n\n\n<p>Skaden skal p\u00e5virke produktets funktion. Hvis produktet er beskadiget med vilje, ved et uheld eller ved misbrug, har vi ret til at sige nej til en ombytning.<\/p>","protected":false},"excerpt":{"rendered":"<p>30 dages returret for defekte varer: Vi har tillid til kvaliteten af vores produkter, og hvis du modtager en<\/p>","protected":false},"author":1,"featured_media":0,"parent":291031,"menu_order":0,"comment_status":"closed","ping_status":"closed","template":"","meta":{"footnotes":""},"class_list":["post-19","page","type-page","status-publish","hentry"],"yoast_head":"<!-- This site is optimized with the Yoast SEO plugin v27.4 - https:\/\/yoast.com\/product\/yoast-seo-wordpress\/ -->\n<title>Return policy - Kaizendren<\/title>\n<meta name=\"robots\" content=\"index, follow, max-snippet:-1, max-image-preview:large, max-video-preview:-1\" \/>\n<link rel=\"canonical\" href=\"https:\/\/kaizendren.com\/dk\/information\/returpolitik\/\" \/>\n<meta property=\"og:locale\" content=\"da_DK\" \/>\n<meta property=\"og:type\" content=\"article\" \/>\n<meta property=\"og:title\" content=\"Return policy - Kaizendren\" \/>\n<meta property=\"og:description\" content=\"30-day return period for faulty goods: We are confident in the quality of our products, and if you receive a\" \/>\n<meta property=\"og:url\" content=\"https:\/\/kaizendren.com\/dk\/information\/returpolitik\/\" \/>\n<meta property=\"og:site_name\" content=\"Kaizendren\" \/>\n<meta property=\"article:publisher\" content=\"https:\/\/www.facebook.com\/kaizendren\" \/>\n<meta property=\"article:modified_time\" content=\"2026-02-11T17:45:52+00:00\" \/>\n<meta property=\"og:image\" content=\"https:\/\/kaizendren.com\/wp-content\/uploads\/2023\/11\/insta-1.jpg\" \/>\n\t<meta property=\"og:image:width\" content=\"700\" \/>\n\t<meta property=\"og:image:height\" content=\"700\" \/>\n\t<meta property=\"og:image:type\" content=\"image\/jpeg\" \/>\n<meta name=\"twitter:card\" content=\"summary_large_image\" \/>\n<meta name=\"twitter:label1\" content=\"Estimeret l\u00e6setid\" \/>\n\t<meta name=\"twitter:data1\" content=\"3 minutter\" \/>\n<script type=\"application\/ld+json\" class=\"yoast-schema-graph\">{\"@context\":\"https:\\\/\\\/schema.org\",\"@graph\":[{\"@type\":\"WebPage\",\"@id\":\"https:\\\/\\\/kaizendren.com\\\/information\\\/return-policy\\\/\",\"url\":\"https:\\\/\\\/kaizendren.com\\\/information\\\/return-policy\\\/\",\"name\":\"Return policy - Kaizendren\",\"isPartOf\":{\"@id\":\"https:\\\/\\\/kaizendren.com\\\/#website\"},\"datePublished\":\"2023-11-22T14:18:07+00:00\",\"dateModified\":\"2026-02-11T17:45:52+00:00\",\"breadcrumb\":{\"@id\":\"https:\\\/\\\/kaizendren.com\\\/information\\\/return-policy\\\/#breadcrumb\"},\"inLanguage\":\"da-DK\",\"potentialAction\":[{\"@type\":\"ReadAction\",\"target\":[\"https:\\\/\\\/kaizendren.com\\\/information\\\/return-policy\\\/\"]}]},{\"@type\":\"BreadcrumbList\",\"@id\":\"https:\\\/\\\/kaizendren.com\\\/information\\\/return-policy\\\/#breadcrumb\",\"itemListElement\":[{\"@type\":\"ListItem\",\"position\":1,\"name\":\"Home\",\"item\":\"https:\\\/\\\/kaizendren.com\\\/\"},{\"@type\":\"ListItem\",\"position\":2,\"name\":\"Information\",\"item\":\"https:\\\/\\\/kaizendren.com\\\/information\\\/\"},{\"@type\":\"ListItem\",\"position\":3,\"name\":\"Return policy\"}]},{\"@type\":\"WebSite\",\"@id\":\"https:\\\/\\\/kaizendren.com\\\/#website\",\"url\":\"https:\\\/\\\/kaizendren.com\\\/\",\"name\":\"Kaizendren\",\"description\":\"Our Focus Is Your Health, Relaxation And Recovery\",\"publisher\":{\"@id\":\"https:\\\/\\\/kaizendren.com\\\/#organization\"},\"potentialAction\":[{\"@type\":\"SearchAction\",\"target\":{\"@type\":\"EntryPoint\",\"urlTemplate\":\"https:\\\/\\\/kaizendren.com\\\/?s={search_term_string}\"},\"query-input\":{\"@type\":\"PropertyValueSpecification\",\"valueRequired\":true,\"valueName\":\"search_term_string\"}}],\"inLanguage\":\"da-DK\"},{\"@type\":\"Organization\",\"@id\":\"https:\\\/\\\/kaizendren.com\\\/#organization\",\"name\":\"Kaizendren\",\"url\":\"https:\\\/\\\/kaizendren.com\\\/\",\"logo\":{\"@type\":\"ImageObject\",\"inLanguage\":\"da-DK\",\"@id\":\"https:\\\/\\\/kaizendren.com\\\/#\\\/schema\\\/logo\\\/image\\\/\",\"url\":\"https:\\\/\\\/kaizendren.com\\\/wp-content\\\/uploads\\\/2023\\\/11\\\/kaizendren-logo-head.png\",\"contentUrl\":\"https:\\\/\\\/kaizendren.com\\\/wp-content\\\/uploads\\\/2023\\\/11\\\/kaizendren-logo-head.png\",\"width\":336,\"height\":70,\"caption\":\"Kaizendren\"},\"image\":{\"@id\":\"https:\\\/\\\/kaizendren.com\\\/#\\\/schema\\\/logo\\\/image\\\/\"},\"sameAs\":[\"https:\\\/\\\/www.facebook.com\\\/kaizendren\",\"https:\\\/\\\/www.instagram.com\\\/kaizendren\",\"https:\\\/\\\/www.tiktok.com\\\/@kaizendren\"]}]}<\/script>\n<!-- \/ Yoast SEO plugin. -->","yoast_head_json":{"title":"Returneringspolitik - Kaizendren","robots":{"index":"index","follow":"follow","max-snippet":"max-snippet:-1","max-image-preview":"max-image-preview:large","max-video-preview":"max-video-preview:-1"},"canonical":"https:\/\/kaizendren.com\/dk\/information\/returpolitik\/","og_locale":"da_DK","og_type":"article","og_title":"Return policy - Kaizendren","og_description":"30-day return period for faulty goods: We are confident in the quality of our products, and if you receive a","og_url":"https:\/\/kaizendren.com\/dk\/information\/returpolitik\/","og_site_name":"Kaizendren","article_publisher":"https:\/\/www.facebook.com\/kaizendren","article_modified_time":"2026-02-11T17:45:52+00:00","og_image":[{"width":700,"height":700,"url":"https:\/\/kaizendren.com\/wp-content\/uploads\/2023\/11\/insta-1.jpg","type":"image\/jpeg"}],"twitter_card":"summary_large_image","twitter_misc":{"Estimeret l\u00e6setid":"3 minutter"},"schema":{"@context":"https:\/\/schema.org","@graph":[{"@type":"WebPage","@id":"https:\/\/kaizendren.com\/information\/return-policy\/","url":"https:\/\/kaizendren.com\/information\/return-policy\/","name":"Returneringspolitik - Kaizendren","isPartOf":{"@id":"https:\/\/kaizendren.com\/#website"},"datePublished":"2023-11-22T14:18:07+00:00","dateModified":"2026-02-11T17:45:52+00:00","breadcrumb":{"@id":"https:\/\/kaizendren.com\/information\/return-policy\/#breadcrumb"},"inLanguage":"da-DK","potentialAction":[{"@type":"ReadAction","target":["https:\/\/kaizendren.com\/information\/return-policy\/"]}]},{"@type":"BreadcrumbList","@id":"https:\/\/kaizendren.com\/information\/return-policy\/#breadcrumb","itemListElement":[{"@type":"ListItem","position":1,"name":"Home","item":"https:\/\/kaizendren.com\/"},{"@type":"ListItem","position":2,"name":"Information","item":"https:\/\/kaizendren.com\/information\/"},{"@type":"ListItem","position":3,"name":"Return policy"}]},{"@type":"WebSite","@id":"https:\/\/kaizendren.com\/#website","url":"https:\/\/kaizendren.com\/","name":"Kaizendren","description":"Vores fokus er din sundhed, afslapning og restitution","publisher":{"@id":"https:\/\/kaizendren.com\/#organization"},"potentialAction":[{"@type":"SearchAction","target":{"@type":"EntryPoint","urlTemplate":"https:\/\/kaizendren.com\/?s={search_term_string}"},"query-input":{"@type":"PropertyValueSpecification","valueRequired":true,"valueName":"search_term_string"}}],"inLanguage":"da-DK"},{"@type":"Organization","@id":"https:\/\/kaizendren.com\/#organization","name":"Kaizendren","url":"https:\/\/kaizendren.com\/","logo":{"@type":"ImageObject","inLanguage":"da-DK","@id":"https:\/\/kaizendren.com\/#\/schema\/logo\/image\/","url":"https:\/\/kaizendren.com\/wp-content\/uploads\/2023\/11\/kaizendren-logo-head.png","contentUrl":"https:\/\/kaizendren.com\/wp-content\/uploads\/2023\/11\/kaizendren-logo-head.png","width":336,"height":70,"caption":"Kaizendren"},"image":{"@id":"https:\/\/kaizendren.com\/#\/schema\/logo\/image\/"},"sameAs":["https:\/\/www.facebook.com\/kaizendren","https:\/\/www.instagram.com\/kaizendren","https:\/\/www.tiktok.com\/@kaizendren"]}]}},"_links":{"self":[{"href":"https:\/\/kaizendren.com\/dk\/wp-json\/wp\/v2\/pages\/19","targetHints":{"allow":["GET"]}}],"collection":[{"href":"https:\/\/kaizendren.com\/dk\/wp-json\/wp\/v2\/pages"}],"about":[{"href":"https:\/\/kaizendren.com\/dk\/wp-json\/wp\/v2\/types\/page"}],"author":[{"embeddable":true,"href":"https:\/\/kaizendren.com\/dk\/wp-json\/wp\/v2\/users\/1"}],"replies":[{"embeddable":true,"href":"https:\/\/kaizendren.com\/dk\/wp-json\/wp\/v2\/comments?post=19"}],"version-history":[{"count":3,"href":"https:\/\/kaizendren.com\/dk\/wp-json\/wp\/v2\/pages\/19\/revisions"}],"predecessor-version":[{"id":334580,"href":"https:\/\/kaizendren.com\/dk\/wp-json\/wp\/v2\/pages\/19\/revisions\/334580"}],"up":[{"embeddable":true,"href":"https:\/\/kaizendren.com\/dk\/wp-json\/wp\/v2\/pages\/291031"}],"wp:attachment":[{"href":"https:\/\/kaizendren.com\/dk\/wp-json\/wp\/v2\/media?parent=19"}],"curies":[{"name":"wp","href":"https:\/\/api.w.org\/{rel}","templated":true}]}}