{"id":35073,"date":"2023-12-07T16:03:42","date_gmt":"2023-12-07T14:03:42","guid":{"rendered":"https:\/\/kaizendren.com\/?page_id=35073"},"modified":"2026-02-11T19:29:02","modified_gmt":"2026-02-11T17:29:02","slug":"lieferinformationen","status":"publish","type":"page","link":"https:\/\/kaizendren.com\/de\/information\/delivery-information\/","title":{"rendered":"Lieferinformationen"},"content":{"rendered":"<h4 class=\"wp-block-heading\">Informationen:<\/h4>\n\n\n\n<p>Bei Kaizendren bieten wir unseren Kunden an der Kasse die M\u00f6glichkeit der Lieferung nach Hause mit DPD\/DHL-Kurier. Sie k\u00f6nnen die Lieferzeiten f\u00fcr jedes Land\/jede Region unten sehen.<\/p>\n\n\n\n<p>Je nach Problemen oder Verz\u00f6gerungen in Ihrem Land kann der internationale Expressversand bis zu 2-5 Werktage ab dem Versandtag oder l\u00e4nger dauern. Manchmal k\u00f6nnen sich auch Probleme in der globalen Lieferkette auf die Dauer des Versands auswirken.<\/p>\n\n\n\n<h4 class=\"wp-block-heading\">Lieferfrist:<\/h4>\n\n\n\n<p>Bitte beachten Sie, dass die Versandzeiten variieren k\u00f6nnen. Aktuelle Versandoptionen und gesch\u00e4tzte Lieferzeiten sind wie folgt:<\/p>\n\n\n\n<p>L\u00e4nder der Europ\u00e4ischen Union: <strong>2-5 Arbeitstage<\/strong>.<br>Vereinigtes K\u00f6nigreich: <strong>2-3 Arbeitstage<\/strong>.<br>Au\u00dferhalb der Europ\u00e4ischen Union: <strong>5-14 Arbeitstage<\/strong>.<br>Litauen: <strong>1-2 Arbeitstage<\/strong>.<br>Lettland: <strong>2-3 Arbeitstage<\/strong>.<br>Estland: <strong>2-3 Arbeitstage<\/strong>.<br>Polen: <strong>2-3 Arbeitstage<\/strong>.<br>Finnland: <strong>2-5 Arbeitstage<\/strong>.<br>\u00d6sterreich: <strong>2-4 Arbeitstage<\/strong>.<br>Belgien: <strong>2-4 Arbeitstage<\/strong>.<br>Tschechische Republik: <strong>2-4 Arbeitstage<\/strong>.<br>D\u00e4nemark: <strong>2-4 Arbeitstage<\/strong>.<br>Luxemburg: <strong>2-4 Arbeitstage<\/strong>.<br>Niederlande: <strong>2-4 Arbeitstage<\/strong>.<br>Frankreich: <strong>2-4 Arbeitstage<\/strong>.<br>Slowakei: <strong>2-5 Arbeitstage<\/strong>.<br>Deutschland: <strong>2-4 Arbeitstage<\/strong>.<br>Italien: <strong>3-6 Arbeitstage<\/strong>.<br>Kroatien: <strong>2-6 Arbeitstage<\/strong>.<br>Slowenien: <strong>2-5 Arbeitstage<\/strong>.<br>Schweden: <strong>2-5 Arbeitstage<\/strong>.<br>Ungarn: <strong>2-4 Arbeitstage<\/strong>.<br>Irland: <strong>3-6 Arbeitstage<\/strong>.<br>Bulgarien: <strong>3-6 Arbeitstage<\/strong>.<br>Griechenland: <strong>3-6 Arbeitstage<\/strong>.<br>Spanien: <strong>3-5 Arbeitstage<\/strong>.<br>Portugal: <strong>3-6 Arbeitstage<\/strong>.<br>Rum\u00e4nien: <strong>2-5 Arbeitstage<\/strong>.<br>Schweiz: <strong>5-12 Arbeitstage<\/strong>.<br>Norwegen: <strong>5-12 Arbeitstage<\/strong>.<br>Serbien: <strong>5-12 Arbeitstage<\/strong>.<br>Bosnien und Herzegowina: <strong>5-12 Arbeitstage<\/strong>.<br>Montenegro: <strong>5-12 Arbeitstage<\/strong>.<br>Albanien: <strong>5-12 Arbeitstage<\/strong>.<br><br><\/p>\n\n\n\n<h4 class=\"wp-block-heading\">Lieferziele:<\/h4>\n\n\n\n<p>Wir bieten einen Hauslieferdienst in diese L\u00e4nder an: Gro\u00dfbritannien, Litauen, Lettland, Estland, Polen, Finnland, \u00d6sterreich, Belgien, Tschechische Republik, D\u00e4nemark, Luxemburg, Niederlande, Frankreich, Slowakei, Deutschland, Italien, Kroatien, Slowenien, Schweden, Ungarn, Irland, Bulgarien, Griechenland, Spanien, Portugal, Rum\u00e4nien, Schweiz, Norwegen, Serbien, Bosnien und Herzegowina, Montenegro, Albanien.<\/p>\n\n\n\n<h4 class=\"wp-block-heading\">Fehlgeschlagene oder fehlende Lieferung:<\/h4>\n\n\n\n<p>Das Paket wird auf Kosten des Kunden an den Absender (Kaizendren) zur\u00fcckgeschickt, wenn die Zustellung des Pakets an die angegebene Lieferadresse durch mangelnde Mitwirkung des Kunden verhindert wird (falsche oder fehlerhafte Lieferadresse, abwesender Empf\u00e4nger, usw.).<\/p>\n\n\n\n<h4 class=\"wp-block-heading\">Sendung nicht erhalten, aber laut Sendungsverfolgung zugestellt:<\/h4>\n\n\n\n<p>Sendungen, die der Zustelldienst als zugestellt markiert hat, k\u00f6nnen wir nicht umtauschen oder zur\u00fcckerstatten. Aus diesem Grund empfehlen wir Ihnen immer, einen sicheren Ort f\u00fcr die Zustellung Ihrer Pakete zu w\u00e4hlen. Wenn die Sendung die von Ihnen angegebene Adresse erreicht, wird sie vom Zustelldienst als zugestellt markiert. Wir empfehlen Ihnen, Ihren Briefkasten zu \u00fcberpr\u00fcfen, den Zustelldienst anzurufen oder sich an Ihr \u00f6rtliches Postamt zu wenden, wenn Sie Ihre Bestellung nicht erhalten haben, diese aber als zugestellt markiert wurde.<\/p>\n\n\n\n<h4 class=\"wp-block-heading\">Verweigerte Pakete vom Zoll:<\/h4>\n\n\n\n<p>Wir erstatten keine Z\u00f6lle oder Einfuhrgeb\u00fchren. Jeder Kunde muss die Einfuhrgeb\u00fchren und Steuern seines Landes bezahlen. Wenn Sie Ihre Z\u00f6lle nicht bezahlen und Ihre Bestellung an uns zur\u00fcckgeschickt wird, erstatten wir Ihnen den Kaufpreisbetrag abz\u00fcglich aller Versand-\/Zollgeb\u00fchren. Der Artikel muss unbesch\u00e4digt und wiederverk\u00e4uflich sein, damit die R\u00fcckerstattung erfolgen kann. Der genaue Betrag wird Ihnen per E-Mail mitgeteilt, sobald wir den zur\u00fcckgesandten Betrag erhalten haben.<\/p>\n\n\n\n<p>Bitte beachten Sie: Wir zahlen die Versandkosten zweimal, wenn ein Paket an uns zur\u00fcckgeschickt wird. Einmal, wenn wir es an Sie versenden, und einmal, wenn wir es zur\u00fcckschicken. Diese beiden Versandkosten werden von Ihrem R\u00fcckerstattungsbetrag abgezogen.<\/p>","protected":false},"excerpt":{"rendered":"<p>Information: Bei Kaizendren bieten wir unseren Kunden beim Bezahlvorgang die M\u00f6glichkeit der Lieferung nach Hause mit DPD\/DHL an. Die Lieferdetails k\u00f6nnen Sie einsehen.<\/p>","protected":false},"author":1,"featured_media":0,"parent":291031,"menu_order":0,"comment_status":"closed","ping_status":"closed","template":"","meta":{"footnotes":""},"class_list":["post-35073","page","type-page","status-publish","hentry"],"yoast_head":"<!-- This site is optimized with the Yoast SEO plugin v27.3 - https:\/\/yoast.com\/product\/yoast-seo-wordpress\/ -->\n<title>Delivery information - Kaizendren<\/title>\n<meta name=\"robots\" content=\"index, follow, max-snippet:-1, max-image-preview:large, max-video-preview:-1\" \/>\n<link rel=\"canonical\" href=\"https:\/\/kaizendren.com\/de\/informationen\/lieferinformationen\/\" \/>\n<meta property=\"og:locale\" content=\"de_DE\" \/>\n<meta property=\"og:type\" content=\"article\" \/>\n<meta property=\"og:title\" content=\"Delivery information - Kaizendren\" \/>\n<meta property=\"og:description\" content=\"Information: At Kaizendren, we offer our customers home delivery options with DPD\/DHL courrier at checkout. You can see the delivery\" \/>\n<meta property=\"og:url\" content=\"https:\/\/kaizendren.com\/de\/informationen\/lieferinformationen\/\" \/>\n<meta property=\"og:site_name\" content=\"Kaizendren\" \/>\n<meta property=\"article:publisher\" content=\"https:\/\/www.facebook.com\/kaizendren\" \/>\n<meta property=\"article:modified_time\" content=\"2026-02-11T17:29:02+00:00\" \/>\n<meta property=\"og:image\" content=\"https:\/\/kaizendren.com\/wp-content\/uploads\/2023\/11\/insta-1.jpg\" \/>\n\t<meta property=\"og:image:width\" content=\"700\" \/>\n\t<meta property=\"og:image:height\" content=\"700\" \/>\n\t<meta property=\"og:image:type\" content=\"image\/jpeg\" \/>\n<meta name=\"twitter:card\" content=\"summary_large_image\" \/>\n<meta name=\"twitter:label1\" content=\"Gesch\u00e4tzte Lesezeit\" \/>\n\t<meta name=\"twitter:data1\" content=\"3\u00a0Minuten\" \/>\n<script type=\"application\/ld+json\" class=\"yoast-schema-graph\">{\"@context\":\"https:\\\/\\\/schema.org\",\"@graph\":[{\"@type\":\"WebPage\",\"@id\":\"https:\\\/\\\/kaizendren.com\\\/information\\\/delivery-information\\\/\",\"url\":\"https:\\\/\\\/kaizendren.com\\\/information\\\/delivery-information\\\/\",\"name\":\"Delivery information - Kaizendren\",\"isPartOf\":{\"@id\":\"https:\\\/\\\/kaizendren.com\\\/#website\"},\"datePublished\":\"2023-12-07T14:03:42+00:00\",\"dateModified\":\"2026-02-11T17:29:02+00:00\",\"breadcrumb\":{\"@id\":\"https:\\\/\\\/kaizendren.com\\\/information\\\/delivery-information\\\/#breadcrumb\"},\"inLanguage\":\"de\",\"potentialAction\":[{\"@type\":\"ReadAction\",\"target\":[\"https:\\\/\\\/kaizendren.com\\\/information\\\/delivery-information\\\/\"]}]},{\"@type\":\"BreadcrumbList\",\"@id\":\"https:\\\/\\\/kaizendren.com\\\/information\\\/delivery-information\\\/#breadcrumb\",\"itemListElement\":[{\"@type\":\"ListItem\",\"position\":1,\"name\":\"Home\",\"item\":\"https:\\\/\\\/kaizendren.com\\\/\"},{\"@type\":\"ListItem\",\"position\":2,\"name\":\"Information\",\"item\":\"https:\\\/\\\/kaizendren.com\\\/information\\\/\"},{\"@type\":\"ListItem\",\"position\":3,\"name\":\"Delivery information\"}]},{\"@type\":\"WebSite\",\"@id\":\"https:\\\/\\\/kaizendren.com\\\/#website\",\"url\":\"https:\\\/\\\/kaizendren.com\\\/\",\"name\":\"Kaizendren\",\"description\":\"Our Focus Is Your Health, Relaxation And Recovery\",\"publisher\":{\"@id\":\"https:\\\/\\\/kaizendren.com\\\/#organization\"},\"potentialAction\":[{\"@type\":\"SearchAction\",\"target\":{\"@type\":\"EntryPoint\",\"urlTemplate\":\"https:\\\/\\\/kaizendren.com\\\/?s={search_term_string}\"},\"query-input\":{\"@type\":\"PropertyValueSpecification\",\"valueRequired\":true,\"valueName\":\"search_term_string\"}}],\"inLanguage\":\"de\"},{\"@type\":\"Organization\",\"@id\":\"https:\\\/\\\/kaizendren.com\\\/#organization\",\"name\":\"Kaizendren\",\"url\":\"https:\\\/\\\/kaizendren.com\\\/\",\"logo\":{\"@type\":\"ImageObject\",\"inLanguage\":\"de\",\"@id\":\"https:\\\/\\\/kaizendren.com\\\/#\\\/schema\\\/logo\\\/image\\\/\",\"url\":\"https:\\\/\\\/kaizendren.com\\\/wp-content\\\/uploads\\\/2023\\\/11\\\/kaizendren-logo-head.png\",\"contentUrl\":\"https:\\\/\\\/kaizendren.com\\\/wp-content\\\/uploads\\\/2023\\\/11\\\/kaizendren-logo-head.png\",\"width\":336,\"height\":70,\"caption\":\"Kaizendren\"},\"image\":{\"@id\":\"https:\\\/\\\/kaizendren.com\\\/#\\\/schema\\\/logo\\\/image\\\/\"},\"sameAs\":[\"https:\\\/\\\/www.facebook.com\\\/kaizendren\",\"https:\\\/\\\/www.instagram.com\\\/kaizendren\",\"https:\\\/\\\/www.tiktok.com\\\/@kaizendren\"]}]}<\/script>\n<!-- \/ Yoast SEO plugin. -->","yoast_head_json":{"title":"Lieferinformationen - Kaizendren","robots":{"index":"index","follow":"follow","max-snippet":"max-snippet:-1","max-image-preview":"max-image-preview:large","max-video-preview":"max-video-preview:-1"},"canonical":"https:\/\/kaizendren.com\/de\/informationen\/lieferinformationen\/","og_locale":"de_DE","og_type":"article","og_title":"Delivery information - Kaizendren","og_description":"Information: At Kaizendren, we offer our customers home delivery options with DPD\/DHL courrier at checkout. You can see the delivery","og_url":"https:\/\/kaizendren.com\/de\/informationen\/lieferinformationen\/","og_site_name":"Kaizendren","article_publisher":"https:\/\/www.facebook.com\/kaizendren","article_modified_time":"2026-02-11T17:29:02+00:00","og_image":[{"width":700,"height":700,"url":"https:\/\/kaizendren.com\/wp-content\/uploads\/2023\/11\/insta-1.jpg","type":"image\/jpeg"}],"twitter_card":"summary_large_image","twitter_misc":{"Gesch\u00e4tzte Lesezeit":"3\u00a0Minuten"},"schema":{"@context":"https:\/\/schema.org","@graph":[{"@type":"WebPage","@id":"https:\/\/kaizendren.com\/information\/delivery-information\/","url":"https:\/\/kaizendren.com\/information\/delivery-information\/","name":"Lieferinformationen - Kaizendren","isPartOf":{"@id":"https:\/\/kaizendren.com\/#website"},"datePublished":"2023-12-07T14:03:42+00:00","dateModified":"2026-02-11T17:29:02+00:00","breadcrumb":{"@id":"https:\/\/kaizendren.com\/information\/delivery-information\/#breadcrumb"},"inLanguage":"de","potentialAction":[{"@type":"ReadAction","target":["https:\/\/kaizendren.com\/information\/delivery-information\/"]}]},{"@type":"BreadcrumbList","@id":"https:\/\/kaizendren.com\/information\/delivery-information\/#breadcrumb","itemListElement":[{"@type":"ListItem","position":1,"name":"Home","item":"https:\/\/kaizendren.com\/"},{"@type":"ListItem","position":2,"name":"Information","item":"https:\/\/kaizendren.com\/information\/"},{"@type":"ListItem","position":3,"name":"Delivery information"}]},{"@type":"WebSite","@id":"https:\/\/kaizendren.com\/#website","url":"https:\/\/kaizendren.com\/","name":"Kaizendren","description":"Unser Fokus ist Ihre Gesundheit, Entspannung und Erholung","publisher":{"@id":"https:\/\/kaizendren.com\/#organization"},"potentialAction":[{"@type":"SearchAction","target":{"@type":"EntryPoint","urlTemplate":"https:\/\/kaizendren.com\/?s={search_term_string}"},"query-input":{"@type":"PropertyValueSpecification","valueRequired":true,"valueName":"search_term_string"}}],"inLanguage":"de"},{"@type":"Organization","@id":"https:\/\/kaizendren.com\/#organization","name":"Kaizendren","url":"https:\/\/kaizendren.com\/","logo":{"@type":"ImageObject","inLanguage":"de","@id":"https:\/\/kaizendren.com\/#\/schema\/logo\/image\/","url":"https:\/\/kaizendren.com\/wp-content\/uploads\/2023\/11\/kaizendren-logo-head.png","contentUrl":"https:\/\/kaizendren.com\/wp-content\/uploads\/2023\/11\/kaizendren-logo-head.png","width":336,"height":70,"caption":"Kaizendren"},"image":{"@id":"https:\/\/kaizendren.com\/#\/schema\/logo\/image\/"},"sameAs":["https:\/\/www.facebook.com\/kaizendren","https:\/\/www.instagram.com\/kaizendren","https:\/\/www.tiktok.com\/@kaizendren"]}]}},"_links":{"self":[{"href":"https:\/\/kaizendren.com\/de\/wp-json\/wp\/v2\/pages\/35073","targetHints":{"allow":["GET"]}}],"collection":[{"href":"https:\/\/kaizendren.com\/de\/wp-json\/wp\/v2\/pages"}],"about":[{"href":"https:\/\/kaizendren.com\/de\/wp-json\/wp\/v2\/types\/page"}],"author":[{"embeddable":true,"href":"https:\/\/kaizendren.com\/de\/wp-json\/wp\/v2\/users\/1"}],"replies":[{"embeddable":true,"href":"https:\/\/kaizendren.com\/de\/wp-json\/wp\/v2\/comments?post=35073"}],"version-history":[{"count":2,"href":"https:\/\/kaizendren.com\/de\/wp-json\/wp\/v2\/pages\/35073\/revisions"}],"predecessor-version":[{"id":334564,"href":"https:\/\/kaizendren.com\/de\/wp-json\/wp\/v2\/pages\/35073\/revisions\/334564"}],"up":[{"embeddable":true,"href":"https:\/\/kaizendren.com\/de\/wp-json\/wp\/v2\/pages\/291031"}],"wp:attachment":[{"href":"https:\/\/kaizendren.com\/de\/wp-json\/wp\/v2\/media?parent=35073"}],"curies":[{"name":"wp","href":"https:\/\/api.w.org\/{rel}","templated":true}]}}