{"id":3,"date":"2023-10-25T11:27:08","date_gmt":"2023-10-25T11:27:08","guid":{"rendered":"https:\/\/kaizendren.com\/?page_id=3"},"modified":"2026-02-11T19:52:32","modified_gmt":"2026-02-11T17:52:32","slug":"privacy-policy","status":"publish","type":"page","link":"https:\/\/kaizendren.com\/de\/information\/privacy-policy\/","title":{"rendered":"Datenschutzbestimmungen"},"content":{"rendered":"<h4 class=\"wp-block-heading\">Zug\u00e4nglichkeit von Informationen (Zusammenfassung der Gesetzgebung)<\/h4>\n\n\n\n<p>Der Anbieter verpflichtet sich, dem Kunden stets die folgenden Informationen zur Verf\u00fcgung zu stellen:<br>a) Unternehmensidentit\u00e4t (Name und Sitz des Unternehmens, Registernummer),<br>b) Kontaktinformationen, die es dem Nutzer erm\u00f6glichen, schnell und effizient zu kommunizieren (E-Mail, Telefon),<br>c) wesentliche Merkmale von Waren oder Dienstleistungen (einschlie\u00dflich Kundendienst und Garantien),<br>d) Produktverf\u00fcgbarkeit (jedes Produkt oder jede Dienstleistung, die auf der Website angeboten wird, sollte innerhalb einer angemessenen Zeit verf\u00fcgbar sein),<br>e) Bedingungen f\u00fcr die Lieferung des Produkts oder die Erbringung der Dienstleistung (Art, Ort und Frist der Lieferung),<br>f) Alle Preise m\u00fcssen klar und eindeutig angegeben werden und es muss klar ersichtlich sein, ob sie bereits Steuern und Transportkosten enthalten,<br>g) Art der Zahlung und Lieferung,<br>h) zeitliche G\u00fcltigkeit des Angebots,<br>i) die Frist, innerhalb derer ein R\u00fccktritt vom Vertrag noch m\u00f6glich ist, und die Bedingungen f\u00fcr den R\u00fccktritt; au\u00dferdem auch dar\u00fcber, ob und wie viel es den Kunden kostet, das Produkt zur\u00fcckzugeben,<br>j) Erl\u00e4uterung des Beschwerdeverfahrens, einschlie\u00dflich aller Informationen \u00fcber die Kontaktperson oder die Kundendienstabteilung.<br>Mit der Best\u00e4tigung der Bestellung erkl\u00e4rt sich jeder K\u00e4ufer mit den Gesch\u00e4fts- und Nutzungsbedingungen einverstanden.<\/p>\n\n\n\n<h4 class=\"wp-block-heading\">Kontakt<\/h4>\n\n\n\n<p>Wenn Sie Informationen oder Hilfe zu Online-Angeboten, Bestellungen, Online-Lieferungen, zur Nutzung der Website oder zur R\u00fccksendung von Waren ben\u00f6tigen, k\u00f6nnen Sie uns \u00fcber die E-Mail-Adresse info@kaizendren.com oder unter der Nummer +370 000 0000 kontaktieren.<\/p>\n\n\n\n<h4 class=\"wp-block-heading\">Vertrag - Bestellung<\/h4>\n\n\n\n<p>Der Kaufvertrag zwischen dem Anbieter und dem K\u00e4ufer kommt in dem Moment zustande, in dem der Anbieter die Bestellung best\u00e4tigt und der K\u00e4ufer eine E-Mail erh\u00e4lt. Von diesem Zeitpunkt an sind alle Preise und sonstigen Bedingungen festgelegt und gelten sowohl f\u00fcr den Anbieter als auch f\u00fcr den K\u00e4ufer. Mit der Best\u00e4tigung des Kaufs akzeptiert der K\u00e4ufer die allgemeinen Bedingungen. Der zwischen dem Anbieter und dem Nutzer geschlossene Vertrag wird dauerhaft am Sitz von Kaizendren MB oder auf einem ordnungsgem\u00e4\u00df gesicherten Remote-Server des Anbieters gespeichert. Der Nutzer kann eine Kopie erhalten, indem er eine E-Mail an info@kaizendren.com anfordert. Der K\u00e4ufer erh\u00e4lt eine Kopie des Vertrages (Bestellung) an seine E-Mail-Adresse, nachdem er die Bestellung aufgegeben hat.<\/p>\n\n\n\n<h4 class=\"wp-block-heading\">Preise der Produkte<\/h4>\n\n\n\n<p>Die Produktpreise sind in Euro angegeben und gelten f\u00fcr den Tag der Bestellung. Die Preise enthalten die Mehrwertsteuer, da der Anbieter umsatzsteuerpflichtig ist. Wir behalten uns das Recht vor, die Preise ohne vorherige Ank\u00fcndigung zu \u00e4ndern. Wenn der Kunde die Bestellung im Online-Shop best\u00e4tigt, gelten die zum Zeitpunkt der Bestellung ver\u00f6ffentlichten Preise. Die Preise sind im Online-Shop entsprechend gekennzeichnet und gelten f\u00fcr alle Kunden. Die Lieferkosten sind nicht im Produktpreis enthalten.<\/p>\n\n\n\n<h4 class=\"wp-block-heading\">Promo-Codes<\/h4>\n\n\n\n<p>Bedingungen der Zusammenarbeit:<\/p>\n\n\n\n<ol class=\"wp-block-list\">\n<li>Der Promo-Code ist nicht f\u00fcr das Produkt des Monats g\u00fcltig.<\/li>\n\n\n\n<li>Das Produkt des Monats wird von der Website bestimmt und kann jeden Monat wechseln.<\/li>\n\n\n\n<li>Der Promo-Code kann beim Kauf aller anderen Produkte auf der Website verwendet werden.<\/li>\n\n\n\n<li>Der Promo-Code ist f\u00fcr eine einmalige Nutzung pro Einkauf g\u00fcltig.<\/li>\n\n\n\n<li>Der Gutscheincode kann nicht mit anderen Rabatten oder Sonderangeboten kombiniert werden.<\/li>\n\n\n\n<li>Die Website beh\u00e4lt sich das Recht vor, den Promo-Code ohne vorherige Ank\u00fcndigung zu \u00e4ndern oder zu l\u00f6schen.<\/li>\n\n\n\n<li>Der Promo-Code hat keinen Geldwert und kann nicht in Bargeld umgetauscht werden.<\/li>\n<\/ol>\n\n\n\n<h4 class=\"wp-block-heading\">Zahlung<\/h4>\n\n\n\n<p>Der Online-Shop erm\u00f6glicht es Ihnen, f\u00fcr Produkte per Nachnahme und Bank\u00fcberweisung an TRR zu bezahlen. Zusammen mit den Produkten in der Sendung erh\u00e4lt der K\u00e4ufer eine Rechnung mit detaillierten Kosten. Die Zahlung ist nur in einem einzigen Betrag m\u00f6glich.<br><br>- Bei der Nachnahmemethode zahlt der K\u00e4ufer in bar, wenn die Post die Sendung zustellt. Die Nachnahme ist nur m\u00f6glich, wenn die Rechnungsadresse mit der Lieferadresse \u00fcbereinstimmt.<br>- Bei Zahlung per Proforma-Rechnung erh\u00e4lt der K\u00e4ufer innerhalb von drei Tagen eine Proforma-Rechnung an seine E-Mail-Adresse auf der Grundlage der abgeschlossenen Bestellung. Nach Eingang der \u00dcberweisung schickt der Anbieter die bestellten Produkte per Post an den Kunden.<\/p>\n\n\n\n<p>Die Zahlung f\u00fcr bestellte Produkte aus L\u00e4ndern au\u00dferhalb Sloweniens ist ausschlie\u00dflich auf der Grundlage einer direkten Banktransaktion (Vorausrechnung) m\u00f6glich.<\/p>\n\n\n\n<h4 class=\"wp-block-heading\">Rechnung<\/h4>\n\n\n\n<p>Die Rechnung wird bei der Lieferung ausgestellt und liegt dem Produkt bei.<\/p>\n\n\n\n<h4 class=\"wp-block-heading\">Lieferung<\/h4>\n\n\n\n<p>Der Anbieter versendet die bestellte Ware innerhalb von zwei Werktagen nach Eingang der Bestellung (bei Zahlung per Nachnahme) oder innerhalb von zwei Werktagen nach Zahlungseingang (bei \u00dcberweisung an TRR). Die Lieferzeit ist abh\u00e4ngig vom Lieferdienst und kann zwischen einem und f\u00fcnf Werktagen ab dem Tag der Lieferung betragen. Der Vertragspartner f\u00fcr die Zustellung von Paketen ist DPD\/DHL. Beim Kauf von Waren sind die Versandkosten vom K\u00e4ufer zu tragen und betragen 9,99 \u20ac.<\/p>\n\n\n\n<h4 class=\"wp-block-heading\">Das Recht, vom Kauf zur\u00fcckzutreten, die Ware zur\u00fcckzugeben, die Zahlung zu erstatten<\/h4>\n\n\n\n<p>Bevor der Kunde die Bestellung absendet, wird ihm eine Vorschau der Bestellung ge\u00f6ffnet, anhand derer er die von ihm zum Zwecke der Abgabe der Bestellung gemachten Angaben \u00fcberpr\u00fcfen kann. Im Falle einer fehlerhaften Eingabe kann der K\u00e4ufer die Fehler im Warenkorb korrigieren. Wenn die Website die Bestellung nicht abschicken will, kann sie die Eingabe der Bestellung schlie\u00dfen oder verlassen und so die Eingabe und Best\u00e4tigung der Bestellung unterbrechen.<\/p>\n\n\n\n<p>Das Recht, vom Kauf zur\u00fcckzutreten, die Ware zur\u00fcckzugeben, die Zahlung zu erstatten<\/p>\n\n\n\n<p>Der K\u00e4ufer hat das Recht, innerhalb von 14 Tagen nach Erhalt der Ware vom Vertrag bzw. der Bestellung an den Anbieter unter der E-Mail-Adresse info@kaizendren.com zur\u00fcckzutreten, ohne dass es einer Begr\u00fcndung bedarf.<\/p>\n\n\n\n<p>Wenn der K\u00e4ufer die Ware bereits erhalten hat und vom Vertrag zur\u00fccktritt, muss er die Ware innerhalb von 14 Tagen nach Absendung der Mitteilung, dass er vom Vertrag zur\u00fccktritt, unbesch\u00e4digt und in gleicher Menge an den Anbieter\/das Unternehmen zur\u00fccksenden. Die einzigen Kosten, die dem K\u00e4ufer im Zusammenhang mit dem R\u00fccktritt vom Vertrag in Rechnung gestellt werden, sind die Kosten f\u00fcr die R\u00fccksendung der Waren.<\/p>\n\n\n\n<p>Das Formular f\u00fcr den R\u00fccktritt vom Artikelvertrag steht dem Nutzer hier zur Verf\u00fcgung.<\/p>\n\n\n\n<p>Der K\u00e4ufer muss die erhaltene Ware unbesch\u00e4digt und unver\u00e4ndert zur\u00fccksenden, es sei denn, die Ware ist ohne Verschulden des K\u00e4ufers besch\u00e4digt.<\/p>\n\n\n\n<p>Wir erstatten dem K\u00e4ufer die geleisteten Zahlungen so schnell wie m\u00f6glich, sp\u00e4testens jedoch 14 Tage nach Erhalt der Mitteilung \u00fcber den R\u00fccktritt vom Vertrag. Das Unternehmen erstattet dem K\u00e4ufer die erhaltenen Zahlungen mit demselben Zahlungsmittel, das der K\u00e4ufer verwendet hat (in der Regel durch Zahlung auf ein Transaktionskonto), es sei denn, der Verbraucher hat ausdr\u00fccklich die Verwendung eines anderen Zahlungsmittels gew\u00fcnscht und dem K\u00e4ufer entstehen dadurch keine Kosten.<\/p>\n\n\n\n<p>Gem\u00e4\u00df Absatz 5 des Artikels 43 des Verbraucherschutzgesetzes hat der K\u00e4ufer kein Recht, vom Vertrag (Kauf) zur\u00fcckzutreten, wenn es sich um ein Produkt handelt, das nach den genauen Anweisungen des K\u00e4ufers hergestellt und an seine pers\u00f6nlichen Bed\u00fcrfnisse angepasst wurde.<\/p>\n\n\n\n<h4 class=\"wp-block-heading\">Beanstandungen<\/h4>\n\n\n\n<p>Der Anbieter ist bestrebt, die beste Produktqualit\u00e4t zu gew\u00e4hrleisten. Wenn es dennoch vorkommt, dass das vom K\u00e4ufer erhaltene Produkt einen Mangel hat, informiert er den Anbieter dar\u00fcber per E-Mail, der den K\u00e4ufer \u00fcber den Prozess der L\u00f6sung der Reklamation informiert. Der Anbieter beh\u00e4lt sich das Recht vor, die Reklamation abzulehnen, wenn die Unbrauchbarkeit der Ware oder die Besch\u00e4digung durch falsches Verhalten des K\u00e4ufers verursacht wurde.<\/p>\n\n\n\n<h4 class=\"wp-block-heading\">Ein sachlicher Fehler<\/h4>\n\n\n\n<p>Der Verbraucher kann seine Rechte aus einem Sachmangel geltend machen, wenn er den Verk\u00e4ufer innerhalb von zwei Monaten ab dem Tag, an dem der Mangel entdeckt wurde, \u00fcber den Mangel informiert. Der Verbraucher muss den Mangel in der M\u00e4ngelanzeige genau beschreiben und dem Verk\u00e4ufer die M\u00f6glichkeit geben, die Sache zu \u00fcberpr\u00fcfen.<\/p>\n\n\n\n<p>Der Verk\u00e4ufer haftet nicht f\u00fcr Sachm\u00e4ngel der Ware, die sich erst nach Ablauf von zwei Jahren seit der Lieferung zeigen. Es wird davon ausgegangen, dass ein Mangel an der Ware zum Zeitpunkt der Lieferung bereits vorhanden war, wenn er innerhalb von sechs Monaten nach der Lieferung auftritt.<\/p>\n\n\n\n<p>Der Verbraucher, der den Verk\u00e4ufer ordnungsgem\u00e4\u00df \u00fcber den Irrtum informiert hat, hat das Recht, vom Verk\u00e4ufer zu verlangen, dass:<\/p>\n\n\n\n<p>den Mangel an der Ware zu beheben oder einen Teil des gezahlten Betrags im Verh\u00e4ltnis zum Mangel zur\u00fcckzuerstatten oder<\/p>\n\n\n\n<p>die mangelhafte Ware durch eine neue, einwandfreie ersetzt oder<\/p>\n\n\n\n<p>gibt den gezahlten Betrag zur\u00fcck.<\/p>\n\n\n\n<h4 class=\"wp-block-heading\">Kommunikation<\/h4>\n\n\n\n<p>Der Anbieter wird den Nutzer \u00fcber Fernkommunikationsmittel kontaktieren, wenn der Nutzer dem nicht ausdr\u00fccklich widerspricht. Die Werbe-E-Mails enthalten die folgenden Bestandteile:<br>&#8211; The sender will be clearly visible.<br>&#8211; They will be clearly and unambiguously marked as advertising messages.<br>&#8211; Various campaigns, promotions and other marketing techniques will be marked as such. Also, the conditions of participation in them will be clearly defined.<br>&#8211; The way to unsubscribe from receiving advertising messages will be clearly presented.<br>&#8211; The provider will expressly respect the user\u2019s wish not to receive advertising messages.<br>&#8211; The same conditions as in our E-shop apply to sales over the phone. A fast and safe purchase is also ensured.<\/p>\n\n\n\n<h4 class=\"wp-block-heading\">Schutz von personenbezogenen Daten<\/h4>\n\n\n\n<p>Die vom K\u00e4ufer zur Verf\u00fcgung gestellten Informationen sind streng vertraulich und werden in \u00dcbereinstimmung mit dem Gesetz \u00fcber den Schutz personenbezogener Daten (Amtsblatt der RS Nr. 59\/1999, 57\/2001, 59\/2001-revidiert) und dem Verbraucherschutzgesetz - ZVPot-UPB1 (offizieller konsolidierter Text - Amtsblatt der RS, Nr. 14\/03) behandelt. Der Anbieter verpflichtet sich, alle pers\u00f6nlichen Daten des Nutzers dauerhaft zu sch\u00fctzen. Der Anbieter wird die personenbezogenen Daten ausschlie\u00dflich zum Zweck der Erf\u00fcllung der Bestellung (Zusendung von Informationsmaterial, Angeboten, Rechnungen) und anderer Kommunikation verwenden. Unter keinen Umst\u00e4nden werden die Daten des Nutzers an Unbefugte weitergegeben. Der Nutzer ist auch f\u00fcr den Schutz der pers\u00f6nlichen Daten verantwortlich, indem er f\u00fcr die Sicherheit und den Schutz seines Benutzernamens und seines Passworts sorgt.<\/p>\n\n\n\n<h4 class=\"wp-block-heading\">Reklamationen und Streitigkeiten<\/h4>\n\n\n\n<p>Au\u00dfergerichtliche Beilegung von Verbraucherrechtsstreitigkeiten<\/p>\n\n\n\n<p>In \u00dcbereinstimmung mit den gesetzlichen Normen erkennt Kaizendren MB. keinen Anbieter f\u00fcr die au\u00dfergerichtliche Beilegung von Verbraucherstreitigkeiten als zust\u00e4ndig f\u00fcr die Beilegung einer Verbraucherstreitigkeit an, die der Verbraucher gem\u00e4\u00df dem Gesetz \u00fcber die au\u00dfergerichtliche Beilegung von Verbraucherstreitigkeiten einleiten k\u00f6nnte.<\/p>\n\n\n\n<p>Kaizendren MB, das als Anbieter von Waren und Dienstleistungen den Online-Handel auf dem Gebiet der Republik Slowenien erleichtert, ver\u00f6ffentlicht auf seiner Website einen elektronischen Link zur Plattform f\u00fcr die Online-Beilegung von Verbraucherstreitigkeiten (SRPS). Die Plattform ist f\u00fcr Verbraucher hier zug\u00e4nglich.<\/p>\n\n\n\n<figure class=\"wp-block-embed\"><div class=\"wp-block-embed__wrapper\">\nhttps:\/\/ec.europa.eu\/consumers\/odr\/main\/index.cfm?event=main.home.chooseLanguage\n<\/div><\/figure>\n\n\n\n<p>Die vorgenannte Regelung ergibt sich aus dem Gesetz \u00fcber die au\u00dfergerichtliche Beilegung von Verbraucherrechtsstreitigkeiten, der Verordnung (EU) Nr. 524\/2013 des Europ\u00e4ischen Parlaments und des Rates \u00fcber die Online-Beilegung verbraucherrechtlicher Streitigkeiten und zur \u00c4nderung der Verordnung (EG) Nr. 2016\/2004 und der Richtlinie 2009\/22\/EG.<\/p>\n\n\n\n<p>Bei Beschwerden oder Beanstandungen kontaktieren Sie uns per E-Mail info@kaizendren.com oder rufen Sie uns an unter +370 000 0000<\/p>\n\n\n\n<h4 class=\"wp-block-heading\">Verhaltenskodex<\/h4>\n\n\n\n<p>Der Anbieter hat sich hohe interne Standards f\u00fcr die Bearbeitung von Bestellungen, R\u00fccksendungen und Kundenreklamationen gesetzt und bem\u00fcht sich, die geltenden Verbraucheranforderungen und gesetzlichen Vorschriften so weit wie m\u00f6glich zu befolgen. In \u00dcbereinstimmung mit Artikel 7, 6. Spiegelstrich des Gesetzes \u00fcber den elektronischen Gesch\u00e4ftsverkehr auf dem Markt (ZEPT) erkl\u00e4rt er, dass er den Verhaltenskodex f\u00fcr Online-H\u00e4ndler nicht unterzeichnet hat.<\/p>\n\n\n\n<h4 class=\"wp-block-heading\">Schutz des Urheberrechts<\/h4>\n\n\n\n<p>Alle Inhalte auf der Website kaizendren.com sowie auf deren Unterseiten, einschlie\u00dflich Bild- und Videomaterial, sind durch das Urheberrechtsgesetz gesch\u00fctzt und Eigentum des Anbieters. Der Anbieter gestattet die Nutzung von Bild- und Videomaterial f\u00fcr den pers\u00f6nlichen Gebrauch in sozialen Netzwerken, Blogs und Fotogalerien mit Quellenangabe.<\/p>\n\n\n\n<h4 class=\"wp-block-heading\">Erl\u00e4uterung<\/h4>\n\n\n\n<p>Alle Informationen k\u00f6nnen ohne vorherige Ank\u00fcndigung ge\u00e4ndert werden, und auch der Anbieter kann diese Bedingungen ohne vorherige Ank\u00fcndigung \u00e4ndern. Wenn Sie zus\u00e4tzliche Erkl\u00e4rungen zu den allgemeinen Bedingungen der Zusammenarbeit ben\u00f6tigen, k\u00f6nnen Sie uns kontaktieren.<\/p>\n\n\n\n<h4 class=\"wp-block-heading\">Gesch\u00e4ftliche Informationen:<\/h4>\n\n\n\n<p>MB KAIZENDREN<br>Phone:\u00a0+370 683 16126<br>E-Mail:\u00a0<a href=\"mailto:info@kaizendren.com\">info@kaizendren.com<\/a><br>Zulassungsnummer: 306556918<\/p>","protected":false},"excerpt":{"rendered":"<p>Accessibility of information (summary of legislation) The provider undertakes to always provide the customer with the following information:a) company identity<\/p>","protected":false},"author":1,"featured_media":0,"parent":291031,"menu_order":0,"comment_status":"closed","ping_status":"open","template":"","meta":{"footnotes":""},"class_list":["post-3","page","type-page","status-publish","hentry"],"yoast_head":"<!-- This site is optimized with the Yoast SEO plugin v27.4 - https:\/\/yoast.com\/product\/yoast-seo-wordpress\/ -->\n<title>Privacy policy - Kaizendren<\/title>\n<meta name=\"robots\" content=\"index, follow, max-snippet:-1, max-image-preview:large, max-video-preview:-1\" \/>\n<link rel=\"canonical\" href=\"https:\/\/kaizendren.com\/de\/informationen\/privacy-policy\/\" \/>\n<meta property=\"og:locale\" content=\"de_DE\" \/>\n<meta property=\"og:type\" content=\"article\" \/>\n<meta property=\"og:title\" content=\"Privacy policy - Kaizendren\" \/>\n<meta property=\"og:description\" content=\"Accessibility of information (summary of legislation) The provider undertakes to always provide the customer with the following information:a) company identity\" \/>\n<meta property=\"og:url\" content=\"https:\/\/kaizendren.com\/de\/informationen\/privacy-policy\/\" \/>\n<meta property=\"og:site_name\" content=\"Kaizendren\" \/>\n<meta property=\"article:publisher\" content=\"https:\/\/www.facebook.com\/kaizendren\" \/>\n<meta property=\"article:modified_time\" content=\"2026-02-11T17:52:32+00:00\" \/>\n<meta property=\"og:image\" content=\"https:\/\/kaizendren.com\/wp-content\/uploads\/2023\/11\/insta-1.jpg\" \/>\n\t<meta property=\"og:image:width\" content=\"700\" \/>\n\t<meta property=\"og:image:height\" content=\"700\" \/>\n\t<meta property=\"og:image:type\" content=\"image\/jpeg\" \/>\n<meta name=\"twitter:card\" content=\"summary_large_image\" \/>\n<meta name=\"twitter:label1\" content=\"Gesch\u00e4tzte Lesezeit\" \/>\n\t<meta name=\"twitter:data1\" content=\"9\u00a0Minuten\" \/>\n<script type=\"application\/ld+json\" class=\"yoast-schema-graph\">{\"@context\":\"https:\\\/\\\/schema.org\",\"@graph\":[{\"@type\":\"WebPage\",\"@id\":\"https:\\\/\\\/kaizendren.com\\\/information\\\/privacy-policy\\\/\",\"url\":\"https:\\\/\\\/kaizendren.com\\\/information\\\/privacy-policy\\\/\",\"name\":\"Privacy policy - Kaizendren\",\"isPartOf\":{\"@id\":\"https:\\\/\\\/kaizendren.com\\\/#website\"},\"datePublished\":\"2023-10-25T11:27:08+00:00\",\"dateModified\":\"2026-02-11T17:52:32+00:00\",\"breadcrumb\":{\"@id\":\"https:\\\/\\\/kaizendren.com\\\/information\\\/privacy-policy\\\/#breadcrumb\"},\"inLanguage\":\"de\",\"potentialAction\":[{\"@type\":\"ReadAction\",\"target\":[\"https:\\\/\\\/kaizendren.com\\\/information\\\/privacy-policy\\\/\"]}]},{\"@type\":\"BreadcrumbList\",\"@id\":\"https:\\\/\\\/kaizendren.com\\\/information\\\/privacy-policy\\\/#breadcrumb\",\"itemListElement\":[{\"@type\":\"ListItem\",\"position\":1,\"name\":\"Home\",\"item\":\"https:\\\/\\\/kaizendren.com\\\/\"},{\"@type\":\"ListItem\",\"position\":2,\"name\":\"Information\",\"item\":\"https:\\\/\\\/kaizendren.com\\\/information\\\/\"},{\"@type\":\"ListItem\",\"position\":3,\"name\":\"Privacy policy\"}]},{\"@type\":\"WebSite\",\"@id\":\"https:\\\/\\\/kaizendren.com\\\/#website\",\"url\":\"https:\\\/\\\/kaizendren.com\\\/\",\"name\":\"Kaizendren\",\"description\":\"Our Focus Is Your Health, Relaxation And Recovery\",\"publisher\":{\"@id\":\"https:\\\/\\\/kaizendren.com\\\/#organization\"},\"potentialAction\":[{\"@type\":\"SearchAction\",\"target\":{\"@type\":\"EntryPoint\",\"urlTemplate\":\"https:\\\/\\\/kaizendren.com\\\/?s={search_term_string}\"},\"query-input\":{\"@type\":\"PropertyValueSpecification\",\"valueRequired\":true,\"valueName\":\"search_term_string\"}}],\"inLanguage\":\"de\"},{\"@type\":\"Organization\",\"@id\":\"https:\\\/\\\/kaizendren.com\\\/#organization\",\"name\":\"Kaizendren\",\"url\":\"https:\\\/\\\/kaizendren.com\\\/\",\"logo\":{\"@type\":\"ImageObject\",\"inLanguage\":\"de\",\"@id\":\"https:\\\/\\\/kaizendren.com\\\/#\\\/schema\\\/logo\\\/image\\\/\",\"url\":\"https:\\\/\\\/kaizendren.com\\\/wp-content\\\/uploads\\\/2023\\\/11\\\/kaizendren-logo-head.png\",\"contentUrl\":\"https:\\\/\\\/kaizendren.com\\\/wp-content\\\/uploads\\\/2023\\\/11\\\/kaizendren-logo-head.png\",\"width\":336,\"height\":70,\"caption\":\"Kaizendren\"},\"image\":{\"@id\":\"https:\\\/\\\/kaizendren.com\\\/#\\\/schema\\\/logo\\\/image\\\/\"},\"sameAs\":[\"https:\\\/\\\/www.facebook.com\\\/kaizendren\",\"https:\\\/\\\/www.instagram.com\\\/kaizendren\",\"https:\\\/\\\/www.tiktok.com\\\/@kaizendren\"]}]}<\/script>\n<!-- \/ Yoast SEO plugin. -->","yoast_head_json":{"title":"Privacy policy - Kaizendren","robots":{"index":"index","follow":"follow","max-snippet":"max-snippet:-1","max-image-preview":"max-image-preview:large","max-video-preview":"max-video-preview:-1"},"canonical":"https:\/\/kaizendren.com\/de\/informationen\/privacy-policy\/","og_locale":"de_DE","og_type":"article","og_title":"Privacy policy - Kaizendren","og_description":"Accessibility of information (summary of legislation) The provider undertakes to always provide the customer with the following information:a) company identity","og_url":"https:\/\/kaizendren.com\/de\/informationen\/privacy-policy\/","og_site_name":"Kaizendren","article_publisher":"https:\/\/www.facebook.com\/kaizendren","article_modified_time":"2026-02-11T17:52:32+00:00","og_image":[{"width":700,"height":700,"url":"https:\/\/kaizendren.com\/wp-content\/uploads\/2023\/11\/insta-1.jpg","type":"image\/jpeg"}],"twitter_card":"summary_large_image","twitter_misc":{"Gesch\u00e4tzte Lesezeit":"9\u00a0Minuten"},"schema":{"@context":"https:\/\/schema.org","@graph":[{"@type":"WebPage","@id":"https:\/\/kaizendren.com\/information\/privacy-policy\/","url":"https:\/\/kaizendren.com\/information\/privacy-policy\/","name":"Privacy policy - Kaizendren","isPartOf":{"@id":"https:\/\/kaizendren.com\/#website"},"datePublished":"2023-10-25T11:27:08+00:00","dateModified":"2026-02-11T17:52:32+00:00","breadcrumb":{"@id":"https:\/\/kaizendren.com\/information\/privacy-policy\/#breadcrumb"},"inLanguage":"de","potentialAction":[{"@type":"ReadAction","target":["https:\/\/kaizendren.com\/information\/privacy-policy\/"]}]},{"@type":"BreadcrumbList","@id":"https:\/\/kaizendren.com\/information\/privacy-policy\/#breadcrumb","itemListElement":[{"@type":"ListItem","position":1,"name":"Home","item":"https:\/\/kaizendren.com\/"},{"@type":"ListItem","position":2,"name":"Information","item":"https:\/\/kaizendren.com\/information\/"},{"@type":"ListItem","position":3,"name":"Privacy policy"}]},{"@type":"WebSite","@id":"https:\/\/kaizendren.com\/#website","url":"https:\/\/kaizendren.com\/","name":"Kaizendren","description":"Unser Fokus ist Ihre Gesundheit, Entspannung und Erholung","publisher":{"@id":"https:\/\/kaizendren.com\/#organization"},"potentialAction":[{"@type":"SearchAction","target":{"@type":"EntryPoint","urlTemplate":"https:\/\/kaizendren.com\/?s={search_term_string}"},"query-input":{"@type":"PropertyValueSpecification","valueRequired":true,"valueName":"search_term_string"}}],"inLanguage":"de"},{"@type":"Organization","@id":"https:\/\/kaizendren.com\/#organization","name":"Kaizendren","url":"https:\/\/kaizendren.com\/","logo":{"@type":"ImageObject","inLanguage":"de","@id":"https:\/\/kaizendren.com\/#\/schema\/logo\/image\/","url":"https:\/\/kaizendren.com\/wp-content\/uploads\/2023\/11\/kaizendren-logo-head.png","contentUrl":"https:\/\/kaizendren.com\/wp-content\/uploads\/2023\/11\/kaizendren-logo-head.png","width":336,"height":70,"caption":"Kaizendren"},"image":{"@id":"https:\/\/kaizendren.com\/#\/schema\/logo\/image\/"},"sameAs":["https:\/\/www.facebook.com\/kaizendren","https:\/\/www.instagram.com\/kaizendren","https:\/\/www.tiktok.com\/@kaizendren"]}]}},"_links":{"self":[{"href":"https:\/\/kaizendren.com\/de\/wp-json\/wp\/v2\/pages\/3","targetHints":{"allow":["GET"]}}],"collection":[{"href":"https:\/\/kaizendren.com\/de\/wp-json\/wp\/v2\/pages"}],"about":[{"href":"https:\/\/kaizendren.com\/de\/wp-json\/wp\/v2\/types\/page"}],"author":[{"embeddable":true,"href":"https:\/\/kaizendren.com\/de\/wp-json\/wp\/v2\/users\/1"}],"replies":[{"embeddable":true,"href":"https:\/\/kaizendren.com\/de\/wp-json\/wp\/v2\/comments?post=3"}],"version-history":[{"count":4,"href":"https:\/\/kaizendren.com\/de\/wp-json\/wp\/v2\/pages\/3\/revisions"}],"predecessor-version":[{"id":334605,"href":"https:\/\/kaizendren.com\/de\/wp-json\/wp\/v2\/pages\/3\/revisions\/334605"}],"up":[{"embeddable":true,"href":"https:\/\/kaizendren.com\/de\/wp-json\/wp\/v2\/pages\/291031"}],"wp:attachment":[{"href":"https:\/\/kaizendren.com\/de\/wp-json\/wp\/v2\/media?parent=3"}],"curies":[{"name":"wp","href":"https:\/\/api.w.org\/{rel}","templated":true}]}}