{"id":19,"date":"2023-11-22T16:18:07","date_gmt":"2023-11-22T14:18:07","guid":{"rendered":"https:\/\/kaizendren.com\/?page_id=19"},"modified":"2026-02-11T19:45:52","modified_gmt":"2026-02-11T17:45:52","slug":"ruckgabepolitik","status":"publish","type":"page","link":"https:\/\/kaizendren.com\/de\/information\/return-policy\/","title":{"rendered":"R\u00fcckgaberecht"},"content":{"rendered":"<h4 class=\"wp-block-heading\">30-t\u00e4gige R\u00fcckgabefrist f\u00fcr fehlerhafte Waren:<\/h4>\n\n\n\n<p>Wir sind von der Qualit\u00e4t unserer Produkte \u00fcberzeugt, und wenn Sie einen fehlerhaften Artikel erhalten, bieten wir ein problemloses R\u00fcckgabeverfahren. Sie haben 30 Tage ab dem Empfangsdatum Zeit, um ein Produkt zur\u00fcckzugeben, das aufgrund von Herstellungsfehlern als fehlerhaft oder defekt angesehen wird.<\/p>\n\n\n\n<p><p>Produkte, die unsachgem\u00e4\u00dfem Gebrauch, versehentlicher Besch\u00e4digung, unsachgem\u00e4\u00dfer Handhabung oder Missachtung der Produktpflegeanweisungen ausgesetzt waren, sind von der R\u00fcckgabe gem\u00e4\u00df dieser Richtlinie ausgeschlossen. R\u00fccksendungen werden nur f\u00fcr Eink\u00e4ufe akzeptiert, die online auf kaizendren.com oder gleichwertigen Subdomains get\u00e4tigt wurden, und werden nicht f\u00fcr Artikel akzeptiert, die bei Drittanbietern gekauft wurden.<\/p>\n<p>Um eine R\u00fcckerstattung f\u00fcr einen Artikel ohne M\u00e4ngel zu erhalten, muss der Artikel unbenutzt sein und sich in demselben Zustand befinden, in dem Sie ihn erhalten haben. Das Produkt sollte auch in der Originalverpackung mit allen Etiketten und Anh\u00e4ngern sein.<\/p><\/p>\n\n\n\n<h4 class=\"wp-block-heading\">R\u00fcckgabeverfahren:<\/h4>\n\n\n\n<p>Bitte kontaktieren Sie unseren Kundendienst unter info@kaizendren.com, um eine R\u00fccksendung einzuleiten. Sie m\u00fcssen Informationen zu Ihrer Bestellung angeben, wie z. B. die Bestellnummer und eine klare Erkl\u00e4rung des Problems. Wir helfen Ihnen bei der R\u00fcckgabe und sagen Ihnen, was Sie als n\u00e4chstes tun m\u00fcssen.<\/p>\n\n\n\n<h4 class=\"wp-block-heading\">R\u00fccksendekosten:<\/h4>\n\n\n\n<p>Nachdem das Produkt geliefert wurde, k\u00f6nnen wir Ihnen keine Versandkosten mehr erstatten. F\u00fcr fehlerhafte Waren, die innerhalb der ersten 30 Tage zur\u00fcckgeschickt werden, \u00fcbernehmen wir die Kosten f\u00fcr die R\u00fccksendung innerhalb der Europ\u00e4ischen Union. Wenn Sie jedoch ein Produkt zur\u00fcckgeben m\u00f6chten, das Sie nicht benutzt haben, weil Sie Ihre Meinung ge\u00e4ndert haben, m\u00fcssen Sie die Kosten f\u00fcr die R\u00fccksendung selbst tragen.<\/p>\n\n\n\n<h4 class=\"wp-block-heading\">Fehlgeschlagene oder fehlende Lieferung:<\/h4>\n\n\n\n<p>Das Paket wird auf Kosten des Kunden an den Absender (Kaizendren) zur\u00fcckgeschickt, wenn die Zustellung des Pakets an die angegebene Lieferadresse durch mangelnde Mitwirkung des Kunden verhindert wird (falsche oder fehlerhafte Lieferadresse, abwesender Empf\u00e4nger, usw.).<\/p>\n\n\n\n<h4 class=\"wp-block-heading\">Inspektion und Erstattung\/Ersatz:<\/h4>\n\n\n\n<p>Wenn wir das Produkt zur\u00fcckerhalten, wird unser qualifiziertes Team \u00fcberpr\u00fcfen, ob das von Ihnen gemeldete Problem vorliegt. Wenn wir feststellen, dass das Produkt fehlerhaft ist, tun wir das, worum Sie gebeten haben: Entweder erstatten wir Ihnen das Geld oder wir schicken Ihnen ein Ersatzprodukt. Dieser Vorgang kann bis zu 7 Tage in Anspruch nehmen.<\/p>\n\n\n\n<h4 class=\"wp-block-heading\">Sch\u00e4den und Probleme:<\/h4>\n\n\n\n<p>Stellen Sie sicher, dass Sie alle Teile \u00fcberpr\u00fcfen, wenn Sie Ihre Kaizendren-Produkte \u00f6ffnen. Wenn Sie etwas kaputt, fehlend oder besch\u00e4digt finden, lassen Sie es uns so schnell wie m\u00f6glich wissen und wir werden es f\u00fcr Sie reparieren.<\/p>\n\n\n\n<p>Sie haben ab dem Tag, an dem Sie die Bestellung erhalten haben, 10 Tage Zeit, um Ersatzanfragen an info@kaizendren.com zu senden. Wir akzeptieren nur Ersatzanfragen f\u00fcr Herstellungsfehler, gebrochene und fehlende Teile. Wir gehen davon aus, dass alle geringf\u00fcgigen Sch\u00e4den nach den ersten 10 Tagen aufgrund der Beschaffenheit des Produkts normale Abnutzungserscheinungen sind.<\/p>\n\n\n\n<p>Der Schaden muss die Funktionsweise des Produkts beeintr\u00e4chtigen. Wenn das Produkt absichtlich, aus Versehen oder durch Missbrauch besch\u00e4digt wird, haben wir das Recht, den Ersatz abzulehnen.<\/p>","protected":false},"excerpt":{"rendered":"<p>30-t\u00e4giges R\u00fcckgaberecht f\u00fcr fehlerhafte Ware: Wir sind von der Qualit\u00e4t unserer Produkte \u00fcberzeugt, und falls Sie einen fehlerhaften Artikel erhalten, k\u00f6nnen Sie diesen innerhalb von 30 Tagen zur\u00fcckgeben.<\/p>","protected":false},"author":1,"featured_media":0,"parent":291031,"menu_order":0,"comment_status":"closed","ping_status":"closed","template":"","meta":{"footnotes":""},"class_list":["post-19","page","type-page","status-publish","hentry"],"yoast_head":"<!-- This site is optimized with the Yoast SEO plugin v27.4 - https:\/\/yoast.com\/product\/yoast-seo-wordpress\/ -->\n<title>Return policy - Kaizendren<\/title>\n<meta name=\"robots\" content=\"index, follow, max-snippet:-1, max-image-preview:large, max-video-preview:-1\" \/>\n<link rel=\"canonical\" href=\"https:\/\/kaizendren.com\/de\/informationen\/ruckgabepolitik\/\" \/>\n<meta property=\"og:locale\" content=\"de_DE\" \/>\n<meta property=\"og:type\" content=\"article\" \/>\n<meta property=\"og:title\" content=\"Return policy - Kaizendren\" \/>\n<meta property=\"og:description\" content=\"30-day return period for faulty goods: We are confident in the quality of our products, and if you receive a\" \/>\n<meta property=\"og:url\" content=\"https:\/\/kaizendren.com\/de\/informationen\/ruckgabepolitik\/\" \/>\n<meta property=\"og:site_name\" content=\"Kaizendren\" \/>\n<meta property=\"article:publisher\" content=\"https:\/\/www.facebook.com\/kaizendren\" \/>\n<meta property=\"article:modified_time\" content=\"2026-02-11T17:45:52+00:00\" \/>\n<meta property=\"og:image\" content=\"https:\/\/kaizendren.com\/wp-content\/uploads\/2023\/11\/insta-1.jpg\" \/>\n\t<meta property=\"og:image:width\" content=\"700\" \/>\n\t<meta property=\"og:image:height\" content=\"700\" \/>\n\t<meta property=\"og:image:type\" content=\"image\/jpeg\" \/>\n<meta name=\"twitter:card\" content=\"summary_large_image\" \/>\n<meta name=\"twitter:label1\" content=\"Gesch\u00e4tzte Lesezeit\" \/>\n\t<meta name=\"twitter:data1\" content=\"3\u00a0Minuten\" \/>\n<script type=\"application\/ld+json\" class=\"yoast-schema-graph\">{\"@context\":\"https:\\\/\\\/schema.org\",\"@graph\":[{\"@type\":\"WebPage\",\"@id\":\"https:\\\/\\\/kaizendren.com\\\/information\\\/return-policy\\\/\",\"url\":\"https:\\\/\\\/kaizendren.com\\\/information\\\/return-policy\\\/\",\"name\":\"Return policy - Kaizendren\",\"isPartOf\":{\"@id\":\"https:\\\/\\\/kaizendren.com\\\/#website\"},\"datePublished\":\"2023-11-22T14:18:07+00:00\",\"dateModified\":\"2026-02-11T17:45:52+00:00\",\"breadcrumb\":{\"@id\":\"https:\\\/\\\/kaizendren.com\\\/information\\\/return-policy\\\/#breadcrumb\"},\"inLanguage\":\"de\",\"potentialAction\":[{\"@type\":\"ReadAction\",\"target\":[\"https:\\\/\\\/kaizendren.com\\\/information\\\/return-policy\\\/\"]}]},{\"@type\":\"BreadcrumbList\",\"@id\":\"https:\\\/\\\/kaizendren.com\\\/information\\\/return-policy\\\/#breadcrumb\",\"itemListElement\":[{\"@type\":\"ListItem\",\"position\":1,\"name\":\"Home\",\"item\":\"https:\\\/\\\/kaizendren.com\\\/\"},{\"@type\":\"ListItem\",\"position\":2,\"name\":\"Information\",\"item\":\"https:\\\/\\\/kaizendren.com\\\/information\\\/\"},{\"@type\":\"ListItem\",\"position\":3,\"name\":\"Return policy\"}]},{\"@type\":\"WebSite\",\"@id\":\"https:\\\/\\\/kaizendren.com\\\/#website\",\"url\":\"https:\\\/\\\/kaizendren.com\\\/\",\"name\":\"Kaizendren\",\"description\":\"Our Focus Is Your Health, Relaxation And Recovery\",\"publisher\":{\"@id\":\"https:\\\/\\\/kaizendren.com\\\/#organization\"},\"potentialAction\":[{\"@type\":\"SearchAction\",\"target\":{\"@type\":\"EntryPoint\",\"urlTemplate\":\"https:\\\/\\\/kaizendren.com\\\/?s={search_term_string}\"},\"query-input\":{\"@type\":\"PropertyValueSpecification\",\"valueRequired\":true,\"valueName\":\"search_term_string\"}}],\"inLanguage\":\"de\"},{\"@type\":\"Organization\",\"@id\":\"https:\\\/\\\/kaizendren.com\\\/#organization\",\"name\":\"Kaizendren\",\"url\":\"https:\\\/\\\/kaizendren.com\\\/\",\"logo\":{\"@type\":\"ImageObject\",\"inLanguage\":\"de\",\"@id\":\"https:\\\/\\\/kaizendren.com\\\/#\\\/schema\\\/logo\\\/image\\\/\",\"url\":\"https:\\\/\\\/kaizendren.com\\\/wp-content\\\/uploads\\\/2023\\\/11\\\/kaizendren-logo-head.png\",\"contentUrl\":\"https:\\\/\\\/kaizendren.com\\\/wp-content\\\/uploads\\\/2023\\\/11\\\/kaizendren-logo-head.png\",\"width\":336,\"height\":70,\"caption\":\"Kaizendren\"},\"image\":{\"@id\":\"https:\\\/\\\/kaizendren.com\\\/#\\\/schema\\\/logo\\\/image\\\/\"},\"sameAs\":[\"https:\\\/\\\/www.facebook.com\\\/kaizendren\",\"https:\\\/\\\/www.instagram.com\\\/kaizendren\",\"https:\\\/\\\/www.tiktok.com\\\/@kaizendren\"]}]}<\/script>\n<!-- \/ Yoast SEO plugin. -->","yoast_head_json":{"title":"R\u00fcckgabebedingungen - Kaizendren","robots":{"index":"index","follow":"follow","max-snippet":"max-snippet:-1","max-image-preview":"max-image-preview:large","max-video-preview":"max-video-preview:-1"},"canonical":"https:\/\/kaizendren.com\/de\/informationen\/ruckgabepolitik\/","og_locale":"de_DE","og_type":"article","og_title":"Return policy - Kaizendren","og_description":"30-day return period for faulty goods: We are confident in the quality of our products, and if you receive a","og_url":"https:\/\/kaizendren.com\/de\/informationen\/ruckgabepolitik\/","og_site_name":"Kaizendren","article_publisher":"https:\/\/www.facebook.com\/kaizendren","article_modified_time":"2026-02-11T17:45:52+00:00","og_image":[{"width":700,"height":700,"url":"https:\/\/kaizendren.com\/wp-content\/uploads\/2023\/11\/insta-1.jpg","type":"image\/jpeg"}],"twitter_card":"summary_large_image","twitter_misc":{"Gesch\u00e4tzte Lesezeit":"3\u00a0Minuten"},"schema":{"@context":"https:\/\/schema.org","@graph":[{"@type":"WebPage","@id":"https:\/\/kaizendren.com\/information\/return-policy\/","url":"https:\/\/kaizendren.com\/information\/return-policy\/","name":"R\u00fcckgabebedingungen - Kaizendren","isPartOf":{"@id":"https:\/\/kaizendren.com\/#website"},"datePublished":"2023-11-22T14:18:07+00:00","dateModified":"2026-02-11T17:45:52+00:00","breadcrumb":{"@id":"https:\/\/kaizendren.com\/information\/return-policy\/#breadcrumb"},"inLanguage":"de","potentialAction":[{"@type":"ReadAction","target":["https:\/\/kaizendren.com\/information\/return-policy\/"]}]},{"@type":"BreadcrumbList","@id":"https:\/\/kaizendren.com\/information\/return-policy\/#breadcrumb","itemListElement":[{"@type":"ListItem","position":1,"name":"Home","item":"https:\/\/kaizendren.com\/"},{"@type":"ListItem","position":2,"name":"Information","item":"https:\/\/kaizendren.com\/information\/"},{"@type":"ListItem","position":3,"name":"Return policy"}]},{"@type":"WebSite","@id":"https:\/\/kaizendren.com\/#website","url":"https:\/\/kaizendren.com\/","name":"Kaizendren","description":"Unser Fokus ist Ihre Gesundheit, Entspannung und Erholung","publisher":{"@id":"https:\/\/kaizendren.com\/#organization"},"potentialAction":[{"@type":"SearchAction","target":{"@type":"EntryPoint","urlTemplate":"https:\/\/kaizendren.com\/?s={search_term_string}"},"query-input":{"@type":"PropertyValueSpecification","valueRequired":true,"valueName":"search_term_string"}}],"inLanguage":"de"},{"@type":"Organization","@id":"https:\/\/kaizendren.com\/#organization","name":"Kaizendren","url":"https:\/\/kaizendren.com\/","logo":{"@type":"ImageObject","inLanguage":"de","@id":"https:\/\/kaizendren.com\/#\/schema\/logo\/image\/","url":"https:\/\/kaizendren.com\/wp-content\/uploads\/2023\/11\/kaizendren-logo-head.png","contentUrl":"https:\/\/kaizendren.com\/wp-content\/uploads\/2023\/11\/kaizendren-logo-head.png","width":336,"height":70,"caption":"Kaizendren"},"image":{"@id":"https:\/\/kaizendren.com\/#\/schema\/logo\/image\/"},"sameAs":["https:\/\/www.facebook.com\/kaizendren","https:\/\/www.instagram.com\/kaizendren","https:\/\/www.tiktok.com\/@kaizendren"]}]}},"_links":{"self":[{"href":"https:\/\/kaizendren.com\/de\/wp-json\/wp\/v2\/pages\/19","targetHints":{"allow":["GET"]}}],"collection":[{"href":"https:\/\/kaizendren.com\/de\/wp-json\/wp\/v2\/pages"}],"about":[{"href":"https:\/\/kaizendren.com\/de\/wp-json\/wp\/v2\/types\/page"}],"author":[{"embeddable":true,"href":"https:\/\/kaizendren.com\/de\/wp-json\/wp\/v2\/users\/1"}],"replies":[{"embeddable":true,"href":"https:\/\/kaizendren.com\/de\/wp-json\/wp\/v2\/comments?post=19"}],"version-history":[{"count":3,"href":"https:\/\/kaizendren.com\/de\/wp-json\/wp\/v2\/pages\/19\/revisions"}],"predecessor-version":[{"id":334580,"href":"https:\/\/kaizendren.com\/de\/wp-json\/wp\/v2\/pages\/19\/revisions\/334580"}],"up":[{"embeddable":true,"href":"https:\/\/kaizendren.com\/de\/wp-json\/wp\/v2\/pages\/291031"}],"wp:attachment":[{"href":"https:\/\/kaizendren.com\/de\/wp-json\/wp\/v2\/media?parent=19"}],"curies":[{"name":"wp","href":"https:\/\/api.w.org\/{rel}","templated":true}]}}