{"id":35073,"date":"2023-12-07T16:03:42","date_gmt":"2023-12-07T14:03:42","guid":{"rendered":"https:\/\/kaizendren.com\/?page_id=35073"},"modified":"2026-02-11T19:29:02","modified_gmt":"2026-02-11T17:29:02","slug":"informace-o-doruceni","status":"publish","type":"page","link":"https:\/\/kaizendren.com\/cz\/information\/delivery-information\/","title":{"rendered":"Informace o dod\u00e1n\u00ed"},"content":{"rendered":"<h4 class=\"wp-block-heading\">Informace:<\/h4>\n\n\n\n<p>V Kaizendren nab\u00edz\u00edme na\u0161im z\u00e1kazn\u00edk\u016fm mo\u017enost doru\u010den\u00ed dom\u016f kur\u00fdrem DPD\/DHL p\u0159i placen\u00ed. Dodac\u00ed lh\u016fty pro jednotliv\u00e9 zem\u011b\/regiony naleznete n\u00ed\u017ee.<\/p>\n\n\n\n<p>Dod\u00e1n\u00ed m\u016f\u017ee trvat 2\u20135 pracovn\u00edch dn\u016f ode dne odesl\u00e1n\u00ed nebo d\u00e9le u mezin\u00e1rodn\u00ed expresn\u00ed p\u0159epravy, v z\u00e1vislosti na p\u0159\u00edpadn\u00fdch probl\u00e9mech nebo zpo\u017ed\u011bn\u00edch ve va\u0161\u00ed zemi. N\u011bkdy mohou dobu dod\u00e1n\u00ed ovlivnit i probl\u00e9my s glob\u00e1ln\u00edm dodavatelsk\u00fdm \u0159et\u011bzcem.<\/p>\n\n\n\n<h4 class=\"wp-block-heading\">Dodac\u00ed lh\u016fta:<\/h4>\n\n\n\n<p>Vezm\u011bte pros\u00edm na v\u011bdom\u00ed, \u017ee dodac\u00ed lh\u016fty se mohou li\u0161it. Aktu\u00e1ln\u00ed mo\u017enosti dopravy a odhadovan\u00e9 dodac\u00ed lh\u016fty jsou n\u00e1sleduj\u00edc\u00ed:<\/p>\n\n\n\n<p>Zem\u011b Evropsk\u00e9 unie: <strong>2\u20135 pracovn\u00edch dn\u016f<\/strong>.<br>Spojen\u00e9 kr\u00e1lovstv\u00ed: <strong>2\u20133 pracovn\u00ed dny<\/strong>.<br>Mimo Evropskou unii: <strong>5\u201314 pracovn\u00edch dn\u016f<\/strong>.<br>Litva: <strong>1\u20132 pracovn\u00ed dny<\/strong>.<br>Loty\u0161sko: <strong>2\u20133 pracovn\u00ed dny<\/strong>.<br>Estonsko: <strong>2\u20133 pracovn\u00ed dny<\/strong>.<br>Polsko: <strong>2\u20133 pracovn\u00ed dny<\/strong>.<br>Finsko: <strong>2\u20135 pracovn\u00edch dn\u016f<\/strong>.<br>Rakousko: <strong>2\u20134 pracovn\u00ed dny<\/strong>.<br>Belgie: <strong>2\u20134 pracovn\u00ed dny<\/strong>.<br>\u010cesk\u00e1 republika: <strong>2\u20134 pracovn\u00ed dny<\/strong>.<br>D\u00e1nsko: <strong>2\u20134 pracovn\u00ed dny<\/strong>.<br>Lucembursko: <strong>2\u20134 pracovn\u00ed dny<\/strong>.<br>Nizozem\u00ed: <strong>2\u20134 pracovn\u00ed dny<\/strong>.<br>Francie: <strong>2\u20134 pracovn\u00ed dny<\/strong>.<br>Slovensko: <strong>2\u20135 pracovn\u00edch dn\u016f<\/strong>.<br>N\u011bmecko: <strong>2\u20134 pracovn\u00ed dny<\/strong>.<br>It\u00e1lie: <strong>3\u20136 pracovn\u00edch dn\u016f<\/strong>.<br>Chorvatsko: <strong>2\u20136 pracovn\u00edch dn\u016f<\/strong>.<br>Slovinsko: <strong>2\u20135 pracovn\u00edch dn\u016f<\/strong>.<br>\u0160v\u00e9dsko: <strong>2\u20135 pracovn\u00edch dn\u016f<\/strong>.<br>Ma\u010farsko: <strong>2\u20134 pracovn\u00ed dny<\/strong>.<br>Irsko: <strong>3\u20136 pracovn\u00edch dn\u016f<\/strong>.<br>Bulharsko: <strong>3\u20136 pracovn\u00edch dn\u016f<\/strong>.<br>\u0158ecko: <strong>3\u20136 pracovn\u00edch dn\u016f<\/strong>.<br>\u0160pan\u011blsko: <strong>3\u20135 pracovn\u00edch dn\u016f<\/strong>.<br>Portugalsko: <strong>3\u20136 pracovn\u00edch dn\u016f<\/strong>.<br>Rumunsko: <strong>2\u20135 pracovn\u00edch dn\u016f<\/strong>.<br>\u0160v\u00fdcarsko: <strong>5\u201312 pracovn\u00edch dn\u016f<\/strong>.<br>Norsko: <strong>5\u201312 pracovn\u00edch dn\u016f<\/strong>.<br>Srbsko: <strong>5\u201312 pracovn\u00edch dn\u016f<\/strong>.<br>Bosna a Hercegovina: <strong>5\u201312 pracovn\u00edch dn\u016f<\/strong>.<br>\u010cern\u00e1 Hora: <strong>5\u201312 pracovn\u00edch dn\u016f<\/strong>.<br>Alb\u00e1nie: <strong>5\u201312 pracovn\u00edch dn\u016f<\/strong>.<br><br><\/p>\n\n\n\n<h4 class=\"wp-block-heading\">Destinace doru\u010den\u00ed:<\/h4>\n\n\n\n<p>Nab\u00edz\u00edme rozvoz z\u00e1silek dom\u016f do t\u011bchto zem\u00ed: Velk\u00e1 Brit\u00e1nie (Spojen\u00e9 kr\u00e1lovstv\u00ed), Litva, Loty\u0161sko, Estonsko, Polsko, Finsko, Rakousko, Belgie, \u010cesk\u00e1 republika, D\u00e1nsko, Lucembursko, Nizozemsko, Francie, Slovensko, N\u011bmecko, It\u00e1lie, Chorvatsko, Slovinsko, \u0160v\u00e9dsko, Ma\u010farsko, Irsko, Bulharsko, \u0158ecko, \u0160pan\u011blsko, Portugalsko, Rumunsko, \u0160v\u00fdcarsko, Norsko, Srbsko, Bosna a Hercegovina, \u010cern\u00e1 Hora, Alb\u00e1nie.<\/p>\n\n\n\n<h4 class=\"wp-block-heading\">Ne\u00fasp\u011b\u0161n\u00e9 nebo chyb\u011bj\u00edc\u00ed doru\u010den\u00ed:<\/h4>\n\n\n\n<p>Bal\u00edk bude vr\u00e1cen odes\u00edlateli (Kaizendren) na n\u00e1klady z\u00e1kazn\u00edka, pokud doru\u010den\u00ed bal\u00edku na uvedenou dodac\u00ed adresu znemo\u017en\u00ed nedostate\u010dn\u00e1 spolupr\u00e1ce z\u00e1kazn\u00edka (nespr\u00e1vn\u00e1 nebo chybn\u00e1 dodac\u00ed adresa, nep\u0159\u00edtomnost p\u0159\u00edjemce atd.).<\/p>\n\n\n\n<h4 class=\"wp-block-heading\">Polo\u017eky nebyly p\u0159ijaty, ale sledov\u00e1n\u00ed ukazuje doru\u010den\u00ed:<\/h4>\n\n\n\n<p>Zbo\u017e\u00ed, kter\u00e9 doru\u010dovac\u00ed slu\u017eba ozna\u010dila jako doru\u010den\u00e9, nevym\u011b\u0148ujeme ani nevrac\u00edme pen\u00edze. Z tohoto d\u016fvodu v\u017edy doporu\u010dujeme zvolit bezpe\u010dn\u00e9 m\u00edsto pro doru\u010den\u00ed va\u0161ich bal\u00edk\u016f. Jakmile z\u00e1silka doraz\u00ed na v\u00e1mi uvedenou adresu, doru\u010dovac\u00ed slu\u017eba ji ozna\u010d\u00ed jako doru\u010denou. Pokud jste objedn\u00e1vku neobdr\u017eeli, ale byla ozna\u010dena jako doru\u010den\u00e1, doporu\u010dujeme zkontrolovat si po\u0161tovn\u00ed schr\u00e1nku, zavolat doru\u010dovac\u00ed slu\u017eb\u011b nebo kontaktovat m\u00edstn\u00ed po\u0161tu.<\/p>\n\n\n\n<h4 class=\"wp-block-heading\">Zam\u00edtnut\u00e9 bal\u00edky celn\u00edmi \u00fa\u0159ady:<\/h4>\n\n\n\n<p>Nevrac\u00edme cla ani dovozn\u00ed poplatky. Ka\u017ed\u00fd z\u00e1kazn\u00edk je povinen uhradit dovozn\u00ed poplatky a dan\u011b sv\u00e9 zem\u011b. Pokud clo neuhrad\u00edte a va\u0161e objedn\u00e1vka bude zasl\u00e1na zp\u011bt k n\u00e1m, vr\u00e1t\u00edme v\u00e1m kupn\u00ed cenu po ode\u010dten\u00ed v\u0161ech po\u0161tovn\u00fdch\/celn\u00edch poplatk\u016f. Zbo\u017e\u00ed mus\u00ed b\u00fdt nepo\u0161kozen\u00e9 a d\u00e1le prodejn\u00e9, aby se vr\u00e1cen\u00ed pen\u011bz uplatnilo. P\u0159esn\u00e1 \u010d\u00e1stka v\u00e1m bude zasl\u00e1na e-mailem, jakmile obdr\u017e\u00edme vr\u00e1cenou \u010d\u00e1stku.<\/p>\n\n\n\n<p>Upozorn\u011bn\u00ed: p\u0159i vr\u00e1cen\u00ed bal\u00edku k n\u00e1m hrad\u00edme po\u0161tovn\u00e9 dvakr\u00e1t. Jednou p\u0159i jeho prvn\u00edm odesl\u00e1n\u00ed a jednou p\u0159i jeho vr\u00e1cen\u00ed. Oba tyto n\u00e1klady na dopravu budou ode\u010dteny od \u010d\u00e1stky, kterou v\u00e1m vr\u00e1t\u00edme.<\/p>","protected":false},"excerpt":{"rendered":"<p>Informace: V Kaizendren nab\u00edz\u00edme na\u0161im z\u00e1kazn\u00edk\u016fm mo\u017enost doru\u010den\u00ed dom\u016f kur\u00fdrem DPD\/DHL. Doru\u010den\u00ed si m\u016f\u017eete prohl\u00e9dnout u pokladny.<\/p>","protected":false},"author":1,"featured_media":0,"parent":291031,"menu_order":0,"comment_status":"closed","ping_status":"closed","template":"","meta":{"footnotes":""},"class_list":["post-35073","page","type-page","status-publish","hentry"],"yoast_head":"<!-- This site is optimized with the Yoast SEO plugin v27.4 - https:\/\/yoast.com\/product\/yoast-seo-wordpress\/ -->\n<title>Delivery information - Kaizendren<\/title>\n<meta name=\"robots\" content=\"index, follow, max-snippet:-1, max-image-preview:large, max-video-preview:-1\" \/>\n<link rel=\"canonical\" href=\"https:\/\/kaizendren.com\/cz\/informace\/informace-o-doruceni\/\" \/>\n<meta property=\"og:locale\" content=\"cs_CZ\" \/>\n<meta property=\"og:type\" content=\"article\" \/>\n<meta property=\"og:title\" content=\"Delivery information - Kaizendren\" \/>\n<meta property=\"og:description\" content=\"Information: At Kaizendren, we offer our customers home delivery options with DPD\/DHL courrier at checkout. You can see the delivery\" \/>\n<meta property=\"og:url\" content=\"https:\/\/kaizendren.com\/cz\/informace\/informace-o-doruceni\/\" \/>\n<meta property=\"og:site_name\" content=\"Kaizendren\" \/>\n<meta property=\"article:publisher\" content=\"https:\/\/www.facebook.com\/kaizendren\" \/>\n<meta property=\"article:modified_time\" content=\"2026-02-11T17:29:02+00:00\" \/>\n<meta property=\"og:image\" content=\"https:\/\/kaizendren.com\/wp-content\/uploads\/2023\/11\/insta-1.jpg\" \/>\n\t<meta property=\"og:image:width\" content=\"700\" \/>\n\t<meta property=\"og:image:height\" content=\"700\" \/>\n\t<meta property=\"og:image:type\" content=\"image\/jpeg\" \/>\n<meta name=\"twitter:card\" content=\"summary_large_image\" \/>\n<meta name=\"twitter:label1\" content=\"Odhadovan\u00e1 doba \u010dten\u00ed\" \/>\n\t<meta name=\"twitter:data1\" content=\"3 minuty\" \/>\n<script type=\"application\/ld+json\" class=\"yoast-schema-graph\">{\"@context\":\"https:\\\/\\\/schema.org\",\"@graph\":[{\"@type\":\"WebPage\",\"@id\":\"https:\\\/\\\/kaizendren.com\\\/information\\\/delivery-information\\\/\",\"url\":\"https:\\\/\\\/kaizendren.com\\\/information\\\/delivery-information\\\/\",\"name\":\"Delivery information - Kaizendren\",\"isPartOf\":{\"@id\":\"https:\\\/\\\/kaizendren.com\\\/#website\"},\"datePublished\":\"2023-12-07T14:03:42+00:00\",\"dateModified\":\"2026-02-11T17:29:02+00:00\",\"breadcrumb\":{\"@id\":\"https:\\\/\\\/kaizendren.com\\\/information\\\/delivery-information\\\/#breadcrumb\"},\"inLanguage\":\"cs\",\"potentialAction\":[{\"@type\":\"ReadAction\",\"target\":[\"https:\\\/\\\/kaizendren.com\\\/information\\\/delivery-information\\\/\"]}]},{\"@type\":\"BreadcrumbList\",\"@id\":\"https:\\\/\\\/kaizendren.com\\\/information\\\/delivery-information\\\/#breadcrumb\",\"itemListElement\":[{\"@type\":\"ListItem\",\"position\":1,\"name\":\"Home\",\"item\":\"https:\\\/\\\/kaizendren.com\\\/\"},{\"@type\":\"ListItem\",\"position\":2,\"name\":\"Information\",\"item\":\"https:\\\/\\\/kaizendren.com\\\/information\\\/\"},{\"@type\":\"ListItem\",\"position\":3,\"name\":\"Delivery information\"}]},{\"@type\":\"WebSite\",\"@id\":\"https:\\\/\\\/kaizendren.com\\\/#website\",\"url\":\"https:\\\/\\\/kaizendren.com\\\/\",\"name\":\"Kaizendren\",\"description\":\"Our Focus Is Your Health, Relaxation And Recovery\",\"publisher\":{\"@id\":\"https:\\\/\\\/kaizendren.com\\\/#organization\"},\"potentialAction\":[{\"@type\":\"SearchAction\",\"target\":{\"@type\":\"EntryPoint\",\"urlTemplate\":\"https:\\\/\\\/kaizendren.com\\\/?s={search_term_string}\"},\"query-input\":{\"@type\":\"PropertyValueSpecification\",\"valueRequired\":true,\"valueName\":\"search_term_string\"}}],\"inLanguage\":\"cs\"},{\"@type\":\"Organization\",\"@id\":\"https:\\\/\\\/kaizendren.com\\\/#organization\",\"name\":\"Kaizendren\",\"url\":\"https:\\\/\\\/kaizendren.com\\\/\",\"logo\":{\"@type\":\"ImageObject\",\"inLanguage\":\"cs\",\"@id\":\"https:\\\/\\\/kaizendren.com\\\/#\\\/schema\\\/logo\\\/image\\\/\",\"url\":\"https:\\\/\\\/kaizendren.com\\\/wp-content\\\/uploads\\\/2023\\\/11\\\/kaizendren-logo-head.png\",\"contentUrl\":\"https:\\\/\\\/kaizendren.com\\\/wp-content\\\/uploads\\\/2023\\\/11\\\/kaizendren-logo-head.png\",\"width\":336,\"height\":70,\"caption\":\"Kaizendren\"},\"image\":{\"@id\":\"https:\\\/\\\/kaizendren.com\\\/#\\\/schema\\\/logo\\\/image\\\/\"},\"sameAs\":[\"https:\\\/\\\/www.facebook.com\\\/kaizendren\",\"https:\\\/\\\/www.instagram.com\\\/kaizendren\",\"https:\\\/\\\/www.tiktok.com\\\/@kaizendren\"]}]}<\/script>\n<!-- \/ Yoast SEO plugin. -->","yoast_head_json":{"title":"Informace o dod\u00e1n\u00ed - Kaizendren","robots":{"index":"index","follow":"follow","max-snippet":"max-snippet:-1","max-image-preview":"max-image-preview:large","max-video-preview":"max-video-preview:-1"},"canonical":"https:\/\/kaizendren.com\/cz\/informace\/informace-o-doruceni\/","og_locale":"cs_CZ","og_type":"article","og_title":"Delivery information - Kaizendren","og_description":"Information: At Kaizendren, we offer our customers home delivery options with DPD\/DHL courrier at checkout. You can see the delivery","og_url":"https:\/\/kaizendren.com\/cz\/informace\/informace-o-doruceni\/","og_site_name":"Kaizendren","article_publisher":"https:\/\/www.facebook.com\/kaizendren","article_modified_time":"2026-02-11T17:29:02+00:00","og_image":[{"width":700,"height":700,"url":"https:\/\/kaizendren.com\/wp-content\/uploads\/2023\/11\/insta-1.jpg","type":"image\/jpeg"}],"twitter_card":"summary_large_image","twitter_misc":{"Odhadovan\u00e1 doba \u010dten\u00ed":"3 minuty"},"schema":{"@context":"https:\/\/schema.org","@graph":[{"@type":"WebPage","@id":"https:\/\/kaizendren.com\/information\/delivery-information\/","url":"https:\/\/kaizendren.com\/information\/delivery-information\/","name":"Informace o dod\u00e1n\u00ed - Kaizendren","isPartOf":{"@id":"https:\/\/kaizendren.com\/#website"},"datePublished":"2023-12-07T14:03:42+00:00","dateModified":"2026-02-11T17:29:02+00:00","breadcrumb":{"@id":"https:\/\/kaizendren.com\/information\/delivery-information\/#breadcrumb"},"inLanguage":"cs","potentialAction":[{"@type":"ReadAction","target":["https:\/\/kaizendren.com\/information\/delivery-information\/"]}]},{"@type":"BreadcrumbList","@id":"https:\/\/kaizendren.com\/information\/delivery-information\/#breadcrumb","itemListElement":[{"@type":"ListItem","position":1,"name":"Home","item":"https:\/\/kaizendren.com\/"},{"@type":"ListItem","position":2,"name":"Information","item":"https:\/\/kaizendren.com\/information\/"},{"@type":"ListItem","position":3,"name":"Delivery information"}]},{"@type":"WebSite","@id":"https:\/\/kaizendren.com\/#website","url":"https:\/\/kaizendren.com\/","name":"Kaizendren","description":"Zam\u011b\u0159ujeme se na va\u0161e zdrav\u00ed, relaxaci a zotaven\u00ed","publisher":{"@id":"https:\/\/kaizendren.com\/#organization"},"potentialAction":[{"@type":"SearchAction","target":{"@type":"EntryPoint","urlTemplate":"https:\/\/kaizendren.com\/?s={search_term_string}"},"query-input":{"@type":"PropertyValueSpecification","valueRequired":true,"valueName":"search_term_string"}}],"inLanguage":"cs"},{"@type":"Organization","@id":"https:\/\/kaizendren.com\/#organization","name":"Kaizendren","url":"https:\/\/kaizendren.com\/","logo":{"@type":"ImageObject","inLanguage":"cs","@id":"https:\/\/kaizendren.com\/#\/schema\/logo\/image\/","url":"https:\/\/kaizendren.com\/wp-content\/uploads\/2023\/11\/kaizendren-logo-head.png","contentUrl":"https:\/\/kaizendren.com\/wp-content\/uploads\/2023\/11\/kaizendren-logo-head.png","width":336,"height":70,"caption":"Kaizendren"},"image":{"@id":"https:\/\/kaizendren.com\/#\/schema\/logo\/image\/"},"sameAs":["https:\/\/www.facebook.com\/kaizendren","https:\/\/www.instagram.com\/kaizendren","https:\/\/www.tiktok.com\/@kaizendren"]}]}},"_links":{"self":[{"href":"https:\/\/kaizendren.com\/cz\/wp-json\/wp\/v2\/pages\/35073","targetHints":{"allow":["GET"]}}],"collection":[{"href":"https:\/\/kaizendren.com\/cz\/wp-json\/wp\/v2\/pages"}],"about":[{"href":"https:\/\/kaizendren.com\/cz\/wp-json\/wp\/v2\/types\/page"}],"author":[{"embeddable":true,"href":"https:\/\/kaizendren.com\/cz\/wp-json\/wp\/v2\/users\/1"}],"replies":[{"embeddable":true,"href":"https:\/\/kaizendren.com\/cz\/wp-json\/wp\/v2\/comments?post=35073"}],"version-history":[{"count":2,"href":"https:\/\/kaizendren.com\/cz\/wp-json\/wp\/v2\/pages\/35073\/revisions"}],"predecessor-version":[{"id":334564,"href":"https:\/\/kaizendren.com\/cz\/wp-json\/wp\/v2\/pages\/35073\/revisions\/334564"}],"up":[{"embeddable":true,"href":"https:\/\/kaizendren.com\/cz\/wp-json\/wp\/v2\/pages\/291031"}],"wp:attachment":[{"href":"https:\/\/kaizendren.com\/cz\/wp-json\/wp\/v2\/media?parent=35073"}],"curies":[{"name":"wp","href":"https:\/\/api.w.org\/{rel}","templated":true}]}}